{"id":7370,"date":"2025-12-26T11:22:11","date_gmt":"2025-12-26T10:22:11","guid":{"rendered":"https:\/\/marielleaupaysdesours.fr\/?post_type=product&#038;p=7370"},"modified":"2026-01-14T12:08:43","modified_gmt":"2026-01-14T11:08:43","slug":"peluche-ours-wilkinson-charlie-bears-collection-our-journey-so-far-2025","status":"publish","type":"product","link":"https:\/\/marielleaupaysdesours.fr\/index.php\/product\/peluche-ours-wilkinson-charlie-bears-collection-our-journey-so-far-2025\/","title":{"rendered":"Peluche Ours Wilkinson &#8211; Charlie Bears &#8211; Collection Our Journey so Far 2025"},"content":{"rendered":"<p data-start=\"277\" data-end=\"1133\">La <strong>Peluche Ours Wilkinson<\/strong> appartient \u00e0 la collection <strong data-start=\"314\" data-end=\"341\">Our Journey So Far 2025<\/strong>, l\u2019une des plus attendues par les collectionneurs de <a href=\"https:\/\/marielleaupaysdesours.fr\/index.php\/peluches-charlie-bears\/\"><strong>Charlie Bears<\/strong><\/a>. Il se distingue par sa magnifique fourrure \u00e0 poils longs, d\u2019une grande douceur, qui lui conf\u00e8re un volume g\u00e9n\u00e9reux et un aspect particuli\u00e8rement chaleureux. Sa texture luxueuse met en valeur son museau plus clair, son nez brod\u00e9 \u00e0 la main et son regard expressif. Wilkinson est un ours attachant, dot\u00e9 d\u2019une silhouette traditionnelle et d\u2019une pr\u00e9sence douce et rassurante. Ses pattes sculpt\u00e9es, orn\u00e9es de d\u00e9tails chatouilleux au niveau des orteils, ajoutent un vrai suppl\u00e9ment de personnalit\u00e9. Enfin, le <strong data-start=\"913\" data-end=\"933\">n\u0153ud bleu marine<\/strong> autour de son cou vient compl\u00e9ter cette allure soign\u00e9e, \u00e9l\u00e9gante et intemporelle. Wilkinson est un v\u00e9ritable plaisir pour les yeux et un compagnon id\u00e9al pour rejoindre votre collection Charlie Bears.<\/p>\n<hr data-start=\"1135\" data-end=\"1138\" \/>\n<h3 data-start=\"1140\" data-end=\"1166\"><strong data-start=\"1144\" data-end=\"1166\">D\u00e9tails du produit Peluche Ours Wilkinson<\/strong><\/h3>\n<ul data-start=\"1167\" data-end=\"1587\">\n<li data-start=\"1167\" data-end=\"1190\">\n<p data-start=\"1169\" data-end=\"1190\"><strong data-start=\"1169\" data-end=\"1178\">Nom :<\/strong> Wilkinson<\/p>\n<\/li>\n<li data-start=\"1191\" data-end=\"1221\">\n<p data-start=\"1193\" data-end=\"1221\"><strong data-start=\"1193\" data-end=\"1205\">Marque :<\/strong> Charlie Bears<\/p>\n<\/li>\n<li data-start=\"1222\" data-end=\"1266\">\n<p data-start=\"1224\" data-end=\"1266\"><strong data-start=\"1224\" data-end=\"1240\">Collection :<\/strong> Our Journey So Far 2025<\/p>\n<\/li>\n<li data-start=\"1267\" data-end=\"1302\">\n<p data-start=\"1269\" data-end=\"1302\"><strong data-start=\"1269\" data-end=\"1283\">Cr\u00e9ation :<\/strong> Charlotte Morris<\/p>\n<\/li>\n<li data-start=\"1303\" data-end=\"1337\">\n<p data-start=\"1305\" data-end=\"1337\"><strong data-start=\"1305\" data-end=\"1317\">Taille :<\/strong> 44 cm \u2013 17,5 inch<\/p>\n<\/li>\n<li data-start=\"1338\" data-end=\"1380\">\n<p data-start=\"1340\" data-end=\"1380\"><strong data-start=\"1340\" data-end=\"1352\">Pelage :<\/strong> Long, ultra doux, luxueux<\/p>\n<\/li>\n<li data-start=\"1381\" data-end=\"1418\">\n<p data-start=\"1383\" data-end=\"1418\"><strong data-start=\"1383\" data-end=\"1399\">Accessoire :<\/strong> N\u0153ud bleu marine<\/p>\n<\/li>\n<li data-start=\"1419\" data-end=\"1469\">\n<p data-start=\"1421\" data-end=\"1469\"><strong data-start=\"1421\" data-end=\"1440\">Articulations :<\/strong> 5 articulations classiques<\/p>\n<\/li>\n<li data-start=\"1470\" data-end=\"1519\">\n<p data-start=\"1472\" data-end=\"1519\"><strong data-start=\"1472\" data-end=\"1487\">Entretien :<\/strong> Lavage d\u00e9licat 30\u00b0 en surface<\/p>\n<\/li>\n<li data-start=\"1520\" data-end=\"1554\">\n<p data-start=\"1522\" data-end=\"1554\"><strong data-start=\"1522\" data-end=\"1542\">\u00c2ge recommand\u00e9 :<\/strong> D\u00e8s 3 ans<\/p>\n<\/li>\n<li data-start=\"1555\" data-end=\"1587\">\n<p data-start=\"1557\" data-end=\"1587\"><strong data-start=\"1557\" data-end=\"1569\">Normes :<\/strong> CE \u2013 Test\u00e9 EN71<\/p>\n<\/li>\n<\/ul>\n<p data-start=\"1636\" data-end=\"2131\">Avec sa fourrure somptueuse, ses finitions de caract\u00e8re et son allure \u00e9l\u00e9gante, <strong data-start=\"1716\" data-end=\"1729\">Wilkinson<\/strong> est un ours incontournable de l\u2019\u00e9dition 2025. Sa grande douceur et son style classique en font un compagnon attachant pour compl\u00e9ter ou commencer une collection Charlie Bears.<br data-start=\"1905\" data-end=\"1908\" \/>Chez <strong data-start=\"1913\" data-end=\"1942\">Marielle au Pays des Ours<\/strong>, nous assurons un <strong data-start=\"1961\" data-end=\"2013\">service client attentionn\u00e9, r\u00e9actif et passionn\u00e9<\/strong>, afin de garantir un accompagnement fiable lors de vos adoptions.<br data-start=\"2079\" data-end=\"2082\" \/>Il y a toujours de la place pour un ours de plus\u2026<\/p>\n","protected":false},"excerpt":{"rendered":"<p><strong data-start=\"2177\" data-end=\"2190\">Wilkinson<\/strong> est un ours Charlie Bears de la collection 2025, con\u00e7u dans une peluche longue et luxueuse, irr\u00e9sistiblement douce au toucher. Son style traditionnel est renforc\u00e9 par un museau clair, un nez brod\u00e9 \u00e0 la main et des pattes sculpt\u00e9es, avec de d\u00e9licats d\u00e9tails chatouilleux au niveau des orteils. Ce travail artisanal donne \u00e0 Wilkinson un charme suppl\u00e9mentaire et une v\u00e9ritable pr\u00e9sence. Son grand n\u0153ud bleu marine apporte une touche \u00e9l\u00e9gante et contraste subtilement avec la couleur de sa fourrure. Gr\u00e2ce \u00e0 ses articulations, il peut adopter diff\u00e9rentes positions, lui permettant d\u2019exprimer \u00e0 la fois \u00e9l\u00e9gance, douceur et personnalit\u00e9. Avec 44 cm de hauteur, Wilkinson a une stature id\u00e9ale pour devenir un compagnon de c\u00e2lins, de d\u00e9coration ou de collection. Il comblera les amateurs de peluches raffin\u00e9es et les collectionneurs exigeants. Une cr\u00e9ation attachante, soign\u00e9e et intemporelle, fid\u00e8le \u00e0 l\u2019univers Charlie Bears.<\/p>\n","protected":false},"featured_media":7371,"comment_status":"closed","ping_status":"closed","template":"","meta":{"_monsterinsights_skip_tracking":false,"_monsterinsights_sitenote_active":false,"_monsterinsights_sitenote_note":"","_monsterinsights_sitenote_category":0,"site-sidebar-layout":"default","site-content-layout":"","ast-site-content-layout":"default","site-content-style":"default","site-sidebar-style":"default","ast-global-header-display":"","ast-banner-title-visibility":"","ast-main-header-display":"","ast-hfb-above-header-display":"","ast-hfb-below-header-display":"","ast-hfb-mobile-header-display":"","site-post-title":"","ast-breadcrumbs-content":"","ast-featured-img":"","footer-sml-layout":"","ast-disable-related-posts":"","theme-transparent-header-meta":"default","adv-header-id-meta":"","stick-header-meta":"","header-above-stick-meta":"","header-main-stick-meta":"","header-below-stick-meta":"","astra-migrate-meta-layouts":"set","ast-page-background-enabled":"default","ast-page-background-meta":{"desktop":{"background-color":"","background-image":"","background-repeat":"repeat","background-position":"center center","background-size":"auto","background-attachment":"scroll","background-type":"","background-media":"","overlay-type":"","overlay-color":"","overlay-opacity":"","overlay-gradient":""},"tablet":{"background-color":"","background-image":"","background-repeat":"repeat","background-position":"center center","background-size":"auto","background-attachment":"scroll","background-type":"","background-media":"","overlay-type":"","overlay-color":"","overlay-opacity":"","overlay-gradient":""},"mobile":{"background-color":"","background-image":"","background-repeat":"repeat","background-position":"center center","background-size":"auto","background-attachment":"scroll","background-type":"","background-media":"","overlay-type":"","overlay-color":"","overlay-opacity":"","overlay-gradient":""}},"ast-content-background-meta":{"desktop":{"background-color":"var(--ast-global-color-5)","background-image":"","background-repeat":"repeat","background-position":"center center","background-size":"auto","background-attachment":"scroll","background-type":"","background-media":"","overlay-type":"","overlay-color":"","overlay-opacity":"","overlay-gradient":""},"tablet":{"background-color":"var(--ast-global-color-5)","background-image":"","background-repeat":"repeat","background-position":"center center","background-size":"auto","background-attachment":"scroll","background-type":"","background-media":"","overlay-type":"","overlay-color":"","overlay-opacity":"","overlay-gradient":""},"mobile":{"background-color":"var(--ast-global-color-5)","background-image":"","background-repeat":"repeat","background-position":"center center","background-size":"auto","background-attachment":"scroll","background-type":"","background-media":"","overlay-type":"","overlay-color":"","overlay-opacity":"","overlay-gradient":""}}},"product_brand":[],"product_cat":[56,42,30],"product_tag":[],"class_list":{"0":"post-7370","1":"product","2":"type-product","3":"status-publish","4":"has-post-thumbnail","6":"product_cat-animaux-de-la-foret","7":"product_cat-charlie-bears-peluches-collection","8":"product_cat-ours","9":"product_shipping_class-peluches-grande-taille","10":"desktop-align-center","11":"tablet-align-left","12":"mobile-align-left","14":"first","15":"instock","16":"shipping-taxable","17":"purchasable","18":"product-type-simple"},"yoast_head":"<!-- This site is optimized with the Yoast SEO plugin v27.5 - https:\/\/yoast.com\/product\/yoast-seo-wordpress\/ -->\n<title>Peluche Ours Wilkinson - Charlie Bears - Collection 2025<\/title>\n<meta name=\"description\" content=\"D\u00e9couvrez Wilkinson, ours Charlie Bears 2025 en peluche longue et luxueuse. Articul\u00e9, raffin\u00e9 et id\u00e9al pour collectionneurs. Taille 44 cm.\" \/>\n<meta name=\"robots\" content=\"index, follow, max-snippet:-1, max-image-preview:large, max-video-preview:-1\" \/>\n<link rel=\"canonical\" href=\"https:\/\/marielleaupaysdesours.fr\/index.php\/product\/peluche-ours-wilkinson-charlie-bears-collection-our-journey-so-far-2025\/\" \/>\n<meta property=\"og:locale\" content=\"fr_FR\" \/>\n<meta property=\"og:type\" content=\"article\" \/>\n<meta property=\"og:title\" content=\"Peluche Ours Wilkinson - Charlie Bears - Collection 2025\" \/>\n<meta property=\"og:description\" content=\"D\u00e9couvrez Wilkinson, ours Charlie Bears 2025 en peluche longue et luxueuse. Articul\u00e9, raffin\u00e9 et id\u00e9al pour collectionneurs. Taille 44 cm.\" \/>\n<meta property=\"og:url\" content=\"https:\/\/marielleaupaysdesours.fr\/index.php\/product\/peluche-ours-wilkinson-charlie-bears-collection-our-journey-so-far-2025\/\" \/>\n<meta property=\"og:site_name\" content=\"Marielle au Pays des Ours | Vente en ligne de peluches\" \/>\n<meta property=\"article:modified_time\" content=\"2026-01-14T11:08:43+00:00\" \/>\n<meta property=\"og:image\" content=\"https:\/\/marielleaupaysdesours.fr\/wp-content\/uploads\/2025\/12\/OIP-19.webp\" \/>\n\t<meta property=\"og:image:width\" content=\"303\" \/>\n\t<meta property=\"og:image:height\" content=\"303\" \/>\n\t<meta property=\"og:image:type\" content=\"image\/webp\" \/>\n<meta name=\"twitter:card\" content=\"summary_large_image\" \/>\n<meta name=\"twitter:label1\" content=\"Dur\u00e9e de lecture estim\u00e9e\" \/>\n\t<meta name=\"twitter:data1\" content=\"2 minutes\" \/>\n<script type=\"application\/ld+json\" class=\"yoast-schema-graph\">{\"@context\":\"https:\\\/\\\/schema.org\",\"@graph\":[{\"@type\":\"WebPage\",\"@id\":\"https:\\\/\\\/marielleaupaysdesours.fr\\\/index.php\\\/product\\\/peluche-ours-wilkinson-charlie-bears-collection-our-journey-so-far-2025\\\/\",\"url\":\"https:\\\/\\\/marielleaupaysdesours.fr\\\/index.php\\\/product\\\/peluche-ours-wilkinson-charlie-bears-collection-our-journey-so-far-2025\\\/\",\"name\":\"Peluche Ours Wilkinson - Charlie Bears - Collection 2025\",\"isPartOf\":{\"@id\":\"https:\\\/\\\/marielleaupaysdesours.fr\\\/#website\"},\"primaryImageOfPage\":{\"@id\":\"https:\\\/\\\/marielleaupaysdesours.fr\\\/index.php\\\/product\\\/peluche-ours-wilkinson-charlie-bears-collection-our-journey-so-far-2025\\\/#primaryimage\"},\"image\":{\"@id\":\"https:\\\/\\\/marielleaupaysdesours.fr\\\/index.php\\\/product\\\/peluche-ours-wilkinson-charlie-bears-collection-our-journey-so-far-2025\\\/#primaryimage\"},\"thumbnailUrl\":\"https:\\\/\\\/marielleaupaysdesours.fr\\\/wp-content\\\/uploads\\\/2025\\\/12\\\/OIP-19.webp\",\"datePublished\":\"2025-12-26T10:22:11+00:00\",\"dateModified\":\"2026-01-14T11:08:43+00:00\",\"description\":\"D\u00e9couvrez Wilkinson, ours Charlie Bears 2025 en peluche longue et luxueuse. Articul\u00e9, raffin\u00e9 et id\u00e9al pour collectionneurs. Taille 44 cm.\",\"breadcrumb\":{\"@id\":\"https:\\\/\\\/marielleaupaysdesours.fr\\\/index.php\\\/product\\\/peluche-ours-wilkinson-charlie-bears-collection-our-journey-so-far-2025\\\/#breadcrumb\"},\"inLanguage\":\"fr-FR\",\"potentialAction\":[{\"@type\":\"ReadAction\",\"target\":[\"https:\\\/\\\/marielleaupaysdesours.fr\\\/index.php\\\/product\\\/peluche-ours-wilkinson-charlie-bears-collection-our-journey-so-far-2025\\\/\"]}]},{\"@type\":\"ImageObject\",\"inLanguage\":\"fr-FR\",\"@id\":\"https:\\\/\\\/marielleaupaysdesours.fr\\\/index.php\\\/product\\\/peluche-ours-wilkinson-charlie-bears-collection-our-journey-so-far-2025\\\/#primaryimage\",\"url\":\"https:\\\/\\\/marielleaupaysdesours.fr\\\/wp-content\\\/uploads\\\/2025\\\/12\\\/OIP-19.webp\",\"contentUrl\":\"https:\\\/\\\/marielleaupaysdesours.fr\\\/wp-content\\\/uploads\\\/2025\\\/12\\\/OIP-19.webp\",\"width\":303,\"height\":303,\"caption\":\"Peluche Ours Wilkinson - Charlie Bears - Collection Our Journey so Far 2025\"},{\"@type\":\"BreadcrumbList\",\"@id\":\"https:\\\/\\\/marielleaupaysdesours.fr\\\/index.php\\\/product\\\/peluche-ours-wilkinson-charlie-bears-collection-our-journey-so-far-2025\\\/#breadcrumb\",\"itemListElement\":[{\"@type\":\"ListItem\",\"position\":1,\"name\":\"Accueil\",\"item\":\"https:\\\/\\\/marielleaupaysdesours.fr\\\/\"},{\"@type\":\"ListItem\",\"position\":2,\"name\":\"Shop\",\"item\":\"https:\\\/\\\/marielleaupaysdesours.fr\\\/index.php\\\/shop\\\/\"},{\"@type\":\"ListItem\",\"position\":3,\"name\":\"Peluche Ours Wilkinson &#8211; Charlie Bears &#8211; Collection Our Journey so Far 2025\"}]},{\"@type\":\"WebSite\",\"@id\":\"https:\\\/\\\/marielleaupaysdesours.fr\\\/#website\",\"url\":\"https:\\\/\\\/marielleaupaysdesours.fr\\\/\",\"name\":\"Marielle au Pays des Ours | Vente en ligne de peluches\",\"description\":\"vente en ligne de peluches\",\"publisher\":{\"@id\":\"https:\\\/\\\/marielleaupaysdesours.fr\\\/#organization\"},\"potentialAction\":[{\"@type\":\"SearchAction\",\"target\":{\"@type\":\"EntryPoint\",\"urlTemplate\":\"https:\\\/\\\/marielleaupaysdesours.fr\\\/?s={search_term_string}\"},\"query-input\":{\"@type\":\"PropertyValueSpecification\",\"valueRequired\":true,\"valueName\":\"search_term_string\"}}],\"inLanguage\":\"fr-FR\"},{\"@type\":\"Organization\",\"@id\":\"https:\\\/\\\/marielleaupaysdesours.fr\\\/#organization\",\"name\":\"Marielle au Pays des Ours | Vente en ligne de peluches\",\"url\":\"https:\\\/\\\/marielleaupaysdesours.fr\\\/\",\"logo\":{\"@type\":\"ImageObject\",\"inLanguage\":\"fr-FR\",\"@id\":\"https:\\\/\\\/marielleaupaysdesours.fr\\\/#\\\/schema\\\/logo\\\/image\\\/\",\"url\":\"https:\\\/\\\/marielleaupaysdesours.fr\\\/wp-content\\\/uploads\\\/2020\\\/10\\\/logo-marielle-light.jpg\",\"contentUrl\":\"https:\\\/\\\/marielleaupaysdesours.fr\\\/wp-content\\\/uploads\\\/2020\\\/10\\\/logo-marielle-light.jpg\",\"width\":500,\"height\":500,\"caption\":\"Marielle au Pays des Ours | Vente en ligne de peluches\"},\"image\":{\"@id\":\"https:\\\/\\\/marielleaupaysdesours.fr\\\/#\\\/schema\\\/logo\\\/image\\\/\"}}]}<\/script>\n<!-- \/ Yoast SEO plugin. -->","yoast_head_json":{"title":"Peluche Ours Wilkinson - Charlie Bears - Collection 2025","description":"D\u00e9couvrez Wilkinson, ours Charlie Bears 2025 en peluche longue et luxueuse. Articul\u00e9, raffin\u00e9 et id\u00e9al pour collectionneurs. Taille 44 cm.","robots":{"index":"index","follow":"follow","max-snippet":"max-snippet:-1","max-image-preview":"max-image-preview:large","max-video-preview":"max-video-preview:-1"},"canonical":"https:\/\/marielleaupaysdesours.fr\/index.php\/product\/peluche-ours-wilkinson-charlie-bears-collection-our-journey-so-far-2025\/","og_locale":"fr_FR","og_type":"article","og_title":"Peluche Ours Wilkinson - Charlie Bears - Collection 2025","og_description":"D\u00e9couvrez Wilkinson, ours Charlie Bears 2025 en peluche longue et luxueuse. Articul\u00e9, raffin\u00e9 et id\u00e9al pour collectionneurs. Taille 44 cm.","og_url":"https:\/\/marielleaupaysdesours.fr\/index.php\/product\/peluche-ours-wilkinson-charlie-bears-collection-our-journey-so-far-2025\/","og_site_name":"Marielle au Pays des Ours | Vente en ligne de peluches","article_modified_time":"2026-01-14T11:08:43+00:00","og_image":[{"width":303,"height":303,"url":"https:\/\/marielleaupaysdesours.fr\/wp-content\/uploads\/2025\/12\/OIP-19.webp","type":"image\/webp"}],"twitter_card":"summary_large_image","twitter_misc":{"Dur\u00e9e de lecture estim\u00e9e":"2 minutes"},"schema":{"@context":"https:\/\/schema.org","@graph":[{"@type":"WebPage","@id":"https:\/\/marielleaupaysdesours.fr\/index.php\/product\/peluche-ours-wilkinson-charlie-bears-collection-our-journey-so-far-2025\/","url":"https:\/\/marielleaupaysdesours.fr\/index.php\/product\/peluche-ours-wilkinson-charlie-bears-collection-our-journey-so-far-2025\/","name":"Peluche Ours Wilkinson - Charlie Bears - Collection 2025","isPartOf":{"@id":"https:\/\/marielleaupaysdesours.fr\/#website"},"primaryImageOfPage":{"@id":"https:\/\/marielleaupaysdesours.fr\/index.php\/product\/peluche-ours-wilkinson-charlie-bears-collection-our-journey-so-far-2025\/#primaryimage"},"image":{"@id":"https:\/\/marielleaupaysdesours.fr\/index.php\/product\/peluche-ours-wilkinson-charlie-bears-collection-our-journey-so-far-2025\/#primaryimage"},"thumbnailUrl":"https:\/\/marielleaupaysdesours.fr\/wp-content\/uploads\/2025\/12\/OIP-19.webp","datePublished":"2025-12-26T10:22:11+00:00","dateModified":"2026-01-14T11:08:43+00:00","description":"D\u00e9couvrez Wilkinson, ours Charlie Bears 2025 en peluche longue et luxueuse. Articul\u00e9, raffin\u00e9 et id\u00e9al pour collectionneurs. Taille 44 cm.","breadcrumb":{"@id":"https:\/\/marielleaupaysdesours.fr\/index.php\/product\/peluche-ours-wilkinson-charlie-bears-collection-our-journey-so-far-2025\/#breadcrumb"},"inLanguage":"fr-FR","potentialAction":[{"@type":"ReadAction","target":["https:\/\/marielleaupaysdesours.fr\/index.php\/product\/peluche-ours-wilkinson-charlie-bears-collection-our-journey-so-far-2025\/"]}]},{"@type":"ImageObject","inLanguage":"fr-FR","@id":"https:\/\/marielleaupaysdesours.fr\/index.php\/product\/peluche-ours-wilkinson-charlie-bears-collection-our-journey-so-far-2025\/#primaryimage","url":"https:\/\/marielleaupaysdesours.fr\/wp-content\/uploads\/2025\/12\/OIP-19.webp","contentUrl":"https:\/\/marielleaupaysdesours.fr\/wp-content\/uploads\/2025\/12\/OIP-19.webp","width":303,"height":303,"caption":"Peluche Ours Wilkinson - Charlie Bears - Collection Our Journey so Far 2025"},{"@type":"BreadcrumbList","@id":"https:\/\/marielleaupaysdesours.fr\/index.php\/product\/peluche-ours-wilkinson-charlie-bears-collection-our-journey-so-far-2025\/#breadcrumb","itemListElement":[{"@type":"ListItem","position":1,"name":"Accueil","item":"https:\/\/marielleaupaysdesours.fr\/"},{"@type":"ListItem","position":2,"name":"Shop","item":"https:\/\/marielleaupaysdesours.fr\/index.php\/shop\/"},{"@type":"ListItem","position":3,"name":"Peluche Ours Wilkinson &#8211; Charlie Bears &#8211; Collection Our Journey so Far 2025"}]},{"@type":"WebSite","@id":"https:\/\/marielleaupaysdesours.fr\/#website","url":"https:\/\/marielleaupaysdesours.fr\/","name":"Marielle au Pays des Ours | Vente en ligne de peluches","description":"vente en ligne de peluches","publisher":{"@id":"https:\/\/marielleaupaysdesours.fr\/#organization"},"potentialAction":[{"@type":"SearchAction","target":{"@type":"EntryPoint","urlTemplate":"https:\/\/marielleaupaysdesours.fr\/?s={search_term_string}"},"query-input":{"@type":"PropertyValueSpecification","valueRequired":true,"valueName":"search_term_string"}}],"inLanguage":"fr-FR"},{"@type":"Organization","@id":"https:\/\/marielleaupaysdesours.fr\/#organization","name":"Marielle au Pays des Ours | Vente en ligne de peluches","url":"https:\/\/marielleaupaysdesours.fr\/","logo":{"@type":"ImageObject","inLanguage":"fr-FR","@id":"https:\/\/marielleaupaysdesours.fr\/#\/schema\/logo\/image\/","url":"https:\/\/marielleaupaysdesours.fr\/wp-content\/uploads\/2020\/10\/logo-marielle-light.jpg","contentUrl":"https:\/\/marielleaupaysdesours.fr\/wp-content\/uploads\/2020\/10\/logo-marielle-light.jpg","width":500,"height":500,"caption":"Marielle au Pays des Ours | Vente en ligne de peluches"},"image":{"@id":"https:\/\/marielleaupaysdesours.fr\/#\/schema\/logo\/image\/"}}]}},"jetpack_sharing_enabled":true,"_links":{"self":[{"href":"https:\/\/marielleaupaysdesours.fr\/index.php\/wp-json\/wp\/v2\/product\/7370","targetHints":{"allow":["GET"]}}],"collection":[{"href":"https:\/\/marielleaupaysdesours.fr\/index.php\/wp-json\/wp\/v2\/product"}],"about":[{"href":"https:\/\/marielleaupaysdesours.fr\/index.php\/wp-json\/wp\/v2\/types\/product"}],"replies":[{"embeddable":true,"href":"https:\/\/marielleaupaysdesours.fr\/index.php\/wp-json\/wp\/v2\/comments?post=7370"}],"version-history":[{"count":6,"href":"https:\/\/marielleaupaysdesours.fr\/index.php\/wp-json\/wp\/v2\/product\/7370\/revisions"}],"predecessor-version":[{"id":7423,"href":"https:\/\/marielleaupaysdesours.fr\/index.php\/wp-json\/wp\/v2\/product\/7370\/revisions\/7423"}],"wp:featuredmedia":[{"embeddable":true,"href":"https:\/\/marielleaupaysdesours.fr\/index.php\/wp-json\/wp\/v2\/media\/7371"}],"wp:attachment":[{"href":"https:\/\/marielleaupaysdesours.fr\/index.php\/wp-json\/wp\/v2\/media?parent=7370"}],"wp:term":[{"taxonomy":"product_brand","embeddable":true,"href":"https:\/\/marielleaupaysdesours.fr\/index.php\/wp-json\/wp\/v2\/product_brand?post=7370"},{"taxonomy":"product_cat","embeddable":true,"href":"https:\/\/marielleaupaysdesours.fr\/index.php\/wp-json\/wp\/v2\/product_cat?post=7370"},{"taxonomy":"product_tag","embeddable":true,"href":"https:\/\/marielleaupaysdesours.fr\/index.php\/wp-json\/wp\/v2\/product_tag?post=7370"}],"curies":[{"name":"wp","href":"https:\/\/api.w.org\/{rel}","templated":true}]}}