{"id":7364,"date":"2025-12-26T11:02:17","date_gmt":"2025-12-26T10:02:17","guid":{"rendered":"https:\/\/marielleaupaysdesours.fr\/?post_type=product&#038;p=7364"},"modified":"2026-01-14T12:09:43","modified_gmt":"2026-01-14T11:09:43","slug":"ours-en-peluche-wind-elf-charlie-bears-collection-our-journey-so-far-2025","status":"publish","type":"product","link":"https:\/\/marielleaupaysdesours.fr\/index.php\/product\/ours-en-peluche-wind-elf-charlie-bears-collection-our-journey-so-far-2025\/","title":{"rendered":"Ours en peluche Wind Elf \u2013 Charlie Bears \u2013 Collection Our Journey So Far 2025"},"content":{"rendered":"<p data-start=\"292\" data-end=\"1258\"><strong>L&rsquo;Ours en Peluche Wind Elf<\/strong> appartient \u00e0 la collection <strong data-start=\"328\" data-end=\"355\">Our Journey So Far 2025<\/strong>, et plus sp\u00e9cifiquement \u00e0 la s\u00e9rie des <strong data-start=\"395\" data-end=\"404\">Elfes<\/strong>, imagin\u00e9e pour enrichir la Monstrologie <a href=\"https:\/\/marielleaupaysdesours.fr\/index.php\/peluches-charlie-bears\/\"><em><strong>Charlie Bears<\/strong><\/em><\/a> avec des cr\u00e9atures douces et po\u00e9tiques. Ce charmant personnage en peluche est confectionn\u00e9 dans une <strong data-start=\"559\" data-end=\"588\">fourrure blanche luxueuse<\/strong>, d\u00e9licate et incroyablement agr\u00e9able au toucher. Ses petites oreilles pointues, son museau travaill\u00e9 en su\u00e9dine lisse et son nez gris brod\u00e9 \u00e0 la main lui conf\u00e8rent un style enchanteur et singulier. Le ventre et l\u2019int\u00e9rieur des oreilles pr\u00e9sentent de <strong data-start=\"839\" data-end=\"862\">longs poils a\u00e9riens<\/strong>, apportant volume, texture et personnalit\u00e9. Comme ses compagnons \u00e9l\u00e9mentaires, Wind Elf se distingue par son identit\u00e9 visuelle, renforc\u00e9e par un <strong data-start=\"1008\" data-end=\"1036\">foulard torsad\u00e9 bicolore<\/strong> autour du cou. Myst\u00e9rieux, \u00e9l\u00e9gant et expressif, Wind Elf s\u2019adresse autant aux collectionneurs passionn\u00e9s qu\u2019aux amoureux des cr\u00e9atures fantastiques. Il marquera votre collection avec une touche de po\u00e9sie et de tendresse.<\/p>\n<hr data-start=\"1260\" data-end=\"1263\" \/>\n<h3 data-start=\"1265\" data-end=\"1291\"><strong data-start=\"1269\" data-end=\"1291\">D\u00e9tails du produit Ours en Peluche Wind Elf<\/strong><\/h3>\n<ul data-start=\"1292\" data-end=\"1780\">\n<li data-start=\"1292\" data-end=\"1314\">\n<p data-start=\"1294\" data-end=\"1314\"><strong data-start=\"1294\" data-end=\"1303\">Nom :<\/strong> Wind Elf<\/p>\n<\/li>\n<li data-start=\"1315\" data-end=\"1345\">\n<p data-start=\"1317\" data-end=\"1345\"><strong data-start=\"1317\" data-end=\"1329\">Marque :<\/strong> <a href=\"https:\/\/marielleaupaysdesours.fr\/index.php\/peluches-charlie-bears\/\">Charlie Bears<\/a><\/p>\n<\/li>\n<li data-start=\"1346\" data-end=\"1390\">\n<p data-start=\"1348\" data-end=\"1390\"><strong data-start=\"1348\" data-end=\"1364\">Collection :<\/strong> Our Journey So Far 2025<\/p>\n<\/li>\n<li data-start=\"1391\" data-end=\"1440\">\n<p data-start=\"1393\" data-end=\"1440\"><strong data-start=\"1393\" data-end=\"1404\">S\u00e9rie :<\/strong> Elfes \u00e9l\u00e9mentaires (Monstrologie)<\/p>\n<\/li>\n<li data-start=\"1441\" data-end=\"1476\">\n<p data-start=\"1443\" data-end=\"1476\"><strong data-start=\"1443\" data-end=\"1457\">Cr\u00e9ation :<\/strong> Charlotte Morris<\/p>\n<\/li>\n<li data-start=\"1477\" data-end=\"1511\">\n<p data-start=\"1479\" data-end=\"1511\"><strong data-start=\"1479\" data-end=\"1491\">Taille :<\/strong> 34 cm \u2013 13,5 inch<\/p>\n<\/li>\n<li data-start=\"1512\" data-end=\"1565\">\n<p data-start=\"1514\" data-end=\"1565\"><strong data-start=\"1514\" data-end=\"1526\">Pelage :<\/strong> Fourrure douce blanche + poils longs<\/p>\n<\/li>\n<li data-start=\"1566\" data-end=\"1611\">\n<p data-start=\"1568\" data-end=\"1611\"><strong data-start=\"1568\" data-end=\"1584\">Accessoire :<\/strong> Foulard bicolore torsad\u00e9<\/p>\n<\/li>\n<li data-start=\"1612\" data-end=\"1662\">\n<p data-start=\"1614\" data-end=\"1662\"><strong data-start=\"1614\" data-end=\"1633\">Articulations :<\/strong> 5 articulations classiques<\/p>\n<\/li>\n<li data-start=\"1663\" data-end=\"1712\">\n<p data-start=\"1665\" data-end=\"1712\"><strong data-start=\"1665\" data-end=\"1680\">Entretien :<\/strong> Lavage d\u00e9licat 30\u00b0 en surface<\/p>\n<\/li>\n<li data-start=\"1713\" data-end=\"1747\">\n<p data-start=\"1715\" data-end=\"1747\"><strong data-start=\"1715\" data-end=\"1735\">\u00c2ge recommand\u00e9 :<\/strong> D\u00e8s 3 ans<\/p>\n<\/li>\n<li data-start=\"1748\" data-end=\"1780\">\n<p data-start=\"1750\" data-end=\"1780\"><strong data-start=\"1750\" data-end=\"1762\">Normes :<\/strong> CE \u2013 Test\u00e9 EN71<\/p>\n<\/li>\n<\/ul>\n<p data-start=\"1829\" data-end=\"2376\">Wind Elf forme un <strong data-start=\"1847\" data-end=\"1870\">quatuor ins\u00e9parable<\/strong> avec Earth, Water et Fire Elf. Ensemble, ils offrent une collection harmonieuse, originale et empreinte de po\u00e9sie. Adopter Wind Elf, c\u2019est inviter un univers doux, fantastique et \u00e9l\u00e9gant dans votre collection Charlie Bears.<\/p>\n<p data-start=\"1829\" data-end=\"2376\">Chez <strong data-start=\"2102\" data-end=\"2131\">Marielle au Pays des Ours<\/strong>, nous mettons un point d\u2019honneur \u00e0 vous accompagner avec un <strong data-start=\"2192\" data-end=\"2248\">service apr\u00e8s-vente attentionn\u00e9, rapide et passionn\u00e9<\/strong>, afin que chaque adoption soit un v\u00e9ritable plaisir.<\/p>\n<p data-start=\"1829\" data-end=\"2376\">Et rappelez-vous : <strong data-start=\"2323\" data-end=\"2376\">il y a toujours de la place pour un ours de plus\u2026<\/strong><\/p>\n","protected":false},"excerpt":{"rendered":"<p>Wind Elf est un adorable personnage Charlie Bears issu de la collection 2025 et d\u00e9di\u00e9 aux cr\u00e9atures \u00e9l\u00e9mentaires. Confectionn\u00e9 dans une <strong data-start=\"2558\" data-end=\"2587\">fourrure blanche luxueuse<\/strong>, d\u2019une grande douceur, il pr\u00e9sente de longs poils sur le ventre et dans les oreilles, cr\u00e9ant un joli contraste de texture. Ses oreilles pointues, ses pattes fines, son museau en su\u00e9dine et son nez brod\u00e9 t\u00e9moignent du soin apport\u00e9 aux d\u00e9tails. Il porte un foulard bicolore torsad\u00e9 qui compl\u00e8te parfaitement son identit\u00e9 \u00e9l\u00e9gante. Totalement articul\u00e9, Wind Elf peut \u00eatre positionn\u00e9 pour mettre en valeur son charme unique. Avec ses 34 cm, il poss\u00e8de une stature id\u00e9ale pour se glisser parmi les autres personnages Charlie Bears. Il fait partie d\u2019un quatuor comprenant \u00e9galement Earth Elf, Water Elf et Fire Elf, rendant l\u2019ensemble encore plus attractif pour les collectionneurs. Un compagnon tendre, po\u00e9tique et original, \u00e0 d\u00e9couvrir absolument.<\/p>\n","protected":false},"featured_media":7368,"comment_status":"closed","ping_status":"closed","template":"","meta":{"_monsterinsights_skip_tracking":false,"_monsterinsights_sitenote_active":false,"_monsterinsights_sitenote_note":"","_monsterinsights_sitenote_category":0,"site-sidebar-layout":"default","site-content-layout":"","ast-site-content-layout":"default","site-content-style":"default","site-sidebar-style":"default","ast-global-header-display":"","ast-banner-title-visibility":"","ast-main-header-display":"","ast-hfb-above-header-display":"","ast-hfb-below-header-display":"","ast-hfb-mobile-header-display":"","site-post-title":"","ast-breadcrumbs-content":"","ast-featured-img":"","footer-sml-layout":"","ast-disable-related-posts":"","theme-transparent-header-meta":"default","adv-header-id-meta":"","stick-header-meta":"","header-above-stick-meta":"","header-main-stick-meta":"","header-below-stick-meta":"","astra-migrate-meta-layouts":"set","ast-page-background-enabled":"default","ast-page-background-meta":{"desktop":{"background-color":"","background-image":"","background-repeat":"repeat","background-position":"center center","background-size":"auto","background-attachment":"scroll","background-type":"","background-media":"","overlay-type":"","overlay-color":"","overlay-opacity":"","overlay-gradient":""},"tablet":{"background-color":"","background-image":"","background-repeat":"repeat","background-position":"center center","background-size":"auto","background-attachment":"scroll","background-type":"","background-media":"","overlay-type":"","overlay-color":"","overlay-opacity":"","overlay-gradient":""},"mobile":{"background-color":"","background-image":"","background-repeat":"repeat","background-position":"center center","background-size":"auto","background-attachment":"scroll","background-type":"","background-media":"","overlay-type":"","overlay-color":"","overlay-opacity":"","overlay-gradient":""}},"ast-content-background-meta":{"desktop":{"background-color":"var(--ast-global-color-5)","background-image":"","background-repeat":"repeat","background-position":"center center","background-size":"auto","background-attachment":"scroll","background-type":"","background-media":"","overlay-type":"","overlay-color":"","overlay-opacity":"","overlay-gradient":""},"tablet":{"background-color":"var(--ast-global-color-5)","background-image":"","background-repeat":"repeat","background-position":"center center","background-size":"auto","background-attachment":"scroll","background-type":"","background-media":"","overlay-type":"","overlay-color":"","overlay-opacity":"","overlay-gradient":""},"mobile":{"background-color":"var(--ast-global-color-5)","background-image":"","background-repeat":"repeat","background-position":"center center","background-size":"auto","background-attachment":"scroll","background-type":"","background-media":"","overlay-type":"","overlay-color":"","overlay-opacity":"","overlay-gradient":""}}},"product_brand":[],"product_cat":[56,42,30],"product_tag":[],"class_list":{"0":"post-7364","1":"product","2":"type-product","3":"status-publish","4":"has-post-thumbnail","6":"product_cat-animaux-de-la-foret","7":"product_cat-charlie-bears-peluches-collection","8":"product_cat-ours","9":"product_shipping_class-peluches-grande-taille","10":"desktop-align-center","11":"tablet-align-left","12":"mobile-align-left","14":"first","15":"instock","16":"shipping-taxable","17":"purchasable","18":"product-type-simple"},"yoast_head":"<!-- This site is optimized with the Yoast SEO plugin v27.4 - https:\/\/yoast.com\/product\/yoast-seo-wordpress\/ -->\n<title>Ours en peluche Wind Elf \u2013 Charlie Bears \u2013 Collection 2025<\/title>\n<meta name=\"description\" content=\"D\u00e9couvrez Wind Elf, Ours en peluche Charlie Bears 2025 de la s\u00e9rie Elfes. Fourrure blanche luxe, articul\u00e9, 34 cm. Une pi\u00e8ce po\u00e9tique pour collectionneurs.\" \/>\n<meta name=\"robots\" content=\"index, follow, max-snippet:-1, max-image-preview:large, max-video-preview:-1\" \/>\n<link rel=\"canonical\" href=\"https:\/\/marielleaupaysdesours.fr\/index.php\/product\/ours-en-peluche-wind-elf-charlie-bears-collection-our-journey-so-far-2025\/\" \/>\n<meta property=\"og:locale\" content=\"fr_FR\" \/>\n<meta property=\"og:type\" content=\"article\" \/>\n<meta property=\"og:title\" content=\"Ours en peluche Wind Elf \u2013 Charlie Bears \u2013 Collection 2025\" \/>\n<meta property=\"og:description\" content=\"D\u00e9couvrez Wind Elf, Ours en peluche Charlie Bears 2025 de la s\u00e9rie Elfes. Fourrure blanche luxe, articul\u00e9, 34 cm. Une pi\u00e8ce po\u00e9tique pour collectionneurs.\" \/>\n<meta property=\"og:url\" content=\"https:\/\/marielleaupaysdesours.fr\/index.php\/product\/ours-en-peluche-wind-elf-charlie-bears-collection-our-journey-so-far-2025\/\" \/>\n<meta property=\"og:site_name\" content=\"Marielle au Pays des Ours | Vente en ligne de peluches\" \/>\n<meta property=\"article:modified_time\" content=\"2026-01-14T11:09:43+00:00\" \/>\n<meta property=\"og:image\" content=\"https:\/\/marielleaupaysdesours.fr\/wp-content\/uploads\/2025\/12\/OIP-18.webp\" \/>\n\t<meta property=\"og:image:width\" content=\"312\" \/>\n\t<meta property=\"og:image:height\" content=\"312\" \/>\n\t<meta property=\"og:image:type\" content=\"image\/webp\" \/>\n<meta name=\"twitter:card\" content=\"summary_large_image\" \/>\n<meta name=\"twitter:label1\" content=\"Dur\u00e9e de lecture estim\u00e9e\" \/>\n\t<meta name=\"twitter:data1\" content=\"2 minutes\" \/>\n<script type=\"application\/ld+json\" class=\"yoast-schema-graph\">{\"@context\":\"https:\\\/\\\/schema.org\",\"@graph\":[{\"@type\":\"WebPage\",\"@id\":\"https:\\\/\\\/marielleaupaysdesours.fr\\\/index.php\\\/product\\\/ours-en-peluche-wind-elf-charlie-bears-collection-our-journey-so-far-2025\\\/\",\"url\":\"https:\\\/\\\/marielleaupaysdesours.fr\\\/index.php\\\/product\\\/ours-en-peluche-wind-elf-charlie-bears-collection-our-journey-so-far-2025\\\/\",\"name\":\"Ours en peluche Wind Elf \u2013 Charlie Bears \u2013 Collection 2025\",\"isPartOf\":{\"@id\":\"https:\\\/\\\/marielleaupaysdesours.fr\\\/#website\"},\"primaryImageOfPage\":{\"@id\":\"https:\\\/\\\/marielleaupaysdesours.fr\\\/index.php\\\/product\\\/ours-en-peluche-wind-elf-charlie-bears-collection-our-journey-so-far-2025\\\/#primaryimage\"},\"image\":{\"@id\":\"https:\\\/\\\/marielleaupaysdesours.fr\\\/index.php\\\/product\\\/ours-en-peluche-wind-elf-charlie-bears-collection-our-journey-so-far-2025\\\/#primaryimage\"},\"thumbnailUrl\":\"https:\\\/\\\/marielleaupaysdesours.fr\\\/wp-content\\\/uploads\\\/2025\\\/12\\\/OIP-18.webp\",\"datePublished\":\"2025-12-26T10:02:17+00:00\",\"dateModified\":\"2026-01-14T11:09:43+00:00\",\"description\":\"D\u00e9couvrez Wind Elf, Ours en peluche Charlie Bears 2025 de la s\u00e9rie Elfes. Fourrure blanche luxe, articul\u00e9, 34 cm. Une pi\u00e8ce po\u00e9tique pour collectionneurs.\",\"breadcrumb\":{\"@id\":\"https:\\\/\\\/marielleaupaysdesours.fr\\\/index.php\\\/product\\\/ours-en-peluche-wind-elf-charlie-bears-collection-our-journey-so-far-2025\\\/#breadcrumb\"},\"inLanguage\":\"fr-FR\",\"potentialAction\":[{\"@type\":\"ReadAction\",\"target\":[\"https:\\\/\\\/marielleaupaysdesours.fr\\\/index.php\\\/product\\\/ours-en-peluche-wind-elf-charlie-bears-collection-our-journey-so-far-2025\\\/\"]}]},{\"@type\":\"ImageObject\",\"inLanguage\":\"fr-FR\",\"@id\":\"https:\\\/\\\/marielleaupaysdesours.fr\\\/index.php\\\/product\\\/ours-en-peluche-wind-elf-charlie-bears-collection-our-journey-so-far-2025\\\/#primaryimage\",\"url\":\"https:\\\/\\\/marielleaupaysdesours.fr\\\/wp-content\\\/uploads\\\/2025\\\/12\\\/OIP-18.webp\",\"contentUrl\":\"https:\\\/\\\/marielleaupaysdesours.fr\\\/wp-content\\\/uploads\\\/2025\\\/12\\\/OIP-18.webp\",\"width\":312,\"height\":312,\"caption\":\"Ours en peluche Wind Elf \u2013 Charlie Bears \u2013 Collection Our Journey So Far 2025\"},{\"@type\":\"BreadcrumbList\",\"@id\":\"https:\\\/\\\/marielleaupaysdesours.fr\\\/index.php\\\/product\\\/ours-en-peluche-wind-elf-charlie-bears-collection-our-journey-so-far-2025\\\/#breadcrumb\",\"itemListElement\":[{\"@type\":\"ListItem\",\"position\":1,\"name\":\"Accueil\",\"item\":\"https:\\\/\\\/marielleaupaysdesours.fr\\\/\"},{\"@type\":\"ListItem\",\"position\":2,\"name\":\"Shop\",\"item\":\"https:\\\/\\\/marielleaupaysdesours.fr\\\/index.php\\\/shop\\\/\"},{\"@type\":\"ListItem\",\"position\":3,\"name\":\"Ours en peluche Wind Elf \u2013 Charlie Bears \u2013 Collection Our Journey So Far 2025\"}]},{\"@type\":\"WebSite\",\"@id\":\"https:\\\/\\\/marielleaupaysdesours.fr\\\/#website\",\"url\":\"https:\\\/\\\/marielleaupaysdesours.fr\\\/\",\"name\":\"Marielle au Pays des Ours | Vente en ligne de peluches\",\"description\":\"vente en ligne de peluches\",\"publisher\":{\"@id\":\"https:\\\/\\\/marielleaupaysdesours.fr\\\/#organization\"},\"potentialAction\":[{\"@type\":\"SearchAction\",\"target\":{\"@type\":\"EntryPoint\",\"urlTemplate\":\"https:\\\/\\\/marielleaupaysdesours.fr\\\/?s={search_term_string}\"},\"query-input\":{\"@type\":\"PropertyValueSpecification\",\"valueRequired\":true,\"valueName\":\"search_term_string\"}}],\"inLanguage\":\"fr-FR\"},{\"@type\":\"Organization\",\"@id\":\"https:\\\/\\\/marielleaupaysdesours.fr\\\/#organization\",\"name\":\"Marielle au Pays des Ours | Vente en ligne de peluches\",\"url\":\"https:\\\/\\\/marielleaupaysdesours.fr\\\/\",\"logo\":{\"@type\":\"ImageObject\",\"inLanguage\":\"fr-FR\",\"@id\":\"https:\\\/\\\/marielleaupaysdesours.fr\\\/#\\\/schema\\\/logo\\\/image\\\/\",\"url\":\"https:\\\/\\\/marielleaupaysdesours.fr\\\/wp-content\\\/uploads\\\/2020\\\/10\\\/logo-marielle-light.jpg\",\"contentUrl\":\"https:\\\/\\\/marielleaupaysdesours.fr\\\/wp-content\\\/uploads\\\/2020\\\/10\\\/logo-marielle-light.jpg\",\"width\":500,\"height\":500,\"caption\":\"Marielle au Pays des Ours | Vente en ligne de peluches\"},\"image\":{\"@id\":\"https:\\\/\\\/marielleaupaysdesours.fr\\\/#\\\/schema\\\/logo\\\/image\\\/\"}}]}<\/script>\n<!-- \/ Yoast SEO plugin. -->","yoast_head_json":{"title":"Ours en peluche Wind Elf \u2013 Charlie Bears \u2013 Collection 2025","description":"D\u00e9couvrez Wind Elf, Ours en peluche Charlie Bears 2025 de la s\u00e9rie Elfes. Fourrure blanche luxe, articul\u00e9, 34 cm. Une pi\u00e8ce po\u00e9tique pour collectionneurs.","robots":{"index":"index","follow":"follow","max-snippet":"max-snippet:-1","max-image-preview":"max-image-preview:large","max-video-preview":"max-video-preview:-1"},"canonical":"https:\/\/marielleaupaysdesours.fr\/index.php\/product\/ours-en-peluche-wind-elf-charlie-bears-collection-our-journey-so-far-2025\/","og_locale":"fr_FR","og_type":"article","og_title":"Ours en peluche Wind Elf \u2013 Charlie Bears \u2013 Collection 2025","og_description":"D\u00e9couvrez Wind Elf, Ours en peluche Charlie Bears 2025 de la s\u00e9rie Elfes. Fourrure blanche luxe, articul\u00e9, 34 cm. Une pi\u00e8ce po\u00e9tique pour collectionneurs.","og_url":"https:\/\/marielleaupaysdesours.fr\/index.php\/product\/ours-en-peluche-wind-elf-charlie-bears-collection-our-journey-so-far-2025\/","og_site_name":"Marielle au Pays des Ours | Vente en ligne de peluches","article_modified_time":"2026-01-14T11:09:43+00:00","og_image":[{"width":312,"height":312,"url":"https:\/\/marielleaupaysdesours.fr\/wp-content\/uploads\/2025\/12\/OIP-18.webp","type":"image\/webp"}],"twitter_card":"summary_large_image","twitter_misc":{"Dur\u00e9e de lecture estim\u00e9e":"2 minutes"},"schema":{"@context":"https:\/\/schema.org","@graph":[{"@type":"WebPage","@id":"https:\/\/marielleaupaysdesours.fr\/index.php\/product\/ours-en-peluche-wind-elf-charlie-bears-collection-our-journey-so-far-2025\/","url":"https:\/\/marielleaupaysdesours.fr\/index.php\/product\/ours-en-peluche-wind-elf-charlie-bears-collection-our-journey-so-far-2025\/","name":"Ours en peluche Wind Elf \u2013 Charlie Bears \u2013 Collection 2025","isPartOf":{"@id":"https:\/\/marielleaupaysdesours.fr\/#website"},"primaryImageOfPage":{"@id":"https:\/\/marielleaupaysdesours.fr\/index.php\/product\/ours-en-peluche-wind-elf-charlie-bears-collection-our-journey-so-far-2025\/#primaryimage"},"image":{"@id":"https:\/\/marielleaupaysdesours.fr\/index.php\/product\/ours-en-peluche-wind-elf-charlie-bears-collection-our-journey-so-far-2025\/#primaryimage"},"thumbnailUrl":"https:\/\/marielleaupaysdesours.fr\/wp-content\/uploads\/2025\/12\/OIP-18.webp","datePublished":"2025-12-26T10:02:17+00:00","dateModified":"2026-01-14T11:09:43+00:00","description":"D\u00e9couvrez Wind Elf, Ours en peluche Charlie Bears 2025 de la s\u00e9rie Elfes. Fourrure blanche luxe, articul\u00e9, 34 cm. Une pi\u00e8ce po\u00e9tique pour collectionneurs.","breadcrumb":{"@id":"https:\/\/marielleaupaysdesours.fr\/index.php\/product\/ours-en-peluche-wind-elf-charlie-bears-collection-our-journey-so-far-2025\/#breadcrumb"},"inLanguage":"fr-FR","potentialAction":[{"@type":"ReadAction","target":["https:\/\/marielleaupaysdesours.fr\/index.php\/product\/ours-en-peluche-wind-elf-charlie-bears-collection-our-journey-so-far-2025\/"]}]},{"@type":"ImageObject","inLanguage":"fr-FR","@id":"https:\/\/marielleaupaysdesours.fr\/index.php\/product\/ours-en-peluche-wind-elf-charlie-bears-collection-our-journey-so-far-2025\/#primaryimage","url":"https:\/\/marielleaupaysdesours.fr\/wp-content\/uploads\/2025\/12\/OIP-18.webp","contentUrl":"https:\/\/marielleaupaysdesours.fr\/wp-content\/uploads\/2025\/12\/OIP-18.webp","width":312,"height":312,"caption":"Ours en peluche Wind Elf \u2013 Charlie Bears \u2013 Collection Our Journey So Far 2025"},{"@type":"BreadcrumbList","@id":"https:\/\/marielleaupaysdesours.fr\/index.php\/product\/ours-en-peluche-wind-elf-charlie-bears-collection-our-journey-so-far-2025\/#breadcrumb","itemListElement":[{"@type":"ListItem","position":1,"name":"Accueil","item":"https:\/\/marielleaupaysdesours.fr\/"},{"@type":"ListItem","position":2,"name":"Shop","item":"https:\/\/marielleaupaysdesours.fr\/index.php\/shop\/"},{"@type":"ListItem","position":3,"name":"Ours en peluche Wind Elf \u2013 Charlie Bears \u2013 Collection Our Journey So Far 2025"}]},{"@type":"WebSite","@id":"https:\/\/marielleaupaysdesours.fr\/#website","url":"https:\/\/marielleaupaysdesours.fr\/","name":"Marielle au Pays des Ours | Vente en ligne de peluches","description":"vente en ligne de peluches","publisher":{"@id":"https:\/\/marielleaupaysdesours.fr\/#organization"},"potentialAction":[{"@type":"SearchAction","target":{"@type":"EntryPoint","urlTemplate":"https:\/\/marielleaupaysdesours.fr\/?s={search_term_string}"},"query-input":{"@type":"PropertyValueSpecification","valueRequired":true,"valueName":"search_term_string"}}],"inLanguage":"fr-FR"},{"@type":"Organization","@id":"https:\/\/marielleaupaysdesours.fr\/#organization","name":"Marielle au Pays des Ours | Vente en ligne de peluches","url":"https:\/\/marielleaupaysdesours.fr\/","logo":{"@type":"ImageObject","inLanguage":"fr-FR","@id":"https:\/\/marielleaupaysdesours.fr\/#\/schema\/logo\/image\/","url":"https:\/\/marielleaupaysdesours.fr\/wp-content\/uploads\/2020\/10\/logo-marielle-light.jpg","contentUrl":"https:\/\/marielleaupaysdesours.fr\/wp-content\/uploads\/2020\/10\/logo-marielle-light.jpg","width":500,"height":500,"caption":"Marielle au Pays des Ours | Vente en ligne de peluches"},"image":{"@id":"https:\/\/marielleaupaysdesours.fr\/#\/schema\/logo\/image\/"}}]}},"jetpack_sharing_enabled":true,"_links":{"self":[{"href":"https:\/\/marielleaupaysdesours.fr\/index.php\/wp-json\/wp\/v2\/product\/7364","targetHints":{"allow":["GET"]}}],"collection":[{"href":"https:\/\/marielleaupaysdesours.fr\/index.php\/wp-json\/wp\/v2\/product"}],"about":[{"href":"https:\/\/marielleaupaysdesours.fr\/index.php\/wp-json\/wp\/v2\/types\/product"}],"replies":[{"embeddable":true,"href":"https:\/\/marielleaupaysdesours.fr\/index.php\/wp-json\/wp\/v2\/comments?post=7364"}],"version-history":[{"count":7,"href":"https:\/\/marielleaupaysdesours.fr\/index.php\/wp-json\/wp\/v2\/product\/7364\/revisions"}],"predecessor-version":[{"id":7424,"href":"https:\/\/marielleaupaysdesours.fr\/index.php\/wp-json\/wp\/v2\/product\/7364\/revisions\/7424"}],"wp:featuredmedia":[{"embeddable":true,"href":"https:\/\/marielleaupaysdesours.fr\/index.php\/wp-json\/wp\/v2\/media\/7368"}],"wp:attachment":[{"href":"https:\/\/marielleaupaysdesours.fr\/index.php\/wp-json\/wp\/v2\/media?parent=7364"}],"wp:term":[{"taxonomy":"product_brand","embeddable":true,"href":"https:\/\/marielleaupaysdesours.fr\/index.php\/wp-json\/wp\/v2\/product_brand?post=7364"},{"taxonomy":"product_cat","embeddable":true,"href":"https:\/\/marielleaupaysdesours.fr\/index.php\/wp-json\/wp\/v2\/product_cat?post=7364"},{"taxonomy":"product_tag","embeddable":true,"href":"https:\/\/marielleaupaysdesours.fr\/index.php\/wp-json\/wp\/v2\/product_tag?post=7364"}],"curies":[{"name":"wp","href":"https:\/\/api.w.org\/{rel}","templated":true}]}}