{"id":7350,"date":"2025-12-22T11:45:47","date_gmt":"2025-12-22T10:45:47","guid":{"rendered":"https:\/\/marielleaupaysdesours.fr\/?post_type=product&#038;p=7350"},"modified":"2026-03-06T09:59:01","modified_gmt":"2026-03-06T08:59:01","slug":"chat-en-peluche-de-collection-felicette-charlie-bears-isabelle-collection","status":"publish","type":"product","link":"https:\/\/marielleaupaysdesours.fr\/index.php\/product\/chat-en-peluche-de-collection-felicette-charlie-bears-isabelle-collection\/","title":{"rendered":"Chat en peluche de collection Felicette &#8211; Charlie Bears \u2013 Isabelle Collection"},"content":{"rendered":"<p data-start=\"328\" data-end=\"1329\"><strong data-start=\"328\" data-end=\"341\">F\u00e9licette<\/strong> est un ravissant chat en peluche de collection issu de la prestigieuse <strong data-start=\"402\" data-end=\"425\">Isabelle Collection<\/strong> de la marque <span class=\"hover:entity-accent entity-underline inline cursor-pointer align-baseline\"><span class=\"whitespace-normal\">Charlie Bears<\/span><\/span>. Cr\u00e9\u00e9e avec le plus grand soin par la designer <span class=\"hover:entity-accent entity-underline inline cursor-pointer align-baseline\"><span class=\"whitespace-normal\">Isabelle Lee<\/span><\/span>, cette adorable peluche s\u00e9duit imm\u00e9diatement par son \u00e9l\u00e9gance et sa douceur. Confectionn\u00e9e dans un m\u00e9lange luxueux de <strong data-start=\"680\" data-end=\"713\">mohair et d\u2019alpaga gris clair<\/strong>, F\u00e9licette poss\u00e8de une fourrure d\u00e9licate et soyeuse qui met parfaitement en valeur sa silhouette gracieuse. Sa <strong data-start=\"825\" data-end=\"844\">queue duveteuse<\/strong>, ses <strong data-start=\"850\" data-end=\"874\">moustaches d\u00e9licates<\/strong> et la fourrure l\u00e9g\u00e8rement plus longue qui encadre son visage accentuent son expression douce et curieuse. Ses <strong data-start=\"985\" data-end=\"1047\">coussinets sculpt\u00e9s avec de charmants orteils chatouilleux<\/strong> t\u00e9moignent du soin apport\u00e9 aux d\u00e9tails. Pour parfaire son allure raffin\u00e9e, F\u00e9licette porte un <strong data-start=\"1142\" data-end=\"1173\">n\u0153ud rose orn\u00e9 d\u2019une broche<\/strong>, qui lui conf\u00e8re une touche de f\u00e9minit\u00e9 et d\u2019originalit\u00e9. Cette cr\u00e9ation pleine de charme est une v\u00e9ritable pi\u00e8ce d\u2019exception destin\u00e9e aux collectionneurs.<\/p>\n<hr data-start=\"1331\" data-end=\"1334\" \/>\n<h3 data-section-id=\"1mgrlw8\" data-start=\"1336\" data-end=\"1362\"><strong data-start=\"1340\" data-end=\"1362\">D\u00e9tails du produit<\/strong><\/h3>\n<ul data-start=\"1363\" data-end=\"1954\">\n<li data-section-id=\"1giacuv\" data-start=\"1363\" data-end=\"1386\">\n<p data-start=\"1365\" data-end=\"1386\"><strong data-start=\"1365\" data-end=\"1374\">Nom :<\/strong> F\u00e9licette<\/p>\n<\/li>\n<li data-section-id=\"avb26i\" data-start=\"1387\" data-end=\"1431\">\n<p data-start=\"1389\" data-end=\"1431\"><strong data-start=\"1389\" data-end=\"1399\">Type :<\/strong> Chat en peluche de collection<\/p>\n<\/li>\n<li data-section-id=\"1rpm1jm\" data-start=\"1432\" data-end=\"1462\">\n<p data-start=\"1434\" data-end=\"1462\"><strong data-start=\"1434\" data-end=\"1446\">Marque :<\/strong> Charlie Bears<\/p>\n<\/li>\n<li data-section-id=\"gm7xzf\" data-start=\"1463\" data-end=\"1503\">\n<p data-start=\"1465\" data-end=\"1503\"><strong data-start=\"1465\" data-end=\"1481\">Collection :<\/strong> Isabelle Collection<\/p>\n<\/li>\n<li data-section-id=\"toqfmq\" data-start=\"1504\" data-end=\"1535\">\n<p data-start=\"1506\" data-end=\"1535\"><strong data-start=\"1506\" data-end=\"1520\">Cr\u00e9ation :<\/strong> Isabelle Lee<\/p>\n<\/li>\n<li data-section-id=\"jv7t9k\" data-start=\"1536\" data-end=\"1587\">\n<p data-start=\"1538\" data-end=\"1587\"><strong data-start=\"1538\" data-end=\"1550\">Taille :<\/strong> 31 cm \u2013 12 inch \u2013 10 pattes d\u2019ours<\/p>\n<\/li>\n<li data-section-id=\"1rmhkb8\" data-start=\"1588\" data-end=\"1623\">\n<p data-start=\"1590\" data-end=\"1623\"><strong data-start=\"1590\" data-end=\"1604\">Mati\u00e8res :<\/strong> Mohair et Alpaga<\/p>\n<\/li>\n<li data-section-id=\"js0qgv\" data-start=\"1624\" data-end=\"1652\">\n<p data-start=\"1626\" data-end=\"1652\"><strong data-start=\"1626\" data-end=\"1639\">Couleur :<\/strong> Gris clair<\/p>\n<\/li>\n<li data-section-id=\"5fybxw\" data-start=\"1653\" data-end=\"1745\">\n<p data-start=\"1655\" data-end=\"1745\"><strong data-start=\"1655\" data-end=\"1668\">D\u00e9tails :<\/strong> Queue duveteuse, moustaches, coussinets sculpt\u00e9s avec orteils chatouilleux<\/p>\n<\/li>\n<li data-section-id=\"tyolfk\" data-start=\"1746\" data-end=\"1788\">\n<p data-start=\"1748\" data-end=\"1788\"><strong data-start=\"1748\" data-end=\"1764\">Accessoire :<\/strong> N\u0153ud rose avec broche<\/p>\n<\/li>\n<li data-section-id=\"k4lk5u\" data-start=\"1789\" data-end=\"1839\">\n<p data-start=\"1791\" data-end=\"1839\"><strong data-start=\"1791\" data-end=\"1810\">Articulations :<\/strong> 5 articulations classiques<\/p>\n<\/li>\n<li data-section-id=\"1acy8rx\" data-start=\"1840\" data-end=\"1891\">\n<p data-start=\"1842\" data-end=\"1891\"><strong data-start=\"1842\" data-end=\"1863\">\u00c9dition limit\u00e9e :<\/strong> 250 exemplaires num\u00e9rot\u00e9s<\/p>\n<\/li>\n<li data-section-id=\"1j3hzwe\" data-start=\"1892\" data-end=\"1954\">\n<p data-start=\"1894\" data-end=\"1954\"><strong data-start=\"1894\" data-end=\"1914\">\u00c2ge recommand\u00e9 :<\/strong> 14 ans et + (collectionneurs adultes)<\/p>\n<\/li>\n<\/ul>\n<hr data-start=\"1956\" data-end=\"1959\" \/>\n<p data-start=\"2005\" data-end=\"2550\">Avec sa fourrure luxueuse, ses d\u00e9tails d\u00e9licats et son expression attendrissante, <strong data-start=\"2087\" data-end=\"2100\">F\u00e9licette<\/strong> est un chat de collection qui attire imm\u00e9diatement le regard. Son \u00e9dition limit\u00e9e \u00e0 <strong data-start=\"2185\" data-end=\"2228\">seulement 250 exemplaires dans le monde<\/strong> en fait une pi\u00e8ce rare et recherch\u00e9e par les passionn\u00e9s de Charlie Bears.<br data-start=\"2302\" data-end=\"2305\" \/>En choisissant <strong data-start=\"2320\" data-end=\"2349\">Marielle au Pays des Ours<\/strong>, vous profitez d\u2019un <strong data-start=\"2370\" data-end=\"2408\">service client r\u00e9actif et attentif<\/strong>, toujours pr\u00eat \u00e0 vous accompagner dans votre adoption.<br data-start=\"2463\" data-end=\"2466\" \/>Et souvenez-vous : <strong data-start=\"2485\" data-end=\"2550\">il y a toujours de la place pour un ours\u2026 ou un chat de plus.<\/strong><\/p>\n","protected":false},"excerpt":{"rendered":"<p data-start=\"2605\" data-end=\"3644\"><strong data-start=\"2605\" data-end=\"2618\">F\u00e9licette<\/strong> est un chat de collection \u00e9l\u00e9gant issu de l\u2019Isabelle Collection de Charlie Bears. Confectionn\u00e9e dans un m\u00e9lange luxueux de <strong data-start=\"2742\" data-end=\"2775\">mohair et d\u2019alpaga gris clair<\/strong>, cette peluche poss\u00e8de une fourrure douce et soyeuse qui met en valeur sa silhouette gracieuse. Sa <strong data-start=\"2875\" data-end=\"2894\">queue duveteuse<\/strong>, ses <strong data-start=\"2900\" data-end=\"2924\">moustaches d\u00e9licates<\/strong> et les m\u00e8ches plus longues encadrant son visage lui donnent une expression particuli\u00e8rement attachante. Les <strong data-start=\"3033\" data-end=\"3056\">coussinets sculpt\u00e9s<\/strong>, avec leurs adorables orteils chatouilleux, t\u00e9moignent du niveau de d\u00e9tail et du savoir-faire artisanal propre aux cr\u00e9ations Charlie Bears. F\u00e9licette porte \u00e9galement un <strong data-start=\"3226\" data-end=\"3262\">joli n\u0153ud rose orn\u00e9 d\u2019une broche<\/strong>, apportant une touche de raffinement suppl\u00e9mentaire \u00e0 son apparence. Enti\u00e8rement articul\u00e9e, elle peut adopter diff\u00e9rentes poses et s\u2019int\u00e9grer harmonieusement dans une collection de peluches haut de gamme. Produite \u00e0 <strong data-start=\"3479\" data-end=\"3518\">seulement 250 exemplaires num\u00e9rot\u00e9s<\/strong>, F\u00e9licette est une pi\u00e8ce rare destin\u00e9e aux collectionneurs adultes qui appr\u00e9cient les cr\u00e9ations uniques et pleines de charme.<\/p>\n","protected":false},"featured_media":7351,"comment_status":"closed","ping_status":"closed","template":"","meta":{"_monsterinsights_skip_tracking":false,"_monsterinsights_sitenote_active":false,"_monsterinsights_sitenote_note":"","_monsterinsights_sitenote_category":0,"site-sidebar-layout":"default","site-content-layout":"","ast-site-content-layout":"default","site-content-style":"default","site-sidebar-style":"default","ast-global-header-display":"","ast-banner-title-visibility":"","ast-main-header-display":"","ast-hfb-above-header-display":"","ast-hfb-below-header-display":"","ast-hfb-mobile-header-display":"","site-post-title":"","ast-breadcrumbs-content":"","ast-featured-img":"","footer-sml-layout":"","ast-disable-related-posts":"","theme-transparent-header-meta":"default","adv-header-id-meta":"","stick-header-meta":"","header-above-stick-meta":"","header-main-stick-meta":"","header-below-stick-meta":"","astra-migrate-meta-layouts":"set","ast-page-background-enabled":"default","ast-page-background-meta":{"desktop":{"background-color":"","background-image":"","background-repeat":"repeat","background-position":"center center","background-size":"auto","background-attachment":"scroll","background-type":"","background-media":"","overlay-type":"","overlay-color":"","overlay-opacity":"","overlay-gradient":""},"tablet":{"background-color":"","background-image":"","background-repeat":"repeat","background-position":"center center","background-size":"auto","background-attachment":"scroll","background-type":"","background-media":"","overlay-type":"","overlay-color":"","overlay-opacity":"","overlay-gradient":""},"mobile":{"background-color":"","background-image":"","background-repeat":"repeat","background-position":"center center","background-size":"auto","background-attachment":"scroll","background-type":"","background-media":"","overlay-type":"","overlay-color":"","overlay-opacity":"","overlay-gradient":""}},"ast-content-background-meta":{"desktop":{"background-color":"var(--ast-global-color-5)","background-image":"","background-repeat":"repeat","background-position":"center center","background-size":"auto","background-attachment":"scroll","background-type":"","background-media":"","overlay-type":"","overlay-color":"","overlay-opacity":"","overlay-gradient":""},"tablet":{"background-color":"var(--ast-global-color-5)","background-image":"","background-repeat":"repeat","background-position":"center center","background-size":"auto","background-attachment":"scroll","background-type":"","background-media":"","overlay-type":"","overlay-color":"","overlay-opacity":"","overlay-gradient":""},"mobile":{"background-color":"var(--ast-global-color-5)","background-image":"","background-repeat":"repeat","background-position":"center center","background-size":"auto","background-attachment":"scroll","background-type":"","background-media":"","overlay-type":"","overlay-color":"","overlay-opacity":"","overlay-gradient":""}}},"product_brand":[],"product_cat":[33,42,28],"product_tag":[],"class_list":{"0":"post-7350","1":"product","2":"type-product","3":"status-publish","4":"has-post-thumbnail","6":"product_cat-animaux-de-compagnie","7":"product_cat-charlie-bears-peluches-collection","8":"product_cat-peluches","9":"product_shipping_class-peluches-grande-taille","10":"desktop-align-center","11":"tablet-align-left","12":"mobile-align-left","14":"first","15":"instock","16":"shipping-taxable","17":"purchasable","18":"product-type-simple"},"yoast_head":"<!-- This site is optimized with the Yoast SEO plugin v27.5 - https:\/\/yoast.com\/product\/yoast-seo-wordpress\/ -->\n<title>Chat en peluche Felicette - Charlie Bears \u2013 \u00e9dition limit\u00e9e<\/title>\n<meta name=\"description\" content=\"D\u00e9couvrez F\u00e9licette, chat en peluche Charlie Bears en mohair et alpaga. Isabelle Collection, \u00e9dition limit\u00e9e 250 pi\u00e8ces, 31 cm. Pi\u00e8ce de collection.\" \/>\n<meta name=\"robots\" content=\"index, follow, max-snippet:-1, max-image-preview:large, max-video-preview:-1\" \/>\n<link rel=\"canonical\" href=\"https:\/\/marielleaupaysdesours.fr\/index.php\/product\/chat-en-peluche-de-collection-felicette-charlie-bears-isabelle-collection\/\" \/>\n<meta property=\"og:locale\" content=\"fr_FR\" \/>\n<meta property=\"og:type\" content=\"article\" \/>\n<meta property=\"og:title\" content=\"Chat en peluche Felicette - Charlie Bears \u2013 \u00e9dition limit\u00e9e\" \/>\n<meta property=\"og:description\" content=\"D\u00e9couvrez F\u00e9licette, chat en peluche Charlie Bears en mohair et alpaga. Isabelle Collection, \u00e9dition limit\u00e9e 250 pi\u00e8ces, 31 cm. Pi\u00e8ce de collection.\" \/>\n<meta property=\"og:url\" content=\"https:\/\/marielleaupaysdesours.fr\/index.php\/product\/chat-en-peluche-de-collection-felicette-charlie-bears-isabelle-collection\/\" \/>\n<meta property=\"og:site_name\" content=\"Marielle au Pays des Ours | Vente en ligne de peluches\" \/>\n<meta property=\"article:modified_time\" content=\"2026-03-06T08:59:01+00:00\" \/>\n<meta property=\"og:image\" content=\"https:\/\/marielleaupaysdesours.fr\/wp-content\/uploads\/2025\/12\/e43e272f-157e-4c89-b555-db5590706980__49737.jpg\" \/>\n\t<meta property=\"og:image:width\" content=\"891\" \/>\n\t<meta property=\"og:image:height\" content=\"1200\" \/>\n\t<meta property=\"og:image:type\" content=\"image\/jpeg\" \/>\n<meta name=\"twitter:card\" content=\"summary_large_image\" \/>\n<meta name=\"twitter:label1\" content=\"Dur\u00e9e de lecture estim\u00e9e\" \/>\n\t<meta name=\"twitter:data1\" content=\"2 minutes\" \/>\n<script type=\"application\/ld+json\" class=\"yoast-schema-graph\">{\"@context\":\"https:\\\/\\\/schema.org\",\"@graph\":[{\"@type\":\"WebPage\",\"@id\":\"https:\\\/\\\/marielleaupaysdesours.fr\\\/index.php\\\/product\\\/chat-en-peluche-de-collection-felicette-charlie-bears-isabelle-collection\\\/\",\"url\":\"https:\\\/\\\/marielleaupaysdesours.fr\\\/index.php\\\/product\\\/chat-en-peluche-de-collection-felicette-charlie-bears-isabelle-collection\\\/\",\"name\":\"Chat en peluche Felicette - Charlie Bears \u2013 \u00e9dition limit\u00e9e\",\"isPartOf\":{\"@id\":\"https:\\\/\\\/marielleaupaysdesours.fr\\\/#website\"},\"primaryImageOfPage\":{\"@id\":\"https:\\\/\\\/marielleaupaysdesours.fr\\\/index.php\\\/product\\\/chat-en-peluche-de-collection-felicette-charlie-bears-isabelle-collection\\\/#primaryimage\"},\"image\":{\"@id\":\"https:\\\/\\\/marielleaupaysdesours.fr\\\/index.php\\\/product\\\/chat-en-peluche-de-collection-felicette-charlie-bears-isabelle-collection\\\/#primaryimage\"},\"thumbnailUrl\":\"https:\\\/\\\/marielleaupaysdesours.fr\\\/wp-content\\\/uploads\\\/2025\\\/12\\\/e43e272f-157e-4c89-b555-db5590706980__49737.jpg\",\"datePublished\":\"2025-12-22T10:45:47+00:00\",\"dateModified\":\"2026-03-06T08:59:01+00:00\",\"description\":\"D\u00e9couvrez F\u00e9licette, chat en peluche Charlie Bears en mohair et alpaga. Isabelle Collection, \u00e9dition limit\u00e9e 250 pi\u00e8ces, 31 cm. Pi\u00e8ce de collection.\",\"breadcrumb\":{\"@id\":\"https:\\\/\\\/marielleaupaysdesours.fr\\\/index.php\\\/product\\\/chat-en-peluche-de-collection-felicette-charlie-bears-isabelle-collection\\\/#breadcrumb\"},\"inLanguage\":\"fr-FR\",\"potentialAction\":[{\"@type\":\"ReadAction\",\"target\":[\"https:\\\/\\\/marielleaupaysdesours.fr\\\/index.php\\\/product\\\/chat-en-peluche-de-collection-felicette-charlie-bears-isabelle-collection\\\/\"]}]},{\"@type\":\"ImageObject\",\"inLanguage\":\"fr-FR\",\"@id\":\"https:\\\/\\\/marielleaupaysdesours.fr\\\/index.php\\\/product\\\/chat-en-peluche-de-collection-felicette-charlie-bears-isabelle-collection\\\/#primaryimage\",\"url\":\"https:\\\/\\\/marielleaupaysdesours.fr\\\/wp-content\\\/uploads\\\/2025\\\/12\\\/e43e272f-157e-4c89-b555-db5590706980__49737.jpg\",\"contentUrl\":\"https:\\\/\\\/marielleaupaysdesours.fr\\\/wp-content\\\/uploads\\\/2025\\\/12\\\/e43e272f-157e-4c89-b555-db5590706980__49737.jpg\",\"width\":891,\"height\":1200,\"caption\":\"Chat en peluche de collection Felicette - Charlie Bears \u2013 Isabelle Collection\"},{\"@type\":\"BreadcrumbList\",\"@id\":\"https:\\\/\\\/marielleaupaysdesours.fr\\\/index.php\\\/product\\\/chat-en-peluche-de-collection-felicette-charlie-bears-isabelle-collection\\\/#breadcrumb\",\"itemListElement\":[{\"@type\":\"ListItem\",\"position\":1,\"name\":\"Accueil\",\"item\":\"https:\\\/\\\/marielleaupaysdesours.fr\\\/\"},{\"@type\":\"ListItem\",\"position\":2,\"name\":\"Shop\",\"item\":\"https:\\\/\\\/marielleaupaysdesours.fr\\\/index.php\\\/shop\\\/\"},{\"@type\":\"ListItem\",\"position\":3,\"name\":\"Chat en peluche de collection Felicette &#8211; Charlie Bears \u2013 Isabelle Collection\"}]},{\"@type\":\"WebSite\",\"@id\":\"https:\\\/\\\/marielleaupaysdesours.fr\\\/#website\",\"url\":\"https:\\\/\\\/marielleaupaysdesours.fr\\\/\",\"name\":\"Marielle au Pays des Ours | Vente en ligne de peluches\",\"description\":\"vente en ligne de peluches\",\"publisher\":{\"@id\":\"https:\\\/\\\/marielleaupaysdesours.fr\\\/#organization\"},\"potentialAction\":[{\"@type\":\"SearchAction\",\"target\":{\"@type\":\"EntryPoint\",\"urlTemplate\":\"https:\\\/\\\/marielleaupaysdesours.fr\\\/?s={search_term_string}\"},\"query-input\":{\"@type\":\"PropertyValueSpecification\",\"valueRequired\":true,\"valueName\":\"search_term_string\"}}],\"inLanguage\":\"fr-FR\"},{\"@type\":\"Organization\",\"@id\":\"https:\\\/\\\/marielleaupaysdesours.fr\\\/#organization\",\"name\":\"Marielle au Pays des Ours | Vente en ligne de peluches\",\"url\":\"https:\\\/\\\/marielleaupaysdesours.fr\\\/\",\"logo\":{\"@type\":\"ImageObject\",\"inLanguage\":\"fr-FR\",\"@id\":\"https:\\\/\\\/marielleaupaysdesours.fr\\\/#\\\/schema\\\/logo\\\/image\\\/\",\"url\":\"https:\\\/\\\/marielleaupaysdesours.fr\\\/wp-content\\\/uploads\\\/2020\\\/10\\\/logo-marielle-light.jpg\",\"contentUrl\":\"https:\\\/\\\/marielleaupaysdesours.fr\\\/wp-content\\\/uploads\\\/2020\\\/10\\\/logo-marielle-light.jpg\",\"width\":500,\"height\":500,\"caption\":\"Marielle au Pays des Ours | Vente en ligne de peluches\"},\"image\":{\"@id\":\"https:\\\/\\\/marielleaupaysdesours.fr\\\/#\\\/schema\\\/logo\\\/image\\\/\"}}]}<\/script>\n<!-- \/ Yoast SEO plugin. -->","yoast_head_json":{"title":"Chat en peluche Felicette - Charlie Bears \u2013 \u00e9dition limit\u00e9e","description":"D\u00e9couvrez F\u00e9licette, chat en peluche Charlie Bears en mohair et alpaga. Isabelle Collection, \u00e9dition limit\u00e9e 250 pi\u00e8ces, 31 cm. Pi\u00e8ce de collection.","robots":{"index":"index","follow":"follow","max-snippet":"max-snippet:-1","max-image-preview":"max-image-preview:large","max-video-preview":"max-video-preview:-1"},"canonical":"https:\/\/marielleaupaysdesours.fr\/index.php\/product\/chat-en-peluche-de-collection-felicette-charlie-bears-isabelle-collection\/","og_locale":"fr_FR","og_type":"article","og_title":"Chat en peluche Felicette - Charlie Bears \u2013 \u00e9dition limit\u00e9e","og_description":"D\u00e9couvrez F\u00e9licette, chat en peluche Charlie Bears en mohair et alpaga. Isabelle Collection, \u00e9dition limit\u00e9e 250 pi\u00e8ces, 31 cm. Pi\u00e8ce de collection.","og_url":"https:\/\/marielleaupaysdesours.fr\/index.php\/product\/chat-en-peluche-de-collection-felicette-charlie-bears-isabelle-collection\/","og_site_name":"Marielle au Pays des Ours | Vente en ligne de peluches","article_modified_time":"2026-03-06T08:59:01+00:00","og_image":[{"width":891,"height":1200,"url":"https:\/\/marielleaupaysdesours.fr\/wp-content\/uploads\/2025\/12\/e43e272f-157e-4c89-b555-db5590706980__49737.jpg","type":"image\/jpeg"}],"twitter_card":"summary_large_image","twitter_misc":{"Dur\u00e9e de lecture estim\u00e9e":"2 minutes"},"schema":{"@context":"https:\/\/schema.org","@graph":[{"@type":"WebPage","@id":"https:\/\/marielleaupaysdesours.fr\/index.php\/product\/chat-en-peluche-de-collection-felicette-charlie-bears-isabelle-collection\/","url":"https:\/\/marielleaupaysdesours.fr\/index.php\/product\/chat-en-peluche-de-collection-felicette-charlie-bears-isabelle-collection\/","name":"Chat en peluche Felicette - Charlie Bears \u2013 \u00e9dition limit\u00e9e","isPartOf":{"@id":"https:\/\/marielleaupaysdesours.fr\/#website"},"primaryImageOfPage":{"@id":"https:\/\/marielleaupaysdesours.fr\/index.php\/product\/chat-en-peluche-de-collection-felicette-charlie-bears-isabelle-collection\/#primaryimage"},"image":{"@id":"https:\/\/marielleaupaysdesours.fr\/index.php\/product\/chat-en-peluche-de-collection-felicette-charlie-bears-isabelle-collection\/#primaryimage"},"thumbnailUrl":"https:\/\/marielleaupaysdesours.fr\/wp-content\/uploads\/2025\/12\/e43e272f-157e-4c89-b555-db5590706980__49737.jpg","datePublished":"2025-12-22T10:45:47+00:00","dateModified":"2026-03-06T08:59:01+00:00","description":"D\u00e9couvrez F\u00e9licette, chat en peluche Charlie Bears en mohair et alpaga. Isabelle Collection, \u00e9dition limit\u00e9e 250 pi\u00e8ces, 31 cm. Pi\u00e8ce de collection.","breadcrumb":{"@id":"https:\/\/marielleaupaysdesours.fr\/index.php\/product\/chat-en-peluche-de-collection-felicette-charlie-bears-isabelle-collection\/#breadcrumb"},"inLanguage":"fr-FR","potentialAction":[{"@type":"ReadAction","target":["https:\/\/marielleaupaysdesours.fr\/index.php\/product\/chat-en-peluche-de-collection-felicette-charlie-bears-isabelle-collection\/"]}]},{"@type":"ImageObject","inLanguage":"fr-FR","@id":"https:\/\/marielleaupaysdesours.fr\/index.php\/product\/chat-en-peluche-de-collection-felicette-charlie-bears-isabelle-collection\/#primaryimage","url":"https:\/\/marielleaupaysdesours.fr\/wp-content\/uploads\/2025\/12\/e43e272f-157e-4c89-b555-db5590706980__49737.jpg","contentUrl":"https:\/\/marielleaupaysdesours.fr\/wp-content\/uploads\/2025\/12\/e43e272f-157e-4c89-b555-db5590706980__49737.jpg","width":891,"height":1200,"caption":"Chat en peluche de collection Felicette - Charlie Bears \u2013 Isabelle Collection"},{"@type":"BreadcrumbList","@id":"https:\/\/marielleaupaysdesours.fr\/index.php\/product\/chat-en-peluche-de-collection-felicette-charlie-bears-isabelle-collection\/#breadcrumb","itemListElement":[{"@type":"ListItem","position":1,"name":"Accueil","item":"https:\/\/marielleaupaysdesours.fr\/"},{"@type":"ListItem","position":2,"name":"Shop","item":"https:\/\/marielleaupaysdesours.fr\/index.php\/shop\/"},{"@type":"ListItem","position":3,"name":"Chat en peluche de collection Felicette &#8211; Charlie Bears \u2013 Isabelle Collection"}]},{"@type":"WebSite","@id":"https:\/\/marielleaupaysdesours.fr\/#website","url":"https:\/\/marielleaupaysdesours.fr\/","name":"Marielle au Pays des Ours | Vente en ligne de peluches","description":"vente en ligne de peluches","publisher":{"@id":"https:\/\/marielleaupaysdesours.fr\/#organization"},"potentialAction":[{"@type":"SearchAction","target":{"@type":"EntryPoint","urlTemplate":"https:\/\/marielleaupaysdesours.fr\/?s={search_term_string}"},"query-input":{"@type":"PropertyValueSpecification","valueRequired":true,"valueName":"search_term_string"}}],"inLanguage":"fr-FR"},{"@type":"Organization","@id":"https:\/\/marielleaupaysdesours.fr\/#organization","name":"Marielle au Pays des Ours | Vente en ligne de peluches","url":"https:\/\/marielleaupaysdesours.fr\/","logo":{"@type":"ImageObject","inLanguage":"fr-FR","@id":"https:\/\/marielleaupaysdesours.fr\/#\/schema\/logo\/image\/","url":"https:\/\/marielleaupaysdesours.fr\/wp-content\/uploads\/2020\/10\/logo-marielle-light.jpg","contentUrl":"https:\/\/marielleaupaysdesours.fr\/wp-content\/uploads\/2020\/10\/logo-marielle-light.jpg","width":500,"height":500,"caption":"Marielle au Pays des Ours | Vente en ligne de peluches"},"image":{"@id":"https:\/\/marielleaupaysdesours.fr\/#\/schema\/logo\/image\/"}}]}},"jetpack_sharing_enabled":true,"_links":{"self":[{"href":"https:\/\/marielleaupaysdesours.fr\/index.php\/wp-json\/wp\/v2\/product\/7350","targetHints":{"allow":["GET"]}}],"collection":[{"href":"https:\/\/marielleaupaysdesours.fr\/index.php\/wp-json\/wp\/v2\/product"}],"about":[{"href":"https:\/\/marielleaupaysdesours.fr\/index.php\/wp-json\/wp\/v2\/types\/product"}],"replies":[{"embeddable":true,"href":"https:\/\/marielleaupaysdesours.fr\/index.php\/wp-json\/wp\/v2\/comments?post=7350"}],"version-history":[{"count":4,"href":"https:\/\/marielleaupaysdesours.fr\/index.php\/wp-json\/wp\/v2\/product\/7350\/revisions"}],"predecessor-version":[{"id":7480,"href":"https:\/\/marielleaupaysdesours.fr\/index.php\/wp-json\/wp\/v2\/product\/7350\/revisions\/7480"}],"wp:featuredmedia":[{"embeddable":true,"href":"https:\/\/marielleaupaysdesours.fr\/index.php\/wp-json\/wp\/v2\/media\/7351"}],"wp:attachment":[{"href":"https:\/\/marielleaupaysdesours.fr\/index.php\/wp-json\/wp\/v2\/media?parent=7350"}],"wp:term":[{"taxonomy":"product_brand","embeddable":true,"href":"https:\/\/marielleaupaysdesours.fr\/index.php\/wp-json\/wp\/v2\/product_brand?post=7350"},{"taxonomy":"product_cat","embeddable":true,"href":"https:\/\/marielleaupaysdesours.fr\/index.php\/wp-json\/wp\/v2\/product_cat?post=7350"},{"taxonomy":"product_tag","embeddable":true,"href":"https:\/\/marielleaupaysdesours.fr\/index.php\/wp-json\/wp\/v2\/product_tag?post=7350"}],"curies":[{"name":"wp","href":"https:\/\/api.w.org\/{rel}","templated":true}]}}