{"id":7222,"date":"2025-11-28T13:54:14","date_gmt":"2025-11-28T12:54:14","guid":{"rendered":"https:\/\/marielleaupaysdesours.fr\/?post_type=product&#038;p=7222"},"modified":"2025-12-27T10:49:14","modified_gmt":"2025-12-27T09:49:14","slug":"ours-en-peluche-mr-jones-charlie-bears-collection-our-journey-so-far-2025","status":"publish","type":"product","link":"https:\/\/marielleaupaysdesours.fr\/index.php\/product\/ours-en-peluche-mr-jones-charlie-bears-collection-our-journey-so-far-2025\/","title":{"rendered":"Ours en Peluche MR JONES &#8211; CHARLIE BEARS &#8211; Collection Our Journey so Far 2025"},"content":{"rendered":"<p data-start=\"133\" data-end=\"1020\">Voici <strong data-start=\"139\" data-end=\"151\">Mr Jones<\/strong>, un ours en peluche \u00e9clatant issu de la collection <strong data-start=\"203\" data-end=\"230\">Our Journey so Far 2025<\/strong> sign\u00e9e <a href=\"https:\/\/marielleaupaysdesours.fr\/index.php\/peluches-charlie-bears\/\"><strong data-start=\"238\" data-end=\"255\">Charlie Bears<\/strong><\/a>. Confectionn\u00e9 \u00e0 partir d\u2019une somptueuse fourrure moelleuse aux nuances de <strong data-start=\"330\" data-end=\"356\">mangue et de miel dor\u00e9<\/strong>, Mr Jones d\u00e9gage une \u00e9nergie positive et un charme irr\u00e9sistible. Aussi, son museau \u00e0 poils ras plus clairs met en valeur son petit nez brun cousu \u00e0 la main, tandis que ses grands yeux expressifs semblent presque prendre vie. Et, chaque d\u00e9tail de ce mod\u00e8le, imagin\u00e9 par <strong data-start=\"615\" data-end=\"631\">Isabelle Lee<\/strong> en collaboration avec <strong data-start=\"654\" data-end=\"674\">Charlotte Morris<\/strong>, refl\u00e8te le savoir-faire artisanal de la marque. Ses coussinets sculpt\u00e9s, avec leurs orteils chatouilleux, ajoutent une touche r\u00e9aliste et pleine de tendresse. Habill\u00e9 d\u2019un \u00e9l\u00e9gant n\u0153ud bicolore brun et beige, Mr Jones est un ours rayonnant, attachant et plein de caract\u00e8re, parfait pour les collectionneurs et les amoureux de belles peluches.<\/p>\n<h3 data-start=\"1027\" data-end=\"1056\"><\/h3>\n<h3 data-start=\"1027\" data-end=\"1056\"><strong data-start=\"1034\" data-end=\"1056\">D\u00e9tails du produit<\/strong><\/h3>\n<ul data-start=\"1057\" data-end=\"1503\">\n<li data-start=\"1057\" data-end=\"1079\">\n<p data-start=\"1059\" data-end=\"1079\"><strong data-start=\"1059\" data-end=\"1068\">Nom :<\/strong> Mr Jones<\/p>\n<\/li>\n<li data-start=\"1080\" data-end=\"1110\">\n<p data-start=\"1082\" data-end=\"1110\"><strong data-start=\"1082\" data-end=\"1094\">Marque :<\/strong> Charlie Bears<\/p>\n<\/li>\n<li data-start=\"1111\" data-end=\"1155\">\n<p data-start=\"1113\" data-end=\"1155\"><strong data-start=\"1113\" data-end=\"1129\">Collection :<\/strong> Our Journey so Far 2025<\/p>\n<\/li>\n<li data-start=\"1156\" data-end=\"1206\">\n<p data-start=\"1158\" data-end=\"1206\"><strong data-start=\"1158\" data-end=\"1172\">Cr\u00e9ation :<\/strong> Isabelle Lee &amp; Charlotte Morris<\/p>\n<\/li>\n<li data-start=\"1207\" data-end=\"1239\">\n<p data-start=\"1209\" data-end=\"1239\"><strong data-start=\"1209\" data-end=\"1221\">Taille :<\/strong> 36 cm \u2013 14 inch<\/p>\n<\/li>\n<li data-start=\"1240\" data-end=\"1291\">\n<p data-start=\"1242\" data-end=\"1291\"><strong data-start=\"1242\" data-end=\"1255\">Mati\u00e8re :<\/strong> Fourrure moelleuse mangue et miel<\/p>\n<\/li>\n<li data-start=\"1292\" data-end=\"1342\">\n<p data-start=\"1294\" data-end=\"1342\"><strong data-start=\"1294\" data-end=\"1313\">Articulations :<\/strong> 5 articulations classiques<\/p>\n<\/li>\n<li data-start=\"1343\" data-end=\"1391\">\n<p data-start=\"1345\" data-end=\"1391\"><strong data-start=\"1345\" data-end=\"1361\">Accessoire :<\/strong> N\u0153ud bicolore brun et beige<\/p>\n<\/li>\n<li data-start=\"1392\" data-end=\"1441\">\n<p data-start=\"1394\" data-end=\"1441\"><strong data-start=\"1394\" data-end=\"1409\">Entretien :<\/strong> Lavage d\u00e9licat 30\u00b0 en surface<\/p>\n<\/li>\n<li data-start=\"1442\" data-end=\"1476\">\n<p data-start=\"1444\" data-end=\"1476\"><strong data-start=\"1444\" data-end=\"1464\">\u00c2ge recommand\u00e9 :<\/strong> D\u00e8s 3 ans<\/p>\n<\/li>\n<li data-start=\"1477\" data-end=\"1503\">\n<p data-start=\"1479\" data-end=\"1503\"><strong data-start=\"1479\" data-end=\"1491\">Normes :<\/strong> CE \/ EN71<\/p>\n<\/li>\n<\/ul>\n<p data-start=\"1557\" data-end=\"2085\">Ainsi, avec son pelage \u00e9clatant et son regard malicieux, <strong data-start=\"1607\" data-end=\"1619\">Mr Jones<\/strong> incarne la joie et la tendresse qui font la renomm\u00e9e des cr\u00e9ations <strong data-start=\"1687\" data-end=\"1704\">Charlie Bears<\/strong>. Aussi, chaque exemplaire est une invitation au c\u00e2lin et au sourire, une pi\u00e8ce pleine de personnalit\u00e9 qui illumine toute collection. Et parce que <strong data-start=\"1844\" data-end=\"1873\">Marielle au Pays des Ours<\/strong> met un point d\u2019honneur \u00e0 satisfaire ses clients, vous b\u00e9n\u00e9ficiez d\u2019un <strong data-start=\"1944\" data-end=\"1987\">service apr\u00e8s-vente attentif et r\u00e9actif<\/strong>, pour une exp\u00e9rience d\u2019achat tout en douceur.<br data-start=\"2033\" data-end=\"2036\" \/>Ainsi, Il y a toujours de la place pour un ours de plus\u2026<\/p>\n","protected":false},"excerpt":{"rendered":"<p>Voici <strong data-start=\"139\" data-end=\"151\">Mr Jones<\/strong>, un ours en peluche \u00e9clatant issu de la collection <strong data-start=\"203\" data-end=\"230\">Our Journey so Far 2025<\/strong> sign\u00e9e <a href=\"https:\/\/marielleaupaysdesours.fr\/index.php\/peluches-charlie-bears\/\"><strong data-start=\"238\" data-end=\"255\">Charlie Bears<\/strong><\/a>. Confectionn\u00e9 \u00e0 partir d\u2019une somptueuse fourrure moelleuse aux nuances de <strong data-start=\"330\" data-end=\"356\">mangue et de miel dor\u00e9<\/strong>, Mr Jones d\u00e9gage une \u00e9nergie positive et un charme irr\u00e9sistible. Son museau \u00e0 poils ras plus clairs met en valeur son petit nez brun cousu \u00e0 la main, tandis que ses grands yeux expressifs semblent presque prendre vie. Chaque d\u00e9tail de ce mod\u00e8le, imagin\u00e9 par <strong data-start=\"615\" data-end=\"631\">Isabelle Lee<\/strong> en collaboration avec <strong data-start=\"654\" data-end=\"674\">Charlotte Morris<\/strong>, refl\u00e8te le savoir-faire artisanal de la marque. Ses coussinets sculpt\u00e9s, avec leurs orteils chatouilleux, ajoutent une touche r\u00e9aliste et pleine de tendresse. Habill\u00e9 d\u2019un \u00e9l\u00e9gant n\u0153ud bicolore brun et beige, Mr Jones est un ours rayonnant, attachant et plein de caract\u00e8re, parfait pour les collectionneurs et les amoureux de belles peluches.<\/p>\n","protected":false},"featured_media":7223,"comment_status":"closed","ping_status":"closed","template":"","meta":{"_monsterinsights_skip_tracking":false,"_monsterinsights_sitenote_active":false,"_monsterinsights_sitenote_note":"","_monsterinsights_sitenote_category":0,"site-sidebar-layout":"default","site-content-layout":"","ast-site-content-layout":"default","site-content-style":"default","site-sidebar-style":"default","ast-global-header-display":"","ast-banner-title-visibility":"","ast-main-header-display":"","ast-hfb-above-header-display":"","ast-hfb-below-header-display":"","ast-hfb-mobile-header-display":"","site-post-title":"","ast-breadcrumbs-content":"","ast-featured-img":"","footer-sml-layout":"","ast-disable-related-posts":"","theme-transparent-header-meta":"default","adv-header-id-meta":"","stick-header-meta":"","header-above-stick-meta":"","header-main-stick-meta":"","header-below-stick-meta":"","astra-migrate-meta-layouts":"set","ast-page-background-enabled":"default","ast-page-background-meta":{"desktop":{"background-color":"","background-image":"","background-repeat":"repeat","background-position":"center center","background-size":"auto","background-attachment":"scroll","background-type":"","background-media":"","overlay-type":"","overlay-color":"","overlay-opacity":"","overlay-gradient":""},"tablet":{"background-color":"","background-image":"","background-repeat":"repeat","background-position":"center center","background-size":"auto","background-attachment":"scroll","background-type":"","background-media":"","overlay-type":"","overlay-color":"","overlay-opacity":"","overlay-gradient":""},"mobile":{"background-color":"","background-image":"","background-repeat":"repeat","background-position":"center center","background-size":"auto","background-attachment":"scroll","background-type":"","background-media":"","overlay-type":"","overlay-color":"","overlay-opacity":"","overlay-gradient":""}},"ast-content-background-meta":{"desktop":{"background-color":"var(--ast-global-color-5)","background-image":"","background-repeat":"repeat","background-position":"center center","background-size":"auto","background-attachment":"scroll","background-type":"","background-media":"","overlay-type":"","overlay-color":"","overlay-opacity":"","overlay-gradient":""},"tablet":{"background-color":"var(--ast-global-color-5)","background-image":"","background-repeat":"repeat","background-position":"center center","background-size":"auto","background-attachment":"scroll","background-type":"","background-media":"","overlay-type":"","overlay-color":"","overlay-opacity":"","overlay-gradient":""},"mobile":{"background-color":"var(--ast-global-color-5)","background-image":"","background-repeat":"repeat","background-position":"center center","background-size":"auto","background-attachment":"scroll","background-type":"","background-media":"","overlay-type":"","overlay-color":"","overlay-opacity":"","overlay-gradient":""}}},"product_brand":[66],"product_cat":[42,30,28],"product_tag":[],"class_list":{"0":"post-7222","1":"product","2":"type-product","3":"status-publish","4":"has-post-thumbnail","6":"product_brand-charlie-bears","7":"product_cat-charlie-bears-peluches-collection","8":"product_cat-ours","9":"product_cat-peluches","10":"product_shipping_class-peluches-grande-taille","11":"desktop-align-center","12":"tablet-align-left","13":"mobile-align-left","15":"first","16":"instock","17":"shipping-taxable","18":"purchasable","19":"product-type-simple"},"yoast_head":"<!-- This site is optimized with the Yoast SEO plugin v27.5 - https:\/\/yoast.com\/product\/yoast-seo-wordpress\/ -->\n<title>Ours en Peluche Mr Jones - Charlie Bears - Our Journey so Far<\/title>\n<meta name=\"description\" content=\"D\u00e9couvrez Mr Jones, ours en peluche Charlie Bears 2025 au pelage mangue doux. Articul\u00e9, \u00e9l\u00e9gant et attachant, parfait pour collection ou cadeau tendre.\" \/>\n<meta name=\"robots\" content=\"index, follow, max-snippet:-1, max-image-preview:large, max-video-preview:-1\" \/>\n<link rel=\"canonical\" href=\"https:\/\/marielleaupaysdesours.fr\/index.php\/product\/ours-en-peluche-mr-jones-charlie-bears-collection-our-journey-so-far-2025\/\" \/>\n<meta property=\"og:locale\" content=\"fr_FR\" \/>\n<meta property=\"og:type\" content=\"article\" \/>\n<meta property=\"og:title\" content=\"Ours en Peluche Mr Jones - Charlie Bears - Our Journey so Far\" \/>\n<meta property=\"og:description\" content=\"D\u00e9couvrez Mr Jones, ours en peluche Charlie Bears 2025 au pelage mangue doux. Articul\u00e9, \u00e9l\u00e9gant et attachant, parfait pour collection ou cadeau tendre.\" \/>\n<meta property=\"og:url\" content=\"https:\/\/marielleaupaysdesours.fr\/index.php\/product\/ours-en-peluche-mr-jones-charlie-bears-collection-our-journey-so-far-2025\/\" \/>\n<meta property=\"og:site_name\" content=\"Marielle au Pays des Ours | Vente en ligne de peluches\" \/>\n<meta property=\"article:modified_time\" content=\"2025-12-27T09:49:14+00:00\" \/>\n<meta property=\"og:image\" content=\"https:\/\/marielleaupaysdesours.fr\/wp-content\/uploads\/2025\/11\/tumbnail_ffcaf39f-a794-489e-b076-0b6acadaebde.webp\" \/>\n\t<meta property=\"og:image:width\" content=\"700\" \/>\n\t<meta property=\"og:image:height\" content=\"700\" \/>\n\t<meta property=\"og:image:type\" content=\"image\/webp\" \/>\n<meta name=\"twitter:card\" content=\"summary_large_image\" \/>\n<meta name=\"twitter:label1\" content=\"Dur\u00e9e de lecture estim\u00e9e\" \/>\n\t<meta name=\"twitter:data1\" content=\"2 minutes\" \/>\n<script type=\"application\/ld+json\" class=\"yoast-schema-graph\">{\"@context\":\"https:\\\/\\\/schema.org\",\"@graph\":[{\"@type\":\"WebPage\",\"@id\":\"https:\\\/\\\/marielleaupaysdesours.fr\\\/index.php\\\/product\\\/ours-en-peluche-mr-jones-charlie-bears-collection-our-journey-so-far-2025\\\/\",\"url\":\"https:\\\/\\\/marielleaupaysdesours.fr\\\/index.php\\\/product\\\/ours-en-peluche-mr-jones-charlie-bears-collection-our-journey-so-far-2025\\\/\",\"name\":\"Ours en Peluche Mr Jones - Charlie Bears - Our Journey so Far\",\"isPartOf\":{\"@id\":\"https:\\\/\\\/marielleaupaysdesours.fr\\\/#website\"},\"primaryImageOfPage\":{\"@id\":\"https:\\\/\\\/marielleaupaysdesours.fr\\\/index.php\\\/product\\\/ours-en-peluche-mr-jones-charlie-bears-collection-our-journey-so-far-2025\\\/#primaryimage\"},\"image\":{\"@id\":\"https:\\\/\\\/marielleaupaysdesours.fr\\\/index.php\\\/product\\\/ours-en-peluche-mr-jones-charlie-bears-collection-our-journey-so-far-2025\\\/#primaryimage\"},\"thumbnailUrl\":\"https:\\\/\\\/marielleaupaysdesours.fr\\\/wp-content\\\/uploads\\\/2025\\\/11\\\/tumbnail_ffcaf39f-a794-489e-b076-0b6acadaebde.webp\",\"datePublished\":\"2025-11-28T12:54:14+00:00\",\"dateModified\":\"2025-12-27T09:49:14+00:00\",\"description\":\"D\u00e9couvrez Mr Jones, ours en peluche Charlie Bears 2025 au pelage mangue doux. Articul\u00e9, \u00e9l\u00e9gant et attachant, parfait pour collection ou cadeau tendre.\",\"breadcrumb\":{\"@id\":\"https:\\\/\\\/marielleaupaysdesours.fr\\\/index.php\\\/product\\\/ours-en-peluche-mr-jones-charlie-bears-collection-our-journey-so-far-2025\\\/#breadcrumb\"},\"inLanguage\":\"fr-FR\",\"potentialAction\":[{\"@type\":\"ReadAction\",\"target\":[\"https:\\\/\\\/marielleaupaysdesours.fr\\\/index.php\\\/product\\\/ours-en-peluche-mr-jones-charlie-bears-collection-our-journey-so-far-2025\\\/\"]}]},{\"@type\":\"ImageObject\",\"inLanguage\":\"fr-FR\",\"@id\":\"https:\\\/\\\/marielleaupaysdesours.fr\\\/index.php\\\/product\\\/ours-en-peluche-mr-jones-charlie-bears-collection-our-journey-so-far-2025\\\/#primaryimage\",\"url\":\"https:\\\/\\\/marielleaupaysdesours.fr\\\/wp-content\\\/uploads\\\/2025\\\/11\\\/tumbnail_ffcaf39f-a794-489e-b076-0b6acadaebde.webp\",\"contentUrl\":\"https:\\\/\\\/marielleaupaysdesours.fr\\\/wp-content\\\/uploads\\\/2025\\\/11\\\/tumbnail_ffcaf39f-a794-489e-b076-0b6acadaebde.webp\",\"width\":700,\"height\":700,\"caption\":\"Ours en Peluche MR JONES - CHARLIE BEARS - Collection Our Journey so Far 2025\"},{\"@type\":\"BreadcrumbList\",\"@id\":\"https:\\\/\\\/marielleaupaysdesours.fr\\\/index.php\\\/product\\\/ours-en-peluche-mr-jones-charlie-bears-collection-our-journey-so-far-2025\\\/#breadcrumb\",\"itemListElement\":[{\"@type\":\"ListItem\",\"position\":1,\"name\":\"Accueil\",\"item\":\"https:\\\/\\\/marielleaupaysdesours.fr\\\/\"},{\"@type\":\"ListItem\",\"position\":2,\"name\":\"Shop\",\"item\":\"https:\\\/\\\/marielleaupaysdesours.fr\\\/index.php\\\/shop\\\/\"},{\"@type\":\"ListItem\",\"position\":3,\"name\":\"Ours en Peluche MR JONES &#8211; CHARLIE BEARS &#8211; Collection Our Journey so Far 2025\"}]},{\"@type\":\"WebSite\",\"@id\":\"https:\\\/\\\/marielleaupaysdesours.fr\\\/#website\",\"url\":\"https:\\\/\\\/marielleaupaysdesours.fr\\\/\",\"name\":\"Marielle au Pays des Ours | Vente en ligne de peluches\",\"description\":\"vente en ligne de peluches\",\"publisher\":{\"@id\":\"https:\\\/\\\/marielleaupaysdesours.fr\\\/#organization\"},\"potentialAction\":[{\"@type\":\"SearchAction\",\"target\":{\"@type\":\"EntryPoint\",\"urlTemplate\":\"https:\\\/\\\/marielleaupaysdesours.fr\\\/?s={search_term_string}\"},\"query-input\":{\"@type\":\"PropertyValueSpecification\",\"valueRequired\":true,\"valueName\":\"search_term_string\"}}],\"inLanguage\":\"fr-FR\"},{\"@type\":\"Organization\",\"@id\":\"https:\\\/\\\/marielleaupaysdesours.fr\\\/#organization\",\"name\":\"Marielle au Pays des Ours | Vente en ligne de peluches\",\"url\":\"https:\\\/\\\/marielleaupaysdesours.fr\\\/\",\"logo\":{\"@type\":\"ImageObject\",\"inLanguage\":\"fr-FR\",\"@id\":\"https:\\\/\\\/marielleaupaysdesours.fr\\\/#\\\/schema\\\/logo\\\/image\\\/\",\"url\":\"https:\\\/\\\/marielleaupaysdesours.fr\\\/wp-content\\\/uploads\\\/2020\\\/10\\\/logo-marielle-light.jpg\",\"contentUrl\":\"https:\\\/\\\/marielleaupaysdesours.fr\\\/wp-content\\\/uploads\\\/2020\\\/10\\\/logo-marielle-light.jpg\",\"width\":500,\"height\":500,\"caption\":\"Marielle au Pays des Ours | Vente en ligne de peluches\"},\"image\":{\"@id\":\"https:\\\/\\\/marielleaupaysdesours.fr\\\/#\\\/schema\\\/logo\\\/image\\\/\"}}]}<\/script>\n<!-- \/ Yoast SEO plugin. -->","yoast_head_json":{"title":"Ours en Peluche Mr Jones - Charlie Bears - Our Journey so Far","description":"D\u00e9couvrez Mr Jones, ours en peluche Charlie Bears 2025 au pelage mangue doux. Articul\u00e9, \u00e9l\u00e9gant et attachant, parfait pour collection ou cadeau tendre.","robots":{"index":"index","follow":"follow","max-snippet":"max-snippet:-1","max-image-preview":"max-image-preview:large","max-video-preview":"max-video-preview:-1"},"canonical":"https:\/\/marielleaupaysdesours.fr\/index.php\/product\/ours-en-peluche-mr-jones-charlie-bears-collection-our-journey-so-far-2025\/","og_locale":"fr_FR","og_type":"article","og_title":"Ours en Peluche Mr Jones - Charlie Bears - Our Journey so Far","og_description":"D\u00e9couvrez Mr Jones, ours en peluche Charlie Bears 2025 au pelage mangue doux. Articul\u00e9, \u00e9l\u00e9gant et attachant, parfait pour collection ou cadeau tendre.","og_url":"https:\/\/marielleaupaysdesours.fr\/index.php\/product\/ours-en-peluche-mr-jones-charlie-bears-collection-our-journey-so-far-2025\/","og_site_name":"Marielle au Pays des Ours | Vente en ligne de peluches","article_modified_time":"2025-12-27T09:49:14+00:00","og_image":[{"width":700,"height":700,"url":"https:\/\/marielleaupaysdesours.fr\/wp-content\/uploads\/2025\/11\/tumbnail_ffcaf39f-a794-489e-b076-0b6acadaebde.webp","type":"image\/webp"}],"twitter_card":"summary_large_image","twitter_misc":{"Dur\u00e9e de lecture estim\u00e9e":"2 minutes"},"schema":{"@context":"https:\/\/schema.org","@graph":[{"@type":"WebPage","@id":"https:\/\/marielleaupaysdesours.fr\/index.php\/product\/ours-en-peluche-mr-jones-charlie-bears-collection-our-journey-so-far-2025\/","url":"https:\/\/marielleaupaysdesours.fr\/index.php\/product\/ours-en-peluche-mr-jones-charlie-bears-collection-our-journey-so-far-2025\/","name":"Ours en Peluche Mr Jones - Charlie Bears - Our Journey so Far","isPartOf":{"@id":"https:\/\/marielleaupaysdesours.fr\/#website"},"primaryImageOfPage":{"@id":"https:\/\/marielleaupaysdesours.fr\/index.php\/product\/ours-en-peluche-mr-jones-charlie-bears-collection-our-journey-so-far-2025\/#primaryimage"},"image":{"@id":"https:\/\/marielleaupaysdesours.fr\/index.php\/product\/ours-en-peluche-mr-jones-charlie-bears-collection-our-journey-so-far-2025\/#primaryimage"},"thumbnailUrl":"https:\/\/marielleaupaysdesours.fr\/wp-content\/uploads\/2025\/11\/tumbnail_ffcaf39f-a794-489e-b076-0b6acadaebde.webp","datePublished":"2025-11-28T12:54:14+00:00","dateModified":"2025-12-27T09:49:14+00:00","description":"D\u00e9couvrez Mr Jones, ours en peluche Charlie Bears 2025 au pelage mangue doux. Articul\u00e9, \u00e9l\u00e9gant et attachant, parfait pour collection ou cadeau tendre.","breadcrumb":{"@id":"https:\/\/marielleaupaysdesours.fr\/index.php\/product\/ours-en-peluche-mr-jones-charlie-bears-collection-our-journey-so-far-2025\/#breadcrumb"},"inLanguage":"fr-FR","potentialAction":[{"@type":"ReadAction","target":["https:\/\/marielleaupaysdesours.fr\/index.php\/product\/ours-en-peluche-mr-jones-charlie-bears-collection-our-journey-so-far-2025\/"]}]},{"@type":"ImageObject","inLanguage":"fr-FR","@id":"https:\/\/marielleaupaysdesours.fr\/index.php\/product\/ours-en-peluche-mr-jones-charlie-bears-collection-our-journey-so-far-2025\/#primaryimage","url":"https:\/\/marielleaupaysdesours.fr\/wp-content\/uploads\/2025\/11\/tumbnail_ffcaf39f-a794-489e-b076-0b6acadaebde.webp","contentUrl":"https:\/\/marielleaupaysdesours.fr\/wp-content\/uploads\/2025\/11\/tumbnail_ffcaf39f-a794-489e-b076-0b6acadaebde.webp","width":700,"height":700,"caption":"Ours en Peluche MR JONES - CHARLIE BEARS - Collection Our Journey so Far 2025"},{"@type":"BreadcrumbList","@id":"https:\/\/marielleaupaysdesours.fr\/index.php\/product\/ours-en-peluche-mr-jones-charlie-bears-collection-our-journey-so-far-2025\/#breadcrumb","itemListElement":[{"@type":"ListItem","position":1,"name":"Accueil","item":"https:\/\/marielleaupaysdesours.fr\/"},{"@type":"ListItem","position":2,"name":"Shop","item":"https:\/\/marielleaupaysdesours.fr\/index.php\/shop\/"},{"@type":"ListItem","position":3,"name":"Ours en Peluche MR JONES &#8211; CHARLIE BEARS &#8211; Collection Our Journey so Far 2025"}]},{"@type":"WebSite","@id":"https:\/\/marielleaupaysdesours.fr\/#website","url":"https:\/\/marielleaupaysdesours.fr\/","name":"Marielle au Pays des Ours | Vente en ligne de peluches","description":"vente en ligne de peluches","publisher":{"@id":"https:\/\/marielleaupaysdesours.fr\/#organization"},"potentialAction":[{"@type":"SearchAction","target":{"@type":"EntryPoint","urlTemplate":"https:\/\/marielleaupaysdesours.fr\/?s={search_term_string}"},"query-input":{"@type":"PropertyValueSpecification","valueRequired":true,"valueName":"search_term_string"}}],"inLanguage":"fr-FR"},{"@type":"Organization","@id":"https:\/\/marielleaupaysdesours.fr\/#organization","name":"Marielle au Pays des Ours | Vente en ligne de peluches","url":"https:\/\/marielleaupaysdesours.fr\/","logo":{"@type":"ImageObject","inLanguage":"fr-FR","@id":"https:\/\/marielleaupaysdesours.fr\/#\/schema\/logo\/image\/","url":"https:\/\/marielleaupaysdesours.fr\/wp-content\/uploads\/2020\/10\/logo-marielle-light.jpg","contentUrl":"https:\/\/marielleaupaysdesours.fr\/wp-content\/uploads\/2020\/10\/logo-marielle-light.jpg","width":500,"height":500,"caption":"Marielle au Pays des Ours | Vente en ligne de peluches"},"image":{"@id":"https:\/\/marielleaupaysdesours.fr\/#\/schema\/logo\/image\/"}}]}},"jetpack_sharing_enabled":true,"_links":{"self":[{"href":"https:\/\/marielleaupaysdesours.fr\/index.php\/wp-json\/wp\/v2\/product\/7222","targetHints":{"allow":["GET"]}}],"collection":[{"href":"https:\/\/marielleaupaysdesours.fr\/index.php\/wp-json\/wp\/v2\/product"}],"about":[{"href":"https:\/\/marielleaupaysdesours.fr\/index.php\/wp-json\/wp\/v2\/types\/product"}],"replies":[{"embeddable":true,"href":"https:\/\/marielleaupaysdesours.fr\/index.php\/wp-json\/wp\/v2\/comments?post=7222"}],"version-history":[{"count":8,"href":"https:\/\/marielleaupaysdesours.fr\/index.php\/wp-json\/wp\/v2\/product\/7222\/revisions"}],"predecessor-version":[{"id":7392,"href":"https:\/\/marielleaupaysdesours.fr\/index.php\/wp-json\/wp\/v2\/product\/7222\/revisions\/7392"}],"wp:featuredmedia":[{"embeddable":true,"href":"https:\/\/marielleaupaysdesours.fr\/index.php\/wp-json\/wp\/v2\/media\/7223"}],"wp:attachment":[{"href":"https:\/\/marielleaupaysdesours.fr\/index.php\/wp-json\/wp\/v2\/media?parent=7222"}],"wp:term":[{"taxonomy":"product_brand","embeddable":true,"href":"https:\/\/marielleaupaysdesours.fr\/index.php\/wp-json\/wp\/v2\/product_brand?post=7222"},{"taxonomy":"product_cat","embeddable":true,"href":"https:\/\/marielleaupaysdesours.fr\/index.php\/wp-json\/wp\/v2\/product_cat?post=7222"},{"taxonomy":"product_tag","embeddable":true,"href":"https:\/\/marielleaupaysdesours.fr\/index.php\/wp-json\/wp\/v2\/product_tag?post=7222"}],"curies":[{"name":"wp","href":"https:\/\/api.w.org\/{rel}","templated":true}]}}