{"id":7218,"date":"2025-11-28T13:38:31","date_gmt":"2025-11-28T12:38:31","guid":{"rendered":"https:\/\/marielleaupaysdesours.fr\/?post_type=product&#038;p=7218"},"modified":"2025-12-28T10:38:59","modified_gmt":"2025-12-28T09:38:59","slug":"ours-en-peluche-mr-gulliver-charlie-bears-collection-our-journey-so-far-2025","status":"publish","type":"product","link":"https:\/\/marielleaupaysdesours.fr\/index.php\/product\/ours-en-peluche-mr-gulliver-charlie-bears-collection-our-journey-so-far-2025\/","title":{"rendered":"Ours en Peluche MR GULLIVER &#8211; CHARLIE BEARS &#8211; Collection &lsquo;Our Journey So Far&rsquo; 2025"},"content":{"rendered":"<p data-start=\"136\" data-end=\"1080\">D\u00e9couvrez <strong data-start=\"146\" data-end=\"161\">Mr Gulliver<\/strong>, un ours en peluche \u00e9l\u00e9gant et plein de caract\u00e8re issu de la collection <strong data-start=\"234\" data-end=\"261\">Our Journey So Far 2025<\/strong> de <a href=\"https:\/\/marielleaupaysdesours.fr\/index.php\/peluches-charlie-bears\/\"><strong data-start=\"265\" data-end=\"282\">Charlie Bears<\/strong>.<\/a> Ce compagnon raffin\u00e9 s\u00e9duit par son pelage doux et soyeux, son museau taill\u00e9 avec soin et son regard profond\u00e9ment expressif. Son nez, brod\u00e9 \u00e0 la main dans une teinte marron acajou, ajoute une touche chaleureuse et artisanale \u00e0 sa frimousse attachante. Mr Gulliver illustre parfaitement l\u2019art et le savoir-faire minutieux de la maison Charlie Bears, combinant authenticit\u00e9, tendresse et \u00e9l\u00e9gance. Ses coussinets sculpt\u00e9s orn\u00e9s de petites griffes brod\u00e9es renforcent son charme r\u00e9aliste et d\u00e9licat. Enti\u00e8rement articul\u00e9, il peut adopter diff\u00e9rentes positions, ce qui en fait une pi\u00e8ce vivante et pleine d\u2019\u00e9motion. Avec son joli n\u0153ud d\u2019organza marron fonc\u00e9, Mr Gulliver d\u00e9gage une aura \u00e0 la fois classique et attendrissante, id\u00e9ale pour enrichir une collection ou offrir un cadeau plein de douceur.<\/p>\n<h3 data-start=\"1087\" data-end=\"1116\"><\/h3>\n<h3 data-start=\"1087\" data-end=\"1116\"><strong data-start=\"1094\" data-end=\"1116\">D\u00e9tails du produit<\/strong><\/h3>\n<ul data-start=\"1117\" data-end=\"1680\">\n<li data-start=\"1117\" data-end=\"1142\">\n<p data-start=\"1119\" data-end=\"1142\"><strong data-start=\"1119\" data-end=\"1128\">Nom :<\/strong> Mr Gulliver<\/p>\n<\/li>\n<li data-start=\"1143\" data-end=\"1173\">\n<p data-start=\"1145\" data-end=\"1173\"><strong data-start=\"1145\" data-end=\"1157\">Marque :<\/strong> Charlie Bears<\/p>\n<\/li>\n<li data-start=\"1174\" data-end=\"1218\">\n<p data-start=\"1176\" data-end=\"1218\"><strong data-start=\"1176\" data-end=\"1192\">Collection :<\/strong> Our Journey So Far 2025<\/p>\n<\/li>\n<li data-start=\"1219\" data-end=\"1254\">\n<p data-start=\"1221\" data-end=\"1254\"><strong data-start=\"1221\" data-end=\"1235\">Cr\u00e9ation :<\/strong> Charlotte Morris<\/p>\n<\/li>\n<li data-start=\"1255\" data-end=\"1289\">\n<p data-start=\"1257\" data-end=\"1289\"><strong data-start=\"1257\" data-end=\"1269\">Taille :<\/strong> 28 cm \u2013 11 inches<\/p>\n<\/li>\n<li data-start=\"1290\" data-end=\"1337\">\n<p data-start=\"1292\" data-end=\"1337\"><strong data-start=\"1292\" data-end=\"1305\">Mati\u00e8re :<\/strong> Peluche douce 100 % polyester<\/p>\n<\/li>\n<li data-start=\"1338\" data-end=\"1396\">\n<p data-start=\"1340\" data-end=\"1396\"><strong data-start=\"1340\" data-end=\"1356\">Garnissage :<\/strong> Fibres de polyester et granul\u00e9s de PP<\/p>\n<\/li>\n<li data-start=\"1397\" data-end=\"1447\">\n<p data-start=\"1399\" data-end=\"1447\"><strong data-start=\"1399\" data-end=\"1418\">Articulations :<\/strong> 5 articulations classiques<\/p>\n<\/li>\n<li data-start=\"1448\" data-end=\"1497\">\n<p data-start=\"1450\" data-end=\"1497\"><strong data-start=\"1450\" data-end=\"1466\">Accessoire :<\/strong> N\u0153ud en organza marron fonc\u00e9<\/p>\n<\/li>\n<li data-start=\"1498\" data-end=\"1569\">\n<p data-start=\"1500\" data-end=\"1569\"><strong data-start=\"1500\" data-end=\"1513\">D\u00e9tails :<\/strong> Nez brod\u00e9 \u00e0 la main \u2013 Museau taill\u00e9 \u2013 Griffes brod\u00e9es<\/p>\n<\/li>\n<li data-start=\"1570\" data-end=\"1618\">\n<p data-start=\"1572\" data-end=\"1618\"><strong data-start=\"1572\" data-end=\"1587\">Entretien :<\/strong> Lavage de surface uniquement<\/p>\n<\/li>\n<li data-start=\"1619\" data-end=\"1653\">\n<p data-start=\"1621\" data-end=\"1653\"><strong data-start=\"1621\" data-end=\"1641\">\u00c2ge recommand\u00e9 :<\/strong> D\u00e8s 3 ans<\/p>\n<\/li>\n<li data-start=\"1654\" data-end=\"1680\">\n<p data-start=\"1656\" data-end=\"1680\"><strong data-start=\"1656\" data-end=\"1668\">Normes :<\/strong> CE \/ EN71<\/p>\n<\/li>\n<\/ul>\n<h3 data-start=\"1687\" data-end=\"1733\"><\/h3>\n<p data-start=\"1734\" data-end=\"2321\">Avec son charme irr\u00e9sistible et ses d\u00e9tails soign\u00e9s, <strong data-start=\"1787\" data-end=\"1802\">Mr Gulliver<\/strong> est une v\u00e9ritable \u0153uvre de tendresse sign\u00e9e <strong data-start=\"1847\" data-end=\"1864\">Charlie Bears<\/strong>. Chaque exemplaire refl\u00e8te l\u2019attention et la passion des cr\u00e9ateurs, offrant \u00e0 la fois beaut\u00e9, qualit\u00e9 et \u00e9motion. Ce petit ours, au look intemporel, saura trouver une place de choix dans toutes les collections ou ravir les amateurs de belles peluches. Et parce que <strong data-start=\"2130\" data-end=\"2159\">Marielle au Pays des Ours<\/strong> vous accompagne avec un <strong data-start=\"2184\" data-end=\"2226\">service client r\u00e9actif et bienveillant<\/strong>, vous pouvez commander en toute confiance.<br data-start=\"2269\" data-end=\"2272\" \/>Il y a toujours de la place pour un ours de plus\u2026<\/p>\n","protected":false},"excerpt":{"rendered":"<p>D\u00e9couvrez <strong data-start=\"146\" data-end=\"161\">Mr Gulliver<\/strong>, un ours en peluche \u00e9l\u00e9gant et plein de caract\u00e8re issu de la collection <strong data-start=\"234\" data-end=\"261\">Our Journey So Far 2025<\/strong> de <a href=\"https:\/\/marielleaupaysdesours.fr\/index.php\/peluches-charlie-bears\/\"><strong data-start=\"265\" data-end=\"282\">Charlie Bears<\/strong>.<\/a> Ce compagnon raffin\u00e9 s\u00e9duit par son pelage doux et soyeux, son museau taill\u00e9 avec soin et son regard profond\u00e9ment expressif. Son nez, brod\u00e9 \u00e0 la main dans une teinte marron acajou, ajoute une touche chaleureuse et artisanale \u00e0 sa frimousse attachante. Mr Gulliver illustre parfaitement l\u2019art et le savoir-faire minutieux de la maison Charlie Bears, combinant authenticit\u00e9, tendresse et \u00e9l\u00e9gance. Ses coussinets sculpt\u00e9s orn\u00e9s de petites griffes brod\u00e9es renforcent son charme r\u00e9aliste et d\u00e9licat. Enti\u00e8rement articul\u00e9, il peut adopter diff\u00e9rentes positions, ce qui en fait une pi\u00e8ce vivante et pleine d\u2019\u00e9motion. Avec son joli n\u0153ud d\u2019organza marron fonc\u00e9, Mr Gulliver d\u00e9gage une aura \u00e0 la fois classique et attendrissante, id\u00e9ale pour enrichir une collection ou offrir un cadeau plein de douceur.<\/p>\n","protected":false},"featured_media":7219,"comment_status":"closed","ping_status":"closed","template":"","meta":{"_monsterinsights_skip_tracking":false,"_monsterinsights_sitenote_active":false,"_monsterinsights_sitenote_note":"","_monsterinsights_sitenote_category":0,"site-sidebar-layout":"default","site-content-layout":"","ast-site-content-layout":"default","site-content-style":"default","site-sidebar-style":"default","ast-global-header-display":"","ast-banner-title-visibility":"","ast-main-header-display":"","ast-hfb-above-header-display":"","ast-hfb-below-header-display":"","ast-hfb-mobile-header-display":"","site-post-title":"","ast-breadcrumbs-content":"","ast-featured-img":"","footer-sml-layout":"","ast-disable-related-posts":"","theme-transparent-header-meta":"default","adv-header-id-meta":"","stick-header-meta":"","header-above-stick-meta":"","header-main-stick-meta":"","header-below-stick-meta":"","astra-migrate-meta-layouts":"set","ast-page-background-enabled":"default","ast-page-background-meta":{"desktop":{"background-color":"","background-image":"","background-repeat":"repeat","background-position":"center center","background-size":"auto","background-attachment":"scroll","background-type":"","background-media":"","overlay-type":"","overlay-color":"","overlay-opacity":"","overlay-gradient":""},"tablet":{"background-color":"","background-image":"","background-repeat":"repeat","background-position":"center center","background-size":"auto","background-attachment":"scroll","background-type":"","background-media":"","overlay-type":"","overlay-color":"","overlay-opacity":"","overlay-gradient":""},"mobile":{"background-color":"","background-image":"","background-repeat":"repeat","background-position":"center center","background-size":"auto","background-attachment":"scroll","background-type":"","background-media":"","overlay-type":"","overlay-color":"","overlay-opacity":"","overlay-gradient":""}},"ast-content-background-meta":{"desktop":{"background-color":"var(--ast-global-color-5)","background-image":"","background-repeat":"repeat","background-position":"center center","background-size":"auto","background-attachment":"scroll","background-type":"","background-media":"","overlay-type":"","overlay-color":"","overlay-opacity":"","overlay-gradient":""},"tablet":{"background-color":"var(--ast-global-color-5)","background-image":"","background-repeat":"repeat","background-position":"center center","background-size":"auto","background-attachment":"scroll","background-type":"","background-media":"","overlay-type":"","overlay-color":"","overlay-opacity":"","overlay-gradient":""},"mobile":{"background-color":"var(--ast-global-color-5)","background-image":"","background-repeat":"repeat","background-position":"center center","background-size":"auto","background-attachment":"scroll","background-type":"","background-media":"","overlay-type":"","overlay-color":"","overlay-opacity":"","overlay-gradient":""}}},"product_brand":[66],"product_cat":[42,30,28],"product_tag":[],"class_list":{"0":"post-7218","1":"product","2":"type-product","3":"status-publish","4":"has-post-thumbnail","6":"product_brand-charlie-bears","7":"product_cat-charlie-bears-peluches-collection","8":"product_cat-ours","9":"product_cat-peluches","10":"product_shipping_class-peluches-grande-taille","11":"desktop-align-center","12":"tablet-align-left","13":"mobile-align-left","15":"first","16":"instock","17":"shipping-taxable","18":"purchasable","19":"product-type-simple"},"yoast_head":"<!-- This site is optimized with the Yoast SEO plugin v27.5 - https:\/\/yoast.com\/product\/yoast-seo-wordpress\/ -->\n<title>Ours en Peluche Mr Gulliver - Charlie Bears - Our Journey So Far<\/title>\n<meta name=\"description\" content=\"D\u00e9couvrez Mr Gulliver, ours en peluche Charlie Bears 2025 de 28 cm au pelage doux et museau brod\u00e9. Articul\u00e9, \u00e9l\u00e9gant et expressif, id\u00e9al d\u00e8s 3 ans.\" \/>\n<meta name=\"robots\" content=\"index, follow, max-snippet:-1, max-image-preview:large, max-video-preview:-1\" \/>\n<link rel=\"canonical\" href=\"https:\/\/marielleaupaysdesours.fr\/index.php\/product\/ours-en-peluche-mr-gulliver-charlie-bears-collection-our-journey-so-far-2025\/\" \/>\n<meta property=\"og:locale\" content=\"fr_FR\" \/>\n<meta property=\"og:type\" content=\"article\" \/>\n<meta property=\"og:title\" content=\"Ours en Peluche Mr Gulliver - Charlie Bears - Our Journey So Far\" \/>\n<meta property=\"og:description\" content=\"D\u00e9couvrez Mr Gulliver, ours en peluche Charlie Bears 2025 de 28 cm au pelage doux et museau brod\u00e9. Articul\u00e9, \u00e9l\u00e9gant et expressif, id\u00e9al d\u00e8s 3 ans.\" \/>\n<meta property=\"og:url\" content=\"https:\/\/marielleaupaysdesours.fr\/index.php\/product\/ours-en-peluche-mr-gulliver-charlie-bears-collection-our-journey-so-far-2025\/\" \/>\n<meta property=\"og:site_name\" content=\"Marielle au Pays des Ours | Vente en ligne de peluches\" \/>\n<meta property=\"article:modified_time\" content=\"2025-12-28T09:38:59+00:00\" \/>\n<meta property=\"og:image\" content=\"https:\/\/marielleaupaysdesours.fr\/wp-content\/uploads\/2025\/11\/telecharger-5.webp\" \/>\n\t<meta property=\"og:image:width\" content=\"201\" \/>\n\t<meta property=\"og:image:height\" content=\"271\" \/>\n\t<meta property=\"og:image:type\" content=\"image\/webp\" \/>\n<meta name=\"twitter:card\" content=\"summary_large_image\" \/>\n<meta name=\"twitter:label1\" content=\"Dur\u00e9e de lecture estim\u00e9e\" \/>\n\t<meta name=\"twitter:data1\" content=\"2 minutes\" \/>\n<script type=\"application\/ld+json\" class=\"yoast-schema-graph\">{\"@context\":\"https:\\\/\\\/schema.org\",\"@graph\":[{\"@type\":\"WebPage\",\"@id\":\"https:\\\/\\\/marielleaupaysdesours.fr\\\/index.php\\\/product\\\/ours-en-peluche-mr-gulliver-charlie-bears-collection-our-journey-so-far-2025\\\/\",\"url\":\"https:\\\/\\\/marielleaupaysdesours.fr\\\/index.php\\\/product\\\/ours-en-peluche-mr-gulliver-charlie-bears-collection-our-journey-so-far-2025\\\/\",\"name\":\"Ours en Peluche Mr Gulliver - Charlie Bears - Our Journey So Far\",\"isPartOf\":{\"@id\":\"https:\\\/\\\/marielleaupaysdesours.fr\\\/#website\"},\"primaryImageOfPage\":{\"@id\":\"https:\\\/\\\/marielleaupaysdesours.fr\\\/index.php\\\/product\\\/ours-en-peluche-mr-gulliver-charlie-bears-collection-our-journey-so-far-2025\\\/#primaryimage\"},\"image\":{\"@id\":\"https:\\\/\\\/marielleaupaysdesours.fr\\\/index.php\\\/product\\\/ours-en-peluche-mr-gulliver-charlie-bears-collection-our-journey-so-far-2025\\\/#primaryimage\"},\"thumbnailUrl\":\"https:\\\/\\\/marielleaupaysdesours.fr\\\/wp-content\\\/uploads\\\/2025\\\/11\\\/telecharger-5.webp\",\"datePublished\":\"2025-11-28T12:38:31+00:00\",\"dateModified\":\"2025-12-28T09:38:59+00:00\",\"description\":\"D\u00e9couvrez Mr Gulliver, ours en peluche Charlie Bears 2025 de 28 cm au pelage doux et museau brod\u00e9. Articul\u00e9, \u00e9l\u00e9gant et expressif, id\u00e9al d\u00e8s 3 ans.\",\"breadcrumb\":{\"@id\":\"https:\\\/\\\/marielleaupaysdesours.fr\\\/index.php\\\/product\\\/ours-en-peluche-mr-gulliver-charlie-bears-collection-our-journey-so-far-2025\\\/#breadcrumb\"},\"inLanguage\":\"fr-FR\",\"potentialAction\":[{\"@type\":\"ReadAction\",\"target\":[\"https:\\\/\\\/marielleaupaysdesours.fr\\\/index.php\\\/product\\\/ours-en-peluche-mr-gulliver-charlie-bears-collection-our-journey-so-far-2025\\\/\"]}]},{\"@type\":\"ImageObject\",\"inLanguage\":\"fr-FR\",\"@id\":\"https:\\\/\\\/marielleaupaysdesours.fr\\\/index.php\\\/product\\\/ours-en-peluche-mr-gulliver-charlie-bears-collection-our-journey-so-far-2025\\\/#primaryimage\",\"url\":\"https:\\\/\\\/marielleaupaysdesours.fr\\\/wp-content\\\/uploads\\\/2025\\\/11\\\/telecharger-5.webp\",\"contentUrl\":\"https:\\\/\\\/marielleaupaysdesours.fr\\\/wp-content\\\/uploads\\\/2025\\\/11\\\/telecharger-5.webp\",\"width\":201,\"height\":271,\"caption\":\"Ours en Peluche MR GULLIVER - CHARLIE BEARS - Collection 'Our Journey So Far' 2025\"},{\"@type\":\"BreadcrumbList\",\"@id\":\"https:\\\/\\\/marielleaupaysdesours.fr\\\/index.php\\\/product\\\/ours-en-peluche-mr-gulliver-charlie-bears-collection-our-journey-so-far-2025\\\/#breadcrumb\",\"itemListElement\":[{\"@type\":\"ListItem\",\"position\":1,\"name\":\"Accueil\",\"item\":\"https:\\\/\\\/marielleaupaysdesours.fr\\\/\"},{\"@type\":\"ListItem\",\"position\":2,\"name\":\"Shop\",\"item\":\"https:\\\/\\\/marielleaupaysdesours.fr\\\/index.php\\\/shop\\\/\"},{\"@type\":\"ListItem\",\"position\":3,\"name\":\"Ours en Peluche MR GULLIVER &#8211; CHARLIE BEARS &#8211; Collection &lsquo;Our Journey So Far&rsquo; 2025\"}]},{\"@type\":\"WebSite\",\"@id\":\"https:\\\/\\\/marielleaupaysdesours.fr\\\/#website\",\"url\":\"https:\\\/\\\/marielleaupaysdesours.fr\\\/\",\"name\":\"Marielle au Pays des Ours | Vente en ligne de peluches\",\"description\":\"vente en ligne de peluches\",\"publisher\":{\"@id\":\"https:\\\/\\\/marielleaupaysdesours.fr\\\/#organization\"},\"potentialAction\":[{\"@type\":\"SearchAction\",\"target\":{\"@type\":\"EntryPoint\",\"urlTemplate\":\"https:\\\/\\\/marielleaupaysdesours.fr\\\/?s={search_term_string}\"},\"query-input\":{\"@type\":\"PropertyValueSpecification\",\"valueRequired\":true,\"valueName\":\"search_term_string\"}}],\"inLanguage\":\"fr-FR\"},{\"@type\":\"Organization\",\"@id\":\"https:\\\/\\\/marielleaupaysdesours.fr\\\/#organization\",\"name\":\"Marielle au Pays des Ours | Vente en ligne de peluches\",\"url\":\"https:\\\/\\\/marielleaupaysdesours.fr\\\/\",\"logo\":{\"@type\":\"ImageObject\",\"inLanguage\":\"fr-FR\",\"@id\":\"https:\\\/\\\/marielleaupaysdesours.fr\\\/#\\\/schema\\\/logo\\\/image\\\/\",\"url\":\"https:\\\/\\\/marielleaupaysdesours.fr\\\/wp-content\\\/uploads\\\/2020\\\/10\\\/logo-marielle-light.jpg\",\"contentUrl\":\"https:\\\/\\\/marielleaupaysdesours.fr\\\/wp-content\\\/uploads\\\/2020\\\/10\\\/logo-marielle-light.jpg\",\"width\":500,\"height\":500,\"caption\":\"Marielle au Pays des Ours | Vente en ligne de peluches\"},\"image\":{\"@id\":\"https:\\\/\\\/marielleaupaysdesours.fr\\\/#\\\/schema\\\/logo\\\/image\\\/\"}}]}<\/script>\n<!-- \/ Yoast SEO plugin. -->","yoast_head_json":{"title":"Ours en Peluche Mr Gulliver - Charlie Bears - Our Journey So Far","description":"D\u00e9couvrez Mr Gulliver, ours en peluche Charlie Bears 2025 de 28 cm au pelage doux et museau brod\u00e9. Articul\u00e9, \u00e9l\u00e9gant et expressif, id\u00e9al d\u00e8s 3 ans.","robots":{"index":"index","follow":"follow","max-snippet":"max-snippet:-1","max-image-preview":"max-image-preview:large","max-video-preview":"max-video-preview:-1"},"canonical":"https:\/\/marielleaupaysdesours.fr\/index.php\/product\/ours-en-peluche-mr-gulliver-charlie-bears-collection-our-journey-so-far-2025\/","og_locale":"fr_FR","og_type":"article","og_title":"Ours en Peluche Mr Gulliver - Charlie Bears - Our Journey So Far","og_description":"D\u00e9couvrez Mr Gulliver, ours en peluche Charlie Bears 2025 de 28 cm au pelage doux et museau brod\u00e9. Articul\u00e9, \u00e9l\u00e9gant et expressif, id\u00e9al d\u00e8s 3 ans.","og_url":"https:\/\/marielleaupaysdesours.fr\/index.php\/product\/ours-en-peluche-mr-gulliver-charlie-bears-collection-our-journey-so-far-2025\/","og_site_name":"Marielle au Pays des Ours | Vente en ligne de peluches","article_modified_time":"2025-12-28T09:38:59+00:00","og_image":[{"width":201,"height":271,"url":"https:\/\/marielleaupaysdesours.fr\/wp-content\/uploads\/2025\/11\/telecharger-5.webp","type":"image\/webp"}],"twitter_card":"summary_large_image","twitter_misc":{"Dur\u00e9e de lecture estim\u00e9e":"2 minutes"},"schema":{"@context":"https:\/\/schema.org","@graph":[{"@type":"WebPage","@id":"https:\/\/marielleaupaysdesours.fr\/index.php\/product\/ours-en-peluche-mr-gulliver-charlie-bears-collection-our-journey-so-far-2025\/","url":"https:\/\/marielleaupaysdesours.fr\/index.php\/product\/ours-en-peluche-mr-gulliver-charlie-bears-collection-our-journey-so-far-2025\/","name":"Ours en Peluche Mr Gulliver - Charlie Bears - Our Journey So Far","isPartOf":{"@id":"https:\/\/marielleaupaysdesours.fr\/#website"},"primaryImageOfPage":{"@id":"https:\/\/marielleaupaysdesours.fr\/index.php\/product\/ours-en-peluche-mr-gulliver-charlie-bears-collection-our-journey-so-far-2025\/#primaryimage"},"image":{"@id":"https:\/\/marielleaupaysdesours.fr\/index.php\/product\/ours-en-peluche-mr-gulliver-charlie-bears-collection-our-journey-so-far-2025\/#primaryimage"},"thumbnailUrl":"https:\/\/marielleaupaysdesours.fr\/wp-content\/uploads\/2025\/11\/telecharger-5.webp","datePublished":"2025-11-28T12:38:31+00:00","dateModified":"2025-12-28T09:38:59+00:00","description":"D\u00e9couvrez Mr Gulliver, ours en peluche Charlie Bears 2025 de 28 cm au pelage doux et museau brod\u00e9. Articul\u00e9, \u00e9l\u00e9gant et expressif, id\u00e9al d\u00e8s 3 ans.","breadcrumb":{"@id":"https:\/\/marielleaupaysdesours.fr\/index.php\/product\/ours-en-peluche-mr-gulliver-charlie-bears-collection-our-journey-so-far-2025\/#breadcrumb"},"inLanguage":"fr-FR","potentialAction":[{"@type":"ReadAction","target":["https:\/\/marielleaupaysdesours.fr\/index.php\/product\/ours-en-peluche-mr-gulliver-charlie-bears-collection-our-journey-so-far-2025\/"]}]},{"@type":"ImageObject","inLanguage":"fr-FR","@id":"https:\/\/marielleaupaysdesours.fr\/index.php\/product\/ours-en-peluche-mr-gulliver-charlie-bears-collection-our-journey-so-far-2025\/#primaryimage","url":"https:\/\/marielleaupaysdesours.fr\/wp-content\/uploads\/2025\/11\/telecharger-5.webp","contentUrl":"https:\/\/marielleaupaysdesours.fr\/wp-content\/uploads\/2025\/11\/telecharger-5.webp","width":201,"height":271,"caption":"Ours en Peluche MR GULLIVER - CHARLIE BEARS - Collection 'Our Journey So Far' 2025"},{"@type":"BreadcrumbList","@id":"https:\/\/marielleaupaysdesours.fr\/index.php\/product\/ours-en-peluche-mr-gulliver-charlie-bears-collection-our-journey-so-far-2025\/#breadcrumb","itemListElement":[{"@type":"ListItem","position":1,"name":"Accueil","item":"https:\/\/marielleaupaysdesours.fr\/"},{"@type":"ListItem","position":2,"name":"Shop","item":"https:\/\/marielleaupaysdesours.fr\/index.php\/shop\/"},{"@type":"ListItem","position":3,"name":"Ours en Peluche MR GULLIVER &#8211; CHARLIE BEARS &#8211; Collection &lsquo;Our Journey So Far&rsquo; 2025"}]},{"@type":"WebSite","@id":"https:\/\/marielleaupaysdesours.fr\/#website","url":"https:\/\/marielleaupaysdesours.fr\/","name":"Marielle au Pays des Ours | Vente en ligne de peluches","description":"vente en ligne de peluches","publisher":{"@id":"https:\/\/marielleaupaysdesours.fr\/#organization"},"potentialAction":[{"@type":"SearchAction","target":{"@type":"EntryPoint","urlTemplate":"https:\/\/marielleaupaysdesours.fr\/?s={search_term_string}"},"query-input":{"@type":"PropertyValueSpecification","valueRequired":true,"valueName":"search_term_string"}}],"inLanguage":"fr-FR"},{"@type":"Organization","@id":"https:\/\/marielleaupaysdesours.fr\/#organization","name":"Marielle au Pays des Ours | Vente en ligne de peluches","url":"https:\/\/marielleaupaysdesours.fr\/","logo":{"@type":"ImageObject","inLanguage":"fr-FR","@id":"https:\/\/marielleaupaysdesours.fr\/#\/schema\/logo\/image\/","url":"https:\/\/marielleaupaysdesours.fr\/wp-content\/uploads\/2020\/10\/logo-marielle-light.jpg","contentUrl":"https:\/\/marielleaupaysdesours.fr\/wp-content\/uploads\/2020\/10\/logo-marielle-light.jpg","width":500,"height":500,"caption":"Marielle au Pays des Ours | Vente en ligne de peluches"},"image":{"@id":"https:\/\/marielleaupaysdesours.fr\/#\/schema\/logo\/image\/"}}]}},"jetpack_sharing_enabled":true,"_links":{"self":[{"href":"https:\/\/marielleaupaysdesours.fr\/index.php\/wp-json\/wp\/v2\/product\/7218","targetHints":{"allow":["GET"]}}],"collection":[{"href":"https:\/\/marielleaupaysdesours.fr\/index.php\/wp-json\/wp\/v2\/product"}],"about":[{"href":"https:\/\/marielleaupaysdesours.fr\/index.php\/wp-json\/wp\/v2\/types\/product"}],"replies":[{"embeddable":true,"href":"https:\/\/marielleaupaysdesours.fr\/index.php\/wp-json\/wp\/v2\/comments?post=7218"}],"version-history":[{"count":6,"href":"https:\/\/marielleaupaysdesours.fr\/index.php\/wp-json\/wp\/v2\/product\/7218\/revisions"}],"predecessor-version":[{"id":7388,"href":"https:\/\/marielleaupaysdesours.fr\/index.php\/wp-json\/wp\/v2\/product\/7218\/revisions\/7388"}],"wp:featuredmedia":[{"embeddable":true,"href":"https:\/\/marielleaupaysdesours.fr\/index.php\/wp-json\/wp\/v2\/media\/7219"}],"wp:attachment":[{"href":"https:\/\/marielleaupaysdesours.fr\/index.php\/wp-json\/wp\/v2\/media?parent=7218"}],"wp:term":[{"taxonomy":"product_brand","embeddable":true,"href":"https:\/\/marielleaupaysdesours.fr\/index.php\/wp-json\/wp\/v2\/product_brand?post=7218"},{"taxonomy":"product_cat","embeddable":true,"href":"https:\/\/marielleaupaysdesours.fr\/index.php\/wp-json\/wp\/v2\/product_cat?post=7218"},{"taxonomy":"product_tag","embeddable":true,"href":"https:\/\/marielleaupaysdesours.fr\/index.php\/wp-json\/wp\/v2\/product_tag?post=7218"}],"curies":[{"name":"wp","href":"https:\/\/api.w.org\/{rel}","templated":true}]}}