{"id":7206,"date":"2025-11-28T11:44:17","date_gmt":"2025-11-28T10:44:17","guid":{"rendered":"https:\/\/marielleaupaysdesours.fr\/?post_type=product&#038;p=7206"},"modified":"2025-12-27T10:42:17","modified_gmt":"2025-12-27T09:42:17","slug":"ours-en-peluche-mister-baggins-charlie-bears-collection-our-journey-so-far-2025","status":"publish","type":"product","link":"https:\/\/marielleaupaysdesours.fr\/index.php\/product\/ours-en-peluche-mister-baggins-charlie-bears-collection-our-journey-so-far-2025\/","title":{"rendered":"Ours en peluche Mister Baggins \u2013 Charlie Bears \u2013 Collection Our Journey So Far 2025"},"content":{"rendered":"<p data-start=\"139\" data-end=\"1019\">Laissez-vous s\u00e9duire par <strong data-start=\"164\" data-end=\"182\">Mister Baggins<\/strong>, un ours en peluche plein de charme et de tendresse, issu de la collection <strong data-start=\"258\" data-end=\"285\">Our Journey So Far 2025<\/strong> sign\u00e9e <strong data-start=\"293\" data-end=\"310\">Charlie Bears<\/strong>. Cet adorable compagnon de <strong data-start=\"338\" data-end=\"347\">28 cm<\/strong> est confectionn\u00e9 \u00e0 partir de <strong data-start=\"377\" data-end=\"440\">fibres de peluche luxueuses et d\u2019une douceur exceptionnelle<\/strong>. Sa fourrure gris-brun, l\u00e9g\u00e8rement nuanc\u00e9e, \u00e9voque la chaleur et le r\u00e9confort des ours classiques tout en offrant un toucher moderne et soyeux. Avec son visage expressif et son museau soign\u00e9, <strong data-start=\"633\" data-end=\"651\">Mister Baggins<\/strong> respire la douceur et la bienveillance. Il porte fi\u00e8rement un <strong data-start=\"714\" data-end=\"738\">n\u0153ud en organza vert<\/strong>, symbole d\u2019\u00e9l\u00e9gance et de raffinement, qui souligne sa personnalit\u00e9 douce et apaisante. Imagin\u00e9 par <strong data-start=\"839\" data-end=\"859\">Charlotte Morris<\/strong>, cet ours articul\u00e9 allie qualit\u00e9, authenticit\u00e9 et charme intemporel, pour devenir le compagnon id\u00e9al des collectionneurs ou des amoureux des belles peluches.<\/p>\n<h3 data-start=\"1026\" data-end=\"1055\"><\/h3>\n<h3 data-start=\"1026\" data-end=\"1055\"><strong data-start=\"1033\" data-end=\"1055\">D\u00e9tails du produit<\/strong><\/h3>\n<ul data-start=\"1056\" data-end=\"1486\">\n<li data-start=\"1056\" data-end=\"1084\">\n<p data-start=\"1058\" data-end=\"1084\"><strong data-start=\"1058\" data-end=\"1067\">Nom :<\/strong> Mister Baggins<\/p>\n<\/li>\n<li data-start=\"1085\" data-end=\"1115\">\n<p data-start=\"1087\" data-end=\"1115\"><strong data-start=\"1087\" data-end=\"1099\">Marque :<\/strong> Charlie Bears<\/p>\n<\/li>\n<li data-start=\"1116\" data-end=\"1160\">\n<p data-start=\"1118\" data-end=\"1160\"><strong data-start=\"1118\" data-end=\"1134\">Collection :<\/strong> Our Journey So Far 2025<\/p>\n<\/li>\n<li data-start=\"1161\" data-end=\"1196\">\n<p data-start=\"1163\" data-end=\"1196\"><strong data-start=\"1163\" data-end=\"1177\">Cr\u00e9ation :<\/strong> Charlotte Morris<\/p>\n<\/li>\n<li data-start=\"1197\" data-end=\"1229\">\n<p data-start=\"1199\" data-end=\"1229\"><strong data-start=\"1199\" data-end=\"1211\">Taille :<\/strong> 28 cm \u2013 11 inch<\/p>\n<\/li>\n<li data-start=\"1230\" data-end=\"1271\">\n<p data-start=\"1232\" data-end=\"1271\"><strong data-start=\"1232\" data-end=\"1245\">Mati\u00e8re :<\/strong> Peluche douce gris-brun<\/p>\n<\/li>\n<li data-start=\"1272\" data-end=\"1313\">\n<p data-start=\"1274\" data-end=\"1313\"><strong data-start=\"1274\" data-end=\"1290\">Accessoire :<\/strong> N\u0153ud en organza vert<\/p>\n<\/li>\n<li data-start=\"1314\" data-end=\"1364\">\n<p data-start=\"1316\" data-end=\"1364\"><strong data-start=\"1316\" data-end=\"1335\">Articulations :<\/strong> 5 articulations classiques<\/p>\n<\/li>\n<li data-start=\"1365\" data-end=\"1424\">\n<p data-start=\"1367\" data-end=\"1424\"><strong data-start=\"1367\" data-end=\"1382\">Entretien :<\/strong> Lavage d\u00e9licat en surface (30\u00b0 maximum)<\/p>\n<\/li>\n<li data-start=\"1425\" data-end=\"1459\">\n<p data-start=\"1427\" data-end=\"1459\"><strong data-start=\"1427\" data-end=\"1447\">\u00c2ge recommand\u00e9 :<\/strong> D\u00e8s 3 ans<\/p>\n<\/li>\n<li data-start=\"1460\" data-end=\"1486\">\n<p data-start=\"1462\" data-end=\"1486\"><strong data-start=\"1462\" data-end=\"1474\">Normes :<\/strong> CE \/ EN71<\/p>\n<\/li>\n<\/ul>\n<h3 data-start=\"1493\" data-end=\"1539\"><\/h3>\n<p data-start=\"1540\" data-end=\"2154\">Tout en simplicit\u00e9 et en \u00e9l\u00e9gance, <strong data-start=\"1575\" data-end=\"1593\">Mister Baggins<\/strong> est un ours qui s\u00e9duit par son charme naturel et sa douceur in\u00e9gal\u00e9e. Sa texture moelleuse, son regard attendrissant et ses finitions impeccables en font un compagnon id\u00e9al pour petits et grands. V\u00e9ritable reflet du savoir-faire <strong data-start=\"1823\" data-end=\"1840\">Charlie Bears<\/strong>, il trouvera sa place dans toutes les collections ou deviendra un cadeau plein d\u2019\u00e9motion. Et parce que <strong data-start=\"1944\" data-end=\"1973\">Marielle au Pays des Ours<\/strong> vous accompagne avec un <strong data-start=\"1998\" data-end=\"2036\">service client attentif et r\u00e9actif<\/strong>, chaque adoption d\u2019un nouvel ours est un moment de pur bonheur.<\/p>\n<p data-start=\"1540\" data-end=\"2154\"><br data-start=\"2100\" data-end=\"2103\" \/>Il y a toujours de la place pour un ours de plus\u2026<\/p>\n","protected":false},"excerpt":{"rendered":"<p data-start=\"2211\" data-end=\"3079\"><strong data-start=\"2211\" data-end=\"2229\">Mister Baggins<\/strong> est un ours en peluche raffin\u00e9 de <strong data-start=\"2264\" data-end=\"2281\">Charlie Bears<\/strong>, issu de la collection <strong data-start=\"2305\" data-end=\"2332\">Our Journey So Far 2025<\/strong>. Avec ses <strong data-start=\"2343\" data-end=\"2352\">28 cm<\/strong>, il combine parfaitement \u00e9l\u00e9gance et douceur. Son pelage gris-brun, d\u2019une texture incroyablement soyeuse, invite aux c\u00e2lins les plus tendres. Son petit nez soign\u00e9, ses yeux expressifs et son <strong data-start=\"2544\" data-end=\"2567\">n\u0153ud d\u2019organza vert<\/strong> lui conf\u00e8rent un style \u00e0 la fois chic et attachant. Articul\u00e9 en cinq points, <strong data-start=\"2645\" data-end=\"2663\">Mister Baggins<\/strong> peut adopter plusieurs positions, ce qui le rend aussi vivant qu\u2019expressif. Confectionn\u00e9 avec le plus grand soin, il incarne la qualit\u00e9 et le charme des cr\u00e9ations <strong data-start=\"2827\" data-end=\"2844\">Charlie Bears<\/strong>. Adapt\u00e9 d\u00e8s 3 ans, il respecte les normes de s\u00e9curit\u00e9 europ\u00e9ennes et se lave facilement en surface. V\u00e9ritable petit bijou de tendresse, <strong data-start=\"2981\" data-end=\"2999\">Mister Baggins<\/strong> saura trouver une place de choix dans votre collection ou ravir un \u00eatre cher.<\/p>\n","protected":false},"featured_media":7207,"comment_status":"closed","ping_status":"closed","template":"","meta":{"_monsterinsights_skip_tracking":false,"_monsterinsights_sitenote_active":false,"_monsterinsights_sitenote_note":"","_monsterinsights_sitenote_category":0,"site-sidebar-layout":"default","site-content-layout":"","ast-site-content-layout":"default","site-content-style":"default","site-sidebar-style":"default","ast-global-header-display":"","ast-banner-title-visibility":"","ast-main-header-display":"","ast-hfb-above-header-display":"","ast-hfb-below-header-display":"","ast-hfb-mobile-header-display":"","site-post-title":"","ast-breadcrumbs-content":"","ast-featured-img":"","footer-sml-layout":"","ast-disable-related-posts":"","theme-transparent-header-meta":"default","adv-header-id-meta":"","stick-header-meta":"","header-above-stick-meta":"","header-main-stick-meta":"","header-below-stick-meta":"","astra-migrate-meta-layouts":"set","ast-page-background-enabled":"default","ast-page-background-meta":{"desktop":{"background-color":"","background-image":"","background-repeat":"repeat","background-position":"center center","background-size":"auto","background-attachment":"scroll","background-type":"","background-media":"","overlay-type":"","overlay-color":"","overlay-opacity":"","overlay-gradient":""},"tablet":{"background-color":"","background-image":"","background-repeat":"repeat","background-position":"center center","background-size":"auto","background-attachment":"scroll","background-type":"","background-media":"","overlay-type":"","overlay-color":"","overlay-opacity":"","overlay-gradient":""},"mobile":{"background-color":"","background-image":"","background-repeat":"repeat","background-position":"center center","background-size":"auto","background-attachment":"scroll","background-type":"","background-media":"","overlay-type":"","overlay-color":"","overlay-opacity":"","overlay-gradient":""}},"ast-content-background-meta":{"desktop":{"background-color":"var(--ast-global-color-5)","background-image":"","background-repeat":"repeat","background-position":"center center","background-size":"auto","background-attachment":"scroll","background-type":"","background-media":"","overlay-type":"","overlay-color":"","overlay-opacity":"","overlay-gradient":""},"tablet":{"background-color":"var(--ast-global-color-5)","background-image":"","background-repeat":"repeat","background-position":"center center","background-size":"auto","background-attachment":"scroll","background-type":"","background-media":"","overlay-type":"","overlay-color":"","overlay-opacity":"","overlay-gradient":""},"mobile":{"background-color":"var(--ast-global-color-5)","background-image":"","background-repeat":"repeat","background-position":"center center","background-size":"auto","background-attachment":"scroll","background-type":"","background-media":"","overlay-type":"","overlay-color":"","overlay-opacity":"","overlay-gradient":""}}},"product_brand":[66],"product_cat":[42,30,28],"product_tag":[],"class_list":{"0":"post-7206","1":"product","2":"type-product","3":"status-publish","4":"has-post-thumbnail","6":"product_brand-charlie-bears","7":"product_cat-charlie-bears-peluches-collection","8":"product_cat-ours","9":"product_cat-peluches","10":"product_shipping_class-expedition-intermediaire","11":"desktop-align-center","12":"tablet-align-left","13":"mobile-align-left","15":"first","16":"instock","17":"shipping-taxable","18":"purchasable","19":"product-type-simple"},"yoast_head":"<!-- This site is optimized with the Yoast SEO plugin v27.5 - https:\/\/yoast.com\/product\/yoast-seo-wordpress\/ -->\n<title>Ours en peluche Mister Baggins \u2013 Charlie Bears - Collection 2025<\/title>\n<meta name=\"description\" content=\"D\u00e9couvrez Mister Baggins, ours en peluche Charlie Bears 2025 de 28 cm au pelage gris-brun doux et n\u0153ud vert. Articul\u00e9, \u00e9l\u00e9gant et plein de tendresse.\" \/>\n<meta name=\"robots\" content=\"index, follow, max-snippet:-1, max-image-preview:large, max-video-preview:-1\" \/>\n<link rel=\"canonical\" href=\"https:\/\/marielleaupaysdesours.fr\/index.php\/product\/ours-en-peluche-mister-baggins-charlie-bears-collection-our-journey-so-far-2025\/\" \/>\n<meta property=\"og:locale\" content=\"fr_FR\" \/>\n<meta property=\"og:type\" content=\"article\" \/>\n<meta property=\"og:title\" content=\"Ours en peluche Mister Baggins \u2013 Charlie Bears - Collection 2025\" \/>\n<meta property=\"og:description\" content=\"D\u00e9couvrez Mister Baggins, ours en peluche Charlie Bears 2025 de 28 cm au pelage gris-brun doux et n\u0153ud vert. Articul\u00e9, \u00e9l\u00e9gant et plein de tendresse.\" \/>\n<meta property=\"og:url\" content=\"https:\/\/marielleaupaysdesours.fr\/index.php\/product\/ours-en-peluche-mister-baggins-charlie-bears-collection-our-journey-so-far-2025\/\" \/>\n<meta property=\"og:site_name\" content=\"Marielle au Pays des Ours | Vente en ligne de peluches\" \/>\n<meta property=\"article:modified_time\" content=\"2025-12-27T09:42:17+00:00\" \/>\n<meta property=\"og:image\" content=\"https:\/\/marielleaupaysdesours.fr\/wp-content\/uploads\/2025\/11\/largeCharlie-Bears-Mr-Baggins.jpg\" \/>\n\t<meta property=\"og:image:width\" content=\"423\" \/>\n\t<meta property=\"og:image:height\" content=\"487\" \/>\n\t<meta property=\"og:image:type\" content=\"image\/jpeg\" \/>\n<meta name=\"twitter:card\" content=\"summary_large_image\" \/>\n<meta name=\"twitter:label1\" content=\"Dur\u00e9e de lecture estim\u00e9e\" \/>\n\t<meta name=\"twitter:data1\" content=\"2 minutes\" \/>\n<script type=\"application\/ld+json\" class=\"yoast-schema-graph\">{\"@context\":\"https:\\\/\\\/schema.org\",\"@graph\":[{\"@type\":\"WebPage\",\"@id\":\"https:\\\/\\\/marielleaupaysdesours.fr\\\/index.php\\\/product\\\/ours-en-peluche-mister-baggins-charlie-bears-collection-our-journey-so-far-2025\\\/\",\"url\":\"https:\\\/\\\/marielleaupaysdesours.fr\\\/index.php\\\/product\\\/ours-en-peluche-mister-baggins-charlie-bears-collection-our-journey-so-far-2025\\\/\",\"name\":\"Ours en peluche Mister Baggins \u2013 Charlie Bears - Collection 2025\",\"isPartOf\":{\"@id\":\"https:\\\/\\\/marielleaupaysdesours.fr\\\/#website\"},\"primaryImageOfPage\":{\"@id\":\"https:\\\/\\\/marielleaupaysdesours.fr\\\/index.php\\\/product\\\/ours-en-peluche-mister-baggins-charlie-bears-collection-our-journey-so-far-2025\\\/#primaryimage\"},\"image\":{\"@id\":\"https:\\\/\\\/marielleaupaysdesours.fr\\\/index.php\\\/product\\\/ours-en-peluche-mister-baggins-charlie-bears-collection-our-journey-so-far-2025\\\/#primaryimage\"},\"thumbnailUrl\":\"https:\\\/\\\/marielleaupaysdesours.fr\\\/wp-content\\\/uploads\\\/2025\\\/11\\\/largeCharlie-Bears-Mr-Baggins.jpg\",\"datePublished\":\"2025-11-28T10:44:17+00:00\",\"dateModified\":\"2025-12-27T09:42:17+00:00\",\"description\":\"D\u00e9couvrez Mister Baggins, ours en peluche Charlie Bears 2025 de 28 cm au pelage gris-brun doux et n\u0153ud vert. Articul\u00e9, \u00e9l\u00e9gant et plein de tendresse.\",\"breadcrumb\":{\"@id\":\"https:\\\/\\\/marielleaupaysdesours.fr\\\/index.php\\\/product\\\/ours-en-peluche-mister-baggins-charlie-bears-collection-our-journey-so-far-2025\\\/#breadcrumb\"},\"inLanguage\":\"fr-FR\",\"potentialAction\":[{\"@type\":\"ReadAction\",\"target\":[\"https:\\\/\\\/marielleaupaysdesours.fr\\\/index.php\\\/product\\\/ours-en-peluche-mister-baggins-charlie-bears-collection-our-journey-so-far-2025\\\/\"]}]},{\"@type\":\"ImageObject\",\"inLanguage\":\"fr-FR\",\"@id\":\"https:\\\/\\\/marielleaupaysdesours.fr\\\/index.php\\\/product\\\/ours-en-peluche-mister-baggins-charlie-bears-collection-our-journey-so-far-2025\\\/#primaryimage\",\"url\":\"https:\\\/\\\/marielleaupaysdesours.fr\\\/wp-content\\\/uploads\\\/2025\\\/11\\\/largeCharlie-Bears-Mr-Baggins.jpg\",\"contentUrl\":\"https:\\\/\\\/marielleaupaysdesours.fr\\\/wp-content\\\/uploads\\\/2025\\\/11\\\/largeCharlie-Bears-Mr-Baggins.jpg\",\"width\":423,\"height\":487,\"caption\":\"Ours en peluche Mister Baggins \u2013 Charlie Bears \u2013 Collection Our Journey So Far 2025\"},{\"@type\":\"BreadcrumbList\",\"@id\":\"https:\\\/\\\/marielleaupaysdesours.fr\\\/index.php\\\/product\\\/ours-en-peluche-mister-baggins-charlie-bears-collection-our-journey-so-far-2025\\\/#breadcrumb\",\"itemListElement\":[{\"@type\":\"ListItem\",\"position\":1,\"name\":\"Accueil\",\"item\":\"https:\\\/\\\/marielleaupaysdesours.fr\\\/\"},{\"@type\":\"ListItem\",\"position\":2,\"name\":\"Shop\",\"item\":\"https:\\\/\\\/marielleaupaysdesours.fr\\\/index.php\\\/shop\\\/\"},{\"@type\":\"ListItem\",\"position\":3,\"name\":\"Ours en peluche Mister Baggins \u2013 Charlie Bears \u2013 Collection Our Journey So Far 2025\"}]},{\"@type\":\"WebSite\",\"@id\":\"https:\\\/\\\/marielleaupaysdesours.fr\\\/#website\",\"url\":\"https:\\\/\\\/marielleaupaysdesours.fr\\\/\",\"name\":\"Marielle au Pays des Ours | Vente en ligne de peluches\",\"description\":\"vente en ligne de peluches\",\"publisher\":{\"@id\":\"https:\\\/\\\/marielleaupaysdesours.fr\\\/#organization\"},\"potentialAction\":[{\"@type\":\"SearchAction\",\"target\":{\"@type\":\"EntryPoint\",\"urlTemplate\":\"https:\\\/\\\/marielleaupaysdesours.fr\\\/?s={search_term_string}\"},\"query-input\":{\"@type\":\"PropertyValueSpecification\",\"valueRequired\":true,\"valueName\":\"search_term_string\"}}],\"inLanguage\":\"fr-FR\"},{\"@type\":\"Organization\",\"@id\":\"https:\\\/\\\/marielleaupaysdesours.fr\\\/#organization\",\"name\":\"Marielle au Pays des Ours | Vente en ligne de peluches\",\"url\":\"https:\\\/\\\/marielleaupaysdesours.fr\\\/\",\"logo\":{\"@type\":\"ImageObject\",\"inLanguage\":\"fr-FR\",\"@id\":\"https:\\\/\\\/marielleaupaysdesours.fr\\\/#\\\/schema\\\/logo\\\/image\\\/\",\"url\":\"https:\\\/\\\/marielleaupaysdesours.fr\\\/wp-content\\\/uploads\\\/2020\\\/10\\\/logo-marielle-light.jpg\",\"contentUrl\":\"https:\\\/\\\/marielleaupaysdesours.fr\\\/wp-content\\\/uploads\\\/2020\\\/10\\\/logo-marielle-light.jpg\",\"width\":500,\"height\":500,\"caption\":\"Marielle au Pays des Ours | Vente en ligne de peluches\"},\"image\":{\"@id\":\"https:\\\/\\\/marielleaupaysdesours.fr\\\/#\\\/schema\\\/logo\\\/image\\\/\"}}]}<\/script>\n<!-- \/ Yoast SEO plugin. -->","yoast_head_json":{"title":"Ours en peluche Mister Baggins \u2013 Charlie Bears - Collection 2025","description":"D\u00e9couvrez Mister Baggins, ours en peluche Charlie Bears 2025 de 28 cm au pelage gris-brun doux et n\u0153ud vert. Articul\u00e9, \u00e9l\u00e9gant et plein de tendresse.","robots":{"index":"index","follow":"follow","max-snippet":"max-snippet:-1","max-image-preview":"max-image-preview:large","max-video-preview":"max-video-preview:-1"},"canonical":"https:\/\/marielleaupaysdesours.fr\/index.php\/product\/ours-en-peluche-mister-baggins-charlie-bears-collection-our-journey-so-far-2025\/","og_locale":"fr_FR","og_type":"article","og_title":"Ours en peluche Mister Baggins \u2013 Charlie Bears - Collection 2025","og_description":"D\u00e9couvrez Mister Baggins, ours en peluche Charlie Bears 2025 de 28 cm au pelage gris-brun doux et n\u0153ud vert. Articul\u00e9, \u00e9l\u00e9gant et plein de tendresse.","og_url":"https:\/\/marielleaupaysdesours.fr\/index.php\/product\/ours-en-peluche-mister-baggins-charlie-bears-collection-our-journey-so-far-2025\/","og_site_name":"Marielle au Pays des Ours | Vente en ligne de peluches","article_modified_time":"2025-12-27T09:42:17+00:00","og_image":[{"width":423,"height":487,"url":"https:\/\/marielleaupaysdesours.fr\/wp-content\/uploads\/2025\/11\/largeCharlie-Bears-Mr-Baggins.jpg","type":"image\/jpeg"}],"twitter_card":"summary_large_image","twitter_misc":{"Dur\u00e9e de lecture estim\u00e9e":"2 minutes"},"schema":{"@context":"https:\/\/schema.org","@graph":[{"@type":"WebPage","@id":"https:\/\/marielleaupaysdesours.fr\/index.php\/product\/ours-en-peluche-mister-baggins-charlie-bears-collection-our-journey-so-far-2025\/","url":"https:\/\/marielleaupaysdesours.fr\/index.php\/product\/ours-en-peluche-mister-baggins-charlie-bears-collection-our-journey-so-far-2025\/","name":"Ours en peluche Mister Baggins \u2013 Charlie Bears - Collection 2025","isPartOf":{"@id":"https:\/\/marielleaupaysdesours.fr\/#website"},"primaryImageOfPage":{"@id":"https:\/\/marielleaupaysdesours.fr\/index.php\/product\/ours-en-peluche-mister-baggins-charlie-bears-collection-our-journey-so-far-2025\/#primaryimage"},"image":{"@id":"https:\/\/marielleaupaysdesours.fr\/index.php\/product\/ours-en-peluche-mister-baggins-charlie-bears-collection-our-journey-so-far-2025\/#primaryimage"},"thumbnailUrl":"https:\/\/marielleaupaysdesours.fr\/wp-content\/uploads\/2025\/11\/largeCharlie-Bears-Mr-Baggins.jpg","datePublished":"2025-11-28T10:44:17+00:00","dateModified":"2025-12-27T09:42:17+00:00","description":"D\u00e9couvrez Mister Baggins, ours en peluche Charlie Bears 2025 de 28 cm au pelage gris-brun doux et n\u0153ud vert. Articul\u00e9, \u00e9l\u00e9gant et plein de tendresse.","breadcrumb":{"@id":"https:\/\/marielleaupaysdesours.fr\/index.php\/product\/ours-en-peluche-mister-baggins-charlie-bears-collection-our-journey-so-far-2025\/#breadcrumb"},"inLanguage":"fr-FR","potentialAction":[{"@type":"ReadAction","target":["https:\/\/marielleaupaysdesours.fr\/index.php\/product\/ours-en-peluche-mister-baggins-charlie-bears-collection-our-journey-so-far-2025\/"]}]},{"@type":"ImageObject","inLanguage":"fr-FR","@id":"https:\/\/marielleaupaysdesours.fr\/index.php\/product\/ours-en-peluche-mister-baggins-charlie-bears-collection-our-journey-so-far-2025\/#primaryimage","url":"https:\/\/marielleaupaysdesours.fr\/wp-content\/uploads\/2025\/11\/largeCharlie-Bears-Mr-Baggins.jpg","contentUrl":"https:\/\/marielleaupaysdesours.fr\/wp-content\/uploads\/2025\/11\/largeCharlie-Bears-Mr-Baggins.jpg","width":423,"height":487,"caption":"Ours en peluche Mister Baggins \u2013 Charlie Bears \u2013 Collection Our Journey So Far 2025"},{"@type":"BreadcrumbList","@id":"https:\/\/marielleaupaysdesours.fr\/index.php\/product\/ours-en-peluche-mister-baggins-charlie-bears-collection-our-journey-so-far-2025\/#breadcrumb","itemListElement":[{"@type":"ListItem","position":1,"name":"Accueil","item":"https:\/\/marielleaupaysdesours.fr\/"},{"@type":"ListItem","position":2,"name":"Shop","item":"https:\/\/marielleaupaysdesours.fr\/index.php\/shop\/"},{"@type":"ListItem","position":3,"name":"Ours en peluche Mister Baggins \u2013 Charlie Bears \u2013 Collection Our Journey So Far 2025"}]},{"@type":"WebSite","@id":"https:\/\/marielleaupaysdesours.fr\/#website","url":"https:\/\/marielleaupaysdesours.fr\/","name":"Marielle au Pays des Ours | Vente en ligne de peluches","description":"vente en ligne de peluches","publisher":{"@id":"https:\/\/marielleaupaysdesours.fr\/#organization"},"potentialAction":[{"@type":"SearchAction","target":{"@type":"EntryPoint","urlTemplate":"https:\/\/marielleaupaysdesours.fr\/?s={search_term_string}"},"query-input":{"@type":"PropertyValueSpecification","valueRequired":true,"valueName":"search_term_string"}}],"inLanguage":"fr-FR"},{"@type":"Organization","@id":"https:\/\/marielleaupaysdesours.fr\/#organization","name":"Marielle au Pays des Ours | Vente en ligne de peluches","url":"https:\/\/marielleaupaysdesours.fr\/","logo":{"@type":"ImageObject","inLanguage":"fr-FR","@id":"https:\/\/marielleaupaysdesours.fr\/#\/schema\/logo\/image\/","url":"https:\/\/marielleaupaysdesours.fr\/wp-content\/uploads\/2020\/10\/logo-marielle-light.jpg","contentUrl":"https:\/\/marielleaupaysdesours.fr\/wp-content\/uploads\/2020\/10\/logo-marielle-light.jpg","width":500,"height":500,"caption":"Marielle au Pays des Ours | Vente en ligne de peluches"},"image":{"@id":"https:\/\/marielleaupaysdesours.fr\/#\/schema\/logo\/image\/"}}]}},"jetpack_sharing_enabled":true,"_links":{"self":[{"href":"https:\/\/marielleaupaysdesours.fr\/index.php\/wp-json\/wp\/v2\/product\/7206","targetHints":{"allow":["GET"]}}],"collection":[{"href":"https:\/\/marielleaupaysdesours.fr\/index.php\/wp-json\/wp\/v2\/product"}],"about":[{"href":"https:\/\/marielleaupaysdesours.fr\/index.php\/wp-json\/wp\/v2\/types\/product"}],"replies":[{"embeddable":true,"href":"https:\/\/marielleaupaysdesours.fr\/index.php\/wp-json\/wp\/v2\/comments?post=7206"}],"version-history":[{"count":6,"href":"https:\/\/marielleaupaysdesours.fr\/index.php\/wp-json\/wp\/v2\/product\/7206\/revisions"}],"predecessor-version":[{"id":7382,"href":"https:\/\/marielleaupaysdesours.fr\/index.php\/wp-json\/wp\/v2\/product\/7206\/revisions\/7382"}],"wp:featuredmedia":[{"embeddable":true,"href":"https:\/\/marielleaupaysdesours.fr\/index.php\/wp-json\/wp\/v2\/media\/7207"}],"wp:attachment":[{"href":"https:\/\/marielleaupaysdesours.fr\/index.php\/wp-json\/wp\/v2\/media?parent=7206"}],"wp:term":[{"taxonomy":"product_brand","embeddable":true,"href":"https:\/\/marielleaupaysdesours.fr\/index.php\/wp-json\/wp\/v2\/product_brand?post=7206"},{"taxonomy":"product_cat","embeddable":true,"href":"https:\/\/marielleaupaysdesours.fr\/index.php\/wp-json\/wp\/v2\/product_cat?post=7206"},{"taxonomy":"product_tag","embeddable":true,"href":"https:\/\/marielleaupaysdesours.fr\/index.php\/wp-json\/wp\/v2\/product_tag?post=7206"}],"curies":[{"name":"wp","href":"https:\/\/api.w.org\/{rel}","templated":true}]}}