{"id":7119,"date":"2025-10-22T20:31:50","date_gmt":"2025-10-22T18:31:50","guid":{"rendered":"https:\/\/marielleaupaysdesours.fr\/?post_type=product&#038;p=7119"},"modified":"2025-12-05T20:34:15","modified_gmt":"2025-12-05T19:34:15","slug":"ziggy-ourson-a-capuche-en-peluche-bukowski-dragon","status":"publish","type":"product","link":"https:\/\/marielleaupaysdesours.fr\/index.php\/product\/ziggy-ourson-a-capuche-en-peluche-bukowski-dragon\/","title":{"rendered":"Ziggy Dragon \u2013 Ourson en peluche d\u00e9guis\u00e9 en dragon \u2013 Bukowski"},"content":{"rendered":"<p data-start=\"113\" data-end=\"1110\">Voici <strong data-start=\"119\" data-end=\"135\">Ziggy Dragon<\/strong>, l\u2019une des adorables cr\u00e9ations de la collection <strong>Ziggy<\/strong> imagin\u00e9e par la c\u00e9l\u00e8bre maison su\u00e9doise <a href=\"https:\/\/marielleaupaysdesours.fr\/index.php\/peluches-bukowski\/\"><strong data-start=\"230\" data-end=\"242\">Bukowski<\/strong><\/a>. Cet ourson de 15 cm est v\u00eatu d\u2019une capuche de dragon incroyablement mignonne, avec de petites cornes douces, des \u00e9cailles stylis\u00e9es et une teinte verte pleine de fantaisie. Aussi, son visage tendre et rassurant contraste merveilleusement avec son costume de petit dragon, offrant un m\u00e9lange entre douceur et originalit\u00e9.<\/p>\n<p data-start=\"113\" data-end=\"1110\">Ziggy Dragon est confectionn\u00e9 dans une peluche ultra douce, fid\u00e8le \u00e0 la qualit\u00e9 Bukowski, pour garantir un toucher d\u00e9licat et un confort irr\u00e9sistible. Pens\u00e9 pour accompagner les tout-petits d\u00e8s la naissance, il stimule la curiosit\u00e9, encourage les c\u00e2lins et apporte une pr\u00e9sence r\u00e9confortante. Ainsi, gr\u00e2ce \u00e0 ses d\u00e9tails soign\u00e9s et \u00e0 son design attachant, Ziggy Dragon s\u00e9duit autant les enfants que les passionn\u00e9s de jolies peluches. Et, un cadeau id\u00e9al pour c\u00e9l\u00e9brer une naissance, un anniversaire ou simplement pour offrir un compagnon magique et tendre.<\/p>\n<h3 data-start=\"1117\" data-end=\"1148\"><strong data-start=\"1124\" data-end=\"1148\">D\u00e9tails du produit :<\/strong><\/h3>\n<ul data-start=\"1149\" data-end=\"1438\">\n<li data-start=\"1149\" data-end=\"1175\">\n<p data-start=\"1151\" data-end=\"1175\"><strong data-start=\"1151\" data-end=\"1160\">Nom :<\/strong> Ziggy Dragon<\/p>\n<\/li>\n<li data-start=\"1176\" data-end=\"1201\">\n<p data-start=\"1178\" data-end=\"1201\"><strong data-start=\"1178\" data-end=\"1190\">Marque :<\/strong> <a href=\"https:\/\/marielleaupaysdesours.fr\/index.php\/peluches-bukowski\/\"><strong>Bukowski<\/strong><\/a><\/p>\n<\/li>\n<li data-start=\"1202\" data-end=\"1224\">\n<p data-start=\"1204\" data-end=\"1224\"><strong data-start=\"1204\" data-end=\"1216\">Taille :<\/strong> 15 cm<\/p>\n<\/li>\n<li data-start=\"1225\" data-end=\"1283\">\n<p data-start=\"1227\" data-end=\"1283\"><strong data-start=\"1227\" data-end=\"1246\">Particularit\u00e9 :<\/strong> Ourson \u00e0 capuche d\u00e9guis\u00e9 en dragon<\/p>\n<\/li>\n<li data-start=\"1284\" data-end=\"1321\">\n<p data-start=\"1286\" data-end=\"1321\"><strong data-start=\"1286\" data-end=\"1299\">Mati\u00e8re :<\/strong> Peluche ultra douce<\/p>\n<\/li>\n<li data-start=\"1322\" data-end=\"1363\">\n<p data-start=\"1324\" data-end=\"1363\"><strong data-start=\"1324\" data-end=\"1344\">\u00c2ge recommand\u00e9 :<\/strong> D\u00e8s la naissance<\/p>\n<\/li>\n<li data-start=\"1364\" data-end=\"1402\">\n<p data-start=\"1366\" data-end=\"1402\"><strong data-start=\"1366\" data-end=\"1381\">Entretien :<\/strong> Lavage d\u00e9licat 30\u00b0<\/p>\n<\/li>\n<li data-start=\"1403\" data-end=\"1438\">\n<p data-start=\"1405\" data-end=\"1438\"><strong data-start=\"1405\" data-end=\"1417\">Normes :<\/strong> Conforme CE \/ EN71<\/p>\n<\/li>\n<\/ul>\n<p data-start=\"1469\" data-end=\"1809\">Ainsi, avec son irr\u00e9sistible capuche de dragon et sa douceur incomparable, <strong data-start=\"1537\" data-end=\"1553\">Ziggy Dragon<\/strong> deviendra vite le compagnon pr\u00e9f\u00e9r\u00e9 des petits. Chez <strong data-start=\"1607\" data-end=\"1636\">Marielle au Pays des Ours<\/strong>, nous mettons un point d\u2019honneur \u00e0 vous accompagner avec un <strong data-start=\"1697\" data-end=\"1747\">service client r\u00e9actif, chaleureux et attentif<\/strong>, pour vous assurer une exp\u00e9rience d\u2019achat simple et agr\u00e9able.<\/p>\n","protected":false},"excerpt":{"rendered":"<p><strong data-start=\"1866\" data-end=\"1882\">Ziggy Dragon<\/strong> est un adorable ourson Bukowski de 15 cm, habill\u00e9 d\u2019une capuche dragon verte qui m\u00eale fantaisie et douceur. Sa peluche ultra douce est con\u00e7ue pour \u00eatre c\u00e2lin\u00e9e d\u00e8s la naissance, ce qui en fait un compagnon parfait pour les tout-petits. L\u00e9ger, souple et facile \u00e0 manipuler, il accompagne les enfants dans leurs jeux, leurs siestes ou leurs moments de r\u00e9confort. Ses petites cornes douces, sa capuche moelleuse et son expression attendrissante ajoutent un charme irr\u00e9sistible \u00e0 ce petit personnage. Comme toutes les cr\u00e9ations Bukowski, Ziggy Dragon b\u00e9n\u00e9ficie d\u2019une fabrication soign\u00e9e, conforme aux normes de s\u00e9curit\u00e9 europ\u00e9ennes, et de finitions de haute qualit\u00e9. Que ce soit pour une naissance, un anniversaire ou pour enrichir une collection pleine de tendresse, Ziggy Dragon apporte une touche de magie suppl\u00e9mentaire. Une peluche douce, rassurante et pleine de personnalit\u00e9 qui saura toucher le c\u0153ur des petits comme des grands.<\/p>\n","protected":false},"featured_media":7120,"comment_status":"open","ping_status":"closed","template":"","meta":{"_monsterinsights_skip_tracking":false,"_monsterinsights_sitenote_active":false,"_monsterinsights_sitenote_note":"","_monsterinsights_sitenote_category":0,"site-sidebar-layout":"default","site-content-layout":"default","ast-site-content-layout":"default","site-content-style":"default","site-sidebar-style":"default","ast-global-header-display":"","ast-banner-title-visibility":"","ast-main-header-display":"","ast-hfb-above-header-display":"","ast-hfb-below-header-display":"","ast-hfb-mobile-header-display":"","site-post-title":"","ast-breadcrumbs-content":"","ast-featured-img":"","footer-sml-layout":"","ast-disable-related-posts":"","theme-transparent-header-meta":"default","adv-header-id-meta":"","stick-header-meta":"","header-above-stick-meta":"","header-main-stick-meta":"","header-below-stick-meta":"","astra-migrate-meta-layouts":"set","ast-page-background-enabled":"default","ast-page-background-meta":{"desktop":{"background-color":"","background-image":"","background-repeat":"repeat","background-position":"center center","background-size":"auto","background-attachment":"scroll","background-type":"","background-media":"","overlay-type":"","overlay-color":"","overlay-opacity":"","overlay-gradient":""},"tablet":{"background-color":"","background-image":"","background-repeat":"repeat","background-position":"center center","background-size":"auto","background-attachment":"scroll","background-type":"","background-media":"","overlay-type":"","overlay-color":"","overlay-opacity":"","overlay-gradient":""},"mobile":{"background-color":"","background-image":"","background-repeat":"repeat","background-position":"center center","background-size":"auto","background-attachment":"scroll","background-type":"","background-media":"","overlay-type":"","overlay-color":"","overlay-opacity":"","overlay-gradient":""}},"ast-content-background-meta":{"desktop":{"background-color":"var(--ast-global-color-5)","background-image":"","background-repeat":"repeat","background-position":"center center","background-size":"auto","background-attachment":"scroll","background-type":"","background-media":"","overlay-type":"","overlay-color":"","overlay-opacity":"","overlay-gradient":""},"tablet":{"background-color":"var(--ast-global-color-5)","background-image":"","background-repeat":"repeat","background-position":"center center","background-size":"auto","background-attachment":"scroll","background-type":"","background-media":"","overlay-type":"","overlay-color":"","overlay-opacity":"","overlay-gradient":""},"mobile":{"background-color":"var(--ast-global-color-5)","background-image":"","background-repeat":"repeat","background-position":"center center","background-size":"auto","background-attachment":"scroll","background-type":"","background-media":"","overlay-type":"","overlay-color":"","overlay-opacity":"","overlay-gradient":""}}},"product_brand":[],"product_cat":[41,34,57,39,30,28,31],"product_tag":[],"class_list":{"0":"post-7119","1":"product","2":"type-product","3":"status-publish","4":"has-post-thumbnail","6":"product_cat-bukowski","7":"product_cat-doudous","8":"product_cat-foret","9":"product_cat-nos-marques","10":"product_cat-ours","11":"product_cat-peluches","12":"product_cat-savane","13":"product_shipping_class-4-80","14":"desktop-align-center","15":"tablet-align-left","16":"mobile-align-left","18":"first","19":"outofstock","20":"shipping-taxable","21":"purchasable","22":"product-type-simple"},"yoast_head":"<!-- This site is optimized with the Yoast SEO plugin v27.5 - https:\/\/yoast.com\/product\/yoast-seo-wordpress\/ -->\n<title>Ziggy Dragon \u2013 Ourson en peluche d\u00e9guis\u00e9 en dragon \u2013 Bukowski<\/title>\n<meta name=\"description\" content=\"Adoptez Ziggy Dragon, ourson Bukowski 15 cm en capuche dragon. Ultra doux, s\u00fbr d\u00e8s la naissance, parfait pour un cadeau magique et tendre.\" \/>\n<meta name=\"robots\" content=\"index, follow, max-snippet:-1, max-image-preview:large, max-video-preview:-1\" \/>\n<link rel=\"canonical\" href=\"https:\/\/marielleaupaysdesours.fr\/index.php\/product\/ziggy-ourson-a-capuche-en-peluche-bukowski-dragon\/\" \/>\n<meta property=\"og:locale\" content=\"fr_FR\" \/>\n<meta property=\"og:type\" content=\"article\" \/>\n<meta property=\"og:title\" content=\"Ziggy Dragon \u2013 Ourson en peluche d\u00e9guis\u00e9 en dragon \u2013 Bukowski\" \/>\n<meta property=\"og:description\" content=\"Adoptez Ziggy Dragon, ourson Bukowski 15 cm en capuche dragon. Ultra doux, s\u00fbr d\u00e8s la naissance, parfait pour un cadeau magique et tendre.\" \/>\n<meta property=\"og:url\" content=\"https:\/\/marielleaupaysdesours.fr\/index.php\/product\/ziggy-ourson-a-capuche-en-peluche-bukowski-dragon\/\" \/>\n<meta property=\"og:site_name\" content=\"Marielle au Pays des Ours | Vente en ligne de peluches\" \/>\n<meta property=\"article:modified_time\" content=\"2025-12-05T19:34:15+00:00\" \/>\n<meta property=\"og:image\" content=\"https:\/\/marielleaupaysdesours.fr\/wp-content\/uploads\/2025\/10\/Ziggy-Dragon-1.webp\" \/>\n\t<meta property=\"og:image:width\" content=\"518\" \/>\n\t<meta property=\"og:image:height\" content=\"518\" \/>\n\t<meta property=\"og:image:type\" content=\"image\/webp\" \/>\n<meta name=\"twitter:card\" content=\"summary_large_image\" \/>\n<meta name=\"twitter:label1\" content=\"Dur\u00e9e de lecture estim\u00e9e\" \/>\n\t<meta name=\"twitter:data1\" content=\"2 minutes\" \/>\n<script type=\"application\/ld+json\" class=\"yoast-schema-graph\">{\"@context\":\"https:\\\/\\\/schema.org\",\"@graph\":[{\"@type\":\"WebPage\",\"@id\":\"https:\\\/\\\/marielleaupaysdesours.fr\\\/index.php\\\/product\\\/ziggy-ourson-a-capuche-en-peluche-bukowski-dragon\\\/\",\"url\":\"https:\\\/\\\/marielleaupaysdesours.fr\\\/index.php\\\/product\\\/ziggy-ourson-a-capuche-en-peluche-bukowski-dragon\\\/\",\"name\":\"Ziggy Dragon \u2013 Ourson en peluche d\u00e9guis\u00e9 en dragon \u2013 Bukowski\",\"isPartOf\":{\"@id\":\"https:\\\/\\\/marielleaupaysdesours.fr\\\/#website\"},\"primaryImageOfPage\":{\"@id\":\"https:\\\/\\\/marielleaupaysdesours.fr\\\/index.php\\\/product\\\/ziggy-ourson-a-capuche-en-peluche-bukowski-dragon\\\/#primaryimage\"},\"image\":{\"@id\":\"https:\\\/\\\/marielleaupaysdesours.fr\\\/index.php\\\/product\\\/ziggy-ourson-a-capuche-en-peluche-bukowski-dragon\\\/#primaryimage\"},\"thumbnailUrl\":\"https:\\\/\\\/marielleaupaysdesours.fr\\\/wp-content\\\/uploads\\\/2025\\\/10\\\/Ziggy-Dragon-1.webp\",\"datePublished\":\"2025-10-22T18:31:50+00:00\",\"dateModified\":\"2025-12-05T19:34:15+00:00\",\"description\":\"Adoptez Ziggy Dragon, ourson Bukowski 15 cm en capuche dragon. Ultra doux, s\u00fbr d\u00e8s la naissance, parfait pour un cadeau magique et tendre.\",\"breadcrumb\":{\"@id\":\"https:\\\/\\\/marielleaupaysdesours.fr\\\/index.php\\\/product\\\/ziggy-ourson-a-capuche-en-peluche-bukowski-dragon\\\/#breadcrumb\"},\"inLanguage\":\"fr-FR\",\"potentialAction\":[{\"@type\":\"ReadAction\",\"target\":[\"https:\\\/\\\/marielleaupaysdesours.fr\\\/index.php\\\/product\\\/ziggy-ourson-a-capuche-en-peluche-bukowski-dragon\\\/\"]}]},{\"@type\":\"ImageObject\",\"inLanguage\":\"fr-FR\",\"@id\":\"https:\\\/\\\/marielleaupaysdesours.fr\\\/index.php\\\/product\\\/ziggy-ourson-a-capuche-en-peluche-bukowski-dragon\\\/#primaryimage\",\"url\":\"https:\\\/\\\/marielleaupaysdesours.fr\\\/wp-content\\\/uploads\\\/2025\\\/10\\\/Ziggy-Dragon-1.webp\",\"contentUrl\":\"https:\\\/\\\/marielleaupaysdesours.fr\\\/wp-content\\\/uploads\\\/2025\\\/10\\\/Ziggy-Dragon-1.webp\",\"width\":518,\"height\":518,\"caption\":\"Ziggy Dragon \u2013 Ourson en peluche d\u00e9guis\u00e9 en dragon \u2013 Bukowski\"},{\"@type\":\"BreadcrumbList\",\"@id\":\"https:\\\/\\\/marielleaupaysdesours.fr\\\/index.php\\\/product\\\/ziggy-ourson-a-capuche-en-peluche-bukowski-dragon\\\/#breadcrumb\",\"itemListElement\":[{\"@type\":\"ListItem\",\"position\":1,\"name\":\"Accueil\",\"item\":\"https:\\\/\\\/marielleaupaysdesours.fr\\\/\"},{\"@type\":\"ListItem\",\"position\":2,\"name\":\"Shop\",\"item\":\"https:\\\/\\\/marielleaupaysdesours.fr\\\/index.php\\\/shop\\\/\"},{\"@type\":\"ListItem\",\"position\":3,\"name\":\"Ziggy Dragon \u2013 Ourson en peluche d\u00e9guis\u00e9 en dragon \u2013 Bukowski\"}]},{\"@type\":\"WebSite\",\"@id\":\"https:\\\/\\\/marielleaupaysdesours.fr\\\/#website\",\"url\":\"https:\\\/\\\/marielleaupaysdesours.fr\\\/\",\"name\":\"Marielle au Pays des Ours | Vente en ligne de peluches\",\"description\":\"vente en ligne de peluches\",\"publisher\":{\"@id\":\"https:\\\/\\\/marielleaupaysdesours.fr\\\/#organization\"},\"potentialAction\":[{\"@type\":\"SearchAction\",\"target\":{\"@type\":\"EntryPoint\",\"urlTemplate\":\"https:\\\/\\\/marielleaupaysdesours.fr\\\/?s={search_term_string}\"},\"query-input\":{\"@type\":\"PropertyValueSpecification\",\"valueRequired\":true,\"valueName\":\"search_term_string\"}}],\"inLanguage\":\"fr-FR\"},{\"@type\":\"Organization\",\"@id\":\"https:\\\/\\\/marielleaupaysdesours.fr\\\/#organization\",\"name\":\"Marielle au Pays des Ours | Vente en ligne de peluches\",\"url\":\"https:\\\/\\\/marielleaupaysdesours.fr\\\/\",\"logo\":{\"@type\":\"ImageObject\",\"inLanguage\":\"fr-FR\",\"@id\":\"https:\\\/\\\/marielleaupaysdesours.fr\\\/#\\\/schema\\\/logo\\\/image\\\/\",\"url\":\"https:\\\/\\\/marielleaupaysdesours.fr\\\/wp-content\\\/uploads\\\/2020\\\/10\\\/logo-marielle-light.jpg\",\"contentUrl\":\"https:\\\/\\\/marielleaupaysdesours.fr\\\/wp-content\\\/uploads\\\/2020\\\/10\\\/logo-marielle-light.jpg\",\"width\":500,\"height\":500,\"caption\":\"Marielle au Pays des Ours | Vente en ligne de peluches\"},\"image\":{\"@id\":\"https:\\\/\\\/marielleaupaysdesours.fr\\\/#\\\/schema\\\/logo\\\/image\\\/\"}}]}<\/script>\n<!-- \/ Yoast SEO plugin. -->","yoast_head_json":{"title":"Ziggy Dragon \u2013 Ourson en peluche d\u00e9guis\u00e9 en dragon \u2013 Bukowski","description":"Adoptez Ziggy Dragon, ourson Bukowski 15 cm en capuche dragon. Ultra doux, s\u00fbr d\u00e8s la naissance, parfait pour un cadeau magique et tendre.","robots":{"index":"index","follow":"follow","max-snippet":"max-snippet:-1","max-image-preview":"max-image-preview:large","max-video-preview":"max-video-preview:-1"},"canonical":"https:\/\/marielleaupaysdesours.fr\/index.php\/product\/ziggy-ourson-a-capuche-en-peluche-bukowski-dragon\/","og_locale":"fr_FR","og_type":"article","og_title":"Ziggy Dragon \u2013 Ourson en peluche d\u00e9guis\u00e9 en dragon \u2013 Bukowski","og_description":"Adoptez Ziggy Dragon, ourson Bukowski 15 cm en capuche dragon. Ultra doux, s\u00fbr d\u00e8s la naissance, parfait pour un cadeau magique et tendre.","og_url":"https:\/\/marielleaupaysdesours.fr\/index.php\/product\/ziggy-ourson-a-capuche-en-peluche-bukowski-dragon\/","og_site_name":"Marielle au Pays des Ours | Vente en ligne de peluches","article_modified_time":"2025-12-05T19:34:15+00:00","og_image":[{"width":518,"height":518,"url":"https:\/\/marielleaupaysdesours.fr\/wp-content\/uploads\/2025\/10\/Ziggy-Dragon-1.webp","type":"image\/webp"}],"twitter_card":"summary_large_image","twitter_misc":{"Dur\u00e9e de lecture estim\u00e9e":"2 minutes"},"schema":{"@context":"https:\/\/schema.org","@graph":[{"@type":"WebPage","@id":"https:\/\/marielleaupaysdesours.fr\/index.php\/product\/ziggy-ourson-a-capuche-en-peluche-bukowski-dragon\/","url":"https:\/\/marielleaupaysdesours.fr\/index.php\/product\/ziggy-ourson-a-capuche-en-peluche-bukowski-dragon\/","name":"Ziggy Dragon \u2013 Ourson en peluche d\u00e9guis\u00e9 en dragon \u2013 Bukowski","isPartOf":{"@id":"https:\/\/marielleaupaysdesours.fr\/#website"},"primaryImageOfPage":{"@id":"https:\/\/marielleaupaysdesours.fr\/index.php\/product\/ziggy-ourson-a-capuche-en-peluche-bukowski-dragon\/#primaryimage"},"image":{"@id":"https:\/\/marielleaupaysdesours.fr\/index.php\/product\/ziggy-ourson-a-capuche-en-peluche-bukowski-dragon\/#primaryimage"},"thumbnailUrl":"https:\/\/marielleaupaysdesours.fr\/wp-content\/uploads\/2025\/10\/Ziggy-Dragon-1.webp","datePublished":"2025-10-22T18:31:50+00:00","dateModified":"2025-12-05T19:34:15+00:00","description":"Adoptez Ziggy Dragon, ourson Bukowski 15 cm en capuche dragon. Ultra doux, s\u00fbr d\u00e8s la naissance, parfait pour un cadeau magique et tendre.","breadcrumb":{"@id":"https:\/\/marielleaupaysdesours.fr\/index.php\/product\/ziggy-ourson-a-capuche-en-peluche-bukowski-dragon\/#breadcrumb"},"inLanguage":"fr-FR","potentialAction":[{"@type":"ReadAction","target":["https:\/\/marielleaupaysdesours.fr\/index.php\/product\/ziggy-ourson-a-capuche-en-peluche-bukowski-dragon\/"]}]},{"@type":"ImageObject","inLanguage":"fr-FR","@id":"https:\/\/marielleaupaysdesours.fr\/index.php\/product\/ziggy-ourson-a-capuche-en-peluche-bukowski-dragon\/#primaryimage","url":"https:\/\/marielleaupaysdesours.fr\/wp-content\/uploads\/2025\/10\/Ziggy-Dragon-1.webp","contentUrl":"https:\/\/marielleaupaysdesours.fr\/wp-content\/uploads\/2025\/10\/Ziggy-Dragon-1.webp","width":518,"height":518,"caption":"Ziggy Dragon \u2013 Ourson en peluche d\u00e9guis\u00e9 en dragon \u2013 Bukowski"},{"@type":"BreadcrumbList","@id":"https:\/\/marielleaupaysdesours.fr\/index.php\/product\/ziggy-ourson-a-capuche-en-peluche-bukowski-dragon\/#breadcrumb","itemListElement":[{"@type":"ListItem","position":1,"name":"Accueil","item":"https:\/\/marielleaupaysdesours.fr\/"},{"@type":"ListItem","position":2,"name":"Shop","item":"https:\/\/marielleaupaysdesours.fr\/index.php\/shop\/"},{"@type":"ListItem","position":3,"name":"Ziggy Dragon \u2013 Ourson en peluche d\u00e9guis\u00e9 en dragon \u2013 Bukowski"}]},{"@type":"WebSite","@id":"https:\/\/marielleaupaysdesours.fr\/#website","url":"https:\/\/marielleaupaysdesours.fr\/","name":"Marielle au Pays des Ours | Vente en ligne de peluches","description":"vente en ligne de peluches","publisher":{"@id":"https:\/\/marielleaupaysdesours.fr\/#organization"},"potentialAction":[{"@type":"SearchAction","target":{"@type":"EntryPoint","urlTemplate":"https:\/\/marielleaupaysdesours.fr\/?s={search_term_string}"},"query-input":{"@type":"PropertyValueSpecification","valueRequired":true,"valueName":"search_term_string"}}],"inLanguage":"fr-FR"},{"@type":"Organization","@id":"https:\/\/marielleaupaysdesours.fr\/#organization","name":"Marielle au Pays des Ours | Vente en ligne de peluches","url":"https:\/\/marielleaupaysdesours.fr\/","logo":{"@type":"ImageObject","inLanguage":"fr-FR","@id":"https:\/\/marielleaupaysdesours.fr\/#\/schema\/logo\/image\/","url":"https:\/\/marielleaupaysdesours.fr\/wp-content\/uploads\/2020\/10\/logo-marielle-light.jpg","contentUrl":"https:\/\/marielleaupaysdesours.fr\/wp-content\/uploads\/2020\/10\/logo-marielle-light.jpg","width":500,"height":500,"caption":"Marielle au Pays des Ours | Vente en ligne de peluches"},"image":{"@id":"https:\/\/marielleaupaysdesours.fr\/#\/schema\/logo\/image\/"}}]}},"jetpack_sharing_enabled":true,"_links":{"self":[{"href":"https:\/\/marielleaupaysdesours.fr\/index.php\/wp-json\/wp\/v2\/product\/7119","targetHints":{"allow":["GET"]}}],"collection":[{"href":"https:\/\/marielleaupaysdesours.fr\/index.php\/wp-json\/wp\/v2\/product"}],"about":[{"href":"https:\/\/marielleaupaysdesours.fr\/index.php\/wp-json\/wp\/v2\/types\/product"}],"replies":[{"embeddable":true,"href":"https:\/\/marielleaupaysdesours.fr\/index.php\/wp-json\/wp\/v2\/comments?post=7119"}],"version-history":[{"count":6,"href":"https:\/\/marielleaupaysdesours.fr\/index.php\/wp-json\/wp\/v2\/product\/7119\/revisions"}],"predecessor-version":[{"id":7179,"href":"https:\/\/marielleaupaysdesours.fr\/index.php\/wp-json\/wp\/v2\/product\/7119\/revisions\/7179"}],"wp:featuredmedia":[{"embeddable":true,"href":"https:\/\/marielleaupaysdesours.fr\/index.php\/wp-json\/wp\/v2\/media\/7120"}],"wp:attachment":[{"href":"https:\/\/marielleaupaysdesours.fr\/index.php\/wp-json\/wp\/v2\/media?parent=7119"}],"wp:term":[{"taxonomy":"product_brand","embeddable":true,"href":"https:\/\/marielleaupaysdesours.fr\/index.php\/wp-json\/wp\/v2\/product_brand?post=7119"},{"taxonomy":"product_cat","embeddable":true,"href":"https:\/\/marielleaupaysdesours.fr\/index.php\/wp-json\/wp\/v2\/product_cat?post=7119"},{"taxonomy":"product_tag","embeddable":true,"href":"https:\/\/marielleaupaysdesours.fr\/index.php\/wp-json\/wp\/v2\/product_tag?post=7119"}],"curies":[{"name":"wp","href":"https:\/\/api.w.org\/{rel}","templated":true}]}}