{"id":7042,"date":"2025-10-08T20:06:44","date_gmt":"2025-10-08T18:06:44","guid":{"rendered":"https:\/\/marielleaupaysdesours.fr\/?post_type=product&#038;p=7042"},"modified":"2025-12-03T23:09:36","modified_gmt":"2025-12-03T22:09:36","slug":"ours-en-peluche-frosty-charlie-bears","status":"publish","type":"product","link":"https:\/\/marielleaupaysdesours.fr\/index.php\/product\/ours-en-peluche-frosty-charlie-bears\/","title":{"rendered":"OURS EN PELUCHE FROSTY CHARLIE BEARS"},"content":{"rendered":"<p>Frosty  est un adorable petit ours habill\u00e9 en bonhomme de neige, cr\u00e9er  par Charlie Bears.<\/p>\n<p>Frosty fait parti de la collection 2023.<\/p>\n<p>Frosty mesure 25 cm et est articul\u00e9 et est joliment v\u00eatus, tenu est compos\u00e9e d&rsquo;un joli vetement immacul\u00e9 ainsi que d un adorable chapeau noir surmont\u00e9 d&rsquo;une carotte.<\/p>\n<p>Fabriqu\u00e9 en peluche ultra douce avec des coussinets en su\u00e8dine.<\/p>\n","protected":false},"excerpt":{"rendered":"<p> FROSTY est un adorable petit ours habill\u00e9 en bonhomme de neige, cr\u00e9er  par Charlie Bears.<\/p>\n<p>Frosty fait parti de la collection 2023.<\/p>\n<p>Frosty mesure 25 cm et est articul\u00e9 et est joliment v\u00eatus, tenu est compos\u00e9e d&rsquo;un joli v\u00eatement immacul\u00e9 ainsi que d un adorable chapeau noir surmont\u00e9 d&rsquo;une carotte.<\/p>\n<p>Fabriqu\u00e9 en peluche ultra douce avec des coussinets en su\u00e9dine.<\/p>\n","protected":false},"featured_media":7043,"comment_status":"closed","ping_status":"closed","template":"","meta":{"_monsterinsights_skip_tracking":false,"_monsterinsights_sitenote_active":false,"_monsterinsights_sitenote_note":"","_monsterinsights_sitenote_category":0,"site-sidebar-layout":"default","site-content-layout":"","ast-site-content-layout":"default","site-content-style":"default","site-sidebar-style":"default","ast-global-header-display":"","ast-banner-title-visibility":"","ast-main-header-display":"","ast-hfb-above-header-display":"","ast-hfb-below-header-display":"","ast-hfb-mobile-header-display":"","site-post-title":"","ast-breadcrumbs-content":"","ast-featured-img":"","footer-sml-layout":"","ast-disable-related-posts":"","theme-transparent-header-meta":"default","adv-header-id-meta":"","stick-header-meta":"","header-above-stick-meta":"","header-main-stick-meta":"","header-below-stick-meta":"","astra-migrate-meta-layouts":"set","ast-page-background-enabled":"default","ast-page-background-meta":{"desktop":{"background-color":"","background-image":"","background-repeat":"repeat","background-position":"center center","background-size":"auto","background-attachment":"scroll","background-type":"","background-media":"","overlay-type":"","overlay-color":"","overlay-opacity":"","overlay-gradient":""},"tablet":{"background-color":"","background-image":"","background-repeat":"repeat","background-position":"center center","background-size":"auto","background-attachment":"scroll","background-type":"","background-media":"","overlay-type":"","overlay-color":"","overlay-opacity":"","overlay-gradient":""},"mobile":{"background-color":"","background-image":"","background-repeat":"repeat","background-position":"center center","background-size":"auto","background-attachment":"scroll","background-type":"","background-media":"","overlay-type":"","overlay-color":"","overlay-opacity":"","overlay-gradient":""}},"ast-content-background-meta":{"desktop":{"background-color":"var(--ast-global-color-5)","background-image":"","background-repeat":"repeat","background-position":"center center","background-size":"auto","background-attachment":"scroll","background-type":"","background-media":"","overlay-type":"","overlay-color":"","overlay-opacity":"","overlay-gradient":""},"tablet":{"background-color":"var(--ast-global-color-5)","background-image":"","background-repeat":"repeat","background-position":"center center","background-size":"auto","background-attachment":"scroll","background-type":"","background-media":"","overlay-type":"","overlay-color":"","overlay-opacity":"","overlay-gradient":""},"mobile":{"background-color":"var(--ast-global-color-5)","background-image":"","background-repeat":"repeat","background-position":"center center","background-size":"auto","background-attachment":"scroll","background-type":"","background-media":"","overlay-type":"","overlay-color":"","overlay-opacity":"","overlay-gradient":""}}},"product_brand":[],"product_cat":[42,30,28,29],"product_tag":[],"class_list":{"0":"post-7042","1":"product","2":"type-product","3":"status-publish","4":"has-post-thumbnail","6":"product_cat-charlie-bears-peluches-collection","7":"product_cat-ours","8":"product_cat-peluches","9":"product_cat-collection","10":"product_shipping_class-expedition-intermediaire","11":"desktop-align-center","12":"tablet-align-left","13":"mobile-align-left","15":"first","16":"instock","17":"sale","18":"shipping-taxable","19":"purchasable","20":"product-type-simple"},"yoast_head":"<!-- This site is optimized with the Yoast SEO plugin v27.3 - https:\/\/yoast.com\/product\/yoast-seo-wordpress\/ -->\n<title>OURS EN PELUCHE FROSTY CHARLIE BEARS - Marielle au Pays des Ours | Vente en ligne de peluches<\/title>\n<meta name=\"description\" content=\"vous \u00eates a la recherche d&#039;un joli ourson d&#039;hiver , original et extr\u00eamement doux , voici frosty, venez la chercher sur marielleaupaysdesours.fr\" \/>\n<meta name=\"robots\" content=\"index, follow, max-snippet:-1, max-image-preview:large, max-video-preview:-1\" \/>\n<link rel=\"canonical\" href=\"https:\/\/marielleaupaysdesours.fr\/index.php\/product\/ours-en-peluche-frosty-charlie-bears\/\" \/>\n<meta property=\"og:locale\" content=\"fr_FR\" \/>\n<meta property=\"og:type\" content=\"article\" \/>\n<meta property=\"og:title\" content=\"OURS EN PELUCHE FROSTY CHARLIE BEARS - Marielle au Pays des Ours | Vente en ligne de peluches\" \/>\n<meta property=\"og:description\" content=\"vous \u00eates a la recherche d&#039;un joli ourson d&#039;hiver , original et extr\u00eamement doux , voici frosty, venez la chercher sur marielleaupaysdesours.fr\" \/>\n<meta property=\"og:url\" content=\"https:\/\/marielleaupaysdesours.fr\/index.php\/product\/ours-en-peluche-frosty-charlie-bears\/\" \/>\n<meta property=\"og:site_name\" content=\"Marielle au Pays des Ours | Vente en ligne de peluches\" \/>\n<meta property=\"article:modified_time\" content=\"2025-12-03T22:09:36+00:00\" \/>\n<meta property=\"og:image\" content=\"https:\/\/marielleaupaysdesours.fr\/wp-content\/uploads\/2025\/10\/tumbnail_1aa73824-3f22-4806-9b6a-e76b36aacc3a.webp\" \/>\n\t<meta property=\"og:image:width\" content=\"700\" \/>\n\t<meta property=\"og:image:height\" content=\"700\" \/>\n\t<meta property=\"og:image:type\" content=\"image\/webp\" \/>\n<meta name=\"twitter:card\" content=\"summary_large_image\" \/>\n<meta name=\"twitter:label1\" content=\"Dur\u00e9e de lecture estim\u00e9e\" \/>\n\t<meta name=\"twitter:data1\" content=\"2 minutes\" \/>\n<script type=\"application\/ld+json\" class=\"yoast-schema-graph\">{\"@context\":\"https:\\\/\\\/schema.org\",\"@graph\":[{\"@type\":\"WebPage\",\"@id\":\"https:\\\/\\\/marielleaupaysdesours.fr\\\/index.php\\\/product\\\/ours-en-peluche-frosty-charlie-bears\\\/\",\"url\":\"https:\\\/\\\/marielleaupaysdesours.fr\\\/index.php\\\/product\\\/ours-en-peluche-frosty-charlie-bears\\\/\",\"name\":\"OURS EN PELUCHE FROSTY CHARLIE BEARS - Marielle au Pays des Ours | Vente en ligne de peluches\",\"isPartOf\":{\"@id\":\"https:\\\/\\\/marielleaupaysdesours.fr\\\/#website\"},\"primaryImageOfPage\":{\"@id\":\"https:\\\/\\\/marielleaupaysdesours.fr\\\/index.php\\\/product\\\/ours-en-peluche-frosty-charlie-bears\\\/#primaryimage\"},\"image\":{\"@id\":\"https:\\\/\\\/marielleaupaysdesours.fr\\\/index.php\\\/product\\\/ours-en-peluche-frosty-charlie-bears\\\/#primaryimage\"},\"thumbnailUrl\":\"https:\\\/\\\/marielleaupaysdesours.fr\\\/wp-content\\\/uploads\\\/2025\\\/10\\\/tumbnail_1aa73824-3f22-4806-9b6a-e76b36aacc3a.webp\",\"datePublished\":\"2025-10-08T18:06:44+00:00\",\"dateModified\":\"2025-12-03T22:09:36+00:00\",\"description\":\"vous \u00eates a la recherche d'un joli ourson d'hiver , original et extr\u00eamement doux , voici frosty, venez la chercher sur marielleaupaysdesours.fr\",\"breadcrumb\":{\"@id\":\"https:\\\/\\\/marielleaupaysdesours.fr\\\/index.php\\\/product\\\/ours-en-peluche-frosty-charlie-bears\\\/#breadcrumb\"},\"inLanguage\":\"fr-FR\",\"potentialAction\":[{\"@type\":\"ReadAction\",\"target\":[\"https:\\\/\\\/marielleaupaysdesours.fr\\\/index.php\\\/product\\\/ours-en-peluche-frosty-charlie-bears\\\/\"]}]},{\"@type\":\"ImageObject\",\"inLanguage\":\"fr-FR\",\"@id\":\"https:\\\/\\\/marielleaupaysdesours.fr\\\/index.php\\\/product\\\/ours-en-peluche-frosty-charlie-bears\\\/#primaryimage\",\"url\":\"https:\\\/\\\/marielleaupaysdesours.fr\\\/wp-content\\\/uploads\\\/2025\\\/10\\\/tumbnail_1aa73824-3f22-4806-9b6a-e76b36aacc3a.webp\",\"contentUrl\":\"https:\\\/\\\/marielleaupaysdesours.fr\\\/wp-content\\\/uploads\\\/2025\\\/10\\\/tumbnail_1aa73824-3f22-4806-9b6a-e76b36aacc3a.webp\",\"width\":700,\"height\":700},{\"@type\":\"BreadcrumbList\",\"@id\":\"https:\\\/\\\/marielleaupaysdesours.fr\\\/index.php\\\/product\\\/ours-en-peluche-frosty-charlie-bears\\\/#breadcrumb\",\"itemListElement\":[{\"@type\":\"ListItem\",\"position\":1,\"name\":\"Accueil\",\"item\":\"https:\\\/\\\/marielleaupaysdesours.fr\\\/\"},{\"@type\":\"ListItem\",\"position\":2,\"name\":\"Shop\",\"item\":\"https:\\\/\\\/marielleaupaysdesours.fr\\\/index.php\\\/shop\\\/\"},{\"@type\":\"ListItem\",\"position\":3,\"name\":\"OURS EN PELUCHE FROSTY CHARLIE BEARS\"}]},{\"@type\":\"WebSite\",\"@id\":\"https:\\\/\\\/marielleaupaysdesours.fr\\\/#website\",\"url\":\"https:\\\/\\\/marielleaupaysdesours.fr\\\/\",\"name\":\"Marielle au Pays des Ours | Vente en ligne de peluches\",\"description\":\"vente en ligne de peluches\",\"publisher\":{\"@id\":\"https:\\\/\\\/marielleaupaysdesours.fr\\\/#organization\"},\"potentialAction\":[{\"@type\":\"SearchAction\",\"target\":{\"@type\":\"EntryPoint\",\"urlTemplate\":\"https:\\\/\\\/marielleaupaysdesours.fr\\\/?s={search_term_string}\"},\"query-input\":{\"@type\":\"PropertyValueSpecification\",\"valueRequired\":true,\"valueName\":\"search_term_string\"}}],\"inLanguage\":\"fr-FR\"},{\"@type\":\"Organization\",\"@id\":\"https:\\\/\\\/marielleaupaysdesours.fr\\\/#organization\",\"name\":\"Marielle au Pays des Ours | Vente en ligne de peluches\",\"url\":\"https:\\\/\\\/marielleaupaysdesours.fr\\\/\",\"logo\":{\"@type\":\"ImageObject\",\"inLanguage\":\"fr-FR\",\"@id\":\"https:\\\/\\\/marielleaupaysdesours.fr\\\/#\\\/schema\\\/logo\\\/image\\\/\",\"url\":\"https:\\\/\\\/marielleaupaysdesours.fr\\\/wp-content\\\/uploads\\\/2020\\\/10\\\/logo-marielle-light.jpg\",\"contentUrl\":\"https:\\\/\\\/marielleaupaysdesours.fr\\\/wp-content\\\/uploads\\\/2020\\\/10\\\/logo-marielle-light.jpg\",\"width\":500,\"height\":500,\"caption\":\"Marielle au Pays des Ours | Vente en ligne de peluches\"},\"image\":{\"@id\":\"https:\\\/\\\/marielleaupaysdesours.fr\\\/#\\\/schema\\\/logo\\\/image\\\/\"}}]}<\/script>\n<!-- \/ Yoast SEO plugin. -->","yoast_head_json":{"title":"OURS EN PELUCHE FROSTY CHARLIE BEARS - Marielle au Pays des Ours | Vente en ligne de peluches","description":"vous \u00eates a la recherche d'un joli ourson d'hiver , original et extr\u00eamement doux , voici frosty, venez la chercher sur marielleaupaysdesours.fr","robots":{"index":"index","follow":"follow","max-snippet":"max-snippet:-1","max-image-preview":"max-image-preview:large","max-video-preview":"max-video-preview:-1"},"canonical":"https:\/\/marielleaupaysdesours.fr\/index.php\/product\/ours-en-peluche-frosty-charlie-bears\/","og_locale":"fr_FR","og_type":"article","og_title":"OURS EN PELUCHE FROSTY CHARLIE BEARS - Marielle au Pays des Ours | Vente en ligne de peluches","og_description":"vous \u00eates a la recherche d'un joli ourson d'hiver , original et extr\u00eamement doux , voici frosty, venez la chercher sur marielleaupaysdesours.fr","og_url":"https:\/\/marielleaupaysdesours.fr\/index.php\/product\/ours-en-peluche-frosty-charlie-bears\/","og_site_name":"Marielle au Pays des Ours | Vente en ligne de peluches","article_modified_time":"2025-12-03T22:09:36+00:00","og_image":[{"width":700,"height":700,"url":"https:\/\/marielleaupaysdesours.fr\/wp-content\/uploads\/2025\/10\/tumbnail_1aa73824-3f22-4806-9b6a-e76b36aacc3a.webp","type":"image\/webp"}],"twitter_card":"summary_large_image","twitter_misc":{"Dur\u00e9e de lecture estim\u00e9e":"2 minutes"},"schema":{"@context":"https:\/\/schema.org","@graph":[{"@type":"WebPage","@id":"https:\/\/marielleaupaysdesours.fr\/index.php\/product\/ours-en-peluche-frosty-charlie-bears\/","url":"https:\/\/marielleaupaysdesours.fr\/index.php\/product\/ours-en-peluche-frosty-charlie-bears\/","name":"OURS EN PELUCHE FROSTY CHARLIE BEARS - Marielle au Pays des Ours | Vente en ligne de peluches","isPartOf":{"@id":"https:\/\/marielleaupaysdesours.fr\/#website"},"primaryImageOfPage":{"@id":"https:\/\/marielleaupaysdesours.fr\/index.php\/product\/ours-en-peluche-frosty-charlie-bears\/#primaryimage"},"image":{"@id":"https:\/\/marielleaupaysdesours.fr\/index.php\/product\/ours-en-peluche-frosty-charlie-bears\/#primaryimage"},"thumbnailUrl":"https:\/\/marielleaupaysdesours.fr\/wp-content\/uploads\/2025\/10\/tumbnail_1aa73824-3f22-4806-9b6a-e76b36aacc3a.webp","datePublished":"2025-10-08T18:06:44+00:00","dateModified":"2025-12-03T22:09:36+00:00","description":"vous \u00eates a la recherche d'un joli ourson d'hiver , original et extr\u00eamement doux , voici frosty, venez la chercher sur marielleaupaysdesours.fr","breadcrumb":{"@id":"https:\/\/marielleaupaysdesours.fr\/index.php\/product\/ours-en-peluche-frosty-charlie-bears\/#breadcrumb"},"inLanguage":"fr-FR","potentialAction":[{"@type":"ReadAction","target":["https:\/\/marielleaupaysdesours.fr\/index.php\/product\/ours-en-peluche-frosty-charlie-bears\/"]}]},{"@type":"ImageObject","inLanguage":"fr-FR","@id":"https:\/\/marielleaupaysdesours.fr\/index.php\/product\/ours-en-peluche-frosty-charlie-bears\/#primaryimage","url":"https:\/\/marielleaupaysdesours.fr\/wp-content\/uploads\/2025\/10\/tumbnail_1aa73824-3f22-4806-9b6a-e76b36aacc3a.webp","contentUrl":"https:\/\/marielleaupaysdesours.fr\/wp-content\/uploads\/2025\/10\/tumbnail_1aa73824-3f22-4806-9b6a-e76b36aacc3a.webp","width":700,"height":700},{"@type":"BreadcrumbList","@id":"https:\/\/marielleaupaysdesours.fr\/index.php\/product\/ours-en-peluche-frosty-charlie-bears\/#breadcrumb","itemListElement":[{"@type":"ListItem","position":1,"name":"Accueil","item":"https:\/\/marielleaupaysdesours.fr\/"},{"@type":"ListItem","position":2,"name":"Shop","item":"https:\/\/marielleaupaysdesours.fr\/index.php\/shop\/"},{"@type":"ListItem","position":3,"name":"OURS EN PELUCHE FROSTY CHARLIE BEARS"}]},{"@type":"WebSite","@id":"https:\/\/marielleaupaysdesours.fr\/#website","url":"https:\/\/marielleaupaysdesours.fr\/","name":"Marielle au Pays des Ours | Vente en ligne de peluches","description":"vente en ligne de peluches","publisher":{"@id":"https:\/\/marielleaupaysdesours.fr\/#organization"},"potentialAction":[{"@type":"SearchAction","target":{"@type":"EntryPoint","urlTemplate":"https:\/\/marielleaupaysdesours.fr\/?s={search_term_string}"},"query-input":{"@type":"PropertyValueSpecification","valueRequired":true,"valueName":"search_term_string"}}],"inLanguage":"fr-FR"},{"@type":"Organization","@id":"https:\/\/marielleaupaysdesours.fr\/#organization","name":"Marielle au Pays des Ours | Vente en ligne de peluches","url":"https:\/\/marielleaupaysdesours.fr\/","logo":{"@type":"ImageObject","inLanguage":"fr-FR","@id":"https:\/\/marielleaupaysdesours.fr\/#\/schema\/logo\/image\/","url":"https:\/\/marielleaupaysdesours.fr\/wp-content\/uploads\/2020\/10\/logo-marielle-light.jpg","contentUrl":"https:\/\/marielleaupaysdesours.fr\/wp-content\/uploads\/2020\/10\/logo-marielle-light.jpg","width":500,"height":500,"caption":"Marielle au Pays des Ours | Vente en ligne de peluches"},"image":{"@id":"https:\/\/marielleaupaysdesours.fr\/#\/schema\/logo\/image\/"}}]}},"jetpack_sharing_enabled":true,"_links":{"self":[{"href":"https:\/\/marielleaupaysdesours.fr\/index.php\/wp-json\/wp\/v2\/product\/7042","targetHints":{"allow":["GET"]}}],"collection":[{"href":"https:\/\/marielleaupaysdesours.fr\/index.php\/wp-json\/wp\/v2\/product"}],"about":[{"href":"https:\/\/marielleaupaysdesours.fr\/index.php\/wp-json\/wp\/v2\/types\/product"}],"replies":[{"embeddable":true,"href":"https:\/\/marielleaupaysdesours.fr\/index.php\/wp-json\/wp\/v2\/comments?post=7042"}],"version-history":[{"count":1,"href":"https:\/\/marielleaupaysdesours.fr\/index.php\/wp-json\/wp\/v2\/product\/7042\/revisions"}],"predecessor-version":[{"id":7044,"href":"https:\/\/marielleaupaysdesours.fr\/index.php\/wp-json\/wp\/v2\/product\/7042\/revisions\/7044"}],"wp:featuredmedia":[{"embeddable":true,"href":"https:\/\/marielleaupaysdesours.fr\/index.php\/wp-json\/wp\/v2\/media\/7043"}],"wp:attachment":[{"href":"https:\/\/marielleaupaysdesours.fr\/index.php\/wp-json\/wp\/v2\/media?parent=7042"}],"wp:term":[{"taxonomy":"product_brand","embeddable":true,"href":"https:\/\/marielleaupaysdesours.fr\/index.php\/wp-json\/wp\/v2\/product_brand?post=7042"},{"taxonomy":"product_cat","embeddable":true,"href":"https:\/\/marielleaupaysdesours.fr\/index.php\/wp-json\/wp\/v2\/product_cat?post=7042"},{"taxonomy":"product_tag","embeddable":true,"href":"https:\/\/marielleaupaysdesours.fr\/index.php\/wp-json\/wp\/v2\/product_tag?post=7042"}],"curies":[{"name":"wp","href":"https:\/\/api.w.org\/{rel}","templated":true}]}}