{"id":6971,"date":"2025-09-16T18:57:18","date_gmt":"2025-09-16T16:57:18","guid":{"rendered":"https:\/\/marielleaupaysdesours.fr\/?post_type=product&#038;p=6971"},"modified":"2025-12-03T23:11:28","modified_gmt":"2025-12-03T22:11:28","slug":"loutre-couchee-20-cm-anima","status":"publish","type":"product","link":"https:\/\/marielleaupaysdesours.fr\/index.php\/product\/loutre-couchee-20-cm-anima\/","title":{"rendered":"Peluche loutre couch\u00e9e &#8211; Anima &#8211; 20 cm"},"content":{"rendered":"<p data-start=\"336\" data-end=\"1294\">La peluche <strong data-start=\"347\" data-end=\"371\">loutre couch\u00e9e 20 cm<\/strong> de la marque <strong data-start=\"385\" data-end=\"394\">Anima<\/strong> est une adorable cr\u00e9ation qui s\u00e9duit par son r\u00e9alisme et sa douceur incomparable. Con\u00e7ue en France avec des mat\u00e9riaux de haute qualit\u00e9, elle respecte toutes les normes de s\u00e9curit\u00e9 europ\u00e9ennes, garantissant un compagnon s\u00fbr et durable pour les tout-petits. Cette loutre d\u00e9licatement allong\u00e9e capture parfaitement l\u2019allure curieuse et espi\u00e8gle de l\u2019animal, tout en offrant un toucher d\u2019une extr\u00eame douceur. Sa texture moelleuse et son format pratique la rendent facile \u00e0 manipuler par de petites mains. Id\u00e9ale pour les c\u00e2lins, les jeux imaginaires ou simplement comme \u00e9l\u00e9ment de d\u00e9coration, elle devient vite un compagnon fid\u00e8le pour accompagner les enfants dans leurs aventures quotidiennes. Lavable en machine et robuste, elle r\u00e9siste au temps et aux c\u00e2lins r\u00e9p\u00e9t\u00e9s. Offrir cette peluche, c\u2019est offrir tendresse et douceur au quotidien, pour le plus grand bonheur des petits amoureux de la nature.<\/p>\n<hr data-start=\"1296\" data-end=\"1299\" \/>\n<h3 data-start=\"1301\" data-end=\"1328\">D\u00e9tails du produit<\/h3>\n<ul data-start=\"1329\" data-end=\"1573\">\n<li data-start=\"1329\" data-end=\"1351\">\n<p data-start=\"1331\" data-end=\"1351\"><strong data-start=\"1331\" data-end=\"1343\">Marque :<\/strong> Anima<\/p>\n<\/li>\n<li data-start=\"1352\" data-end=\"1375\">\n<p data-start=\"1354\" data-end=\"1375\"><strong data-start=\"1354\" data-end=\"1367\">Hauteur :<\/strong> 20 cm<\/p>\n<\/li>\n<li data-start=\"1376\" data-end=\"1402\">\n<p data-start=\"1378\" data-end=\"1402\"><strong data-start=\"1378\" data-end=\"1392\">Position :<\/strong> Couch\u00e9e<\/p>\n<\/li>\n<li data-start=\"1403\" data-end=\"1453\">\n<p data-start=\"1405\" data-end=\"1453\"><strong data-start=\"1405\" data-end=\"1418\">Mati\u00e8re :<\/strong> Fourrure synth\u00e9tique ultra douce<\/p>\n<\/li>\n<li data-start=\"1454\" data-end=\"1499\">\n<p data-start=\"1456\" data-end=\"1499\"><strong data-start=\"1456\" data-end=\"1471\">Entretien :<\/strong> Lavable en machine \u00e0 30\u00b0C<\/p>\n<\/li>\n<li data-start=\"1500\" data-end=\"1530\">\n<p data-start=\"1502\" data-end=\"1530\"><strong data-start=\"1502\" data-end=\"1511\">\u00c2ge :<\/strong> D\u00e8s la naissance<\/p>\n<\/li>\n<li data-start=\"1531\" data-end=\"1573\">\n<p data-start=\"1533\" data-end=\"1573\"><strong data-start=\"1533\" data-end=\"1571\">Conforme aux normes CE europ\u00e9ennes<\/strong><\/p>\n<\/li>\n<\/ul>\n<hr data-start=\"1575\" data-end=\"1578\" \/>\n<p data-start=\"1580\" data-end=\"1765\" data-is-last-node=\"\" data-is-only-node=\"\">Craquez pour un compagnon attendrissant ! Chez <em data-start=\"1630\" data-end=\"1657\">Marielle au Pays des Ours<\/em>, nous vous offrons un <strong data-start=\"1680\" data-end=\"1720\">service client r\u00e9actif et \u00e0 l\u2019\u00e9coute<\/strong> pour un achat serein et des c\u00e2lins garantis.<\/p>\n","protected":false},"excerpt":{"rendered":"<p>La peluche <strong data-start=\"347\" data-end=\"371\">loutre couch\u00e9e 20 cm<\/strong> de la marque <strong data-start=\"385\" data-end=\"394\">Anima<\/strong> est une adorable cr\u00e9ation qui s\u00e9duit par son r\u00e9alisme et sa douceur incomparable. Con\u00e7ue en France avec des mat\u00e9riaux de haute qualit\u00e9, elle respecte toutes les normes de s\u00e9curit\u00e9 europ\u00e9ennes, garantissant un compagnon s\u00fbr et durable pour les tout-petits. Cette loutre d\u00e9licatement allong\u00e9e capture parfaitement l\u2019allure curieuse et espi\u00e8gle de l\u2019animal, tout en offrant un toucher d\u2019une extr\u00eame douceur. Sa texture moelleuse et son format pratique la rendent facile \u00e0 manipuler par de petites mains. Id\u00e9ale pour les c\u00e2lins, les jeux imaginaires ou simplement comme \u00e9l\u00e9ment de d\u00e9coration, elle devient vite un compagnon fid\u00e8le pour accompagner les enfants dans leurs aventures quotidiennes. Lavable en machine et robuste, elle r\u00e9siste au temps et aux c\u00e2lins r\u00e9p\u00e9t\u00e9s. Offrir cette peluche, c\u2019est offrir tendresse et douceur au quotidien, pour le plus grand bonheur des petits amoureux de la nature.<\/p>\n","protected":false},"featured_media":6972,"comment_status":"closed","ping_status":"closed","template":"","meta":{"_monsterinsights_skip_tracking":false,"_monsterinsights_sitenote_active":false,"_monsterinsights_sitenote_note":"","_monsterinsights_sitenote_category":0,"site-sidebar-layout":"default","site-content-layout":"","ast-site-content-layout":"default","site-content-style":"default","site-sidebar-style":"default","ast-global-header-display":"","ast-banner-title-visibility":"","ast-main-header-display":"","ast-hfb-above-header-display":"","ast-hfb-below-header-display":"","ast-hfb-mobile-header-display":"","site-post-title":"","ast-breadcrumbs-content":"","ast-featured-img":"","footer-sml-layout":"","ast-disable-related-posts":"","theme-transparent-header-meta":"default","adv-header-id-meta":"","stick-header-meta":"","header-above-stick-meta":"","header-main-stick-meta":"","header-below-stick-meta":"","astra-migrate-meta-layouts":"set","ast-page-background-enabled":"default","ast-page-background-meta":{"desktop":{"background-color":"","background-image":"","background-repeat":"repeat","background-position":"center center","background-size":"auto","background-attachment":"scroll","background-type":"","background-media":"","overlay-type":"","overlay-color":"","overlay-opacity":"","overlay-gradient":""},"tablet":{"background-color":"","background-image":"","background-repeat":"repeat","background-position":"center center","background-size":"auto","background-attachment":"scroll","background-type":"","background-media":"","overlay-type":"","overlay-color":"","overlay-opacity":"","overlay-gradient":""},"mobile":{"background-color":"","background-image":"","background-repeat":"repeat","background-position":"center center","background-size":"auto","background-attachment":"scroll","background-type":"","background-media":"","overlay-type":"","overlay-color":"","overlay-opacity":"","overlay-gradient":""}},"ast-content-background-meta":{"desktop":{"background-color":"var(--ast-global-color-5)","background-image":"","background-repeat":"repeat","background-position":"center center","background-size":"auto","background-attachment":"scroll","background-type":"","background-media":"","overlay-type":"","overlay-color":"","overlay-opacity":"","overlay-gradient":""},"tablet":{"background-color":"var(--ast-global-color-5)","background-image":"","background-repeat":"repeat","background-position":"center center","background-size":"auto","background-attachment":"scroll","background-type":"","background-media":"","overlay-type":"","overlay-color":"","overlay-opacity":"","overlay-gradient":""},"mobile":{"background-color":"var(--ast-global-color-5)","background-image":"","background-repeat":"repeat","background-position":"center center","background-size":"auto","background-attachment":"scroll","background-type":"","background-media":"","overlay-type":"","overlay-color":"","overlay-opacity":"","overlay-gradient":""}}},"product_brand":[],"product_cat":[48,33],"product_tag":[],"class_list":{"0":"post-6971","1":"product","2":"type-product","3":"status-publish","4":"has-post-thumbnail","6":"product_cat-peluches-anima","7":"product_cat-animaux-de-compagnie","8":"product_shipping_class-expedition-intermediaire","9":"desktop-align-center","10":"tablet-align-left","11":"mobile-align-left","13":"first","14":"instock","15":"shipping-taxable","16":"purchasable","17":"product-type-simple"},"yoast_head":"<!-- This site is optimized with the Yoast SEO plugin v27.3 - https:\/\/yoast.com\/product\/yoast-seo-wordpress\/ -->\n<title>Peluche loutre couch\u00e9e 20 cm \u2013 R\u00e9aliste douce \u2013 Collection Anima<\/title>\n<meta name=\"description\" content=\"D\u00e9couvrez la peluche loutre couch\u00e9e 20 cm d\u2019Anima : douce, r\u00e9aliste et conforme aux normes CE, elle fera fondre petits et grands.\" \/>\n<meta name=\"robots\" content=\"index, follow, max-snippet:-1, max-image-preview:large, max-video-preview:-1\" \/>\n<link rel=\"canonical\" href=\"https:\/\/marielleaupaysdesours.fr\/index.php\/product\/loutre-couchee-20-cm-anima\/\" \/>\n<meta property=\"og:locale\" content=\"fr_FR\" \/>\n<meta property=\"og:type\" content=\"article\" \/>\n<meta property=\"og:title\" content=\"Peluche loutre couch\u00e9e 20 cm \u2013 R\u00e9aliste douce \u2013 Collection Anima\" \/>\n<meta property=\"og:description\" content=\"D\u00e9couvrez la peluche loutre couch\u00e9e 20 cm d\u2019Anima : douce, r\u00e9aliste et conforme aux normes CE, elle fera fondre petits et grands.\" \/>\n<meta property=\"og:url\" content=\"https:\/\/marielleaupaysdesours.fr\/index.php\/product\/loutre-couchee-20-cm-anima\/\" \/>\n<meta property=\"og:site_name\" content=\"Marielle au Pays des Ours | Vente en ligne de peluches\" \/>\n<meta property=\"article:modified_time\" content=\"2025-12-03T22:11:28+00:00\" \/>\n<meta property=\"og:image\" content=\"https:\/\/marielleaupaysdesours.fr\/wp-content\/uploads\/2025\/09\/peluche-loutre-couchee-25-cm.webp\" \/>\n\t<meta property=\"og:image:width\" content=\"700\" \/>\n\t<meta property=\"og:image:height\" content=\"700\" \/>\n\t<meta property=\"og:image:type\" content=\"image\/webp\" \/>\n<meta name=\"twitter:card\" content=\"summary_large_image\" \/>\n<meta name=\"twitter:label1\" content=\"Dur\u00e9e de lecture estim\u00e9e\" \/>\n\t<meta name=\"twitter:data1\" content=\"2 minutes\" \/>\n<script type=\"application\/ld+json\" class=\"yoast-schema-graph\">{\"@context\":\"https:\\\/\\\/schema.org\",\"@graph\":[{\"@type\":\"WebPage\",\"@id\":\"https:\\\/\\\/marielleaupaysdesours.fr\\\/index.php\\\/product\\\/loutre-couchee-20-cm-anima\\\/\",\"url\":\"https:\\\/\\\/marielleaupaysdesours.fr\\\/index.php\\\/product\\\/loutre-couchee-20-cm-anima\\\/\",\"name\":\"Peluche loutre couch\u00e9e 20 cm \u2013 R\u00e9aliste douce \u2013 Collection Anima\",\"isPartOf\":{\"@id\":\"https:\\\/\\\/marielleaupaysdesours.fr\\\/#website\"},\"primaryImageOfPage\":{\"@id\":\"https:\\\/\\\/marielleaupaysdesours.fr\\\/index.php\\\/product\\\/loutre-couchee-20-cm-anima\\\/#primaryimage\"},\"image\":{\"@id\":\"https:\\\/\\\/marielleaupaysdesours.fr\\\/index.php\\\/product\\\/loutre-couchee-20-cm-anima\\\/#primaryimage\"},\"thumbnailUrl\":\"https:\\\/\\\/marielleaupaysdesours.fr\\\/wp-content\\\/uploads\\\/2025\\\/09\\\/peluche-loutre-couchee-25-cm.webp\",\"datePublished\":\"2025-09-16T16:57:18+00:00\",\"dateModified\":\"2025-12-03T22:11:28+00:00\",\"description\":\"D\u00e9couvrez la peluche loutre couch\u00e9e 20 cm d\u2019Anima : douce, r\u00e9aliste et conforme aux normes CE, elle fera fondre petits et grands.\",\"breadcrumb\":{\"@id\":\"https:\\\/\\\/marielleaupaysdesours.fr\\\/index.php\\\/product\\\/loutre-couchee-20-cm-anima\\\/#breadcrumb\"},\"inLanguage\":\"fr-FR\",\"potentialAction\":[{\"@type\":\"ReadAction\",\"target\":[\"https:\\\/\\\/marielleaupaysdesours.fr\\\/index.php\\\/product\\\/loutre-couchee-20-cm-anima\\\/\"]}]},{\"@type\":\"ImageObject\",\"inLanguage\":\"fr-FR\",\"@id\":\"https:\\\/\\\/marielleaupaysdesours.fr\\\/index.php\\\/product\\\/loutre-couchee-20-cm-anima\\\/#primaryimage\",\"url\":\"https:\\\/\\\/marielleaupaysdesours.fr\\\/wp-content\\\/uploads\\\/2025\\\/09\\\/peluche-loutre-couchee-25-cm.webp\",\"contentUrl\":\"https:\\\/\\\/marielleaupaysdesours.fr\\\/wp-content\\\/uploads\\\/2025\\\/09\\\/peluche-loutre-couchee-25-cm.webp\",\"width\":700,\"height\":700,\"caption\":\"Peluche loutre couch\u00e9e 20 cm \u2013 R\u00e9aliste et douce \u2013 Collection Anima\"},{\"@type\":\"BreadcrumbList\",\"@id\":\"https:\\\/\\\/marielleaupaysdesours.fr\\\/index.php\\\/product\\\/loutre-couchee-20-cm-anima\\\/#breadcrumb\",\"itemListElement\":[{\"@type\":\"ListItem\",\"position\":1,\"name\":\"Accueil\",\"item\":\"https:\\\/\\\/marielleaupaysdesours.fr\\\/\"},{\"@type\":\"ListItem\",\"position\":2,\"name\":\"Shop\",\"item\":\"https:\\\/\\\/marielleaupaysdesours.fr\\\/index.php\\\/shop\\\/\"},{\"@type\":\"ListItem\",\"position\":3,\"name\":\"Peluche loutre couch\u00e9e &#8211; Anima &#8211; 20 cm\"}]},{\"@type\":\"WebSite\",\"@id\":\"https:\\\/\\\/marielleaupaysdesours.fr\\\/#website\",\"url\":\"https:\\\/\\\/marielleaupaysdesours.fr\\\/\",\"name\":\"Marielle au Pays des Ours | Vente en ligne de peluches\",\"description\":\"vente en ligne de peluches\",\"publisher\":{\"@id\":\"https:\\\/\\\/marielleaupaysdesours.fr\\\/#organization\"},\"potentialAction\":[{\"@type\":\"SearchAction\",\"target\":{\"@type\":\"EntryPoint\",\"urlTemplate\":\"https:\\\/\\\/marielleaupaysdesours.fr\\\/?s={search_term_string}\"},\"query-input\":{\"@type\":\"PropertyValueSpecification\",\"valueRequired\":true,\"valueName\":\"search_term_string\"}}],\"inLanguage\":\"fr-FR\"},{\"@type\":\"Organization\",\"@id\":\"https:\\\/\\\/marielleaupaysdesours.fr\\\/#organization\",\"name\":\"Marielle au Pays des Ours | Vente en ligne de peluches\",\"url\":\"https:\\\/\\\/marielleaupaysdesours.fr\\\/\",\"logo\":{\"@type\":\"ImageObject\",\"inLanguage\":\"fr-FR\",\"@id\":\"https:\\\/\\\/marielleaupaysdesours.fr\\\/#\\\/schema\\\/logo\\\/image\\\/\",\"url\":\"https:\\\/\\\/marielleaupaysdesours.fr\\\/wp-content\\\/uploads\\\/2020\\\/10\\\/logo-marielle-light.jpg\",\"contentUrl\":\"https:\\\/\\\/marielleaupaysdesours.fr\\\/wp-content\\\/uploads\\\/2020\\\/10\\\/logo-marielle-light.jpg\",\"width\":500,\"height\":500,\"caption\":\"Marielle au Pays des Ours | Vente en ligne de peluches\"},\"image\":{\"@id\":\"https:\\\/\\\/marielleaupaysdesours.fr\\\/#\\\/schema\\\/logo\\\/image\\\/\"}}]}<\/script>\n<!-- \/ Yoast SEO plugin. -->","yoast_head_json":{"title":"Peluche loutre couch\u00e9e 20 cm \u2013 R\u00e9aliste douce \u2013 Collection Anima","description":"D\u00e9couvrez la peluche loutre couch\u00e9e 20 cm d\u2019Anima : douce, r\u00e9aliste et conforme aux normes CE, elle fera fondre petits et grands.","robots":{"index":"index","follow":"follow","max-snippet":"max-snippet:-1","max-image-preview":"max-image-preview:large","max-video-preview":"max-video-preview:-1"},"canonical":"https:\/\/marielleaupaysdesours.fr\/index.php\/product\/loutre-couchee-20-cm-anima\/","og_locale":"fr_FR","og_type":"article","og_title":"Peluche loutre couch\u00e9e 20 cm \u2013 R\u00e9aliste douce \u2013 Collection Anima","og_description":"D\u00e9couvrez la peluche loutre couch\u00e9e 20 cm d\u2019Anima : douce, r\u00e9aliste et conforme aux normes CE, elle fera fondre petits et grands.","og_url":"https:\/\/marielleaupaysdesours.fr\/index.php\/product\/loutre-couchee-20-cm-anima\/","og_site_name":"Marielle au Pays des Ours | Vente en ligne de peluches","article_modified_time":"2025-12-03T22:11:28+00:00","og_image":[{"width":700,"height":700,"url":"https:\/\/marielleaupaysdesours.fr\/wp-content\/uploads\/2025\/09\/peluche-loutre-couchee-25-cm.webp","type":"image\/webp"}],"twitter_card":"summary_large_image","twitter_misc":{"Dur\u00e9e de lecture estim\u00e9e":"2 minutes"},"schema":{"@context":"https:\/\/schema.org","@graph":[{"@type":"WebPage","@id":"https:\/\/marielleaupaysdesours.fr\/index.php\/product\/loutre-couchee-20-cm-anima\/","url":"https:\/\/marielleaupaysdesours.fr\/index.php\/product\/loutre-couchee-20-cm-anima\/","name":"Peluche loutre couch\u00e9e 20 cm \u2013 R\u00e9aliste douce \u2013 Collection Anima","isPartOf":{"@id":"https:\/\/marielleaupaysdesours.fr\/#website"},"primaryImageOfPage":{"@id":"https:\/\/marielleaupaysdesours.fr\/index.php\/product\/loutre-couchee-20-cm-anima\/#primaryimage"},"image":{"@id":"https:\/\/marielleaupaysdesours.fr\/index.php\/product\/loutre-couchee-20-cm-anima\/#primaryimage"},"thumbnailUrl":"https:\/\/marielleaupaysdesours.fr\/wp-content\/uploads\/2025\/09\/peluche-loutre-couchee-25-cm.webp","datePublished":"2025-09-16T16:57:18+00:00","dateModified":"2025-12-03T22:11:28+00:00","description":"D\u00e9couvrez la peluche loutre couch\u00e9e 20 cm d\u2019Anima : douce, r\u00e9aliste et conforme aux normes CE, elle fera fondre petits et grands.","breadcrumb":{"@id":"https:\/\/marielleaupaysdesours.fr\/index.php\/product\/loutre-couchee-20-cm-anima\/#breadcrumb"},"inLanguage":"fr-FR","potentialAction":[{"@type":"ReadAction","target":["https:\/\/marielleaupaysdesours.fr\/index.php\/product\/loutre-couchee-20-cm-anima\/"]}]},{"@type":"ImageObject","inLanguage":"fr-FR","@id":"https:\/\/marielleaupaysdesours.fr\/index.php\/product\/loutre-couchee-20-cm-anima\/#primaryimage","url":"https:\/\/marielleaupaysdesours.fr\/wp-content\/uploads\/2025\/09\/peluche-loutre-couchee-25-cm.webp","contentUrl":"https:\/\/marielleaupaysdesours.fr\/wp-content\/uploads\/2025\/09\/peluche-loutre-couchee-25-cm.webp","width":700,"height":700,"caption":"Peluche loutre couch\u00e9e 20 cm \u2013 R\u00e9aliste et douce \u2013 Collection Anima"},{"@type":"BreadcrumbList","@id":"https:\/\/marielleaupaysdesours.fr\/index.php\/product\/loutre-couchee-20-cm-anima\/#breadcrumb","itemListElement":[{"@type":"ListItem","position":1,"name":"Accueil","item":"https:\/\/marielleaupaysdesours.fr\/"},{"@type":"ListItem","position":2,"name":"Shop","item":"https:\/\/marielleaupaysdesours.fr\/index.php\/shop\/"},{"@type":"ListItem","position":3,"name":"Peluche loutre couch\u00e9e &#8211; Anima &#8211; 20 cm"}]},{"@type":"WebSite","@id":"https:\/\/marielleaupaysdesours.fr\/#website","url":"https:\/\/marielleaupaysdesours.fr\/","name":"Marielle au Pays des Ours | Vente en ligne de peluches","description":"vente en ligne de peluches","publisher":{"@id":"https:\/\/marielleaupaysdesours.fr\/#organization"},"potentialAction":[{"@type":"SearchAction","target":{"@type":"EntryPoint","urlTemplate":"https:\/\/marielleaupaysdesours.fr\/?s={search_term_string}"},"query-input":{"@type":"PropertyValueSpecification","valueRequired":true,"valueName":"search_term_string"}}],"inLanguage":"fr-FR"},{"@type":"Organization","@id":"https:\/\/marielleaupaysdesours.fr\/#organization","name":"Marielle au Pays des Ours | Vente en ligne de peluches","url":"https:\/\/marielleaupaysdesours.fr\/","logo":{"@type":"ImageObject","inLanguage":"fr-FR","@id":"https:\/\/marielleaupaysdesours.fr\/#\/schema\/logo\/image\/","url":"https:\/\/marielleaupaysdesours.fr\/wp-content\/uploads\/2020\/10\/logo-marielle-light.jpg","contentUrl":"https:\/\/marielleaupaysdesours.fr\/wp-content\/uploads\/2020\/10\/logo-marielle-light.jpg","width":500,"height":500,"caption":"Marielle au Pays des Ours | Vente en ligne de peluches"},"image":{"@id":"https:\/\/marielleaupaysdesours.fr\/#\/schema\/logo\/image\/"}}]}},"jetpack_sharing_enabled":true,"_links":{"self":[{"href":"https:\/\/marielleaupaysdesours.fr\/index.php\/wp-json\/wp\/v2\/product\/6971","targetHints":{"allow":["GET"]}}],"collection":[{"href":"https:\/\/marielleaupaysdesours.fr\/index.php\/wp-json\/wp\/v2\/product"}],"about":[{"href":"https:\/\/marielleaupaysdesours.fr\/index.php\/wp-json\/wp\/v2\/types\/product"}],"replies":[{"embeddable":true,"href":"https:\/\/marielleaupaysdesours.fr\/index.php\/wp-json\/wp\/v2\/comments?post=6971"}],"version-history":[{"count":4,"href":"https:\/\/marielleaupaysdesours.fr\/index.php\/wp-json\/wp\/v2\/product\/6971\/revisions"}],"predecessor-version":[{"id":7079,"href":"https:\/\/marielleaupaysdesours.fr\/index.php\/wp-json\/wp\/v2\/product\/6971\/revisions\/7079"}],"wp:featuredmedia":[{"embeddable":true,"href":"https:\/\/marielleaupaysdesours.fr\/index.php\/wp-json\/wp\/v2\/media\/6972"}],"wp:attachment":[{"href":"https:\/\/marielleaupaysdesours.fr\/index.php\/wp-json\/wp\/v2\/media?parent=6971"}],"wp:term":[{"taxonomy":"product_brand","embeddable":true,"href":"https:\/\/marielleaupaysdesours.fr\/index.php\/wp-json\/wp\/v2\/product_brand?post=6971"},{"taxonomy":"product_cat","embeddable":true,"href":"https:\/\/marielleaupaysdesours.fr\/index.php\/wp-json\/wp\/v2\/product_cat?post=6971"},{"taxonomy":"product_tag","embeddable":true,"href":"https:\/\/marielleaupaysdesours.fr\/index.php\/wp-json\/wp\/v2\/product_tag?post=6971"}],"curies":[{"name":"wp","href":"https:\/\/api.w.org\/{rel}","templated":true}]}}