{"id":6909,"date":"2025-08-11T12:28:59","date_gmt":"2025-08-11T10:28:59","guid":{"rendered":"https:\/\/marielleaupaysdesours.fr\/?post_type=product&#038;p=6909"},"modified":"2025-12-05T20:41:32","modified_gmt":"2025-12-05T19:41:32","slug":"peluche-panda-roux-30-cm-anima","status":"publish","type":"product","link":"https:\/\/marielleaupaysdesours.fr\/index.php\/product\/peluche-panda-roux-30-cm-anima\/","title":{"rendered":"Panda roux en peluche &#8211; Anima &#8211; 30cm"},"content":{"rendered":"<div class=\"pb-left-column\">\n<div id=\"bloc_usefull_extra-right\">\n<p data-start=\"152\" data-end=\"606\">D\u00e9couvrez le charme irr\u00e9sistible du <strong data-start=\"188\" data-end=\"219\">panda roux en peluche Anima<\/strong>, un compagnon tendre et r\u00e9aliste pens\u00e9 sp\u00e9cialement pour les tout-petits. Confectionn\u00e9e avec le savoir-faire unique de la marque fran\u00e7aise <strong data-start=\"359\" data-end=\"368\">Anima<\/strong>, cette peluche a \u00e9t\u00e9 con\u00e7ue pour offrir douceur, souplesse et confort d\u00e8s la naissance. Facile \u00e0 manipuler gr\u00e2ce \u00e0 sa forme moelleuse et \u00e0 sa taille de <strong data-start=\"521\" data-end=\"530\">30 cm<\/strong>, elle est id\u00e9ale pour les c\u00e2lins, les jeux et les aventures du quotidien.<\/p>\n<p data-start=\"608\" data-end=\"917\">Avec son pelage soyeux aux nuances rousses et blanches et ses finitions r\u00e9alistes, le panda roux Anima s\u00e9duit autant les enfants que les adultes. Son toucher d\u2019une extr\u00eame douceur procure une sensation rassurante, tandis que sa conception robuste et de qualit\u00e9 garantit une utilisation durable et s\u00e9curis\u00e9e.<\/p>\n<hr data-start=\"919\" data-end=\"922\" \/>\n<h3 data-start=\"924\" data-end=\"950\"><strong data-start=\"928\" data-end=\"950\">Caract\u00e9ristiques :<\/strong><\/h3>\n<ul data-start=\"952\" data-end=\"1253\">\n<li data-start=\"952\" data-end=\"995\">\n<p data-start=\"954\" data-end=\"995\"><strong data-start=\"954\" data-end=\"964\">Marque<\/strong> : Anima (cr\u00e9ation fran\u00e7aise)<\/p>\n<\/li>\n<li data-start=\"996\" data-end=\"1034\">\n<p data-start=\"998\" data-end=\"1034\"><strong data-start=\"998\" data-end=\"1008\">Mod\u00e8le<\/strong> : Panda roux en peluche<\/p>\n<\/li>\n<li data-start=\"1035\" data-end=\"1058\">\n<p data-start=\"1037\" data-end=\"1058\"><strong data-start=\"1037\" data-end=\"1048\">Hauteur<\/strong> : 30 cm<\/p>\n<\/li>\n<li data-start=\"1059\" data-end=\"1100\">\n<p data-start=\"1061\" data-end=\"1100\"><strong data-start=\"1061\" data-end=\"1079\">\u00c2ge recommand\u00e9<\/strong> : D\u00e8s la naissance<\/p>\n<\/li>\n<li data-start=\"1101\" data-end=\"1142\">\n<p data-start=\"1103\" data-end=\"1142\"><strong data-start=\"1103\" data-end=\"1114\">Mati\u00e8re<\/strong> : Peluche douce et souple<\/p>\n<\/li>\n<li data-start=\"1143\" data-end=\"1187\">\n<p data-start=\"1145\" data-end=\"1187\"><strong data-start=\"1145\" data-end=\"1158\">Entretien<\/strong> : Lavable en machine \u00e0 30\u00b0<\/p>\n<\/li>\n<li data-start=\"1188\" data-end=\"1253\">\n<p data-start=\"1190\" data-end=\"1253\"><strong data-start=\"1190\" data-end=\"1207\">Particularit\u00e9<\/strong> : Design r\u00e9aliste, adapt\u00e9 aux petites mains<\/p>\n<\/li>\n<\/ul>\n<hr data-start=\"1255\" data-end=\"1258\" \/>\n<p data-start=\"1260\" data-end=\"1550\">Avec son style attendrissant et sa douceur incomparable, le <strong data-start=\"1320\" data-end=\"1340\">panda roux Anima<\/strong> deviendra vite un ami fid\u00e8le pour accompagner l\u2019enfant dans ses premiers instants de vie comme dans ses jeux d\u2019\u00e9veil. Un cadeau id\u00e9al pour une naissance ou pour enrichir une collection de peluches r\u00e9alistes.<\/p>\n<\/div>\n<\/div>\n","protected":false},"excerpt":{"rendered":"<p data-start=\"152\" data-end=\"606\">D\u00e9couvrez le charme irr\u00e9sistible du <strong data-start=\"188\" data-end=\"219\">panda roux en peluche Anima<\/strong>, un compagnon tendre et r\u00e9aliste pens\u00e9 sp\u00e9cialement pour les tout-petits. Confectionn\u00e9e avec le savoir-faire unique de la marque fran\u00e7aise <strong data-start=\"359\" data-end=\"368\">Anima<\/strong>, cette peluche a \u00e9t\u00e9 con\u00e7ue pour offrir douceur, souplesse et confort d\u00e8s la naissance. Facile \u00e0 manipuler gr\u00e2ce \u00e0 sa forme moelleuse et \u00e0 sa taille de <strong data-start=\"521\" data-end=\"530\">30 cm<\/strong>, elle est id\u00e9ale pour les c\u00e2lins, les jeux et les aventures du quotidien.<\/p>\n<p data-start=\"608\" data-end=\"917\">Avec son pelage soyeux aux nuances rousses et blanches et ses finitions r\u00e9alistes, le panda roux Anima s\u00e9duit autant les enfants que les adultes. Son toucher d\u2019une extr\u00eame douceur procure une sensation rassurante, tandis que sa conception robuste et de qualit\u00e9 garantit une utilisation durable et s\u00e9curis\u00e9e.<\/p>\n","protected":false},"featured_media":6910,"comment_status":"closed","ping_status":"closed","template":"","meta":{"_monsterinsights_skip_tracking":false,"_monsterinsights_sitenote_active":false,"_monsterinsights_sitenote_note":"","_monsterinsights_sitenote_category":0,"site-sidebar-layout":"default","site-content-layout":"default","ast-site-content-layout":"default","site-content-style":"default","site-sidebar-style":"default","ast-global-header-display":"","ast-banner-title-visibility":"","ast-main-header-display":"","ast-hfb-above-header-display":"","ast-hfb-below-header-display":"","ast-hfb-mobile-header-display":"","site-post-title":"","ast-breadcrumbs-content":"","ast-featured-img":"","footer-sml-layout":"","ast-disable-related-posts":"","theme-transparent-header-meta":"default","adv-header-id-meta":"","stick-header-meta":"","header-above-stick-meta":"","header-main-stick-meta":"","header-below-stick-meta":"","astra-migrate-meta-layouts":"set","ast-page-background-enabled":"default","ast-page-background-meta":{"desktop":{"background-color":"","background-image":"","background-repeat":"repeat","background-position":"center center","background-size":"auto","background-attachment":"scroll","background-type":"","background-media":"","overlay-type":"","overlay-color":"","overlay-opacity":"","overlay-gradient":""},"tablet":{"background-color":"","background-image":"","background-repeat":"repeat","background-position":"center center","background-size":"auto","background-attachment":"scroll","background-type":"","background-media":"","overlay-type":"","overlay-color":"","overlay-opacity":"","overlay-gradient":""},"mobile":{"background-color":"","background-image":"","background-repeat":"repeat","background-position":"center center","background-size":"auto","background-attachment":"scroll","background-type":"","background-media":"","overlay-type":"","overlay-color":"","overlay-opacity":"","overlay-gradient":""}},"ast-content-background-meta":{"desktop":{"background-color":"var(--ast-global-color-5)","background-image":"","background-repeat":"repeat","background-position":"center center","background-size":"auto","background-attachment":"scroll","background-type":"","background-media":"","overlay-type":"","overlay-color":"","overlay-opacity":"","overlay-gradient":""},"tablet":{"background-color":"var(--ast-global-color-5)","background-image":"","background-repeat":"repeat","background-position":"center center","background-size":"auto","background-attachment":"scroll","background-type":"","background-media":"","overlay-type":"","overlay-color":"","overlay-opacity":"","overlay-gradient":""},"mobile":{"background-color":"var(--ast-global-color-5)","background-image":"","background-repeat":"repeat","background-position":"center center","background-size":"auto","background-attachment":"scroll","background-type":"","background-media":"","overlay-type":"","overlay-color":"","overlay-opacity":"","overlay-gradient":""}}},"product_brand":[],"product_cat":[48,33,32,28],"product_tag":[],"class_list":{"0":"post-6909","1":"product","2":"type-product","3":"status-publish","4":"has-post-thumbnail","6":"product_cat-peluches-anima","7":"product_cat-animaux-de-compagnie","8":"product_cat-ferme","9":"product_cat-peluches","10":"product_shipping_class-peluches-grande-taille","11":"desktop-align-center","12":"tablet-align-left","13":"mobile-align-left","15":"first","16":"outofstock","17":"shipping-taxable","18":"purchasable","19":"product-type-simple"},"yoast_head":"<!-- This site is optimized with the Yoast SEO plugin v27.3 - https:\/\/yoast.com\/product\/yoast-seo-wordpress\/ -->\n<title>Panda roux en peluche - Anima - 30cm | Marielle au Pays des Ours<\/title>\n<meta name=\"description\" content=\"Vous cherchez une peluche panda roux extr\u00eamement tendre et craquant ? Voici le panda roux par anima, venez le d\u00e9couvrir ici marielleaupaysdesours.fr\" \/>\n<meta name=\"robots\" content=\"index, follow, max-snippet:-1, max-image-preview:large, max-video-preview:-1\" \/>\n<link rel=\"canonical\" href=\"https:\/\/marielleaupaysdesours.fr\/index.php\/product\/peluche-panda-roux-30-cm-anima\/\" \/>\n<meta property=\"og:locale\" content=\"fr_FR\" \/>\n<meta property=\"og:type\" content=\"article\" \/>\n<meta property=\"og:title\" content=\"Panda roux en peluche - Anima - 30cm | Marielle au Pays des Ours\" \/>\n<meta property=\"og:description\" content=\"Vous cherchez une peluche panda roux extr\u00eamement tendre et craquant ? Voici le panda roux par anima, venez le d\u00e9couvrir ici marielleaupaysdesours.fr\" \/>\n<meta property=\"og:url\" content=\"https:\/\/marielleaupaysdesours.fr\/index.php\/product\/peluche-panda-roux-30-cm-anima\/\" \/>\n<meta property=\"og:site_name\" content=\"Marielle au Pays des Ours | Vente en ligne de peluches\" \/>\n<meta property=\"article:modified_time\" content=\"2025-12-05T19:41:32+00:00\" \/>\n<meta property=\"og:image\" content=\"https:\/\/marielleaupaysdesours.fr\/wp-content\/uploads\/2025\/08\/panda-roux-30-cm-anima.jpg\" \/>\n\t<meta property=\"og:image:width\" content=\"329\" \/>\n\t<meta property=\"og:image:height\" content=\"324\" \/>\n\t<meta property=\"og:image:type\" content=\"image\/jpeg\" \/>\n<meta name=\"twitter:card\" content=\"summary_large_image\" \/>\n<meta name=\"twitter:label1\" content=\"Dur\u00e9e de lecture estim\u00e9e\" \/>\n\t<meta name=\"twitter:data1\" content=\"2 minutes\" \/>\n<script type=\"application\/ld+json\" class=\"yoast-schema-graph\">{\"@context\":\"https:\\\/\\\/schema.org\",\"@graph\":[{\"@type\":\"WebPage\",\"@id\":\"https:\\\/\\\/marielleaupaysdesours.fr\\\/index.php\\\/product\\\/peluche-panda-roux-30-cm-anima\\\/\",\"url\":\"https:\\\/\\\/marielleaupaysdesours.fr\\\/index.php\\\/product\\\/peluche-panda-roux-30-cm-anima\\\/\",\"name\":\"Panda roux en peluche - Anima - 30cm | Marielle au Pays des Ours\",\"isPartOf\":{\"@id\":\"https:\\\/\\\/marielleaupaysdesours.fr\\\/#website\"},\"primaryImageOfPage\":{\"@id\":\"https:\\\/\\\/marielleaupaysdesours.fr\\\/index.php\\\/product\\\/peluche-panda-roux-30-cm-anima\\\/#primaryimage\"},\"image\":{\"@id\":\"https:\\\/\\\/marielleaupaysdesours.fr\\\/index.php\\\/product\\\/peluche-panda-roux-30-cm-anima\\\/#primaryimage\"},\"thumbnailUrl\":\"https:\\\/\\\/marielleaupaysdesours.fr\\\/wp-content\\\/uploads\\\/2025\\\/08\\\/panda-roux-30-cm-anima.jpg\",\"datePublished\":\"2025-08-11T10:28:59+00:00\",\"dateModified\":\"2025-12-05T19:41:32+00:00\",\"description\":\"Vous cherchez une peluche panda roux extr\u00eamement tendre et craquant ? Voici le panda roux par anima, venez le d\u00e9couvrir ici marielleaupaysdesours.fr\",\"breadcrumb\":{\"@id\":\"https:\\\/\\\/marielleaupaysdesours.fr\\\/index.php\\\/product\\\/peluche-panda-roux-30-cm-anima\\\/#breadcrumb\"},\"inLanguage\":\"fr-FR\",\"potentialAction\":[{\"@type\":\"ReadAction\",\"target\":[\"https:\\\/\\\/marielleaupaysdesours.fr\\\/index.php\\\/product\\\/peluche-panda-roux-30-cm-anima\\\/\"]}]},{\"@type\":\"ImageObject\",\"inLanguage\":\"fr-FR\",\"@id\":\"https:\\\/\\\/marielleaupaysdesours.fr\\\/index.php\\\/product\\\/peluche-panda-roux-30-cm-anima\\\/#primaryimage\",\"url\":\"https:\\\/\\\/marielleaupaysdesours.fr\\\/wp-content\\\/uploads\\\/2025\\\/08\\\/panda-roux-30-cm-anima.jpg\",\"contentUrl\":\"https:\\\/\\\/marielleaupaysdesours.fr\\\/wp-content\\\/uploads\\\/2025\\\/08\\\/panda-roux-30-cm-anima.jpg\",\"width\":329,\"height\":324,\"caption\":\"panda roux 30 cm anima Peluche\"},{\"@type\":\"BreadcrumbList\",\"@id\":\"https:\\\/\\\/marielleaupaysdesours.fr\\\/index.php\\\/product\\\/peluche-panda-roux-30-cm-anima\\\/#breadcrumb\",\"itemListElement\":[{\"@type\":\"ListItem\",\"position\":1,\"name\":\"Accueil\",\"item\":\"https:\\\/\\\/marielleaupaysdesours.fr\\\/\"},{\"@type\":\"ListItem\",\"position\":2,\"name\":\"Shop\",\"item\":\"https:\\\/\\\/marielleaupaysdesours.fr\\\/index.php\\\/shop\\\/\"},{\"@type\":\"ListItem\",\"position\":3,\"name\":\"Panda roux en peluche &#8211; Anima &#8211; 30cm\"}]},{\"@type\":\"WebSite\",\"@id\":\"https:\\\/\\\/marielleaupaysdesours.fr\\\/#website\",\"url\":\"https:\\\/\\\/marielleaupaysdesours.fr\\\/\",\"name\":\"Marielle au Pays des Ours | Vente en ligne de peluches\",\"description\":\"vente en ligne de peluches\",\"publisher\":{\"@id\":\"https:\\\/\\\/marielleaupaysdesours.fr\\\/#organization\"},\"potentialAction\":[{\"@type\":\"SearchAction\",\"target\":{\"@type\":\"EntryPoint\",\"urlTemplate\":\"https:\\\/\\\/marielleaupaysdesours.fr\\\/?s={search_term_string}\"},\"query-input\":{\"@type\":\"PropertyValueSpecification\",\"valueRequired\":true,\"valueName\":\"search_term_string\"}}],\"inLanguage\":\"fr-FR\"},{\"@type\":\"Organization\",\"@id\":\"https:\\\/\\\/marielleaupaysdesours.fr\\\/#organization\",\"name\":\"Marielle au Pays des Ours | Vente en ligne de peluches\",\"url\":\"https:\\\/\\\/marielleaupaysdesours.fr\\\/\",\"logo\":{\"@type\":\"ImageObject\",\"inLanguage\":\"fr-FR\",\"@id\":\"https:\\\/\\\/marielleaupaysdesours.fr\\\/#\\\/schema\\\/logo\\\/image\\\/\",\"url\":\"https:\\\/\\\/marielleaupaysdesours.fr\\\/wp-content\\\/uploads\\\/2020\\\/10\\\/logo-marielle-light.jpg\",\"contentUrl\":\"https:\\\/\\\/marielleaupaysdesours.fr\\\/wp-content\\\/uploads\\\/2020\\\/10\\\/logo-marielle-light.jpg\",\"width\":500,\"height\":500,\"caption\":\"Marielle au Pays des Ours | Vente en ligne de peluches\"},\"image\":{\"@id\":\"https:\\\/\\\/marielleaupaysdesours.fr\\\/#\\\/schema\\\/logo\\\/image\\\/\"}}]}<\/script>\n<!-- \/ Yoast SEO plugin. -->","yoast_head_json":{"title":"Panda roux en peluche - Anima - 30cm | Marielle au Pays des Ours","description":"Vous cherchez une peluche panda roux extr\u00eamement tendre et craquant ? Voici le panda roux par anima, venez le d\u00e9couvrir ici marielleaupaysdesours.fr","robots":{"index":"index","follow":"follow","max-snippet":"max-snippet:-1","max-image-preview":"max-image-preview:large","max-video-preview":"max-video-preview:-1"},"canonical":"https:\/\/marielleaupaysdesours.fr\/index.php\/product\/peluche-panda-roux-30-cm-anima\/","og_locale":"fr_FR","og_type":"article","og_title":"Panda roux en peluche - Anima - 30cm | Marielle au Pays des Ours","og_description":"Vous cherchez une peluche panda roux extr\u00eamement tendre et craquant ? Voici le panda roux par anima, venez le d\u00e9couvrir ici marielleaupaysdesours.fr","og_url":"https:\/\/marielleaupaysdesours.fr\/index.php\/product\/peluche-panda-roux-30-cm-anima\/","og_site_name":"Marielle au Pays des Ours | Vente en ligne de peluches","article_modified_time":"2025-12-05T19:41:32+00:00","og_image":[{"width":329,"height":324,"url":"https:\/\/marielleaupaysdesours.fr\/wp-content\/uploads\/2025\/08\/panda-roux-30-cm-anima.jpg","type":"image\/jpeg"}],"twitter_card":"summary_large_image","twitter_misc":{"Dur\u00e9e de lecture estim\u00e9e":"2 minutes"},"schema":{"@context":"https:\/\/schema.org","@graph":[{"@type":"WebPage","@id":"https:\/\/marielleaupaysdesours.fr\/index.php\/product\/peluche-panda-roux-30-cm-anima\/","url":"https:\/\/marielleaupaysdesours.fr\/index.php\/product\/peluche-panda-roux-30-cm-anima\/","name":"Panda roux en peluche - Anima - 30cm | Marielle au Pays des Ours","isPartOf":{"@id":"https:\/\/marielleaupaysdesours.fr\/#website"},"primaryImageOfPage":{"@id":"https:\/\/marielleaupaysdesours.fr\/index.php\/product\/peluche-panda-roux-30-cm-anima\/#primaryimage"},"image":{"@id":"https:\/\/marielleaupaysdesours.fr\/index.php\/product\/peluche-panda-roux-30-cm-anima\/#primaryimage"},"thumbnailUrl":"https:\/\/marielleaupaysdesours.fr\/wp-content\/uploads\/2025\/08\/panda-roux-30-cm-anima.jpg","datePublished":"2025-08-11T10:28:59+00:00","dateModified":"2025-12-05T19:41:32+00:00","description":"Vous cherchez une peluche panda roux extr\u00eamement tendre et craquant ? Voici le panda roux par anima, venez le d\u00e9couvrir ici marielleaupaysdesours.fr","breadcrumb":{"@id":"https:\/\/marielleaupaysdesours.fr\/index.php\/product\/peluche-panda-roux-30-cm-anima\/#breadcrumb"},"inLanguage":"fr-FR","potentialAction":[{"@type":"ReadAction","target":["https:\/\/marielleaupaysdesours.fr\/index.php\/product\/peluche-panda-roux-30-cm-anima\/"]}]},{"@type":"ImageObject","inLanguage":"fr-FR","@id":"https:\/\/marielleaupaysdesours.fr\/index.php\/product\/peluche-panda-roux-30-cm-anima\/#primaryimage","url":"https:\/\/marielleaupaysdesours.fr\/wp-content\/uploads\/2025\/08\/panda-roux-30-cm-anima.jpg","contentUrl":"https:\/\/marielleaupaysdesours.fr\/wp-content\/uploads\/2025\/08\/panda-roux-30-cm-anima.jpg","width":329,"height":324,"caption":"panda roux 30 cm anima Peluche"},{"@type":"BreadcrumbList","@id":"https:\/\/marielleaupaysdesours.fr\/index.php\/product\/peluche-panda-roux-30-cm-anima\/#breadcrumb","itemListElement":[{"@type":"ListItem","position":1,"name":"Accueil","item":"https:\/\/marielleaupaysdesours.fr\/"},{"@type":"ListItem","position":2,"name":"Shop","item":"https:\/\/marielleaupaysdesours.fr\/index.php\/shop\/"},{"@type":"ListItem","position":3,"name":"Panda roux en peluche &#8211; Anima &#8211; 30cm"}]},{"@type":"WebSite","@id":"https:\/\/marielleaupaysdesours.fr\/#website","url":"https:\/\/marielleaupaysdesours.fr\/","name":"Marielle au Pays des Ours | Vente en ligne de peluches","description":"vente en ligne de peluches","publisher":{"@id":"https:\/\/marielleaupaysdesours.fr\/#organization"},"potentialAction":[{"@type":"SearchAction","target":{"@type":"EntryPoint","urlTemplate":"https:\/\/marielleaupaysdesours.fr\/?s={search_term_string}"},"query-input":{"@type":"PropertyValueSpecification","valueRequired":true,"valueName":"search_term_string"}}],"inLanguage":"fr-FR"},{"@type":"Organization","@id":"https:\/\/marielleaupaysdesours.fr\/#organization","name":"Marielle au Pays des Ours | Vente en ligne de peluches","url":"https:\/\/marielleaupaysdesours.fr\/","logo":{"@type":"ImageObject","inLanguage":"fr-FR","@id":"https:\/\/marielleaupaysdesours.fr\/#\/schema\/logo\/image\/","url":"https:\/\/marielleaupaysdesours.fr\/wp-content\/uploads\/2020\/10\/logo-marielle-light.jpg","contentUrl":"https:\/\/marielleaupaysdesours.fr\/wp-content\/uploads\/2020\/10\/logo-marielle-light.jpg","width":500,"height":500,"caption":"Marielle au Pays des Ours | Vente en ligne de peluches"},"image":{"@id":"https:\/\/marielleaupaysdesours.fr\/#\/schema\/logo\/image\/"}}]}},"jetpack_sharing_enabled":true,"_links":{"self":[{"href":"https:\/\/marielleaupaysdesours.fr\/index.php\/wp-json\/wp\/v2\/product\/6909","targetHints":{"allow":["GET"]}}],"collection":[{"href":"https:\/\/marielleaupaysdesours.fr\/index.php\/wp-json\/wp\/v2\/product"}],"about":[{"href":"https:\/\/marielleaupaysdesours.fr\/index.php\/wp-json\/wp\/v2\/types\/product"}],"replies":[{"embeddable":true,"href":"https:\/\/marielleaupaysdesours.fr\/index.php\/wp-json\/wp\/v2\/comments?post=6909"}],"version-history":[{"count":3,"href":"https:\/\/marielleaupaysdesours.fr\/index.php\/wp-json\/wp\/v2\/product\/6909\/revisions"}],"predecessor-version":[{"id":6924,"href":"https:\/\/marielleaupaysdesours.fr\/index.php\/wp-json\/wp\/v2\/product\/6909\/revisions\/6924"}],"wp:featuredmedia":[{"embeddable":true,"href":"https:\/\/marielleaupaysdesours.fr\/index.php\/wp-json\/wp\/v2\/media\/6910"}],"wp:attachment":[{"href":"https:\/\/marielleaupaysdesours.fr\/index.php\/wp-json\/wp\/v2\/media?parent=6909"}],"wp:term":[{"taxonomy":"product_brand","embeddable":true,"href":"https:\/\/marielleaupaysdesours.fr\/index.php\/wp-json\/wp\/v2\/product_brand?post=6909"},{"taxonomy":"product_cat","embeddable":true,"href":"https:\/\/marielleaupaysdesours.fr\/index.php\/wp-json\/wp\/v2\/product_cat?post=6909"},{"taxonomy":"product_tag","embeddable":true,"href":"https:\/\/marielleaupaysdesours.fr\/index.php\/wp-json\/wp\/v2\/product_tag?post=6909"}],"curies":[{"name":"wp","href":"https:\/\/api.w.org\/{rel}","templated":true}]}}