{"id":6900,"date":"2025-08-11T11:35:16","date_gmt":"2025-08-11T09:35:16","guid":{"rendered":"https:\/\/marielleaupaysdesours.fr\/?post_type=product&#038;p=6900"},"modified":"2025-12-05T20:41:57","modified_gmt":"2025-12-05T19:41:57","slug":"peluche-chien-loulou-de-pomeramie-30-cm-anima","status":"publish","type":"product","link":"https:\/\/marielleaupaysdesours.fr\/index.php\/product\/peluche-chien-loulou-de-pomeramie-30-cm-anima\/","title":{"rendered":"Peluche Chien Loulou de Pom\u00e9ranie \u2013 Anima \u2013 30 cm"},"content":{"rendered":"<div class=\"pb-left-column\">\n<div id=\"bloc_usefull_extra-right\">\n<p data-start=\"184\" data-end=\"579\">Offrez \u00e0 votre enfant un compagnon tendre et r\u00e9aliste avec ce <strong data-start=\"246\" data-end=\"286\">chien Loulou de Pom\u00e9ranie en peluche<\/strong>, sign\u00e9 <strong data-start=\"294\" data-end=\"303\">Anima<\/strong>, la marque fran\u00e7aise sp\u00e9cialiste des animaux en peluche d\u2019une qualit\u00e9 exceptionnelle. Pens\u00e9e pour convenir d\u00e8s la naissance, cette peluche s\u00e9duit par son <strong data-start=\"458\" data-end=\"475\">pelage soyeux<\/strong>, sa souplesse et sa douceur, id\u00e9ales pour stimuler le toucher et accompagner les c\u00e2lins du quotidien.<\/p>\n<p data-start=\"581\" data-end=\"1020\">D\u2019une hauteur de <strong data-start=\"598\" data-end=\"607\">30 cm<\/strong>, ce petit chien est repr\u00e9sent\u00e9 assis, avec son <strong data-start=\"655\" data-end=\"685\">regard tendre et expressif<\/strong> qui s\u00e9duira petits et grands. Son pelage aux <strong data-start=\"731\" data-end=\"764\">belles nuances rousses et feu<\/strong> lui conf\u00e8re un r\u00e9alisme saisissant, tout en gardant le charme et la chaleur d\u2019une peluche affectueuse. Con\u00e7ue pour \u00eatre facilement manipul\u00e9e par les petites mains, elle deviendra vite un compagnon de jeux, de c\u00e2lins et de balades partout dans la maison.<\/p>\n<p data-start=\"1022\" data-end=\"1181\">Lavable en machine \u00e0 30\u00b0, cette peluche est aussi pratique qu\u2019attendrissante, garantissant une utilisation durable et s\u00e9curis\u00e9e d\u00e8s les premiers mois de vie.<\/p>\n<hr data-start=\"1183\" data-end=\"1186\" \/>\n<h3 data-start=\"1188\" data-end=\"1214\"><strong data-start=\"1192\" data-end=\"1214\">Caract\u00e9ristiques :<\/strong><\/h3>\n<ul data-start=\"1216\" data-end=\"1540\">\n<li data-start=\"1216\" data-end=\"1259\">\n<p data-start=\"1218\" data-end=\"1259\"><strong data-start=\"1218\" data-end=\"1228\">Marque<\/strong> : Anima (cr\u00e9ation fran\u00e7aise)<\/p>\n<\/li>\n<li data-start=\"1260\" data-end=\"1308\">\n<p data-start=\"1262\" data-end=\"1308\"><strong data-start=\"1262\" data-end=\"1272\">Mod\u00e8le<\/strong> : Chien Loulou de Pom\u00e9ranie assis<\/p>\n<\/li>\n<li data-start=\"1309\" data-end=\"1332\">\n<p data-start=\"1311\" data-end=\"1332\"><strong data-start=\"1311\" data-end=\"1322\">Hauteur<\/strong> : 30 cm<\/p>\n<\/li>\n<li data-start=\"1333\" data-end=\"1374\">\n<p data-start=\"1335\" data-end=\"1374\"><strong data-start=\"1335\" data-end=\"1353\">\u00c2ge recommand\u00e9<\/strong> : D\u00e8s la naissance<\/p>\n<\/li>\n<li data-start=\"1375\" data-end=\"1426\">\n<p data-start=\"1377\" data-end=\"1426\"><strong data-start=\"1377\" data-end=\"1388\">Mati\u00e8re<\/strong> : Peluche r\u00e9aliste, douce et souple<\/p>\n<\/li>\n<li data-start=\"1427\" data-end=\"1471\">\n<p data-start=\"1429\" data-end=\"1471\"><strong data-start=\"1429\" data-end=\"1442\">Entretien<\/strong> : Lavable en machine \u00e0 30\u00b0<\/p>\n<\/li>\n<li data-start=\"1472\" data-end=\"1540\">\n<p data-start=\"1474\" data-end=\"1540\"><strong data-start=\"1474\" data-end=\"1491\">Particularit\u00e9<\/strong> : R\u00e9alisme des d\u00e9tails et douceur incomparable<\/p>\n<\/li>\n<\/ul>\n<hr data-start=\"1542\" data-end=\"1545\" \/>\n<p data-start=\"1547\" data-end=\"1730\">Avec son regard tendre et son allure r\u00e9aliste, ce <strong data-start=\"1597\" data-end=\"1632\">chien Loulou de Pom\u00e9ranie Anima<\/strong> fera craquer petits et grands. Un cadeau parfait pour offrir douceur et r\u00e9confort au quotidien.<\/p>\n<p>.<\/p>\n<\/div>\n<\/div>\n","protected":false},"excerpt":{"rendered":"<p data-start=\"184\" data-end=\"579\">Offrez \u00e0 votre enfant un compagnon tendre et r\u00e9aliste avec ce <strong data-start=\"246\" data-end=\"286\">chien Loulou de Pom\u00e9ranie en peluche<\/strong>, sign\u00e9 <strong data-start=\"294\" data-end=\"303\">Anima<\/strong>, la marque fran\u00e7aise sp\u00e9cialiste des animaux en peluche d\u2019une qualit\u00e9 exceptionnelle. Pens\u00e9e pour convenir d\u00e8s la naissance, cette peluche s\u00e9duit par son <strong data-start=\"458\" data-end=\"475\">pelage soyeux<\/strong>, sa souplesse et sa douceur, id\u00e9ales pour stimuler le toucher et accompagner les c\u00e2lins du quotidien.<\/p>\n<p data-start=\"581\" data-end=\"1020\">D\u2019une hauteur de <strong data-start=\"598\" data-end=\"607\">30 cm<\/strong>, ce petit chien est repr\u00e9sent\u00e9 assis, avec son <strong data-start=\"655\" data-end=\"685\">regard tendre et expressif<\/strong> qui s\u00e9duira petits et grands. Son pelage aux <strong data-start=\"731\" data-end=\"764\">belles nuances rousses et feu<\/strong> lui conf\u00e8re un r\u00e9alisme saisissant, tout en gardant le charme et la chaleur d\u2019une peluche affectueuse. Con\u00e7ue pour \u00eatre facilement manipul\u00e9e par les petites mains, elle deviendra vite un compagnon de jeux, de c\u00e2lins et de balades partout dans la maison.<\/p>\n","protected":false},"featured_media":6901,"comment_status":"closed","ping_status":"closed","template":"","meta":{"_monsterinsights_skip_tracking":false,"_monsterinsights_sitenote_active":false,"_monsterinsights_sitenote_note":"","_monsterinsights_sitenote_category":0,"site-sidebar-layout":"default","site-content-layout":"default","ast-site-content-layout":"default","site-content-style":"default","site-sidebar-style":"default","ast-global-header-display":"","ast-banner-title-visibility":"","ast-main-header-display":"","ast-hfb-above-header-display":"","ast-hfb-below-header-display":"","ast-hfb-mobile-header-display":"","site-post-title":"","ast-breadcrumbs-content":"","ast-featured-img":"","footer-sml-layout":"","ast-disable-related-posts":"","theme-transparent-header-meta":"default","adv-header-id-meta":"","stick-header-meta":"","header-above-stick-meta":"","header-main-stick-meta":"","header-below-stick-meta":"","astra-migrate-meta-layouts":"set","ast-page-background-enabled":"default","ast-page-background-meta":{"desktop":{"background-color":"","background-image":"","background-repeat":"repeat","background-position":"center center","background-size":"auto","background-attachment":"scroll","background-type":"","background-media":"","overlay-type":"","overlay-color":"","overlay-opacity":"","overlay-gradient":""},"tablet":{"background-color":"","background-image":"","background-repeat":"repeat","background-position":"center center","background-size":"auto","background-attachment":"scroll","background-type":"","background-media":"","overlay-type":"","overlay-color":"","overlay-opacity":"","overlay-gradient":""},"mobile":{"background-color":"","background-image":"","background-repeat":"repeat","background-position":"center center","background-size":"auto","background-attachment":"scroll","background-type":"","background-media":"","overlay-type":"","overlay-color":"","overlay-opacity":"","overlay-gradient":""}},"ast-content-background-meta":{"desktop":{"background-color":"var(--ast-global-color-5)","background-image":"","background-repeat":"repeat","background-position":"center center","background-size":"auto","background-attachment":"scroll","background-type":"","background-media":"","overlay-type":"","overlay-color":"","overlay-opacity":"","overlay-gradient":""},"tablet":{"background-color":"var(--ast-global-color-5)","background-image":"","background-repeat":"repeat","background-position":"center center","background-size":"auto","background-attachment":"scroll","background-type":"","background-media":"","overlay-type":"","overlay-color":"","overlay-opacity":"","overlay-gradient":""},"mobile":{"background-color":"var(--ast-global-color-5)","background-image":"","background-repeat":"repeat","background-position":"center center","background-size":"auto","background-attachment":"scroll","background-type":"","background-media":"","overlay-type":"","overlay-color":"","overlay-opacity":"","overlay-gradient":""}}},"product_brand":[],"product_cat":[48,33,32,28],"product_tag":[],"class_list":{"0":"post-6900","1":"product","2":"type-product","3":"status-publish","4":"has-post-thumbnail","6":"product_cat-peluches-anima","7":"product_cat-animaux-de-compagnie","8":"product_cat-ferme","9":"product_cat-peluches","10":"product_shipping_class-peluches-grande-taille","11":"desktop-align-center","12":"tablet-align-left","13":"mobile-align-left","15":"first","16":"instock","17":"shipping-taxable","18":"purchasable","19":"product-type-simple"},"yoast_head":"<!-- This site is optimized with the Yoast SEO plugin v27.3 - https:\/\/yoast.com\/product\/yoast-seo-wordpress\/ -->\n<title>Peluche Chien Loulou de Pom\u00e9ranie \u2013 Anima \u2013 30 cm - Marielle au Pays des Ours | Vente en ligne de peluches<\/title>\n<meta name=\"description\" content=\"Vous cherchez une peluche chien extr\u00eamement tendre et craquante ? Voici le Loulou par Anima, venez l&#039;adopter sur notre boutique en ligne !\" \/>\n<meta name=\"robots\" content=\"index, follow, max-snippet:-1, max-image-preview:large, max-video-preview:-1\" \/>\n<link rel=\"canonical\" href=\"https:\/\/marielleaupaysdesours.fr\/index.php\/product\/peluche-chien-loulou-de-pomeramie-30-cm-anima\/\" \/>\n<meta property=\"og:locale\" content=\"fr_FR\" \/>\n<meta property=\"og:type\" content=\"article\" \/>\n<meta property=\"og:title\" content=\"Peluche Chien Loulou de Pom\u00e9ranie \u2013 Anima \u2013 30 cm - Marielle au Pays des Ours | Vente en ligne de peluches\" \/>\n<meta property=\"og:description\" content=\"Vous cherchez une peluche chien extr\u00eamement tendre et craquante ? Voici le Loulou par Anima, venez l&#039;adopter sur notre boutique en ligne !\" \/>\n<meta property=\"og:url\" content=\"https:\/\/marielleaupaysdesours.fr\/index.php\/product\/peluche-chien-loulou-de-pomeramie-30-cm-anima\/\" \/>\n<meta property=\"og:site_name\" content=\"Marielle au Pays des Ours | Vente en ligne de peluches\" \/>\n<meta property=\"article:modified_time\" content=\"2025-12-05T19:41:57+00:00\" \/>\n<meta property=\"og:image\" content=\"https:\/\/marielleaupaysdesours.fr\/wp-content\/uploads\/2025\/08\/LOULOU-DE-POMERANY-ANIMA-30-CM.jpg\" \/>\n\t<meta property=\"og:image:width\" content=\"1280\" \/>\n\t<meta property=\"og:image:height\" content=\"1280\" \/>\n\t<meta property=\"og:image:type\" content=\"image\/jpeg\" \/>\n<meta name=\"twitter:card\" content=\"summary_large_image\" \/>\n<meta name=\"twitter:label1\" content=\"Dur\u00e9e de lecture estim\u00e9e\" \/>\n\t<meta name=\"twitter:data1\" content=\"2 minutes\" \/>\n<script type=\"application\/ld+json\" class=\"yoast-schema-graph\">{\"@context\":\"https:\\\/\\\/schema.org\",\"@graph\":[{\"@type\":\"WebPage\",\"@id\":\"https:\\\/\\\/marielleaupaysdesours.fr\\\/index.php\\\/product\\\/peluche-chien-loulou-de-pomeramie-30-cm-anima\\\/\",\"url\":\"https:\\\/\\\/marielleaupaysdesours.fr\\\/index.php\\\/product\\\/peluche-chien-loulou-de-pomeramie-30-cm-anima\\\/\",\"name\":\"Peluche Chien Loulou de Pom\u00e9ranie \u2013 Anima \u2013 30 cm - Marielle au Pays des Ours | Vente en ligne de peluches\",\"isPartOf\":{\"@id\":\"https:\\\/\\\/marielleaupaysdesours.fr\\\/#website\"},\"primaryImageOfPage\":{\"@id\":\"https:\\\/\\\/marielleaupaysdesours.fr\\\/index.php\\\/product\\\/peluche-chien-loulou-de-pomeramie-30-cm-anima\\\/#primaryimage\"},\"image\":{\"@id\":\"https:\\\/\\\/marielleaupaysdesours.fr\\\/index.php\\\/product\\\/peluche-chien-loulou-de-pomeramie-30-cm-anima\\\/#primaryimage\"},\"thumbnailUrl\":\"https:\\\/\\\/marielleaupaysdesours.fr\\\/wp-content\\\/uploads\\\/2025\\\/08\\\/LOULOU-DE-POMERANY-ANIMA-30-CM.jpg\",\"datePublished\":\"2025-08-11T09:35:16+00:00\",\"dateModified\":\"2025-12-05T19:41:57+00:00\",\"description\":\"Vous cherchez une peluche chien extr\u00eamement tendre et craquante ? Voici le Loulou par Anima, venez l'adopter sur notre boutique en ligne !\",\"breadcrumb\":{\"@id\":\"https:\\\/\\\/marielleaupaysdesours.fr\\\/index.php\\\/product\\\/peluche-chien-loulou-de-pomeramie-30-cm-anima\\\/#breadcrumb\"},\"inLanguage\":\"fr-FR\",\"potentialAction\":[{\"@type\":\"ReadAction\",\"target\":[\"https:\\\/\\\/marielleaupaysdesours.fr\\\/index.php\\\/product\\\/peluche-chien-loulou-de-pomeramie-30-cm-anima\\\/\"]}]},{\"@type\":\"ImageObject\",\"inLanguage\":\"fr-FR\",\"@id\":\"https:\\\/\\\/marielleaupaysdesours.fr\\\/index.php\\\/product\\\/peluche-chien-loulou-de-pomeramie-30-cm-anima\\\/#primaryimage\",\"url\":\"https:\\\/\\\/marielleaupaysdesours.fr\\\/wp-content\\\/uploads\\\/2025\\\/08\\\/LOULOU-DE-POMERANY-ANIMA-30-CM.jpg\",\"contentUrl\":\"https:\\\/\\\/marielleaupaysdesours.fr\\\/wp-content\\\/uploads\\\/2025\\\/08\\\/LOULOU-DE-POMERANY-ANIMA-30-CM.jpg\",\"width\":1280,\"height\":1280,\"caption\":\"Peluche Chien Loulou de Pom\u00e9ranie \u2013 Anima \u2013 30 cm\"},{\"@type\":\"BreadcrumbList\",\"@id\":\"https:\\\/\\\/marielleaupaysdesours.fr\\\/index.php\\\/product\\\/peluche-chien-loulou-de-pomeramie-30-cm-anima\\\/#breadcrumb\",\"itemListElement\":[{\"@type\":\"ListItem\",\"position\":1,\"name\":\"Accueil\",\"item\":\"https:\\\/\\\/marielleaupaysdesours.fr\\\/\"},{\"@type\":\"ListItem\",\"position\":2,\"name\":\"Shop\",\"item\":\"https:\\\/\\\/marielleaupaysdesours.fr\\\/index.php\\\/shop\\\/\"},{\"@type\":\"ListItem\",\"position\":3,\"name\":\"Peluche Chien Loulou de Pom\u00e9ranie \u2013 Anima \u2013 30 cm\"}]},{\"@type\":\"WebSite\",\"@id\":\"https:\\\/\\\/marielleaupaysdesours.fr\\\/#website\",\"url\":\"https:\\\/\\\/marielleaupaysdesours.fr\\\/\",\"name\":\"Marielle au Pays des Ours | Vente en ligne de peluches\",\"description\":\"vente en ligne de peluches\",\"publisher\":{\"@id\":\"https:\\\/\\\/marielleaupaysdesours.fr\\\/#organization\"},\"potentialAction\":[{\"@type\":\"SearchAction\",\"target\":{\"@type\":\"EntryPoint\",\"urlTemplate\":\"https:\\\/\\\/marielleaupaysdesours.fr\\\/?s={search_term_string}\"},\"query-input\":{\"@type\":\"PropertyValueSpecification\",\"valueRequired\":true,\"valueName\":\"search_term_string\"}}],\"inLanguage\":\"fr-FR\"},{\"@type\":\"Organization\",\"@id\":\"https:\\\/\\\/marielleaupaysdesours.fr\\\/#organization\",\"name\":\"Marielle au Pays des Ours | Vente en ligne de peluches\",\"url\":\"https:\\\/\\\/marielleaupaysdesours.fr\\\/\",\"logo\":{\"@type\":\"ImageObject\",\"inLanguage\":\"fr-FR\",\"@id\":\"https:\\\/\\\/marielleaupaysdesours.fr\\\/#\\\/schema\\\/logo\\\/image\\\/\",\"url\":\"https:\\\/\\\/marielleaupaysdesours.fr\\\/wp-content\\\/uploads\\\/2020\\\/10\\\/logo-marielle-light.jpg\",\"contentUrl\":\"https:\\\/\\\/marielleaupaysdesours.fr\\\/wp-content\\\/uploads\\\/2020\\\/10\\\/logo-marielle-light.jpg\",\"width\":500,\"height\":500,\"caption\":\"Marielle au Pays des Ours | Vente en ligne de peluches\"},\"image\":{\"@id\":\"https:\\\/\\\/marielleaupaysdesours.fr\\\/#\\\/schema\\\/logo\\\/image\\\/\"}}]}<\/script>\n<!-- \/ Yoast SEO plugin. -->","yoast_head_json":{"title":"Peluche Chien Loulou de Pom\u00e9ranie \u2013 Anima \u2013 30 cm - Marielle au Pays des Ours | Vente en ligne de peluches","description":"Vous cherchez une peluche chien extr\u00eamement tendre et craquante ? Voici le Loulou par Anima, venez l'adopter sur notre boutique en ligne !","robots":{"index":"index","follow":"follow","max-snippet":"max-snippet:-1","max-image-preview":"max-image-preview:large","max-video-preview":"max-video-preview:-1"},"canonical":"https:\/\/marielleaupaysdesours.fr\/index.php\/product\/peluche-chien-loulou-de-pomeramie-30-cm-anima\/","og_locale":"fr_FR","og_type":"article","og_title":"Peluche Chien Loulou de Pom\u00e9ranie \u2013 Anima \u2013 30 cm - Marielle au Pays des Ours | Vente en ligne de peluches","og_description":"Vous cherchez une peluche chien extr\u00eamement tendre et craquante ? Voici le Loulou par Anima, venez l'adopter sur notre boutique en ligne !","og_url":"https:\/\/marielleaupaysdesours.fr\/index.php\/product\/peluche-chien-loulou-de-pomeramie-30-cm-anima\/","og_site_name":"Marielle au Pays des Ours | Vente en ligne de peluches","article_modified_time":"2025-12-05T19:41:57+00:00","og_image":[{"width":1280,"height":1280,"url":"https:\/\/marielleaupaysdesours.fr\/wp-content\/uploads\/2025\/08\/LOULOU-DE-POMERANY-ANIMA-30-CM.jpg","type":"image\/jpeg"}],"twitter_card":"summary_large_image","twitter_misc":{"Dur\u00e9e de lecture estim\u00e9e":"2 minutes"},"schema":{"@context":"https:\/\/schema.org","@graph":[{"@type":"WebPage","@id":"https:\/\/marielleaupaysdesours.fr\/index.php\/product\/peluche-chien-loulou-de-pomeramie-30-cm-anima\/","url":"https:\/\/marielleaupaysdesours.fr\/index.php\/product\/peluche-chien-loulou-de-pomeramie-30-cm-anima\/","name":"Peluche Chien Loulou de Pom\u00e9ranie \u2013 Anima \u2013 30 cm - Marielle au Pays des Ours | Vente en ligne de peluches","isPartOf":{"@id":"https:\/\/marielleaupaysdesours.fr\/#website"},"primaryImageOfPage":{"@id":"https:\/\/marielleaupaysdesours.fr\/index.php\/product\/peluche-chien-loulou-de-pomeramie-30-cm-anima\/#primaryimage"},"image":{"@id":"https:\/\/marielleaupaysdesours.fr\/index.php\/product\/peluche-chien-loulou-de-pomeramie-30-cm-anima\/#primaryimage"},"thumbnailUrl":"https:\/\/marielleaupaysdesours.fr\/wp-content\/uploads\/2025\/08\/LOULOU-DE-POMERANY-ANIMA-30-CM.jpg","datePublished":"2025-08-11T09:35:16+00:00","dateModified":"2025-12-05T19:41:57+00:00","description":"Vous cherchez une peluche chien extr\u00eamement tendre et craquante ? Voici le Loulou par Anima, venez l'adopter sur notre boutique en ligne !","breadcrumb":{"@id":"https:\/\/marielleaupaysdesours.fr\/index.php\/product\/peluche-chien-loulou-de-pomeramie-30-cm-anima\/#breadcrumb"},"inLanguage":"fr-FR","potentialAction":[{"@type":"ReadAction","target":["https:\/\/marielleaupaysdesours.fr\/index.php\/product\/peluche-chien-loulou-de-pomeramie-30-cm-anima\/"]}]},{"@type":"ImageObject","inLanguage":"fr-FR","@id":"https:\/\/marielleaupaysdesours.fr\/index.php\/product\/peluche-chien-loulou-de-pomeramie-30-cm-anima\/#primaryimage","url":"https:\/\/marielleaupaysdesours.fr\/wp-content\/uploads\/2025\/08\/LOULOU-DE-POMERANY-ANIMA-30-CM.jpg","contentUrl":"https:\/\/marielleaupaysdesours.fr\/wp-content\/uploads\/2025\/08\/LOULOU-DE-POMERANY-ANIMA-30-CM.jpg","width":1280,"height":1280,"caption":"Peluche Chien Loulou de Pom\u00e9ranie \u2013 Anima \u2013 30 cm"},{"@type":"BreadcrumbList","@id":"https:\/\/marielleaupaysdesours.fr\/index.php\/product\/peluche-chien-loulou-de-pomeramie-30-cm-anima\/#breadcrumb","itemListElement":[{"@type":"ListItem","position":1,"name":"Accueil","item":"https:\/\/marielleaupaysdesours.fr\/"},{"@type":"ListItem","position":2,"name":"Shop","item":"https:\/\/marielleaupaysdesours.fr\/index.php\/shop\/"},{"@type":"ListItem","position":3,"name":"Peluche Chien Loulou de Pom\u00e9ranie \u2013 Anima \u2013 30 cm"}]},{"@type":"WebSite","@id":"https:\/\/marielleaupaysdesours.fr\/#website","url":"https:\/\/marielleaupaysdesours.fr\/","name":"Marielle au Pays des Ours | Vente en ligne de peluches","description":"vente en ligne de peluches","publisher":{"@id":"https:\/\/marielleaupaysdesours.fr\/#organization"},"potentialAction":[{"@type":"SearchAction","target":{"@type":"EntryPoint","urlTemplate":"https:\/\/marielleaupaysdesours.fr\/?s={search_term_string}"},"query-input":{"@type":"PropertyValueSpecification","valueRequired":true,"valueName":"search_term_string"}}],"inLanguage":"fr-FR"},{"@type":"Organization","@id":"https:\/\/marielleaupaysdesours.fr\/#organization","name":"Marielle au Pays des Ours | Vente en ligne de peluches","url":"https:\/\/marielleaupaysdesours.fr\/","logo":{"@type":"ImageObject","inLanguage":"fr-FR","@id":"https:\/\/marielleaupaysdesours.fr\/#\/schema\/logo\/image\/","url":"https:\/\/marielleaupaysdesours.fr\/wp-content\/uploads\/2020\/10\/logo-marielle-light.jpg","contentUrl":"https:\/\/marielleaupaysdesours.fr\/wp-content\/uploads\/2020\/10\/logo-marielle-light.jpg","width":500,"height":500,"caption":"Marielle au Pays des Ours | Vente en ligne de peluches"},"image":{"@id":"https:\/\/marielleaupaysdesours.fr\/#\/schema\/logo\/image\/"}}]}},"jetpack_sharing_enabled":true,"_links":{"self":[{"href":"https:\/\/marielleaupaysdesours.fr\/index.php\/wp-json\/wp\/v2\/product\/6900","targetHints":{"allow":["GET"]}}],"collection":[{"href":"https:\/\/marielleaupaysdesours.fr\/index.php\/wp-json\/wp\/v2\/product"}],"about":[{"href":"https:\/\/marielleaupaysdesours.fr\/index.php\/wp-json\/wp\/v2\/types\/product"}],"replies":[{"embeddable":true,"href":"https:\/\/marielleaupaysdesours.fr\/index.php\/wp-json\/wp\/v2\/comments?post=6900"}],"version-history":[{"count":3,"href":"https:\/\/marielleaupaysdesours.fr\/index.php\/wp-json\/wp\/v2\/product\/6900\/revisions"}],"predecessor-version":[{"id":6930,"href":"https:\/\/marielleaupaysdesours.fr\/index.php\/wp-json\/wp\/v2\/product\/6900\/revisions\/6930"}],"wp:featuredmedia":[{"embeddable":true,"href":"https:\/\/marielleaupaysdesours.fr\/index.php\/wp-json\/wp\/v2\/media\/6901"}],"wp:attachment":[{"href":"https:\/\/marielleaupaysdesours.fr\/index.php\/wp-json\/wp\/v2\/media?parent=6900"}],"wp:term":[{"taxonomy":"product_brand","embeddable":true,"href":"https:\/\/marielleaupaysdesours.fr\/index.php\/wp-json\/wp\/v2\/product_brand?post=6900"},{"taxonomy":"product_cat","embeddable":true,"href":"https:\/\/marielleaupaysdesours.fr\/index.php\/wp-json\/wp\/v2\/product_cat?post=6900"},{"taxonomy":"product_tag","embeddable":true,"href":"https:\/\/marielleaupaysdesours.fr\/index.php\/wp-json\/wp\/v2\/product_tag?post=6900"}],"curies":[{"name":"wp","href":"https:\/\/api.w.org\/{rel}","templated":true}]}}