{"id":6877,"date":"2025-07-12T15:20:18","date_gmt":"2025-07-12T13:20:18","guid":{"rendered":"https:\/\/marielleaupaysdesours.fr\/?post_type=product&#038;p=6877"},"modified":"2025-12-09T18:40:48","modified_gmt":"2025-12-09T17:40:48","slug":"peluche-animadoo-elan-35-cm-anima-2","status":"publish","type":"product","link":"https:\/\/marielleaupaysdesours.fr\/index.php\/product\/peluche-animadoo-elan-35-cm-anima-2\/","title":{"rendered":"Peluche Singe Pantin Animadoo \u2013 Anima \u2013 35 cm"},"content":{"rendered":"<p data-start=\"164\" data-end=\"594\">D\u00e9couvrez la douceur et la tendresse du <strong data-start=\"204\" data-end=\"222\">singe en peluche Animadoo<\/strong> de la marque fran\u00e7aise <strong data-start=\"246\" data-end=\"255\">Anima<\/strong>, sp\u00e9cialiste des peluches de grande qualit\u00e9. Pens\u00e9e sp\u00e9cialement pour les tout-petits d\u00e8s la naissance, la gamme <strong data-start=\"369\" data-end=\"381\">Animadoo<\/strong> s\u00e9duit par ses peluches souples, moelleuses et faciles \u00e0 manipuler par de petites mains. Avec sa taille de <strong data-start=\"489\" data-end=\"498\">35 cm<\/strong>, ce petit singe est un compagnon id\u00e9al pour les c\u00e2lins, les jeux ou les moments de r\u00e9confort.<\/p>\n<p data-start=\"596\" data-end=\"988\">Ce pantin singe se distingue par son <strong data-start=\"633\" data-end=\"663\">pelage incroyablement doux<\/strong> et sa conception mall\u00e9able qui le rend facile \u00e0 emporter partout. Con\u00e7u pour r\u00e9sister aux c\u00e2lins r\u00e9p\u00e9t\u00e9s et aux manipulations quotidiennes, il allie s\u00e9curit\u00e9, confort et r\u00e9alisme. Son regard tendre et son allure amusante en font un ami indispensable pour les enfants, tout en apportant une touche chaleureuse \u00e0 la chambre.<\/p>\n<p data-start=\"990\" data-end=\"1127\">Pratique, cette peluche est <strong data-start=\"1018\" data-end=\"1046\">lavable en machine \u00e0 30\u00b0<\/strong>, garantissant une hygi\u00e8ne parfaite et une utilisation durable au fil du temps.<\/p>\n<hr data-start=\"1129\" data-end=\"1132\" \/>\n<h3 data-start=\"1134\" data-end=\"1160\"><strong data-start=\"1138\" data-end=\"1160\">Caract\u00e9ristiques :<\/strong><\/h3>\n<ul data-start=\"1162\" data-end=\"1484\">\n<li data-start=\"1162\" data-end=\"1205\">\n<p data-start=\"1164\" data-end=\"1205\"><strong data-start=\"1164\" data-end=\"1174\">Marque<\/strong> : Anima (cr\u00e9ation fran\u00e7aise)<\/p>\n<\/li>\n<li data-start=\"1206\" data-end=\"1230\">\n<p data-start=\"1208\" data-end=\"1230\"><strong data-start=\"1208\" data-end=\"1217\">Gamme<\/strong> : Animadoo<\/p>\n<\/li>\n<li data-start=\"1231\" data-end=\"1260\">\n<p data-start=\"1233\" data-end=\"1260\"><strong data-start=\"1233\" data-end=\"1243\">Mod\u00e8le<\/strong> : Pantin singe<\/p>\n<\/li>\n<li data-start=\"1261\" data-end=\"1284\">\n<p data-start=\"1263\" data-end=\"1284\"><strong data-start=\"1263\" data-end=\"1274\">Hauteur<\/strong> : 35 cm<\/p>\n<\/li>\n<li data-start=\"1285\" data-end=\"1326\">\n<p data-start=\"1287\" data-end=\"1326\"><strong data-start=\"1287\" data-end=\"1305\">\u00c2ge recommand\u00e9<\/strong> : D\u00e8s la naissance<\/p>\n<\/li>\n<li data-start=\"1327\" data-end=\"1374\">\n<p data-start=\"1329\" data-end=\"1374\"><strong data-start=\"1329\" data-end=\"1340\">Mati\u00e8re<\/strong> : Peluche ultra douce et souple<\/p>\n<\/li>\n<li data-start=\"1375\" data-end=\"1419\">\n<p data-start=\"1377\" data-end=\"1419\"><strong data-start=\"1377\" data-end=\"1390\">Entretien<\/strong> : Lavable en machine \u00e0 30\u00b0<\/p>\n<\/li>\n<li data-start=\"1420\" data-end=\"1484\">\n<p data-start=\"1422\" data-end=\"1484\"><strong data-start=\"1422\" data-end=\"1439\">Particularit\u00e9<\/strong> : Facile \u00e0 manipuler par les petites mains<\/p>\n<\/li>\n<\/ul>\n<hr data-start=\"1486\" data-end=\"1489\" \/>\n<p data-start=\"1491\" data-end=\"1703\">Avec son style attendrissant et sa douceur incomparable, cette peluche <strong data-start=\"1551\" data-end=\"1575\">singe Animadoo <\/strong>est un cadeau id\u00e9al pour accompagner l\u2019enfant d\u00e8s ses premiers instants. Un compagnon de tendresse \u00e0 c\u00e2liner sans mod\u00e9ration.<\/p>\n","protected":false},"excerpt":{"rendered":"<p data-start=\"164\" data-end=\"594\">D\u00e9couvrez la douceur et la tendresse du <strong data-start=\"204\" data-end=\"222\">singe Animadoo<\/strong> de la marque fran\u00e7aise <strong data-start=\"246\" data-end=\"255\">Anima<\/strong>, sp\u00e9cialiste des peluches de grande qualit\u00e9. Pens\u00e9e sp\u00e9cialement pour les tout-petits d\u00e8s la naissance, la gamme <strong data-start=\"369\" data-end=\"381\">Animadoo<\/strong> s\u00e9duit par ses peluches souples, moelleuses et faciles \u00e0 manipuler par de petites mains. Avec sa taille de <strong data-start=\"489\" data-end=\"498\">35 cm<\/strong>, ce petit singe est un compagnon id\u00e9al pour les c\u00e2lins, les jeux ou les moments de r\u00e9confort.<\/p>\n<p data-start=\"596\" data-end=\"988\">Ce pantin singe se distingue par son <strong data-start=\"633\" data-end=\"663\">pelage incroyablement doux<\/strong> et sa conception mall\u00e9able qui le rend facile \u00e0 emporter partout. Con\u00e7u pour r\u00e9sister aux c\u00e2lins r\u00e9p\u00e9t\u00e9s et aux manipulations quotidiennes, il allie s\u00e9curit\u00e9, confort et r\u00e9alisme. Son regard tendre et son allure amusante en font un ami indispensable pour les enfants, tout en apportant une touche chaleureuse \u00e0 la chambre.<\/p>\n","protected":false},"featured_media":6879,"comment_status":"closed","ping_status":"closed","template":"","meta":{"_monsterinsights_skip_tracking":false,"_monsterinsights_sitenote_active":false,"_monsterinsights_sitenote_note":"","_monsterinsights_sitenote_category":0,"site-sidebar-layout":"default","site-content-layout":"default","ast-site-content-layout":"default","site-content-style":"default","site-sidebar-style":"default","ast-global-header-display":"","ast-banner-title-visibility":"","ast-main-header-display":"","ast-hfb-above-header-display":"","ast-hfb-below-header-display":"","ast-hfb-mobile-header-display":"","site-post-title":"","ast-breadcrumbs-content":"","ast-featured-img":"","footer-sml-layout":"","ast-disable-related-posts":"","theme-transparent-header-meta":"default","adv-header-id-meta":"","stick-header-meta":"","header-above-stick-meta":"","header-main-stick-meta":"","header-below-stick-meta":"","astra-migrate-meta-layouts":"set","ast-page-background-enabled":"default","ast-page-background-meta":{"desktop":{"background-color":"","background-image":"","background-repeat":"repeat","background-position":"center center","background-size":"auto","background-attachment":"scroll","background-type":"","background-media":"","overlay-type":"","overlay-color":"","overlay-opacity":"","overlay-gradient":""},"tablet":{"background-color":"","background-image":"","background-repeat":"repeat","background-position":"center center","background-size":"auto","background-attachment":"scroll","background-type":"","background-media":"","overlay-type":"","overlay-color":"","overlay-opacity":"","overlay-gradient":""},"mobile":{"background-color":"","background-image":"","background-repeat":"repeat","background-position":"center center","background-size":"auto","background-attachment":"scroll","background-type":"","background-media":"","overlay-type":"","overlay-color":"","overlay-opacity":"","overlay-gradient":""}},"ast-content-background-meta":{"desktop":{"background-color":"var(--ast-global-color-5)","background-image":"","background-repeat":"repeat","background-position":"center center","background-size":"auto","background-attachment":"scroll","background-type":"","background-media":"","overlay-type":"","overlay-color":"","overlay-opacity":"","overlay-gradient":""},"tablet":{"background-color":"var(--ast-global-color-5)","background-image":"","background-repeat":"repeat","background-position":"center center","background-size":"auto","background-attachment":"scroll","background-type":"","background-media":"","overlay-type":"","overlay-color":"","overlay-opacity":"","overlay-gradient":""},"mobile":{"background-color":"var(--ast-global-color-5)","background-image":"","background-repeat":"repeat","background-position":"center center","background-size":"auto","background-attachment":"scroll","background-type":"","background-media":"","overlay-type":"","overlay-color":"","overlay-opacity":"","overlay-gradient":""}}},"product_brand":[],"product_cat":[48,33,60,44,28,31],"product_tag":[],"class_list":{"0":"post-6877","1":"product","2":"type-product","3":"status-publish","4":"has-post-thumbnail","6":"product_cat-peluches-anima","7":"product_cat-animaux-de-compagnie","8":"product_cat-animaux-sauvages","9":"product_cat-cadeaux-de-naissance","10":"product_cat-peluches","11":"product_cat-savane","12":"product_shipping_class-4-80","13":"desktop-align-center","14":"tablet-align-left","15":"mobile-align-left","17":"first","18":"instock","19":"shipping-taxable","20":"purchasable","21":"product-type-simple"},"yoast_head":"<!-- This site is optimized with the Yoast SEO plugin v27.5 - https:\/\/yoast.com\/product\/yoast-seo-wordpress\/ -->\n<title>Peluche Singe Pantin Animadoo \u2013 Anima \u2013 35 cm - Marielle au Pays des Ours | Vente en ligne de peluches<\/title>\n<meta name=\"description\" content=\"Vous cherchez une peluche Singe extr\u00eamement tendre et craquante ? Voici le pantin Singe de chez anima, venez l&#039;adopter sur notre boutique en ligne !\" \/>\n<meta name=\"robots\" content=\"index, follow, max-snippet:-1, max-image-preview:large, max-video-preview:-1\" \/>\n<link rel=\"canonical\" href=\"https:\/\/marielleaupaysdesours.fr\/index.php\/product\/peluche-animadoo-elan-35-cm-anima-2\/\" \/>\n<meta property=\"og:locale\" content=\"fr_FR\" \/>\n<meta property=\"og:type\" content=\"article\" \/>\n<meta property=\"og:title\" content=\"Peluche Singe Pantin Animadoo \u2013 Anima \u2013 35 cm - Marielle au Pays des Ours | Vente en ligne de peluches\" \/>\n<meta property=\"og:description\" content=\"Vous cherchez une peluche Singe extr\u00eamement tendre et craquante ? Voici le pantin Singe de chez anima, venez l&#039;adopter sur notre boutique en ligne !\" \/>\n<meta property=\"og:url\" content=\"https:\/\/marielleaupaysdesours.fr\/index.php\/product\/peluche-animadoo-elan-35-cm-anima-2\/\" \/>\n<meta property=\"og:site_name\" content=\"Marielle au Pays des Ours | Vente en ligne de peluches\" \/>\n<meta property=\"article:modified_time\" content=\"2025-12-09T17:40:48+00:00\" \/>\n<meta property=\"og:image\" content=\"https:\/\/marielleaupaysdesours.fr\/wp-content\/uploads\/2025\/07\/SINGE-DOOPANTIN.webp\" \/>\n\t<meta property=\"og:image:width\" content=\"262\" \/>\n\t<meta property=\"og:image:height\" content=\"429\" \/>\n\t<meta property=\"og:image:type\" content=\"image\/webp\" \/>\n<meta name=\"twitter:card\" content=\"summary_large_image\" \/>\n<meta name=\"twitter:label1\" content=\"Dur\u00e9e de lecture estim\u00e9e\" \/>\n\t<meta name=\"twitter:data1\" content=\"2 minutes\" \/>\n<script type=\"application\/ld+json\" class=\"yoast-schema-graph\">{\"@context\":\"https:\\\/\\\/schema.org\",\"@graph\":[{\"@type\":\"WebPage\",\"@id\":\"https:\\\/\\\/marielleaupaysdesours.fr\\\/index.php\\\/product\\\/peluche-animadoo-elan-35-cm-anima-2\\\/\",\"url\":\"https:\\\/\\\/marielleaupaysdesours.fr\\\/index.php\\\/product\\\/peluche-animadoo-elan-35-cm-anima-2\\\/\",\"name\":\"Peluche Singe Pantin Animadoo \u2013 Anima \u2013 35 cm - Marielle au Pays des Ours | Vente en ligne de peluches\",\"isPartOf\":{\"@id\":\"https:\\\/\\\/marielleaupaysdesours.fr\\\/#website\"},\"primaryImageOfPage\":{\"@id\":\"https:\\\/\\\/marielleaupaysdesours.fr\\\/index.php\\\/product\\\/peluche-animadoo-elan-35-cm-anima-2\\\/#primaryimage\"},\"image\":{\"@id\":\"https:\\\/\\\/marielleaupaysdesours.fr\\\/index.php\\\/product\\\/peluche-animadoo-elan-35-cm-anima-2\\\/#primaryimage\"},\"thumbnailUrl\":\"https:\\\/\\\/marielleaupaysdesours.fr\\\/wp-content\\\/uploads\\\/2025\\\/07\\\/SINGE-DOOPANTIN.webp\",\"datePublished\":\"2025-07-12T13:20:18+00:00\",\"dateModified\":\"2025-12-09T17:40:48+00:00\",\"description\":\"Vous cherchez une peluche Singe extr\u00eamement tendre et craquante ? Voici le pantin Singe de chez anima, venez l'adopter sur notre boutique en ligne !\",\"breadcrumb\":{\"@id\":\"https:\\\/\\\/marielleaupaysdesours.fr\\\/index.php\\\/product\\\/peluche-animadoo-elan-35-cm-anima-2\\\/#breadcrumb\"},\"inLanguage\":\"fr-FR\",\"potentialAction\":[{\"@type\":\"ReadAction\",\"target\":[\"https:\\\/\\\/marielleaupaysdesours.fr\\\/index.php\\\/product\\\/peluche-animadoo-elan-35-cm-anima-2\\\/\"]}]},{\"@type\":\"ImageObject\",\"inLanguage\":\"fr-FR\",\"@id\":\"https:\\\/\\\/marielleaupaysdesours.fr\\\/index.php\\\/product\\\/peluche-animadoo-elan-35-cm-anima-2\\\/#primaryimage\",\"url\":\"https:\\\/\\\/marielleaupaysdesours.fr\\\/wp-content\\\/uploads\\\/2025\\\/07\\\/SINGE-DOOPANTIN.webp\",\"contentUrl\":\"https:\\\/\\\/marielleaupaysdesours.fr\\\/wp-content\\\/uploads\\\/2025\\\/07\\\/SINGE-DOOPANTIN.webp\",\"width\":262,\"height\":429,\"caption\":\"Peluche Singe Animadoo \u2013 Anima \u2013 35 cm\"},{\"@type\":\"BreadcrumbList\",\"@id\":\"https:\\\/\\\/marielleaupaysdesours.fr\\\/index.php\\\/product\\\/peluche-animadoo-elan-35-cm-anima-2\\\/#breadcrumb\",\"itemListElement\":[{\"@type\":\"ListItem\",\"position\":1,\"name\":\"Accueil\",\"item\":\"https:\\\/\\\/marielleaupaysdesours.fr\\\/\"},{\"@type\":\"ListItem\",\"position\":2,\"name\":\"Shop\",\"item\":\"https:\\\/\\\/marielleaupaysdesours.fr\\\/index.php\\\/shop\\\/\"},{\"@type\":\"ListItem\",\"position\":3,\"name\":\"Peluche Singe Pantin Animadoo \u2013 Anima \u2013 35 cm\"}]},{\"@type\":\"WebSite\",\"@id\":\"https:\\\/\\\/marielleaupaysdesours.fr\\\/#website\",\"url\":\"https:\\\/\\\/marielleaupaysdesours.fr\\\/\",\"name\":\"Marielle au Pays des Ours | Vente en ligne de peluches\",\"description\":\"vente en ligne de peluches\",\"publisher\":{\"@id\":\"https:\\\/\\\/marielleaupaysdesours.fr\\\/#organization\"},\"potentialAction\":[{\"@type\":\"SearchAction\",\"target\":{\"@type\":\"EntryPoint\",\"urlTemplate\":\"https:\\\/\\\/marielleaupaysdesours.fr\\\/?s={search_term_string}\"},\"query-input\":{\"@type\":\"PropertyValueSpecification\",\"valueRequired\":true,\"valueName\":\"search_term_string\"}}],\"inLanguage\":\"fr-FR\"},{\"@type\":\"Organization\",\"@id\":\"https:\\\/\\\/marielleaupaysdesours.fr\\\/#organization\",\"name\":\"Marielle au Pays des Ours | Vente en ligne de peluches\",\"url\":\"https:\\\/\\\/marielleaupaysdesours.fr\\\/\",\"logo\":{\"@type\":\"ImageObject\",\"inLanguage\":\"fr-FR\",\"@id\":\"https:\\\/\\\/marielleaupaysdesours.fr\\\/#\\\/schema\\\/logo\\\/image\\\/\",\"url\":\"https:\\\/\\\/marielleaupaysdesours.fr\\\/wp-content\\\/uploads\\\/2020\\\/10\\\/logo-marielle-light.jpg\",\"contentUrl\":\"https:\\\/\\\/marielleaupaysdesours.fr\\\/wp-content\\\/uploads\\\/2020\\\/10\\\/logo-marielle-light.jpg\",\"width\":500,\"height\":500,\"caption\":\"Marielle au Pays des Ours | Vente en ligne de peluches\"},\"image\":{\"@id\":\"https:\\\/\\\/marielleaupaysdesours.fr\\\/#\\\/schema\\\/logo\\\/image\\\/\"}}]}<\/script>\n<!-- \/ Yoast SEO plugin. -->","yoast_head_json":{"title":"Peluche Singe Pantin Animadoo \u2013 Anima \u2013 35 cm - Marielle au Pays des Ours | Vente en ligne de peluches","description":"Vous cherchez une peluche Singe extr\u00eamement tendre et craquante ? Voici le pantin Singe de chez anima, venez l'adopter sur notre boutique en ligne !","robots":{"index":"index","follow":"follow","max-snippet":"max-snippet:-1","max-image-preview":"max-image-preview:large","max-video-preview":"max-video-preview:-1"},"canonical":"https:\/\/marielleaupaysdesours.fr\/index.php\/product\/peluche-animadoo-elan-35-cm-anima-2\/","og_locale":"fr_FR","og_type":"article","og_title":"Peluche Singe Pantin Animadoo \u2013 Anima \u2013 35 cm - Marielle au Pays des Ours | Vente en ligne de peluches","og_description":"Vous cherchez une peluche Singe extr\u00eamement tendre et craquante ? Voici le pantin Singe de chez anima, venez l'adopter sur notre boutique en ligne !","og_url":"https:\/\/marielleaupaysdesours.fr\/index.php\/product\/peluche-animadoo-elan-35-cm-anima-2\/","og_site_name":"Marielle au Pays des Ours | Vente en ligne de peluches","article_modified_time":"2025-12-09T17:40:48+00:00","og_image":[{"width":262,"height":429,"url":"https:\/\/marielleaupaysdesours.fr\/wp-content\/uploads\/2025\/07\/SINGE-DOOPANTIN.webp","type":"image\/webp"}],"twitter_card":"summary_large_image","twitter_misc":{"Dur\u00e9e de lecture estim\u00e9e":"2 minutes"},"schema":{"@context":"https:\/\/schema.org","@graph":[{"@type":"WebPage","@id":"https:\/\/marielleaupaysdesours.fr\/index.php\/product\/peluche-animadoo-elan-35-cm-anima-2\/","url":"https:\/\/marielleaupaysdesours.fr\/index.php\/product\/peluche-animadoo-elan-35-cm-anima-2\/","name":"Peluche Singe Pantin Animadoo \u2013 Anima \u2013 35 cm - Marielle au Pays des Ours | Vente en ligne de peluches","isPartOf":{"@id":"https:\/\/marielleaupaysdesours.fr\/#website"},"primaryImageOfPage":{"@id":"https:\/\/marielleaupaysdesours.fr\/index.php\/product\/peluche-animadoo-elan-35-cm-anima-2\/#primaryimage"},"image":{"@id":"https:\/\/marielleaupaysdesours.fr\/index.php\/product\/peluche-animadoo-elan-35-cm-anima-2\/#primaryimage"},"thumbnailUrl":"https:\/\/marielleaupaysdesours.fr\/wp-content\/uploads\/2025\/07\/SINGE-DOOPANTIN.webp","datePublished":"2025-07-12T13:20:18+00:00","dateModified":"2025-12-09T17:40:48+00:00","description":"Vous cherchez une peluche Singe extr\u00eamement tendre et craquante ? Voici le pantin Singe de chez anima, venez l'adopter sur notre boutique en ligne !","breadcrumb":{"@id":"https:\/\/marielleaupaysdesours.fr\/index.php\/product\/peluche-animadoo-elan-35-cm-anima-2\/#breadcrumb"},"inLanguage":"fr-FR","potentialAction":[{"@type":"ReadAction","target":["https:\/\/marielleaupaysdesours.fr\/index.php\/product\/peluche-animadoo-elan-35-cm-anima-2\/"]}]},{"@type":"ImageObject","inLanguage":"fr-FR","@id":"https:\/\/marielleaupaysdesours.fr\/index.php\/product\/peluche-animadoo-elan-35-cm-anima-2\/#primaryimage","url":"https:\/\/marielleaupaysdesours.fr\/wp-content\/uploads\/2025\/07\/SINGE-DOOPANTIN.webp","contentUrl":"https:\/\/marielleaupaysdesours.fr\/wp-content\/uploads\/2025\/07\/SINGE-DOOPANTIN.webp","width":262,"height":429,"caption":"Peluche Singe Animadoo \u2013 Anima \u2013 35 cm"},{"@type":"BreadcrumbList","@id":"https:\/\/marielleaupaysdesours.fr\/index.php\/product\/peluche-animadoo-elan-35-cm-anima-2\/#breadcrumb","itemListElement":[{"@type":"ListItem","position":1,"name":"Accueil","item":"https:\/\/marielleaupaysdesours.fr\/"},{"@type":"ListItem","position":2,"name":"Shop","item":"https:\/\/marielleaupaysdesours.fr\/index.php\/shop\/"},{"@type":"ListItem","position":3,"name":"Peluche Singe Pantin Animadoo \u2013 Anima \u2013 35 cm"}]},{"@type":"WebSite","@id":"https:\/\/marielleaupaysdesours.fr\/#website","url":"https:\/\/marielleaupaysdesours.fr\/","name":"Marielle au Pays des Ours | Vente en ligne de peluches","description":"vente en ligne de peluches","publisher":{"@id":"https:\/\/marielleaupaysdesours.fr\/#organization"},"potentialAction":[{"@type":"SearchAction","target":{"@type":"EntryPoint","urlTemplate":"https:\/\/marielleaupaysdesours.fr\/?s={search_term_string}"},"query-input":{"@type":"PropertyValueSpecification","valueRequired":true,"valueName":"search_term_string"}}],"inLanguage":"fr-FR"},{"@type":"Organization","@id":"https:\/\/marielleaupaysdesours.fr\/#organization","name":"Marielle au Pays des Ours | Vente en ligne de peluches","url":"https:\/\/marielleaupaysdesours.fr\/","logo":{"@type":"ImageObject","inLanguage":"fr-FR","@id":"https:\/\/marielleaupaysdesours.fr\/#\/schema\/logo\/image\/","url":"https:\/\/marielleaupaysdesours.fr\/wp-content\/uploads\/2020\/10\/logo-marielle-light.jpg","contentUrl":"https:\/\/marielleaupaysdesours.fr\/wp-content\/uploads\/2020\/10\/logo-marielle-light.jpg","width":500,"height":500,"caption":"Marielle au Pays des Ours | Vente en ligne de peluches"},"image":{"@id":"https:\/\/marielleaupaysdesours.fr\/#\/schema\/logo\/image\/"}}]}},"jetpack_sharing_enabled":true,"_links":{"self":[{"href":"https:\/\/marielleaupaysdesours.fr\/index.php\/wp-json\/wp\/v2\/product\/6877","targetHints":{"allow":["GET"]}}],"collection":[{"href":"https:\/\/marielleaupaysdesours.fr\/index.php\/wp-json\/wp\/v2\/product"}],"about":[{"href":"https:\/\/marielleaupaysdesours.fr\/index.php\/wp-json\/wp\/v2\/types\/product"}],"replies":[{"embeddable":true,"href":"https:\/\/marielleaupaysdesours.fr\/index.php\/wp-json\/wp\/v2\/comments?post=6877"}],"version-history":[{"count":3,"href":"https:\/\/marielleaupaysdesours.fr\/index.php\/wp-json\/wp\/v2\/product\/6877\/revisions"}],"predecessor-version":[{"id":6934,"href":"https:\/\/marielleaupaysdesours.fr\/index.php\/wp-json\/wp\/v2\/product\/6877\/revisions\/6934"}],"wp:featuredmedia":[{"embeddable":true,"href":"https:\/\/marielleaupaysdesours.fr\/index.php\/wp-json\/wp\/v2\/media\/6879"}],"wp:attachment":[{"href":"https:\/\/marielleaupaysdesours.fr\/index.php\/wp-json\/wp\/v2\/media?parent=6877"}],"wp:term":[{"taxonomy":"product_brand","embeddable":true,"href":"https:\/\/marielleaupaysdesours.fr\/index.php\/wp-json\/wp\/v2\/product_brand?post=6877"},{"taxonomy":"product_cat","embeddable":true,"href":"https:\/\/marielleaupaysdesours.fr\/index.php\/wp-json\/wp\/v2\/product_cat?post=6877"},{"taxonomy":"product_tag","embeddable":true,"href":"https:\/\/marielleaupaysdesours.fr\/index.php\/wp-json\/wp\/v2\/product_tag?post=6877"}],"curies":[{"name":"wp","href":"https:\/\/api.w.org\/{rel}","templated":true}]}}