{"id":6773,"date":"2025-06-10T15:47:51","date_gmt":"2025-06-10T13:47:51","guid":{"rendered":"https:\/\/marielleaupaysdesours.fr\/?post_type=product&#038;p=6773"},"modified":"2025-12-20T23:44:12","modified_gmt":"2025-12-20T22:44:12","slug":"ours-en-peluche-articule-eva-bukowski","status":"publish","type":"product","link":"https:\/\/marielleaupaysdesours.fr\/index.php\/product\/ours-en-peluche-articule-eva-bukowski\/","title":{"rendered":"Ours en peluche articul\u00e9 Eva &#8211; BUKOWSKI"},"content":{"rendered":"<p data-start=\"176\" data-end=\"514\">Depuis 1990, la cr\u00e9atrice <strong data-start=\"202\" data-end=\"222\">Barbara Bukowski<\/strong> imagine en Su\u00e8de des peluches de grande qualit\u00e9, toutes inspir\u00e9es de personnes r\u00e9elles de son entourage. Cette approche personnelle donne \u00e0 chaque cr\u00e9ation une <strong data-start=\"383\" data-end=\"397\">\u00e2me unique<\/strong> et un caract\u00e8re tendre. L\u2019ours en peluche articul\u00e9 <strong data-start=\"429\" data-end=\"436\">Eva<\/strong>, avec sa tenue soign\u00e9e et sa douceur incomparable, en est un parfait exemple.<\/p>\n<p data-start=\"516\" data-end=\"939\">Eva est une ravissante <strong data-start=\"539\" data-end=\"558\">ourse articul\u00e9e<\/strong> de <strong data-start=\"562\" data-end=\"571\">35 cm<\/strong>, habill\u00e9e d\u2019une \u00e9l\u00e9gante <strong data-start=\"597\" data-end=\"616\">robe vieux rose<\/strong> assortie \u00e0 un <strong data-start=\"631\" data-end=\"672\">n\u0153ud d\u00e9licatement plac\u00e9 sur l\u2019oreille<\/strong>. Son pelage moelleux, signature de la marque Bukowski, est con\u00e7u pour apporter un maximum de r\u00e9confort. Gr\u00e2ce \u00e0 ses <strong data-start=\"789\" data-end=\"814\">articulations mobiles<\/strong>, elle peut \u00eatre facilement pos\u00e9e en position assise, id\u00e9ale pour d\u00e9corer une chambre ou pour \u00eatre manipul\u00e9e par les enfants.<\/p>\n<p data-start=\"941\" data-end=\"1261\">Les <strong data-start=\"945\" data-end=\"964\">textures douces<\/strong> et les <strong data-start=\"972\" data-end=\"995\">couleurs apaisantes<\/strong> stimulent le d\u00e9veloppement sensoriel, tout en procurant un sentiment de s\u00e9curit\u00e9 et de tendresse. Fabriqu\u00e9e avec soin et finitions haut de gamme, Eva est pens\u00e9e pour durer dans le temps, devenant rapidement une compagne fid\u00e8le pour les petits comme pour les grands.<\/p>\n<hr data-start=\"1263\" data-end=\"1266\" \/>\n<h3 data-start=\"1268\" data-end=\"1296\"><strong data-start=\"1272\" data-end=\"1296\">D\u00e9tails du produit :<\/strong><\/h3>\n<ul data-start=\"1298\" data-end=\"1625\">\n<li data-start=\"1298\" data-end=\"1315\">\n<p data-start=\"1300\" data-end=\"1315\"><strong data-start=\"1300\" data-end=\"1307\">Nom<\/strong> : Eva<\/p>\n<\/li>\n<li data-start=\"1316\" data-end=\"1356\">\n<p data-start=\"1318\" data-end=\"1356\"><strong data-start=\"1318\" data-end=\"1328\">Marque<\/strong> : Bukowski Design (Su\u00e8de)<\/p>\n<\/li>\n<li data-start=\"1357\" data-end=\"1380\">\n<p data-start=\"1359\" data-end=\"1380\"><strong data-start=\"1359\" data-end=\"1370\">Hauteur<\/strong> : 35 cm<\/p>\n<\/li>\n<li data-start=\"1381\" data-end=\"1437\">\n<p data-start=\"1383\" data-end=\"1437\"><strong data-start=\"1383\" data-end=\"1392\">Tenue<\/strong> : Robe rose ancienne et n\u0153ud sur l\u2019oreille<\/p>\n<\/li>\n<li data-start=\"1438\" data-end=\"1512\">\n<p data-start=\"1440\" data-end=\"1512\"><strong data-start=\"1440\" data-end=\"1460\">Caract\u00e9ristiques<\/strong> : Articul\u00e9e \u2013 Finition main \u2013 Peluche ultra douce<\/p>\n<\/li>\n<li data-start=\"1513\" data-end=\"1564\">\n<p data-start=\"1515\" data-end=\"1564\"><strong data-start=\"1515\" data-end=\"1528\">Entretien<\/strong> : Nettoyage en surface recommand\u00e9<\/p>\n<\/li>\n<li data-start=\"1565\" data-end=\"1625\">\n<p data-start=\"1567\" data-end=\"1625\"><strong data-start=\"1567\" data-end=\"1584\">\u00c2ge conseill\u00e9<\/strong> : D\u00e8s la naissance (sous surveillance)<\/p>\n<\/li>\n<\/ul>\n<hr data-start=\"1627\" data-end=\"1630\" \/>\n<p data-start=\"1632\" data-end=\"1796\" data-is-last-node=\"\" data-is-only-node=\"\">Un cadeau tendre et intemporel, parfait pour accompagner les premiers moments de vie ou compl\u00e9ter une belle collection. Eva attend avec douceur sa nouvelle maison !<\/p>\n","protected":false},"excerpt":{"rendered":"<p data-start=\"176\" data-end=\"514\">Depuis 1990, la cr\u00e9atrice <strong data-start=\"202\" data-end=\"222\">Barbara Bukowski<\/strong> imagine en Su\u00e8de des peluches de grande qualit\u00e9, toutes inspir\u00e9es de personnes r\u00e9elles de son entourage. Cette approche personnelle donne \u00e0 chaque cr\u00e9ation une <strong data-start=\"383\" data-end=\"397\">\u00e2me unique<\/strong> et un caract\u00e8re tendre. L\u2019ours <strong data-start=\"429\" data-end=\"436\">Eva<\/strong>, avec sa tenue soign\u00e9e et sa douceur incomparable, en est un parfait exemple.<\/p>\n<p data-start=\"516\" data-end=\"939\">Eva est une ravissante <strong data-start=\"539\" data-end=\"558\">ourse articul\u00e9e<\/strong> de <strong data-start=\"562\" data-end=\"571\">35 cm<\/strong>, habill\u00e9e d\u2019une \u00e9l\u00e9gante <strong data-start=\"597\" data-end=\"616\">robe vieux rose<\/strong> assortie \u00e0 un <strong data-start=\"631\" data-end=\"672\">n\u0153ud d\u00e9licatement plac\u00e9 sur l\u2019oreille<\/strong>. Son pelage moelleux, signature de la marque Bukowski, est con\u00e7u pour apporter un maximum de r\u00e9confort. Gr\u00e2ce \u00e0 ses <strong data-start=\"789\" data-end=\"814\">articulations mobiles<\/strong>, elle peut \u00eatre facilement pos\u00e9e en position assise, id\u00e9ale pour d\u00e9corer une chambre ou pour \u00eatre manipul\u00e9e par les enfants.<\/p>\n<p data-start=\"941\" data-end=\"1261\">Les <strong data-start=\"945\" data-end=\"964\">textures douces<\/strong> et les <strong data-start=\"972\" data-end=\"995\">couleurs apaisantes<\/strong> stimulent le d\u00e9veloppement sensoriel, tout en procurant un sentiment de s\u00e9curit\u00e9 et de tendresse. Fabriqu\u00e9e avec soin et finitions haut de gamme, Eva est pens\u00e9e pour durer dans le temps, devenant rapidement une compagne fid\u00e8le pour les petits comme pour les grands.<\/p>\n","protected":false},"featured_media":6776,"comment_status":"closed","ping_status":"closed","template":"","meta":{"_monsterinsights_skip_tracking":false,"_monsterinsights_sitenote_active":false,"_monsterinsights_sitenote_note":"","_monsterinsights_sitenote_category":0,"site-sidebar-layout":"default","site-content-layout":"","ast-site-content-layout":"default","site-content-style":"default","site-sidebar-style":"default","ast-global-header-display":"","ast-banner-title-visibility":"","ast-main-header-display":"","ast-hfb-above-header-display":"","ast-hfb-below-header-display":"","ast-hfb-mobile-header-display":"","site-post-title":"","ast-breadcrumbs-content":"","ast-featured-img":"","footer-sml-layout":"","ast-disable-related-posts":"","theme-transparent-header-meta":"default","adv-header-id-meta":"","stick-header-meta":"","header-above-stick-meta":"","header-main-stick-meta":"","header-below-stick-meta":"","astra-migrate-meta-layouts":"set","ast-page-background-enabled":"default","ast-page-background-meta":{"desktop":{"background-color":"","background-image":"","background-repeat":"repeat","background-position":"center center","background-size":"auto","background-attachment":"scroll","background-type":"","background-media":"","overlay-type":"","overlay-color":"","overlay-opacity":"","overlay-gradient":""},"tablet":{"background-color":"","background-image":"","background-repeat":"repeat","background-position":"center center","background-size":"auto","background-attachment":"scroll","background-type":"","background-media":"","overlay-type":"","overlay-color":"","overlay-opacity":"","overlay-gradient":""},"mobile":{"background-color":"","background-image":"","background-repeat":"repeat","background-position":"center center","background-size":"auto","background-attachment":"scroll","background-type":"","background-media":"","overlay-type":"","overlay-color":"","overlay-opacity":"","overlay-gradient":""}},"ast-content-background-meta":{"desktop":{"background-color":"var(--ast-global-color-5)","background-image":"","background-repeat":"repeat","background-position":"center center","background-size":"auto","background-attachment":"scroll","background-type":"","background-media":"","overlay-type":"","overlay-color":"","overlay-opacity":"","overlay-gradient":""},"tablet":{"background-color":"var(--ast-global-color-5)","background-image":"","background-repeat":"repeat","background-position":"center center","background-size":"auto","background-attachment":"scroll","background-type":"","background-media":"","overlay-type":"","overlay-color":"","overlay-opacity":"","overlay-gradient":""},"mobile":{"background-color":"var(--ast-global-color-5)","background-image":"","background-repeat":"repeat","background-position":"center center","background-size":"auto","background-attachment":"scroll","background-type":"","background-media":"","overlay-type":"","overlay-color":"","overlay-opacity":"","overlay-gradient":""}}},"product_brand":[],"product_cat":[41,34,30],"product_tag":[],"class_list":{"0":"post-6773","1":"product","2":"type-product","3":"status-publish","4":"has-post-thumbnail","6":"product_cat-bukowski","7":"product_cat-doudous","8":"product_cat-ours","9":"product_shipping_class-expedition-intermediaire","10":"desktop-align-center","11":"tablet-align-left","12":"mobile-align-left","14":"first","15":"outofstock","16":"shipping-taxable","17":"purchasable","18":"product-type-simple"},"yoast_head":"<!-- This site is optimized with the Yoast SEO plugin v27.3 - https:\/\/yoast.com\/product\/yoast-seo-wordpress\/ -->\n<title>Ours en peluche articul\u00e9 Eva - BUKOWSKI - Marielle au Pays des Ours | Vente en ligne de peluches<\/title>\n<meta name=\"description\" content=\"Vous \u00eates a la recherche d&#039;un petit ours en peluche articul\u00e9 ? Voici \u00c9va de Bukowski, venez la chercher sur notre boutique en ligne !\" \/>\n<meta name=\"robots\" content=\"index, follow, max-snippet:-1, max-image-preview:large, max-video-preview:-1\" \/>\n<link rel=\"canonical\" href=\"https:\/\/marielleaupaysdesours.fr\/index.php\/product\/ours-en-peluche-articule-eva-bukowski\/\" \/>\n<meta property=\"og:locale\" content=\"fr_FR\" \/>\n<meta property=\"og:type\" content=\"article\" \/>\n<meta property=\"og:title\" content=\"Ours en peluche articul\u00e9 Eva - BUKOWSKI - Marielle au Pays des Ours | Vente en ligne de peluches\" \/>\n<meta property=\"og:description\" content=\"Vous \u00eates a la recherche d&#039;un petit ours en peluche articul\u00e9 ? Voici \u00c9va de Bukowski, venez la chercher sur notre boutique en ligne !\" \/>\n<meta property=\"og:url\" content=\"https:\/\/marielleaupaysdesours.fr\/index.php\/product\/ours-en-peluche-articule-eva-bukowski\/\" \/>\n<meta property=\"og:site_name\" content=\"Marielle au Pays des Ours | Vente en ligne de peluches\" \/>\n<meta property=\"article:modified_time\" content=\"2025-12-20T22:44:12+00:00\" \/>\n<meta property=\"og:image\" content=\"https:\/\/marielleaupaysdesours.fr\/wp-content\/uploads\/2025\/06\/d8424fe8-4d8d-11ee-8e1a-a256e9262783-EVA.webp\" \/>\n\t<meta property=\"og:image:width\" content=\"600\" \/>\n\t<meta property=\"og:image:height\" content=\"450\" \/>\n\t<meta property=\"og:image:type\" content=\"image\/webp\" \/>\n<meta name=\"twitter:card\" content=\"summary_large_image\" \/>\n<meta name=\"twitter:label1\" content=\"Dur\u00e9e de lecture estim\u00e9e\" \/>\n\t<meta name=\"twitter:data1\" content=\"2 minutes\" \/>\n<script type=\"application\/ld+json\" class=\"yoast-schema-graph\">{\"@context\":\"https:\\\/\\\/schema.org\",\"@graph\":[{\"@type\":\"WebPage\",\"@id\":\"https:\\\/\\\/marielleaupaysdesours.fr\\\/index.php\\\/product\\\/ours-en-peluche-articule-eva-bukowski\\\/\",\"url\":\"https:\\\/\\\/marielleaupaysdesours.fr\\\/index.php\\\/product\\\/ours-en-peluche-articule-eva-bukowski\\\/\",\"name\":\"Ours en peluche articul\u00e9 Eva - BUKOWSKI - Marielle au Pays des Ours | Vente en ligne de peluches\",\"isPartOf\":{\"@id\":\"https:\\\/\\\/marielleaupaysdesours.fr\\\/#website\"},\"primaryImageOfPage\":{\"@id\":\"https:\\\/\\\/marielleaupaysdesours.fr\\\/index.php\\\/product\\\/ours-en-peluche-articule-eva-bukowski\\\/#primaryimage\"},\"image\":{\"@id\":\"https:\\\/\\\/marielleaupaysdesours.fr\\\/index.php\\\/product\\\/ours-en-peluche-articule-eva-bukowski\\\/#primaryimage\"},\"thumbnailUrl\":\"https:\\\/\\\/marielleaupaysdesours.fr\\\/wp-content\\\/uploads\\\/2025\\\/06\\\/d8424fe8-4d8d-11ee-8e1a-a256e9262783-EVA.webp\",\"datePublished\":\"2025-06-10T13:47:51+00:00\",\"dateModified\":\"2025-12-20T22:44:12+00:00\",\"description\":\"Vous \u00eates a la recherche d'un petit ours en peluche articul\u00e9 ? Voici \u00c9va de Bukowski, venez la chercher sur notre boutique en ligne !\",\"breadcrumb\":{\"@id\":\"https:\\\/\\\/marielleaupaysdesours.fr\\\/index.php\\\/product\\\/ours-en-peluche-articule-eva-bukowski\\\/#breadcrumb\"},\"inLanguage\":\"fr-FR\",\"potentialAction\":[{\"@type\":\"ReadAction\",\"target\":[\"https:\\\/\\\/marielleaupaysdesours.fr\\\/index.php\\\/product\\\/ours-en-peluche-articule-eva-bukowski\\\/\"]}]},{\"@type\":\"ImageObject\",\"inLanguage\":\"fr-FR\",\"@id\":\"https:\\\/\\\/marielleaupaysdesours.fr\\\/index.php\\\/product\\\/ours-en-peluche-articule-eva-bukowski\\\/#primaryimage\",\"url\":\"https:\\\/\\\/marielleaupaysdesours.fr\\\/wp-content\\\/uploads\\\/2025\\\/06\\\/d8424fe8-4d8d-11ee-8e1a-a256e9262783-EVA.webp\",\"contentUrl\":\"https:\\\/\\\/marielleaupaysdesours.fr\\\/wp-content\\\/uploads\\\/2025\\\/06\\\/d8424fe8-4d8d-11ee-8e1a-a256e9262783-EVA.webp\",\"width\":600,\"height\":450,\"caption\":\"Ours en peluche articul\u00e9 Eva - BUKOWSKI\"},{\"@type\":\"BreadcrumbList\",\"@id\":\"https:\\\/\\\/marielleaupaysdesours.fr\\\/index.php\\\/product\\\/ours-en-peluche-articule-eva-bukowski\\\/#breadcrumb\",\"itemListElement\":[{\"@type\":\"ListItem\",\"position\":1,\"name\":\"Accueil\",\"item\":\"https:\\\/\\\/marielleaupaysdesours.fr\\\/\"},{\"@type\":\"ListItem\",\"position\":2,\"name\":\"Shop\",\"item\":\"https:\\\/\\\/marielleaupaysdesours.fr\\\/index.php\\\/shop\\\/\"},{\"@type\":\"ListItem\",\"position\":3,\"name\":\"Ours en peluche articul\u00e9 Eva &#8211; BUKOWSKI\"}]},{\"@type\":\"WebSite\",\"@id\":\"https:\\\/\\\/marielleaupaysdesours.fr\\\/#website\",\"url\":\"https:\\\/\\\/marielleaupaysdesours.fr\\\/\",\"name\":\"Marielle au Pays des Ours | Vente en ligne de peluches\",\"description\":\"vente en ligne de peluches\",\"publisher\":{\"@id\":\"https:\\\/\\\/marielleaupaysdesours.fr\\\/#organization\"},\"potentialAction\":[{\"@type\":\"SearchAction\",\"target\":{\"@type\":\"EntryPoint\",\"urlTemplate\":\"https:\\\/\\\/marielleaupaysdesours.fr\\\/?s={search_term_string}\"},\"query-input\":{\"@type\":\"PropertyValueSpecification\",\"valueRequired\":true,\"valueName\":\"search_term_string\"}}],\"inLanguage\":\"fr-FR\"},{\"@type\":\"Organization\",\"@id\":\"https:\\\/\\\/marielleaupaysdesours.fr\\\/#organization\",\"name\":\"Marielle au Pays des Ours | Vente en ligne de peluches\",\"url\":\"https:\\\/\\\/marielleaupaysdesours.fr\\\/\",\"logo\":{\"@type\":\"ImageObject\",\"inLanguage\":\"fr-FR\",\"@id\":\"https:\\\/\\\/marielleaupaysdesours.fr\\\/#\\\/schema\\\/logo\\\/image\\\/\",\"url\":\"https:\\\/\\\/marielleaupaysdesours.fr\\\/wp-content\\\/uploads\\\/2020\\\/10\\\/logo-marielle-light.jpg\",\"contentUrl\":\"https:\\\/\\\/marielleaupaysdesours.fr\\\/wp-content\\\/uploads\\\/2020\\\/10\\\/logo-marielle-light.jpg\",\"width\":500,\"height\":500,\"caption\":\"Marielle au Pays des Ours | Vente en ligne de peluches\"},\"image\":{\"@id\":\"https:\\\/\\\/marielleaupaysdesours.fr\\\/#\\\/schema\\\/logo\\\/image\\\/\"}}]}<\/script>\n<!-- \/ Yoast SEO plugin. -->","yoast_head_json":{"title":"Ours en peluche articul\u00e9 Eva - BUKOWSKI - Marielle au Pays des Ours | Vente en ligne de peluches","description":"Vous \u00eates a la recherche d'un petit ours en peluche articul\u00e9 ? Voici \u00c9va de Bukowski, venez la chercher sur notre boutique en ligne !","robots":{"index":"index","follow":"follow","max-snippet":"max-snippet:-1","max-image-preview":"max-image-preview:large","max-video-preview":"max-video-preview:-1"},"canonical":"https:\/\/marielleaupaysdesours.fr\/index.php\/product\/ours-en-peluche-articule-eva-bukowski\/","og_locale":"fr_FR","og_type":"article","og_title":"Ours en peluche articul\u00e9 Eva - BUKOWSKI - Marielle au Pays des Ours | Vente en ligne de peluches","og_description":"Vous \u00eates a la recherche d'un petit ours en peluche articul\u00e9 ? Voici \u00c9va de Bukowski, venez la chercher sur notre boutique en ligne !","og_url":"https:\/\/marielleaupaysdesours.fr\/index.php\/product\/ours-en-peluche-articule-eva-bukowski\/","og_site_name":"Marielle au Pays des Ours | Vente en ligne de peluches","article_modified_time":"2025-12-20T22:44:12+00:00","og_image":[{"width":600,"height":450,"url":"https:\/\/marielleaupaysdesours.fr\/wp-content\/uploads\/2025\/06\/d8424fe8-4d8d-11ee-8e1a-a256e9262783-EVA.webp","type":"image\/webp"}],"twitter_card":"summary_large_image","twitter_misc":{"Dur\u00e9e de lecture estim\u00e9e":"2 minutes"},"schema":{"@context":"https:\/\/schema.org","@graph":[{"@type":"WebPage","@id":"https:\/\/marielleaupaysdesours.fr\/index.php\/product\/ours-en-peluche-articule-eva-bukowski\/","url":"https:\/\/marielleaupaysdesours.fr\/index.php\/product\/ours-en-peluche-articule-eva-bukowski\/","name":"Ours en peluche articul\u00e9 Eva - BUKOWSKI - Marielle au Pays des Ours | Vente en ligne de peluches","isPartOf":{"@id":"https:\/\/marielleaupaysdesours.fr\/#website"},"primaryImageOfPage":{"@id":"https:\/\/marielleaupaysdesours.fr\/index.php\/product\/ours-en-peluche-articule-eva-bukowski\/#primaryimage"},"image":{"@id":"https:\/\/marielleaupaysdesours.fr\/index.php\/product\/ours-en-peluche-articule-eva-bukowski\/#primaryimage"},"thumbnailUrl":"https:\/\/marielleaupaysdesours.fr\/wp-content\/uploads\/2025\/06\/d8424fe8-4d8d-11ee-8e1a-a256e9262783-EVA.webp","datePublished":"2025-06-10T13:47:51+00:00","dateModified":"2025-12-20T22:44:12+00:00","description":"Vous \u00eates a la recherche d'un petit ours en peluche articul\u00e9 ? Voici \u00c9va de Bukowski, venez la chercher sur notre boutique en ligne !","breadcrumb":{"@id":"https:\/\/marielleaupaysdesours.fr\/index.php\/product\/ours-en-peluche-articule-eva-bukowski\/#breadcrumb"},"inLanguage":"fr-FR","potentialAction":[{"@type":"ReadAction","target":["https:\/\/marielleaupaysdesours.fr\/index.php\/product\/ours-en-peluche-articule-eva-bukowski\/"]}]},{"@type":"ImageObject","inLanguage":"fr-FR","@id":"https:\/\/marielleaupaysdesours.fr\/index.php\/product\/ours-en-peluche-articule-eva-bukowski\/#primaryimage","url":"https:\/\/marielleaupaysdesours.fr\/wp-content\/uploads\/2025\/06\/d8424fe8-4d8d-11ee-8e1a-a256e9262783-EVA.webp","contentUrl":"https:\/\/marielleaupaysdesours.fr\/wp-content\/uploads\/2025\/06\/d8424fe8-4d8d-11ee-8e1a-a256e9262783-EVA.webp","width":600,"height":450,"caption":"Ours en peluche articul\u00e9 Eva - BUKOWSKI"},{"@type":"BreadcrumbList","@id":"https:\/\/marielleaupaysdesours.fr\/index.php\/product\/ours-en-peluche-articule-eva-bukowski\/#breadcrumb","itemListElement":[{"@type":"ListItem","position":1,"name":"Accueil","item":"https:\/\/marielleaupaysdesours.fr\/"},{"@type":"ListItem","position":2,"name":"Shop","item":"https:\/\/marielleaupaysdesours.fr\/index.php\/shop\/"},{"@type":"ListItem","position":3,"name":"Ours en peluche articul\u00e9 Eva &#8211; BUKOWSKI"}]},{"@type":"WebSite","@id":"https:\/\/marielleaupaysdesours.fr\/#website","url":"https:\/\/marielleaupaysdesours.fr\/","name":"Marielle au Pays des Ours | Vente en ligne de peluches","description":"vente en ligne de peluches","publisher":{"@id":"https:\/\/marielleaupaysdesours.fr\/#organization"},"potentialAction":[{"@type":"SearchAction","target":{"@type":"EntryPoint","urlTemplate":"https:\/\/marielleaupaysdesours.fr\/?s={search_term_string}"},"query-input":{"@type":"PropertyValueSpecification","valueRequired":true,"valueName":"search_term_string"}}],"inLanguage":"fr-FR"},{"@type":"Organization","@id":"https:\/\/marielleaupaysdesours.fr\/#organization","name":"Marielle au Pays des Ours | Vente en ligne de peluches","url":"https:\/\/marielleaupaysdesours.fr\/","logo":{"@type":"ImageObject","inLanguage":"fr-FR","@id":"https:\/\/marielleaupaysdesours.fr\/#\/schema\/logo\/image\/","url":"https:\/\/marielleaupaysdesours.fr\/wp-content\/uploads\/2020\/10\/logo-marielle-light.jpg","contentUrl":"https:\/\/marielleaupaysdesours.fr\/wp-content\/uploads\/2020\/10\/logo-marielle-light.jpg","width":500,"height":500,"caption":"Marielle au Pays des Ours | Vente en ligne de peluches"},"image":{"@id":"https:\/\/marielleaupaysdesours.fr\/#\/schema\/logo\/image\/"}}]}},"jetpack_sharing_enabled":true,"_links":{"self":[{"href":"https:\/\/marielleaupaysdesours.fr\/index.php\/wp-json\/wp\/v2\/product\/6773","targetHints":{"allow":["GET"]}}],"collection":[{"href":"https:\/\/marielleaupaysdesours.fr\/index.php\/wp-json\/wp\/v2\/product"}],"about":[{"href":"https:\/\/marielleaupaysdesours.fr\/index.php\/wp-json\/wp\/v2\/types\/product"}],"replies":[{"embeddable":true,"href":"https:\/\/marielleaupaysdesours.fr\/index.php\/wp-json\/wp\/v2\/comments?post=6773"}],"version-history":[{"count":5,"href":"https:\/\/marielleaupaysdesours.fr\/index.php\/wp-json\/wp\/v2\/product\/6773\/revisions"}],"predecessor-version":[{"id":6844,"href":"https:\/\/marielleaupaysdesours.fr\/index.php\/wp-json\/wp\/v2\/product\/6773\/revisions\/6844"}],"wp:featuredmedia":[{"embeddable":true,"href":"https:\/\/marielleaupaysdesours.fr\/index.php\/wp-json\/wp\/v2\/media\/6776"}],"wp:attachment":[{"href":"https:\/\/marielleaupaysdesours.fr\/index.php\/wp-json\/wp\/v2\/media?parent=6773"}],"wp:term":[{"taxonomy":"product_brand","embeddable":true,"href":"https:\/\/marielleaupaysdesours.fr\/index.php\/wp-json\/wp\/v2\/product_brand?post=6773"},{"taxonomy":"product_cat","embeddable":true,"href":"https:\/\/marielleaupaysdesours.fr\/index.php\/wp-json\/wp\/v2\/product_cat?post=6773"},{"taxonomy":"product_tag","embeddable":true,"href":"https:\/\/marielleaupaysdesours.fr\/index.php\/wp-json\/wp\/v2\/product_tag?post=6773"}],"curies":[{"name":"wp","href":"https:\/\/api.w.org\/{rel}","templated":true}]}}