{"id":6762,"date":"2025-06-10T15:16:25","date_gmt":"2025-06-10T13:16:25","guid":{"rendered":"https:\/\/marielleaupaysdesours.fr\/?post_type=product&#038;p=6762"},"modified":"2025-12-15T22:39:01","modified_gmt":"2025-12-15T21:39:01","slug":"petite-ourse-en-peluche-tova-bukowski","status":"publish","type":"product","link":"https:\/\/marielleaupaysdesours.fr\/index.php\/product\/petite-ourse-en-peluche-tova-bukowski\/","title":{"rendered":"Petite Ourse en peluche Tova &#8211; BUKOWSKI"},"content":{"rendered":"<p data-start=\"142\" data-end=\"447\">Cr\u00e9\u00e9e en Su\u00e8de par <strong data-start=\"161\" data-end=\"181\">Barbara Bukowski<\/strong>, chaque peluche de la marque <a href=\"http:\/\/marielleaupaysdesours.fr\/index.php\/peluches-bukowski\/\">Bukowski<\/a> est inspir\u00e9e d&rsquo;une personne ch\u00e8re \u00e0 la cr\u00e9atrice. Depuis 1990, ces compagnons en peluche sont confectionn\u00e9s avec des mati\u00e8res douces et des finitions soign\u00e9es, pens\u00e9es pour \u00e9veiller la sensibilit\u00e9 et le toucher des plus jeunes.<\/p>\n<p data-start=\"449\" data-end=\"816\"><strong data-start=\"449\" data-end=\"457\">Tova<\/strong> est une <strong data-start=\"466\" data-end=\"491\">petite ourse de 25 cm<\/strong> pleine de tendresse. Elle est habill\u00e9e d\u2019un <strong data-start=\"536\" data-end=\"563\">joli pull en laine rose<\/strong> qui accentue son c\u00f4t\u00e9 douillet, et porte <strong data-start=\"605\" data-end=\"646\">deux adorables n\u0153uds sur les oreilles<\/strong>, pour une touche encore plus charmante. Son <strong data-start=\"691\" data-end=\"718\">pelage beige ultra doux<\/strong> fait d\u2019elle une peluche id\u00e9ale pour les c\u00e2lins, aussi bien pour les enfants que pour les adultes.<\/p>\n<p data-start=\"818\" data-end=\"990\">Gr\u00e2ce \u00e0 la <strong data-start=\"829\" data-end=\"854\">qualit\u00e9 irr\u00e9prochable<\/strong> de ses mat\u00e9riaux et de ses coutures, <strong data-start=\"892\" data-end=\"900\">Tova<\/strong> est con\u00e7ue pour durer et accompagner les petits dans toutes leurs aventures du quotidien.<\/p>\n<hr data-start=\"992\" data-end=\"995\" \/>\n<h3 data-start=\"997\" data-end=\"1023\"><strong data-start=\"1001\" data-end=\"1023\">Caract\u00e9ristiques :<\/strong><\/h3>\n<ul data-start=\"1025\" data-end=\"1327\">\n<li data-start=\"1025\" data-end=\"1043\">\n<p data-start=\"1027\" data-end=\"1043\"><strong data-start=\"1027\" data-end=\"1034\">Nom<\/strong> : Tova<\/p>\n<\/li>\n<li data-start=\"1044\" data-end=\"1084\">\n<p data-start=\"1046\" data-end=\"1084\"><strong data-start=\"1046\" data-end=\"1056\">Marque<\/strong> : <a href=\"https:\/\/bukowski.se\/fr\/\">Bukowski Design<\/a> (Su\u00e8de)<\/p>\n<\/li>\n<li data-start=\"1085\" data-end=\"1108\">\n<p data-start=\"1087\" data-end=\"1108\"><strong data-start=\"1087\" data-end=\"1098\">Hauteur<\/strong> : 25 cm<\/p>\n<\/li>\n<li data-start=\"1109\" data-end=\"1167\">\n<p data-start=\"1111\" data-end=\"1167\"><strong data-start=\"1111\" data-end=\"1120\">Tenue<\/strong> : Pull en laine rose, n\u0153uds sur les oreilles<\/p>\n<\/li>\n<li data-start=\"1168\" data-end=\"1205\">\n<p data-start=\"1170\" data-end=\"1205\"><strong data-start=\"1170\" data-end=\"1181\">Mati\u00e8re<\/strong> : Peluche ultra douce<\/p>\n<\/li>\n<li data-start=\"1206\" data-end=\"1257\">\n<p data-start=\"1208\" data-end=\"1257\"><strong data-start=\"1208\" data-end=\"1221\">Entretien<\/strong> : Nettoyage en surface recommand\u00e9<\/p>\n<\/li>\n<li data-start=\"1258\" data-end=\"1327\">\n<p data-start=\"1260\" data-end=\"1327\"><strong data-start=\"1260\" data-end=\"1278\">\u00c2ge recommand\u00e9<\/strong> : D\u00e8s la naissance (sous surveillance parentale)<\/p>\n<\/li>\n<\/ul>\n<hr data-start=\"1329\" data-end=\"1332\" \/>\n<p data-start=\"1334\" data-end=\"1441\" data-is-last-node=\"\" data-is-only-node=\"\"><strong data-start=\"1334\" data-end=\"1342\">Tova<\/strong> vous attend pour partager de tendres instants. Une peluche \u00e0 c\u00e2liner sans mod\u00e9ration, pour la vie.<\/p>\n","protected":false},"excerpt":{"rendered":"<p data-start=\"142\" data-end=\"447\">Cr\u00e9\u00e9e en Su\u00e8de par <strong data-start=\"161\" data-end=\"181\">Barbara Bukowski<\/strong>, chaque peluche de la marque Bukowski est inspir\u00e9e d&rsquo;une personne ch\u00e8re \u00e0 la cr\u00e9atrice. Depuis 1990, ces compagnons en peluche sont confectionn\u00e9s avec des mati\u00e8res douces et des finitions soign\u00e9es, pens\u00e9es pour \u00e9veiller la sensibilit\u00e9 et le toucher des plus jeunes.<\/p>\n<p data-start=\"449\" data-end=\"816\"><strong data-start=\"449\" data-end=\"457\">Tova<\/strong> est une <strong data-start=\"466\" data-end=\"491\">petite ourse de 25 cm<\/strong> pleine de tendresse. Elle est habill\u00e9e d\u2019un <strong data-start=\"536\" data-end=\"563\">joli pull en laine rose<\/strong> qui accentue son c\u00f4t\u00e9 douillet, et porte <strong data-start=\"605\" data-end=\"646\">deux adorables n\u0153uds sur les oreilles<\/strong>, pour une touche encore plus charmante. Son <strong data-start=\"691\" data-end=\"718\">pelage beige ultra doux<\/strong> fait d\u2019elle une peluche id\u00e9ale pour les c\u00e2lins, aussi bien pour les enfants que pour les adultes.<\/p>\n<p data-start=\"818\" data-end=\"990\">Gr\u00e2ce \u00e0 la <strong data-start=\"829\" data-end=\"854\">qualit\u00e9 irr\u00e9prochable<\/strong> de ses mat\u00e9riaux et de ses coutures, <strong data-start=\"892\" data-end=\"900\">Tova<\/strong> est con\u00e7ue pour durer et accompagner les petits dans toutes leurs aventures du quotidien.<\/p>\n","protected":false},"featured_media":6760,"comment_status":"closed","ping_status":"closed","template":"","meta":{"_monsterinsights_skip_tracking":false,"_monsterinsights_sitenote_active":false,"_monsterinsights_sitenote_note":"","_monsterinsights_sitenote_category":0,"site-sidebar-layout":"default","site-content-layout":"","ast-site-content-layout":"default","site-content-style":"default","site-sidebar-style":"default","ast-global-header-display":"","ast-banner-title-visibility":"","ast-main-header-display":"","ast-hfb-above-header-display":"","ast-hfb-below-header-display":"","ast-hfb-mobile-header-display":"","site-post-title":"","ast-breadcrumbs-content":"","ast-featured-img":"","footer-sml-layout":"","ast-disable-related-posts":"","theme-transparent-header-meta":"default","adv-header-id-meta":"","stick-header-meta":"","header-above-stick-meta":"","header-main-stick-meta":"","header-below-stick-meta":"","astra-migrate-meta-layouts":"set","ast-page-background-enabled":"default","ast-page-background-meta":{"desktop":{"background-color":"","background-image":"","background-repeat":"repeat","background-position":"center center","background-size":"auto","background-attachment":"scroll","background-type":"","background-media":"","overlay-type":"","overlay-color":"","overlay-opacity":"","overlay-gradient":""},"tablet":{"background-color":"","background-image":"","background-repeat":"repeat","background-position":"center center","background-size":"auto","background-attachment":"scroll","background-type":"","background-media":"","overlay-type":"","overlay-color":"","overlay-opacity":"","overlay-gradient":""},"mobile":{"background-color":"","background-image":"","background-repeat":"repeat","background-position":"center center","background-size":"auto","background-attachment":"scroll","background-type":"","background-media":"","overlay-type":"","overlay-color":"","overlay-opacity":"","overlay-gradient":""}},"ast-content-background-meta":{"desktop":{"background-color":"var(--ast-global-color-5)","background-image":"","background-repeat":"repeat","background-position":"center center","background-size":"auto","background-attachment":"scroll","background-type":"","background-media":"","overlay-type":"","overlay-color":"","overlay-opacity":"","overlay-gradient":""},"tablet":{"background-color":"var(--ast-global-color-5)","background-image":"","background-repeat":"repeat","background-position":"center center","background-size":"auto","background-attachment":"scroll","background-type":"","background-media":"","overlay-type":"","overlay-color":"","overlay-opacity":"","overlay-gradient":""},"mobile":{"background-color":"var(--ast-global-color-5)","background-image":"","background-repeat":"repeat","background-position":"center center","background-size":"auto","background-attachment":"scroll","background-type":"","background-media":"","overlay-type":"","overlay-color":"","overlay-opacity":"","overlay-gradient":""}}},"product_brand":[],"product_cat":[41,34,30],"product_tag":[],"class_list":{"0":"post-6762","1":"product","2":"type-product","3":"status-publish","4":"has-post-thumbnail","6":"product_cat-bukowski","7":"product_cat-doudous","8":"product_cat-ours","9":"product_shipping_class-expedition-intermediaire","10":"desktop-align-center","11":"tablet-align-left","12":"mobile-align-left","14":"first","15":"outofstock","16":"shipping-taxable","17":"purchasable","18":"product-type-simple"},"yoast_head":"<!-- This site is optimized with the Yoast SEO plugin v27.3 - https:\/\/yoast.com\/product\/yoast-seo-wordpress\/ -->\n<title>Petite Ourse en peluche Tova - BUKOWSKI - Site de peluches<\/title>\n<meta name=\"description\" content=\"Vous \u00eates a la recherche d&#039;un petit ourson mignon, en pull ? Voici Tova la Petite Ourse en peluche de BUKOWSKI venez la chercher sur notre site !\" \/>\n<meta name=\"robots\" content=\"index, follow, max-snippet:-1, max-image-preview:large, max-video-preview:-1\" \/>\n<link rel=\"canonical\" href=\"https:\/\/marielleaupaysdesours.fr\/index.php\/product\/petite-ourse-en-peluche-tova-bukowski\/\" \/>\n<meta property=\"og:locale\" content=\"fr_FR\" \/>\n<meta property=\"og:type\" content=\"article\" \/>\n<meta property=\"og:title\" content=\"Petite Ourse en peluche Tova - BUKOWSKI - Site de peluches\" \/>\n<meta property=\"og:description\" content=\"Vous \u00eates a la recherche d&#039;un petit ourson mignon, en pull ? Voici Tova la Petite Ourse en peluche de BUKOWSKI venez la chercher sur notre site !\" \/>\n<meta property=\"og:url\" content=\"https:\/\/marielleaupaysdesours.fr\/index.php\/product\/petite-ourse-en-peluche-tova-bukowski\/\" \/>\n<meta property=\"og:site_name\" content=\"Marielle au Pays des Ours | Vente en ligne de peluches\" \/>\n<meta property=\"article:modified_time\" content=\"2025-12-15T21:39:01+00:00\" \/>\n<meta property=\"og:image\" content=\"https:\/\/marielleaupaysdesours.fr\/wp-content\/uploads\/2025\/06\/Tova-1.webp\" \/>\n\t<meta property=\"og:image:width\" content=\"600\" \/>\n\t<meta property=\"og:image:height\" content=\"600\" \/>\n\t<meta property=\"og:image:type\" content=\"image\/webp\" \/>\n<meta name=\"twitter:card\" content=\"summary_large_image\" \/>\n<meta name=\"twitter:label1\" content=\"Dur\u00e9e de lecture estim\u00e9e\" \/>\n\t<meta name=\"twitter:data1\" content=\"2 minutes\" \/>\n<script type=\"application\/ld+json\" class=\"yoast-schema-graph\">{\"@context\":\"https:\\\/\\\/schema.org\",\"@graph\":[{\"@type\":\"WebPage\",\"@id\":\"https:\\\/\\\/marielleaupaysdesours.fr\\\/index.php\\\/product\\\/petite-ourse-en-peluche-tova-bukowski\\\/\",\"url\":\"https:\\\/\\\/marielleaupaysdesours.fr\\\/index.php\\\/product\\\/petite-ourse-en-peluche-tova-bukowski\\\/\",\"name\":\"Petite Ourse en peluche Tova - BUKOWSKI - Site de peluches\",\"isPartOf\":{\"@id\":\"https:\\\/\\\/marielleaupaysdesours.fr\\\/#website\"},\"primaryImageOfPage\":{\"@id\":\"https:\\\/\\\/marielleaupaysdesours.fr\\\/index.php\\\/product\\\/petite-ourse-en-peluche-tova-bukowski\\\/#primaryimage\"},\"image\":{\"@id\":\"https:\\\/\\\/marielleaupaysdesours.fr\\\/index.php\\\/product\\\/petite-ourse-en-peluche-tova-bukowski\\\/#primaryimage\"},\"thumbnailUrl\":\"https:\\\/\\\/marielleaupaysdesours.fr\\\/wp-content\\\/uploads\\\/2025\\\/06\\\/Tova-1.webp\",\"datePublished\":\"2025-06-10T13:16:25+00:00\",\"dateModified\":\"2025-12-15T21:39:01+00:00\",\"description\":\"Vous \u00eates a la recherche d'un petit ourson mignon, en pull ? Voici Tova la Petite Ourse en peluche de BUKOWSKI venez la chercher sur notre site !\",\"breadcrumb\":{\"@id\":\"https:\\\/\\\/marielleaupaysdesours.fr\\\/index.php\\\/product\\\/petite-ourse-en-peluche-tova-bukowski\\\/#breadcrumb\"},\"inLanguage\":\"fr-FR\",\"potentialAction\":[{\"@type\":\"ReadAction\",\"target\":[\"https:\\\/\\\/marielleaupaysdesours.fr\\\/index.php\\\/product\\\/petite-ourse-en-peluche-tova-bukowski\\\/\"]}]},{\"@type\":\"ImageObject\",\"inLanguage\":\"fr-FR\",\"@id\":\"https:\\\/\\\/marielleaupaysdesours.fr\\\/index.php\\\/product\\\/petite-ourse-en-peluche-tova-bukowski\\\/#primaryimage\",\"url\":\"https:\\\/\\\/marielleaupaysdesours.fr\\\/wp-content\\\/uploads\\\/2025\\\/06\\\/Tova-1.webp\",\"contentUrl\":\"https:\\\/\\\/marielleaupaysdesours.fr\\\/wp-content\\\/uploads\\\/2025\\\/06\\\/Tova-1.webp\",\"width\":600,\"height\":600,\"caption\":\"Petite Ourse en peluche Tova - BUKOWSKI\"},{\"@type\":\"BreadcrumbList\",\"@id\":\"https:\\\/\\\/marielleaupaysdesours.fr\\\/index.php\\\/product\\\/petite-ourse-en-peluche-tova-bukowski\\\/#breadcrumb\",\"itemListElement\":[{\"@type\":\"ListItem\",\"position\":1,\"name\":\"Accueil\",\"item\":\"https:\\\/\\\/marielleaupaysdesours.fr\\\/\"},{\"@type\":\"ListItem\",\"position\":2,\"name\":\"Shop\",\"item\":\"https:\\\/\\\/marielleaupaysdesours.fr\\\/index.php\\\/shop\\\/\"},{\"@type\":\"ListItem\",\"position\":3,\"name\":\"Petite Ourse en peluche Tova &#8211; BUKOWSKI\"}]},{\"@type\":\"WebSite\",\"@id\":\"https:\\\/\\\/marielleaupaysdesours.fr\\\/#website\",\"url\":\"https:\\\/\\\/marielleaupaysdesours.fr\\\/\",\"name\":\"Marielle au Pays des Ours | Vente en ligne de peluches\",\"description\":\"vente en ligne de peluches\",\"publisher\":{\"@id\":\"https:\\\/\\\/marielleaupaysdesours.fr\\\/#organization\"},\"potentialAction\":[{\"@type\":\"SearchAction\",\"target\":{\"@type\":\"EntryPoint\",\"urlTemplate\":\"https:\\\/\\\/marielleaupaysdesours.fr\\\/?s={search_term_string}\"},\"query-input\":{\"@type\":\"PropertyValueSpecification\",\"valueRequired\":true,\"valueName\":\"search_term_string\"}}],\"inLanguage\":\"fr-FR\"},{\"@type\":\"Organization\",\"@id\":\"https:\\\/\\\/marielleaupaysdesours.fr\\\/#organization\",\"name\":\"Marielle au Pays des Ours | Vente en ligne de peluches\",\"url\":\"https:\\\/\\\/marielleaupaysdesours.fr\\\/\",\"logo\":{\"@type\":\"ImageObject\",\"inLanguage\":\"fr-FR\",\"@id\":\"https:\\\/\\\/marielleaupaysdesours.fr\\\/#\\\/schema\\\/logo\\\/image\\\/\",\"url\":\"https:\\\/\\\/marielleaupaysdesours.fr\\\/wp-content\\\/uploads\\\/2020\\\/10\\\/logo-marielle-light.jpg\",\"contentUrl\":\"https:\\\/\\\/marielleaupaysdesours.fr\\\/wp-content\\\/uploads\\\/2020\\\/10\\\/logo-marielle-light.jpg\",\"width\":500,\"height\":500,\"caption\":\"Marielle au Pays des Ours | Vente en ligne de peluches\"},\"image\":{\"@id\":\"https:\\\/\\\/marielleaupaysdesours.fr\\\/#\\\/schema\\\/logo\\\/image\\\/\"}}]}<\/script>\n<!-- \/ Yoast SEO plugin. -->","yoast_head_json":{"title":"Petite Ourse en peluche Tova - BUKOWSKI - Site de peluches","description":"Vous \u00eates a la recherche d'un petit ourson mignon, en pull ? Voici Tova la Petite Ourse en peluche de BUKOWSKI venez la chercher sur notre site !","robots":{"index":"index","follow":"follow","max-snippet":"max-snippet:-1","max-image-preview":"max-image-preview:large","max-video-preview":"max-video-preview:-1"},"canonical":"https:\/\/marielleaupaysdesours.fr\/index.php\/product\/petite-ourse-en-peluche-tova-bukowski\/","og_locale":"fr_FR","og_type":"article","og_title":"Petite Ourse en peluche Tova - BUKOWSKI - Site de peluches","og_description":"Vous \u00eates a la recherche d'un petit ourson mignon, en pull ? Voici Tova la Petite Ourse en peluche de BUKOWSKI venez la chercher sur notre site !","og_url":"https:\/\/marielleaupaysdesours.fr\/index.php\/product\/petite-ourse-en-peluche-tova-bukowski\/","og_site_name":"Marielle au Pays des Ours | Vente en ligne de peluches","article_modified_time":"2025-12-15T21:39:01+00:00","og_image":[{"width":600,"height":600,"url":"https:\/\/marielleaupaysdesours.fr\/wp-content\/uploads\/2025\/06\/Tova-1.webp","type":"image\/webp"}],"twitter_card":"summary_large_image","twitter_misc":{"Dur\u00e9e de lecture estim\u00e9e":"2 minutes"},"schema":{"@context":"https:\/\/schema.org","@graph":[{"@type":"WebPage","@id":"https:\/\/marielleaupaysdesours.fr\/index.php\/product\/petite-ourse-en-peluche-tova-bukowski\/","url":"https:\/\/marielleaupaysdesours.fr\/index.php\/product\/petite-ourse-en-peluche-tova-bukowski\/","name":"Petite Ourse en peluche Tova - BUKOWSKI - Site de peluches","isPartOf":{"@id":"https:\/\/marielleaupaysdesours.fr\/#website"},"primaryImageOfPage":{"@id":"https:\/\/marielleaupaysdesours.fr\/index.php\/product\/petite-ourse-en-peluche-tova-bukowski\/#primaryimage"},"image":{"@id":"https:\/\/marielleaupaysdesours.fr\/index.php\/product\/petite-ourse-en-peluche-tova-bukowski\/#primaryimage"},"thumbnailUrl":"https:\/\/marielleaupaysdesours.fr\/wp-content\/uploads\/2025\/06\/Tova-1.webp","datePublished":"2025-06-10T13:16:25+00:00","dateModified":"2025-12-15T21:39:01+00:00","description":"Vous \u00eates a la recherche d'un petit ourson mignon, en pull ? Voici Tova la Petite Ourse en peluche de BUKOWSKI venez la chercher sur notre site !","breadcrumb":{"@id":"https:\/\/marielleaupaysdesours.fr\/index.php\/product\/petite-ourse-en-peluche-tova-bukowski\/#breadcrumb"},"inLanguage":"fr-FR","potentialAction":[{"@type":"ReadAction","target":["https:\/\/marielleaupaysdesours.fr\/index.php\/product\/petite-ourse-en-peluche-tova-bukowski\/"]}]},{"@type":"ImageObject","inLanguage":"fr-FR","@id":"https:\/\/marielleaupaysdesours.fr\/index.php\/product\/petite-ourse-en-peluche-tova-bukowski\/#primaryimage","url":"https:\/\/marielleaupaysdesours.fr\/wp-content\/uploads\/2025\/06\/Tova-1.webp","contentUrl":"https:\/\/marielleaupaysdesours.fr\/wp-content\/uploads\/2025\/06\/Tova-1.webp","width":600,"height":600,"caption":"Petite Ourse en peluche Tova - BUKOWSKI"},{"@type":"BreadcrumbList","@id":"https:\/\/marielleaupaysdesours.fr\/index.php\/product\/petite-ourse-en-peluche-tova-bukowski\/#breadcrumb","itemListElement":[{"@type":"ListItem","position":1,"name":"Accueil","item":"https:\/\/marielleaupaysdesours.fr\/"},{"@type":"ListItem","position":2,"name":"Shop","item":"https:\/\/marielleaupaysdesours.fr\/index.php\/shop\/"},{"@type":"ListItem","position":3,"name":"Petite Ourse en peluche Tova &#8211; BUKOWSKI"}]},{"@type":"WebSite","@id":"https:\/\/marielleaupaysdesours.fr\/#website","url":"https:\/\/marielleaupaysdesours.fr\/","name":"Marielle au Pays des Ours | Vente en ligne de peluches","description":"vente en ligne de peluches","publisher":{"@id":"https:\/\/marielleaupaysdesours.fr\/#organization"},"potentialAction":[{"@type":"SearchAction","target":{"@type":"EntryPoint","urlTemplate":"https:\/\/marielleaupaysdesours.fr\/?s={search_term_string}"},"query-input":{"@type":"PropertyValueSpecification","valueRequired":true,"valueName":"search_term_string"}}],"inLanguage":"fr-FR"},{"@type":"Organization","@id":"https:\/\/marielleaupaysdesours.fr\/#organization","name":"Marielle au Pays des Ours | Vente en ligne de peluches","url":"https:\/\/marielleaupaysdesours.fr\/","logo":{"@type":"ImageObject","inLanguage":"fr-FR","@id":"https:\/\/marielleaupaysdesours.fr\/#\/schema\/logo\/image\/","url":"https:\/\/marielleaupaysdesours.fr\/wp-content\/uploads\/2020\/10\/logo-marielle-light.jpg","contentUrl":"https:\/\/marielleaupaysdesours.fr\/wp-content\/uploads\/2020\/10\/logo-marielle-light.jpg","width":500,"height":500,"caption":"Marielle au Pays des Ours | Vente en ligne de peluches"},"image":{"@id":"https:\/\/marielleaupaysdesours.fr\/#\/schema\/logo\/image\/"}}]}},"jetpack_sharing_enabled":true,"_links":{"self":[{"href":"https:\/\/marielleaupaysdesours.fr\/index.php\/wp-json\/wp\/v2\/product\/6762","targetHints":{"allow":["GET"]}}],"collection":[{"href":"https:\/\/marielleaupaysdesours.fr\/index.php\/wp-json\/wp\/v2\/product"}],"about":[{"href":"https:\/\/marielleaupaysdesours.fr\/index.php\/wp-json\/wp\/v2\/types\/product"}],"replies":[{"embeddable":true,"href":"https:\/\/marielleaupaysdesours.fr\/index.php\/wp-json\/wp\/v2\/comments?post=6762"}],"version-history":[{"count":3,"href":"https:\/\/marielleaupaysdesours.fr\/index.php\/wp-json\/wp\/v2\/product\/6762\/revisions"}],"predecessor-version":[{"id":6855,"href":"https:\/\/marielleaupaysdesours.fr\/index.php\/wp-json\/wp\/v2\/product\/6762\/revisions\/6855"}],"wp:featuredmedia":[{"embeddable":true,"href":"https:\/\/marielleaupaysdesours.fr\/index.php\/wp-json\/wp\/v2\/media\/6760"}],"wp:attachment":[{"href":"https:\/\/marielleaupaysdesours.fr\/index.php\/wp-json\/wp\/v2\/media?parent=6762"}],"wp:term":[{"taxonomy":"product_brand","embeddable":true,"href":"https:\/\/marielleaupaysdesours.fr\/index.php\/wp-json\/wp\/v2\/product_brand?post=6762"},{"taxonomy":"product_cat","embeddable":true,"href":"https:\/\/marielleaupaysdesours.fr\/index.php\/wp-json\/wp\/v2\/product_cat?post=6762"},{"taxonomy":"product_tag","embeddable":true,"href":"https:\/\/marielleaupaysdesours.fr\/index.php\/wp-json\/wp\/v2\/product_tag?post=6762"}],"curies":[{"name":"wp","href":"https:\/\/api.w.org\/{rel}","templated":true}]}}