{"id":6697,"date":"2025-06-09T13:30:02","date_gmt":"2025-06-09T11:30:02","guid":{"rendered":"https:\/\/marielleaupaysdesours.fr\/?post_type=product&#038;p=6697"},"modified":"2025-10-06T14:52:01","modified_gmt":"2025-10-06T12:52:01","slug":"water-elf-peluche-elf-charlie-bears","status":"publish","type":"product","link":"https:\/\/marielleaupaysdesours.fr\/index.php\/product\/water-elf-peluche-elf-charlie-bears\/","title":{"rendered":"WATER ELF PELUCHE ELF CHARLIE BEARS"},"content":{"rendered":"<p>L&rsquo;Elfe Water fait partie de la collection Our Journey so Far 2025.<\/p>\n<p>Water Elf (l&rsquo;elfe de l&rsquo;eau) est confectionn\u00e9 \u00e0 partir d&rsquo;une luxueuse fourrure douce, aux couleur de l&rsquo;oc\u00e9an.<\/p>\n<p>Ses petites oreilles et ses pattes sont pointues.<br \/>\nSon museau est en su\u00e9dine lisse, laissant apparaitre son nez vert brod\u00e9 \u00e0 la main.<br \/>\nLe dessous de ses pattes est en su\u00e9dine lisse (griffes apparentes).<br \/>\nSon ventre et l&rsquo;int\u00e9rieur de ses oreilles ont de tr\u00e8s longs poils<\/p>\n<p>Water Elf porte un beau foulard gris (avec poisson) autour du cou.<\/p>\n<p>Collection 2025 &#8211; Charlie Bears en peluche<br \/>\nTaille de 36 cm &#8211; 14 inch<br \/>\nImagin\u00e9 par Charlotte Morris<br \/>\nArticul\u00e9 (5 articulations classiques)<br \/>\nLavable d\u00e9licatement 30\u00b0 en surface<br \/>\nRecommand\u00e9 d\u00e8s l&rsquo;\u00e2ge de 3 ans<br \/>\nTest\u00e9 normes de s\u00e9curit\u00e9 europ\u00e9ennes EN71<\/p>\n","protected":false},"excerpt":{"rendered":"<p>L&rsquo;Elfe Water fait partie de la collection Our Journey so Far 2025.<\/p>\n<p>Water Elf (l&rsquo;elfe de l&rsquo;eau) est confectionn\u00e9 \u00e0 partir d&rsquo;une luxueuse fourrure douce, aux couleur de l&rsquo;oc\u00e9an.<\/p>\n","protected":false},"featured_media":6698,"comment_status":"closed","ping_status":"closed","template":"","meta":{"_monsterinsights_skip_tracking":false,"_monsterinsights_sitenote_active":false,"_monsterinsights_sitenote_note":"","_monsterinsights_sitenote_category":0,"site-sidebar-layout":"default","site-content-layout":"","ast-site-content-layout":"default","site-content-style":"default","site-sidebar-style":"default","ast-global-header-display":"","ast-banner-title-visibility":"","ast-main-header-display":"","ast-hfb-above-header-display":"","ast-hfb-below-header-display":"","ast-hfb-mobile-header-display":"","site-post-title":"","ast-breadcrumbs-content":"","ast-featured-img":"","footer-sml-layout":"","ast-disable-related-posts":"","theme-transparent-header-meta":"default","adv-header-id-meta":"","stick-header-meta":"","header-above-stick-meta":"","header-main-stick-meta":"","header-below-stick-meta":"","astra-migrate-meta-layouts":"set","ast-page-background-enabled":"default","ast-page-background-meta":{"desktop":{"background-color":"","background-image":"","background-repeat":"repeat","background-position":"center center","background-size":"auto","background-attachment":"scroll","background-type":"","background-media":"","overlay-type":"","overlay-color":"","overlay-opacity":"","overlay-gradient":""},"tablet":{"background-color":"","background-image":"","background-repeat":"repeat","background-position":"center center","background-size":"auto","background-attachment":"scroll","background-type":"","background-media":"","overlay-type":"","overlay-color":"","overlay-opacity":"","overlay-gradient":""},"mobile":{"background-color":"","background-image":"","background-repeat":"repeat","background-position":"center center","background-size":"auto","background-attachment":"scroll","background-type":"","background-media":"","overlay-type":"","overlay-color":"","overlay-opacity":"","overlay-gradient":""}},"ast-content-background-meta":{"desktop":{"background-color":"var(--ast-global-color-5)","background-image":"","background-repeat":"repeat","background-position":"center center","background-size":"auto","background-attachment":"scroll","background-type":"","background-media":"","overlay-type":"","overlay-color":"","overlay-opacity":"","overlay-gradient":""},"tablet":{"background-color":"var(--ast-global-color-5)","background-image":"","background-repeat":"repeat","background-position":"center center","background-size":"auto","background-attachment":"scroll","background-type":"","background-media":"","overlay-type":"","overlay-color":"","overlay-opacity":"","overlay-gradient":""},"mobile":{"background-color":"var(--ast-global-color-5)","background-image":"","background-repeat":"repeat","background-position":"center center","background-size":"auto","background-attachment":"scroll","background-type":"","background-media":"","overlay-type":"","overlay-color":"","overlay-opacity":"","overlay-gradient":""}}},"product_brand":[],"product_cat":[45,42,30,28],"product_tag":[],"class_list":{"0":"post-6697","1":"product","2":"type-product","3":"status-publish","4":"has-post-thumbnail","6":"product_cat-animaux-fantastiques","7":"product_cat-charlie-bears-peluches-collection","8":"product_cat-ours","9":"product_cat-peluches","10":"product_shipping_class-expedition-intermediaire","11":"desktop-align-center","12":"tablet-align-left","13":"mobile-align-left","15":"first","16":"instock","17":"shipping-taxable","18":"purchasable","19":"product-type-simple"},"yoast_head":"<!-- This site is optimized with the Yoast SEO plugin v27.3 - https:\/\/yoast.com\/product\/yoast-seo-wordpress\/ -->\n<title>WATER ELF PELUCHE ELF CHARLIE BEARS - Marielle au Pays des Ours | Vente en ligne de peluches<\/title>\n<meta name=\"description\" content=\"vous \u00eates a la recherche du plus mignon et craquant des elfs, voici water elf, venez le chercher sur marielleaupaysdesours.fr\" \/>\n<meta name=\"robots\" content=\"index, follow, max-snippet:-1, max-image-preview:large, max-video-preview:-1\" \/>\n<link rel=\"canonical\" href=\"https:\/\/marielleaupaysdesours.fr\/index.php\/product\/water-elf-peluche-elf-charlie-bears\/\" \/>\n<meta property=\"og:locale\" content=\"fr_FR\" \/>\n<meta property=\"og:type\" content=\"article\" \/>\n<meta property=\"og:title\" content=\"WATER ELF PELUCHE ELF CHARLIE BEARS - Marielle au Pays des Ours | Vente en ligne de peluches\" \/>\n<meta property=\"og:description\" content=\"vous \u00eates a la recherche du plus mignon et craquant des elfs, voici water elf, venez le chercher sur marielleaupaysdesours.fr\" \/>\n<meta property=\"og:url\" content=\"https:\/\/marielleaupaysdesours.fr\/index.php\/product\/water-elf-peluche-elf-charlie-bears\/\" \/>\n<meta property=\"og:site_name\" content=\"Marielle au Pays des Ours | Vente en ligne de peluches\" \/>\n<meta property=\"article:modified_time\" content=\"2025-10-06T12:52:01+00:00\" \/>\n<meta property=\"og:image\" content=\"https:\/\/marielleaupaysdesours.fr\/wp-content\/uploads\/2025\/06\/Water-Elf-CB255393_646x869-water-elf.webp\" \/>\n\t<meta property=\"og:image:width\" content=\"646\" \/>\n\t<meta property=\"og:image:height\" content=\"869\" \/>\n\t<meta property=\"og:image:type\" content=\"image\/webp\" \/>\n<meta name=\"twitter:card\" content=\"summary_large_image\" \/>\n<meta name=\"twitter:label1\" content=\"Dur\u00e9e de lecture estim\u00e9e\" \/>\n\t<meta name=\"twitter:data1\" content=\"1 minute\" \/>\n<script type=\"application\/ld+json\" class=\"yoast-schema-graph\">{\"@context\":\"https:\\\/\\\/schema.org\",\"@graph\":[{\"@type\":\"WebPage\",\"@id\":\"https:\\\/\\\/marielleaupaysdesours.fr\\\/index.php\\\/product\\\/water-elf-peluche-elf-charlie-bears\\\/\",\"url\":\"https:\\\/\\\/marielleaupaysdesours.fr\\\/index.php\\\/product\\\/water-elf-peluche-elf-charlie-bears\\\/\",\"name\":\"WATER ELF PELUCHE ELF CHARLIE BEARS - Marielle au Pays des Ours | Vente en ligne de peluches\",\"isPartOf\":{\"@id\":\"https:\\\/\\\/marielleaupaysdesours.fr\\\/#website\"},\"primaryImageOfPage\":{\"@id\":\"https:\\\/\\\/marielleaupaysdesours.fr\\\/index.php\\\/product\\\/water-elf-peluche-elf-charlie-bears\\\/#primaryimage\"},\"image\":{\"@id\":\"https:\\\/\\\/marielleaupaysdesours.fr\\\/index.php\\\/product\\\/water-elf-peluche-elf-charlie-bears\\\/#primaryimage\"},\"thumbnailUrl\":\"https:\\\/\\\/marielleaupaysdesours.fr\\\/wp-content\\\/uploads\\\/2025\\\/06\\\/Water-Elf-CB255393_646x869-water-elf.webp\",\"datePublished\":\"2025-06-09T11:30:02+00:00\",\"dateModified\":\"2025-10-06T12:52:01+00:00\",\"description\":\"vous \u00eates a la recherche du plus mignon et craquant des elfs, voici water elf, venez le chercher sur marielleaupaysdesours.fr\",\"breadcrumb\":{\"@id\":\"https:\\\/\\\/marielleaupaysdesours.fr\\\/index.php\\\/product\\\/water-elf-peluche-elf-charlie-bears\\\/#breadcrumb\"},\"inLanguage\":\"fr-FR\",\"potentialAction\":[{\"@type\":\"ReadAction\",\"target\":[\"https:\\\/\\\/marielleaupaysdesours.fr\\\/index.php\\\/product\\\/water-elf-peluche-elf-charlie-bears\\\/\"]}]},{\"@type\":\"ImageObject\",\"inLanguage\":\"fr-FR\",\"@id\":\"https:\\\/\\\/marielleaupaysdesours.fr\\\/index.php\\\/product\\\/water-elf-peluche-elf-charlie-bears\\\/#primaryimage\",\"url\":\"https:\\\/\\\/marielleaupaysdesours.fr\\\/wp-content\\\/uploads\\\/2025\\\/06\\\/Water-Elf-CB255393_646x869-water-elf.webp\",\"contentUrl\":\"https:\\\/\\\/marielleaupaysdesours.fr\\\/wp-content\\\/uploads\\\/2025\\\/06\\\/Water-Elf-CB255393_646x869-water-elf.webp\",\"width\":646,\"height\":869},{\"@type\":\"BreadcrumbList\",\"@id\":\"https:\\\/\\\/marielleaupaysdesours.fr\\\/index.php\\\/product\\\/water-elf-peluche-elf-charlie-bears\\\/#breadcrumb\",\"itemListElement\":[{\"@type\":\"ListItem\",\"position\":1,\"name\":\"Accueil\",\"item\":\"https:\\\/\\\/marielleaupaysdesours.fr\\\/\"},{\"@type\":\"ListItem\",\"position\":2,\"name\":\"Shop\",\"item\":\"https:\\\/\\\/marielleaupaysdesours.fr\\\/index.php\\\/shop\\\/\"},{\"@type\":\"ListItem\",\"position\":3,\"name\":\"WATER ELF PELUCHE ELF CHARLIE BEARS\"}]},{\"@type\":\"WebSite\",\"@id\":\"https:\\\/\\\/marielleaupaysdesours.fr\\\/#website\",\"url\":\"https:\\\/\\\/marielleaupaysdesours.fr\\\/\",\"name\":\"Marielle au Pays des Ours | Vente en ligne de peluches\",\"description\":\"vente en ligne de peluches\",\"publisher\":{\"@id\":\"https:\\\/\\\/marielleaupaysdesours.fr\\\/#organization\"},\"potentialAction\":[{\"@type\":\"SearchAction\",\"target\":{\"@type\":\"EntryPoint\",\"urlTemplate\":\"https:\\\/\\\/marielleaupaysdesours.fr\\\/?s={search_term_string}\"},\"query-input\":{\"@type\":\"PropertyValueSpecification\",\"valueRequired\":true,\"valueName\":\"search_term_string\"}}],\"inLanguage\":\"fr-FR\"},{\"@type\":\"Organization\",\"@id\":\"https:\\\/\\\/marielleaupaysdesours.fr\\\/#organization\",\"name\":\"Marielle au Pays des Ours | Vente en ligne de peluches\",\"url\":\"https:\\\/\\\/marielleaupaysdesours.fr\\\/\",\"logo\":{\"@type\":\"ImageObject\",\"inLanguage\":\"fr-FR\",\"@id\":\"https:\\\/\\\/marielleaupaysdesours.fr\\\/#\\\/schema\\\/logo\\\/image\\\/\",\"url\":\"https:\\\/\\\/marielleaupaysdesours.fr\\\/wp-content\\\/uploads\\\/2020\\\/10\\\/logo-marielle-light.jpg\",\"contentUrl\":\"https:\\\/\\\/marielleaupaysdesours.fr\\\/wp-content\\\/uploads\\\/2020\\\/10\\\/logo-marielle-light.jpg\",\"width\":500,\"height\":500,\"caption\":\"Marielle au Pays des Ours | Vente en ligne de peluches\"},\"image\":{\"@id\":\"https:\\\/\\\/marielleaupaysdesours.fr\\\/#\\\/schema\\\/logo\\\/image\\\/\"}}]}<\/script>\n<!-- \/ Yoast SEO plugin. -->","yoast_head_json":{"title":"WATER ELF PELUCHE ELF CHARLIE BEARS - Marielle au Pays des Ours | Vente en ligne de peluches","description":"vous \u00eates a la recherche du plus mignon et craquant des elfs, voici water elf, venez le chercher sur marielleaupaysdesours.fr","robots":{"index":"index","follow":"follow","max-snippet":"max-snippet:-1","max-image-preview":"max-image-preview:large","max-video-preview":"max-video-preview:-1"},"canonical":"https:\/\/marielleaupaysdesours.fr\/index.php\/product\/water-elf-peluche-elf-charlie-bears\/","og_locale":"fr_FR","og_type":"article","og_title":"WATER ELF PELUCHE ELF CHARLIE BEARS - Marielle au Pays des Ours | Vente en ligne de peluches","og_description":"vous \u00eates a la recherche du plus mignon et craquant des elfs, voici water elf, venez le chercher sur marielleaupaysdesours.fr","og_url":"https:\/\/marielleaupaysdesours.fr\/index.php\/product\/water-elf-peluche-elf-charlie-bears\/","og_site_name":"Marielle au Pays des Ours | Vente en ligne de peluches","article_modified_time":"2025-10-06T12:52:01+00:00","og_image":[{"width":646,"height":869,"url":"https:\/\/marielleaupaysdesours.fr\/wp-content\/uploads\/2025\/06\/Water-Elf-CB255393_646x869-water-elf.webp","type":"image\/webp"}],"twitter_card":"summary_large_image","twitter_misc":{"Dur\u00e9e de lecture estim\u00e9e":"1 minute"},"schema":{"@context":"https:\/\/schema.org","@graph":[{"@type":"WebPage","@id":"https:\/\/marielleaupaysdesours.fr\/index.php\/product\/water-elf-peluche-elf-charlie-bears\/","url":"https:\/\/marielleaupaysdesours.fr\/index.php\/product\/water-elf-peluche-elf-charlie-bears\/","name":"WATER ELF PELUCHE ELF CHARLIE BEARS - Marielle au Pays des Ours | Vente en ligne de peluches","isPartOf":{"@id":"https:\/\/marielleaupaysdesours.fr\/#website"},"primaryImageOfPage":{"@id":"https:\/\/marielleaupaysdesours.fr\/index.php\/product\/water-elf-peluche-elf-charlie-bears\/#primaryimage"},"image":{"@id":"https:\/\/marielleaupaysdesours.fr\/index.php\/product\/water-elf-peluche-elf-charlie-bears\/#primaryimage"},"thumbnailUrl":"https:\/\/marielleaupaysdesours.fr\/wp-content\/uploads\/2025\/06\/Water-Elf-CB255393_646x869-water-elf.webp","datePublished":"2025-06-09T11:30:02+00:00","dateModified":"2025-10-06T12:52:01+00:00","description":"vous \u00eates a la recherche du plus mignon et craquant des elfs, voici water elf, venez le chercher sur marielleaupaysdesours.fr","breadcrumb":{"@id":"https:\/\/marielleaupaysdesours.fr\/index.php\/product\/water-elf-peluche-elf-charlie-bears\/#breadcrumb"},"inLanguage":"fr-FR","potentialAction":[{"@type":"ReadAction","target":["https:\/\/marielleaupaysdesours.fr\/index.php\/product\/water-elf-peluche-elf-charlie-bears\/"]}]},{"@type":"ImageObject","inLanguage":"fr-FR","@id":"https:\/\/marielleaupaysdesours.fr\/index.php\/product\/water-elf-peluche-elf-charlie-bears\/#primaryimage","url":"https:\/\/marielleaupaysdesours.fr\/wp-content\/uploads\/2025\/06\/Water-Elf-CB255393_646x869-water-elf.webp","contentUrl":"https:\/\/marielleaupaysdesours.fr\/wp-content\/uploads\/2025\/06\/Water-Elf-CB255393_646x869-water-elf.webp","width":646,"height":869},{"@type":"BreadcrumbList","@id":"https:\/\/marielleaupaysdesours.fr\/index.php\/product\/water-elf-peluche-elf-charlie-bears\/#breadcrumb","itemListElement":[{"@type":"ListItem","position":1,"name":"Accueil","item":"https:\/\/marielleaupaysdesours.fr\/"},{"@type":"ListItem","position":2,"name":"Shop","item":"https:\/\/marielleaupaysdesours.fr\/index.php\/shop\/"},{"@type":"ListItem","position":3,"name":"WATER ELF PELUCHE ELF CHARLIE BEARS"}]},{"@type":"WebSite","@id":"https:\/\/marielleaupaysdesours.fr\/#website","url":"https:\/\/marielleaupaysdesours.fr\/","name":"Marielle au Pays des Ours | Vente en ligne de peluches","description":"vente en ligne de peluches","publisher":{"@id":"https:\/\/marielleaupaysdesours.fr\/#organization"},"potentialAction":[{"@type":"SearchAction","target":{"@type":"EntryPoint","urlTemplate":"https:\/\/marielleaupaysdesours.fr\/?s={search_term_string}"},"query-input":{"@type":"PropertyValueSpecification","valueRequired":true,"valueName":"search_term_string"}}],"inLanguage":"fr-FR"},{"@type":"Organization","@id":"https:\/\/marielleaupaysdesours.fr\/#organization","name":"Marielle au Pays des Ours | Vente en ligne de peluches","url":"https:\/\/marielleaupaysdesours.fr\/","logo":{"@type":"ImageObject","inLanguage":"fr-FR","@id":"https:\/\/marielleaupaysdesours.fr\/#\/schema\/logo\/image\/","url":"https:\/\/marielleaupaysdesours.fr\/wp-content\/uploads\/2020\/10\/logo-marielle-light.jpg","contentUrl":"https:\/\/marielleaupaysdesours.fr\/wp-content\/uploads\/2020\/10\/logo-marielle-light.jpg","width":500,"height":500,"caption":"Marielle au Pays des Ours | Vente en ligne de peluches"},"image":{"@id":"https:\/\/marielleaupaysdesours.fr\/#\/schema\/logo\/image\/"}}]}},"jetpack_sharing_enabled":true,"_links":{"self":[{"href":"https:\/\/marielleaupaysdesours.fr\/index.php\/wp-json\/wp\/v2\/product\/6697","targetHints":{"allow":["GET"]}}],"collection":[{"href":"https:\/\/marielleaupaysdesours.fr\/index.php\/wp-json\/wp\/v2\/product"}],"about":[{"href":"https:\/\/marielleaupaysdesours.fr\/index.php\/wp-json\/wp\/v2\/types\/product"}],"replies":[{"embeddable":true,"href":"https:\/\/marielleaupaysdesours.fr\/index.php\/wp-json\/wp\/v2\/comments?post=6697"}],"version-history":[{"count":1,"href":"https:\/\/marielleaupaysdesours.fr\/index.php\/wp-json\/wp\/v2\/product\/6697\/revisions"}],"predecessor-version":[{"id":6699,"href":"https:\/\/marielleaupaysdesours.fr\/index.php\/wp-json\/wp\/v2\/product\/6697\/revisions\/6699"}],"wp:featuredmedia":[{"embeddable":true,"href":"https:\/\/marielleaupaysdesours.fr\/index.php\/wp-json\/wp\/v2\/media\/6698"}],"wp:attachment":[{"href":"https:\/\/marielleaupaysdesours.fr\/index.php\/wp-json\/wp\/v2\/media?parent=6697"}],"wp:term":[{"taxonomy":"product_brand","embeddable":true,"href":"https:\/\/marielleaupaysdesours.fr\/index.php\/wp-json\/wp\/v2\/product_brand?post=6697"},{"taxonomy":"product_cat","embeddable":true,"href":"https:\/\/marielleaupaysdesours.fr\/index.php\/wp-json\/wp\/v2\/product_cat?post=6697"},{"taxonomy":"product_tag","embeddable":true,"href":"https:\/\/marielleaupaysdesours.fr\/index.php\/wp-json\/wp\/v2\/product_tag?post=6697"}],"curies":[{"name":"wp","href":"https:\/\/api.w.org\/{rel}","templated":true}]}}