{"id":6572,"date":"2025-04-06T19:03:20","date_gmt":"2025-04-06T17:03:20","guid":{"rendered":"https:\/\/marielleaupaysdesours.fr\/?post_type=product&#038;p=6572"},"modified":"2025-10-17T15:06:39","modified_gmt":"2025-10-17T13:06:39","slug":"peluche-fennec-jinx-charlie-bears-collection-isabelle","status":"publish","type":"product","link":"https:\/\/marielleaupaysdesours.fr\/index.php\/product\/peluche-fennec-jinx-charlie-bears-collection-isabelle\/","title":{"rendered":"Peluche Fennec Jinx &#8211; CHARLIE BEARS &#8211; Collection Isabelle"},"content":{"rendered":"<p class=\"\" data-start=\"68\" data-end=\"528\">Jinx est un adorable<strong> fennec en peluche<\/strong> issu de la pr\u00e9cieuse <strong data-start=\"117\" data-end=\"140\">Collection Isabelle<\/strong> sign\u00e9e <a href=\"https:\/\/marielleaupaysdesours.fr\/index.php\/peluches-charlie-bears\/\"><strong>Charlie Bears<\/strong><\/a>. Ainsi con\u00e7u avec la finesse et l\u2019originalit\u00e9 caract\u00e9ristiques du travail d\u2019<strong data-start=\"232\" data-end=\"248\">Isabelle Lee. <\/strong>Ainsi<strong data-start=\"232\" data-end=\"248\">,<\/strong>\u00a0Jinx se distingue par son apparence chaleureuse et f\u00e9\u00e9rique. Enti\u00e8rement <strong data-start=\"323\" data-end=\"335\">articul\u00e9<\/strong>, il est r\u00e9alis\u00e9 dans un d\u00e9licat m\u00e9lange de <strong data-start=\"379\" data-end=\"401\">mohair et d\u2019alpaga<\/strong> aux tons cr\u00e8me et jaune p\u00e2le, qui met en valeur ses grandes oreilles typiques de son esp\u00e8ce et lui conf\u00e8re un charme imm\u00e9diat.<\/p>\n<p class=\"\" data-start=\"530\" data-end=\"955\">Aussi, autour de son cou, il porte un joli <strong data-start=\"566\" data-end=\"603\">pendentif dor\u00e9 en forme de soleil<\/strong>, orn\u00e9 de <strong data-start=\"613\" data-end=\"631\">pierres orange<\/strong> qui \u00e9voquent la chaleur du d\u00e9sert et renforcent son aura lumineuse. Chaque Jinx est cousu <strong data-start=\"722\" data-end=\"748\">\u00e0 la main avec minutie<\/strong>, garantissant une personnalit\u00e9 unique \u00e0 chaque exemplaire. Il s\u2019agit d\u2019une <strong data-start=\"824\" data-end=\"880\">\u00e9dition limit\u00e9e \u00e0 seulement 400 pi\u00e8ces dans le monde<\/strong>, accompagn\u00e9e de son certificat num\u00e9rot\u00e9 et de son sac de collection brod\u00e9.<\/p>\n<p class=\"\" data-start=\"957\" data-end=\"1274\">Ainsi, avec ses <strong data-start=\"966\" data-end=\"986\">31 cm de hauteur<\/strong>, Jinx est un fennec en peluche \u00e9l\u00e9gant, expressif et tendre, id\u00e9al pour enrichir une collection ou pour offrir un souvenir rare et \u00e9mouvant. Nettoyable en surface et r\u00e9serv\u00e9 aux collectionneurs d\u00e8s 14 ans, il incarne parfaitement l\u2019excellence artisanale des peluches de collection Charlie Bears.<\/p>\n<h3 class=\"\" data-start=\"1276\" data-end=\"1302\"><strong data-start=\"1280\" data-end=\"1302\">D\u00e9tails du produit<\/strong><\/h3>\n<ul data-start=\"1303\" data-end=\"1909\">\n<li class=\"\" data-start=\"1303\" data-end=\"1321\">\n<p class=\"\" data-start=\"1305\" data-end=\"1321\"><strong data-start=\"1305\" data-end=\"1312\">Nom<\/strong> : Jinx<\/p>\n<\/li>\n<li class=\"\" data-start=\"1322\" data-end=\"1362\">\n<p class=\"\" data-start=\"1324\" data-end=\"1362\"><strong data-start=\"1324\" data-end=\"1338\">Collection<\/strong> : Isabelle Collection<\/p>\n<\/li>\n<li class=\"\" data-start=\"1363\" data-end=\"1394\">\n<p class=\"\" data-start=\"1365\" data-end=\"1394\"><strong data-start=\"1365\" data-end=\"1377\">Cr\u00e9\u00e9 par<\/strong> : Isabelle Lee<\/p>\n<\/li>\n<li class=\"\" data-start=\"1395\" data-end=\"1429\">\n<p class=\"\" data-start=\"1397\" data-end=\"1429\"><strong data-start=\"1397\" data-end=\"1407\">Taille<\/strong> : 31 cm \/ 12 inches<\/p>\n<\/li>\n<li class=\"\" data-start=\"1430\" data-end=\"1487\">\n<p class=\"\" data-start=\"1432\" data-end=\"1487\"><strong data-start=\"1432\" data-end=\"1444\">Mati\u00e8res<\/strong> : Mohair et Alpaga (tons cr\u00e8me et jaune)<\/p>\n<\/li>\n<li class=\"\" data-start=\"1488\" data-end=\"1532\">\n<p class=\"\" data-start=\"1490\" data-end=\"1532\"><strong data-start=\"1490\" data-end=\"1502\">Articul\u00e9<\/strong> : Oui (5 points classiques)<\/p>\n<\/li>\n<li class=\"\" data-start=\"1533\" data-end=\"1613\">\n<p class=\"\" data-start=\"1535\" data-end=\"1613\"><strong data-start=\"1535\" data-end=\"1550\">Accessoires<\/strong> : Pendentif dor\u00e9 en forme de soleil avec pierres d\u00e9coratives<\/p>\n<\/li>\n<li class=\"\" data-start=\"1614\" data-end=\"1667\">\n<p class=\"\" data-start=\"1616\" data-end=\"1667\"><strong data-start=\"1616\" data-end=\"1628\">Finition<\/strong> : Fait main, chaque pi\u00e8ce est unique<\/p>\n<\/li>\n<li class=\"\" data-start=\"1668\" data-end=\"1732\">\n<p class=\"\" data-start=\"1670\" data-end=\"1732\"><strong data-start=\"1670\" data-end=\"1684\">Certificat<\/strong> : \u00c9dition limit\u00e9e num\u00e9rot\u00e9e \u00e0 400 exemplaires<\/p>\n<\/li>\n<li class=\"\" data-start=\"1733\" data-end=\"1793\">\n<p class=\"\" data-start=\"1735\" data-end=\"1793\"><strong data-start=\"1735\" data-end=\"1751\">Pr\u00e9sentation<\/strong> : Livr\u00e9 avec un sac brod\u00e9 de collection<\/p>\n<\/li>\n<li class=\"\" data-start=\"1794\" data-end=\"1845\">\n<p class=\"\" data-start=\"1796\" data-end=\"1845\"><strong data-start=\"1796\" data-end=\"1809\">Entretien<\/strong> : Nettoyage en surface uniquement<\/p>\n<\/li>\n<li class=\"\" data-start=\"1846\" data-end=\"1909\">\n<p class=\"\" data-start=\"1848\" data-end=\"1909\"><strong data-start=\"1848\" data-end=\"1866\">\u00c2ge recommand\u00e9<\/strong> : \u00c0 partir de 14 ans (objet de collection)<\/p>\n<\/li>\n<\/ul>\n<p class=\"\" data-start=\"1911\" data-end=\"2209\">P\u00e9tillant, doux et empreint de raffinement, <strong data-start=\"1955\" data-end=\"1963\">Jinx<\/strong> est un tr\u00e9sor miniature qui ravira les collectionneurs comme les amoureux de la faune. Une cr\u00e9ation exceptionnelle, pr\u00eate \u00e0 enchanter les vitrines les plus exigeantes.<\/p>\n","protected":false},"excerpt":{"rendered":"<p class=\"\" data-start=\"68\" data-end=\"528\">Jinx est un adorable fennec issu de la pr\u00e9cieuse <strong data-start=\"117\" data-end=\"140\">Collection Isabelle<\/strong> sign\u00e9e Charlie Bears. Con\u00e7u avec la finesse et l\u2019originalit\u00e9 caract\u00e9ristiques du travail d\u2019<strong data-start=\"232\" data-end=\"248\">Isabelle Lee<\/strong>, Jinx se distingue par son apparence chaleureuse et f\u00e9\u00e9rique. Enti\u00e8rement <strong data-start=\"323\" data-end=\"335\">articul\u00e9<\/strong>, il est r\u00e9alis\u00e9 dans un d\u00e9licat m\u00e9lange de <strong data-start=\"379\" data-end=\"401\">mohair et d\u2019alpaga<\/strong> aux tons cr\u00e8me et jaune p\u00e2le, qui met en valeur ses grandes oreilles typiques de son esp\u00e8ce et lui conf\u00e8re un charme imm\u00e9diat.<\/p>\n<p class=\"\" data-start=\"530\" data-end=\"955\">Autour de son cou, il porte un joli <strong data-start=\"566\" data-end=\"603\">pendentif dor\u00e9 en forme de soleil<\/strong>, orn\u00e9 de <strong data-start=\"613\" data-end=\"631\">pierres orange<\/strong> qui \u00e9voquent la chaleur du d\u00e9sert et renforcent son aura lumineuse. Chaque Jinx est cousu <strong data-start=\"722\" data-end=\"748\">\u00e0 la main avec minutie<\/strong>, garantissant une personnalit\u00e9 unique \u00e0 chaque exemplaire. Il s\u2019agit d\u2019une <strong data-start=\"824\" data-end=\"880\">\u00e9dition limit\u00e9e \u00e0 seulement 400 pi\u00e8ces dans le monde<\/strong>, accompagn\u00e9e de son certificat num\u00e9rot\u00e9 et de son sac de collection brod\u00e9.<\/p>\n<p class=\"\" data-start=\"957\" data-end=\"1274\">Avec ses <strong data-start=\"966\" data-end=\"986\">31 cm de hauteur<\/strong>, Jinx est une pi\u00e8ce \u00e9l\u00e9gante, expressive et tendre, id\u00e9ale pour enrichir une collection ou pour offrir un souvenir rare et \u00e9mouvant. Nettoyable en surface et r\u00e9serv\u00e9 aux collectionneurs d\u00e8s 14 ans, il incarne parfaitement l\u2019excellence artisanale des peluches de collection Charlie Bears.<\/p>\n","protected":false},"featured_media":6573,"comment_status":"closed","ping_status":"closed","template":"","meta":{"_monsterinsights_skip_tracking":false,"_monsterinsights_sitenote_active":false,"_monsterinsights_sitenote_note":"","_monsterinsights_sitenote_category":0,"site-sidebar-layout":"default","site-content-layout":"","ast-site-content-layout":"default","site-content-style":"default","site-sidebar-style":"default","ast-global-header-display":"","ast-banner-title-visibility":"","ast-main-header-display":"","ast-hfb-above-header-display":"","ast-hfb-below-header-display":"","ast-hfb-mobile-header-display":"","site-post-title":"","ast-breadcrumbs-content":"","ast-featured-img":"","footer-sml-layout":"","ast-disable-related-posts":"","theme-transparent-header-meta":"default","adv-header-id-meta":"","stick-header-meta":"","header-above-stick-meta":"","header-main-stick-meta":"","header-below-stick-meta":"","astra-migrate-meta-layouts":"set","ast-page-background-enabled":"default","ast-page-background-meta":{"desktop":{"background-color":"","background-image":"","background-repeat":"repeat","background-position":"center center","background-size":"auto","background-attachment":"scroll","background-type":"","background-media":"","overlay-type":"","overlay-color":"","overlay-opacity":"","overlay-gradient":""},"tablet":{"background-color":"","background-image":"","background-repeat":"repeat","background-position":"center center","background-size":"auto","background-attachment":"scroll","background-type":"","background-media":"","overlay-type":"","overlay-color":"","overlay-opacity":"","overlay-gradient":""},"mobile":{"background-color":"","background-image":"","background-repeat":"repeat","background-position":"center center","background-size":"auto","background-attachment":"scroll","background-type":"","background-media":"","overlay-type":"","overlay-color":"","overlay-opacity":"","overlay-gradient":""}},"ast-content-background-meta":{"desktop":{"background-color":"var(--ast-global-color-5)","background-image":"","background-repeat":"repeat","background-position":"center center","background-size":"auto","background-attachment":"scroll","background-type":"","background-media":"","overlay-type":"","overlay-color":"","overlay-opacity":"","overlay-gradient":""},"tablet":{"background-color":"var(--ast-global-color-5)","background-image":"","background-repeat":"repeat","background-position":"center center","background-size":"auto","background-attachment":"scroll","background-type":"","background-media":"","overlay-type":"","overlay-color":"","overlay-opacity":"","overlay-gradient":""},"mobile":{"background-color":"var(--ast-global-color-5)","background-image":"","background-repeat":"repeat","background-position":"center center","background-size":"auto","background-attachment":"scroll","background-type":"","background-media":"","overlay-type":"","overlay-color":"","overlay-opacity":"","overlay-gradient":""}}},"product_brand":[],"product_cat":[60,42,29,31],"product_tag":[],"class_list":{"0":"post-6572","1":"product","2":"type-product","3":"status-publish","4":"has-post-thumbnail","6":"product_cat-animaux-sauvages","7":"product_cat-charlie-bears-peluches-collection","8":"product_cat-collection","9":"product_cat-savane","10":"product_shipping_class-expedition-intermediaire","11":"desktop-align-center","12":"tablet-align-left","13":"mobile-align-left","15":"first","16":"instock","17":"shipping-taxable","18":"purchasable","19":"product-type-simple"},"yoast_head":"<!-- This site is optimized with the Yoast SEO plugin v27.4 - https:\/\/yoast.com\/product\/yoast-seo-wordpress\/ -->\n<title>Peluche Fennec Jinx - CHARLIE BEARS - Collection Isabelle<\/title>\n<meta name=\"description\" content=\"Voici Jinx un bien adorable Fennec en peluche, imagin\u00e9 par Isabelle Lee, pour Charlie Bears ! Venez le chercher sur marielleaupaysdesours.fr\" \/>\n<meta name=\"robots\" content=\"index, follow, max-snippet:-1, max-image-preview:large, max-video-preview:-1\" \/>\n<link rel=\"canonical\" href=\"https:\/\/marielleaupaysdesours.fr\/index.php\/product\/peluche-fennec-jinx-charlie-bears-collection-isabelle\/\" \/>\n<meta property=\"og:locale\" content=\"fr_FR\" \/>\n<meta property=\"og:type\" content=\"article\" \/>\n<meta property=\"og:title\" content=\"Peluche Fennec Jinx - CHARLIE BEARS - Collection Isabelle\" \/>\n<meta property=\"og:description\" content=\"Voici Jinx un bien adorable Fennec en peluche, imagin\u00e9 par Isabelle Lee, pour Charlie Bears ! Venez le chercher sur marielleaupaysdesours.fr\" \/>\n<meta property=\"og:url\" content=\"https:\/\/marielleaupaysdesours.fr\/index.php\/product\/peluche-fennec-jinx-charlie-bears-collection-isabelle\/\" \/>\n<meta property=\"og:site_name\" content=\"Marielle au Pays des Ours | Vente en ligne de peluches\" \/>\n<meta property=\"article:modified_time\" content=\"2025-10-17T13:06:39+00:00\" \/>\n<meta property=\"og:image\" content=\"https:\/\/marielleaupaysdesours.fr\/wp-content\/uploads\/2025\/04\/OIP-89jinx-le-fenec.jpg\" \/>\n\t<meta property=\"og:image:width\" content=\"474\" \/>\n\t<meta property=\"og:image:height\" content=\"637\" \/>\n\t<meta property=\"og:image:type\" content=\"image\/jpeg\" \/>\n<meta name=\"twitter:card\" content=\"summary_large_image\" \/>\n<meta name=\"twitter:label1\" content=\"Dur\u00e9e de lecture estim\u00e9e\" \/>\n\t<meta name=\"twitter:data1\" content=\"2 minutes\" \/>\n<script type=\"application\/ld+json\" class=\"yoast-schema-graph\">{\"@context\":\"https:\\\/\\\/schema.org\",\"@graph\":[{\"@type\":\"WebPage\",\"@id\":\"https:\\\/\\\/marielleaupaysdesours.fr\\\/index.php\\\/product\\\/peluche-fennec-jinx-charlie-bears-collection-isabelle\\\/\",\"url\":\"https:\\\/\\\/marielleaupaysdesours.fr\\\/index.php\\\/product\\\/peluche-fennec-jinx-charlie-bears-collection-isabelle\\\/\",\"name\":\"Peluche Fennec Jinx - CHARLIE BEARS - Collection Isabelle\",\"isPartOf\":{\"@id\":\"https:\\\/\\\/marielleaupaysdesours.fr\\\/#website\"},\"primaryImageOfPage\":{\"@id\":\"https:\\\/\\\/marielleaupaysdesours.fr\\\/index.php\\\/product\\\/peluche-fennec-jinx-charlie-bears-collection-isabelle\\\/#primaryimage\"},\"image\":{\"@id\":\"https:\\\/\\\/marielleaupaysdesours.fr\\\/index.php\\\/product\\\/peluche-fennec-jinx-charlie-bears-collection-isabelle\\\/#primaryimage\"},\"thumbnailUrl\":\"https:\\\/\\\/marielleaupaysdesours.fr\\\/wp-content\\\/uploads\\\/2025\\\/04\\\/OIP-89jinx-le-fenec.jpg\",\"datePublished\":\"2025-04-06T17:03:20+00:00\",\"dateModified\":\"2025-10-17T13:06:39+00:00\",\"description\":\"Voici Jinx un bien adorable Fennec en peluche, imagin\u00e9 par Isabelle Lee, pour Charlie Bears ! Venez le chercher sur marielleaupaysdesours.fr\",\"breadcrumb\":{\"@id\":\"https:\\\/\\\/marielleaupaysdesours.fr\\\/index.php\\\/product\\\/peluche-fennec-jinx-charlie-bears-collection-isabelle\\\/#breadcrumb\"},\"inLanguage\":\"fr-FR\",\"potentialAction\":[{\"@type\":\"ReadAction\",\"target\":[\"https:\\\/\\\/marielleaupaysdesours.fr\\\/index.php\\\/product\\\/peluche-fennec-jinx-charlie-bears-collection-isabelle\\\/\"]}]},{\"@type\":\"ImageObject\",\"inLanguage\":\"fr-FR\",\"@id\":\"https:\\\/\\\/marielleaupaysdesours.fr\\\/index.php\\\/product\\\/peluche-fennec-jinx-charlie-bears-collection-isabelle\\\/#primaryimage\",\"url\":\"https:\\\/\\\/marielleaupaysdesours.fr\\\/wp-content\\\/uploads\\\/2025\\\/04\\\/OIP-89jinx-le-fenec.jpg\",\"contentUrl\":\"https:\\\/\\\/marielleaupaysdesours.fr\\\/wp-content\\\/uploads\\\/2025\\\/04\\\/OIP-89jinx-le-fenec.jpg\",\"width\":474,\"height\":637,\"caption\":\"Peluche Fennec Jinx - CHARLIE BEARS - Collection Isabelle\"},{\"@type\":\"BreadcrumbList\",\"@id\":\"https:\\\/\\\/marielleaupaysdesours.fr\\\/index.php\\\/product\\\/peluche-fennec-jinx-charlie-bears-collection-isabelle\\\/#breadcrumb\",\"itemListElement\":[{\"@type\":\"ListItem\",\"position\":1,\"name\":\"Accueil\",\"item\":\"https:\\\/\\\/marielleaupaysdesours.fr\\\/\"},{\"@type\":\"ListItem\",\"position\":2,\"name\":\"Shop\",\"item\":\"https:\\\/\\\/marielleaupaysdesours.fr\\\/index.php\\\/shop\\\/\"},{\"@type\":\"ListItem\",\"position\":3,\"name\":\"Peluche Fennec Jinx &#8211; CHARLIE BEARS &#8211; Collection Isabelle\"}]},{\"@type\":\"WebSite\",\"@id\":\"https:\\\/\\\/marielleaupaysdesours.fr\\\/#website\",\"url\":\"https:\\\/\\\/marielleaupaysdesours.fr\\\/\",\"name\":\"Marielle au Pays des Ours | Vente en ligne de peluches\",\"description\":\"vente en ligne de peluches\",\"publisher\":{\"@id\":\"https:\\\/\\\/marielleaupaysdesours.fr\\\/#organization\"},\"potentialAction\":[{\"@type\":\"SearchAction\",\"target\":{\"@type\":\"EntryPoint\",\"urlTemplate\":\"https:\\\/\\\/marielleaupaysdesours.fr\\\/?s={search_term_string}\"},\"query-input\":{\"@type\":\"PropertyValueSpecification\",\"valueRequired\":true,\"valueName\":\"search_term_string\"}}],\"inLanguage\":\"fr-FR\"},{\"@type\":\"Organization\",\"@id\":\"https:\\\/\\\/marielleaupaysdesours.fr\\\/#organization\",\"name\":\"Marielle au Pays des Ours | Vente en ligne de peluches\",\"url\":\"https:\\\/\\\/marielleaupaysdesours.fr\\\/\",\"logo\":{\"@type\":\"ImageObject\",\"inLanguage\":\"fr-FR\",\"@id\":\"https:\\\/\\\/marielleaupaysdesours.fr\\\/#\\\/schema\\\/logo\\\/image\\\/\",\"url\":\"https:\\\/\\\/marielleaupaysdesours.fr\\\/wp-content\\\/uploads\\\/2020\\\/10\\\/logo-marielle-light.jpg\",\"contentUrl\":\"https:\\\/\\\/marielleaupaysdesours.fr\\\/wp-content\\\/uploads\\\/2020\\\/10\\\/logo-marielle-light.jpg\",\"width\":500,\"height\":500,\"caption\":\"Marielle au Pays des Ours | Vente en ligne de peluches\"},\"image\":{\"@id\":\"https:\\\/\\\/marielleaupaysdesours.fr\\\/#\\\/schema\\\/logo\\\/image\\\/\"}}]}<\/script>\n<!-- \/ Yoast SEO plugin. -->","yoast_head_json":{"title":"Peluche Fennec Jinx - CHARLIE BEARS - Collection Isabelle","description":"Voici Jinx un bien adorable Fennec en peluche, imagin\u00e9 par Isabelle Lee, pour Charlie Bears ! Venez le chercher sur marielleaupaysdesours.fr","robots":{"index":"index","follow":"follow","max-snippet":"max-snippet:-1","max-image-preview":"max-image-preview:large","max-video-preview":"max-video-preview:-1"},"canonical":"https:\/\/marielleaupaysdesours.fr\/index.php\/product\/peluche-fennec-jinx-charlie-bears-collection-isabelle\/","og_locale":"fr_FR","og_type":"article","og_title":"Peluche Fennec Jinx - CHARLIE BEARS - Collection Isabelle","og_description":"Voici Jinx un bien adorable Fennec en peluche, imagin\u00e9 par Isabelle Lee, pour Charlie Bears ! Venez le chercher sur marielleaupaysdesours.fr","og_url":"https:\/\/marielleaupaysdesours.fr\/index.php\/product\/peluche-fennec-jinx-charlie-bears-collection-isabelle\/","og_site_name":"Marielle au Pays des Ours | Vente en ligne de peluches","article_modified_time":"2025-10-17T13:06:39+00:00","og_image":[{"width":474,"height":637,"url":"https:\/\/marielleaupaysdesours.fr\/wp-content\/uploads\/2025\/04\/OIP-89jinx-le-fenec.jpg","type":"image\/jpeg"}],"twitter_card":"summary_large_image","twitter_misc":{"Dur\u00e9e de lecture estim\u00e9e":"2 minutes"},"schema":{"@context":"https:\/\/schema.org","@graph":[{"@type":"WebPage","@id":"https:\/\/marielleaupaysdesours.fr\/index.php\/product\/peluche-fennec-jinx-charlie-bears-collection-isabelle\/","url":"https:\/\/marielleaupaysdesours.fr\/index.php\/product\/peluche-fennec-jinx-charlie-bears-collection-isabelle\/","name":"Peluche Fennec Jinx - CHARLIE BEARS - Collection Isabelle","isPartOf":{"@id":"https:\/\/marielleaupaysdesours.fr\/#website"},"primaryImageOfPage":{"@id":"https:\/\/marielleaupaysdesours.fr\/index.php\/product\/peluche-fennec-jinx-charlie-bears-collection-isabelle\/#primaryimage"},"image":{"@id":"https:\/\/marielleaupaysdesours.fr\/index.php\/product\/peluche-fennec-jinx-charlie-bears-collection-isabelle\/#primaryimage"},"thumbnailUrl":"https:\/\/marielleaupaysdesours.fr\/wp-content\/uploads\/2025\/04\/OIP-89jinx-le-fenec.jpg","datePublished":"2025-04-06T17:03:20+00:00","dateModified":"2025-10-17T13:06:39+00:00","description":"Voici Jinx un bien adorable Fennec en peluche, imagin\u00e9 par Isabelle Lee, pour Charlie Bears ! Venez le chercher sur marielleaupaysdesours.fr","breadcrumb":{"@id":"https:\/\/marielleaupaysdesours.fr\/index.php\/product\/peluche-fennec-jinx-charlie-bears-collection-isabelle\/#breadcrumb"},"inLanguage":"fr-FR","potentialAction":[{"@type":"ReadAction","target":["https:\/\/marielleaupaysdesours.fr\/index.php\/product\/peluche-fennec-jinx-charlie-bears-collection-isabelle\/"]}]},{"@type":"ImageObject","inLanguage":"fr-FR","@id":"https:\/\/marielleaupaysdesours.fr\/index.php\/product\/peluche-fennec-jinx-charlie-bears-collection-isabelle\/#primaryimage","url":"https:\/\/marielleaupaysdesours.fr\/wp-content\/uploads\/2025\/04\/OIP-89jinx-le-fenec.jpg","contentUrl":"https:\/\/marielleaupaysdesours.fr\/wp-content\/uploads\/2025\/04\/OIP-89jinx-le-fenec.jpg","width":474,"height":637,"caption":"Peluche Fennec Jinx - CHARLIE BEARS - Collection Isabelle"},{"@type":"BreadcrumbList","@id":"https:\/\/marielleaupaysdesours.fr\/index.php\/product\/peluche-fennec-jinx-charlie-bears-collection-isabelle\/#breadcrumb","itemListElement":[{"@type":"ListItem","position":1,"name":"Accueil","item":"https:\/\/marielleaupaysdesours.fr\/"},{"@type":"ListItem","position":2,"name":"Shop","item":"https:\/\/marielleaupaysdesours.fr\/index.php\/shop\/"},{"@type":"ListItem","position":3,"name":"Peluche Fennec Jinx &#8211; CHARLIE BEARS &#8211; Collection Isabelle"}]},{"@type":"WebSite","@id":"https:\/\/marielleaupaysdesours.fr\/#website","url":"https:\/\/marielleaupaysdesours.fr\/","name":"Marielle au Pays des Ours | Vente en ligne de peluches","description":"vente en ligne de peluches","publisher":{"@id":"https:\/\/marielleaupaysdesours.fr\/#organization"},"potentialAction":[{"@type":"SearchAction","target":{"@type":"EntryPoint","urlTemplate":"https:\/\/marielleaupaysdesours.fr\/?s={search_term_string}"},"query-input":{"@type":"PropertyValueSpecification","valueRequired":true,"valueName":"search_term_string"}}],"inLanguage":"fr-FR"},{"@type":"Organization","@id":"https:\/\/marielleaupaysdesours.fr\/#organization","name":"Marielle au Pays des Ours | Vente en ligne de peluches","url":"https:\/\/marielleaupaysdesours.fr\/","logo":{"@type":"ImageObject","inLanguage":"fr-FR","@id":"https:\/\/marielleaupaysdesours.fr\/#\/schema\/logo\/image\/","url":"https:\/\/marielleaupaysdesours.fr\/wp-content\/uploads\/2020\/10\/logo-marielle-light.jpg","contentUrl":"https:\/\/marielleaupaysdesours.fr\/wp-content\/uploads\/2020\/10\/logo-marielle-light.jpg","width":500,"height":500,"caption":"Marielle au Pays des Ours | Vente en ligne de peluches"},"image":{"@id":"https:\/\/marielleaupaysdesours.fr\/#\/schema\/logo\/image\/"}}]}},"jetpack_sharing_enabled":true,"_links":{"self":[{"href":"https:\/\/marielleaupaysdesours.fr\/index.php\/wp-json\/wp\/v2\/product\/6572","targetHints":{"allow":["GET"]}}],"collection":[{"href":"https:\/\/marielleaupaysdesours.fr\/index.php\/wp-json\/wp\/v2\/product"}],"about":[{"href":"https:\/\/marielleaupaysdesours.fr\/index.php\/wp-json\/wp\/v2\/types\/product"}],"replies":[{"embeddable":true,"href":"https:\/\/marielleaupaysdesours.fr\/index.php\/wp-json\/wp\/v2\/comments?post=6572"}],"version-history":[{"count":6,"href":"https:\/\/marielleaupaysdesours.fr\/index.php\/wp-json\/wp\/v2\/product\/6572\/revisions"}],"predecessor-version":[{"id":6613,"href":"https:\/\/marielleaupaysdesours.fr\/index.php\/wp-json\/wp\/v2\/product\/6572\/revisions\/6613"}],"wp:featuredmedia":[{"embeddable":true,"href":"https:\/\/marielleaupaysdesours.fr\/index.php\/wp-json\/wp\/v2\/media\/6573"}],"wp:attachment":[{"href":"https:\/\/marielleaupaysdesours.fr\/index.php\/wp-json\/wp\/v2\/media?parent=6572"}],"wp:term":[{"taxonomy":"product_brand","embeddable":true,"href":"https:\/\/marielleaupaysdesours.fr\/index.php\/wp-json\/wp\/v2\/product_brand?post=6572"},{"taxonomy":"product_cat","embeddable":true,"href":"https:\/\/marielleaupaysdesours.fr\/index.php\/wp-json\/wp\/v2\/product_cat?post=6572"},{"taxonomy":"product_tag","embeddable":true,"href":"https:\/\/marielleaupaysdesours.fr\/index.php\/wp-json\/wp\/v2\/product_tag?post=6572"}],"curies":[{"name":"wp","href":"https:\/\/api.w.org\/{rel}","templated":true}]}}