{"id":6557,"date":"2025-04-06T18:00:02","date_gmt":"2025-04-06T16:00:02","guid":{"rendered":"https:\/\/marielleaupaysdesours.fr\/?post_type=product&#038;p=6557"},"modified":"2026-02-02T01:08:43","modified_gmt":"2026-02-02T00:08:43","slug":"ours-en-peluche-fuzzy-wuzz-charlie-bears-collection-our-journey-so-far-2025","status":"publish","type":"product","link":"https:\/\/marielleaupaysdesours.fr\/index.php\/product\/ours-en-peluche-fuzzy-wuzz-charlie-bears-collection-our-journey-so-far-2025\/","title":{"rendered":"Ours en Peluche FUZZY WUZZ &#8211; CHARLIE BEARS &#8211; Collection Ours Journey so Far 2025"},"content":{"rendered":"<p>L&rsquo;<strong>Ours en peluche Fuzzy Wuzz<\/strong> fait partie de la <strong>collection Our Journey so Far 2025<\/strong>.<\/p>\n<p class=\"\" data-start=\"87\" data-end=\"547\">Plongez dans un monde de tendresse color\u00e9e avec <strong data-start=\"135\" data-end=\"149\">Fuzzy Wuzz<\/strong>, l\u2019un des nouveaux joyaux de la collection anniversaire <strong data-start=\"206\" data-end=\"235\">\u00ab\u00a0Our Journey So Far 2025\u00a0\u00bb<\/strong> de <a href=\"https:\/\/marielleaupaysdesours.fr\/index.php\/peluches-charlie-bears\/\"><strong>Charlie Bears<\/strong><\/a>. Con\u00e7u par <strong data-start=\"264\" data-end=\"284\">Charlotte Morris<\/strong>, cet adorable ours en peluche se distingue imm\u00e9diatement par son <strong data-start=\"350\" data-end=\"369\">pelage bleu vif<\/strong>, aussi doux que spectaculaire. Sa fourrure longue et \u00e9bouriff\u00e9e lui conf\u00e8re un style espi\u00e8gle et un aspect <strong data-start=\"477\" data-end=\"498\">sauvagement c\u00e2lin<\/strong>, qui s\u00e9duira petits et grands au premier regard.<\/p>\n<p class=\"\" data-start=\"549\" data-end=\"973\">Derri\u00e8re son allure fantaisiste, Fuzzy Wuzz reste fid\u00e8le \u00e0 l\u2019\u00e9l\u00e9gance caract\u00e9ristique de la marque. Il est habill\u00e9 d\u2019un <strong data-start=\"669\" data-end=\"696\">n\u0153ud en organza raffin\u00e9<\/strong>, ajoutant une note subtile de gr\u00e2ce \u00e0 sa silhouette hirsute. Gr\u00e2ce \u00e0 ses <strong data-start=\"770\" data-end=\"800\">5 articulations classiques<\/strong>, il adopte des poses vari\u00e9es et s\u2019anime au gr\u00e9 de l\u2019imagination. C\u2019est le compagnon parfait pour les c\u00e2lins spontan\u00e9s, les histoires enchant\u00e9es et les moments de r\u00e9confort.<\/p>\n<h3 class=\"\" data-start=\"975\" data-end=\"1001\"><strong data-start=\"979\" data-end=\"1001\">D\u00e9tails du produit<\/strong><\/h3>\n<ul data-start=\"1002\" data-end=\"1425\">\n<li class=\"\" data-start=\"1002\" data-end=\"1026\">\n<p class=\"\" data-start=\"1004\" data-end=\"1026\"><strong data-start=\"1004\" data-end=\"1011\">Nom<\/strong> : Fuzzy Wuzz, Ours en peluche<\/p>\n<\/li>\n<li class=\"\" data-start=\"1027\" data-end=\"1057\">\n<p class=\"\" data-start=\"1029\" data-end=\"1057\"><strong data-start=\"1029\" data-end=\"1039\">Marque<\/strong> : Charlie Bears<\/p>\n<\/li>\n<li class=\"\" data-start=\"1058\" data-end=\"1106\">\n<p class=\"\" data-start=\"1060\" data-end=\"1106\"><strong data-start=\"1060\" data-end=\"1074\">Collection<\/strong> : <em data-start=\"1077\" data-end=\"1097\">Our Journey So Far<\/em> \u2013 2025<\/p>\n<\/li>\n<li class=\"\" data-start=\"1107\" data-end=\"1143\">\n<p class=\"\" data-start=\"1109\" data-end=\"1143\"><strong data-start=\"1109\" data-end=\"1122\">Cr\u00e9atrice<\/strong> : Charlotte Morris<\/p>\n<\/li>\n<li class=\"\" data-start=\"1144\" data-end=\"1178\">\n<p class=\"\" data-start=\"1146\" data-end=\"1178\"><strong data-start=\"1146\" data-end=\"1156\">Taille<\/strong> : 30 cm \/ 12 pouces<\/p>\n<\/li>\n<li class=\"\" data-start=\"1179\" data-end=\"1229\">\n<p class=\"\" data-start=\"1181\" data-end=\"1229\"><strong data-start=\"1181\" data-end=\"1198\">Articulations<\/strong> : 5 articulations classiques<\/p>\n<\/li>\n<li class=\"\" data-start=\"1230\" data-end=\"1286\">\n<p class=\"\" data-start=\"1232\" data-end=\"1286\"><strong data-start=\"1232\" data-end=\"1244\">Finition<\/strong> : Fait main, peluche longue et textur\u00e9e<\/p>\n<\/li>\n<li class=\"\" data-start=\"1287\" data-end=\"1329\">\n<p class=\"\" data-start=\"1289\" data-end=\"1329\"><strong data-start=\"1289\" data-end=\"1299\">D\u00e9tail<\/strong> : N\u0153ud d\u00e9coratif en organza<\/p>\n<\/li>\n<li class=\"\" data-start=\"1330\" data-end=\"1390\">\n<p class=\"\" data-start=\"1332\" data-end=\"1390\"><strong data-start=\"1332\" data-end=\"1345\">Entretien<\/strong> : Lavage en surface \u00e0 30\u00b0C (cycle d\u00e9licat)<\/p>\n<\/li>\n<li class=\"\" data-start=\"1391\" data-end=\"1425\">\n<p class=\"\" data-start=\"1393\" data-end=\"1425\"><strong data-start=\"1393\" data-end=\"1411\">\u00c2ge recommand\u00e9<\/strong> : D\u00e8s 3 ans<\/p>\n<\/li>\n<\/ul>\n<p class=\"\" data-start=\"1427\" data-end=\"1669\">Avec son style vibrant et sa douceur in\u00e9gal\u00e9e, Fuzzy Wuzz est un v\u00e9ritable rayon de bonheur \u00e0 offrir, collectionner ou adopter pour soi. Une cr\u00e9ation pleine de fantaisie et d\u2019affection, tout droit sortie de l\u2019univers magique de Charlie Bears.<\/p>\n","protected":false},"excerpt":{"rendered":"<p>L&rsquo;Ours Fuzzy Wuzz fait partie de la collection Our Journey so Far 2025.<\/p>\n<p class=\"\" data-start=\"87\" data-end=\"547\">Plongez dans un monde de tendresse color\u00e9e avec <strong data-start=\"135\" data-end=\"149\">Fuzzy Wuzz<\/strong>, l\u2019un des nouveaux joyaux de la collection anniversaire <strong data-start=\"206\" data-end=\"235\">\u00ab\u00a0Our Journey So Far 2025\u00a0\u00bb<\/strong> de Charlie Bears. Con\u00e7u par <strong data-start=\"264\" data-end=\"284\">Charlotte Morris<\/strong>, cet adorable ours en peluche se distingue imm\u00e9diatement par son <strong data-start=\"350\" data-end=\"369\">pelage bleu vif<\/strong>, aussi doux que spectaculaire. Sa fourrure longue et \u00e9bouriff\u00e9e lui conf\u00e8re un style espi\u00e8gle et un aspect <strong data-start=\"477\" data-end=\"498\">sauvagement c\u00e2lin<\/strong>, qui s\u00e9duira petits et grands au premier regard.<\/p>\n<p class=\"\" data-start=\"549\" data-end=\"973\">Derri\u00e8re son allure fantaisiste, Fuzzy Wuzz reste fid\u00e8le \u00e0 l\u2019\u00e9l\u00e9gance caract\u00e9ristique de la marque. Il est habill\u00e9 d\u2019un <strong data-start=\"669\" data-end=\"696\">n\u0153ud en organza raffin\u00e9<\/strong>, ajoutant une note subtile de gr\u00e2ce \u00e0 sa silhouette hirsute. Gr\u00e2ce \u00e0 ses <strong data-start=\"770\" data-end=\"800\">5 articulations classiques<\/strong>, il adopte des poses vari\u00e9es et s\u2019anime au gr\u00e9 de l\u2019imagination. C\u2019est le compagnon parfait pour les c\u00e2lins spontan\u00e9s, les histoires enchant\u00e9es et les moments de r\u00e9confort.<\/p>\n","protected":false},"featured_media":6558,"comment_status":"closed","ping_status":"closed","template":"","meta":{"_monsterinsights_skip_tracking":false,"_monsterinsights_sitenote_active":false,"_monsterinsights_sitenote_note":"","_monsterinsights_sitenote_category":0,"site-sidebar-layout":"default","site-content-layout":"","ast-site-content-layout":"default","site-content-style":"default","site-sidebar-style":"default","ast-global-header-display":"","ast-banner-title-visibility":"","ast-main-header-display":"","ast-hfb-above-header-display":"","ast-hfb-below-header-display":"","ast-hfb-mobile-header-display":"","site-post-title":"","ast-breadcrumbs-content":"","ast-featured-img":"","footer-sml-layout":"","ast-disable-related-posts":"","theme-transparent-header-meta":"default","adv-header-id-meta":"","stick-header-meta":"","header-above-stick-meta":"","header-main-stick-meta":"","header-below-stick-meta":"","astra-migrate-meta-layouts":"set","ast-page-background-enabled":"default","ast-page-background-meta":{"desktop":{"background-color":"","background-image":"","background-repeat":"repeat","background-position":"center center","background-size":"auto","background-attachment":"scroll","background-type":"","background-media":"","overlay-type":"","overlay-color":"","overlay-opacity":"","overlay-gradient":""},"tablet":{"background-color":"","background-image":"","background-repeat":"repeat","background-position":"center center","background-size":"auto","background-attachment":"scroll","background-type":"","background-media":"","overlay-type":"","overlay-color":"","overlay-opacity":"","overlay-gradient":""},"mobile":{"background-color":"","background-image":"","background-repeat":"repeat","background-position":"center center","background-size":"auto","background-attachment":"scroll","background-type":"","background-media":"","overlay-type":"","overlay-color":"","overlay-opacity":"","overlay-gradient":""}},"ast-content-background-meta":{"desktop":{"background-color":"var(--ast-global-color-5)","background-image":"","background-repeat":"repeat","background-position":"center center","background-size":"auto","background-attachment":"scroll","background-type":"","background-media":"","overlay-type":"","overlay-color":"","overlay-opacity":"","overlay-gradient":""},"tablet":{"background-color":"var(--ast-global-color-5)","background-image":"","background-repeat":"repeat","background-position":"center center","background-size":"auto","background-attachment":"scroll","background-type":"","background-media":"","overlay-type":"","overlay-color":"","overlay-opacity":"","overlay-gradient":""},"mobile":{"background-color":"var(--ast-global-color-5)","background-image":"","background-repeat":"repeat","background-position":"center center","background-size":"auto","background-attachment":"scroll","background-type":"","background-media":"","overlay-type":"","overlay-color":"","overlay-opacity":"","overlay-gradient":""}}},"product_brand":[],"product_cat":[42,30],"product_tag":[],"class_list":{"0":"post-6557","1":"product","2":"type-product","3":"status-publish","4":"has-post-thumbnail","6":"product_cat-charlie-bears-peluches-collection","7":"product_cat-ours","8":"product_shipping_class-expedition-intermediaire","9":"desktop-align-center","10":"tablet-align-left","11":"mobile-align-left","13":"first","14":"outofstock","15":"shipping-taxable","16":"purchasable","17":"product-type-simple"},"yoast_head":"<!-- This site is optimized with the Yoast SEO plugin v27.3 - https:\/\/yoast.com\/product\/yoast-seo-wordpress\/ -->\n<title>Ours en Peluche Fuzzy Wuzz - Charlie Bears - Collection 2025<\/title>\n<meta name=\"description\" content=\"Voici Fuzzy Wuzz un ours en peluche tr\u00e8s original, \u00e9bouriff\u00e9 et de couleur bleu \u00e9lectrique, par Charlie Bears, Collection 2025. \u00c0 adopter sur notre site !\" \/>\n<meta name=\"robots\" content=\"index, follow, max-snippet:-1, max-image-preview:large, max-video-preview:-1\" \/>\n<link rel=\"canonical\" href=\"https:\/\/marielleaupaysdesours.fr\/index.php\/product\/ours-en-peluche-fuzzy-wuzz-charlie-bears-collection-our-journey-so-far-2025\/\" \/>\n<meta property=\"og:locale\" content=\"fr_FR\" \/>\n<meta property=\"og:type\" content=\"article\" \/>\n<meta property=\"og:title\" content=\"Ours en Peluche Fuzzy Wuzz - Charlie Bears - Collection 2025\" \/>\n<meta property=\"og:description\" content=\"Voici Fuzzy Wuzz un ours en peluche tr\u00e8s original, \u00e9bouriff\u00e9 et de couleur bleu \u00e9lectrique, par Charlie Bears, Collection 2025. \u00c0 adopter sur notre site !\" \/>\n<meta property=\"og:url\" content=\"https:\/\/marielleaupaysdesours.fr\/index.php\/product\/ours-en-peluche-fuzzy-wuzz-charlie-bears-collection-our-journey-so-far-2025\/\" \/>\n<meta property=\"og:site_name\" content=\"Marielle au Pays des Ours | Vente en ligne de peluches\" \/>\n<meta property=\"article:modified_time\" content=\"2026-02-02T00:08:43+00:00\" \/>\n<meta property=\"og:image\" content=\"https:\/\/marielleaupaysdesours.fr\/wp-content\/uploads\/2025\/04\/OIP-89-CHARLIE-2025-FUZZY-WUZZ.jpg\" \/>\n\t<meta property=\"og:image:width\" content=\"276\" \/>\n\t<meta property=\"og:image:height\" content=\"276\" \/>\n\t<meta property=\"og:image:type\" content=\"image\/jpeg\" \/>\n<meta name=\"twitter:card\" content=\"summary_large_image\" \/>\n<meta name=\"twitter:label1\" content=\"Dur\u00e9e de lecture estim\u00e9e\" \/>\n\t<meta name=\"twitter:data1\" content=\"2 minutes\" \/>\n<script type=\"application\/ld+json\" class=\"yoast-schema-graph\">{\"@context\":\"https:\\\/\\\/schema.org\",\"@graph\":[{\"@type\":\"WebPage\",\"@id\":\"https:\\\/\\\/marielleaupaysdesours.fr\\\/index.php\\\/product\\\/ours-en-peluche-fuzzy-wuzz-charlie-bears-collection-our-journey-so-far-2025\\\/\",\"url\":\"https:\\\/\\\/marielleaupaysdesours.fr\\\/index.php\\\/product\\\/ours-en-peluche-fuzzy-wuzz-charlie-bears-collection-our-journey-so-far-2025\\\/\",\"name\":\"Ours en Peluche Fuzzy Wuzz - Charlie Bears - Collection 2025\",\"isPartOf\":{\"@id\":\"https:\\\/\\\/marielleaupaysdesours.fr\\\/#website\"},\"primaryImageOfPage\":{\"@id\":\"https:\\\/\\\/marielleaupaysdesours.fr\\\/index.php\\\/product\\\/ours-en-peluche-fuzzy-wuzz-charlie-bears-collection-our-journey-so-far-2025\\\/#primaryimage\"},\"image\":{\"@id\":\"https:\\\/\\\/marielleaupaysdesours.fr\\\/index.php\\\/product\\\/ours-en-peluche-fuzzy-wuzz-charlie-bears-collection-our-journey-so-far-2025\\\/#primaryimage\"},\"thumbnailUrl\":\"https:\\\/\\\/marielleaupaysdesours.fr\\\/wp-content\\\/uploads\\\/2025\\\/04\\\/OIP-89-CHARLIE-2025-FUZZY-WUZZ.jpg\",\"datePublished\":\"2025-04-06T16:00:02+00:00\",\"dateModified\":\"2026-02-02T00:08:43+00:00\",\"description\":\"Voici Fuzzy Wuzz un ours en peluche tr\u00e8s original, \u00e9bouriff\u00e9 et de couleur bleu \u00e9lectrique, par Charlie Bears, Collection 2025. \u00c0 adopter sur notre site !\",\"breadcrumb\":{\"@id\":\"https:\\\/\\\/marielleaupaysdesours.fr\\\/index.php\\\/product\\\/ours-en-peluche-fuzzy-wuzz-charlie-bears-collection-our-journey-so-far-2025\\\/#breadcrumb\"},\"inLanguage\":\"fr-FR\",\"potentialAction\":[{\"@type\":\"ReadAction\",\"target\":[\"https:\\\/\\\/marielleaupaysdesours.fr\\\/index.php\\\/product\\\/ours-en-peluche-fuzzy-wuzz-charlie-bears-collection-our-journey-so-far-2025\\\/\"]}]},{\"@type\":\"ImageObject\",\"inLanguage\":\"fr-FR\",\"@id\":\"https:\\\/\\\/marielleaupaysdesours.fr\\\/index.php\\\/product\\\/ours-en-peluche-fuzzy-wuzz-charlie-bears-collection-our-journey-so-far-2025\\\/#primaryimage\",\"url\":\"https:\\\/\\\/marielleaupaysdesours.fr\\\/wp-content\\\/uploads\\\/2025\\\/04\\\/OIP-89-CHARLIE-2025-FUZZY-WUZZ.jpg\",\"contentUrl\":\"https:\\\/\\\/marielleaupaysdesours.fr\\\/wp-content\\\/uploads\\\/2025\\\/04\\\/OIP-89-CHARLIE-2025-FUZZY-WUZZ.jpg\",\"width\":276,\"height\":276,\"caption\":\"Ours en Peluche FUZZY WUZZ - CHARLIE BEARS - Collection Our Journey so Far 2025\"},{\"@type\":\"BreadcrumbList\",\"@id\":\"https:\\\/\\\/marielleaupaysdesours.fr\\\/index.php\\\/product\\\/ours-en-peluche-fuzzy-wuzz-charlie-bears-collection-our-journey-so-far-2025\\\/#breadcrumb\",\"itemListElement\":[{\"@type\":\"ListItem\",\"position\":1,\"name\":\"Accueil\",\"item\":\"https:\\\/\\\/marielleaupaysdesours.fr\\\/\"},{\"@type\":\"ListItem\",\"position\":2,\"name\":\"Shop\",\"item\":\"https:\\\/\\\/marielleaupaysdesours.fr\\\/index.php\\\/shop\\\/\"},{\"@type\":\"ListItem\",\"position\":3,\"name\":\"Ours en Peluche FUZZY WUZZ &#8211; CHARLIE BEARS &#8211; Collection Ours Journey so Far 2025\"}]},{\"@type\":\"WebSite\",\"@id\":\"https:\\\/\\\/marielleaupaysdesours.fr\\\/#website\",\"url\":\"https:\\\/\\\/marielleaupaysdesours.fr\\\/\",\"name\":\"Marielle au Pays des Ours | Vente en ligne de peluches\",\"description\":\"vente en ligne de peluches\",\"publisher\":{\"@id\":\"https:\\\/\\\/marielleaupaysdesours.fr\\\/#organization\"},\"potentialAction\":[{\"@type\":\"SearchAction\",\"target\":{\"@type\":\"EntryPoint\",\"urlTemplate\":\"https:\\\/\\\/marielleaupaysdesours.fr\\\/?s={search_term_string}\"},\"query-input\":{\"@type\":\"PropertyValueSpecification\",\"valueRequired\":true,\"valueName\":\"search_term_string\"}}],\"inLanguage\":\"fr-FR\"},{\"@type\":\"Organization\",\"@id\":\"https:\\\/\\\/marielleaupaysdesours.fr\\\/#organization\",\"name\":\"Marielle au Pays des Ours | Vente en ligne de peluches\",\"url\":\"https:\\\/\\\/marielleaupaysdesours.fr\\\/\",\"logo\":{\"@type\":\"ImageObject\",\"inLanguage\":\"fr-FR\",\"@id\":\"https:\\\/\\\/marielleaupaysdesours.fr\\\/#\\\/schema\\\/logo\\\/image\\\/\",\"url\":\"https:\\\/\\\/marielleaupaysdesours.fr\\\/wp-content\\\/uploads\\\/2020\\\/10\\\/logo-marielle-light.jpg\",\"contentUrl\":\"https:\\\/\\\/marielleaupaysdesours.fr\\\/wp-content\\\/uploads\\\/2020\\\/10\\\/logo-marielle-light.jpg\",\"width\":500,\"height\":500,\"caption\":\"Marielle au Pays des Ours | Vente en ligne de peluches\"},\"image\":{\"@id\":\"https:\\\/\\\/marielleaupaysdesours.fr\\\/#\\\/schema\\\/logo\\\/image\\\/\"}}]}<\/script>\n<!-- \/ Yoast SEO plugin. -->","yoast_head_json":{"title":"Ours en Peluche Fuzzy Wuzz - Charlie Bears - Collection 2025","description":"Voici Fuzzy Wuzz un ours en peluche tr\u00e8s original, \u00e9bouriff\u00e9 et de couleur bleu \u00e9lectrique, par Charlie Bears, Collection 2025. \u00c0 adopter sur notre site !","robots":{"index":"index","follow":"follow","max-snippet":"max-snippet:-1","max-image-preview":"max-image-preview:large","max-video-preview":"max-video-preview:-1"},"canonical":"https:\/\/marielleaupaysdesours.fr\/index.php\/product\/ours-en-peluche-fuzzy-wuzz-charlie-bears-collection-our-journey-so-far-2025\/","og_locale":"fr_FR","og_type":"article","og_title":"Ours en Peluche Fuzzy Wuzz - Charlie Bears - Collection 2025","og_description":"Voici Fuzzy Wuzz un ours en peluche tr\u00e8s original, \u00e9bouriff\u00e9 et de couleur bleu \u00e9lectrique, par Charlie Bears, Collection 2025. \u00c0 adopter sur notre site !","og_url":"https:\/\/marielleaupaysdesours.fr\/index.php\/product\/ours-en-peluche-fuzzy-wuzz-charlie-bears-collection-our-journey-so-far-2025\/","og_site_name":"Marielle au Pays des Ours | Vente en ligne de peluches","article_modified_time":"2026-02-02T00:08:43+00:00","og_image":[{"width":276,"height":276,"url":"https:\/\/marielleaupaysdesours.fr\/wp-content\/uploads\/2025\/04\/OIP-89-CHARLIE-2025-FUZZY-WUZZ.jpg","type":"image\/jpeg"}],"twitter_card":"summary_large_image","twitter_misc":{"Dur\u00e9e de lecture estim\u00e9e":"2 minutes"},"schema":{"@context":"https:\/\/schema.org","@graph":[{"@type":"WebPage","@id":"https:\/\/marielleaupaysdesours.fr\/index.php\/product\/ours-en-peluche-fuzzy-wuzz-charlie-bears-collection-our-journey-so-far-2025\/","url":"https:\/\/marielleaupaysdesours.fr\/index.php\/product\/ours-en-peluche-fuzzy-wuzz-charlie-bears-collection-our-journey-so-far-2025\/","name":"Ours en Peluche Fuzzy Wuzz - Charlie Bears - Collection 2025","isPartOf":{"@id":"https:\/\/marielleaupaysdesours.fr\/#website"},"primaryImageOfPage":{"@id":"https:\/\/marielleaupaysdesours.fr\/index.php\/product\/ours-en-peluche-fuzzy-wuzz-charlie-bears-collection-our-journey-so-far-2025\/#primaryimage"},"image":{"@id":"https:\/\/marielleaupaysdesours.fr\/index.php\/product\/ours-en-peluche-fuzzy-wuzz-charlie-bears-collection-our-journey-so-far-2025\/#primaryimage"},"thumbnailUrl":"https:\/\/marielleaupaysdesours.fr\/wp-content\/uploads\/2025\/04\/OIP-89-CHARLIE-2025-FUZZY-WUZZ.jpg","datePublished":"2025-04-06T16:00:02+00:00","dateModified":"2026-02-02T00:08:43+00:00","description":"Voici Fuzzy Wuzz un ours en peluche tr\u00e8s original, \u00e9bouriff\u00e9 et de couleur bleu \u00e9lectrique, par Charlie Bears, Collection 2025. \u00c0 adopter sur notre site !","breadcrumb":{"@id":"https:\/\/marielleaupaysdesours.fr\/index.php\/product\/ours-en-peluche-fuzzy-wuzz-charlie-bears-collection-our-journey-so-far-2025\/#breadcrumb"},"inLanguage":"fr-FR","potentialAction":[{"@type":"ReadAction","target":["https:\/\/marielleaupaysdesours.fr\/index.php\/product\/ours-en-peluche-fuzzy-wuzz-charlie-bears-collection-our-journey-so-far-2025\/"]}]},{"@type":"ImageObject","inLanguage":"fr-FR","@id":"https:\/\/marielleaupaysdesours.fr\/index.php\/product\/ours-en-peluche-fuzzy-wuzz-charlie-bears-collection-our-journey-so-far-2025\/#primaryimage","url":"https:\/\/marielleaupaysdesours.fr\/wp-content\/uploads\/2025\/04\/OIP-89-CHARLIE-2025-FUZZY-WUZZ.jpg","contentUrl":"https:\/\/marielleaupaysdesours.fr\/wp-content\/uploads\/2025\/04\/OIP-89-CHARLIE-2025-FUZZY-WUZZ.jpg","width":276,"height":276,"caption":"Ours en Peluche FUZZY WUZZ - CHARLIE BEARS - Collection Our Journey so Far 2025"},{"@type":"BreadcrumbList","@id":"https:\/\/marielleaupaysdesours.fr\/index.php\/product\/ours-en-peluche-fuzzy-wuzz-charlie-bears-collection-our-journey-so-far-2025\/#breadcrumb","itemListElement":[{"@type":"ListItem","position":1,"name":"Accueil","item":"https:\/\/marielleaupaysdesours.fr\/"},{"@type":"ListItem","position":2,"name":"Shop","item":"https:\/\/marielleaupaysdesours.fr\/index.php\/shop\/"},{"@type":"ListItem","position":3,"name":"Ours en Peluche FUZZY WUZZ &#8211; CHARLIE BEARS &#8211; Collection Ours Journey so Far 2025"}]},{"@type":"WebSite","@id":"https:\/\/marielleaupaysdesours.fr\/#website","url":"https:\/\/marielleaupaysdesours.fr\/","name":"Marielle au Pays des Ours | Vente en ligne de peluches","description":"vente en ligne de peluches","publisher":{"@id":"https:\/\/marielleaupaysdesours.fr\/#organization"},"potentialAction":[{"@type":"SearchAction","target":{"@type":"EntryPoint","urlTemplate":"https:\/\/marielleaupaysdesours.fr\/?s={search_term_string}"},"query-input":{"@type":"PropertyValueSpecification","valueRequired":true,"valueName":"search_term_string"}}],"inLanguage":"fr-FR"},{"@type":"Organization","@id":"https:\/\/marielleaupaysdesours.fr\/#organization","name":"Marielle au Pays des Ours | Vente en ligne de peluches","url":"https:\/\/marielleaupaysdesours.fr\/","logo":{"@type":"ImageObject","inLanguage":"fr-FR","@id":"https:\/\/marielleaupaysdesours.fr\/#\/schema\/logo\/image\/","url":"https:\/\/marielleaupaysdesours.fr\/wp-content\/uploads\/2020\/10\/logo-marielle-light.jpg","contentUrl":"https:\/\/marielleaupaysdesours.fr\/wp-content\/uploads\/2020\/10\/logo-marielle-light.jpg","width":500,"height":500,"caption":"Marielle au Pays des Ours | Vente en ligne de peluches"},"image":{"@id":"https:\/\/marielleaupaysdesours.fr\/#\/schema\/logo\/image\/"}}]}},"jetpack_sharing_enabled":true,"_links":{"self":[{"href":"https:\/\/marielleaupaysdesours.fr\/index.php\/wp-json\/wp\/v2\/product\/6557","targetHints":{"allow":["GET"]}}],"collection":[{"href":"https:\/\/marielleaupaysdesours.fr\/index.php\/wp-json\/wp\/v2\/product"}],"about":[{"href":"https:\/\/marielleaupaysdesours.fr\/index.php\/wp-json\/wp\/v2\/types\/product"}],"replies":[{"embeddable":true,"href":"https:\/\/marielleaupaysdesours.fr\/index.php\/wp-json\/wp\/v2\/comments?post=6557"}],"version-history":[{"count":4,"href":"https:\/\/marielleaupaysdesours.fr\/index.php\/wp-json\/wp\/v2\/product\/6557\/revisions"}],"predecessor-version":[{"id":6752,"href":"https:\/\/marielleaupaysdesours.fr\/index.php\/wp-json\/wp\/v2\/product\/6557\/revisions\/6752"}],"wp:featuredmedia":[{"embeddable":true,"href":"https:\/\/marielleaupaysdesours.fr\/index.php\/wp-json\/wp\/v2\/media\/6558"}],"wp:attachment":[{"href":"https:\/\/marielleaupaysdesours.fr\/index.php\/wp-json\/wp\/v2\/media?parent=6557"}],"wp:term":[{"taxonomy":"product_brand","embeddable":true,"href":"https:\/\/marielleaupaysdesours.fr\/index.php\/wp-json\/wp\/v2\/product_brand?post=6557"},{"taxonomy":"product_cat","embeddable":true,"href":"https:\/\/marielleaupaysdesours.fr\/index.php\/wp-json\/wp\/v2\/product_cat?post=6557"},{"taxonomy":"product_tag","embeddable":true,"href":"https:\/\/marielleaupaysdesours.fr\/index.php\/wp-json\/wp\/v2\/product_tag?post=6557"}],"curies":[{"name":"wp","href":"https:\/\/api.w.org\/{rel}","templated":true}]}}