{"id":6458,"date":"2025-02-16T15:37:14","date_gmt":"2025-02-16T14:37:14","guid":{"rendered":"https:\/\/marielleaupaysdesours.fr\/?post_type=product&#038;p=6458"},"modified":"2025-12-05T20:48:59","modified_gmt":"2025-12-05T19:48:59","slug":"ours-en-peluche-cribbage-plumo-charlie-bears-labyrinth-2024","status":"publish","type":"product","link":"https:\/\/marielleaupaysdesours.fr\/index.php\/product\/ours-en-peluche-cribbage-plumo-charlie-bears-labyrinth-2024\/","title":{"rendered":"Ours en Peluche Plumo Cribbage &#8211; Charlie Bears &#8211; Collection The Labyrinth 2024"},"content":{"rendered":"<p data-start=\"86\" data-end=\"683\">D\u00e9couvrez l\u2019Ours en peluche Plumo <strong>Cribbage<\/strong>, une cr\u00e9ation fascinante de la collection \u00ab\u00a0<strong>The Labyrinth 2024<\/strong>\u00a0\u00bb de <a href=\"https:\/\/marielleaupaysdesours.fr\/index.php\/peluches-charlie-bears\/\"><strong>Charlie Bears<\/strong><\/a>. Confectionn\u00e9 \u00e0 partir d&rsquo;une luxueuse peluche ultra douce aux nuances de gris et de noir, Cribbage est un ourson au charme ind\u00e9niable. Les Ours Plumo sont r\u00e9put\u00e9s pour leurs touches subtiles de Mohair et Alpaga, qui ajoutent une dimension suppl\u00e9mentaire \u00e0 leur apparence. Ce splendide ours arbore des yeux brillants soulign\u00e9s de blanc et un joli nez bordeaux cousu \u00e0 la main. Le raffinement de ses coussinets et de ses orteils fait de Cribbage une pi\u00e8ce de collection incontournable.<\/p>\n<p data-start=\"685\" data-end=\"711\"><strong data-start=\"685\" data-end=\"707\">D\u00e9tails du produit<\/strong> :<\/p>\n<ul data-start=\"712\" data-end=\"1110\">\n<li data-start=\"712\" data-end=\"740\"><strong data-start=\"714\" data-end=\"721\">Nom<\/strong> : Plumo Cribbage<\/li>\n<li data-start=\"741\" data-end=\"780\"><strong data-start=\"743\" data-end=\"757\">Collection<\/strong> : The Labyrinth 2024<\/li>\n<li data-start=\"781\" data-end=\"821\"><strong data-start=\"783\" data-end=\"797\">Dimensions<\/strong> : 34 cm (13,5 pouces)<\/li>\n<li data-start=\"822\" data-end=\"965\"><strong data-start=\"824\" data-end=\"844\">Caract\u00e9ristiques<\/strong> : Fourrure ultra douce, yeux brillants soulign\u00e9s de blanc, nez bordeaux cousu \u00e0 la main, coussinets et orteils soign\u00e9s<\/li>\n<li data-start=\"966\" data-end=\"1001\"><strong data-start=\"968\" data-end=\"984\">Articulation<\/strong> : Non articul\u00e9<\/li>\n<li data-start=\"1002\" data-end=\"1058\"><strong data-start=\"1004\" data-end=\"1023\">Edition limit\u00e9e<\/strong> : 1000 exemplaires dans le monde<\/li>\n<li data-start=\"1059\" data-end=\"1110\"><strong data-start=\"1061\" data-end=\"1074\">Entretien<\/strong> : Lavable d\u00e9licatement en surface<\/li>\n<\/ul>\n<p data-start=\"1112\" data-end=\"1145\"><strong data-start=\"1112\" data-end=\"1143\">Pourquoi choisir Cribbage ?<\/strong><\/p>\n<p data-start=\"1147\" data-end=\"1609\" data-is-last-node=\"\" data-is-only-node=\"\">L\u2019Ours en peluche Plumo Cribbage est un ajout pr\u00e9cieux pour toute collection. Sa douceur exceptionnelle, ses d\u00e9tails soign\u00e9s et sa touche de Mohair et Alpaga en font un compagnon tout \u00e0 fait unique. Offrez-lui une place dans votre maison ou offrez-le \u00e0 un collectionneur passionn\u00e9. Avec Marielle au Pays des Ours, vous b\u00e9n\u00e9ficierez d&rsquo;un service client r\u00e9actif, pr\u00eat \u00e0 r\u00e9pondre \u00e0 toutes vos questions. Ne manquez pas l\u2019opportunit\u00e9 de poss\u00e9der ce magnifique ours en peluche !<\/p>\n","protected":false},"excerpt":{"rendered":"<p>D\u00e9couvrez l\u2019Ours Plumo Cribbage, une cr\u00e9ation fascinante de la collection \u00ab\u00a0The Labyrinth 2024\u00a0\u00bb de Charlie Bears. Confectionn\u00e9 \u00e0 partir d&rsquo;une luxueuse peluche ultra douce aux nuances de gris et de noir, Cribbage est un ourson au charme ind\u00e9niable. Les Ours Plumo sont r\u00e9put\u00e9s pour leurs touches subtiles de Mohair et Alpaga, qui ajoutent une dimension suppl\u00e9mentaire \u00e0 leur apparence. Ce splendide ours arbore des yeux brillants soulign\u00e9s de blanc et un joli nez bordeaux cousu \u00e0 la main. Le raffinement de ses coussinets et de ses orteils fait de Cribbage une pi\u00e8ce de collection incontournable.<\/p>\n","protected":false},"featured_media":6459,"comment_status":"closed","ping_status":"closed","template":"","meta":{"_monsterinsights_skip_tracking":false,"_monsterinsights_sitenote_active":false,"_monsterinsights_sitenote_note":"","_monsterinsights_sitenote_category":0,"site-sidebar-layout":"default","site-content-layout":"","ast-site-content-layout":"default","site-content-style":"default","site-sidebar-style":"default","ast-global-header-display":"","ast-banner-title-visibility":"","ast-main-header-display":"","ast-hfb-above-header-display":"","ast-hfb-below-header-display":"","ast-hfb-mobile-header-display":"","site-post-title":"","ast-breadcrumbs-content":"","ast-featured-img":"","footer-sml-layout":"","ast-disable-related-posts":"","theme-transparent-header-meta":"default","adv-header-id-meta":"","stick-header-meta":"","header-above-stick-meta":"","header-main-stick-meta":"","header-below-stick-meta":"","astra-migrate-meta-layouts":"set","ast-page-background-enabled":"default","ast-page-background-meta":{"desktop":{"background-color":"","background-image":"","background-repeat":"repeat","background-position":"center center","background-size":"auto","background-attachment":"scroll","background-type":"","background-media":"","overlay-type":"","overlay-color":"","overlay-opacity":"","overlay-gradient":""},"tablet":{"background-color":"","background-image":"","background-repeat":"repeat","background-position":"center center","background-size":"auto","background-attachment":"scroll","background-type":"","background-media":"","overlay-type":"","overlay-color":"","overlay-opacity":"","overlay-gradient":""},"mobile":{"background-color":"","background-image":"","background-repeat":"repeat","background-position":"center center","background-size":"auto","background-attachment":"scroll","background-type":"","background-media":"","overlay-type":"","overlay-color":"","overlay-opacity":"","overlay-gradient":""}},"ast-content-background-meta":{"desktop":{"background-color":"var(--ast-global-color-5)","background-image":"","background-repeat":"repeat","background-position":"center center","background-size":"auto","background-attachment":"scroll","background-type":"","background-media":"","overlay-type":"","overlay-color":"","overlay-opacity":"","overlay-gradient":""},"tablet":{"background-color":"var(--ast-global-color-5)","background-image":"","background-repeat":"repeat","background-position":"center center","background-size":"auto","background-attachment":"scroll","background-type":"","background-media":"","overlay-type":"","overlay-color":"","overlay-opacity":"","overlay-gradient":""},"mobile":{"background-color":"var(--ast-global-color-5)","background-image":"","background-repeat":"repeat","background-position":"center center","background-size":"auto","background-attachment":"scroll","background-type":"","background-media":"","overlay-type":"","overlay-color":"","overlay-opacity":"","overlay-gradient":""}}},"product_brand":[],"product_cat":[42,30,29],"product_tag":[],"class_list":{"0":"post-6458","1":"product","2":"type-product","3":"status-publish","4":"has-post-thumbnail","6":"product_cat-charlie-bears-peluches-collection","7":"product_cat-ours","8":"product_cat-collection","9":"product_shipping_class-peluches-grande-taille","10":"desktop-align-center","11":"tablet-align-left","12":"mobile-align-left","14":"first","15":"instock","16":"shipping-taxable","17":"purchasable","18":"product-type-simple"},"yoast_head":"<!-- This site is optimized with the Yoast SEO plugin v27.6 - https:\/\/yoast.com\/product\/yoast-seo-wordpress\/ -->\n<title>Ours en Peluche Plumo Cribbage - Charlie Bears - Labyrinth 2024<\/title>\n<meta name=\"description\" content=\"D\u00e9couvrez l\u2019Ours en peluche Plumo Cribbage, une cr\u00e9ation fascinante de la collection &quot;The Labyrinth 2024&quot; de Charlie Bears, \u00e0 adopter sur notre site !\" \/>\n<meta name=\"robots\" content=\"index, follow, max-snippet:-1, max-image-preview:large, max-video-preview:-1\" \/>\n<link rel=\"canonical\" href=\"https:\/\/marielleaupaysdesours.fr\/index.php\/product\/ours-en-peluche-cribbage-plumo-charlie-bears-labyrinth-2024\/\" \/>\n<meta property=\"og:locale\" content=\"fr_FR\" \/>\n<meta property=\"og:type\" content=\"article\" \/>\n<meta property=\"og:title\" content=\"Ours en Peluche Plumo Cribbage - Charlie Bears - Labyrinth 2024\" \/>\n<meta property=\"og:description\" content=\"D\u00e9couvrez l\u2019Ours en peluche Plumo Cribbage, une cr\u00e9ation fascinante de la collection &quot;The Labyrinth 2024&quot; de Charlie Bears, \u00e0 adopter sur notre site !\" \/>\n<meta property=\"og:url\" content=\"https:\/\/marielleaupaysdesours.fr\/index.php\/product\/ours-en-peluche-cribbage-plumo-charlie-bears-labyrinth-2024\/\" \/>\n<meta property=\"og:site_name\" content=\"Marielle au Pays des Ours | Vente en ligne de peluches\" \/>\n<meta property=\"article:modified_time\" content=\"2025-12-05T19:48:59+00:00\" \/>\n<meta property=\"og:image\" content=\"https:\/\/marielleaupaysdesours.fr\/wp-content\/uploads\/2025\/02\/Cribbage-OURS-PELUCHE-CHARLIE-BEARS.webp\" \/>\n\t<meta property=\"og:image:width\" content=\"950\" \/>\n\t<meta property=\"og:image:height\" content=\"1280\" \/>\n\t<meta property=\"og:image:type\" content=\"image\/webp\" \/>\n<meta name=\"twitter:card\" content=\"summary_large_image\" \/>\n<meta name=\"twitter:label1\" content=\"Dur\u00e9e de lecture estim\u00e9e\" \/>\n\t<meta name=\"twitter:data1\" content=\"2 minutes\" \/>\n<script type=\"application\/ld+json\" class=\"yoast-schema-graph\">{\"@context\":\"https:\\\/\\\/schema.org\",\"@graph\":[{\"@type\":\"WebPage\",\"@id\":\"https:\\\/\\\/marielleaupaysdesours.fr\\\/index.php\\\/product\\\/ours-en-peluche-cribbage-plumo-charlie-bears-labyrinth-2024\\\/\",\"url\":\"https:\\\/\\\/marielleaupaysdesours.fr\\\/index.php\\\/product\\\/ours-en-peluche-cribbage-plumo-charlie-bears-labyrinth-2024\\\/\",\"name\":\"Ours en Peluche Plumo Cribbage - Charlie Bears - Labyrinth 2024\",\"isPartOf\":{\"@id\":\"https:\\\/\\\/marielleaupaysdesours.fr\\\/#website\"},\"primaryImageOfPage\":{\"@id\":\"https:\\\/\\\/marielleaupaysdesours.fr\\\/index.php\\\/product\\\/ours-en-peluche-cribbage-plumo-charlie-bears-labyrinth-2024\\\/#primaryimage\"},\"image\":{\"@id\":\"https:\\\/\\\/marielleaupaysdesours.fr\\\/index.php\\\/product\\\/ours-en-peluche-cribbage-plumo-charlie-bears-labyrinth-2024\\\/#primaryimage\"},\"thumbnailUrl\":\"https:\\\/\\\/marielleaupaysdesours.fr\\\/wp-content\\\/uploads\\\/2025\\\/02\\\/Cribbage-OURS-PELUCHE-CHARLIE-BEARS.webp\",\"datePublished\":\"2025-02-16T14:37:14+00:00\",\"dateModified\":\"2025-12-05T19:48:59+00:00\",\"description\":\"D\u00e9couvrez l\u2019Ours en peluche Plumo Cribbage, une cr\u00e9ation fascinante de la collection \\\"The Labyrinth 2024\\\" de Charlie Bears, \u00e0 adopter sur notre site !\",\"breadcrumb\":{\"@id\":\"https:\\\/\\\/marielleaupaysdesours.fr\\\/index.php\\\/product\\\/ours-en-peluche-cribbage-plumo-charlie-bears-labyrinth-2024\\\/#breadcrumb\"},\"inLanguage\":\"fr-FR\",\"potentialAction\":[{\"@type\":\"ReadAction\",\"target\":[\"https:\\\/\\\/marielleaupaysdesours.fr\\\/index.php\\\/product\\\/ours-en-peluche-cribbage-plumo-charlie-bears-labyrinth-2024\\\/\"]}]},{\"@type\":\"ImageObject\",\"inLanguage\":\"fr-FR\",\"@id\":\"https:\\\/\\\/marielleaupaysdesours.fr\\\/index.php\\\/product\\\/ours-en-peluche-cribbage-plumo-charlie-bears-labyrinth-2024\\\/#primaryimage\",\"url\":\"https:\\\/\\\/marielleaupaysdesours.fr\\\/wp-content\\\/uploads\\\/2025\\\/02\\\/Cribbage-OURS-PELUCHE-CHARLIE-BEARS.webp\",\"contentUrl\":\"https:\\\/\\\/marielleaupaysdesours.fr\\\/wp-content\\\/uploads\\\/2025\\\/02\\\/Cribbage-OURS-PELUCHE-CHARLIE-BEARS.webp\",\"width\":950,\"height\":1280,\"caption\":\"Ours en Peluche Plumo Cribbage - Charlie Bears - Collection The Labyrinth 2024\"},{\"@type\":\"BreadcrumbList\",\"@id\":\"https:\\\/\\\/marielleaupaysdesours.fr\\\/index.php\\\/product\\\/ours-en-peluche-cribbage-plumo-charlie-bears-labyrinth-2024\\\/#breadcrumb\",\"itemListElement\":[{\"@type\":\"ListItem\",\"position\":1,\"name\":\"Accueil\",\"item\":\"https:\\\/\\\/marielleaupaysdesours.fr\\\/\"},{\"@type\":\"ListItem\",\"position\":2,\"name\":\"Shop\",\"item\":\"https:\\\/\\\/marielleaupaysdesours.fr\\\/index.php\\\/shop\\\/\"},{\"@type\":\"ListItem\",\"position\":3,\"name\":\"Ours en Peluche Plumo Cribbage &#8211; Charlie Bears &#8211; Collection The Labyrinth 2024\"}]},{\"@type\":\"WebSite\",\"@id\":\"https:\\\/\\\/marielleaupaysdesours.fr\\\/#website\",\"url\":\"https:\\\/\\\/marielleaupaysdesours.fr\\\/\",\"name\":\"Marielle au Pays des Ours | Vente en ligne de peluches\",\"description\":\"vente en ligne de peluches\",\"publisher\":{\"@id\":\"https:\\\/\\\/marielleaupaysdesours.fr\\\/#organization\"},\"potentialAction\":[{\"@type\":\"SearchAction\",\"target\":{\"@type\":\"EntryPoint\",\"urlTemplate\":\"https:\\\/\\\/marielleaupaysdesours.fr\\\/?s={search_term_string}\"},\"query-input\":{\"@type\":\"PropertyValueSpecification\",\"valueRequired\":true,\"valueName\":\"search_term_string\"}}],\"inLanguage\":\"fr-FR\"},{\"@type\":\"Organization\",\"@id\":\"https:\\\/\\\/marielleaupaysdesours.fr\\\/#organization\",\"name\":\"Marielle au Pays des Ours | Vente en ligne de peluches\",\"url\":\"https:\\\/\\\/marielleaupaysdesours.fr\\\/\",\"logo\":{\"@type\":\"ImageObject\",\"inLanguage\":\"fr-FR\",\"@id\":\"https:\\\/\\\/marielleaupaysdesours.fr\\\/#\\\/schema\\\/logo\\\/image\\\/\",\"url\":\"https:\\\/\\\/marielleaupaysdesours.fr\\\/wp-content\\\/uploads\\\/2020\\\/10\\\/logo-marielle-light.jpg\",\"contentUrl\":\"https:\\\/\\\/marielleaupaysdesours.fr\\\/wp-content\\\/uploads\\\/2020\\\/10\\\/logo-marielle-light.jpg\",\"width\":500,\"height\":500,\"caption\":\"Marielle au Pays des Ours | Vente en ligne de peluches\"},\"image\":{\"@id\":\"https:\\\/\\\/marielleaupaysdesours.fr\\\/#\\\/schema\\\/logo\\\/image\\\/\"}}]}<\/script>\n<!-- \/ Yoast SEO plugin. -->","yoast_head_json":{"title":"Ours en Peluche Plumo Cribbage - Charlie Bears - Labyrinth 2024","description":"D\u00e9couvrez l\u2019Ours en peluche Plumo Cribbage, une cr\u00e9ation fascinante de la collection \"The Labyrinth 2024\" de Charlie Bears, \u00e0 adopter sur notre site !","robots":{"index":"index","follow":"follow","max-snippet":"max-snippet:-1","max-image-preview":"max-image-preview:large","max-video-preview":"max-video-preview:-1"},"canonical":"https:\/\/marielleaupaysdesours.fr\/index.php\/product\/ours-en-peluche-cribbage-plumo-charlie-bears-labyrinth-2024\/","og_locale":"fr_FR","og_type":"article","og_title":"Ours en Peluche Plumo Cribbage - Charlie Bears - Labyrinth 2024","og_description":"D\u00e9couvrez l\u2019Ours en peluche Plumo Cribbage, une cr\u00e9ation fascinante de la collection \"The Labyrinth 2024\" de Charlie Bears, \u00e0 adopter sur notre site !","og_url":"https:\/\/marielleaupaysdesours.fr\/index.php\/product\/ours-en-peluche-cribbage-plumo-charlie-bears-labyrinth-2024\/","og_site_name":"Marielle au Pays des Ours | Vente en ligne de peluches","article_modified_time":"2025-12-05T19:48:59+00:00","og_image":[{"width":950,"height":1280,"url":"https:\/\/marielleaupaysdesours.fr\/wp-content\/uploads\/2025\/02\/Cribbage-OURS-PELUCHE-CHARLIE-BEARS.webp","type":"image\/webp"}],"twitter_card":"summary_large_image","twitter_misc":{"Dur\u00e9e de lecture estim\u00e9e":"2 minutes"},"schema":{"@context":"https:\/\/schema.org","@graph":[{"@type":"WebPage","@id":"https:\/\/marielleaupaysdesours.fr\/index.php\/product\/ours-en-peluche-cribbage-plumo-charlie-bears-labyrinth-2024\/","url":"https:\/\/marielleaupaysdesours.fr\/index.php\/product\/ours-en-peluche-cribbage-plumo-charlie-bears-labyrinth-2024\/","name":"Ours en Peluche Plumo Cribbage - Charlie Bears - Labyrinth 2024","isPartOf":{"@id":"https:\/\/marielleaupaysdesours.fr\/#website"},"primaryImageOfPage":{"@id":"https:\/\/marielleaupaysdesours.fr\/index.php\/product\/ours-en-peluche-cribbage-plumo-charlie-bears-labyrinth-2024\/#primaryimage"},"image":{"@id":"https:\/\/marielleaupaysdesours.fr\/index.php\/product\/ours-en-peluche-cribbage-plumo-charlie-bears-labyrinth-2024\/#primaryimage"},"thumbnailUrl":"https:\/\/marielleaupaysdesours.fr\/wp-content\/uploads\/2025\/02\/Cribbage-OURS-PELUCHE-CHARLIE-BEARS.webp","datePublished":"2025-02-16T14:37:14+00:00","dateModified":"2025-12-05T19:48:59+00:00","description":"D\u00e9couvrez l\u2019Ours en peluche Plumo Cribbage, une cr\u00e9ation fascinante de la collection \"The Labyrinth 2024\" de Charlie Bears, \u00e0 adopter sur notre site !","breadcrumb":{"@id":"https:\/\/marielleaupaysdesours.fr\/index.php\/product\/ours-en-peluche-cribbage-plumo-charlie-bears-labyrinth-2024\/#breadcrumb"},"inLanguage":"fr-FR","potentialAction":[{"@type":"ReadAction","target":["https:\/\/marielleaupaysdesours.fr\/index.php\/product\/ours-en-peluche-cribbage-plumo-charlie-bears-labyrinth-2024\/"]}]},{"@type":"ImageObject","inLanguage":"fr-FR","@id":"https:\/\/marielleaupaysdesours.fr\/index.php\/product\/ours-en-peluche-cribbage-plumo-charlie-bears-labyrinth-2024\/#primaryimage","url":"https:\/\/marielleaupaysdesours.fr\/wp-content\/uploads\/2025\/02\/Cribbage-OURS-PELUCHE-CHARLIE-BEARS.webp","contentUrl":"https:\/\/marielleaupaysdesours.fr\/wp-content\/uploads\/2025\/02\/Cribbage-OURS-PELUCHE-CHARLIE-BEARS.webp","width":950,"height":1280,"caption":"Ours en Peluche Plumo Cribbage - Charlie Bears - Collection The Labyrinth 2024"},{"@type":"BreadcrumbList","@id":"https:\/\/marielleaupaysdesours.fr\/index.php\/product\/ours-en-peluche-cribbage-plumo-charlie-bears-labyrinth-2024\/#breadcrumb","itemListElement":[{"@type":"ListItem","position":1,"name":"Accueil","item":"https:\/\/marielleaupaysdesours.fr\/"},{"@type":"ListItem","position":2,"name":"Shop","item":"https:\/\/marielleaupaysdesours.fr\/index.php\/shop\/"},{"@type":"ListItem","position":3,"name":"Ours en Peluche Plumo Cribbage &#8211; Charlie Bears &#8211; Collection The Labyrinth 2024"}]},{"@type":"WebSite","@id":"https:\/\/marielleaupaysdesours.fr\/#website","url":"https:\/\/marielleaupaysdesours.fr\/","name":"Marielle au Pays des Ours | Vente en ligne de peluches","description":"vente en ligne de peluches","publisher":{"@id":"https:\/\/marielleaupaysdesours.fr\/#organization"},"potentialAction":[{"@type":"SearchAction","target":{"@type":"EntryPoint","urlTemplate":"https:\/\/marielleaupaysdesours.fr\/?s={search_term_string}"},"query-input":{"@type":"PropertyValueSpecification","valueRequired":true,"valueName":"search_term_string"}}],"inLanguage":"fr-FR"},{"@type":"Organization","@id":"https:\/\/marielleaupaysdesours.fr\/#organization","name":"Marielle au Pays des Ours | Vente en ligne de peluches","url":"https:\/\/marielleaupaysdesours.fr\/","logo":{"@type":"ImageObject","inLanguage":"fr-FR","@id":"https:\/\/marielleaupaysdesours.fr\/#\/schema\/logo\/image\/","url":"https:\/\/marielleaupaysdesours.fr\/wp-content\/uploads\/2020\/10\/logo-marielle-light.jpg","contentUrl":"https:\/\/marielleaupaysdesours.fr\/wp-content\/uploads\/2020\/10\/logo-marielle-light.jpg","width":500,"height":500,"caption":"Marielle au Pays des Ours | Vente en ligne de peluches"},"image":{"@id":"https:\/\/marielleaupaysdesours.fr\/#\/schema\/logo\/image\/"}}]}},"jetpack_sharing_enabled":true,"_links":{"self":[{"href":"https:\/\/marielleaupaysdesours.fr\/index.php\/wp-json\/wp\/v2\/product\/6458","targetHints":{"allow":["GET"]}}],"collection":[{"href":"https:\/\/marielleaupaysdesours.fr\/index.php\/wp-json\/wp\/v2\/product"}],"about":[{"href":"https:\/\/marielleaupaysdesours.fr\/index.php\/wp-json\/wp\/v2\/types\/product"}],"replies":[{"embeddable":true,"href":"https:\/\/marielleaupaysdesours.fr\/index.php\/wp-json\/wp\/v2\/comments?post=6458"}],"version-history":[{"count":3,"href":"https:\/\/marielleaupaysdesours.fr\/index.php\/wp-json\/wp\/v2\/product\/6458\/revisions"}],"predecessor-version":[{"id":6501,"href":"https:\/\/marielleaupaysdesours.fr\/index.php\/wp-json\/wp\/v2\/product\/6458\/revisions\/6501"}],"wp:featuredmedia":[{"embeddable":true,"href":"https:\/\/marielleaupaysdesours.fr\/index.php\/wp-json\/wp\/v2\/media\/6459"}],"wp:attachment":[{"href":"https:\/\/marielleaupaysdesours.fr\/index.php\/wp-json\/wp\/v2\/media?parent=6458"}],"wp:term":[{"taxonomy":"product_brand","embeddable":true,"href":"https:\/\/marielleaupaysdesours.fr\/index.php\/wp-json\/wp\/v2\/product_brand?post=6458"},{"taxonomy":"product_cat","embeddable":true,"href":"https:\/\/marielleaupaysdesours.fr\/index.php\/wp-json\/wp\/v2\/product_cat?post=6458"},{"taxonomy":"product_tag","embeddable":true,"href":"https:\/\/marielleaupaysdesours.fr\/index.php\/wp-json\/wp\/v2\/product_tag?post=6458"}],"curies":[{"name":"wp","href":"https:\/\/api.w.org\/{rel}","templated":true}]}}