{"id":6455,"date":"2025-02-16T15:19:36","date_gmt":"2025-02-16T14:19:36","guid":{"rendered":"https:\/\/marielleaupaysdesours.fr\/?post_type=product&#038;p=6455"},"modified":"2025-12-03T23:15:41","modified_gmt":"2025-12-03T22:15:41","slug":"zebre-en-peluche-zizi-zebra-charlie-bears-bear-and-me","status":"publish","type":"product","link":"https:\/\/marielleaupaysdesours.fr\/index.php\/product\/zebre-en-peluche-zizi-zebra-charlie-bears-bear-and-me\/","title":{"rendered":"Z\u00e8bre en Peluche ZIZI ZEBRA &#8211; CHARLIE BEARS &#8211; BEAR AND ME"},"content":{"rendered":"<p class=\"\" data-start=\"65\" data-end=\"763\">D\u00e9couvrez Zizi, le <strong>petit z\u00e8bre en peluche<\/strong> ador\u00e9 de la collection <strong data-start=\"119\" data-end=\"132\">Bear &amp; Me<\/strong> de Charlie Bears. Con\u00e7u sp\u00e9cialement pour les tout-petits, Zizi est une peluche de z\u00e8bre non articul\u00e9e, douce et r\u00e9confortante, id\u00e9ale pour les c\u00e2lins. Son pelage blanc et noir, incroyablement duveteux, lui donne un charme irr\u00e9sistible. Avec sa taille parfaite de 30 cm, il devient rapidement un compagnon de tous les instants, offrant une douceur infinie et une pr\u00e9sence apaisante. Fabriqu\u00e9 \u00e0 partir de mat\u00e9riaux de haute qualit\u00e9 et rempli de fibres recycl\u00e9es et de granul\u00e9s de plastique, Zizi incarne l&rsquo;engagement de <a href=\"https:\/\/marielleaupaysdesours.fr\/index.php\/peluches-charlie-bears\/\"><strong>Charlie Bears<\/strong><\/a> en faveur de l&rsquo;environnement tout en garantissant s\u00e9curit\u00e9 et confort pour les enfants d\u00e8s la naissance.<\/p>\n<h3 class=\"\" data-start=\"765\" data-end=\"793\"><strong data-start=\"769\" data-end=\"791\">D\u00e9tails du produit<\/strong><\/h3>\n<ul data-start=\"794\" data-end=\"1063\">\n<li class=\"\" data-start=\"794\" data-end=\"818\">\n<p class=\"\" data-start=\"796\" data-end=\"818\"><strong data-start=\"796\" data-end=\"803\">Nom<\/strong> : Zizi Zebra<\/p>\n<\/li>\n<li class=\"\" data-start=\"819\" data-end=\"849\">\n<p class=\"\" data-start=\"821\" data-end=\"849\"><strong data-start=\"821\" data-end=\"835\">Collection<\/strong> : Bear &amp; Me<\/p>\n<\/li>\n<li class=\"\" data-start=\"850\" data-end=\"886\">\n<p class=\"\" data-start=\"852\" data-end=\"886\"><strong data-start=\"852\" data-end=\"866\">Dimensions<\/strong> : 30 cm (12 inch)<\/p>\n<\/li>\n<li class=\"\" data-start=\"887\" data-end=\"959\">\n<p class=\"\" data-start=\"889\" data-end=\"959\"><strong data-start=\"889\" data-end=\"909\">Caract\u00e9ristiques<\/strong> : Peluche douce en noir et blanc, non articul\u00e9e<\/p>\n<\/li>\n<li class=\"\" data-start=\"960\" data-end=\"1021\">\n<p class=\"\" data-start=\"962\" data-end=\"1021\"><strong data-start=\"962\" data-end=\"975\">Entretien<\/strong> : Lavable en machine \u00e0 30\u00b0C (cycle d\u00e9licat)<\/p>\n<\/li>\n<li class=\"\" data-start=\"1022\" data-end=\"1063\">\n<p class=\"\" data-start=\"1024\" data-end=\"1063\"><strong data-start=\"1024\" data-end=\"1042\">\u00c2ge recommand\u00e9<\/strong> : D\u00e8s la naissance<\/p>\n<\/li>\n<\/ul>\n<h3 class=\"\" data-start=\"1065\" data-end=\"1098\"><strong data-start=\"1069\" data-end=\"1096\">Pourquoi choisir Zizi, le z\u00e8bre en peluche de Charlie Bears ?<\/strong><\/h3>\n<p class=\"\" data-start=\"1100\" data-end=\"1629\">Zizi est l&rsquo;ami id\u00e9al pour les enfants, gr\u00e2ce \u00e0 sa douceur incomparable et sa taille parfaite pour de tendres c\u00e2lins. De plus, sa facilit\u00e9 d&rsquo;entretien, gr\u00e2ce au lavage en machine, le rend pratique pour une utilisation quotidienne. Avec sa fabrication soign\u00e9e et son engagement pour l&rsquo;environnement, Zizi est bien plus qu&rsquo;une simple peluche : il est un compagnon rassurant \u00e0 emporter partout. N&rsquo;oubliez pas que <strong data-start=\"1509\" data-end=\"1538\">Marielle au Pays des Ours<\/strong> assure un service apr\u00e8s-vente r\u00e9actif pour vous accompagner \u00e0 chaque \u00e9tape de votre achat.<\/p>\n","protected":false},"excerpt":{"rendered":"<p>D\u00e9couvrez Zizi, le <strong>petit z\u00e8bre en peluche<\/strong> ador\u00e9 de la collection <strong data-start=\"119\" data-end=\"132\">Bear &amp; Me<\/strong> de Charlie Bears. Con\u00e7u sp\u00e9cialement pour les tout-petits, Zizi est une peluche de z\u00e8bre non articul\u00e9e, douce et r\u00e9confortante, id\u00e9ale pour les c\u00e2lins. Son pelage blanc et noir, incroyablement duveteux, lui donne un charme irr\u00e9sistible. Avec sa taille parfaite de 30 cm, il devient rapidement un compagnon de tous les instants, offrant une douceur infinie et une pr\u00e9sence apaisante. Fabriqu\u00e9 \u00e0 partir de mat\u00e9riaux de haute qualit\u00e9 et rempli de fibres recycl\u00e9es et de granul\u00e9s de plastique, Zizi incarne l&rsquo;engagement de <a href=\"https:\/\/marielleaupaysdesours.fr\/index.php\/peluches-charlie-bears\/\"><strong>Charlie Bears<\/strong><\/a> en faveur de l&rsquo;environnement tout en garantissant s\u00e9curit\u00e9 et confort pour les enfants d\u00e8s la naissance.<\/p>\n","protected":false},"featured_media":6456,"comment_status":"closed","ping_status":"closed","template":"","meta":{"_monsterinsights_skip_tracking":false,"_monsterinsights_sitenote_active":false,"_monsterinsights_sitenote_note":"","_monsterinsights_sitenote_category":0,"site-sidebar-layout":"default","site-content-layout":"","ast-site-content-layout":"default","site-content-style":"default","site-sidebar-style":"default","ast-global-header-display":"","ast-banner-title-visibility":"","ast-main-header-display":"","ast-hfb-above-header-display":"","ast-hfb-below-header-display":"","ast-hfb-mobile-header-display":"","site-post-title":"","ast-breadcrumbs-content":"","ast-featured-img":"","footer-sml-layout":"","ast-disable-related-posts":"","theme-transparent-header-meta":"default","adv-header-id-meta":"","stick-header-meta":"","header-above-stick-meta":"","header-main-stick-meta":"","header-below-stick-meta":"","astra-migrate-meta-layouts":"set","ast-page-background-enabled":"default","ast-page-background-meta":{"desktop":{"background-color":"","background-image":"","background-repeat":"repeat","background-position":"center center","background-size":"auto","background-attachment":"scroll","background-type":"","background-media":"","overlay-type":"","overlay-color":"","overlay-opacity":"","overlay-gradient":""},"tablet":{"background-color":"","background-image":"","background-repeat":"repeat","background-position":"center center","background-size":"auto","background-attachment":"scroll","background-type":"","background-media":"","overlay-type":"","overlay-color":"","overlay-opacity":"","overlay-gradient":""},"mobile":{"background-color":"","background-image":"","background-repeat":"repeat","background-position":"center center","background-size":"auto","background-attachment":"scroll","background-type":"","background-media":"","overlay-type":"","overlay-color":"","overlay-opacity":"","overlay-gradient":""}},"ast-content-background-meta":{"desktop":{"background-color":"var(--ast-global-color-5)","background-image":"","background-repeat":"repeat","background-position":"center center","background-size":"auto","background-attachment":"scroll","background-type":"","background-media":"","overlay-type":"","overlay-color":"","overlay-opacity":"","overlay-gradient":""},"tablet":{"background-color":"var(--ast-global-color-5)","background-image":"","background-repeat":"repeat","background-position":"center center","background-size":"auto","background-attachment":"scroll","background-type":"","background-media":"","overlay-type":"","overlay-color":"","overlay-opacity":"","overlay-gradient":""},"mobile":{"background-color":"var(--ast-global-color-5)","background-image":"","background-repeat":"repeat","background-position":"center center","background-size":"auto","background-attachment":"scroll","background-type":"","background-media":"","overlay-type":"","overlay-color":"","overlay-opacity":"","overlay-gradient":""}}},"product_brand":[],"product_cat":[44,42,34,28],"product_tag":[],"class_list":{"0":"post-6455","1":"product","2":"type-product","3":"status-publish","4":"has-post-thumbnail","6":"product_cat-cadeaux-de-naissance","7":"product_cat-charlie-bears-peluches-collection","8":"product_cat-doudous","9":"product_cat-peluches","10":"product_shipping_class-expedition-intermediaire","11":"desktop-align-center","12":"tablet-align-left","13":"mobile-align-left","15":"first","16":"instock","17":"shipping-taxable","18":"purchasable","19":"product-type-simple"},"yoast_head":"<!-- This site is optimized with the Yoast SEO plugin v27.5 - https:\/\/yoast.com\/product\/yoast-seo-wordpress\/ -->\n<title>Z\u00e8bre en Peluche ZIZI ZEBRA - CHARLIE BEARS - Bear &amp; Me<\/title>\n<meta name=\"description\" content=\"Vous cherchez un z\u00e8bre en peluche doux et c\u00e2lin ? Je m&#039;appelle Zizi le z\u00e8bre, de Charlie Bears, venez me chercher sur marielleaupaysdesours.fr\" \/>\n<meta name=\"robots\" content=\"index, follow, max-snippet:-1, max-image-preview:large, max-video-preview:-1\" \/>\n<link rel=\"canonical\" href=\"https:\/\/marielleaupaysdesours.fr\/index.php\/product\/zebre-en-peluche-zizi-zebra-charlie-bears-bear-and-me\/\" \/>\n<meta property=\"og:locale\" content=\"fr_FR\" \/>\n<meta property=\"og:type\" content=\"article\" \/>\n<meta property=\"og:title\" content=\"Z\u00e8bre en Peluche ZIZI ZEBRA - CHARLIE BEARS - Bear &amp; Me\" \/>\n<meta property=\"og:description\" content=\"Vous cherchez un z\u00e8bre en peluche doux et c\u00e2lin ? Je m&#039;appelle Zizi le z\u00e8bre, de Charlie Bears, venez me chercher sur marielleaupaysdesours.fr\" \/>\n<meta property=\"og:url\" content=\"https:\/\/marielleaupaysdesours.fr\/index.php\/product\/zebre-en-peluche-zizi-zebra-charlie-bears-bear-and-me\/\" \/>\n<meta property=\"og:site_name\" content=\"Marielle au Pays des Ours | Vente en ligne de peluches\" \/>\n<meta property=\"article:modified_time\" content=\"2025-12-03T22:15:41+00:00\" \/>\n<meta property=\"og:image\" content=\"https:\/\/marielleaupaysdesours.fr\/wp-content\/uploads\/2025\/02\/zizi-le-zebre-bear-and-me-charlie-bears.jpg\" \/>\n\t<meta property=\"og:image:width\" content=\"640\" \/>\n\t<meta property=\"og:image:height\" content=\"862\" \/>\n\t<meta property=\"og:image:type\" content=\"image\/jpeg\" \/>\n<meta name=\"twitter:card\" content=\"summary_large_image\" \/>\n<meta name=\"twitter:label1\" content=\"Dur\u00e9e de lecture estim\u00e9e\" \/>\n\t<meta name=\"twitter:data1\" content=\"2 minutes\" \/>\n<script type=\"application\/ld+json\" class=\"yoast-schema-graph\">{\"@context\":\"https:\\\/\\\/schema.org\",\"@graph\":[{\"@type\":\"WebPage\",\"@id\":\"https:\\\/\\\/marielleaupaysdesours.fr\\\/index.php\\\/product\\\/zebre-en-peluche-zizi-zebra-charlie-bears-bear-and-me\\\/\",\"url\":\"https:\\\/\\\/marielleaupaysdesours.fr\\\/index.php\\\/product\\\/zebre-en-peluche-zizi-zebra-charlie-bears-bear-and-me\\\/\",\"name\":\"Z\u00e8bre en Peluche ZIZI ZEBRA - CHARLIE BEARS - Bear & Me\",\"isPartOf\":{\"@id\":\"https:\\\/\\\/marielleaupaysdesours.fr\\\/#website\"},\"primaryImageOfPage\":{\"@id\":\"https:\\\/\\\/marielleaupaysdesours.fr\\\/index.php\\\/product\\\/zebre-en-peluche-zizi-zebra-charlie-bears-bear-and-me\\\/#primaryimage\"},\"image\":{\"@id\":\"https:\\\/\\\/marielleaupaysdesours.fr\\\/index.php\\\/product\\\/zebre-en-peluche-zizi-zebra-charlie-bears-bear-and-me\\\/#primaryimage\"},\"thumbnailUrl\":\"https:\\\/\\\/marielleaupaysdesours.fr\\\/wp-content\\\/uploads\\\/2025\\\/02\\\/zizi-le-zebre-bear-and-me-charlie-bears.jpg\",\"datePublished\":\"2025-02-16T14:19:36+00:00\",\"dateModified\":\"2025-12-03T22:15:41+00:00\",\"description\":\"Vous cherchez un z\u00e8bre en peluche doux et c\u00e2lin ? Je m'appelle Zizi le z\u00e8bre, de Charlie Bears, venez me chercher sur marielleaupaysdesours.fr\",\"breadcrumb\":{\"@id\":\"https:\\\/\\\/marielleaupaysdesours.fr\\\/index.php\\\/product\\\/zebre-en-peluche-zizi-zebra-charlie-bears-bear-and-me\\\/#breadcrumb\"},\"inLanguage\":\"fr-FR\",\"potentialAction\":[{\"@type\":\"ReadAction\",\"target\":[\"https:\\\/\\\/marielleaupaysdesours.fr\\\/index.php\\\/product\\\/zebre-en-peluche-zizi-zebra-charlie-bears-bear-and-me\\\/\"]}]},{\"@type\":\"ImageObject\",\"inLanguage\":\"fr-FR\",\"@id\":\"https:\\\/\\\/marielleaupaysdesours.fr\\\/index.php\\\/product\\\/zebre-en-peluche-zizi-zebra-charlie-bears-bear-and-me\\\/#primaryimage\",\"url\":\"https:\\\/\\\/marielleaupaysdesours.fr\\\/wp-content\\\/uploads\\\/2025\\\/02\\\/zizi-le-zebre-bear-and-me-charlie-bears.jpg\",\"contentUrl\":\"https:\\\/\\\/marielleaupaysdesours.fr\\\/wp-content\\\/uploads\\\/2025\\\/02\\\/zizi-le-zebre-bear-and-me-charlie-bears.jpg\",\"width\":640,\"height\":862,\"caption\":\"Z\u00e8bre en Peluche ZIZI ZEBRA - CHARLIE BEARS - BEAR AND ME\"},{\"@type\":\"BreadcrumbList\",\"@id\":\"https:\\\/\\\/marielleaupaysdesours.fr\\\/index.php\\\/product\\\/zebre-en-peluche-zizi-zebra-charlie-bears-bear-and-me\\\/#breadcrumb\",\"itemListElement\":[{\"@type\":\"ListItem\",\"position\":1,\"name\":\"Accueil\",\"item\":\"https:\\\/\\\/marielleaupaysdesours.fr\\\/\"},{\"@type\":\"ListItem\",\"position\":2,\"name\":\"Shop\",\"item\":\"https:\\\/\\\/marielleaupaysdesours.fr\\\/index.php\\\/shop\\\/\"},{\"@type\":\"ListItem\",\"position\":3,\"name\":\"Z\u00e8bre en Peluche ZIZI ZEBRA &#8211; CHARLIE BEARS &#8211; BEAR AND ME\"}]},{\"@type\":\"WebSite\",\"@id\":\"https:\\\/\\\/marielleaupaysdesours.fr\\\/#website\",\"url\":\"https:\\\/\\\/marielleaupaysdesours.fr\\\/\",\"name\":\"Marielle au Pays des Ours | Vente en ligne de peluches\",\"description\":\"vente en ligne de peluches\",\"publisher\":{\"@id\":\"https:\\\/\\\/marielleaupaysdesours.fr\\\/#organization\"},\"potentialAction\":[{\"@type\":\"SearchAction\",\"target\":{\"@type\":\"EntryPoint\",\"urlTemplate\":\"https:\\\/\\\/marielleaupaysdesours.fr\\\/?s={search_term_string}\"},\"query-input\":{\"@type\":\"PropertyValueSpecification\",\"valueRequired\":true,\"valueName\":\"search_term_string\"}}],\"inLanguage\":\"fr-FR\"},{\"@type\":\"Organization\",\"@id\":\"https:\\\/\\\/marielleaupaysdesours.fr\\\/#organization\",\"name\":\"Marielle au Pays des Ours | Vente en ligne de peluches\",\"url\":\"https:\\\/\\\/marielleaupaysdesours.fr\\\/\",\"logo\":{\"@type\":\"ImageObject\",\"inLanguage\":\"fr-FR\",\"@id\":\"https:\\\/\\\/marielleaupaysdesours.fr\\\/#\\\/schema\\\/logo\\\/image\\\/\",\"url\":\"https:\\\/\\\/marielleaupaysdesours.fr\\\/wp-content\\\/uploads\\\/2020\\\/10\\\/logo-marielle-light.jpg\",\"contentUrl\":\"https:\\\/\\\/marielleaupaysdesours.fr\\\/wp-content\\\/uploads\\\/2020\\\/10\\\/logo-marielle-light.jpg\",\"width\":500,\"height\":500,\"caption\":\"Marielle au Pays des Ours | Vente en ligne de peluches\"},\"image\":{\"@id\":\"https:\\\/\\\/marielleaupaysdesours.fr\\\/#\\\/schema\\\/logo\\\/image\\\/\"}}]}<\/script>\n<!-- \/ Yoast SEO plugin. -->","yoast_head_json":{"title":"Z\u00e8bre en Peluche ZIZI ZEBRA - CHARLIE BEARS - Bear & Me","description":"Vous cherchez un z\u00e8bre en peluche doux et c\u00e2lin ? Je m'appelle Zizi le z\u00e8bre, de Charlie Bears, venez me chercher sur marielleaupaysdesours.fr","robots":{"index":"index","follow":"follow","max-snippet":"max-snippet:-1","max-image-preview":"max-image-preview:large","max-video-preview":"max-video-preview:-1"},"canonical":"https:\/\/marielleaupaysdesours.fr\/index.php\/product\/zebre-en-peluche-zizi-zebra-charlie-bears-bear-and-me\/","og_locale":"fr_FR","og_type":"article","og_title":"Z\u00e8bre en Peluche ZIZI ZEBRA - CHARLIE BEARS - Bear & Me","og_description":"Vous cherchez un z\u00e8bre en peluche doux et c\u00e2lin ? Je m'appelle Zizi le z\u00e8bre, de Charlie Bears, venez me chercher sur marielleaupaysdesours.fr","og_url":"https:\/\/marielleaupaysdesours.fr\/index.php\/product\/zebre-en-peluche-zizi-zebra-charlie-bears-bear-and-me\/","og_site_name":"Marielle au Pays des Ours | Vente en ligne de peluches","article_modified_time":"2025-12-03T22:15:41+00:00","og_image":[{"width":640,"height":862,"url":"https:\/\/marielleaupaysdesours.fr\/wp-content\/uploads\/2025\/02\/zizi-le-zebre-bear-and-me-charlie-bears.jpg","type":"image\/jpeg"}],"twitter_card":"summary_large_image","twitter_misc":{"Dur\u00e9e de lecture estim\u00e9e":"2 minutes"},"schema":{"@context":"https:\/\/schema.org","@graph":[{"@type":"WebPage","@id":"https:\/\/marielleaupaysdesours.fr\/index.php\/product\/zebre-en-peluche-zizi-zebra-charlie-bears-bear-and-me\/","url":"https:\/\/marielleaupaysdesours.fr\/index.php\/product\/zebre-en-peluche-zizi-zebra-charlie-bears-bear-and-me\/","name":"Z\u00e8bre en Peluche ZIZI ZEBRA - CHARLIE BEARS - Bear & Me","isPartOf":{"@id":"https:\/\/marielleaupaysdesours.fr\/#website"},"primaryImageOfPage":{"@id":"https:\/\/marielleaupaysdesours.fr\/index.php\/product\/zebre-en-peluche-zizi-zebra-charlie-bears-bear-and-me\/#primaryimage"},"image":{"@id":"https:\/\/marielleaupaysdesours.fr\/index.php\/product\/zebre-en-peluche-zizi-zebra-charlie-bears-bear-and-me\/#primaryimage"},"thumbnailUrl":"https:\/\/marielleaupaysdesours.fr\/wp-content\/uploads\/2025\/02\/zizi-le-zebre-bear-and-me-charlie-bears.jpg","datePublished":"2025-02-16T14:19:36+00:00","dateModified":"2025-12-03T22:15:41+00:00","description":"Vous cherchez un z\u00e8bre en peluche doux et c\u00e2lin ? Je m'appelle Zizi le z\u00e8bre, de Charlie Bears, venez me chercher sur marielleaupaysdesours.fr","breadcrumb":{"@id":"https:\/\/marielleaupaysdesours.fr\/index.php\/product\/zebre-en-peluche-zizi-zebra-charlie-bears-bear-and-me\/#breadcrumb"},"inLanguage":"fr-FR","potentialAction":[{"@type":"ReadAction","target":["https:\/\/marielleaupaysdesours.fr\/index.php\/product\/zebre-en-peluche-zizi-zebra-charlie-bears-bear-and-me\/"]}]},{"@type":"ImageObject","inLanguage":"fr-FR","@id":"https:\/\/marielleaupaysdesours.fr\/index.php\/product\/zebre-en-peluche-zizi-zebra-charlie-bears-bear-and-me\/#primaryimage","url":"https:\/\/marielleaupaysdesours.fr\/wp-content\/uploads\/2025\/02\/zizi-le-zebre-bear-and-me-charlie-bears.jpg","contentUrl":"https:\/\/marielleaupaysdesours.fr\/wp-content\/uploads\/2025\/02\/zizi-le-zebre-bear-and-me-charlie-bears.jpg","width":640,"height":862,"caption":"Z\u00e8bre en Peluche ZIZI ZEBRA - CHARLIE BEARS - BEAR AND ME"},{"@type":"BreadcrumbList","@id":"https:\/\/marielleaupaysdesours.fr\/index.php\/product\/zebre-en-peluche-zizi-zebra-charlie-bears-bear-and-me\/#breadcrumb","itemListElement":[{"@type":"ListItem","position":1,"name":"Accueil","item":"https:\/\/marielleaupaysdesours.fr\/"},{"@type":"ListItem","position":2,"name":"Shop","item":"https:\/\/marielleaupaysdesours.fr\/index.php\/shop\/"},{"@type":"ListItem","position":3,"name":"Z\u00e8bre en Peluche ZIZI ZEBRA &#8211; CHARLIE BEARS &#8211; BEAR AND ME"}]},{"@type":"WebSite","@id":"https:\/\/marielleaupaysdesours.fr\/#website","url":"https:\/\/marielleaupaysdesours.fr\/","name":"Marielle au Pays des Ours | Vente en ligne de peluches","description":"vente en ligne de peluches","publisher":{"@id":"https:\/\/marielleaupaysdesours.fr\/#organization"},"potentialAction":[{"@type":"SearchAction","target":{"@type":"EntryPoint","urlTemplate":"https:\/\/marielleaupaysdesours.fr\/?s={search_term_string}"},"query-input":{"@type":"PropertyValueSpecification","valueRequired":true,"valueName":"search_term_string"}}],"inLanguage":"fr-FR"},{"@type":"Organization","@id":"https:\/\/marielleaupaysdesours.fr\/#organization","name":"Marielle au Pays des Ours | Vente en ligne de peluches","url":"https:\/\/marielleaupaysdesours.fr\/","logo":{"@type":"ImageObject","inLanguage":"fr-FR","@id":"https:\/\/marielleaupaysdesours.fr\/#\/schema\/logo\/image\/","url":"https:\/\/marielleaupaysdesours.fr\/wp-content\/uploads\/2020\/10\/logo-marielle-light.jpg","contentUrl":"https:\/\/marielleaupaysdesours.fr\/wp-content\/uploads\/2020\/10\/logo-marielle-light.jpg","width":500,"height":500,"caption":"Marielle au Pays des Ours | Vente en ligne de peluches"},"image":{"@id":"https:\/\/marielleaupaysdesours.fr\/#\/schema\/logo\/image\/"}}]}},"jetpack_sharing_enabled":true,"_links":{"self":[{"href":"https:\/\/marielleaupaysdesours.fr\/index.php\/wp-json\/wp\/v2\/product\/6455","targetHints":{"allow":["GET"]}}],"collection":[{"href":"https:\/\/marielleaupaysdesours.fr\/index.php\/wp-json\/wp\/v2\/product"}],"about":[{"href":"https:\/\/marielleaupaysdesours.fr\/index.php\/wp-json\/wp\/v2\/types\/product"}],"replies":[{"embeddable":true,"href":"https:\/\/marielleaupaysdesours.fr\/index.php\/wp-json\/wp\/v2\/comments?post=6455"}],"version-history":[{"count":7,"href":"https:\/\/marielleaupaysdesours.fr\/index.php\/wp-json\/wp\/v2\/product\/6455\/revisions"}],"predecessor-version":[{"id":6537,"href":"https:\/\/marielleaupaysdesours.fr\/index.php\/wp-json\/wp\/v2\/product\/6455\/revisions\/6537"}],"wp:featuredmedia":[{"embeddable":true,"href":"https:\/\/marielleaupaysdesours.fr\/index.php\/wp-json\/wp\/v2\/media\/6456"}],"wp:attachment":[{"href":"https:\/\/marielleaupaysdesours.fr\/index.php\/wp-json\/wp\/v2\/media?parent=6455"}],"wp:term":[{"taxonomy":"product_brand","embeddable":true,"href":"https:\/\/marielleaupaysdesours.fr\/index.php\/wp-json\/wp\/v2\/product_brand?post=6455"},{"taxonomy":"product_cat","embeddable":true,"href":"https:\/\/marielleaupaysdesours.fr\/index.php\/wp-json\/wp\/v2\/product_cat?post=6455"},{"taxonomy":"product_tag","embeddable":true,"href":"https:\/\/marielleaupaysdesours.fr\/index.php\/wp-json\/wp\/v2\/product_tag?post=6455"}],"curies":[{"name":"wp","href":"https:\/\/api.w.org\/{rel}","templated":true}]}}