{"id":6435,"date":"2025-02-16T14:11:44","date_gmt":"2025-02-16T13:11:44","guid":{"rendered":"https:\/\/marielleaupaysdesours.fr\/?post_type=product&#038;p=6435"},"modified":"2025-11-30T11:00:02","modified_gmt":"2025-11-30T10:00:02","slug":"peluche-de-chat-gris-puddy-kitten-cloudy-grey-charlie-bears-bear-me","status":"publish","type":"product","link":"https:\/\/marielleaupaysdesours.fr\/index.php\/product\/peluche-de-chat-gris-puddy-kitten-cloudy-grey-charlie-bears-bear-me\/","title":{"rendered":"Peluche de Chat Gris Puddy Kitten Cloudy Grey &#8211; Charlie Bears &#8211; Bear &#038; Me"},"content":{"rendered":"<h3 data-start=\"92\" data-end=\"554\">Peluche de Chat Gris Puddy Kitten Cloudy Grey &#8211; Charlie Bears &#8211; Bear &amp; Me<\/h3>\n<p data-start=\"92\" data-end=\"554\">Tout droit sortie de la collection <em data-start=\"127\" data-end=\"138\">Bear &amp; Me<\/em> sign\u00e9e <strong data-start=\"146\" data-end=\"163\">Charlie Bears<\/strong>, la peluche de chat gris <strong data-start=\"176\" data-end=\"192\">Puddy Kitten<\/strong> est un adorable petit chaton gris nuage con\u00e7u pour devenir le tout premier compagnon de tendresse de votre enfant. Cette collection a \u00e9t\u00e9 pens\u00e9e pour offrir aux tout-petits des peluches douces, s\u00fbres et rassurantes d\u00e8s la naissance. Avec son pelage <strong data-start=\"442\" data-end=\"476\">ultra doux couleur gris argent<\/strong>, Puddy s\u00e9duit par sa simplicit\u00e9 attendrissante et son design tout en rondeur.<\/p>\n<p data-start=\"556\" data-end=\"997\">Puddy Kitten est <strong data-start=\"573\" data-end=\"589\">non articul\u00e9<\/strong>, lavable en machine et <strong data-start=\"613\" data-end=\"643\">enti\u00e8rement fini \u00e0 la main<\/strong> pour garantir une qualit\u00e9 irr\u00e9prochable. Avec ses <strong data-start=\"694\" data-end=\"720\">grands yeux expressifs<\/strong>, son museau d\u00e9licat et ses pattes toutes douces, il s\u2019adapte \u00e0 toutes les petites mains et promet de rester pr\u00e8s de votre enfant jour et nuit. Que ce soit pour un cadeau de naissance, une premi\u00e8re peluche ou un nouvel ami \u00e0 c\u00e2liner, Puddy sera toujours l\u00e0, pr\u00eat \u00e0 r\u00e9conforter.<\/p>\n<h3 data-start=\"999\" data-end=\"1025\"><strong data-start=\"1003\" data-end=\"1025\">D\u00e9tails du produit<\/strong><\/h3>\n<ul data-start=\"1026\" data-end=\"1458\">\n<li data-start=\"1026\" data-end=\"1064\">\n<p data-start=\"1028\" data-end=\"1064\"><strong data-start=\"1028\" data-end=\"1035\">Nom<\/strong> : Puddy Kitten Cloudy Grey<\/p>\n<\/li>\n<li data-start=\"1065\" data-end=\"1095\">\n<p data-start=\"1067\" data-end=\"1095\"><strong data-start=\"1067\" data-end=\"1077\">Marque<\/strong> : Charlie Bears<\/p>\n<\/li>\n<li data-start=\"1096\" data-end=\"1128\">\n<p data-start=\"1098\" data-end=\"1128\"><strong data-start=\"1098\" data-end=\"1112\">Collection<\/strong> : <em data-start=\"1115\" data-end=\"1126\">Bear &amp; Me<\/em><\/p>\n<\/li>\n<li data-start=\"1129\" data-end=\"1166\">\n<p data-start=\"1131\" data-end=\"1166\"><strong data-start=\"1131\" data-end=\"1142\">Hauteur<\/strong> : 29 cm \/ 11,5 pouces<\/p>\n<\/li>\n<li data-start=\"1167\" data-end=\"1210\">\n<p data-start=\"1169\" data-end=\"1210\"><strong data-start=\"1169\" data-end=\"1180\">Couleur<\/strong> : Gris argent (Cloudy Grey)<\/p>\n<\/li>\n<li data-start=\"1211\" data-end=\"1253\">\n<p data-start=\"1213\" data-end=\"1253\"><strong data-start=\"1213\" data-end=\"1224\">Mati\u00e8re<\/strong> : Tissu peluche ultra doux<\/p>\n<\/li>\n<li data-start=\"1254\" data-end=\"1317\">\n<p data-start=\"1256\" data-end=\"1317\"><strong data-start=\"1256\" data-end=\"1271\">Remplissage<\/strong> : Fibres recycl\u00e9es et granul\u00e9s de plastique<\/p>\n<\/li>\n<li data-start=\"1318\" data-end=\"1354\">\n<p data-start=\"1320\" data-end=\"1354\"><strong data-start=\"1320\" data-end=\"1337\">Articulations<\/strong> : Non articul\u00e9<\/p>\n<\/li>\n<li data-start=\"1355\" data-end=\"1416\">\n<p data-start=\"1357\" data-end=\"1416\"><strong data-start=\"1357\" data-end=\"1370\">Entretien<\/strong> : Lavable en machine \u00e0 30\u00b0C (cycle d\u00e9licat)<\/p>\n<\/li>\n<li data-start=\"1417\" data-end=\"1458\">\n<p data-start=\"1419\" data-end=\"1458\"><strong data-start=\"1419\" data-end=\"1437\">\u00c2ge recommand\u00e9<\/strong> : D\u00e8s la naissance<\/p>\n<\/li>\n<\/ul>\n<p data-start=\"1460\" data-end=\"1673\" data-is-last-node=\"\" data-is-only-node=\"\">Avec <strong data-start=\"1465\" data-end=\"1481\">Puddy Kitten<\/strong>, offrez un compagnon fid\u00e8le et apaisant qui accompagnera les plus petits dans tous leurs moments importants. Une peluche douce, s\u00fbre et pleine d&rsquo;amour\u2026 \u00e0 garder tout pr\u00e8s de soi, pour la vie.<\/p>\n","protected":false},"excerpt":{"rendered":"<p data-start=\"92\" data-end=\"554\">Tout droit sortie de la collection <em data-start=\"127\" data-end=\"138\">Bear &amp; Me<\/em> sign\u00e9e <strong data-start=\"146\" data-end=\"163\">Charlie Bears<\/strong>, la peluche <strong data-start=\"176\" data-end=\"192\">Puddy Kitten<\/strong> est un adorable petit chaton gris nuage con\u00e7u pour devenir le tout premier compagnon de tendresse de votre enfant. Cette collection a \u00e9t\u00e9 pens\u00e9e pour offrir aux tout-petits des peluches douces, s\u00fbres et rassurantes d\u00e8s la naissance. Avec son pelage <strong data-start=\"442\" data-end=\"476\">ultra doux couleur gris argent<\/strong>, Puddy s\u00e9duit par sa simplicit\u00e9 attendrissante et son design tout en rondeur.<\/p>\n<p data-start=\"556\" data-end=\"997\">Puddy Kitten est <strong data-start=\"573\" data-end=\"589\">non articul\u00e9<\/strong>, lavable en machine et <strong data-start=\"613\" data-end=\"643\">enti\u00e8rement fini \u00e0 la main<\/strong> pour garantir une qualit\u00e9 irr\u00e9prochable. Avec ses <strong data-start=\"694\" data-end=\"720\">grands yeux expressifs<\/strong>, son museau d\u00e9licat et ses pattes toutes douces, il s\u2019adapte \u00e0 toutes les petites mains et promet de rester pr\u00e8s de votre enfant jour et nuit. Que ce soit pour un cadeau de naissance, une premi\u00e8re peluche ou un nouvel ami \u00e0 c\u00e2liner, Puddy sera toujours l\u00e0, pr\u00eat \u00e0 r\u00e9conforter.<\/p>\n","protected":false},"featured_media":6440,"comment_status":"closed","ping_status":"closed","template":"","meta":{"_monsterinsights_skip_tracking":false,"_monsterinsights_sitenote_active":false,"_monsterinsights_sitenote_note":"","_monsterinsights_sitenote_category":0,"site-sidebar-layout":"default","site-content-layout":"","ast-site-content-layout":"default","site-content-style":"default","site-sidebar-style":"default","ast-global-header-display":"","ast-banner-title-visibility":"","ast-main-header-display":"","ast-hfb-above-header-display":"","ast-hfb-below-header-display":"","ast-hfb-mobile-header-display":"","site-post-title":"","ast-breadcrumbs-content":"","ast-featured-img":"","footer-sml-layout":"","ast-disable-related-posts":"","theme-transparent-header-meta":"default","adv-header-id-meta":"","stick-header-meta":"","header-above-stick-meta":"","header-main-stick-meta":"","header-below-stick-meta":"","astra-migrate-meta-layouts":"set","ast-page-background-enabled":"default","ast-page-background-meta":{"desktop":{"background-color":"","background-image":"","background-repeat":"repeat","background-position":"center center","background-size":"auto","background-attachment":"scroll","background-type":"","background-media":"","overlay-type":"","overlay-color":"","overlay-opacity":"","overlay-gradient":""},"tablet":{"background-color":"","background-image":"","background-repeat":"repeat","background-position":"center center","background-size":"auto","background-attachment":"scroll","background-type":"","background-media":"","overlay-type":"","overlay-color":"","overlay-opacity":"","overlay-gradient":""},"mobile":{"background-color":"","background-image":"","background-repeat":"repeat","background-position":"center center","background-size":"auto","background-attachment":"scroll","background-type":"","background-media":"","overlay-type":"","overlay-color":"","overlay-opacity":"","overlay-gradient":""}},"ast-content-background-meta":{"desktop":{"background-color":"var(--ast-global-color-5)","background-image":"","background-repeat":"repeat","background-position":"center center","background-size":"auto","background-attachment":"scroll","background-type":"","background-media":"","overlay-type":"","overlay-color":"","overlay-opacity":"","overlay-gradient":""},"tablet":{"background-color":"var(--ast-global-color-5)","background-image":"","background-repeat":"repeat","background-position":"center center","background-size":"auto","background-attachment":"scroll","background-type":"","background-media":"","overlay-type":"","overlay-color":"","overlay-opacity":"","overlay-gradient":""},"mobile":{"background-color":"var(--ast-global-color-5)","background-image":"","background-repeat":"repeat","background-position":"center center","background-size":"auto","background-attachment":"scroll","background-type":"","background-media":"","overlay-type":"","overlay-color":"","overlay-opacity":"","overlay-gradient":""}}},"product_brand":[],"product_cat":[44,42,34,28],"product_tag":[],"class_list":{"0":"post-6435","1":"product","2":"type-product","3":"status-publish","4":"has-post-thumbnail","6":"product_cat-cadeaux-de-naissance","7":"product_cat-charlie-bears-peluches-collection","8":"product_cat-doudous","9":"product_cat-peluches","10":"product_shipping_class-peluches-grande-taille","11":"desktop-align-center","12":"tablet-align-left","13":"mobile-align-left","15":"first","16":"instock","17":"shipping-taxable","18":"purchasable","19":"product-type-simple"},"yoast_head":"<!-- This site is optimized with the Yoast SEO plugin v27.5 - https:\/\/yoast.com\/product\/yoast-seo-wordpress\/ -->\n<title>Peluche de Chat Gris Puddy Kitten - Charlie Bears - Bear &amp; Me<\/title>\n<meta name=\"description\" content=\"D\u00e9couvrez le doudou peluche de Chat Gris Puddy Kitten Cloudy Grey de Charlie Bears de la collection Bear &amp; Me. \u00c0 adopter directement sur notre site !\" \/>\n<meta name=\"robots\" content=\"index, follow, max-snippet:-1, max-image-preview:large, max-video-preview:-1\" \/>\n<link rel=\"canonical\" href=\"https:\/\/marielleaupaysdesours.fr\/index.php\/product\/peluche-de-chat-gris-puddy-kitten-cloudy-grey-charlie-bears-bear-me\/\" \/>\n<meta property=\"og:locale\" content=\"fr_FR\" \/>\n<meta property=\"og:type\" content=\"article\" \/>\n<meta property=\"og:title\" content=\"Peluche de Chat Gris Puddy Kitten - Charlie Bears - Bear &amp; Me\" \/>\n<meta property=\"og:description\" content=\"D\u00e9couvrez le doudou peluche de Chat Gris Puddy Kitten Cloudy Grey de Charlie Bears de la collection Bear &amp; Me. \u00c0 adopter directement sur notre site !\" \/>\n<meta property=\"og:url\" content=\"https:\/\/marielleaupaysdesours.fr\/index.php\/product\/peluche-de-chat-gris-puddy-kitten-cloudy-grey-charlie-bears-bear-me\/\" \/>\n<meta property=\"og:site_name\" content=\"Marielle au Pays des Ours | Vente en ligne de peluches\" \/>\n<meta property=\"article:modified_time\" content=\"2025-11-30T10:00:02+00:00\" \/>\n<meta property=\"og:image\" content=\"https:\/\/marielleaupaysdesours.fr\/wp-content\/uploads\/2025\/02\/PUDDY-KITTEN-CLOUDY-GREY-CHARLIE-BEARS.jpg\" \/>\n\t<meta property=\"og:image:width\" content=\"640\" \/>\n\t<meta property=\"og:image:height\" content=\"862\" \/>\n\t<meta property=\"og:image:type\" content=\"image\/jpeg\" \/>\n<meta name=\"twitter:card\" content=\"summary_large_image\" \/>\n<meta name=\"twitter:label1\" content=\"Dur\u00e9e de lecture estim\u00e9e\" \/>\n\t<meta name=\"twitter:data1\" content=\"2 minutes\" \/>\n<script type=\"application\/ld+json\" class=\"yoast-schema-graph\">{\"@context\":\"https:\\\/\\\/schema.org\",\"@graph\":[{\"@type\":\"WebPage\",\"@id\":\"https:\\\/\\\/marielleaupaysdesours.fr\\\/index.php\\\/product\\\/peluche-de-chat-gris-puddy-kitten-cloudy-grey-charlie-bears-bear-me\\\/\",\"url\":\"https:\\\/\\\/marielleaupaysdesours.fr\\\/index.php\\\/product\\\/peluche-de-chat-gris-puddy-kitten-cloudy-grey-charlie-bears-bear-me\\\/\",\"name\":\"Peluche de Chat Gris Puddy Kitten - Charlie Bears - Bear & Me\",\"isPartOf\":{\"@id\":\"https:\\\/\\\/marielleaupaysdesours.fr\\\/#website\"},\"primaryImageOfPage\":{\"@id\":\"https:\\\/\\\/marielleaupaysdesours.fr\\\/index.php\\\/product\\\/peluche-de-chat-gris-puddy-kitten-cloudy-grey-charlie-bears-bear-me\\\/#primaryimage\"},\"image\":{\"@id\":\"https:\\\/\\\/marielleaupaysdesours.fr\\\/index.php\\\/product\\\/peluche-de-chat-gris-puddy-kitten-cloudy-grey-charlie-bears-bear-me\\\/#primaryimage\"},\"thumbnailUrl\":\"https:\\\/\\\/marielleaupaysdesours.fr\\\/wp-content\\\/uploads\\\/2025\\\/02\\\/PUDDY-KITTEN-CLOUDY-GREY-CHARLIE-BEARS.jpg\",\"datePublished\":\"2025-02-16T13:11:44+00:00\",\"dateModified\":\"2025-11-30T10:00:02+00:00\",\"description\":\"D\u00e9couvrez le doudou peluche de Chat Gris Puddy Kitten Cloudy Grey de Charlie Bears de la collection Bear & Me. \u00c0 adopter directement sur notre site !\",\"breadcrumb\":{\"@id\":\"https:\\\/\\\/marielleaupaysdesours.fr\\\/index.php\\\/product\\\/peluche-de-chat-gris-puddy-kitten-cloudy-grey-charlie-bears-bear-me\\\/#breadcrumb\"},\"inLanguage\":\"fr-FR\",\"potentialAction\":[{\"@type\":\"ReadAction\",\"target\":[\"https:\\\/\\\/marielleaupaysdesours.fr\\\/index.php\\\/product\\\/peluche-de-chat-gris-puddy-kitten-cloudy-grey-charlie-bears-bear-me\\\/\"]}]},{\"@type\":\"ImageObject\",\"inLanguage\":\"fr-FR\",\"@id\":\"https:\\\/\\\/marielleaupaysdesours.fr\\\/index.php\\\/product\\\/peluche-de-chat-gris-puddy-kitten-cloudy-grey-charlie-bears-bear-me\\\/#primaryimage\",\"url\":\"https:\\\/\\\/marielleaupaysdesours.fr\\\/wp-content\\\/uploads\\\/2025\\\/02\\\/PUDDY-KITTEN-CLOUDY-GREY-CHARLIE-BEARS.jpg\",\"contentUrl\":\"https:\\\/\\\/marielleaupaysdesours.fr\\\/wp-content\\\/uploads\\\/2025\\\/02\\\/PUDDY-KITTEN-CLOUDY-GREY-CHARLIE-BEARS.jpg\",\"width\":640,\"height\":862,\"caption\":\"Peluche de Chat Gris Puddy Kitten Cloudy Grey - Charlie Bears - Bear & Me\"},{\"@type\":\"BreadcrumbList\",\"@id\":\"https:\\\/\\\/marielleaupaysdesours.fr\\\/index.php\\\/product\\\/peluche-de-chat-gris-puddy-kitten-cloudy-grey-charlie-bears-bear-me\\\/#breadcrumb\",\"itemListElement\":[{\"@type\":\"ListItem\",\"position\":1,\"name\":\"Accueil\",\"item\":\"https:\\\/\\\/marielleaupaysdesours.fr\\\/\"},{\"@type\":\"ListItem\",\"position\":2,\"name\":\"Shop\",\"item\":\"https:\\\/\\\/marielleaupaysdesours.fr\\\/index.php\\\/shop\\\/\"},{\"@type\":\"ListItem\",\"position\":3,\"name\":\"Peluche de Chat Gris Puddy Kitten Cloudy Grey &#8211; Charlie Bears &#8211; Bear &#038; Me\"}]},{\"@type\":\"WebSite\",\"@id\":\"https:\\\/\\\/marielleaupaysdesours.fr\\\/#website\",\"url\":\"https:\\\/\\\/marielleaupaysdesours.fr\\\/\",\"name\":\"Marielle au Pays des Ours | Vente en ligne de peluches\",\"description\":\"vente en ligne de peluches\",\"publisher\":{\"@id\":\"https:\\\/\\\/marielleaupaysdesours.fr\\\/#organization\"},\"potentialAction\":[{\"@type\":\"SearchAction\",\"target\":{\"@type\":\"EntryPoint\",\"urlTemplate\":\"https:\\\/\\\/marielleaupaysdesours.fr\\\/?s={search_term_string}\"},\"query-input\":{\"@type\":\"PropertyValueSpecification\",\"valueRequired\":true,\"valueName\":\"search_term_string\"}}],\"inLanguage\":\"fr-FR\"},{\"@type\":\"Organization\",\"@id\":\"https:\\\/\\\/marielleaupaysdesours.fr\\\/#organization\",\"name\":\"Marielle au Pays des Ours | Vente en ligne de peluches\",\"url\":\"https:\\\/\\\/marielleaupaysdesours.fr\\\/\",\"logo\":{\"@type\":\"ImageObject\",\"inLanguage\":\"fr-FR\",\"@id\":\"https:\\\/\\\/marielleaupaysdesours.fr\\\/#\\\/schema\\\/logo\\\/image\\\/\",\"url\":\"https:\\\/\\\/marielleaupaysdesours.fr\\\/wp-content\\\/uploads\\\/2020\\\/10\\\/logo-marielle-light.jpg\",\"contentUrl\":\"https:\\\/\\\/marielleaupaysdesours.fr\\\/wp-content\\\/uploads\\\/2020\\\/10\\\/logo-marielle-light.jpg\",\"width\":500,\"height\":500,\"caption\":\"Marielle au Pays des Ours | Vente en ligne de peluches\"},\"image\":{\"@id\":\"https:\\\/\\\/marielleaupaysdesours.fr\\\/#\\\/schema\\\/logo\\\/image\\\/\"}}]}<\/script>\n<!-- \/ Yoast SEO plugin. -->","yoast_head_json":{"title":"Peluche de Chat Gris Puddy Kitten - Charlie Bears - Bear & Me","description":"D\u00e9couvrez le doudou peluche de Chat Gris Puddy Kitten Cloudy Grey de Charlie Bears de la collection Bear & Me. \u00c0 adopter directement sur notre site !","robots":{"index":"index","follow":"follow","max-snippet":"max-snippet:-1","max-image-preview":"max-image-preview:large","max-video-preview":"max-video-preview:-1"},"canonical":"https:\/\/marielleaupaysdesours.fr\/index.php\/product\/peluche-de-chat-gris-puddy-kitten-cloudy-grey-charlie-bears-bear-me\/","og_locale":"fr_FR","og_type":"article","og_title":"Peluche de Chat Gris Puddy Kitten - Charlie Bears - Bear & Me","og_description":"D\u00e9couvrez le doudou peluche de Chat Gris Puddy Kitten Cloudy Grey de Charlie Bears de la collection Bear & Me. \u00c0 adopter directement sur notre site !","og_url":"https:\/\/marielleaupaysdesours.fr\/index.php\/product\/peluche-de-chat-gris-puddy-kitten-cloudy-grey-charlie-bears-bear-me\/","og_site_name":"Marielle au Pays des Ours | Vente en ligne de peluches","article_modified_time":"2025-11-30T10:00:02+00:00","og_image":[{"width":640,"height":862,"url":"https:\/\/marielleaupaysdesours.fr\/wp-content\/uploads\/2025\/02\/PUDDY-KITTEN-CLOUDY-GREY-CHARLIE-BEARS.jpg","type":"image\/jpeg"}],"twitter_card":"summary_large_image","twitter_misc":{"Dur\u00e9e de lecture estim\u00e9e":"2 minutes"},"schema":{"@context":"https:\/\/schema.org","@graph":[{"@type":"WebPage","@id":"https:\/\/marielleaupaysdesours.fr\/index.php\/product\/peluche-de-chat-gris-puddy-kitten-cloudy-grey-charlie-bears-bear-me\/","url":"https:\/\/marielleaupaysdesours.fr\/index.php\/product\/peluche-de-chat-gris-puddy-kitten-cloudy-grey-charlie-bears-bear-me\/","name":"Peluche de Chat Gris Puddy Kitten - Charlie Bears - Bear & Me","isPartOf":{"@id":"https:\/\/marielleaupaysdesours.fr\/#website"},"primaryImageOfPage":{"@id":"https:\/\/marielleaupaysdesours.fr\/index.php\/product\/peluche-de-chat-gris-puddy-kitten-cloudy-grey-charlie-bears-bear-me\/#primaryimage"},"image":{"@id":"https:\/\/marielleaupaysdesours.fr\/index.php\/product\/peluche-de-chat-gris-puddy-kitten-cloudy-grey-charlie-bears-bear-me\/#primaryimage"},"thumbnailUrl":"https:\/\/marielleaupaysdesours.fr\/wp-content\/uploads\/2025\/02\/PUDDY-KITTEN-CLOUDY-GREY-CHARLIE-BEARS.jpg","datePublished":"2025-02-16T13:11:44+00:00","dateModified":"2025-11-30T10:00:02+00:00","description":"D\u00e9couvrez le doudou peluche de Chat Gris Puddy Kitten Cloudy Grey de Charlie Bears de la collection Bear & Me. \u00c0 adopter directement sur notre site !","breadcrumb":{"@id":"https:\/\/marielleaupaysdesours.fr\/index.php\/product\/peluche-de-chat-gris-puddy-kitten-cloudy-grey-charlie-bears-bear-me\/#breadcrumb"},"inLanguage":"fr-FR","potentialAction":[{"@type":"ReadAction","target":["https:\/\/marielleaupaysdesours.fr\/index.php\/product\/peluche-de-chat-gris-puddy-kitten-cloudy-grey-charlie-bears-bear-me\/"]}]},{"@type":"ImageObject","inLanguage":"fr-FR","@id":"https:\/\/marielleaupaysdesours.fr\/index.php\/product\/peluche-de-chat-gris-puddy-kitten-cloudy-grey-charlie-bears-bear-me\/#primaryimage","url":"https:\/\/marielleaupaysdesours.fr\/wp-content\/uploads\/2025\/02\/PUDDY-KITTEN-CLOUDY-GREY-CHARLIE-BEARS.jpg","contentUrl":"https:\/\/marielleaupaysdesours.fr\/wp-content\/uploads\/2025\/02\/PUDDY-KITTEN-CLOUDY-GREY-CHARLIE-BEARS.jpg","width":640,"height":862,"caption":"Peluche de Chat Gris Puddy Kitten Cloudy Grey - Charlie Bears - Bear & Me"},{"@type":"BreadcrumbList","@id":"https:\/\/marielleaupaysdesours.fr\/index.php\/product\/peluche-de-chat-gris-puddy-kitten-cloudy-grey-charlie-bears-bear-me\/#breadcrumb","itemListElement":[{"@type":"ListItem","position":1,"name":"Accueil","item":"https:\/\/marielleaupaysdesours.fr\/"},{"@type":"ListItem","position":2,"name":"Shop","item":"https:\/\/marielleaupaysdesours.fr\/index.php\/shop\/"},{"@type":"ListItem","position":3,"name":"Peluche de Chat Gris Puddy Kitten Cloudy Grey &#8211; Charlie Bears &#8211; Bear &#038; Me"}]},{"@type":"WebSite","@id":"https:\/\/marielleaupaysdesours.fr\/#website","url":"https:\/\/marielleaupaysdesours.fr\/","name":"Marielle au Pays des Ours | Vente en ligne de peluches","description":"vente en ligne de peluches","publisher":{"@id":"https:\/\/marielleaupaysdesours.fr\/#organization"},"potentialAction":[{"@type":"SearchAction","target":{"@type":"EntryPoint","urlTemplate":"https:\/\/marielleaupaysdesours.fr\/?s={search_term_string}"},"query-input":{"@type":"PropertyValueSpecification","valueRequired":true,"valueName":"search_term_string"}}],"inLanguage":"fr-FR"},{"@type":"Organization","@id":"https:\/\/marielleaupaysdesours.fr\/#organization","name":"Marielle au Pays des Ours | Vente en ligne de peluches","url":"https:\/\/marielleaupaysdesours.fr\/","logo":{"@type":"ImageObject","inLanguage":"fr-FR","@id":"https:\/\/marielleaupaysdesours.fr\/#\/schema\/logo\/image\/","url":"https:\/\/marielleaupaysdesours.fr\/wp-content\/uploads\/2020\/10\/logo-marielle-light.jpg","contentUrl":"https:\/\/marielleaupaysdesours.fr\/wp-content\/uploads\/2020\/10\/logo-marielle-light.jpg","width":500,"height":500,"caption":"Marielle au Pays des Ours | Vente en ligne de peluches"},"image":{"@id":"https:\/\/marielleaupaysdesours.fr\/#\/schema\/logo\/image\/"}}]}},"jetpack_sharing_enabled":true,"_links":{"self":[{"href":"https:\/\/marielleaupaysdesours.fr\/index.php\/wp-json\/wp\/v2\/product\/6435","targetHints":{"allow":["GET"]}}],"collection":[{"href":"https:\/\/marielleaupaysdesours.fr\/index.php\/wp-json\/wp\/v2\/product"}],"about":[{"href":"https:\/\/marielleaupaysdesours.fr\/index.php\/wp-json\/wp\/v2\/types\/product"}],"replies":[{"embeddable":true,"href":"https:\/\/marielleaupaysdesours.fr\/index.php\/wp-json\/wp\/v2\/comments?post=6435"}],"version-history":[{"count":6,"href":"https:\/\/marielleaupaysdesours.fr\/index.php\/wp-json\/wp\/v2\/product\/6435\/revisions"}],"predecessor-version":[{"id":6634,"href":"https:\/\/marielleaupaysdesours.fr\/index.php\/wp-json\/wp\/v2\/product\/6435\/revisions\/6634"}],"wp:featuredmedia":[{"embeddable":true,"href":"https:\/\/marielleaupaysdesours.fr\/index.php\/wp-json\/wp\/v2\/media\/6440"}],"wp:attachment":[{"href":"https:\/\/marielleaupaysdesours.fr\/index.php\/wp-json\/wp\/v2\/media?parent=6435"}],"wp:term":[{"taxonomy":"product_brand","embeddable":true,"href":"https:\/\/marielleaupaysdesours.fr\/index.php\/wp-json\/wp\/v2\/product_brand?post=6435"},{"taxonomy":"product_cat","embeddable":true,"href":"https:\/\/marielleaupaysdesours.fr\/index.php\/wp-json\/wp\/v2\/product_cat?post=6435"},{"taxonomy":"product_tag","embeddable":true,"href":"https:\/\/marielleaupaysdesours.fr\/index.php\/wp-json\/wp\/v2\/product_tag?post=6435"}],"curies":[{"name":"wp","href":"https:\/\/api.w.org\/{rel}","templated":true}]}}