{"id":6426,"date":"2025-02-16T13:51:12","date_gmt":"2025-02-16T12:51:12","guid":{"rendered":"https:\/\/marielleaupaysdesours.fr\/?post_type=product&#038;p=6426"},"modified":"2025-12-05T20:50:23","modified_gmt":"2025-12-05T19:50:23","slug":"effie-elephantcloudy-grey-l-bear-and-me-charlie-bears","status":"publish","type":"product","link":"https:\/\/marielleaupaysdesours.fr\/index.php\/product\/effie-elephantcloudy-grey-l-bear-and-me-charlie-bears\/","title":{"rendered":"EFFIE ELEPHANTCLOUDY GREY  L  BEAR AND ME CHARLIE BEARS"},"content":{"rendered":"<p>Ours et moi par Charlie Bears est une nouvelle gamme d&rsquo;ours et de personnages en peluche tout simplement magnifiques. Ces nouvelles petites peluches sont absolument irr\u00e9sistibles, elles sont extr\u00eamement douces et tendres.<\/p>\n<p>Adapt\u00e9 d\u00e8s la naissance, les enfants de tous \u00e2ges emporteront leur personnage Ours &#038; Moi avec eux partout o\u00f9 ils iront.<\/p>\n<p>Rencontrez Effie, le doux g\u00e9ant de la toute nouvelle gamme Bear &#038; Me.<\/p>\n<p>Effie est un \u00e9l\u00e9phant non articul\u00e9, lavable en machine, fabriqu\u00e9 en peluche gris fonc\u00e9 ultra douce et sera un ajout r\u00e9confortant \u00e0 la famille, s\u00fbr d&rsquo;\u00eatre un ami r\u00e9confortant et apaisant.<\/p>\n<p>Fini \u00e0 la main avec amour et soin, Effie mesure 38 cm \/ 15&Prime; de hauteur, offrant une pr\u00e9sence tactile qui fait de chaque c\u00e2lin une exp\u00e9rience \u00e0 ch\u00e9rir. <\/p>\n<p>Toujours \u00e0 tes c\u00f4t\u00e9s. <\/p>\n<p>Caract\u00e9ristiques :<\/p>\n<p>Convient d\u00e8s la naissance<br \/>\nHauteur 38 cm \/ 15&Prime;<br \/>\nTissus en peluche<br \/>\nRempli de fibres recycl\u00e9es et de granul\u00e9s de plastique<br \/>\nLavable en machine \u00e0 30\u00b0C (cycle d\u00e9licat).<\/p>\n","protected":false},"excerpt":{"rendered":"<p>Ours et moi par Charlie Bears est une nouvelle gamme d&rsquo;ours et de personnages en peluche tout simplement magnifiques.<\/p>\n<p>Adapt\u00e9 d\u00e8s la naissance, les enfants de tous \u00e2ges emporteront leur personnage Ours &#038; Moi avec eux partout o\u00f9 ils iront.<\/p>\n","protected":false},"featured_media":6427,"comment_status":"closed","ping_status":"closed","template":"","meta":{"_monsterinsights_skip_tracking":false,"_monsterinsights_sitenote_active":false,"_monsterinsights_sitenote_note":"","_monsterinsights_sitenote_category":0,"site-sidebar-layout":"default","site-content-layout":"","ast-site-content-layout":"default","site-content-style":"default","site-sidebar-style":"default","ast-global-header-display":"","ast-banner-title-visibility":"","ast-main-header-display":"","ast-hfb-above-header-display":"","ast-hfb-below-header-display":"","ast-hfb-mobile-header-display":"","site-post-title":"","ast-breadcrumbs-content":"","ast-featured-img":"","footer-sml-layout":"","ast-disable-related-posts":"","theme-transparent-header-meta":"default","adv-header-id-meta":"","stick-header-meta":"","header-above-stick-meta":"","header-main-stick-meta":"","header-below-stick-meta":"","astra-migrate-meta-layouts":"set","ast-page-background-enabled":"default","ast-page-background-meta":{"desktop":{"background-color":"","background-image":"","background-repeat":"repeat","background-position":"center center","background-size":"auto","background-attachment":"scroll","background-type":"","background-media":"","overlay-type":"","overlay-color":"","overlay-opacity":"","overlay-gradient":""},"tablet":{"background-color":"","background-image":"","background-repeat":"repeat","background-position":"center center","background-size":"auto","background-attachment":"scroll","background-type":"","background-media":"","overlay-type":"","overlay-color":"","overlay-opacity":"","overlay-gradient":""},"mobile":{"background-color":"","background-image":"","background-repeat":"repeat","background-position":"center center","background-size":"auto","background-attachment":"scroll","background-type":"","background-media":"","overlay-type":"","overlay-color":"","overlay-opacity":"","overlay-gradient":""}},"ast-content-background-meta":{"desktop":{"background-color":"var(--ast-global-color-5)","background-image":"","background-repeat":"repeat","background-position":"center center","background-size":"auto","background-attachment":"scroll","background-type":"","background-media":"","overlay-type":"","overlay-color":"","overlay-opacity":"","overlay-gradient":""},"tablet":{"background-color":"var(--ast-global-color-5)","background-image":"","background-repeat":"repeat","background-position":"center center","background-size":"auto","background-attachment":"scroll","background-type":"","background-media":"","overlay-type":"","overlay-color":"","overlay-opacity":"","overlay-gradient":""},"mobile":{"background-color":"var(--ast-global-color-5)","background-image":"","background-repeat":"repeat","background-position":"center center","background-size":"auto","background-attachment":"scroll","background-type":"","background-media":"","overlay-type":"","overlay-color":"","overlay-opacity":"","overlay-gradient":""}}},"product_brand":[],"product_cat":[44,42,34,28],"product_tag":[],"class_list":{"0":"post-6426","1":"product","2":"type-product","3":"status-publish","4":"has-post-thumbnail","6":"product_cat-cadeaux-de-naissance","7":"product_cat-charlie-bears-peluches-collection","8":"product_cat-doudous","9":"product_cat-peluches","10":"product_shipping_class-expedition-intermediaire","11":"desktop-align-center","12":"tablet-align-left","13":"mobile-align-left","15":"first","16":"instock","17":"shipping-taxable","18":"purchasable","19":"product-type-simple"},"yoast_head":"<!-- This site is optimized with the Yoast SEO plugin v27.4 - https:\/\/yoast.com\/product\/yoast-seo-wordpress\/ -->\n<title>EFFIE ELEPHANTCLOUDY GREY L BEAR AND ME CHARLIE BEARS - Marielle au Pays des Ours | Vente en ligne de peluches<\/title>\n<meta name=\"description\" content=\"Voici la collection des tres doux de Charlie et qui va faire parler d&#039;elle. Je m&#039;appelle Effie, venez me chercher sur marielleaupaysdesours.fr\" \/>\n<meta name=\"robots\" content=\"index, follow, max-snippet:-1, max-image-preview:large, max-video-preview:-1\" \/>\n<link rel=\"canonical\" href=\"https:\/\/marielleaupaysdesours.fr\/index.php\/product\/effie-elephantcloudy-grey-l-bear-and-me-charlie-bears\/\" \/>\n<meta property=\"og:locale\" content=\"fr_FR\" \/>\n<meta property=\"og:type\" content=\"article\" \/>\n<meta property=\"og:title\" content=\"EFFIE ELEPHANTCLOUDY GREY L BEAR AND ME CHARLIE BEARS - Marielle au Pays des Ours | Vente en ligne de peluches\" \/>\n<meta property=\"og:description\" content=\"Voici la collection des tres doux de Charlie et qui va faire parler d&#039;elle. Je m&#039;appelle Effie, venez me chercher sur marielleaupaysdesours.fr\" \/>\n<meta property=\"og:url\" content=\"https:\/\/marielleaupaysdesours.fr\/index.php\/product\/effie-elephantcloudy-grey-l-bear-and-me-charlie-bears\/\" \/>\n<meta property=\"og:site_name\" content=\"Marielle au Pays des Ours | Vente en ligne de peluches\" \/>\n<meta property=\"article:modified_time\" content=\"2025-12-05T19:50:23+00:00\" \/>\n<meta property=\"og:image\" content=\"https:\/\/marielleaupaysdesours.fr\/wp-content\/uploads\/2025\/02\/ELEPHANT-EFFIE-BEAR-AND-ME-CHARLIE.webp\" \/>\n\t<meta property=\"og:image:width\" content=\"700\" \/>\n\t<meta property=\"og:image:height\" content=\"700\" \/>\n\t<meta property=\"og:image:type\" content=\"image\/webp\" \/>\n<meta name=\"twitter:card\" content=\"summary_large_image\" \/>\n<meta name=\"twitter:label1\" content=\"Dur\u00e9e de lecture estim\u00e9e\" \/>\n\t<meta name=\"twitter:data1\" content=\"1 minute\" \/>\n<script type=\"application\/ld+json\" class=\"yoast-schema-graph\">{\"@context\":\"https:\\\/\\\/schema.org\",\"@graph\":[{\"@type\":\"WebPage\",\"@id\":\"https:\\\/\\\/marielleaupaysdesours.fr\\\/index.php\\\/product\\\/effie-elephantcloudy-grey-l-bear-and-me-charlie-bears\\\/\",\"url\":\"https:\\\/\\\/marielleaupaysdesours.fr\\\/index.php\\\/product\\\/effie-elephantcloudy-grey-l-bear-and-me-charlie-bears\\\/\",\"name\":\"EFFIE ELEPHANTCLOUDY GREY L BEAR AND ME CHARLIE BEARS - Marielle au Pays des Ours | Vente en ligne de peluches\",\"isPartOf\":{\"@id\":\"https:\\\/\\\/marielleaupaysdesours.fr\\\/#website\"},\"primaryImageOfPage\":{\"@id\":\"https:\\\/\\\/marielleaupaysdesours.fr\\\/index.php\\\/product\\\/effie-elephantcloudy-grey-l-bear-and-me-charlie-bears\\\/#primaryimage\"},\"image\":{\"@id\":\"https:\\\/\\\/marielleaupaysdesours.fr\\\/index.php\\\/product\\\/effie-elephantcloudy-grey-l-bear-and-me-charlie-bears\\\/#primaryimage\"},\"thumbnailUrl\":\"https:\\\/\\\/marielleaupaysdesours.fr\\\/wp-content\\\/uploads\\\/2025\\\/02\\\/ELEPHANT-EFFIE-BEAR-AND-ME-CHARLIE.webp\",\"datePublished\":\"2025-02-16T12:51:12+00:00\",\"dateModified\":\"2025-12-05T19:50:23+00:00\",\"description\":\"Voici la collection des tres doux de Charlie et qui va faire parler d'elle. Je m'appelle Effie, venez me chercher sur marielleaupaysdesours.fr\",\"breadcrumb\":{\"@id\":\"https:\\\/\\\/marielleaupaysdesours.fr\\\/index.php\\\/product\\\/effie-elephantcloudy-grey-l-bear-and-me-charlie-bears\\\/#breadcrumb\"},\"inLanguage\":\"fr-FR\",\"potentialAction\":[{\"@type\":\"ReadAction\",\"target\":[\"https:\\\/\\\/marielleaupaysdesours.fr\\\/index.php\\\/product\\\/effie-elephantcloudy-grey-l-bear-and-me-charlie-bears\\\/\"]}]},{\"@type\":\"ImageObject\",\"inLanguage\":\"fr-FR\",\"@id\":\"https:\\\/\\\/marielleaupaysdesours.fr\\\/index.php\\\/product\\\/effie-elephantcloudy-grey-l-bear-and-me-charlie-bears\\\/#primaryimage\",\"url\":\"https:\\\/\\\/marielleaupaysdesours.fr\\\/wp-content\\\/uploads\\\/2025\\\/02\\\/ELEPHANT-EFFIE-BEAR-AND-ME-CHARLIE.webp\",\"contentUrl\":\"https:\\\/\\\/marielleaupaysdesours.fr\\\/wp-content\\\/uploads\\\/2025\\\/02\\\/ELEPHANT-EFFIE-BEAR-AND-ME-CHARLIE.webp\",\"width\":700,\"height\":700},{\"@type\":\"BreadcrumbList\",\"@id\":\"https:\\\/\\\/marielleaupaysdesours.fr\\\/index.php\\\/product\\\/effie-elephantcloudy-grey-l-bear-and-me-charlie-bears\\\/#breadcrumb\",\"itemListElement\":[{\"@type\":\"ListItem\",\"position\":1,\"name\":\"Accueil\",\"item\":\"https:\\\/\\\/marielleaupaysdesours.fr\\\/\"},{\"@type\":\"ListItem\",\"position\":2,\"name\":\"Shop\",\"item\":\"https:\\\/\\\/marielleaupaysdesours.fr\\\/index.php\\\/shop\\\/\"},{\"@type\":\"ListItem\",\"position\":3,\"name\":\"EFFIE ELEPHANTCLOUDY GREY L BEAR AND ME CHARLIE BEARS\"}]},{\"@type\":\"WebSite\",\"@id\":\"https:\\\/\\\/marielleaupaysdesours.fr\\\/#website\",\"url\":\"https:\\\/\\\/marielleaupaysdesours.fr\\\/\",\"name\":\"Marielle au Pays des Ours | Vente en ligne de peluches\",\"description\":\"vente en ligne de peluches\",\"publisher\":{\"@id\":\"https:\\\/\\\/marielleaupaysdesours.fr\\\/#organization\"},\"potentialAction\":[{\"@type\":\"SearchAction\",\"target\":{\"@type\":\"EntryPoint\",\"urlTemplate\":\"https:\\\/\\\/marielleaupaysdesours.fr\\\/?s={search_term_string}\"},\"query-input\":{\"@type\":\"PropertyValueSpecification\",\"valueRequired\":true,\"valueName\":\"search_term_string\"}}],\"inLanguage\":\"fr-FR\"},{\"@type\":\"Organization\",\"@id\":\"https:\\\/\\\/marielleaupaysdesours.fr\\\/#organization\",\"name\":\"Marielle au Pays des Ours | Vente en ligne de peluches\",\"url\":\"https:\\\/\\\/marielleaupaysdesours.fr\\\/\",\"logo\":{\"@type\":\"ImageObject\",\"inLanguage\":\"fr-FR\",\"@id\":\"https:\\\/\\\/marielleaupaysdesours.fr\\\/#\\\/schema\\\/logo\\\/image\\\/\",\"url\":\"https:\\\/\\\/marielleaupaysdesours.fr\\\/wp-content\\\/uploads\\\/2020\\\/10\\\/logo-marielle-light.jpg\",\"contentUrl\":\"https:\\\/\\\/marielleaupaysdesours.fr\\\/wp-content\\\/uploads\\\/2020\\\/10\\\/logo-marielle-light.jpg\",\"width\":500,\"height\":500,\"caption\":\"Marielle au Pays des Ours | Vente en ligne de peluches\"},\"image\":{\"@id\":\"https:\\\/\\\/marielleaupaysdesours.fr\\\/#\\\/schema\\\/logo\\\/image\\\/\"}}]}<\/script>\n<!-- \/ Yoast SEO plugin. -->","yoast_head_json":{"title":"EFFIE ELEPHANTCLOUDY GREY L BEAR AND ME CHARLIE BEARS - Marielle au Pays des Ours | Vente en ligne de peluches","description":"Voici la collection des tres doux de Charlie et qui va faire parler d'elle. Je m'appelle Effie, venez me chercher sur marielleaupaysdesours.fr","robots":{"index":"index","follow":"follow","max-snippet":"max-snippet:-1","max-image-preview":"max-image-preview:large","max-video-preview":"max-video-preview:-1"},"canonical":"https:\/\/marielleaupaysdesours.fr\/index.php\/product\/effie-elephantcloudy-grey-l-bear-and-me-charlie-bears\/","og_locale":"fr_FR","og_type":"article","og_title":"EFFIE ELEPHANTCLOUDY GREY L BEAR AND ME CHARLIE BEARS - Marielle au Pays des Ours | Vente en ligne de peluches","og_description":"Voici la collection des tres doux de Charlie et qui va faire parler d'elle. Je m'appelle Effie, venez me chercher sur marielleaupaysdesours.fr","og_url":"https:\/\/marielleaupaysdesours.fr\/index.php\/product\/effie-elephantcloudy-grey-l-bear-and-me-charlie-bears\/","og_site_name":"Marielle au Pays des Ours | Vente en ligne de peluches","article_modified_time":"2025-12-05T19:50:23+00:00","og_image":[{"width":700,"height":700,"url":"https:\/\/marielleaupaysdesours.fr\/wp-content\/uploads\/2025\/02\/ELEPHANT-EFFIE-BEAR-AND-ME-CHARLIE.webp","type":"image\/webp"}],"twitter_card":"summary_large_image","twitter_misc":{"Dur\u00e9e de lecture estim\u00e9e":"1 minute"},"schema":{"@context":"https:\/\/schema.org","@graph":[{"@type":"WebPage","@id":"https:\/\/marielleaupaysdesours.fr\/index.php\/product\/effie-elephantcloudy-grey-l-bear-and-me-charlie-bears\/","url":"https:\/\/marielleaupaysdesours.fr\/index.php\/product\/effie-elephantcloudy-grey-l-bear-and-me-charlie-bears\/","name":"EFFIE ELEPHANTCLOUDY GREY L BEAR AND ME CHARLIE BEARS - Marielle au Pays des Ours | Vente en ligne de peluches","isPartOf":{"@id":"https:\/\/marielleaupaysdesours.fr\/#website"},"primaryImageOfPage":{"@id":"https:\/\/marielleaupaysdesours.fr\/index.php\/product\/effie-elephantcloudy-grey-l-bear-and-me-charlie-bears\/#primaryimage"},"image":{"@id":"https:\/\/marielleaupaysdesours.fr\/index.php\/product\/effie-elephantcloudy-grey-l-bear-and-me-charlie-bears\/#primaryimage"},"thumbnailUrl":"https:\/\/marielleaupaysdesours.fr\/wp-content\/uploads\/2025\/02\/ELEPHANT-EFFIE-BEAR-AND-ME-CHARLIE.webp","datePublished":"2025-02-16T12:51:12+00:00","dateModified":"2025-12-05T19:50:23+00:00","description":"Voici la collection des tres doux de Charlie et qui va faire parler d'elle. Je m'appelle Effie, venez me chercher sur marielleaupaysdesours.fr","breadcrumb":{"@id":"https:\/\/marielleaupaysdesours.fr\/index.php\/product\/effie-elephantcloudy-grey-l-bear-and-me-charlie-bears\/#breadcrumb"},"inLanguage":"fr-FR","potentialAction":[{"@type":"ReadAction","target":["https:\/\/marielleaupaysdesours.fr\/index.php\/product\/effie-elephantcloudy-grey-l-bear-and-me-charlie-bears\/"]}]},{"@type":"ImageObject","inLanguage":"fr-FR","@id":"https:\/\/marielleaupaysdesours.fr\/index.php\/product\/effie-elephantcloudy-grey-l-bear-and-me-charlie-bears\/#primaryimage","url":"https:\/\/marielleaupaysdesours.fr\/wp-content\/uploads\/2025\/02\/ELEPHANT-EFFIE-BEAR-AND-ME-CHARLIE.webp","contentUrl":"https:\/\/marielleaupaysdesours.fr\/wp-content\/uploads\/2025\/02\/ELEPHANT-EFFIE-BEAR-AND-ME-CHARLIE.webp","width":700,"height":700},{"@type":"BreadcrumbList","@id":"https:\/\/marielleaupaysdesours.fr\/index.php\/product\/effie-elephantcloudy-grey-l-bear-and-me-charlie-bears\/#breadcrumb","itemListElement":[{"@type":"ListItem","position":1,"name":"Accueil","item":"https:\/\/marielleaupaysdesours.fr\/"},{"@type":"ListItem","position":2,"name":"Shop","item":"https:\/\/marielleaupaysdesours.fr\/index.php\/shop\/"},{"@type":"ListItem","position":3,"name":"EFFIE ELEPHANTCLOUDY GREY L BEAR AND ME CHARLIE BEARS"}]},{"@type":"WebSite","@id":"https:\/\/marielleaupaysdesours.fr\/#website","url":"https:\/\/marielleaupaysdesours.fr\/","name":"Marielle au Pays des Ours | Vente en ligne de peluches","description":"vente en ligne de peluches","publisher":{"@id":"https:\/\/marielleaupaysdesours.fr\/#organization"},"potentialAction":[{"@type":"SearchAction","target":{"@type":"EntryPoint","urlTemplate":"https:\/\/marielleaupaysdesours.fr\/?s={search_term_string}"},"query-input":{"@type":"PropertyValueSpecification","valueRequired":true,"valueName":"search_term_string"}}],"inLanguage":"fr-FR"},{"@type":"Organization","@id":"https:\/\/marielleaupaysdesours.fr\/#organization","name":"Marielle au Pays des Ours | Vente en ligne de peluches","url":"https:\/\/marielleaupaysdesours.fr\/","logo":{"@type":"ImageObject","inLanguage":"fr-FR","@id":"https:\/\/marielleaupaysdesours.fr\/#\/schema\/logo\/image\/","url":"https:\/\/marielleaupaysdesours.fr\/wp-content\/uploads\/2020\/10\/logo-marielle-light.jpg","contentUrl":"https:\/\/marielleaupaysdesours.fr\/wp-content\/uploads\/2020\/10\/logo-marielle-light.jpg","width":500,"height":500,"caption":"Marielle au Pays des Ours | Vente en ligne de peluches"},"image":{"@id":"https:\/\/marielleaupaysdesours.fr\/#\/schema\/logo\/image\/"}}]}},"jetpack_sharing_enabled":true,"_links":{"self":[{"href":"https:\/\/marielleaupaysdesours.fr\/index.php\/wp-json\/wp\/v2\/product\/6426","targetHints":{"allow":["GET"]}}],"collection":[{"href":"https:\/\/marielleaupaysdesours.fr\/index.php\/wp-json\/wp\/v2\/product"}],"about":[{"href":"https:\/\/marielleaupaysdesours.fr\/index.php\/wp-json\/wp\/v2\/types\/product"}],"replies":[{"embeddable":true,"href":"https:\/\/marielleaupaysdesours.fr\/index.php\/wp-json\/wp\/v2\/comments?post=6426"}],"version-history":[{"count":1,"href":"https:\/\/marielleaupaysdesours.fr\/index.php\/wp-json\/wp\/v2\/product\/6426\/revisions"}],"predecessor-version":[{"id":6428,"href":"https:\/\/marielleaupaysdesours.fr\/index.php\/wp-json\/wp\/v2\/product\/6426\/revisions\/6428"}],"wp:featuredmedia":[{"embeddable":true,"href":"https:\/\/marielleaupaysdesours.fr\/index.php\/wp-json\/wp\/v2\/media\/6427"}],"wp:attachment":[{"href":"https:\/\/marielleaupaysdesours.fr\/index.php\/wp-json\/wp\/v2\/media?parent=6426"}],"wp:term":[{"taxonomy":"product_brand","embeddable":true,"href":"https:\/\/marielleaupaysdesours.fr\/index.php\/wp-json\/wp\/v2\/product_brand?post=6426"},{"taxonomy":"product_cat","embeddable":true,"href":"https:\/\/marielleaupaysdesours.fr\/index.php\/wp-json\/wp\/v2\/product_cat?post=6426"},{"taxonomy":"product_tag","embeddable":true,"href":"https:\/\/marielleaupaysdesours.fr\/index.php\/wp-json\/wp\/v2\/product_tag?post=6426"}],"curies":[{"name":"wp","href":"https:\/\/api.w.org\/{rel}","templated":true}]}}