{"id":6324,"date":"2024-12-18T23:39:18","date_gmt":"2024-12-18T22:39:18","guid":{"rendered":"https:\/\/marielleaupaysdesours.fr\/?post_type=product&#038;p=6324"},"modified":"2025-11-27T11:36:08","modified_gmt":"2025-11-27T10:36:08","slug":"ours-en-peluche-couleur-marron-lours-francais-35-cm","status":"publish","type":"product","link":"https:\/\/marielleaupaysdesours.fr\/index.php\/product\/ours-en-peluche-couleur-marron-lours-francais-35-cm\/","title":{"rendered":"Ours en Peluche couleur marron &#8211; L&rsquo;Ours Fran\u00e7ais- 35 CM"},"content":{"rendered":"<p>Offrez une peluche d\u2019exception avec cet ours en peluche articul\u00e9 couleur marron, con\u00e7u avec soin par <strong>L\u2019Ours Fran\u00e7ais<\/strong>. Bien plus qu\u2019un simple jouet, cet ours incarne l\u2019\u00e9l\u00e9gance et le raffinement du savoir-faire artisanal fran\u00e7ais. Gr\u00e2ce \u00e0 son articulation brevet\u00e9e Fleximoov\u00ae, il peut \u00eatre positionn\u00e9 dans diverses postures, ajoutant une touche r\u00e9aliste et interactive \u00e0 chaque moment de jeu. Fabriqu\u00e9 dans l\u2019atelier de <a href=\"https:\/\/www.tourismebretagne.com\/destinations\/les-10-destinations\/rennes-et-les-portes-de-bretagne\/la-guerche-de-bretagne\/\"><strong>La Guerche-de-Bretagne<\/strong><\/a>, cet ours t\u00e9moigne de la qualit\u00e9 et de l\u2019engagement d\u2019une fabrication locale et \u00e9coresponsable. Parfait pour les enfants et les collectionneurs, il deviendra rapidement un compagnon fid\u00e8le et chaleureux.<\/p>\n<p><strong>D\u00e9tails du produit<\/strong> :<\/p>\n<ul>\n<li><strong>Nom<\/strong> : Ours en Peluche Couleur Marron<\/li>\n<li><strong>Marque<\/strong> : L\u2019Ours Fran\u00e7ais<\/li>\n<li><strong>Type<\/strong> : Ours articul\u00e9<\/li>\n<li><strong>Taille<\/strong> : 35 cm<\/li>\n<li><strong>Couleur<\/strong> : Marron chaud et naturel<\/li>\n<li><strong>Mat\u00e9riaux<\/strong> : Fourrure douce et r\u00e9sistante, finition soign\u00e9e<\/li>\n<li><strong>Articulation<\/strong> : Technologie brevet\u00e9e Fleximoov\u00ae<\/li>\n<li><strong>Origine<\/strong> : Fabrication fran\u00e7aise (La Guerche-de-Bretagne)<\/li>\n<li><strong>Entretien<\/strong> : Lavage d\u00e9licat \u00e0 la main ou en machine (cycle d\u00e9licat \u00e0 30\u00b0)<\/li>\n<li><strong>Public<\/strong> : Convient aux b\u00e9b\u00e9s et aux enfants d\u00e8s la naissance<\/li>\n<\/ul>\n<p><strong>Pourquoi choisir cet ours ?<\/strong><\/p>\n<p>Cet ours en peluche couleur marron allie douceur, robustesse et esth\u00e9tisme. Son articulation Fleximoov\u00ae offre une exp\u00e9rience unique en permettant de le positionner facilement pour le jeu ou la d\u00e9coration. Con\u00e7u et fabriqu\u00e9 en France avec des mat\u00e9riaux de haute qualit\u00e9, il garantit une durabilit\u00e9 optimale et respecte les normes de s\u00e9curit\u00e9 europ\u00e9ennes. Chez Marielle au Pays des Ours, nous nous engageons \u00e0 vous offrir une exp\u00e9rience d\u2019achat exceptionnelle, avec un service apr\u00e8s-vente attentif et r\u00e9actif. Faites le choix d\u2019un compagnon intemporel et adoptez cet ours fran\u00e7ais, pour un cadeau empreint de chaleur et de tendresse !<\/p>\n<p>Il y a toujours de la place pour un ours de plus!<\/p>\n","protected":false},"excerpt":{"rendered":"<p>Offrez une peluche d\u2019exception avec cet ours en peluche articul\u00e9 couleur marron, con\u00e7u avec soin par L\u2019Ours Fran\u00e7ais. Bien plus qu\u2019un simple jouet, cet ours incarne l\u2019\u00e9l\u00e9gance et le raffinement du savoir-faire artisanal fran\u00e7ais. Gr\u00e2ce \u00e0 son articulation brevet\u00e9e Fleximoov\u00ae, il peut \u00eatre positionn\u00e9 dans diverses postures, ajoutant une touche r\u00e9aliste et interactive \u00e0 chaque moment de jeu. Fabriqu\u00e9 dans l\u2019atelier de La Guerche-de-Bretagne, cet ours t\u00e9moigne de la qualit\u00e9 et de l\u2019engagement d\u2019une fabrication locale et \u00e9coresponsable. Parfait pour les enfants et les collectionneurs, il deviendra rapidement un compagnon fid\u00e8le et chaleureux.<\/p>\n","protected":false},"featured_media":6318,"comment_status":"closed","ping_status":"closed","template":"","meta":{"_monsterinsights_skip_tracking":false,"_monsterinsights_sitenote_active":false,"_monsterinsights_sitenote_note":"","_monsterinsights_sitenote_category":0,"site-sidebar-layout":"default","site-content-layout":"","ast-site-content-layout":"default","site-content-style":"default","site-sidebar-style":"default","ast-global-header-display":"","ast-banner-title-visibility":"","ast-main-header-display":"","ast-hfb-above-header-display":"","ast-hfb-below-header-display":"","ast-hfb-mobile-header-display":"","site-post-title":"","ast-breadcrumbs-content":"","ast-featured-img":"","footer-sml-layout":"","ast-disable-related-posts":"","theme-transparent-header-meta":"default","adv-header-id-meta":"","stick-header-meta":"","header-above-stick-meta":"","header-main-stick-meta":"","header-below-stick-meta":"","astra-migrate-meta-layouts":"set","ast-page-background-enabled":"default","ast-page-background-meta":{"desktop":{"background-color":"","background-image":"","background-repeat":"repeat","background-position":"center center","background-size":"auto","background-attachment":"scroll","background-type":"","background-media":"","overlay-type":"","overlay-color":"","overlay-opacity":"","overlay-gradient":""},"tablet":{"background-color":"","background-image":"","background-repeat":"repeat","background-position":"center center","background-size":"auto","background-attachment":"scroll","background-type":"","background-media":"","overlay-type":"","overlay-color":"","overlay-opacity":"","overlay-gradient":""},"mobile":{"background-color":"","background-image":"","background-repeat":"repeat","background-position":"center center","background-size":"auto","background-attachment":"scroll","background-type":"","background-media":"","overlay-type":"","overlay-color":"","overlay-opacity":"","overlay-gradient":""}},"ast-content-background-meta":{"desktop":{"background-color":"var(--ast-global-color-5)","background-image":"","background-repeat":"repeat","background-position":"center center","background-size":"auto","background-attachment":"scroll","background-type":"","background-media":"","overlay-type":"","overlay-color":"","overlay-opacity":"","overlay-gradient":""},"tablet":{"background-color":"var(--ast-global-color-5)","background-image":"","background-repeat":"repeat","background-position":"center center","background-size":"auto","background-attachment":"scroll","background-type":"","background-media":"","overlay-type":"","overlay-color":"","overlay-opacity":"","overlay-gradient":""},"mobile":{"background-color":"var(--ast-global-color-5)","background-image":"","background-repeat":"repeat","background-position":"center center","background-size":"auto","background-attachment":"scroll","background-type":"","background-media":"","overlay-type":"","overlay-color":"","overlay-opacity":"","overlay-gradient":""}}},"product_brand":[],"product_cat":[54,65],"product_tag":[],"class_list":{"0":"post-6324","1":"product","2":"type-product","3":"status-publish","4":"has-post-thumbnail","6":"product_cat-100-100-francais","7":"product_cat-lours-francais","8":"product_shipping_class-expedition-intermediaire","9":"desktop-align-center","10":"tablet-align-left","11":"mobile-align-left","13":"first","14":"instock","15":"sale","16":"shipping-taxable","17":"purchasable","18":"product-type-simple"},"yoast_head":"<!-- This site is optimized with the Yoast SEO plugin v27.3 - https:\/\/yoast.com\/product\/yoast-seo-wordpress\/ -->\n<title>Ours en Peluche couleur marron - L&#039;Ours Fran\u00e7ais- 35 CM<\/title>\n<meta name=\"description\" content=\"Offrez la douceur et la tendresse d\u2019un ourson articul\u00e9 ! Unique, cet ours en peluche couleur marron est bien plus qu\u2019une simple peluche.\" \/>\n<meta name=\"robots\" content=\"index, follow, max-snippet:-1, max-image-preview:large, max-video-preview:-1\" \/>\n<link rel=\"canonical\" href=\"https:\/\/marielleaupaysdesours.fr\/index.php\/product\/ours-en-peluche-couleur-marron-lours-francais-35-cm\/\" \/>\n<meta property=\"og:locale\" content=\"fr_FR\" \/>\n<meta property=\"og:type\" content=\"article\" \/>\n<meta property=\"og:title\" content=\"Ours en Peluche couleur marron - L&#039;Ours Fran\u00e7ais- 35 CM\" \/>\n<meta property=\"og:description\" content=\"Offrez la douceur et la tendresse d\u2019un ourson articul\u00e9 ! Unique, cet ours en peluche couleur marron est bien plus qu\u2019une simple peluche.\" \/>\n<meta property=\"og:url\" content=\"https:\/\/marielleaupaysdesours.fr\/index.php\/product\/ours-en-peluche-couleur-marron-lours-francais-35-cm\/\" \/>\n<meta property=\"og:site_name\" content=\"Marielle au Pays des Ours | Vente en ligne de peluches\" \/>\n<meta property=\"article:modified_time\" content=\"2025-11-27T10:36:08+00:00\" \/>\n<meta property=\"og:image\" content=\"https:\/\/marielleaupaysdesours.fr\/wp-content\/uploads\/2024\/12\/L-OURS-FRANCAIS-MARRON-35-CM.jpg\" \/>\n\t<meta property=\"og:image:width\" content=\"1280\" \/>\n\t<meta property=\"og:image:height\" content=\"1984\" \/>\n\t<meta property=\"og:image:type\" content=\"image\/jpeg\" \/>\n<meta name=\"twitter:card\" content=\"summary_large_image\" \/>\n<meta name=\"twitter:label1\" content=\"Dur\u00e9e de lecture estim\u00e9e\" \/>\n\t<meta name=\"twitter:data1\" content=\"2 minutes\" \/>\n<script type=\"application\/ld+json\" class=\"yoast-schema-graph\">{\"@context\":\"https:\\\/\\\/schema.org\",\"@graph\":[{\"@type\":\"WebPage\",\"@id\":\"https:\\\/\\\/marielleaupaysdesours.fr\\\/index.php\\\/product\\\/ours-en-peluche-couleur-marron-lours-francais-35-cm\\\/\",\"url\":\"https:\\\/\\\/marielleaupaysdesours.fr\\\/index.php\\\/product\\\/ours-en-peluche-couleur-marron-lours-francais-35-cm\\\/\",\"name\":\"Ours en Peluche couleur marron - L'Ours Fran\u00e7ais- 35 CM\",\"isPartOf\":{\"@id\":\"https:\\\/\\\/marielleaupaysdesours.fr\\\/#website\"},\"primaryImageOfPage\":{\"@id\":\"https:\\\/\\\/marielleaupaysdesours.fr\\\/index.php\\\/product\\\/ours-en-peluche-couleur-marron-lours-francais-35-cm\\\/#primaryimage\"},\"image\":{\"@id\":\"https:\\\/\\\/marielleaupaysdesours.fr\\\/index.php\\\/product\\\/ours-en-peluche-couleur-marron-lours-francais-35-cm\\\/#primaryimage\"},\"thumbnailUrl\":\"https:\\\/\\\/marielleaupaysdesours.fr\\\/wp-content\\\/uploads\\\/2024\\\/12\\\/L-OURS-FRANCAIS-MARRON-35-CM.jpg\",\"datePublished\":\"2024-12-18T22:39:18+00:00\",\"dateModified\":\"2025-11-27T10:36:08+00:00\",\"description\":\"Offrez la douceur et la tendresse d\u2019un ourson articul\u00e9 ! Unique, cet ours en peluche couleur marron est bien plus qu\u2019une simple peluche.\",\"breadcrumb\":{\"@id\":\"https:\\\/\\\/marielleaupaysdesours.fr\\\/index.php\\\/product\\\/ours-en-peluche-couleur-marron-lours-francais-35-cm\\\/#breadcrumb\"},\"inLanguage\":\"fr-FR\",\"potentialAction\":[{\"@type\":\"ReadAction\",\"target\":[\"https:\\\/\\\/marielleaupaysdesours.fr\\\/index.php\\\/product\\\/ours-en-peluche-couleur-marron-lours-francais-35-cm\\\/\"]}]},{\"@type\":\"ImageObject\",\"inLanguage\":\"fr-FR\",\"@id\":\"https:\\\/\\\/marielleaupaysdesours.fr\\\/index.php\\\/product\\\/ours-en-peluche-couleur-marron-lours-francais-35-cm\\\/#primaryimage\",\"url\":\"https:\\\/\\\/marielleaupaysdesours.fr\\\/wp-content\\\/uploads\\\/2024\\\/12\\\/L-OURS-FRANCAIS-MARRON-35-CM.jpg\",\"contentUrl\":\"https:\\\/\\\/marielleaupaysdesours.fr\\\/wp-content\\\/uploads\\\/2024\\\/12\\\/L-OURS-FRANCAIS-MARRON-35-CM.jpg\",\"width\":1280,\"height\":1984,\"caption\":\"Ours en Peluche couleur marron - L'Ours Fran\u00e7ais- 35 CM\"},{\"@type\":\"BreadcrumbList\",\"@id\":\"https:\\\/\\\/marielleaupaysdesours.fr\\\/index.php\\\/product\\\/ours-en-peluche-couleur-marron-lours-francais-35-cm\\\/#breadcrumb\",\"itemListElement\":[{\"@type\":\"ListItem\",\"position\":1,\"name\":\"Accueil\",\"item\":\"https:\\\/\\\/marielleaupaysdesours.fr\\\/\"},{\"@type\":\"ListItem\",\"position\":2,\"name\":\"Shop\",\"item\":\"https:\\\/\\\/marielleaupaysdesours.fr\\\/index.php\\\/shop\\\/\"},{\"@type\":\"ListItem\",\"position\":3,\"name\":\"Ours en Peluche couleur marron &#8211; L&rsquo;Ours Fran\u00e7ais- 35 CM\"}]},{\"@type\":\"WebSite\",\"@id\":\"https:\\\/\\\/marielleaupaysdesours.fr\\\/#website\",\"url\":\"https:\\\/\\\/marielleaupaysdesours.fr\\\/\",\"name\":\"Marielle au Pays des Ours | Vente en ligne de peluches\",\"description\":\"vente en ligne de peluches\",\"publisher\":{\"@id\":\"https:\\\/\\\/marielleaupaysdesours.fr\\\/#organization\"},\"potentialAction\":[{\"@type\":\"SearchAction\",\"target\":{\"@type\":\"EntryPoint\",\"urlTemplate\":\"https:\\\/\\\/marielleaupaysdesours.fr\\\/?s={search_term_string}\"},\"query-input\":{\"@type\":\"PropertyValueSpecification\",\"valueRequired\":true,\"valueName\":\"search_term_string\"}}],\"inLanguage\":\"fr-FR\"},{\"@type\":\"Organization\",\"@id\":\"https:\\\/\\\/marielleaupaysdesours.fr\\\/#organization\",\"name\":\"Marielle au Pays des Ours | Vente en ligne de peluches\",\"url\":\"https:\\\/\\\/marielleaupaysdesours.fr\\\/\",\"logo\":{\"@type\":\"ImageObject\",\"inLanguage\":\"fr-FR\",\"@id\":\"https:\\\/\\\/marielleaupaysdesours.fr\\\/#\\\/schema\\\/logo\\\/image\\\/\",\"url\":\"https:\\\/\\\/marielleaupaysdesours.fr\\\/wp-content\\\/uploads\\\/2020\\\/10\\\/logo-marielle-light.jpg\",\"contentUrl\":\"https:\\\/\\\/marielleaupaysdesours.fr\\\/wp-content\\\/uploads\\\/2020\\\/10\\\/logo-marielle-light.jpg\",\"width\":500,\"height\":500,\"caption\":\"Marielle au Pays des Ours | Vente en ligne de peluches\"},\"image\":{\"@id\":\"https:\\\/\\\/marielleaupaysdesours.fr\\\/#\\\/schema\\\/logo\\\/image\\\/\"}}]}<\/script>\n<!-- \/ Yoast SEO plugin. -->","yoast_head_json":{"title":"Ours en Peluche couleur marron - L'Ours Fran\u00e7ais- 35 CM","description":"Offrez la douceur et la tendresse d\u2019un ourson articul\u00e9 ! Unique, cet ours en peluche couleur marron est bien plus qu\u2019une simple peluche.","robots":{"index":"index","follow":"follow","max-snippet":"max-snippet:-1","max-image-preview":"max-image-preview:large","max-video-preview":"max-video-preview:-1"},"canonical":"https:\/\/marielleaupaysdesours.fr\/index.php\/product\/ours-en-peluche-couleur-marron-lours-francais-35-cm\/","og_locale":"fr_FR","og_type":"article","og_title":"Ours en Peluche couleur marron - L'Ours Fran\u00e7ais- 35 CM","og_description":"Offrez la douceur et la tendresse d\u2019un ourson articul\u00e9 ! Unique, cet ours en peluche couleur marron est bien plus qu\u2019une simple peluche.","og_url":"https:\/\/marielleaupaysdesours.fr\/index.php\/product\/ours-en-peluche-couleur-marron-lours-francais-35-cm\/","og_site_name":"Marielle au Pays des Ours | Vente en ligne de peluches","article_modified_time":"2025-11-27T10:36:08+00:00","og_image":[{"width":1280,"height":1984,"url":"https:\/\/marielleaupaysdesours.fr\/wp-content\/uploads\/2024\/12\/L-OURS-FRANCAIS-MARRON-35-CM.jpg","type":"image\/jpeg"}],"twitter_card":"summary_large_image","twitter_misc":{"Dur\u00e9e de lecture estim\u00e9e":"2 minutes"},"schema":{"@context":"https:\/\/schema.org","@graph":[{"@type":"WebPage","@id":"https:\/\/marielleaupaysdesours.fr\/index.php\/product\/ours-en-peluche-couleur-marron-lours-francais-35-cm\/","url":"https:\/\/marielleaupaysdesours.fr\/index.php\/product\/ours-en-peluche-couleur-marron-lours-francais-35-cm\/","name":"Ours en Peluche couleur marron - L'Ours Fran\u00e7ais- 35 CM","isPartOf":{"@id":"https:\/\/marielleaupaysdesours.fr\/#website"},"primaryImageOfPage":{"@id":"https:\/\/marielleaupaysdesours.fr\/index.php\/product\/ours-en-peluche-couleur-marron-lours-francais-35-cm\/#primaryimage"},"image":{"@id":"https:\/\/marielleaupaysdesours.fr\/index.php\/product\/ours-en-peluche-couleur-marron-lours-francais-35-cm\/#primaryimage"},"thumbnailUrl":"https:\/\/marielleaupaysdesours.fr\/wp-content\/uploads\/2024\/12\/L-OURS-FRANCAIS-MARRON-35-CM.jpg","datePublished":"2024-12-18T22:39:18+00:00","dateModified":"2025-11-27T10:36:08+00:00","description":"Offrez la douceur et la tendresse d\u2019un ourson articul\u00e9 ! Unique, cet ours en peluche couleur marron est bien plus qu\u2019une simple peluche.","breadcrumb":{"@id":"https:\/\/marielleaupaysdesours.fr\/index.php\/product\/ours-en-peluche-couleur-marron-lours-francais-35-cm\/#breadcrumb"},"inLanguage":"fr-FR","potentialAction":[{"@type":"ReadAction","target":["https:\/\/marielleaupaysdesours.fr\/index.php\/product\/ours-en-peluche-couleur-marron-lours-francais-35-cm\/"]}]},{"@type":"ImageObject","inLanguage":"fr-FR","@id":"https:\/\/marielleaupaysdesours.fr\/index.php\/product\/ours-en-peluche-couleur-marron-lours-francais-35-cm\/#primaryimage","url":"https:\/\/marielleaupaysdesours.fr\/wp-content\/uploads\/2024\/12\/L-OURS-FRANCAIS-MARRON-35-CM.jpg","contentUrl":"https:\/\/marielleaupaysdesours.fr\/wp-content\/uploads\/2024\/12\/L-OURS-FRANCAIS-MARRON-35-CM.jpg","width":1280,"height":1984,"caption":"Ours en Peluche couleur marron - L'Ours Fran\u00e7ais- 35 CM"},{"@type":"BreadcrumbList","@id":"https:\/\/marielleaupaysdesours.fr\/index.php\/product\/ours-en-peluche-couleur-marron-lours-francais-35-cm\/#breadcrumb","itemListElement":[{"@type":"ListItem","position":1,"name":"Accueil","item":"https:\/\/marielleaupaysdesours.fr\/"},{"@type":"ListItem","position":2,"name":"Shop","item":"https:\/\/marielleaupaysdesours.fr\/index.php\/shop\/"},{"@type":"ListItem","position":3,"name":"Ours en Peluche couleur marron &#8211; L&rsquo;Ours Fran\u00e7ais- 35 CM"}]},{"@type":"WebSite","@id":"https:\/\/marielleaupaysdesours.fr\/#website","url":"https:\/\/marielleaupaysdesours.fr\/","name":"Marielle au Pays des Ours | Vente en ligne de peluches","description":"vente en ligne de peluches","publisher":{"@id":"https:\/\/marielleaupaysdesours.fr\/#organization"},"potentialAction":[{"@type":"SearchAction","target":{"@type":"EntryPoint","urlTemplate":"https:\/\/marielleaupaysdesours.fr\/?s={search_term_string}"},"query-input":{"@type":"PropertyValueSpecification","valueRequired":true,"valueName":"search_term_string"}}],"inLanguage":"fr-FR"},{"@type":"Organization","@id":"https:\/\/marielleaupaysdesours.fr\/#organization","name":"Marielle au Pays des Ours | Vente en ligne de peluches","url":"https:\/\/marielleaupaysdesours.fr\/","logo":{"@type":"ImageObject","inLanguage":"fr-FR","@id":"https:\/\/marielleaupaysdesours.fr\/#\/schema\/logo\/image\/","url":"https:\/\/marielleaupaysdesours.fr\/wp-content\/uploads\/2020\/10\/logo-marielle-light.jpg","contentUrl":"https:\/\/marielleaupaysdesours.fr\/wp-content\/uploads\/2020\/10\/logo-marielle-light.jpg","width":500,"height":500,"caption":"Marielle au Pays des Ours | Vente en ligne de peluches"},"image":{"@id":"https:\/\/marielleaupaysdesours.fr\/#\/schema\/logo\/image\/"}}]}},"jetpack_sharing_enabled":true,"_links":{"self":[{"href":"https:\/\/marielleaupaysdesours.fr\/index.php\/wp-json\/wp\/v2\/product\/6324","targetHints":{"allow":["GET"]}}],"collection":[{"href":"https:\/\/marielleaupaysdesours.fr\/index.php\/wp-json\/wp\/v2\/product"}],"about":[{"href":"https:\/\/marielleaupaysdesours.fr\/index.php\/wp-json\/wp\/v2\/types\/product"}],"replies":[{"embeddable":true,"href":"https:\/\/marielleaupaysdesours.fr\/index.php\/wp-json\/wp\/v2\/comments?post=6324"}],"version-history":[{"count":3,"href":"https:\/\/marielleaupaysdesours.fr\/index.php\/wp-json\/wp\/v2\/product\/6324\/revisions"}],"predecessor-version":[{"id":6387,"href":"https:\/\/marielleaupaysdesours.fr\/index.php\/wp-json\/wp\/v2\/product\/6324\/revisions\/6387"}],"wp:featuredmedia":[{"embeddable":true,"href":"https:\/\/marielleaupaysdesours.fr\/index.php\/wp-json\/wp\/v2\/media\/6318"}],"wp:attachment":[{"href":"https:\/\/marielleaupaysdesours.fr\/index.php\/wp-json\/wp\/v2\/media?parent=6324"}],"wp:term":[{"taxonomy":"product_brand","embeddable":true,"href":"https:\/\/marielleaupaysdesours.fr\/index.php\/wp-json\/wp\/v2\/product_brand?post=6324"},{"taxonomy":"product_cat","embeddable":true,"href":"https:\/\/marielleaupaysdesours.fr\/index.php\/wp-json\/wp\/v2\/product_cat?post=6324"},{"taxonomy":"product_tag","embeddable":true,"href":"https:\/\/marielleaupaysdesours.fr\/index.php\/wp-json\/wp\/v2\/product_tag?post=6324"}],"curies":[{"name":"wp","href":"https:\/\/api.w.org\/{rel}","templated":true}]}}