{"id":6316,"date":"2024-12-18T23:35:01","date_gmt":"2024-12-18T22:35:01","guid":{"rendered":"https:\/\/marielleaupaysdesours.fr\/?post_type=product&#038;p=6316"},"modified":"2025-10-06T15:07:16","modified_gmt":"2025-10-06T13:07:16","slug":"ours-en-peluche-couleur-bleu-marine-lours-francais-35-cm","status":"publish","type":"product","link":"https:\/\/marielleaupaysdesours.fr\/index.php\/product\/ours-en-peluche-couleur-bleu-marine-lours-francais-35-cm\/","title":{"rendered":"Ours en Peluche couleur bleu marine &#8211; L&rsquo;OURS FRANCAIS &#8211; 35 CM"},"content":{"rendered":"<p>Offrez un concentr\u00e9 d\u2019\u00e9l\u00e9gance et de douceur avec cet <strong>ours en peluche<\/strong> articul\u00e9<strong> couleur bleu marine<\/strong>, fabriqu\u00e9 avec soin par <strong>L\u2019Ours Fran\u00e7ais<\/strong>. Bien plus qu\u2019un simple jouet, cet ours est un v\u00e9ritable compagnon gr\u00e2ce \u00e0 son articulation brevet\u00e9e <strong>Fleximoov<\/strong>\u00ae, qui permet de le positionner selon vos envies. Con\u00e7u et fabriqu\u00e9 en France, dans l\u2019atelier de La Guerche-de-Bretagne, il incarne le savoir-faire et la qualit\u00e9 artisanale fran\u00e7aise. Que ce soit pour un enfant ou un collectionneur, cet ours unique deviendra rapidement un compagnon indispensable, doux et durable. Un cadeau parfait qui m\u00eale esth\u00e9tique et tendresse.<\/p>\n<p><strong>D\u00e9tails du produit<\/strong> :<\/p>\n<ul>\n<li><strong>Nom<\/strong> : Ours en Peluche Couleur Marine<\/li>\n<li><strong>Marque<\/strong> : L\u2019Ours Fran\u00e7ais<\/li>\n<li><strong>Type<\/strong> : Ours articul\u00e9<\/li>\n<li><strong>Taille<\/strong> : 35 cm<\/li>\n<li><strong>Couleur<\/strong> : Bleu marine<\/li>\n<li><strong>Mat\u00e9riaux<\/strong> : Fourrure douce et r\u00e9sistante, finition soign\u00e9e<\/li>\n<li><strong>Articulation<\/strong> : Technologie brevet\u00e9e Fleximoov\u00ae<\/li>\n<li><strong>Origine<\/strong> : Fabrication fran\u00e7aise (La Guerche-de-Bretagne)<\/li>\n<li><strong>Entretien<\/strong> : Lavage d\u00e9licat \u00e0 la main ou en machine (cycle d\u00e9licat \u00e0 30\u00b0)<\/li>\n<li><strong>Public<\/strong> : Convient aux b\u00e9b\u00e9s et aux enfants d\u00e8s la naissance<\/li>\n<\/ul>\n<p><strong>Pourquoi choisir cet ours ?<\/strong><\/p>\n<p>Ce superbe <strong>ours en peluche couleur bleu marine<\/strong> r\u00e9unit \u00e0 la fois style et authenticit\u00e9. Son articulation Fleximoov\u00ae lui conf\u00e8re un r\u00e9alisme unique, pour s\u2019adapter \u00e0 toutes les histoires et donner vie \u00e0 chaque jeu. Enti\u00e8rement con\u00e7u en France, il t\u00e9moigne d\u2019un savoir-faire artisanal de grande qualit\u00e9 et d\u2019un respect des normes europ\u00e9ennes. Chez Marielle au Pays des Ours, nous vous garantissons un service apr\u00e8s-vente r\u00e9actif et \u00e0 l\u2019\u00e9coute, pour que votre exp\u00e9rience d\u2019achat soit parfaite. Adoptez cet <strong>ours fran\u00e7ais<\/strong> et ajoutez une touche d\u2019\u00e9l\u00e9gance \u00e0 votre collection ou offrez un cadeau m\u00e9morable !<\/p>\n","protected":false},"excerpt":{"rendered":"<p>Offrez un concentr\u00e9 d\u2019\u00e9l\u00e9gance et de douceur avec cet ours en peluche articul\u00e9 couleur marine, fabriqu\u00e9 avec soin par L\u2019Ours Fran\u00e7ais. Bien plus qu\u2019un simple jouet, cet ours est un v\u00e9ritable compagnon gr\u00e2ce \u00e0 son articulation brevet\u00e9e Fleximoov\u00ae, qui permet de le positionner selon vos envies. Con\u00e7u et fabriqu\u00e9 en France, dans l\u2019atelier de La Guerche-de-Bretagne, il incarne le savoir-faire et la qualit\u00e9 artisanale fran\u00e7aise. Que ce soit pour un enfant ou un collectionneur, cet ours unique deviendra rapidement un compagnon indispensable, doux et durable. Un cadeau parfait qui m\u00eale esth\u00e9tique et tendresse.<\/p>\n","protected":false},"featured_media":6322,"comment_status":"closed","ping_status":"closed","template":"","meta":{"_monsterinsights_skip_tracking":false,"_monsterinsights_sitenote_active":false,"_monsterinsights_sitenote_note":"","_monsterinsights_sitenote_category":0,"site-sidebar-layout":"default","site-content-layout":"","ast-site-content-layout":"default","site-content-style":"default","site-sidebar-style":"default","ast-global-header-display":"","ast-banner-title-visibility":"","ast-main-header-display":"","ast-hfb-above-header-display":"","ast-hfb-below-header-display":"","ast-hfb-mobile-header-display":"","site-post-title":"","ast-breadcrumbs-content":"","ast-featured-img":"","footer-sml-layout":"","ast-disable-related-posts":"","theme-transparent-header-meta":"default","adv-header-id-meta":"","stick-header-meta":"","header-above-stick-meta":"","header-main-stick-meta":"","header-below-stick-meta":"","astra-migrate-meta-layouts":"set","ast-page-background-enabled":"default","ast-page-background-meta":{"desktop":{"background-color":"","background-image":"","background-repeat":"repeat","background-position":"center center","background-size":"auto","background-attachment":"scroll","background-type":"","background-media":"","overlay-type":"","overlay-color":"","overlay-opacity":"","overlay-gradient":""},"tablet":{"background-color":"","background-image":"","background-repeat":"repeat","background-position":"center center","background-size":"auto","background-attachment":"scroll","background-type":"","background-media":"","overlay-type":"","overlay-color":"","overlay-opacity":"","overlay-gradient":""},"mobile":{"background-color":"","background-image":"","background-repeat":"repeat","background-position":"center center","background-size":"auto","background-attachment":"scroll","background-type":"","background-media":"","overlay-type":"","overlay-color":"","overlay-opacity":"","overlay-gradient":""}},"ast-content-background-meta":{"desktop":{"background-color":"var(--ast-global-color-5)","background-image":"","background-repeat":"repeat","background-position":"center center","background-size":"auto","background-attachment":"scroll","background-type":"","background-media":"","overlay-type":"","overlay-color":"","overlay-opacity":"","overlay-gradient":""},"tablet":{"background-color":"var(--ast-global-color-5)","background-image":"","background-repeat":"repeat","background-position":"center center","background-size":"auto","background-attachment":"scroll","background-type":"","background-media":"","overlay-type":"","overlay-color":"","overlay-opacity":"","overlay-gradient":""},"mobile":{"background-color":"var(--ast-global-color-5)","background-image":"","background-repeat":"repeat","background-position":"center center","background-size":"auto","background-attachment":"scroll","background-type":"","background-media":"","overlay-type":"","overlay-color":"","overlay-opacity":"","overlay-gradient":""}}},"product_brand":[],"product_cat":[54,65],"product_tag":[],"class_list":{"0":"post-6316","1":"product","2":"type-product","3":"status-publish","4":"has-post-thumbnail","6":"product_cat-100-100-francais","7":"product_cat-lours-francais","8":"product_shipping_class-expedition-intermediaire","9":"desktop-align-center","10":"tablet-align-left","11":"mobile-align-left","13":"first","14":"instock","15":"shipping-taxable","16":"purchasable","17":"product-type-simple"},"yoast_head":"<!-- This site is optimized with the Yoast SEO plugin v27.3 - https:\/\/yoast.com\/product\/yoast-seo-wordpress\/ -->\n<title>Ours en Peluche couleur bleu marine - L&#039;Ours Fran\u00e7ais - 35 CM<\/title>\n<meta name=\"description\" content=\"Offrez la douceur et la tendresse d\u2019un ourson articul\u00e9 ! Unique, cet ours en peluche couleur bleu marine est bien plus qu\u2019une simple peluche.\" \/>\n<meta name=\"robots\" content=\"index, follow, max-snippet:-1, max-image-preview:large, max-video-preview:-1\" \/>\n<link rel=\"canonical\" href=\"https:\/\/marielleaupaysdesours.fr\/index.php\/product\/ours-en-peluche-couleur-bleu-marine-lours-francais-35-cm\/\" \/>\n<meta property=\"og:locale\" content=\"fr_FR\" \/>\n<meta property=\"og:type\" content=\"article\" \/>\n<meta property=\"og:title\" content=\"Ours en Peluche couleur bleu marine - L&#039;Ours Fran\u00e7ais - 35 CM\" \/>\n<meta property=\"og:description\" content=\"Offrez la douceur et la tendresse d\u2019un ourson articul\u00e9 ! Unique, cet ours en peluche couleur bleu marine est bien plus qu\u2019une simple peluche.\" \/>\n<meta property=\"og:url\" content=\"https:\/\/marielleaupaysdesours.fr\/index.php\/product\/ours-en-peluche-couleur-bleu-marine-lours-francais-35-cm\/\" \/>\n<meta property=\"og:site_name\" content=\"Marielle au Pays des Ours | Vente en ligne de peluches\" \/>\n<meta property=\"article:modified_time\" content=\"2025-10-06T13:07:16+00:00\" \/>\n<meta property=\"og:image\" content=\"https:\/\/marielleaupaysdesours.fr\/wp-content\/uploads\/2024\/12\/FR8048-1.jpg\" \/>\n\t<meta property=\"og:image:width\" content=\"1280\" \/>\n\t<meta property=\"og:image:height\" content=\"1984\" \/>\n\t<meta property=\"og:image:type\" content=\"image\/jpeg\" \/>\n<meta name=\"twitter:card\" content=\"summary_large_image\" \/>\n<meta name=\"twitter:label1\" content=\"Dur\u00e9e de lecture estim\u00e9e\" \/>\n\t<meta name=\"twitter:data1\" content=\"2 minutes\" \/>\n<script type=\"application\/ld+json\" class=\"yoast-schema-graph\">{\"@context\":\"https:\\\/\\\/schema.org\",\"@graph\":[{\"@type\":\"WebPage\",\"@id\":\"https:\\\/\\\/marielleaupaysdesours.fr\\\/index.php\\\/product\\\/ours-en-peluche-couleur-bleu-marine-lours-francais-35-cm\\\/\",\"url\":\"https:\\\/\\\/marielleaupaysdesours.fr\\\/index.php\\\/product\\\/ours-en-peluche-couleur-bleu-marine-lours-francais-35-cm\\\/\",\"name\":\"Ours en Peluche couleur bleu marine - L'Ours Fran\u00e7ais - 35 CM\",\"isPartOf\":{\"@id\":\"https:\\\/\\\/marielleaupaysdesours.fr\\\/#website\"},\"primaryImageOfPage\":{\"@id\":\"https:\\\/\\\/marielleaupaysdesours.fr\\\/index.php\\\/product\\\/ours-en-peluche-couleur-bleu-marine-lours-francais-35-cm\\\/#primaryimage\"},\"image\":{\"@id\":\"https:\\\/\\\/marielleaupaysdesours.fr\\\/index.php\\\/product\\\/ours-en-peluche-couleur-bleu-marine-lours-francais-35-cm\\\/#primaryimage\"},\"thumbnailUrl\":\"https:\\\/\\\/marielleaupaysdesours.fr\\\/wp-content\\\/uploads\\\/2024\\\/12\\\/FR8048-1.jpg\",\"datePublished\":\"2024-12-18T22:35:01+00:00\",\"dateModified\":\"2025-10-06T13:07:16+00:00\",\"description\":\"Offrez la douceur et la tendresse d\u2019un ourson articul\u00e9 ! Unique, cet ours en peluche couleur bleu marine est bien plus qu\u2019une simple peluche.\",\"breadcrumb\":{\"@id\":\"https:\\\/\\\/marielleaupaysdesours.fr\\\/index.php\\\/product\\\/ours-en-peluche-couleur-bleu-marine-lours-francais-35-cm\\\/#breadcrumb\"},\"inLanguage\":\"fr-FR\",\"potentialAction\":[{\"@type\":\"ReadAction\",\"target\":[\"https:\\\/\\\/marielleaupaysdesours.fr\\\/index.php\\\/product\\\/ours-en-peluche-couleur-bleu-marine-lours-francais-35-cm\\\/\"]}]},{\"@type\":\"ImageObject\",\"inLanguage\":\"fr-FR\",\"@id\":\"https:\\\/\\\/marielleaupaysdesours.fr\\\/index.php\\\/product\\\/ours-en-peluche-couleur-bleu-marine-lours-francais-35-cm\\\/#primaryimage\",\"url\":\"https:\\\/\\\/marielleaupaysdesours.fr\\\/wp-content\\\/uploads\\\/2024\\\/12\\\/FR8048-1.jpg\",\"contentUrl\":\"https:\\\/\\\/marielleaupaysdesours.fr\\\/wp-content\\\/uploads\\\/2024\\\/12\\\/FR8048-1.jpg\",\"width\":1280,\"height\":1984,\"caption\":\"Ours en Peluche couleur bleu marine - L'OURS FRANCAIS - 35 CM\"},{\"@type\":\"BreadcrumbList\",\"@id\":\"https:\\\/\\\/marielleaupaysdesours.fr\\\/index.php\\\/product\\\/ours-en-peluche-couleur-bleu-marine-lours-francais-35-cm\\\/#breadcrumb\",\"itemListElement\":[{\"@type\":\"ListItem\",\"position\":1,\"name\":\"Accueil\",\"item\":\"https:\\\/\\\/marielleaupaysdesours.fr\\\/\"},{\"@type\":\"ListItem\",\"position\":2,\"name\":\"Shop\",\"item\":\"https:\\\/\\\/marielleaupaysdesours.fr\\\/index.php\\\/shop\\\/\"},{\"@type\":\"ListItem\",\"position\":3,\"name\":\"Ours en Peluche couleur bleu marine &#8211; L&rsquo;OURS FRANCAIS &#8211; 35 CM\"}]},{\"@type\":\"WebSite\",\"@id\":\"https:\\\/\\\/marielleaupaysdesours.fr\\\/#website\",\"url\":\"https:\\\/\\\/marielleaupaysdesours.fr\\\/\",\"name\":\"Marielle au Pays des Ours | Vente en ligne de peluches\",\"description\":\"vente en ligne de peluches\",\"publisher\":{\"@id\":\"https:\\\/\\\/marielleaupaysdesours.fr\\\/#organization\"},\"potentialAction\":[{\"@type\":\"SearchAction\",\"target\":{\"@type\":\"EntryPoint\",\"urlTemplate\":\"https:\\\/\\\/marielleaupaysdesours.fr\\\/?s={search_term_string}\"},\"query-input\":{\"@type\":\"PropertyValueSpecification\",\"valueRequired\":true,\"valueName\":\"search_term_string\"}}],\"inLanguage\":\"fr-FR\"},{\"@type\":\"Organization\",\"@id\":\"https:\\\/\\\/marielleaupaysdesours.fr\\\/#organization\",\"name\":\"Marielle au Pays des Ours | Vente en ligne de peluches\",\"url\":\"https:\\\/\\\/marielleaupaysdesours.fr\\\/\",\"logo\":{\"@type\":\"ImageObject\",\"inLanguage\":\"fr-FR\",\"@id\":\"https:\\\/\\\/marielleaupaysdesours.fr\\\/#\\\/schema\\\/logo\\\/image\\\/\",\"url\":\"https:\\\/\\\/marielleaupaysdesours.fr\\\/wp-content\\\/uploads\\\/2020\\\/10\\\/logo-marielle-light.jpg\",\"contentUrl\":\"https:\\\/\\\/marielleaupaysdesours.fr\\\/wp-content\\\/uploads\\\/2020\\\/10\\\/logo-marielle-light.jpg\",\"width\":500,\"height\":500,\"caption\":\"Marielle au Pays des Ours | Vente en ligne de peluches\"},\"image\":{\"@id\":\"https:\\\/\\\/marielleaupaysdesours.fr\\\/#\\\/schema\\\/logo\\\/image\\\/\"}}]}<\/script>\n<!-- \/ Yoast SEO plugin. -->","yoast_head_json":{"title":"Ours en Peluche couleur bleu marine - L'Ours Fran\u00e7ais - 35 CM","description":"Offrez la douceur et la tendresse d\u2019un ourson articul\u00e9 ! Unique, cet ours en peluche couleur bleu marine est bien plus qu\u2019une simple peluche.","robots":{"index":"index","follow":"follow","max-snippet":"max-snippet:-1","max-image-preview":"max-image-preview:large","max-video-preview":"max-video-preview:-1"},"canonical":"https:\/\/marielleaupaysdesours.fr\/index.php\/product\/ours-en-peluche-couleur-bleu-marine-lours-francais-35-cm\/","og_locale":"fr_FR","og_type":"article","og_title":"Ours en Peluche couleur bleu marine - L'Ours Fran\u00e7ais - 35 CM","og_description":"Offrez la douceur et la tendresse d\u2019un ourson articul\u00e9 ! Unique, cet ours en peluche couleur bleu marine est bien plus qu\u2019une simple peluche.","og_url":"https:\/\/marielleaupaysdesours.fr\/index.php\/product\/ours-en-peluche-couleur-bleu-marine-lours-francais-35-cm\/","og_site_name":"Marielle au Pays des Ours | Vente en ligne de peluches","article_modified_time":"2025-10-06T13:07:16+00:00","og_image":[{"width":1280,"height":1984,"url":"https:\/\/marielleaupaysdesours.fr\/wp-content\/uploads\/2024\/12\/FR8048-1.jpg","type":"image\/jpeg"}],"twitter_card":"summary_large_image","twitter_misc":{"Dur\u00e9e de lecture estim\u00e9e":"2 minutes"},"schema":{"@context":"https:\/\/schema.org","@graph":[{"@type":"WebPage","@id":"https:\/\/marielleaupaysdesours.fr\/index.php\/product\/ours-en-peluche-couleur-bleu-marine-lours-francais-35-cm\/","url":"https:\/\/marielleaupaysdesours.fr\/index.php\/product\/ours-en-peluche-couleur-bleu-marine-lours-francais-35-cm\/","name":"Ours en Peluche couleur bleu marine - L'Ours Fran\u00e7ais - 35 CM","isPartOf":{"@id":"https:\/\/marielleaupaysdesours.fr\/#website"},"primaryImageOfPage":{"@id":"https:\/\/marielleaupaysdesours.fr\/index.php\/product\/ours-en-peluche-couleur-bleu-marine-lours-francais-35-cm\/#primaryimage"},"image":{"@id":"https:\/\/marielleaupaysdesours.fr\/index.php\/product\/ours-en-peluche-couleur-bleu-marine-lours-francais-35-cm\/#primaryimage"},"thumbnailUrl":"https:\/\/marielleaupaysdesours.fr\/wp-content\/uploads\/2024\/12\/FR8048-1.jpg","datePublished":"2024-12-18T22:35:01+00:00","dateModified":"2025-10-06T13:07:16+00:00","description":"Offrez la douceur et la tendresse d\u2019un ourson articul\u00e9 ! Unique, cet ours en peluche couleur bleu marine est bien plus qu\u2019une simple peluche.","breadcrumb":{"@id":"https:\/\/marielleaupaysdesours.fr\/index.php\/product\/ours-en-peluche-couleur-bleu-marine-lours-francais-35-cm\/#breadcrumb"},"inLanguage":"fr-FR","potentialAction":[{"@type":"ReadAction","target":["https:\/\/marielleaupaysdesours.fr\/index.php\/product\/ours-en-peluche-couleur-bleu-marine-lours-francais-35-cm\/"]}]},{"@type":"ImageObject","inLanguage":"fr-FR","@id":"https:\/\/marielleaupaysdesours.fr\/index.php\/product\/ours-en-peluche-couleur-bleu-marine-lours-francais-35-cm\/#primaryimage","url":"https:\/\/marielleaupaysdesours.fr\/wp-content\/uploads\/2024\/12\/FR8048-1.jpg","contentUrl":"https:\/\/marielleaupaysdesours.fr\/wp-content\/uploads\/2024\/12\/FR8048-1.jpg","width":1280,"height":1984,"caption":"Ours en Peluche couleur bleu marine - L'OURS FRANCAIS - 35 CM"},{"@type":"BreadcrumbList","@id":"https:\/\/marielleaupaysdesours.fr\/index.php\/product\/ours-en-peluche-couleur-bleu-marine-lours-francais-35-cm\/#breadcrumb","itemListElement":[{"@type":"ListItem","position":1,"name":"Accueil","item":"https:\/\/marielleaupaysdesours.fr\/"},{"@type":"ListItem","position":2,"name":"Shop","item":"https:\/\/marielleaupaysdesours.fr\/index.php\/shop\/"},{"@type":"ListItem","position":3,"name":"Ours en Peluche couleur bleu marine &#8211; L&rsquo;OURS FRANCAIS &#8211; 35 CM"}]},{"@type":"WebSite","@id":"https:\/\/marielleaupaysdesours.fr\/#website","url":"https:\/\/marielleaupaysdesours.fr\/","name":"Marielle au Pays des Ours | Vente en ligne de peluches","description":"vente en ligne de peluches","publisher":{"@id":"https:\/\/marielleaupaysdesours.fr\/#organization"},"potentialAction":[{"@type":"SearchAction","target":{"@type":"EntryPoint","urlTemplate":"https:\/\/marielleaupaysdesours.fr\/?s={search_term_string}"},"query-input":{"@type":"PropertyValueSpecification","valueRequired":true,"valueName":"search_term_string"}}],"inLanguage":"fr-FR"},{"@type":"Organization","@id":"https:\/\/marielleaupaysdesours.fr\/#organization","name":"Marielle au Pays des Ours | Vente en ligne de peluches","url":"https:\/\/marielleaupaysdesours.fr\/","logo":{"@type":"ImageObject","inLanguage":"fr-FR","@id":"https:\/\/marielleaupaysdesours.fr\/#\/schema\/logo\/image\/","url":"https:\/\/marielleaupaysdesours.fr\/wp-content\/uploads\/2020\/10\/logo-marielle-light.jpg","contentUrl":"https:\/\/marielleaupaysdesours.fr\/wp-content\/uploads\/2020\/10\/logo-marielle-light.jpg","width":500,"height":500,"caption":"Marielle au Pays des Ours | Vente en ligne de peluches"},"image":{"@id":"https:\/\/marielleaupaysdesours.fr\/#\/schema\/logo\/image\/"}}]}},"jetpack_sharing_enabled":true,"_links":{"self":[{"href":"https:\/\/marielleaupaysdesours.fr\/index.php\/wp-json\/wp\/v2\/product\/6316","targetHints":{"allow":["GET"]}}],"collection":[{"href":"https:\/\/marielleaupaysdesours.fr\/index.php\/wp-json\/wp\/v2\/product"}],"about":[{"href":"https:\/\/marielleaupaysdesours.fr\/index.php\/wp-json\/wp\/v2\/types\/product"}],"replies":[{"embeddable":true,"href":"https:\/\/marielleaupaysdesours.fr\/index.php\/wp-json\/wp\/v2\/comments?post=6316"}],"version-history":[{"count":6,"href":"https:\/\/marielleaupaysdesours.fr\/index.php\/wp-json\/wp\/v2\/product\/6316\/revisions"}],"predecessor-version":[{"id":6385,"href":"https:\/\/marielleaupaysdesours.fr\/index.php\/wp-json\/wp\/v2\/product\/6316\/revisions\/6385"}],"wp:featuredmedia":[{"embeddable":true,"href":"https:\/\/marielleaupaysdesours.fr\/index.php\/wp-json\/wp\/v2\/media\/6322"}],"wp:attachment":[{"href":"https:\/\/marielleaupaysdesours.fr\/index.php\/wp-json\/wp\/v2\/media?parent=6316"}],"wp:term":[{"taxonomy":"product_brand","embeddable":true,"href":"https:\/\/marielleaupaysdesours.fr\/index.php\/wp-json\/wp\/v2\/product_brand?post=6316"},{"taxonomy":"product_cat","embeddable":true,"href":"https:\/\/marielleaupaysdesours.fr\/index.php\/wp-json\/wp\/v2\/product_cat?post=6316"},{"taxonomy":"product_tag","embeddable":true,"href":"https:\/\/marielleaupaysdesours.fr\/index.php\/wp-json\/wp\/v2\/product_tag?post=6316"}],"curies":[{"name":"wp","href":"https:\/\/api.w.org\/{rel}","templated":true}]}}