{"id":6176,"date":"2024-11-28T06:54:16","date_gmt":"2024-11-28T05:54:16","guid":{"rendered":"https:\/\/marielleaupaysdesours.fr\/?post_type=product&#038;p=6176"},"modified":"2026-02-01T15:28:53","modified_gmt":"2026-02-01T14:28:53","slug":"ours-en-peluche-plumo-boggle-charlie-bears-the-labyrinth-2024","status":"publish","type":"product","link":"https:\/\/marielleaupaysdesours.fr\/index.php\/product\/ours-en-peluche-plumo-boggle-charlie-bears-the-labyrinth-2024\/","title":{"rendered":"Ours en Peluche Plumo BOGGLE &#8211; CHARLIE BEARS &#8211; The Labyrinth 2024"},"content":{"rendered":"<p><em><strong>Boggle<\/strong><\/em>, notre magnifique<strong> ours en peluche Plumo<\/strong>, fait partie de la fascinante collection <em>The Labyrinth 2024<\/em>. Les Ours Plumo se distinguent par leur conception unique : une douce peluche luxueuse combin\u00e9e \u00e0 des touches raffin\u00e9es de mohair ou d&rsquo;alpaga sur des zones strat\u00e9giques comme le museau, les oreilles et les yeux. Cette finition d\u00e9licate conf\u00e8re \u00e0 Boggle une apparence \u00e9l\u00e9gante et r\u00e9aliste., la collection  dont Boggle fait partie vous transporte dans un univers myst\u00e9rieux et captivant. Avec sa fourrure brune ses d\u00e9tails finement travaill\u00e9s  Boggle est bien plus qu&rsquo;une peluche : c&rsquo;est une pi\u00e8ce de collection exceptionnelle qui s\u00e9duit les amateurs de Charlie Bears \u00e0 travers le monde.<\/p>\n<p><strong>D\u00e9tails du produit<\/strong> : <\/p>\n<ul>\n<li><strong>Nom<\/strong> : Boggle<\/li>\n<li><strong>Collection<\/strong> : The Labyrinth 2024 (S\u00e9rie Enigmatologie)<\/li>\n<li><strong>Marque<\/strong> : Charlie Bears<\/li>\n<li><strong>Type<\/strong> : Ours Plumo (peluche + touches de mohair\/alpaga)<\/li>\n<li><strong>Mat\u00e9riaux<\/strong> : Peluche ultra douce et soyeuse,\n<p>Avec son m\u00e9lange exquis de peluche et de fibres naturelles, Boggle allie confort, beaut\u00e9 et exclusivit\u00e9. Il est parfait pour enrichir une collection ou pour offrir un cadeau unique qui ravira tout amateur de pi\u00e8ces rares. En choisissant Boggle, vous adoptez un ours empreint de charme et de myst\u00e8re. De plus, Marielle au Pays des Ours s&rsquo;engage \u00e0 vous accompagner avec un service apr\u00e8s-vente efficace et attentionn\u00e9, pour une exp\u00e9rience d&rsquo;achat sans souci. N\u2019attendez pas, faites de Boggle un compagnon d\u2019exception dans votre univers !<\/p>\n","protected":false},"excerpt":{"rendered":"<p>Boggle, notre magnifique ours Plumo, fait partie de la fascinante collection <em>The Labyrinth 2024<\/em>. Les Ours Plumo se distinguent par leur conception unique : une douce peluche luxueuse combin\u00e9e \u00e0 des touches raffin\u00e9es de mohair ou d&rsquo;alpaga sur des zones strat\u00e9giques comme le museau, les oreilles et les yeux. Cette finition d\u00e9licate conf\u00e8re \u00e0 Boggle une apparence \u00e9l\u00e9gante et r\u00e9aliste. Boggle fait partie de la collection labyrinthe et vous transporte dans un univers myst\u00e9rieux et captivant. Avec sa fourrure brune soyeuse et ses  d\u00e9tails finement travaill\u00e9s et son c\u0153ur gris argent autour du cou , Boggle est bien plus qu&rsquo;une peluche : c&rsquo;est une pi\u00e8ce de collection exceptionnelle qui s\u00e9duit les amateurs de Charlie Bears \u00e0 travers le monde.<\/p>\n","protected":false},"featured_media":6177,"comment_status":"closed","ping_status":"closed","template":"","meta":{"_monsterinsights_skip_tracking":false,"_monsterinsights_sitenote_active":false,"_monsterinsights_sitenote_note":"","_monsterinsights_sitenote_category":0,"site-sidebar-layout":"default","site-content-layout":"","ast-site-content-layout":"default","site-content-style":"default","site-sidebar-style":"default","ast-global-header-display":"","ast-banner-title-visibility":"","ast-main-header-display":"","ast-hfb-above-header-display":"","ast-hfb-below-header-display":"","ast-hfb-mobile-header-display":"","site-post-title":"","ast-breadcrumbs-content":"","ast-featured-img":"","footer-sml-layout":"","ast-disable-related-posts":"","theme-transparent-header-meta":"default","adv-header-id-meta":"","stick-header-meta":"","header-above-stick-meta":"","header-main-stick-meta":"","header-below-stick-meta":"","astra-migrate-meta-layouts":"set","ast-page-background-enabled":"default","ast-page-background-meta":{"desktop":{"background-color":"","background-image":"","background-repeat":"repeat","background-position":"center center","background-size":"auto","background-attachment":"scroll","background-type":"","background-media":"","overlay-type":"","overlay-color":"","overlay-opacity":"","overlay-gradient":""},"tablet":{"background-color":"","background-image":"","background-repeat":"repeat","background-position":"center center","background-size":"auto","background-attachment":"scroll","background-type":"","background-media":"","overlay-type":"","overlay-color":"","overlay-opacity":"","overlay-gradient":""},"mobile":{"background-color":"","background-image":"","background-repeat":"repeat","background-position":"center center","background-size":"auto","background-attachment":"scroll","background-type":"","background-media":"","overlay-type":"","overlay-color":"","overlay-opacity":"","overlay-gradient":""}},"ast-content-background-meta":{"desktop":{"background-color":"var(--ast-global-color-5)","background-image":"","background-repeat":"repeat","background-position":"center center","background-size":"auto","background-attachment":"scroll","background-type":"","background-media":"","overlay-type":"","overlay-color":"","overlay-opacity":"","overlay-gradient":""},"tablet":{"background-color":"var(--ast-global-color-5)","background-image":"","background-repeat":"repeat","background-position":"center center","background-size":"auto","background-attachment":"scroll","background-type":"","background-media":"","overlay-type":"","overlay-color":"","overlay-opacity":"","overlay-gradient":""},"mobile":{"background-color":"var(--ast-global-color-5)","background-image":"","background-repeat":"repeat","background-position":"center center","background-size":"auto","background-attachment":"scroll","background-type":"","background-media":"","overlay-type":"","overlay-color":"","overlay-opacity":"","overlay-gradient":""}}},"product_brand":[],"product_cat":[42,30,28],"product_tag":[],"class_list":{"0":"post-6176","1":"product","2":"type-product","3":"status-publish","4":"has-post-thumbnail","6":"product_cat-charlie-bears-peluches-collection","7":"product_cat-ours","8":"product_cat-peluches","9":"product_shipping_class-peluches-grande-taille","10":"desktop-align-center","11":"tablet-align-left","12":"mobile-align-left","14":"first","15":"instock","16":"sale","17":"shipping-taxable","18":"purchasable","19":"product-type-simple"},"yoast_head":"<!-- This site is optimized with the Yoast SEO plugin v27.3 - https:\/\/yoast.com\/product\/yoast-seo-wordpress\/ -->\n<title>Ours en Peluche Plumo Boggle Charlie Bears - The Labyrinth 2024<\/title>\n<meta name=\"description\" content=\"Vous \u00eates a la recherche d&#039;un ours en peluche Plumo ? D\u00e9couvrez l&#039;attachant ours en peluche Boggle ! Venez le chercher sur marielleaupaysdesours.fr\" \/>\n<meta name=\"robots\" content=\"index, follow, max-snippet:-1, max-image-preview:large, max-video-preview:-1\" \/>\n<link rel=\"canonical\" href=\"https:\/\/marielleaupaysdesours.fr\/index.php\/product\/ours-en-peluche-plumo-boggle-charlie-bears-the-labyrinth-2024\/\" \/>\n<meta property=\"og:locale\" content=\"fr_FR\" \/>\n<meta property=\"og:type\" content=\"article\" \/>\n<meta property=\"og:title\" content=\"Ours en Peluche Plumo Boggle Charlie Bears - The Labyrinth 2024\" \/>\n<meta property=\"og:description\" content=\"Vous \u00eates a la recherche d&#039;un ours en peluche Plumo ? D\u00e9couvrez l&#039;attachant ours en peluche Boggle ! Venez le chercher sur marielleaupaysdesours.fr\" \/>\n<meta property=\"og:url\" content=\"https:\/\/marielleaupaysdesours.fr\/index.php\/product\/ours-en-peluche-plumo-boggle-charlie-bears-the-labyrinth-2024\/\" \/>\n<meta property=\"og:site_name\" content=\"Marielle au Pays des Ours | Vente en ligne de peluches\" \/>\n<meta property=\"article:modified_time\" content=\"2026-02-01T14:28:53+00:00\" \/>\n<meta property=\"og:image\" content=\"https:\/\/marielleaupaysdesours.fr\/wp-content\/uploads\/2024\/11\/telecharger-20.jpg\" \/>\n\t<meta property=\"og:image:width\" content=\"273\" \/>\n\t<meta property=\"og:image:height\" content=\"273\" \/>\n\t<meta property=\"og:image:type\" content=\"image\/jpeg\" \/>\n<meta name=\"twitter:card\" content=\"summary_large_image\" \/>\n<meta name=\"twitter:label1\" content=\"Dur\u00e9e de lecture estim\u00e9e\" \/>\n\t<meta name=\"twitter:data1\" content=\"2 minutes\" \/>\n<script type=\"application\/ld+json\" class=\"yoast-schema-graph\">{\"@context\":\"https:\\\/\\\/schema.org\",\"@graph\":[{\"@type\":\"WebPage\",\"@id\":\"https:\\\/\\\/marielleaupaysdesours.fr\\\/index.php\\\/product\\\/ours-en-peluche-plumo-boggle-charlie-bears-the-labyrinth-2024\\\/\",\"url\":\"https:\\\/\\\/marielleaupaysdesours.fr\\\/index.php\\\/product\\\/ours-en-peluche-plumo-boggle-charlie-bears-the-labyrinth-2024\\\/\",\"name\":\"Ours en Peluche Plumo Boggle Charlie Bears - The Labyrinth 2024\",\"isPartOf\":{\"@id\":\"https:\\\/\\\/marielleaupaysdesours.fr\\\/#website\"},\"primaryImageOfPage\":{\"@id\":\"https:\\\/\\\/marielleaupaysdesours.fr\\\/index.php\\\/product\\\/ours-en-peluche-plumo-boggle-charlie-bears-the-labyrinth-2024\\\/#primaryimage\"},\"image\":{\"@id\":\"https:\\\/\\\/marielleaupaysdesours.fr\\\/index.php\\\/product\\\/ours-en-peluche-plumo-boggle-charlie-bears-the-labyrinth-2024\\\/#primaryimage\"},\"thumbnailUrl\":\"https:\\\/\\\/marielleaupaysdesours.fr\\\/wp-content\\\/uploads\\\/2024\\\/11\\\/telecharger-20.jpg\",\"datePublished\":\"2024-11-28T05:54:16+00:00\",\"dateModified\":\"2026-02-01T14:28:53+00:00\",\"description\":\"Vous \u00eates a la recherche d'un ours en peluche Plumo ? D\u00e9couvrez l'attachant ours en peluche Boggle ! Venez le chercher sur marielleaupaysdesours.fr\",\"breadcrumb\":{\"@id\":\"https:\\\/\\\/marielleaupaysdesours.fr\\\/index.php\\\/product\\\/ours-en-peluche-plumo-boggle-charlie-bears-the-labyrinth-2024\\\/#breadcrumb\"},\"inLanguage\":\"fr-FR\",\"potentialAction\":[{\"@type\":\"ReadAction\",\"target\":[\"https:\\\/\\\/marielleaupaysdesours.fr\\\/index.php\\\/product\\\/ours-en-peluche-plumo-boggle-charlie-bears-the-labyrinth-2024\\\/\"]}]},{\"@type\":\"ImageObject\",\"inLanguage\":\"fr-FR\",\"@id\":\"https:\\\/\\\/marielleaupaysdesours.fr\\\/index.php\\\/product\\\/ours-en-peluche-plumo-boggle-charlie-bears-the-labyrinth-2024\\\/#primaryimage\",\"url\":\"https:\\\/\\\/marielleaupaysdesours.fr\\\/wp-content\\\/uploads\\\/2024\\\/11\\\/telecharger-20.jpg\",\"contentUrl\":\"https:\\\/\\\/marielleaupaysdesours.fr\\\/wp-content\\\/uploads\\\/2024\\\/11\\\/telecharger-20.jpg\",\"width\":273,\"height\":273,\"caption\":\"Ours en Peluche Plumo BOGGLE - CHARLIE BEARS - The Labyrinth 2024\"},{\"@type\":\"BreadcrumbList\",\"@id\":\"https:\\\/\\\/marielleaupaysdesours.fr\\\/index.php\\\/product\\\/ours-en-peluche-plumo-boggle-charlie-bears-the-labyrinth-2024\\\/#breadcrumb\",\"itemListElement\":[{\"@type\":\"ListItem\",\"position\":1,\"name\":\"Accueil\",\"item\":\"https:\\\/\\\/marielleaupaysdesours.fr\\\/\"},{\"@type\":\"ListItem\",\"position\":2,\"name\":\"Shop\",\"item\":\"https:\\\/\\\/marielleaupaysdesours.fr\\\/index.php\\\/shop\\\/\"},{\"@type\":\"ListItem\",\"position\":3,\"name\":\"Ours en Peluche Plumo BOGGLE &#8211; CHARLIE BEARS &#8211; The Labyrinth 2024\"}]},{\"@type\":\"WebSite\",\"@id\":\"https:\\\/\\\/marielleaupaysdesours.fr\\\/#website\",\"url\":\"https:\\\/\\\/marielleaupaysdesours.fr\\\/\",\"name\":\"Marielle au Pays des Ours | Vente en ligne de peluches\",\"description\":\"vente en ligne de peluches\",\"publisher\":{\"@id\":\"https:\\\/\\\/marielleaupaysdesours.fr\\\/#organization\"},\"potentialAction\":[{\"@type\":\"SearchAction\",\"target\":{\"@type\":\"EntryPoint\",\"urlTemplate\":\"https:\\\/\\\/marielleaupaysdesours.fr\\\/?s={search_term_string}\"},\"query-input\":{\"@type\":\"PropertyValueSpecification\",\"valueRequired\":true,\"valueName\":\"search_term_string\"}}],\"inLanguage\":\"fr-FR\"},{\"@type\":\"Organization\",\"@id\":\"https:\\\/\\\/marielleaupaysdesours.fr\\\/#organization\",\"name\":\"Marielle au Pays des Ours | Vente en ligne de peluches\",\"url\":\"https:\\\/\\\/marielleaupaysdesours.fr\\\/\",\"logo\":{\"@type\":\"ImageObject\",\"inLanguage\":\"fr-FR\",\"@id\":\"https:\\\/\\\/marielleaupaysdesours.fr\\\/#\\\/schema\\\/logo\\\/image\\\/\",\"url\":\"https:\\\/\\\/marielleaupaysdesours.fr\\\/wp-content\\\/uploads\\\/2020\\\/10\\\/logo-marielle-light.jpg\",\"contentUrl\":\"https:\\\/\\\/marielleaupaysdesours.fr\\\/wp-content\\\/uploads\\\/2020\\\/10\\\/logo-marielle-light.jpg\",\"width\":500,\"height\":500,\"caption\":\"Marielle au Pays des Ours | Vente en ligne de peluches\"},\"image\":{\"@id\":\"https:\\\/\\\/marielleaupaysdesours.fr\\\/#\\\/schema\\\/logo\\\/image\\\/\"}}]}<\/script>\n<!-- \/ Yoast SEO plugin. -->","yoast_head_json":{"title":"Ours en Peluche Plumo Boggle Charlie Bears - The Labyrinth 2024","description":"Vous \u00eates a la recherche d'un ours en peluche Plumo ? D\u00e9couvrez l'attachant ours en peluche Boggle ! Venez le chercher sur marielleaupaysdesours.fr","robots":{"index":"index","follow":"follow","max-snippet":"max-snippet:-1","max-image-preview":"max-image-preview:large","max-video-preview":"max-video-preview:-1"},"canonical":"https:\/\/marielleaupaysdesours.fr\/index.php\/product\/ours-en-peluche-plumo-boggle-charlie-bears-the-labyrinth-2024\/","og_locale":"fr_FR","og_type":"article","og_title":"Ours en Peluche Plumo Boggle Charlie Bears - The Labyrinth 2024","og_description":"Vous \u00eates a la recherche d'un ours en peluche Plumo ? D\u00e9couvrez l'attachant ours en peluche Boggle ! Venez le chercher sur marielleaupaysdesours.fr","og_url":"https:\/\/marielleaupaysdesours.fr\/index.php\/product\/ours-en-peluche-plumo-boggle-charlie-bears-the-labyrinth-2024\/","og_site_name":"Marielle au Pays des Ours | Vente en ligne de peluches","article_modified_time":"2026-02-01T14:28:53+00:00","og_image":[{"width":273,"height":273,"url":"https:\/\/marielleaupaysdesours.fr\/wp-content\/uploads\/2024\/11\/telecharger-20.jpg","type":"image\/jpeg"}],"twitter_card":"summary_large_image","twitter_misc":{"Dur\u00e9e de lecture estim\u00e9e":"2 minutes"},"schema":{"@context":"https:\/\/schema.org","@graph":[{"@type":"WebPage","@id":"https:\/\/marielleaupaysdesours.fr\/index.php\/product\/ours-en-peluche-plumo-boggle-charlie-bears-the-labyrinth-2024\/","url":"https:\/\/marielleaupaysdesours.fr\/index.php\/product\/ours-en-peluche-plumo-boggle-charlie-bears-the-labyrinth-2024\/","name":"Ours en Peluche Plumo Boggle Charlie Bears - The Labyrinth 2024","isPartOf":{"@id":"https:\/\/marielleaupaysdesours.fr\/#website"},"primaryImageOfPage":{"@id":"https:\/\/marielleaupaysdesours.fr\/index.php\/product\/ours-en-peluche-plumo-boggle-charlie-bears-the-labyrinth-2024\/#primaryimage"},"image":{"@id":"https:\/\/marielleaupaysdesours.fr\/index.php\/product\/ours-en-peluche-plumo-boggle-charlie-bears-the-labyrinth-2024\/#primaryimage"},"thumbnailUrl":"https:\/\/marielleaupaysdesours.fr\/wp-content\/uploads\/2024\/11\/telecharger-20.jpg","datePublished":"2024-11-28T05:54:16+00:00","dateModified":"2026-02-01T14:28:53+00:00","description":"Vous \u00eates a la recherche d'un ours en peluche Plumo ? D\u00e9couvrez l'attachant ours en peluche Boggle ! Venez le chercher sur marielleaupaysdesours.fr","breadcrumb":{"@id":"https:\/\/marielleaupaysdesours.fr\/index.php\/product\/ours-en-peluche-plumo-boggle-charlie-bears-the-labyrinth-2024\/#breadcrumb"},"inLanguage":"fr-FR","potentialAction":[{"@type":"ReadAction","target":["https:\/\/marielleaupaysdesours.fr\/index.php\/product\/ours-en-peluche-plumo-boggle-charlie-bears-the-labyrinth-2024\/"]}]},{"@type":"ImageObject","inLanguage":"fr-FR","@id":"https:\/\/marielleaupaysdesours.fr\/index.php\/product\/ours-en-peluche-plumo-boggle-charlie-bears-the-labyrinth-2024\/#primaryimage","url":"https:\/\/marielleaupaysdesours.fr\/wp-content\/uploads\/2024\/11\/telecharger-20.jpg","contentUrl":"https:\/\/marielleaupaysdesours.fr\/wp-content\/uploads\/2024\/11\/telecharger-20.jpg","width":273,"height":273,"caption":"Ours en Peluche Plumo BOGGLE - CHARLIE BEARS - The Labyrinth 2024"},{"@type":"BreadcrumbList","@id":"https:\/\/marielleaupaysdesours.fr\/index.php\/product\/ours-en-peluche-plumo-boggle-charlie-bears-the-labyrinth-2024\/#breadcrumb","itemListElement":[{"@type":"ListItem","position":1,"name":"Accueil","item":"https:\/\/marielleaupaysdesours.fr\/"},{"@type":"ListItem","position":2,"name":"Shop","item":"https:\/\/marielleaupaysdesours.fr\/index.php\/shop\/"},{"@type":"ListItem","position":3,"name":"Ours en Peluche Plumo BOGGLE &#8211; CHARLIE BEARS &#8211; The Labyrinth 2024"}]},{"@type":"WebSite","@id":"https:\/\/marielleaupaysdesours.fr\/#website","url":"https:\/\/marielleaupaysdesours.fr\/","name":"Marielle au Pays des Ours | Vente en ligne de peluches","description":"vente en ligne de peluches","publisher":{"@id":"https:\/\/marielleaupaysdesours.fr\/#organization"},"potentialAction":[{"@type":"SearchAction","target":{"@type":"EntryPoint","urlTemplate":"https:\/\/marielleaupaysdesours.fr\/?s={search_term_string}"},"query-input":{"@type":"PropertyValueSpecification","valueRequired":true,"valueName":"search_term_string"}}],"inLanguage":"fr-FR"},{"@type":"Organization","@id":"https:\/\/marielleaupaysdesours.fr\/#organization","name":"Marielle au Pays des Ours | Vente en ligne de peluches","url":"https:\/\/marielleaupaysdesours.fr\/","logo":{"@type":"ImageObject","inLanguage":"fr-FR","@id":"https:\/\/marielleaupaysdesours.fr\/#\/schema\/logo\/image\/","url":"https:\/\/marielleaupaysdesours.fr\/wp-content\/uploads\/2020\/10\/logo-marielle-light.jpg","contentUrl":"https:\/\/marielleaupaysdesours.fr\/wp-content\/uploads\/2020\/10\/logo-marielle-light.jpg","width":500,"height":500,"caption":"Marielle au Pays des Ours | Vente en ligne de peluches"},"image":{"@id":"https:\/\/marielleaupaysdesours.fr\/#\/schema\/logo\/image\/"}}]}},"jetpack_sharing_enabled":true,"_links":{"self":[{"href":"https:\/\/marielleaupaysdesours.fr\/index.php\/wp-json\/wp\/v2\/product\/6176","targetHints":{"allow":["GET"]}}],"collection":[{"href":"https:\/\/marielleaupaysdesours.fr\/index.php\/wp-json\/wp\/v2\/product"}],"about":[{"href":"https:\/\/marielleaupaysdesours.fr\/index.php\/wp-json\/wp\/v2\/types\/product"}],"replies":[{"embeddable":true,"href":"https:\/\/marielleaupaysdesours.fr\/index.php\/wp-json\/wp\/v2\/comments?post=6176"}],"version-history":[{"count":7,"href":"https:\/\/marielleaupaysdesours.fr\/index.php\/wp-json\/wp\/v2\/product\/6176\/revisions"}],"predecessor-version":[{"id":7453,"href":"https:\/\/marielleaupaysdesours.fr\/index.php\/wp-json\/wp\/v2\/product\/6176\/revisions\/7453"}],"wp:featuredmedia":[{"embeddable":true,"href":"https:\/\/marielleaupaysdesours.fr\/index.php\/wp-json\/wp\/v2\/media\/6177"}],"wp:attachment":[{"href":"https:\/\/marielleaupaysdesours.fr\/index.php\/wp-json\/wp\/v2\/media?parent=6176"}],"wp:term":[{"taxonomy":"product_brand","embeddable":true,"href":"https:\/\/marielleaupaysdesours.fr\/index.php\/wp-json\/wp\/v2\/product_brand?post=6176"},{"taxonomy":"product_cat","embeddable":true,"href":"https:\/\/marielleaupaysdesours.fr\/index.php\/wp-json\/wp\/v2\/product_cat?post=6176"},{"taxonomy":"product_tag","embeddable":true,"href":"https:\/\/marielleaupaysdesours.fr\/index.php\/wp-json\/wp\/v2\/product_tag?post=6176"}],"curies":[{"name":"wp","href":"https:\/\/api.w.org\/{rel}","templated":true}]}}