{"id":5997,"date":"2024-10-19T16:54:36","date_gmt":"2024-10-19T14:54:36","guid":{"rendered":"https:\/\/marielleaupaysdesours.fr\/?post_type=product&#038;p=5997"},"modified":"2025-10-22T18:50:17","modified_gmt":"2025-10-22T16:50:17","slug":"ourson-en-peluche-mavi-christmas-bukowski","status":"publish","type":"product","link":"https:\/\/marielleaupaysdesours.fr\/index.php\/product\/ourson-en-peluche-mavi-christmas-bukowski\/","title":{"rendered":"Ourson en Peluche MAVI CHRISTMAS &#8211; BUKOWSKI"},"content":{"rendered":"<h3>Description de Mavi, l&rsquo;ourson en peluche de Bukowski<\/h3>\n<p>D\u00e9couvrez <strong>Mavi Christmas<\/strong>, un <strong>adorable ourson en peluche de No\u00ebl<\/strong> sign\u00e9 <a href=\"https:\/\/marielleaupaysdesours.fr\/index.php\/peluches-bukowski\/\"><strong>Bukowski<\/strong><\/a>, cr\u00e9\u00e9 par <strong>Barbara Bukowski<\/strong>. Ce petit compagnon au <strong>regard attendrissant<\/strong> et au <strong>doux pelage brun<\/strong> est habill\u00e9 d&rsquo;un <strong>joli costume de No\u00ebl<\/strong>, parfait pour les moments festifs et les c\u00e2lins.<\/p>\n<p>Mavi est <strong>fabriqu\u00e9 \u00e0 partir de fibres synth\u00e9tiques ultra-douces<\/strong>, r\u00e9put\u00e9es pour leur qualit\u00e9 et leur l\u00e9gendaire douceur. Son pelage soyeux, associ\u00e9 \u00e0 sa tenue de No\u00ebl, fait de lui un <strong>cadeau id\u00e9al pour les f\u00eates<\/strong>. \u00c0 <strong>35 cm<\/strong>, il est la taille parfaite pour \u00eatre c\u00e2lin\u00e9, tout en \u00e9tant adapt\u00e9 <strong>d\u00e8s 6 mois<\/strong>.<\/p>\n<h3>Caract\u00e9ristiques<\/h3>\n<ul>\n<li><strong>Marque<\/strong> : Bukowski<\/li>\n<li><strong>Cr\u00e9atrice<\/strong> : Barbara Bukowski<\/li>\n<li><strong>Taille<\/strong> : 35 cm<\/li>\n<li><strong>Mat\u00e9riau<\/strong> : Fibres synth\u00e9tiques de qualit\u00e9 sup\u00e9rieure<\/li>\n<li><strong>D\u00e9tails<\/strong> : Habit de No\u00ebl festif<\/li>\n<li><strong>\u00c2ge recommand\u00e9<\/strong> : \u00c0 partir de 6 mois<\/li>\n<\/ul>\n<h3>Pourquoi choisir Mavi ?<\/h3>\n<p>Mavi Christmas est <strong>le compagnon r\u00eav\u00e9<\/strong> pour les plus jeunes gr\u00e2ce \u00e0 sa douceur et son <strong>design soign\u00e9<\/strong>. Son costume de No\u00ebl et sa texture <strong>exceptionnellement douce<\/strong> en font un cadeau parfait pour c\u00e9l\u00e9brer la magie des f\u00eates. Laissez Mavi devenir un incontournable de vos c\u00e9l\u00e9brations !<\/p>\n<p>Si vous souhaitez en savoir plus sur MAVI, L&rsquo;ourson en peluche de Bukowski, ou pour toute autre question, n&rsquo;h\u00e9sitez pas \u00e0 nous contacter ! Nous serons ravis de vous r\u00e9pondre et de partager avec vous notre passion commune sur les belles peluches !<\/p>\n","protected":false},"excerpt":{"rendered":"<p>D\u00e9couvrez <strong>Mavi Christmas<\/strong>, un <strong>adorable ourson en peluche de No\u00ebl<\/strong> sign\u00e9 <a href=\"https:\/\/marielleaupaysdesours.fr\/index.php\/peluches-bukowski\/\"><strong>Bukowski<\/strong><\/a>, cr\u00e9\u00e9 par <strong>Barbara Bukowski<\/strong>. Ce petit compagnon au <strong>regard attendrissant<\/strong> et au <strong>doux pelage brun<\/strong> est habill\u00e9 d&rsquo;un <strong>joli costume de No\u00ebl<\/strong>, parfait pour les moments festifs et les c\u00e2lins.<\/p>\n<p>Mavi est <strong>fabriqu\u00e9 \u00e0 partir de fibres synth\u00e9tiques ultra-douces<\/strong>, r\u00e9put\u00e9es pour leur qualit\u00e9 et leur l\u00e9gendaire douceur. Son pelage soyeux, associ\u00e9 \u00e0 sa tenue de No\u00ebl, fait de lui un <strong>cadeau id\u00e9al pour les f\u00eates<\/strong>. \u00c0 <strong>35 cm<\/strong>, il est la taille parfaite pour \u00eatre c\u00e2lin\u00e9, tout en \u00e9tant adapt\u00e9 <strong>d\u00e8s 6 mois<\/strong>.<\/p>\n","protected":false},"featured_media":7100,"comment_status":"closed","ping_status":"closed","template":"","meta":{"_monsterinsights_skip_tracking":false,"_monsterinsights_sitenote_active":false,"_monsterinsights_sitenote_note":"","_monsterinsights_sitenote_category":0,"site-sidebar-layout":"default","site-content-layout":"","ast-site-content-layout":"default","site-content-style":"default","site-sidebar-style":"default","ast-global-header-display":"","ast-banner-title-visibility":"","ast-main-header-display":"","ast-hfb-above-header-display":"","ast-hfb-below-header-display":"","ast-hfb-mobile-header-display":"","site-post-title":"","ast-breadcrumbs-content":"","ast-featured-img":"","footer-sml-layout":"","ast-disable-related-posts":"","theme-transparent-header-meta":"default","adv-header-id-meta":"","stick-header-meta":"","header-above-stick-meta":"","header-main-stick-meta":"","header-below-stick-meta":"","astra-migrate-meta-layouts":"set","ast-page-background-enabled":"default","ast-page-background-meta":{"desktop":{"background-color":"","background-image":"","background-repeat":"repeat","background-position":"center center","background-size":"auto","background-attachment":"scroll","background-type":"","background-media":"","overlay-type":"","overlay-color":"","overlay-opacity":"","overlay-gradient":""},"tablet":{"background-color":"","background-image":"","background-repeat":"repeat","background-position":"center center","background-size":"auto","background-attachment":"scroll","background-type":"","background-media":"","overlay-type":"","overlay-color":"","overlay-opacity":"","overlay-gradient":""},"mobile":{"background-color":"","background-image":"","background-repeat":"repeat","background-position":"center center","background-size":"auto","background-attachment":"scroll","background-type":"","background-media":"","overlay-type":"","overlay-color":"","overlay-opacity":"","overlay-gradient":""}},"ast-content-background-meta":{"desktop":{"background-color":"var(--ast-global-color-5)","background-image":"","background-repeat":"repeat","background-position":"center center","background-size":"auto","background-attachment":"scroll","background-type":"","background-media":"","overlay-type":"","overlay-color":"","overlay-opacity":"","overlay-gradient":""},"tablet":{"background-color":"var(--ast-global-color-5)","background-image":"","background-repeat":"repeat","background-position":"center center","background-size":"auto","background-attachment":"scroll","background-type":"","background-media":"","overlay-type":"","overlay-color":"","overlay-opacity":"","overlay-gradient":""},"mobile":{"background-color":"var(--ast-global-color-5)","background-image":"","background-repeat":"repeat","background-position":"center center","background-size":"auto","background-attachment":"scroll","background-type":"","background-media":"","overlay-type":"","overlay-color":"","overlay-opacity":"","overlay-gradient":""}}},"product_brand":[],"product_cat":[41,44,30],"product_tag":[],"class_list":{"0":"post-5997","1":"product","2":"type-product","3":"status-publish","4":"has-post-thumbnail","6":"product_cat-bukowski","7":"product_cat-cadeaux-de-naissance","8":"product_cat-ours","9":"product_shipping_class-expedition-intermediaire","10":"desktop-align-center","11":"tablet-align-left","12":"mobile-align-left","14":"first","15":"instock","16":"shipping-taxable","17":"purchasable","18":"product-type-simple"},"yoast_head":"<!-- This site is optimized with the Yoast SEO plugin v27.4 - https:\/\/yoast.com\/product\/yoast-seo-wordpress\/ -->\n<title>Ourson en Peluche MAVI CHRISTMAS - BUKOWSKI - Marielle au Pays des Ours | Vente en ligne de peluches<\/title>\n<meta name=\"description\" content=\"Vous \u00eates \u00e0 la recherche du plus mignon des ourson en peluche ? Voici Mavi, l&#039;ourson en peluche de Bukowski, venez le chercher sur marielleaupaysdesours.fr\" \/>\n<meta name=\"robots\" content=\"index, follow, max-snippet:-1, max-image-preview:large, max-video-preview:-1\" \/>\n<link rel=\"canonical\" href=\"https:\/\/marielleaupaysdesours.fr\/index.php\/product\/ourson-en-peluche-mavi-christmas-bukowski\/\" \/>\n<meta property=\"og:locale\" content=\"fr_FR\" \/>\n<meta property=\"og:type\" content=\"article\" \/>\n<meta property=\"og:title\" content=\"Ourson en Peluche MAVI CHRISTMAS - BUKOWSKI - Marielle au Pays des Ours | Vente en ligne de peluches\" \/>\n<meta property=\"og:description\" content=\"Vous \u00eates \u00e0 la recherche du plus mignon des ourson en peluche ? Voici Mavi, l&#039;ourson en peluche de Bukowski, venez le chercher sur marielleaupaysdesours.fr\" \/>\n<meta property=\"og:url\" content=\"https:\/\/marielleaupaysdesours.fr\/index.php\/product\/ourson-en-peluche-mavi-christmas-bukowski\/\" \/>\n<meta property=\"og:site_name\" content=\"Marielle au Pays des Ours | Vente en ligne de peluches\" \/>\n<meta property=\"article:modified_time\" content=\"2025-10-22T16:50:17+00:00\" \/>\n<meta property=\"og:image\" content=\"https:\/\/marielleaupaysdesours.fr\/wp-content\/uploads\/2024\/10\/OIP-10.webp\" \/>\n\t<meta property=\"og:image:width\" content=\"474\" \/>\n\t<meta property=\"og:image:height\" content=\"474\" \/>\n\t<meta property=\"og:image:type\" content=\"image\/webp\" \/>\n<meta name=\"twitter:card\" content=\"summary_large_image\" \/>\n<meta name=\"twitter:label1\" content=\"Dur\u00e9e de lecture estim\u00e9e\" \/>\n\t<meta name=\"twitter:data1\" content=\"2 minutes\" \/>\n<script type=\"application\/ld+json\" class=\"yoast-schema-graph\">{\"@context\":\"https:\\\/\\\/schema.org\",\"@graph\":[{\"@type\":\"WebPage\",\"@id\":\"https:\\\/\\\/marielleaupaysdesours.fr\\\/index.php\\\/product\\\/ourson-en-peluche-mavi-christmas-bukowski\\\/\",\"url\":\"https:\\\/\\\/marielleaupaysdesours.fr\\\/index.php\\\/product\\\/ourson-en-peluche-mavi-christmas-bukowski\\\/\",\"name\":\"Ourson en Peluche MAVI CHRISTMAS - BUKOWSKI - Marielle au Pays des Ours | Vente en ligne de peluches\",\"isPartOf\":{\"@id\":\"https:\\\/\\\/marielleaupaysdesours.fr\\\/#website\"},\"primaryImageOfPage\":{\"@id\":\"https:\\\/\\\/marielleaupaysdesours.fr\\\/index.php\\\/product\\\/ourson-en-peluche-mavi-christmas-bukowski\\\/#primaryimage\"},\"image\":{\"@id\":\"https:\\\/\\\/marielleaupaysdesours.fr\\\/index.php\\\/product\\\/ourson-en-peluche-mavi-christmas-bukowski\\\/#primaryimage\"},\"thumbnailUrl\":\"https:\\\/\\\/marielleaupaysdesours.fr\\\/wp-content\\\/uploads\\\/2024\\\/10\\\/OIP-10.webp\",\"datePublished\":\"2024-10-19T14:54:36+00:00\",\"dateModified\":\"2025-10-22T16:50:17+00:00\",\"description\":\"Vous \u00eates \u00e0 la recherche du plus mignon des ourson en peluche ? Voici Mavi, l'ourson en peluche de Bukowski, venez le chercher sur marielleaupaysdesours.fr\",\"breadcrumb\":{\"@id\":\"https:\\\/\\\/marielleaupaysdesours.fr\\\/index.php\\\/product\\\/ourson-en-peluche-mavi-christmas-bukowski\\\/#breadcrumb\"},\"inLanguage\":\"fr-FR\",\"potentialAction\":[{\"@type\":\"ReadAction\",\"target\":[\"https:\\\/\\\/marielleaupaysdesours.fr\\\/index.php\\\/product\\\/ourson-en-peluche-mavi-christmas-bukowski\\\/\"]}]},{\"@type\":\"ImageObject\",\"inLanguage\":\"fr-FR\",\"@id\":\"https:\\\/\\\/marielleaupaysdesours.fr\\\/index.php\\\/product\\\/ourson-en-peluche-mavi-christmas-bukowski\\\/#primaryimage\",\"url\":\"https:\\\/\\\/marielleaupaysdesours.fr\\\/wp-content\\\/uploads\\\/2024\\\/10\\\/OIP-10.webp\",\"contentUrl\":\"https:\\\/\\\/marielleaupaysdesours.fr\\\/wp-content\\\/uploads\\\/2024\\\/10\\\/OIP-10.webp\",\"width\":474,\"height\":474},{\"@type\":\"BreadcrumbList\",\"@id\":\"https:\\\/\\\/marielleaupaysdesours.fr\\\/index.php\\\/product\\\/ourson-en-peluche-mavi-christmas-bukowski\\\/#breadcrumb\",\"itemListElement\":[{\"@type\":\"ListItem\",\"position\":1,\"name\":\"Accueil\",\"item\":\"https:\\\/\\\/marielleaupaysdesours.fr\\\/\"},{\"@type\":\"ListItem\",\"position\":2,\"name\":\"Shop\",\"item\":\"https:\\\/\\\/marielleaupaysdesours.fr\\\/index.php\\\/shop\\\/\"},{\"@type\":\"ListItem\",\"position\":3,\"name\":\"Ourson en Peluche MAVI CHRISTMAS &#8211; BUKOWSKI\"}]},{\"@type\":\"WebSite\",\"@id\":\"https:\\\/\\\/marielleaupaysdesours.fr\\\/#website\",\"url\":\"https:\\\/\\\/marielleaupaysdesours.fr\\\/\",\"name\":\"Marielle au Pays des Ours | Vente en ligne de peluches\",\"description\":\"vente en ligne de peluches\",\"publisher\":{\"@id\":\"https:\\\/\\\/marielleaupaysdesours.fr\\\/#organization\"},\"potentialAction\":[{\"@type\":\"SearchAction\",\"target\":{\"@type\":\"EntryPoint\",\"urlTemplate\":\"https:\\\/\\\/marielleaupaysdesours.fr\\\/?s={search_term_string}\"},\"query-input\":{\"@type\":\"PropertyValueSpecification\",\"valueRequired\":true,\"valueName\":\"search_term_string\"}}],\"inLanguage\":\"fr-FR\"},{\"@type\":\"Organization\",\"@id\":\"https:\\\/\\\/marielleaupaysdesours.fr\\\/#organization\",\"name\":\"Marielle au Pays des Ours | Vente en ligne de peluches\",\"url\":\"https:\\\/\\\/marielleaupaysdesours.fr\\\/\",\"logo\":{\"@type\":\"ImageObject\",\"inLanguage\":\"fr-FR\",\"@id\":\"https:\\\/\\\/marielleaupaysdesours.fr\\\/#\\\/schema\\\/logo\\\/image\\\/\",\"url\":\"https:\\\/\\\/marielleaupaysdesours.fr\\\/wp-content\\\/uploads\\\/2020\\\/10\\\/logo-marielle-light.jpg\",\"contentUrl\":\"https:\\\/\\\/marielleaupaysdesours.fr\\\/wp-content\\\/uploads\\\/2020\\\/10\\\/logo-marielle-light.jpg\",\"width\":500,\"height\":500,\"caption\":\"Marielle au Pays des Ours | Vente en ligne de peluches\"},\"image\":{\"@id\":\"https:\\\/\\\/marielleaupaysdesours.fr\\\/#\\\/schema\\\/logo\\\/image\\\/\"}}]}<\/script>\n<!-- \/ Yoast SEO plugin. -->","yoast_head_json":{"title":"Ourson en Peluche MAVI CHRISTMAS - BUKOWSKI - Marielle au Pays des Ours | Vente en ligne de peluches","description":"Vous \u00eates \u00e0 la recherche du plus mignon des ourson en peluche ? Voici Mavi, l'ourson en peluche de Bukowski, venez le chercher sur marielleaupaysdesours.fr","robots":{"index":"index","follow":"follow","max-snippet":"max-snippet:-1","max-image-preview":"max-image-preview:large","max-video-preview":"max-video-preview:-1"},"canonical":"https:\/\/marielleaupaysdesours.fr\/index.php\/product\/ourson-en-peluche-mavi-christmas-bukowski\/","og_locale":"fr_FR","og_type":"article","og_title":"Ourson en Peluche MAVI CHRISTMAS - BUKOWSKI - Marielle au Pays des Ours | Vente en ligne de peluches","og_description":"Vous \u00eates \u00e0 la recherche du plus mignon des ourson en peluche ? Voici Mavi, l'ourson en peluche de Bukowski, venez le chercher sur marielleaupaysdesours.fr","og_url":"https:\/\/marielleaupaysdesours.fr\/index.php\/product\/ourson-en-peluche-mavi-christmas-bukowski\/","og_site_name":"Marielle au Pays des Ours | Vente en ligne de peluches","article_modified_time":"2025-10-22T16:50:17+00:00","og_image":[{"width":474,"height":474,"url":"https:\/\/marielleaupaysdesours.fr\/wp-content\/uploads\/2024\/10\/OIP-10.webp","type":"image\/webp"}],"twitter_card":"summary_large_image","twitter_misc":{"Dur\u00e9e de lecture estim\u00e9e":"2 minutes"},"schema":{"@context":"https:\/\/schema.org","@graph":[{"@type":"WebPage","@id":"https:\/\/marielleaupaysdesours.fr\/index.php\/product\/ourson-en-peluche-mavi-christmas-bukowski\/","url":"https:\/\/marielleaupaysdesours.fr\/index.php\/product\/ourson-en-peluche-mavi-christmas-bukowski\/","name":"Ourson en Peluche MAVI CHRISTMAS - BUKOWSKI - Marielle au Pays des Ours | Vente en ligne de peluches","isPartOf":{"@id":"https:\/\/marielleaupaysdesours.fr\/#website"},"primaryImageOfPage":{"@id":"https:\/\/marielleaupaysdesours.fr\/index.php\/product\/ourson-en-peluche-mavi-christmas-bukowski\/#primaryimage"},"image":{"@id":"https:\/\/marielleaupaysdesours.fr\/index.php\/product\/ourson-en-peluche-mavi-christmas-bukowski\/#primaryimage"},"thumbnailUrl":"https:\/\/marielleaupaysdesours.fr\/wp-content\/uploads\/2024\/10\/OIP-10.webp","datePublished":"2024-10-19T14:54:36+00:00","dateModified":"2025-10-22T16:50:17+00:00","description":"Vous \u00eates \u00e0 la recherche du plus mignon des ourson en peluche ? Voici Mavi, l'ourson en peluche de Bukowski, venez le chercher sur marielleaupaysdesours.fr","breadcrumb":{"@id":"https:\/\/marielleaupaysdesours.fr\/index.php\/product\/ourson-en-peluche-mavi-christmas-bukowski\/#breadcrumb"},"inLanguage":"fr-FR","potentialAction":[{"@type":"ReadAction","target":["https:\/\/marielleaupaysdesours.fr\/index.php\/product\/ourson-en-peluche-mavi-christmas-bukowski\/"]}]},{"@type":"ImageObject","inLanguage":"fr-FR","@id":"https:\/\/marielleaupaysdesours.fr\/index.php\/product\/ourson-en-peluche-mavi-christmas-bukowski\/#primaryimage","url":"https:\/\/marielleaupaysdesours.fr\/wp-content\/uploads\/2024\/10\/OIP-10.webp","contentUrl":"https:\/\/marielleaupaysdesours.fr\/wp-content\/uploads\/2024\/10\/OIP-10.webp","width":474,"height":474},{"@type":"BreadcrumbList","@id":"https:\/\/marielleaupaysdesours.fr\/index.php\/product\/ourson-en-peluche-mavi-christmas-bukowski\/#breadcrumb","itemListElement":[{"@type":"ListItem","position":1,"name":"Accueil","item":"https:\/\/marielleaupaysdesours.fr\/"},{"@type":"ListItem","position":2,"name":"Shop","item":"https:\/\/marielleaupaysdesours.fr\/index.php\/shop\/"},{"@type":"ListItem","position":3,"name":"Ourson en Peluche MAVI CHRISTMAS &#8211; BUKOWSKI"}]},{"@type":"WebSite","@id":"https:\/\/marielleaupaysdesours.fr\/#website","url":"https:\/\/marielleaupaysdesours.fr\/","name":"Marielle au Pays des Ours | Vente en ligne de peluches","description":"vente en ligne de peluches","publisher":{"@id":"https:\/\/marielleaupaysdesours.fr\/#organization"},"potentialAction":[{"@type":"SearchAction","target":{"@type":"EntryPoint","urlTemplate":"https:\/\/marielleaupaysdesours.fr\/?s={search_term_string}"},"query-input":{"@type":"PropertyValueSpecification","valueRequired":true,"valueName":"search_term_string"}}],"inLanguage":"fr-FR"},{"@type":"Organization","@id":"https:\/\/marielleaupaysdesours.fr\/#organization","name":"Marielle au Pays des Ours | Vente en ligne de peluches","url":"https:\/\/marielleaupaysdesours.fr\/","logo":{"@type":"ImageObject","inLanguage":"fr-FR","@id":"https:\/\/marielleaupaysdesours.fr\/#\/schema\/logo\/image\/","url":"https:\/\/marielleaupaysdesours.fr\/wp-content\/uploads\/2020\/10\/logo-marielle-light.jpg","contentUrl":"https:\/\/marielleaupaysdesours.fr\/wp-content\/uploads\/2020\/10\/logo-marielle-light.jpg","width":500,"height":500,"caption":"Marielle au Pays des Ours | Vente en ligne de peluches"},"image":{"@id":"https:\/\/marielleaupaysdesours.fr\/#\/schema\/logo\/image\/"}}]}},"jetpack_sharing_enabled":true,"_links":{"self":[{"href":"https:\/\/marielleaupaysdesours.fr\/index.php\/wp-json\/wp\/v2\/product\/5997","targetHints":{"allow":["GET"]}}],"collection":[{"href":"https:\/\/marielleaupaysdesours.fr\/index.php\/wp-json\/wp\/v2\/product"}],"about":[{"href":"https:\/\/marielleaupaysdesours.fr\/index.php\/wp-json\/wp\/v2\/types\/product"}],"replies":[{"embeddable":true,"href":"https:\/\/marielleaupaysdesours.fr\/index.php\/wp-json\/wp\/v2\/comments?post=5997"}],"version-history":[{"count":3,"href":"https:\/\/marielleaupaysdesours.fr\/index.php\/wp-json\/wp\/v2\/product\/5997\/revisions"}],"predecessor-version":[{"id":6234,"href":"https:\/\/marielleaupaysdesours.fr\/index.php\/wp-json\/wp\/v2\/product\/5997\/revisions\/6234"}],"wp:featuredmedia":[{"embeddable":true,"href":"https:\/\/marielleaupaysdesours.fr\/index.php\/wp-json\/wp\/v2\/media\/7100"}],"wp:attachment":[{"href":"https:\/\/marielleaupaysdesours.fr\/index.php\/wp-json\/wp\/v2\/media?parent=5997"}],"wp:term":[{"taxonomy":"product_brand","embeddable":true,"href":"https:\/\/marielleaupaysdesours.fr\/index.php\/wp-json\/wp\/v2\/product_brand?post=5997"},{"taxonomy":"product_cat","embeddable":true,"href":"https:\/\/marielleaupaysdesours.fr\/index.php\/wp-json\/wp\/v2\/product_cat?post=5997"},{"taxonomy":"product_tag","embeddable":true,"href":"https:\/\/marielleaupaysdesours.fr\/index.php\/wp-json\/wp\/v2\/product_tag?post=5997"}],"curies":[{"name":"wp","href":"https:\/\/api.w.org\/{rel}","templated":true}]}}