{"id":5953,"date":"2024-10-18T09:55:23","date_gmt":"2024-10-18T07:55:23","guid":{"rendered":"https:\/\/marielleaupaysdesours.fr\/?post_type=product&#038;p=5953"},"modified":"2025-12-24T17:20:43","modified_gmt":"2025-12-24T16:20:43","slug":"ours-en-peluche-tessa-charlie-bears","status":"publish","type":"product","link":"https:\/\/marielleaupaysdesours.fr\/index.php\/product\/ours-en-peluche-tessa-charlie-bears\/","title":{"rendered":"Ours en Peluche TESSA &#8211; CHARLIE BEARS &#8211; Collection 2023"},"content":{"rendered":"<h3>D\u00e9couvrez Tessa, l&rsquo;ours en peluche de la collection 2023 de Charlie Bears !<\/h3>\n<p>Tessa est un ours en peluche d\u2019exception. Confectionn\u00e9e \u00e0 partir d&rsquo;une luxueuse fourrure douce et dense, aux sublimes nuances de vanille, cr\u00e8me et caramel clair. Son design unique lui donne des allures de panda. Avec un tour de yeux, des oreilles et des pattes en poils blonds.<\/p>\n<p>Son ventre et sa t\u00eate sont orn\u00e9s de poils cr\u00e8me \u00e0 tendance boucl\u00e9e, tandis que son museau blanc \u00e0 poils ras met en valeur son adorable petit nez taupe, soigneusement cousu \u00e0 la main. Ses yeux brillants et expressifs ajoutent une touche de charme irr\u00e9sistible \u00e0 son visage.<\/p>\n<p>Avec de gros coussinets sculpt\u00e9s et des orteils chatouilleux en su\u00e9dine, L&rsquo;ours en peluche Tessa est pr\u00eate \u00e0 devenir votre compagne de c\u00e2lins pr\u00e9f\u00e9r\u00e9e. Elle porte \u00e9galement un magnifique n\u0153ud chocolat avec un pendentif en forme de c\u0153ur, ajoutant une touche d&rsquo;\u00e9l\u00e9gance \u00e0 son apparence.<\/p>\n<p>\u2728 <strong>Dimensions :<\/strong> 44 cm (17,5 inches)<br \/>\n\ud83d\udc96 <strong>Collection :<\/strong> 2023 &#8211;<a href=\"https:\/\/marielleaupaysdesours.fr\/index.php\/peluches-charlie-bears\/\"> Charlie Bears<\/a><\/p>\n<p>Offrez-vous ou offrez \u00e0 un \u00eatre cher cette merveilleuse peluche qui apportera douceur et r\u00e9confort !<\/p>\n<p>Ainsi, Les Peluches de<a href=\"https:\/\/charliebears.com\/\"><strong>\u00a0Charlie Bears<\/strong><\/a>\u00a0sont vraiment incroyables et attachantes. Et toujours remplies de petits d\u00e9tails qui les rendent si uniques. Il y a toujours de la place pour un ours de plus!!!<\/p>\n<p>Alors, pour en savoir plus sur cette peluche ou pour toute demande de renseignements, n\u2019h\u00e9sitez pas \u00e0 nous contacter via le formulaire de contact ou directement par t\u00e9l\u00e9phone. Nous serons ravis de vous r\u00e9pondre et d\u2019\u00e9changer avec vous sur notre passion commune !<\/p>\n","protected":false},"excerpt":{"rendered":"<p>Tessa est un ours en peluche d\u2019exception, confectionn\u00e9e \u00e0 partir d&rsquo;une luxueuse fourrure douce et dense, aux sublimes nuances de vanille, cr\u00e8me et caramel clair. Son design unique lui donne des allures de panda, avec un tour de yeux, des oreilles et des pattes en poils blonds.<\/p>\n<p>Son ventre et sa t\u00eate sont orn\u00e9s de poils cr\u00e8me \u00e0 tendance boucl\u00e9e, tandis que son museau blanc \u00e0 poils ras met en valeur son adorable petit nez taupe, soigneusement cousu \u00e0 la main. Ses yeux brillants et expressifs ajoutent une touche de charme irr\u00e9sistible \u00e0 son visage.<\/p>\n<p>Avec de gros coussinets sculpt\u00e9s et des orteils chatouilleux en su\u00e9dine, Tessa est pr\u00eate \u00e0 devenir votre compagne de c\u00e2lins pr\u00e9f\u00e9r\u00e9e. Elle porte \u00e9galement un magnifique n\u0153ud chocolat avec un pendentif en forme de c\u0153ur, ajoutant une touche d&rsquo;\u00e9l\u00e9gance \u00e0 son apparence.<\/p>\n","protected":false},"featured_media":5954,"comment_status":"closed","ping_status":"closed","template":"","meta":{"_monsterinsights_skip_tracking":false,"_monsterinsights_sitenote_active":false,"_monsterinsights_sitenote_note":"","_monsterinsights_sitenote_category":0,"site-sidebar-layout":"default","site-content-layout":"","ast-site-content-layout":"default","site-content-style":"default","site-sidebar-style":"default","ast-global-header-display":"","ast-banner-title-visibility":"","ast-main-header-display":"","ast-hfb-above-header-display":"","ast-hfb-below-header-display":"","ast-hfb-mobile-header-display":"","site-post-title":"","ast-breadcrumbs-content":"","ast-featured-img":"","footer-sml-layout":"","ast-disable-related-posts":"","theme-transparent-header-meta":"default","adv-header-id-meta":"","stick-header-meta":"","header-above-stick-meta":"","header-main-stick-meta":"","header-below-stick-meta":"","astra-migrate-meta-layouts":"set","ast-page-background-enabled":"default","ast-page-background-meta":{"desktop":{"background-color":"","background-image":"","background-repeat":"repeat","background-position":"center center","background-size":"auto","background-attachment":"scroll","background-type":"","background-media":"","overlay-type":"","overlay-color":"","overlay-opacity":"","overlay-gradient":""},"tablet":{"background-color":"","background-image":"","background-repeat":"repeat","background-position":"center center","background-size":"auto","background-attachment":"scroll","background-type":"","background-media":"","overlay-type":"","overlay-color":"","overlay-opacity":"","overlay-gradient":""},"mobile":{"background-color":"","background-image":"","background-repeat":"repeat","background-position":"center center","background-size":"auto","background-attachment":"scroll","background-type":"","background-media":"","overlay-type":"","overlay-color":"","overlay-opacity":"","overlay-gradient":""}},"ast-content-background-meta":{"desktop":{"background-color":"var(--ast-global-color-5)","background-image":"","background-repeat":"repeat","background-position":"center center","background-size":"auto","background-attachment":"scroll","background-type":"","background-media":"","overlay-type":"","overlay-color":"","overlay-opacity":"","overlay-gradient":""},"tablet":{"background-color":"var(--ast-global-color-5)","background-image":"","background-repeat":"repeat","background-position":"center center","background-size":"auto","background-attachment":"scroll","background-type":"","background-media":"","overlay-type":"","overlay-color":"","overlay-opacity":"","overlay-gradient":""},"mobile":{"background-color":"var(--ast-global-color-5)","background-image":"","background-repeat":"repeat","background-position":"center center","background-size":"auto","background-attachment":"scroll","background-type":"","background-media":"","overlay-type":"","overlay-color":"","overlay-opacity":"","overlay-gradient":""}}},"product_brand":[],"product_cat":[42],"product_tag":[],"class_list":{"0":"post-5953","1":"product","2":"type-product","3":"status-publish","4":"has-post-thumbnail","6":"product_cat-charlie-bears-peluches-collection","7":"product_shipping_class-peluches-grande-taille","8":"desktop-align-center","9":"tablet-align-left","10":"mobile-align-left","12":"first","13":"outofstock","14":"sale","15":"shipping-taxable","16":"purchasable","17":"product-type-simple"},"yoast_head":"<!-- This site is optimized with the Yoast SEO plugin v27.4 - https:\/\/yoast.com\/product\/yoast-seo-wordpress\/ -->\n<title>Ours en Peluche TESSA - CHARLIE BEARS - Collection 2023 - Marielle au Pays des Ours | Vente en ligne de peluches<\/title>\n<meta name=\"description\" content=\"Vous cherchez une adorable peluche au pelage boucl\u00e9 et \u00e0 la frimousse adorable ? Voici l&#039;ours en peluche Tessa, venez la chercher sur notre site !\" \/>\n<meta name=\"robots\" content=\"index, follow, max-snippet:-1, max-image-preview:large, max-video-preview:-1\" \/>\n<link rel=\"canonical\" href=\"https:\/\/marielleaupaysdesours.fr\/index.php\/product\/ours-en-peluche-tessa-charlie-bears\/\" \/>\n<meta property=\"og:locale\" content=\"fr_FR\" \/>\n<meta property=\"og:type\" content=\"article\" \/>\n<meta property=\"og:title\" content=\"Ours en Peluche TESSA - CHARLIE BEARS - Collection 2023 - Marielle au Pays des Ours | Vente en ligne de peluches\" \/>\n<meta property=\"og:description\" content=\"Vous cherchez une adorable peluche au pelage boucl\u00e9 et \u00e0 la frimousse adorable ? Voici l&#039;ours en peluche Tessa, venez la chercher sur notre site !\" \/>\n<meta property=\"og:url\" content=\"https:\/\/marielleaupaysdesours.fr\/index.php\/product\/ours-en-peluche-tessa-charlie-bears\/\" \/>\n<meta property=\"og:site_name\" content=\"Marielle au Pays des Ours | Vente en ligne de peluches\" \/>\n<meta property=\"article:modified_time\" content=\"2025-12-24T16:20:43+00:00\" \/>\n<meta property=\"og:image\" content=\"https:\/\/marielleaupaysdesours.fr\/wp-content\/uploads\/2024\/10\/ours-tessa-charlie-bears-en-peluche-2023.jpg\" \/>\n\t<meta property=\"og:image:width\" content=\"452\" \/>\n\t<meta property=\"og:image:height\" content=\"452\" \/>\n\t<meta property=\"og:image:type\" content=\"image\/jpeg\" \/>\n<meta name=\"twitter:card\" content=\"summary_large_image\" \/>\n<meta name=\"twitter:label1\" content=\"Dur\u00e9e de lecture estim\u00e9e\" \/>\n\t<meta name=\"twitter:data1\" content=\"2 minutes\" \/>\n<script type=\"application\/ld+json\" class=\"yoast-schema-graph\">{\"@context\":\"https:\\\/\\\/schema.org\",\"@graph\":[{\"@type\":\"WebPage\",\"@id\":\"https:\\\/\\\/marielleaupaysdesours.fr\\\/index.php\\\/product\\\/ours-en-peluche-tessa-charlie-bears\\\/\",\"url\":\"https:\\\/\\\/marielleaupaysdesours.fr\\\/index.php\\\/product\\\/ours-en-peluche-tessa-charlie-bears\\\/\",\"name\":\"Ours en Peluche TESSA - CHARLIE BEARS - Collection 2023 - Marielle au Pays des Ours | Vente en ligne de peluches\",\"isPartOf\":{\"@id\":\"https:\\\/\\\/marielleaupaysdesours.fr\\\/#website\"},\"primaryImageOfPage\":{\"@id\":\"https:\\\/\\\/marielleaupaysdesours.fr\\\/index.php\\\/product\\\/ours-en-peluche-tessa-charlie-bears\\\/#primaryimage\"},\"image\":{\"@id\":\"https:\\\/\\\/marielleaupaysdesours.fr\\\/index.php\\\/product\\\/ours-en-peluche-tessa-charlie-bears\\\/#primaryimage\"},\"thumbnailUrl\":\"https:\\\/\\\/marielleaupaysdesours.fr\\\/wp-content\\\/uploads\\\/2024\\\/10\\\/ours-tessa-charlie-bears-en-peluche-2023.jpg\",\"datePublished\":\"2024-10-18T07:55:23+00:00\",\"dateModified\":\"2025-12-24T16:20:43+00:00\",\"description\":\"Vous cherchez une adorable peluche au pelage boucl\u00e9 et \u00e0 la frimousse adorable ? Voici l'ours en peluche Tessa, venez la chercher sur notre site !\",\"breadcrumb\":{\"@id\":\"https:\\\/\\\/marielleaupaysdesours.fr\\\/index.php\\\/product\\\/ours-en-peluche-tessa-charlie-bears\\\/#breadcrumb\"},\"inLanguage\":\"fr-FR\",\"potentialAction\":[{\"@type\":\"ReadAction\",\"target\":[\"https:\\\/\\\/marielleaupaysdesours.fr\\\/index.php\\\/product\\\/ours-en-peluche-tessa-charlie-bears\\\/\"]}]},{\"@type\":\"ImageObject\",\"inLanguage\":\"fr-FR\",\"@id\":\"https:\\\/\\\/marielleaupaysdesours.fr\\\/index.php\\\/product\\\/ours-en-peluche-tessa-charlie-bears\\\/#primaryimage\",\"url\":\"https:\\\/\\\/marielleaupaysdesours.fr\\\/wp-content\\\/uploads\\\/2024\\\/10\\\/ours-tessa-charlie-bears-en-peluche-2023.jpg\",\"contentUrl\":\"https:\\\/\\\/marielleaupaysdesours.fr\\\/wp-content\\\/uploads\\\/2024\\\/10\\\/ours-tessa-charlie-bears-en-peluche-2023.jpg\",\"width\":452,\"height\":452,\"caption\":\"Ours en Peluche TESSA - CHARLIE BEARS - Collection 2023\"},{\"@type\":\"BreadcrumbList\",\"@id\":\"https:\\\/\\\/marielleaupaysdesours.fr\\\/index.php\\\/product\\\/ours-en-peluche-tessa-charlie-bears\\\/#breadcrumb\",\"itemListElement\":[{\"@type\":\"ListItem\",\"position\":1,\"name\":\"Accueil\",\"item\":\"https:\\\/\\\/marielleaupaysdesours.fr\\\/\"},{\"@type\":\"ListItem\",\"position\":2,\"name\":\"Shop\",\"item\":\"https:\\\/\\\/marielleaupaysdesours.fr\\\/index.php\\\/shop\\\/\"},{\"@type\":\"ListItem\",\"position\":3,\"name\":\"Ours en Peluche TESSA &#8211; CHARLIE BEARS &#8211; Collection 2023\"}]},{\"@type\":\"WebSite\",\"@id\":\"https:\\\/\\\/marielleaupaysdesours.fr\\\/#website\",\"url\":\"https:\\\/\\\/marielleaupaysdesours.fr\\\/\",\"name\":\"Marielle au Pays des Ours | Vente en ligne de peluches\",\"description\":\"vente en ligne de peluches\",\"publisher\":{\"@id\":\"https:\\\/\\\/marielleaupaysdesours.fr\\\/#organization\"},\"potentialAction\":[{\"@type\":\"SearchAction\",\"target\":{\"@type\":\"EntryPoint\",\"urlTemplate\":\"https:\\\/\\\/marielleaupaysdesours.fr\\\/?s={search_term_string}\"},\"query-input\":{\"@type\":\"PropertyValueSpecification\",\"valueRequired\":true,\"valueName\":\"search_term_string\"}}],\"inLanguage\":\"fr-FR\"},{\"@type\":\"Organization\",\"@id\":\"https:\\\/\\\/marielleaupaysdesours.fr\\\/#organization\",\"name\":\"Marielle au Pays des Ours | Vente en ligne de peluches\",\"url\":\"https:\\\/\\\/marielleaupaysdesours.fr\\\/\",\"logo\":{\"@type\":\"ImageObject\",\"inLanguage\":\"fr-FR\",\"@id\":\"https:\\\/\\\/marielleaupaysdesours.fr\\\/#\\\/schema\\\/logo\\\/image\\\/\",\"url\":\"https:\\\/\\\/marielleaupaysdesours.fr\\\/wp-content\\\/uploads\\\/2020\\\/10\\\/logo-marielle-light.jpg\",\"contentUrl\":\"https:\\\/\\\/marielleaupaysdesours.fr\\\/wp-content\\\/uploads\\\/2020\\\/10\\\/logo-marielle-light.jpg\",\"width\":500,\"height\":500,\"caption\":\"Marielle au Pays des Ours | Vente en ligne de peluches\"},\"image\":{\"@id\":\"https:\\\/\\\/marielleaupaysdesours.fr\\\/#\\\/schema\\\/logo\\\/image\\\/\"}}]}<\/script>\n<!-- \/ Yoast SEO plugin. -->","yoast_head_json":{"title":"Ours en Peluche TESSA - CHARLIE BEARS - Collection 2023 - Marielle au Pays des Ours | Vente en ligne de peluches","description":"Vous cherchez une adorable peluche au pelage boucl\u00e9 et \u00e0 la frimousse adorable ? Voici l'ours en peluche Tessa, venez la chercher sur notre site !","robots":{"index":"index","follow":"follow","max-snippet":"max-snippet:-1","max-image-preview":"max-image-preview:large","max-video-preview":"max-video-preview:-1"},"canonical":"https:\/\/marielleaupaysdesours.fr\/index.php\/product\/ours-en-peluche-tessa-charlie-bears\/","og_locale":"fr_FR","og_type":"article","og_title":"Ours en Peluche TESSA - CHARLIE BEARS - Collection 2023 - Marielle au Pays des Ours | Vente en ligne de peluches","og_description":"Vous cherchez une adorable peluche au pelage boucl\u00e9 et \u00e0 la frimousse adorable ? Voici l'ours en peluche Tessa, venez la chercher sur notre site !","og_url":"https:\/\/marielleaupaysdesours.fr\/index.php\/product\/ours-en-peluche-tessa-charlie-bears\/","og_site_name":"Marielle au Pays des Ours | Vente en ligne de peluches","article_modified_time":"2025-12-24T16:20:43+00:00","og_image":[{"width":452,"height":452,"url":"https:\/\/marielleaupaysdesours.fr\/wp-content\/uploads\/2024\/10\/ours-tessa-charlie-bears-en-peluche-2023.jpg","type":"image\/jpeg"}],"twitter_card":"summary_large_image","twitter_misc":{"Dur\u00e9e de lecture estim\u00e9e":"2 minutes"},"schema":{"@context":"https:\/\/schema.org","@graph":[{"@type":"WebPage","@id":"https:\/\/marielleaupaysdesours.fr\/index.php\/product\/ours-en-peluche-tessa-charlie-bears\/","url":"https:\/\/marielleaupaysdesours.fr\/index.php\/product\/ours-en-peluche-tessa-charlie-bears\/","name":"Ours en Peluche TESSA - CHARLIE BEARS - Collection 2023 - Marielle au Pays des Ours | Vente en ligne de peluches","isPartOf":{"@id":"https:\/\/marielleaupaysdesours.fr\/#website"},"primaryImageOfPage":{"@id":"https:\/\/marielleaupaysdesours.fr\/index.php\/product\/ours-en-peluche-tessa-charlie-bears\/#primaryimage"},"image":{"@id":"https:\/\/marielleaupaysdesours.fr\/index.php\/product\/ours-en-peluche-tessa-charlie-bears\/#primaryimage"},"thumbnailUrl":"https:\/\/marielleaupaysdesours.fr\/wp-content\/uploads\/2024\/10\/ours-tessa-charlie-bears-en-peluche-2023.jpg","datePublished":"2024-10-18T07:55:23+00:00","dateModified":"2025-12-24T16:20:43+00:00","description":"Vous cherchez une adorable peluche au pelage boucl\u00e9 et \u00e0 la frimousse adorable ? Voici l'ours en peluche Tessa, venez la chercher sur notre site !","breadcrumb":{"@id":"https:\/\/marielleaupaysdesours.fr\/index.php\/product\/ours-en-peluche-tessa-charlie-bears\/#breadcrumb"},"inLanguage":"fr-FR","potentialAction":[{"@type":"ReadAction","target":["https:\/\/marielleaupaysdesours.fr\/index.php\/product\/ours-en-peluche-tessa-charlie-bears\/"]}]},{"@type":"ImageObject","inLanguage":"fr-FR","@id":"https:\/\/marielleaupaysdesours.fr\/index.php\/product\/ours-en-peluche-tessa-charlie-bears\/#primaryimage","url":"https:\/\/marielleaupaysdesours.fr\/wp-content\/uploads\/2024\/10\/ours-tessa-charlie-bears-en-peluche-2023.jpg","contentUrl":"https:\/\/marielleaupaysdesours.fr\/wp-content\/uploads\/2024\/10\/ours-tessa-charlie-bears-en-peluche-2023.jpg","width":452,"height":452,"caption":"Ours en Peluche TESSA - CHARLIE BEARS - Collection 2023"},{"@type":"BreadcrumbList","@id":"https:\/\/marielleaupaysdesours.fr\/index.php\/product\/ours-en-peluche-tessa-charlie-bears\/#breadcrumb","itemListElement":[{"@type":"ListItem","position":1,"name":"Accueil","item":"https:\/\/marielleaupaysdesours.fr\/"},{"@type":"ListItem","position":2,"name":"Shop","item":"https:\/\/marielleaupaysdesours.fr\/index.php\/shop\/"},{"@type":"ListItem","position":3,"name":"Ours en Peluche TESSA &#8211; CHARLIE BEARS &#8211; Collection 2023"}]},{"@type":"WebSite","@id":"https:\/\/marielleaupaysdesours.fr\/#website","url":"https:\/\/marielleaupaysdesours.fr\/","name":"Marielle au Pays des Ours | Vente en ligne de peluches","description":"vente en ligne de peluches","publisher":{"@id":"https:\/\/marielleaupaysdesours.fr\/#organization"},"potentialAction":[{"@type":"SearchAction","target":{"@type":"EntryPoint","urlTemplate":"https:\/\/marielleaupaysdesours.fr\/?s={search_term_string}"},"query-input":{"@type":"PropertyValueSpecification","valueRequired":true,"valueName":"search_term_string"}}],"inLanguage":"fr-FR"},{"@type":"Organization","@id":"https:\/\/marielleaupaysdesours.fr\/#organization","name":"Marielle au Pays des Ours | Vente en ligne de peluches","url":"https:\/\/marielleaupaysdesours.fr\/","logo":{"@type":"ImageObject","inLanguage":"fr-FR","@id":"https:\/\/marielleaupaysdesours.fr\/#\/schema\/logo\/image\/","url":"https:\/\/marielleaupaysdesours.fr\/wp-content\/uploads\/2020\/10\/logo-marielle-light.jpg","contentUrl":"https:\/\/marielleaupaysdesours.fr\/wp-content\/uploads\/2020\/10\/logo-marielle-light.jpg","width":500,"height":500,"caption":"Marielle au Pays des Ours | Vente en ligne de peluches"},"image":{"@id":"https:\/\/marielleaupaysdesours.fr\/#\/schema\/logo\/image\/"}}]}},"jetpack_sharing_enabled":true,"_links":{"self":[{"href":"https:\/\/marielleaupaysdesours.fr\/index.php\/wp-json\/wp\/v2\/product\/5953","targetHints":{"allow":["GET"]}}],"collection":[{"href":"https:\/\/marielleaupaysdesours.fr\/index.php\/wp-json\/wp\/v2\/product"}],"about":[{"href":"https:\/\/marielleaupaysdesours.fr\/index.php\/wp-json\/wp\/v2\/types\/product"}],"replies":[{"embeddable":true,"href":"https:\/\/marielleaupaysdesours.fr\/index.php\/wp-json\/wp\/v2\/comments?post=5953"}],"version-history":[{"count":7,"href":"https:\/\/marielleaupaysdesours.fr\/index.php\/wp-json\/wp\/v2\/product\/5953\/revisions"}],"predecessor-version":[{"id":6059,"href":"https:\/\/marielleaupaysdesours.fr\/index.php\/wp-json\/wp\/v2\/product\/5953\/revisions\/6059"}],"wp:featuredmedia":[{"embeddable":true,"href":"https:\/\/marielleaupaysdesours.fr\/index.php\/wp-json\/wp\/v2\/media\/5954"}],"wp:attachment":[{"href":"https:\/\/marielleaupaysdesours.fr\/index.php\/wp-json\/wp\/v2\/media?parent=5953"}],"wp:term":[{"taxonomy":"product_brand","embeddable":true,"href":"https:\/\/marielleaupaysdesours.fr\/index.php\/wp-json\/wp\/v2\/product_brand?post=5953"},{"taxonomy":"product_cat","embeddable":true,"href":"https:\/\/marielleaupaysdesours.fr\/index.php\/wp-json\/wp\/v2\/product_cat?post=5953"},{"taxonomy":"product_tag","embeddable":true,"href":"https:\/\/marielleaupaysdesours.fr\/index.php\/wp-json\/wp\/v2\/product_tag?post=5953"}],"curies":[{"name":"wp","href":"https:\/\/api.w.org\/{rel}","templated":true}]}}