{"id":5869,"date":"2024-10-05T14:57:06","date_gmt":"2024-10-05T12:57:06","guid":{"rendered":"https:\/\/marielleaupaysdesours.fr\/?post_type=product&#038;p=5869"},"modified":"2025-11-08T13:21:00","modified_gmt":"2025-11-08T12:21:00","slug":"cheval-blanc-en-peluche-hanover-charlie-bears-collection-gardien-des-secrets-2021","status":"publish","type":"product","link":"https:\/\/marielleaupaysdesours.fr\/index.php\/product\/cheval-blanc-en-peluche-hanover-charlie-bears-collection-gardien-des-secrets-2021\/","title":{"rendered":"Cheval Blanc en Peluche Hanover &#8211; CHARLIE BEARS &#8211; Collection Gardien des Secrets 2021"},"content":{"rendered":"<h3>\u00c0 propos de Hanover, le cheval blanc en peluche de Charlie Bears, Collection Gardien des Secrets 2021<\/h3>\n<p>&nbsp;<\/p>\n<p><strong>Le cheval blanc en peluche Hanover fait parti de la collection peluches <a href=\"https:\/\/marielleaupaysdesours.fr\/index.php\/peluches-charlie-bears\/\">Charlie Bears <\/a>2021 Collection Gardien des Secrets<\/strong><\/p>\n<p>Lorsque Sa Majest\u00e9 la Reine d&rsquo;Angleterre fut couronn\u00e9e en 1953, l&rsquo;entr\u00e9e de l&rsquo;Abbaye de Westminster \u00e9tait gard\u00e9e par dix cr\u00e9atures fantastiques sous forme de statues h\u00e9raldiques de 1,80 m de haut, pesant chacune 317 kg ! Chaque cr\u00e9ature portait un bouclier arborant un blason ou des armoiries d&rsquo;une famille li\u00e9e \u00e0 l&rsquo;ascendance de la <a href=\"https:\/\/fr.wikipedia.org\/wiki\/%C3%89lisabeth_II\"><strong>Reine \u00c9lisabeth II<\/strong><\/a>. Apr\u00e8s le couronnement, ces statues furent d\u00e9plac\u00e9es au Mus\u00e9e canadien de l&rsquo;histoire, au Qu\u00e9bec.<\/p>\n<p>Pour comm\u00e9morer cet \u00e9v\u00e9nement historique, <a href=\"https:\/\/marielleaupaysdesours.fr\/index.php\/peluches-charlie-bears\/\">Charlie Bears<\/a> a cr\u00e9\u00e9 une magnifique s\u00e9rie appel\u00e9e <strong>The Queen&rsquo;s Beast Series<\/strong>. (<strong>Collection Gardien des Secrets en fran\u00e7ais)<\/strong><\/p>\n<p>Parmi ces cr\u00e9ations, le cheval blanc en peluche <strong>Hanover<\/strong> est une \u00e9dition limit\u00e9e et num\u00e9rot\u00e9e \u00e0 2000 exemplaires.<\/p>\n<h3>Description de Hanover<\/h3>\n<p>Hanover repr\u00e9sente le <strong>Cheval Blanc de Hanovre<\/strong>, qui symbolise les pr\u00e9d\u00e9cesseurs hanovriens de Sa Majest\u00e9. La r\u00e9gion de Hanovre est souvent repr\u00e9sent\u00e9e par un cheval blanc sur fond rouge, une image qui incarne la noblesse et la tradition.<\/p>\n<p>Cette pi\u00e8ce unique arbore une <strong>fourrure blanche \u00e9clatante<\/strong>. Son long pelage a \u00e9t\u00e9 soigneusement travaill\u00e9 pour cr\u00e9er une crini\u00e8re, une queue et des pieds plumeux, ce qui lui conf\u00e8re une allure majestueuse. Les sabots de Hanover sont fabriqu\u00e9s en un mat\u00e9riau \u00ab suedey \u00bb blanc, leur offrant une texture douce et agr\u00e9able au toucher. Pour ajouter une touche d&rsquo;\u00e9l\u00e9gance, elle porte un pendentif en forme de cl\u00e9 \u00e0 effet antique, symbole de myst\u00e8re et de raffinement.<\/p>\n<h3>Caract\u00e9ristiques<\/h3>\n<ul>\n<li><strong>Collection<\/strong> : Charlie Bears 2021<\/li>\n<li><strong>Designers<\/strong> : Alison Mills &amp; Charlotte Morris<\/li>\n<li><strong>Mat\u00e9riau<\/strong> : Plush de haute qualit\u00e9<\/li>\n<li><strong>Articulation<\/strong> : Articul\u00e9e (jointed)<\/li>\n<li><strong>Entretien<\/strong> : Lavage \u00e0 la main \u00e0 l&rsquo;eau froide, avec soin<\/li>\n<li><strong>\u00c2ge recommand\u00e9<\/strong> : Convient aux enfants de 3 ans et plus<\/li>\n<\/ul>\n<h3>Pourquoi choisir Hanover ?<\/h3>\n<p>Ainsi, Hanover est bien plus qu&rsquo;une simple peluche, c&rsquo;est un hommage \u00e0 l&rsquo;histoire britannique. Alors, elle s\u00e9duira les collectionneurs passionn\u00e9s par les pi\u00e8ces limit\u00e9es et les amoureux de l&rsquo;histoire royale. Ainsi, avec seulement <strong>2000 exemplaires disponibles<\/strong>, cette cr\u00e9ation de la s\u00e9rie <strong>The Queen&rsquo;s Beast<\/strong> est une pi\u00e8ce qui saura trouver sa place au sein de toute collection d&rsquo;ours Charlie Bears.<\/p>\n<p>Alors, profitez de l&rsquo;opportunit\u00e9 de poss\u00e9der un morceau de l&rsquo;histoire et de la tradition britannique avec <strong>Hanover.<\/strong> Une \u0153uvre d&rsquo;art en peluche qui ravira petits et grands.<\/p>\n","protected":false},"excerpt":{"rendered":"<p>Hanover repr\u00e9sente le <strong>Cheval Blanc de Hanovre<\/strong>, qui symbolise les pr\u00e9d\u00e9cesseurs hanovriens de Sa Majest\u00e9. La r\u00e9gion de Hanovre est souvent repr\u00e9sent\u00e9e par un cheval blanc sur fond rouge, une image qui incarne la noblesse et la tradition.<\/p>\n<p>Cette pi\u00e8ce unique arbore une <strong>fourrure blanche \u00e9clatante<\/strong>. Son long pelage a \u00e9t\u00e9 soigneusement travaill\u00e9 pour cr\u00e9er une crini\u00e8re, une queue et des pieds plumeux, ce qui lui conf\u00e8re une allure majestueuse. Les sabots de Hanover sont fabriqu\u00e9s en un mat\u00e9riau \u00ab suedey \u00bb blanc, leur offrant une texture douce et agr\u00e9able au toucher. Pour ajouter une touche d&rsquo;\u00e9l\u00e9gance, elle porte un pendentif en forme de cl\u00e9 \u00e0 effet antique, symbole de myst\u00e8re et de raffinement.<\/p>\n","protected":false},"featured_media":5870,"comment_status":"closed","ping_status":"closed","template":"","meta":{"_monsterinsights_skip_tracking":false,"_monsterinsights_sitenote_active":false,"_monsterinsights_sitenote_note":"","_monsterinsights_sitenote_category":0,"site-sidebar-layout":"default","site-content-layout":"","ast-site-content-layout":"default","site-content-style":"default","site-sidebar-style":"default","ast-global-header-display":"","ast-banner-title-visibility":"","ast-main-header-display":"","ast-hfb-above-header-display":"","ast-hfb-below-header-display":"","ast-hfb-mobile-header-display":"","site-post-title":"","ast-breadcrumbs-content":"","ast-featured-img":"","footer-sml-layout":"","ast-disable-related-posts":"","theme-transparent-header-meta":"default","adv-header-id-meta":"","stick-header-meta":"","header-above-stick-meta":"","header-main-stick-meta":"","header-below-stick-meta":"","astra-migrate-meta-layouts":"set","ast-page-background-enabled":"default","ast-page-background-meta":{"desktop":{"background-color":"","background-image":"","background-repeat":"repeat","background-position":"center center","background-size":"auto","background-attachment":"scroll","background-type":"","background-media":"","overlay-type":"","overlay-color":"","overlay-opacity":"","overlay-gradient":""},"tablet":{"background-color":"","background-image":"","background-repeat":"repeat","background-position":"center center","background-size":"auto","background-attachment":"scroll","background-type":"","background-media":"","overlay-type":"","overlay-color":"","overlay-opacity":"","overlay-gradient":""},"mobile":{"background-color":"","background-image":"","background-repeat":"repeat","background-position":"center center","background-size":"auto","background-attachment":"scroll","background-type":"","background-media":"","overlay-type":"","overlay-color":"","overlay-opacity":"","overlay-gradient":""}},"ast-content-background-meta":{"desktop":{"background-color":"var(--ast-global-color-5)","background-image":"","background-repeat":"repeat","background-position":"center center","background-size":"auto","background-attachment":"scroll","background-type":"","background-media":"","overlay-type":"","overlay-color":"","overlay-opacity":"","overlay-gradient":""},"tablet":{"background-color":"var(--ast-global-color-5)","background-image":"","background-repeat":"repeat","background-position":"center center","background-size":"auto","background-attachment":"scroll","background-type":"","background-media":"","overlay-type":"","overlay-color":"","overlay-opacity":"","overlay-gradient":""},"mobile":{"background-color":"var(--ast-global-color-5)","background-image":"","background-repeat":"repeat","background-position":"center center","background-size":"auto","background-attachment":"scroll","background-type":"","background-media":"","overlay-type":"","overlay-color":"","overlay-opacity":"","overlay-gradient":""}}},"product_brand":[],"product_cat":[42],"product_tag":[],"class_list":{"0":"post-5869","1":"product","2":"type-product","3":"status-publish","4":"has-post-thumbnail","6":"product_cat-charlie-bears-peluches-collection","7":"product_shipping_class-peluches-grande-taille","8":"desktop-align-center","9":"tablet-align-left","10":"mobile-align-left","12":"first","13":"instock","14":"sale","15":"shipping-taxable","16":"purchasable","17":"product-type-simple"},"yoast_head":"<!-- This site is optimized with the Yoast SEO plugin v27.3 - https:\/\/yoast.com\/product\/yoast-seo-wordpress\/ -->\n<title>Cheval Blanc en Peluche Hanover - CHARLIE BEARS - 2021<\/title>\n<meta name=\"description\" content=\"Vous \u00eates a la recherche du plus majestueux cheval blanc en peluche ? Voici Hanover, venez le chercher sur marielleaupaysdesours.fr\" \/>\n<meta name=\"robots\" content=\"index, follow, max-snippet:-1, max-image-preview:large, max-video-preview:-1\" \/>\n<link rel=\"canonical\" href=\"https:\/\/marielleaupaysdesours.fr\/index.php\/product\/cheval-blanc-en-peluche-hanover-charlie-bears-collection-gardien-des-secrets-2021\/\" \/>\n<meta property=\"og:locale\" content=\"fr_FR\" \/>\n<meta property=\"og:type\" content=\"article\" \/>\n<meta property=\"og:title\" content=\"Cheval Blanc en Peluche Hanover - CHARLIE BEARS - 2021\" \/>\n<meta property=\"og:description\" content=\"Vous \u00eates a la recherche du plus majestueux cheval blanc en peluche ? Voici Hanover, venez le chercher sur marielleaupaysdesours.fr\" \/>\n<meta property=\"og:url\" content=\"https:\/\/marielleaupaysdesours.fr\/index.php\/product\/cheval-blanc-en-peluche-hanover-charlie-bears-collection-gardien-des-secrets-2021\/\" \/>\n<meta property=\"og:site_name\" content=\"Marielle au Pays des Ours | Vente en ligne de peluches\" \/>\n<meta property=\"article:modified_time\" content=\"2025-11-08T12:21:00+00:00\" \/>\n<meta property=\"og:image\" content=\"https:\/\/marielleaupaysdesours.fr\/wp-content\/uploads\/2024\/10\/HANOVER-PELUCHE-CHEVAL-CHARLIE-BEARS.jpg\" \/>\n\t<meta property=\"og:image:width\" content=\"1500\" \/>\n\t<meta property=\"og:image:height\" content=\"1439\" \/>\n\t<meta property=\"og:image:type\" content=\"image\/jpeg\" \/>\n<meta name=\"twitter:card\" content=\"summary_large_image\" \/>\n<meta name=\"twitter:label1\" content=\"Dur\u00e9e de lecture estim\u00e9e\" \/>\n\t<meta name=\"twitter:data1\" content=\"3 minutes\" \/>\n<script type=\"application\/ld+json\" class=\"yoast-schema-graph\">{\"@context\":\"https:\\\/\\\/schema.org\",\"@graph\":[{\"@type\":\"WebPage\",\"@id\":\"https:\\\/\\\/marielleaupaysdesours.fr\\\/index.php\\\/product\\\/cheval-blanc-en-peluche-hanover-charlie-bears-collection-gardien-des-secrets-2021\\\/\",\"url\":\"https:\\\/\\\/marielleaupaysdesours.fr\\\/index.php\\\/product\\\/cheval-blanc-en-peluche-hanover-charlie-bears-collection-gardien-des-secrets-2021\\\/\",\"name\":\"Cheval Blanc en Peluche Hanover - CHARLIE BEARS - 2021\",\"isPartOf\":{\"@id\":\"https:\\\/\\\/marielleaupaysdesours.fr\\\/#website\"},\"primaryImageOfPage\":{\"@id\":\"https:\\\/\\\/marielleaupaysdesours.fr\\\/index.php\\\/product\\\/cheval-blanc-en-peluche-hanover-charlie-bears-collection-gardien-des-secrets-2021\\\/#primaryimage\"},\"image\":{\"@id\":\"https:\\\/\\\/marielleaupaysdesours.fr\\\/index.php\\\/product\\\/cheval-blanc-en-peluche-hanover-charlie-bears-collection-gardien-des-secrets-2021\\\/#primaryimage\"},\"thumbnailUrl\":\"https:\\\/\\\/marielleaupaysdesours.fr\\\/wp-content\\\/uploads\\\/2024\\\/10\\\/HANOVER-PELUCHE-CHEVAL-CHARLIE-BEARS.jpg\",\"datePublished\":\"2024-10-05T12:57:06+00:00\",\"dateModified\":\"2025-11-08T12:21:00+00:00\",\"description\":\"Vous \u00eates a la recherche du plus majestueux cheval blanc en peluche ? Voici Hanover, venez le chercher sur marielleaupaysdesours.fr\",\"breadcrumb\":{\"@id\":\"https:\\\/\\\/marielleaupaysdesours.fr\\\/index.php\\\/product\\\/cheval-blanc-en-peluche-hanover-charlie-bears-collection-gardien-des-secrets-2021\\\/#breadcrumb\"},\"inLanguage\":\"fr-FR\",\"potentialAction\":[{\"@type\":\"ReadAction\",\"target\":[\"https:\\\/\\\/marielleaupaysdesours.fr\\\/index.php\\\/product\\\/cheval-blanc-en-peluche-hanover-charlie-bears-collection-gardien-des-secrets-2021\\\/\"]}]},{\"@type\":\"ImageObject\",\"inLanguage\":\"fr-FR\",\"@id\":\"https:\\\/\\\/marielleaupaysdesours.fr\\\/index.php\\\/product\\\/cheval-blanc-en-peluche-hanover-charlie-bears-collection-gardien-des-secrets-2021\\\/#primaryimage\",\"url\":\"https:\\\/\\\/marielleaupaysdesours.fr\\\/wp-content\\\/uploads\\\/2024\\\/10\\\/HANOVER-PELUCHE-CHEVAL-CHARLIE-BEARS.jpg\",\"contentUrl\":\"https:\\\/\\\/marielleaupaysdesours.fr\\\/wp-content\\\/uploads\\\/2024\\\/10\\\/HANOVER-PELUCHE-CHEVAL-CHARLIE-BEARS.jpg\",\"width\":1500,\"height\":1439,\"caption\":\"Cheval Blanc en Peluche Hanover\"},{\"@type\":\"BreadcrumbList\",\"@id\":\"https:\\\/\\\/marielleaupaysdesours.fr\\\/index.php\\\/product\\\/cheval-blanc-en-peluche-hanover-charlie-bears-collection-gardien-des-secrets-2021\\\/#breadcrumb\",\"itemListElement\":[{\"@type\":\"ListItem\",\"position\":1,\"name\":\"Accueil\",\"item\":\"https:\\\/\\\/marielleaupaysdesours.fr\\\/\"},{\"@type\":\"ListItem\",\"position\":2,\"name\":\"Shop\",\"item\":\"https:\\\/\\\/marielleaupaysdesours.fr\\\/index.php\\\/shop\\\/\"},{\"@type\":\"ListItem\",\"position\":3,\"name\":\"Cheval Blanc en Peluche Hanover &#8211; CHARLIE BEARS &#8211; Collection Gardien des Secrets 2021\"}]},{\"@type\":\"WebSite\",\"@id\":\"https:\\\/\\\/marielleaupaysdesours.fr\\\/#website\",\"url\":\"https:\\\/\\\/marielleaupaysdesours.fr\\\/\",\"name\":\"Marielle au Pays des Ours | Vente en ligne de peluches\",\"description\":\"vente en ligne de peluches\",\"publisher\":{\"@id\":\"https:\\\/\\\/marielleaupaysdesours.fr\\\/#organization\"},\"potentialAction\":[{\"@type\":\"SearchAction\",\"target\":{\"@type\":\"EntryPoint\",\"urlTemplate\":\"https:\\\/\\\/marielleaupaysdesours.fr\\\/?s={search_term_string}\"},\"query-input\":{\"@type\":\"PropertyValueSpecification\",\"valueRequired\":true,\"valueName\":\"search_term_string\"}}],\"inLanguage\":\"fr-FR\"},{\"@type\":\"Organization\",\"@id\":\"https:\\\/\\\/marielleaupaysdesours.fr\\\/#organization\",\"name\":\"Marielle au Pays des Ours | Vente en ligne de peluches\",\"url\":\"https:\\\/\\\/marielleaupaysdesours.fr\\\/\",\"logo\":{\"@type\":\"ImageObject\",\"inLanguage\":\"fr-FR\",\"@id\":\"https:\\\/\\\/marielleaupaysdesours.fr\\\/#\\\/schema\\\/logo\\\/image\\\/\",\"url\":\"https:\\\/\\\/marielleaupaysdesours.fr\\\/wp-content\\\/uploads\\\/2020\\\/10\\\/logo-marielle-light.jpg\",\"contentUrl\":\"https:\\\/\\\/marielleaupaysdesours.fr\\\/wp-content\\\/uploads\\\/2020\\\/10\\\/logo-marielle-light.jpg\",\"width\":500,\"height\":500,\"caption\":\"Marielle au Pays des Ours | Vente en ligne de peluches\"},\"image\":{\"@id\":\"https:\\\/\\\/marielleaupaysdesours.fr\\\/#\\\/schema\\\/logo\\\/image\\\/\"}}]}<\/script>\n<!-- \/ Yoast SEO plugin. -->","yoast_head_json":{"title":"Cheval Blanc en Peluche Hanover - CHARLIE BEARS - 2021","description":"Vous \u00eates a la recherche du plus majestueux cheval blanc en peluche ? Voici Hanover, venez le chercher sur marielleaupaysdesours.fr","robots":{"index":"index","follow":"follow","max-snippet":"max-snippet:-1","max-image-preview":"max-image-preview:large","max-video-preview":"max-video-preview:-1"},"canonical":"https:\/\/marielleaupaysdesours.fr\/index.php\/product\/cheval-blanc-en-peluche-hanover-charlie-bears-collection-gardien-des-secrets-2021\/","og_locale":"fr_FR","og_type":"article","og_title":"Cheval Blanc en Peluche Hanover - CHARLIE BEARS - 2021","og_description":"Vous \u00eates a la recherche du plus majestueux cheval blanc en peluche ? Voici Hanover, venez le chercher sur marielleaupaysdesours.fr","og_url":"https:\/\/marielleaupaysdesours.fr\/index.php\/product\/cheval-blanc-en-peluche-hanover-charlie-bears-collection-gardien-des-secrets-2021\/","og_site_name":"Marielle au Pays des Ours | Vente en ligne de peluches","article_modified_time":"2025-11-08T12:21:00+00:00","og_image":[{"width":1500,"height":1439,"url":"https:\/\/marielleaupaysdesours.fr\/wp-content\/uploads\/2024\/10\/HANOVER-PELUCHE-CHEVAL-CHARLIE-BEARS.jpg","type":"image\/jpeg"}],"twitter_card":"summary_large_image","twitter_misc":{"Dur\u00e9e de lecture estim\u00e9e":"3 minutes"},"schema":{"@context":"https:\/\/schema.org","@graph":[{"@type":"WebPage","@id":"https:\/\/marielleaupaysdesours.fr\/index.php\/product\/cheval-blanc-en-peluche-hanover-charlie-bears-collection-gardien-des-secrets-2021\/","url":"https:\/\/marielleaupaysdesours.fr\/index.php\/product\/cheval-blanc-en-peluche-hanover-charlie-bears-collection-gardien-des-secrets-2021\/","name":"Cheval Blanc en Peluche Hanover - CHARLIE BEARS - 2021","isPartOf":{"@id":"https:\/\/marielleaupaysdesours.fr\/#website"},"primaryImageOfPage":{"@id":"https:\/\/marielleaupaysdesours.fr\/index.php\/product\/cheval-blanc-en-peluche-hanover-charlie-bears-collection-gardien-des-secrets-2021\/#primaryimage"},"image":{"@id":"https:\/\/marielleaupaysdesours.fr\/index.php\/product\/cheval-blanc-en-peluche-hanover-charlie-bears-collection-gardien-des-secrets-2021\/#primaryimage"},"thumbnailUrl":"https:\/\/marielleaupaysdesours.fr\/wp-content\/uploads\/2024\/10\/HANOVER-PELUCHE-CHEVAL-CHARLIE-BEARS.jpg","datePublished":"2024-10-05T12:57:06+00:00","dateModified":"2025-11-08T12:21:00+00:00","description":"Vous \u00eates a la recherche du plus majestueux cheval blanc en peluche ? Voici Hanover, venez le chercher sur marielleaupaysdesours.fr","breadcrumb":{"@id":"https:\/\/marielleaupaysdesours.fr\/index.php\/product\/cheval-blanc-en-peluche-hanover-charlie-bears-collection-gardien-des-secrets-2021\/#breadcrumb"},"inLanguage":"fr-FR","potentialAction":[{"@type":"ReadAction","target":["https:\/\/marielleaupaysdesours.fr\/index.php\/product\/cheval-blanc-en-peluche-hanover-charlie-bears-collection-gardien-des-secrets-2021\/"]}]},{"@type":"ImageObject","inLanguage":"fr-FR","@id":"https:\/\/marielleaupaysdesours.fr\/index.php\/product\/cheval-blanc-en-peluche-hanover-charlie-bears-collection-gardien-des-secrets-2021\/#primaryimage","url":"https:\/\/marielleaupaysdesours.fr\/wp-content\/uploads\/2024\/10\/HANOVER-PELUCHE-CHEVAL-CHARLIE-BEARS.jpg","contentUrl":"https:\/\/marielleaupaysdesours.fr\/wp-content\/uploads\/2024\/10\/HANOVER-PELUCHE-CHEVAL-CHARLIE-BEARS.jpg","width":1500,"height":1439,"caption":"Cheval Blanc en Peluche Hanover"},{"@type":"BreadcrumbList","@id":"https:\/\/marielleaupaysdesours.fr\/index.php\/product\/cheval-blanc-en-peluche-hanover-charlie-bears-collection-gardien-des-secrets-2021\/#breadcrumb","itemListElement":[{"@type":"ListItem","position":1,"name":"Accueil","item":"https:\/\/marielleaupaysdesours.fr\/"},{"@type":"ListItem","position":2,"name":"Shop","item":"https:\/\/marielleaupaysdesours.fr\/index.php\/shop\/"},{"@type":"ListItem","position":3,"name":"Cheval Blanc en Peluche Hanover &#8211; CHARLIE BEARS &#8211; Collection Gardien des Secrets 2021"}]},{"@type":"WebSite","@id":"https:\/\/marielleaupaysdesours.fr\/#website","url":"https:\/\/marielleaupaysdesours.fr\/","name":"Marielle au Pays des Ours | Vente en ligne de peluches","description":"vente en ligne de peluches","publisher":{"@id":"https:\/\/marielleaupaysdesours.fr\/#organization"},"potentialAction":[{"@type":"SearchAction","target":{"@type":"EntryPoint","urlTemplate":"https:\/\/marielleaupaysdesours.fr\/?s={search_term_string}"},"query-input":{"@type":"PropertyValueSpecification","valueRequired":true,"valueName":"search_term_string"}}],"inLanguage":"fr-FR"},{"@type":"Organization","@id":"https:\/\/marielleaupaysdesours.fr\/#organization","name":"Marielle au Pays des Ours | Vente en ligne de peluches","url":"https:\/\/marielleaupaysdesours.fr\/","logo":{"@type":"ImageObject","inLanguage":"fr-FR","@id":"https:\/\/marielleaupaysdesours.fr\/#\/schema\/logo\/image\/","url":"https:\/\/marielleaupaysdesours.fr\/wp-content\/uploads\/2020\/10\/logo-marielle-light.jpg","contentUrl":"https:\/\/marielleaupaysdesours.fr\/wp-content\/uploads\/2020\/10\/logo-marielle-light.jpg","width":500,"height":500,"caption":"Marielle au Pays des Ours | Vente en ligne de peluches"},"image":{"@id":"https:\/\/marielleaupaysdesours.fr\/#\/schema\/logo\/image\/"}}]}},"jetpack_sharing_enabled":true,"_links":{"self":[{"href":"https:\/\/marielleaupaysdesours.fr\/index.php\/wp-json\/wp\/v2\/product\/5869","targetHints":{"allow":["GET"]}}],"collection":[{"href":"https:\/\/marielleaupaysdesours.fr\/index.php\/wp-json\/wp\/v2\/product"}],"about":[{"href":"https:\/\/marielleaupaysdesours.fr\/index.php\/wp-json\/wp\/v2\/types\/product"}],"replies":[{"embeddable":true,"href":"https:\/\/marielleaupaysdesours.fr\/index.php\/wp-json\/wp\/v2\/comments?post=5869"}],"version-history":[{"count":6,"href":"https:\/\/marielleaupaysdesours.fr\/index.php\/wp-json\/wp\/v2\/product\/5869\/revisions"}],"predecessor-version":[{"id":6009,"href":"https:\/\/marielleaupaysdesours.fr\/index.php\/wp-json\/wp\/v2\/product\/5869\/revisions\/6009"}],"wp:featuredmedia":[{"embeddable":true,"href":"https:\/\/marielleaupaysdesours.fr\/index.php\/wp-json\/wp\/v2\/media\/5870"}],"wp:attachment":[{"href":"https:\/\/marielleaupaysdesours.fr\/index.php\/wp-json\/wp\/v2\/media?parent=5869"}],"wp:term":[{"taxonomy":"product_brand","embeddable":true,"href":"https:\/\/marielleaupaysdesours.fr\/index.php\/wp-json\/wp\/v2\/product_brand?post=5869"},{"taxonomy":"product_cat","embeddable":true,"href":"https:\/\/marielleaupaysdesours.fr\/index.php\/wp-json\/wp\/v2\/product_cat?post=5869"},{"taxonomy":"product_tag","embeddable":true,"href":"https:\/\/marielleaupaysdesours.fr\/index.php\/wp-json\/wp\/v2\/product_tag?post=5869"}],"curies":[{"name":"wp","href":"https:\/\/api.w.org\/{rel}","templated":true}]}}