{"id":5668,"date":"2024-07-05T16:36:43","date_gmt":"2024-07-05T14:36:43","guid":{"rendered":"https:\/\/marielleaupaysdesours.fr\/?post_type=product&#038;p=5668"},"modified":"2025-12-28T11:09:17","modified_gmt":"2025-12-28T10:09:17","slug":"peluche-tetabizous-hyene","status":"publish","type":"product","link":"https:\/\/marielleaupaysdesours.fr\/index.php\/product\/peluche-tetabizous-hyene\/","title":{"rendered":"Peluche Hy\u00e8ne &#8211; Collection TETABIZOUS &#8211; Anima"},"content":{"rendered":"<h3>\u00c0 propos de la Peluche Hy\u00e8ne, collection des TETABIZOUS par Anima<\/h3>\n<p>Vous \u00eates a la recherche d\u2019une petite peluche adorable et toute douce a emporter partout ? Voici la<strong> peluche hy\u00e8ne <\/strong>des \u00abTetabizous\u00bb par <a href=\"https:\/\/marielleaupaysdesours.fr\/index.php\/peluches-anima\/\"><strong>Anima<\/strong><\/a><\/p>\n<p>Elles sont si douces ET si mignonnes les\u00a0\u00bb\u00a0<strong>tetatabizous<\/strong>\u00a0\u00bb de chez\u00a0<a href=\"https:\/\/anima-peluches.com\/\"><strong>anima<\/strong><\/a>, qu\u2019on a vraiment envie de les c\u00e2liner et de les bisouiller, ces peluches adorables, faciles \u00e0 transport\u00e9s et adapt\u00e9es des la naissance ont de vraies t\u00eates \u00e0 bisous. Elle mesure 17 cm. Vous trouverez parmi tous ces petits animaux en peluche de grande qualit\u00e9, celui qui vous conviendra le mieux. Le\u00a0<a href=\"https:\/\/marielleaupaysdesours.fr\/index.php\/product\/peluche-tetabizous-cheval\/\"><strong>cheval<\/strong><\/a>, le\u00a0<a href=\"https:\/\/marielleaupaysdesours.fr\/index.php\/product\/peluche-tetabizous-siamois-2\/\">siamois<\/a>, le\u00a0<a href=\"https:\/\/marielleaupaysdesours.fr\/index.php\/product\/peluche-tetabizous-chat\/\">chat<\/a>, la\u00a0<a href=\"https:\/\/marielleaupaysdesours.fr\/index.php\/product\/peluche-tetabizous-hyene\/\"><strong>hy\u00e8ne<\/strong><\/a>, l\u2019<a href=\"https:\/\/marielleaupaysdesours.fr\/index.php\/product\/peluche-tetabizous-elephant\/\">\u00e9l\u00e9phant<\/a>, la\u00a0<a href=\"https:\/\/marielleaupaysdesours.fr\/index.php\/product\/peluche-tetabizous-girafe\/\">girafe<\/a>, le\u00a0<a href=\"https:\/\/marielleaupaysdesours.fr\/index.php\/product\/peluche-tetabizous-labrador\/\">chien<\/a>\u2026<\/p>\n<p>Pour en savoir plus ou pour nous poser vos questions, n\u2019h\u00e9sitez pas \u00e0\u00a0<a href=\"https:\/\/marielleaupaysdesours.fr\/index.php\/contact-us\/\"><strong>nous contacter<\/strong><\/a>\u00a0! Nous serons ravis de partager avec vous notre passion commune pour les peluches !<\/p>\n","protected":false},"excerpt":{"rendered":"<p>Vous \u00eates a la recherche d\u2019une petite peluche adorable et toute douce a emporter partout ? Voici la<strong> peluche hy\u00e8ne <\/strong>des \u00abTetabizous\u00bb par <a href=\"https:\/\/marielleaupaysdesours.fr\/index.php\/peluches-anima\/\"><strong>Anima<\/strong><\/a><\/p>\n<p>Elles sont si douces ET si mignonnes les\u00a0\u00bb\u00a0<strong>tetatabizous<\/strong>\u00a0\u00bb de chez\u00a0<a href=\"https:\/\/anima-peluches.com\/\"><strong>anima<\/strong><\/a>, qu\u2019on a vraiment envie de les c\u00e2liner et de les bisouiller, ces peluches adorables, faciles \u00e0 transport\u00e9s et adapt\u00e9es des la naissance ont de vraies t\u00eates \u00e0 bisous. Elle mesure 17 cm. Vous trouverez parmi tous ces petits animaux en peluche de grande qualit\u00e9, celui qui vous conviendra le mieux. Le\u00a0<a href=\"https:\/\/marielleaupaysdesours.fr\/index.php\/product\/peluche-tetabizous-cheval\/\"><strong>cheval<\/strong><\/a>, le\u00a0<a href=\"https:\/\/marielleaupaysdesours.fr\/index.php\/product\/peluche-tetabizous-siamois-2\/\">siamois<\/a>, le\u00a0<a href=\"https:\/\/marielleaupaysdesours.fr\/index.php\/product\/peluche-tetabizous-chat\/\">chat<\/a>, la\u00a0<a href=\"https:\/\/marielleaupaysdesours.fr\/index.php\/product\/peluche-tetabizous-hyene\/\"><strong>hy\u00e8ne<\/strong><\/a>, l\u2019<a href=\"https:\/\/marielleaupaysdesours.fr\/index.php\/product\/peluche-tetabizous-elephant\/\">\u00e9l\u00e9phant<\/a>, la\u00a0<a href=\"https:\/\/marielleaupaysdesours.fr\/index.php\/product\/peluche-tetabizous-girafe\/\">girafe<\/a>, le\u00a0<a href=\"https:\/\/marielleaupaysdesours.fr\/index.php\/product\/peluche-tetabizous-labrador\/\">chien<\/a>\u2026<\/p>\n","protected":false},"featured_media":5669,"comment_status":"closed","ping_status":"closed","template":"","meta":{"_monsterinsights_skip_tracking":false,"_monsterinsights_sitenote_active":false,"_monsterinsights_sitenote_note":"","_monsterinsights_sitenote_category":0,"site-sidebar-layout":"default","site-content-layout":"","ast-site-content-layout":"default","site-content-style":"default","site-sidebar-style":"default","ast-global-header-display":"","ast-banner-title-visibility":"","ast-main-header-display":"","ast-hfb-above-header-display":"","ast-hfb-below-header-display":"","ast-hfb-mobile-header-display":"","site-post-title":"","ast-breadcrumbs-content":"","ast-featured-img":"","footer-sml-layout":"","ast-disable-related-posts":"","theme-transparent-header-meta":"default","adv-header-id-meta":"","stick-header-meta":"","header-above-stick-meta":"","header-main-stick-meta":"","header-below-stick-meta":"","astra-migrate-meta-layouts":"set","ast-page-background-enabled":"default","ast-page-background-meta":{"desktop":{"background-color":"","background-image":"","background-repeat":"repeat","background-position":"center center","background-size":"auto","background-attachment":"scroll","background-type":"","background-media":"","overlay-type":"","overlay-color":"","overlay-opacity":"","overlay-gradient":""},"tablet":{"background-color":"","background-image":"","background-repeat":"repeat","background-position":"center center","background-size":"auto","background-attachment":"scroll","background-type":"","background-media":"","overlay-type":"","overlay-color":"","overlay-opacity":"","overlay-gradient":""},"mobile":{"background-color":"","background-image":"","background-repeat":"repeat","background-position":"center center","background-size":"auto","background-attachment":"scroll","background-type":"","background-media":"","overlay-type":"","overlay-color":"","overlay-opacity":"","overlay-gradient":""}},"ast-content-background-meta":{"desktop":{"background-color":"var(--ast-global-color-5)","background-image":"","background-repeat":"repeat","background-position":"center center","background-size":"auto","background-attachment":"scroll","background-type":"","background-media":"","overlay-type":"","overlay-color":"","overlay-opacity":"","overlay-gradient":""},"tablet":{"background-color":"var(--ast-global-color-5)","background-image":"","background-repeat":"repeat","background-position":"center center","background-size":"auto","background-attachment":"scroll","background-type":"","background-media":"","overlay-type":"","overlay-color":"","overlay-opacity":"","overlay-gradient":""},"mobile":{"background-color":"var(--ast-global-color-5)","background-image":"","background-repeat":"repeat","background-position":"center center","background-size":"auto","background-attachment":"scroll","background-type":"","background-media":"","overlay-type":"","overlay-color":"","overlay-opacity":"","overlay-gradient":""}}},"product_brand":[],"product_cat":[48,33,56,60,44,34,32],"product_tag":[],"class_list":{"0":"post-5668","1":"product","2":"type-product","3":"status-publish","4":"has-post-thumbnail","6":"product_cat-peluches-anima","7":"product_cat-animaux-de-compagnie","8":"product_cat-animaux-de-la-foret","9":"product_cat-animaux-sauvages","10":"product_cat-cadeaux-de-naissance","11":"product_cat-doudous","12":"product_cat-ferme","13":"product_shipping_class-expedition-intermediaire","14":"desktop-align-center","15":"tablet-align-left","16":"mobile-align-left","18":"first","19":"instock","20":"shipping-taxable","21":"purchasable","22":"product-type-simple"},"yoast_head":"<!-- This site is optimized with the Yoast SEO plugin v27.4 - https:\/\/yoast.com\/product\/yoast-seo-wordpress\/ -->\n<title>Peluche Hy\u00e8ne - Collection TETABIZOUS - Anima - Marielle au Pays des Ours | Vente en ligne de peluches<\/title>\n<meta name=\"description\" content=\"Vous \u00eates a la recherche d\u2019une petite peluche adorable et toute douce a emporter partout ? Voici la peluche hy\u00e8ne des \u00abTetabizous\u00bb par Anima\" \/>\n<meta name=\"robots\" content=\"index, follow, max-snippet:-1, max-image-preview:large, max-video-preview:-1\" \/>\n<link rel=\"canonical\" href=\"https:\/\/marielleaupaysdesours.fr\/index.php\/product\/peluche-tetabizous-hyene\/\" \/>\n<meta property=\"og:locale\" content=\"fr_FR\" \/>\n<meta property=\"og:type\" content=\"article\" \/>\n<meta property=\"og:title\" content=\"Peluche Hy\u00e8ne - Collection TETABIZOUS - Anima - Marielle au Pays des Ours | Vente en ligne de peluches\" \/>\n<meta property=\"og:description\" content=\"Vous \u00eates a la recherche d\u2019une petite peluche adorable et toute douce a emporter partout ? Voici la peluche hy\u00e8ne des \u00abTetabizous\u00bb par Anima\" \/>\n<meta property=\"og:url\" content=\"https:\/\/marielleaupaysdesours.fr\/index.php\/product\/peluche-tetabizous-hyene\/\" \/>\n<meta property=\"og:site_name\" content=\"Marielle au Pays des Ours | Vente en ligne de peluches\" \/>\n<meta property=\"article:modified_time\" content=\"2025-12-28T10:09:17+00:00\" \/>\n<meta property=\"og:image\" content=\"https:\/\/marielleaupaysdesours.fr\/wp-content\/uploads\/2024\/07\/tetabizous_HYENE_BD_JPG.jpg\" \/>\n\t<meta property=\"og:image:width\" content=\"1000\" \/>\n\t<meta property=\"og:image:height\" content=\"1000\" \/>\n\t<meta property=\"og:image:type\" content=\"image\/jpeg\" \/>\n<meta name=\"twitter:card\" content=\"summary_large_image\" \/>\n<meta name=\"twitter:label1\" content=\"Dur\u00e9e de lecture estim\u00e9e\" \/>\n\t<meta name=\"twitter:data1\" content=\"1 minute\" \/>\n<script type=\"application\/ld+json\" class=\"yoast-schema-graph\">{\"@context\":\"https:\\\/\\\/schema.org\",\"@graph\":[{\"@type\":\"WebPage\",\"@id\":\"https:\\\/\\\/marielleaupaysdesours.fr\\\/index.php\\\/product\\\/peluche-tetabizous-hyene\\\/\",\"url\":\"https:\\\/\\\/marielleaupaysdesours.fr\\\/index.php\\\/product\\\/peluche-tetabizous-hyene\\\/\",\"name\":\"Peluche Hy\u00e8ne - Collection TETABIZOUS - Anima - Marielle au Pays des Ours | Vente en ligne de peluches\",\"isPartOf\":{\"@id\":\"https:\\\/\\\/marielleaupaysdesours.fr\\\/#website\"},\"primaryImageOfPage\":{\"@id\":\"https:\\\/\\\/marielleaupaysdesours.fr\\\/index.php\\\/product\\\/peluche-tetabizous-hyene\\\/#primaryimage\"},\"image\":{\"@id\":\"https:\\\/\\\/marielleaupaysdesours.fr\\\/index.php\\\/product\\\/peluche-tetabizous-hyene\\\/#primaryimage\"},\"thumbnailUrl\":\"https:\\\/\\\/marielleaupaysdesours.fr\\\/wp-content\\\/uploads\\\/2024\\\/07\\\/tetabizous_HYENE_BD_JPG.jpg\",\"datePublished\":\"2024-07-05T14:36:43+00:00\",\"dateModified\":\"2025-12-28T10:09:17+00:00\",\"description\":\"Vous \u00eates a la recherche d\u2019une petite peluche adorable et toute douce a emporter partout ? Voici la peluche hy\u00e8ne des \u00abTetabizous\u00bb par Anima\",\"breadcrumb\":{\"@id\":\"https:\\\/\\\/marielleaupaysdesours.fr\\\/index.php\\\/product\\\/peluche-tetabizous-hyene\\\/#breadcrumb\"},\"inLanguage\":\"fr-FR\",\"potentialAction\":[{\"@type\":\"ReadAction\",\"target\":[\"https:\\\/\\\/marielleaupaysdesours.fr\\\/index.php\\\/product\\\/peluche-tetabizous-hyene\\\/\"]}]},{\"@type\":\"ImageObject\",\"inLanguage\":\"fr-FR\",\"@id\":\"https:\\\/\\\/marielleaupaysdesours.fr\\\/index.php\\\/product\\\/peluche-tetabizous-hyene\\\/#primaryimage\",\"url\":\"https:\\\/\\\/marielleaupaysdesours.fr\\\/wp-content\\\/uploads\\\/2024\\\/07\\\/tetabizous_HYENE_BD_JPG.jpg\",\"contentUrl\":\"https:\\\/\\\/marielleaupaysdesours.fr\\\/wp-content\\\/uploads\\\/2024\\\/07\\\/tetabizous_HYENE_BD_JPG.jpg\",\"width\":1000,\"height\":1000,\"caption\":\"Peluche Hy\u00e8ne - Collection TETABIZOUS - Anima\"},{\"@type\":\"BreadcrumbList\",\"@id\":\"https:\\\/\\\/marielleaupaysdesours.fr\\\/index.php\\\/product\\\/peluche-tetabizous-hyene\\\/#breadcrumb\",\"itemListElement\":[{\"@type\":\"ListItem\",\"position\":1,\"name\":\"Accueil\",\"item\":\"https:\\\/\\\/marielleaupaysdesours.fr\\\/\"},{\"@type\":\"ListItem\",\"position\":2,\"name\":\"Shop\",\"item\":\"https:\\\/\\\/marielleaupaysdesours.fr\\\/index.php\\\/shop\\\/\"},{\"@type\":\"ListItem\",\"position\":3,\"name\":\"Peluche Hy\u00e8ne &#8211; Collection TETABIZOUS &#8211; Anima\"}]},{\"@type\":\"WebSite\",\"@id\":\"https:\\\/\\\/marielleaupaysdesours.fr\\\/#website\",\"url\":\"https:\\\/\\\/marielleaupaysdesours.fr\\\/\",\"name\":\"Marielle au Pays des Ours | Vente en ligne de peluches\",\"description\":\"vente en ligne de peluches\",\"publisher\":{\"@id\":\"https:\\\/\\\/marielleaupaysdesours.fr\\\/#organization\"},\"potentialAction\":[{\"@type\":\"SearchAction\",\"target\":{\"@type\":\"EntryPoint\",\"urlTemplate\":\"https:\\\/\\\/marielleaupaysdesours.fr\\\/?s={search_term_string}\"},\"query-input\":{\"@type\":\"PropertyValueSpecification\",\"valueRequired\":true,\"valueName\":\"search_term_string\"}}],\"inLanguage\":\"fr-FR\"},{\"@type\":\"Organization\",\"@id\":\"https:\\\/\\\/marielleaupaysdesours.fr\\\/#organization\",\"name\":\"Marielle au Pays des Ours | Vente en ligne de peluches\",\"url\":\"https:\\\/\\\/marielleaupaysdesours.fr\\\/\",\"logo\":{\"@type\":\"ImageObject\",\"inLanguage\":\"fr-FR\",\"@id\":\"https:\\\/\\\/marielleaupaysdesours.fr\\\/#\\\/schema\\\/logo\\\/image\\\/\",\"url\":\"https:\\\/\\\/marielleaupaysdesours.fr\\\/wp-content\\\/uploads\\\/2020\\\/10\\\/logo-marielle-light.jpg\",\"contentUrl\":\"https:\\\/\\\/marielleaupaysdesours.fr\\\/wp-content\\\/uploads\\\/2020\\\/10\\\/logo-marielle-light.jpg\",\"width\":500,\"height\":500,\"caption\":\"Marielle au Pays des Ours | Vente en ligne de peluches\"},\"image\":{\"@id\":\"https:\\\/\\\/marielleaupaysdesours.fr\\\/#\\\/schema\\\/logo\\\/image\\\/\"}}]}<\/script>\n<!-- \/ Yoast SEO plugin. -->","yoast_head_json":{"title":"Peluche Hy\u00e8ne - Collection TETABIZOUS - Anima - Marielle au Pays des Ours | Vente en ligne de peluches","description":"Vous \u00eates a la recherche d\u2019une petite peluche adorable et toute douce a emporter partout ? Voici la peluche hy\u00e8ne des \u00abTetabizous\u00bb par Anima","robots":{"index":"index","follow":"follow","max-snippet":"max-snippet:-1","max-image-preview":"max-image-preview:large","max-video-preview":"max-video-preview:-1"},"canonical":"https:\/\/marielleaupaysdesours.fr\/index.php\/product\/peluche-tetabizous-hyene\/","og_locale":"fr_FR","og_type":"article","og_title":"Peluche Hy\u00e8ne - Collection TETABIZOUS - Anima - Marielle au Pays des Ours | Vente en ligne de peluches","og_description":"Vous \u00eates a la recherche d\u2019une petite peluche adorable et toute douce a emporter partout ? Voici la peluche hy\u00e8ne des \u00abTetabizous\u00bb par Anima","og_url":"https:\/\/marielleaupaysdesours.fr\/index.php\/product\/peluche-tetabizous-hyene\/","og_site_name":"Marielle au Pays des Ours | Vente en ligne de peluches","article_modified_time":"2025-12-28T10:09:17+00:00","og_image":[{"width":1000,"height":1000,"url":"https:\/\/marielleaupaysdesours.fr\/wp-content\/uploads\/2024\/07\/tetabizous_HYENE_BD_JPG.jpg","type":"image\/jpeg"}],"twitter_card":"summary_large_image","twitter_misc":{"Dur\u00e9e de lecture estim\u00e9e":"1 minute"},"schema":{"@context":"https:\/\/schema.org","@graph":[{"@type":"WebPage","@id":"https:\/\/marielleaupaysdesours.fr\/index.php\/product\/peluche-tetabizous-hyene\/","url":"https:\/\/marielleaupaysdesours.fr\/index.php\/product\/peluche-tetabizous-hyene\/","name":"Peluche Hy\u00e8ne - Collection TETABIZOUS - Anima - Marielle au Pays des Ours | Vente en ligne de peluches","isPartOf":{"@id":"https:\/\/marielleaupaysdesours.fr\/#website"},"primaryImageOfPage":{"@id":"https:\/\/marielleaupaysdesours.fr\/index.php\/product\/peluche-tetabizous-hyene\/#primaryimage"},"image":{"@id":"https:\/\/marielleaupaysdesours.fr\/index.php\/product\/peluche-tetabizous-hyene\/#primaryimage"},"thumbnailUrl":"https:\/\/marielleaupaysdesours.fr\/wp-content\/uploads\/2024\/07\/tetabizous_HYENE_BD_JPG.jpg","datePublished":"2024-07-05T14:36:43+00:00","dateModified":"2025-12-28T10:09:17+00:00","description":"Vous \u00eates a la recherche d\u2019une petite peluche adorable et toute douce a emporter partout ? Voici la peluche hy\u00e8ne des \u00abTetabizous\u00bb par Anima","breadcrumb":{"@id":"https:\/\/marielleaupaysdesours.fr\/index.php\/product\/peluche-tetabizous-hyene\/#breadcrumb"},"inLanguage":"fr-FR","potentialAction":[{"@type":"ReadAction","target":["https:\/\/marielleaupaysdesours.fr\/index.php\/product\/peluche-tetabizous-hyene\/"]}]},{"@type":"ImageObject","inLanguage":"fr-FR","@id":"https:\/\/marielleaupaysdesours.fr\/index.php\/product\/peluche-tetabizous-hyene\/#primaryimage","url":"https:\/\/marielleaupaysdesours.fr\/wp-content\/uploads\/2024\/07\/tetabizous_HYENE_BD_JPG.jpg","contentUrl":"https:\/\/marielleaupaysdesours.fr\/wp-content\/uploads\/2024\/07\/tetabizous_HYENE_BD_JPG.jpg","width":1000,"height":1000,"caption":"Peluche Hy\u00e8ne - Collection TETABIZOUS - Anima"},{"@type":"BreadcrumbList","@id":"https:\/\/marielleaupaysdesours.fr\/index.php\/product\/peluche-tetabizous-hyene\/#breadcrumb","itemListElement":[{"@type":"ListItem","position":1,"name":"Accueil","item":"https:\/\/marielleaupaysdesours.fr\/"},{"@type":"ListItem","position":2,"name":"Shop","item":"https:\/\/marielleaupaysdesours.fr\/index.php\/shop\/"},{"@type":"ListItem","position":3,"name":"Peluche Hy\u00e8ne &#8211; Collection TETABIZOUS &#8211; Anima"}]},{"@type":"WebSite","@id":"https:\/\/marielleaupaysdesours.fr\/#website","url":"https:\/\/marielleaupaysdesours.fr\/","name":"Marielle au Pays des Ours | Vente en ligne de peluches","description":"vente en ligne de peluches","publisher":{"@id":"https:\/\/marielleaupaysdesours.fr\/#organization"},"potentialAction":[{"@type":"SearchAction","target":{"@type":"EntryPoint","urlTemplate":"https:\/\/marielleaupaysdesours.fr\/?s={search_term_string}"},"query-input":{"@type":"PropertyValueSpecification","valueRequired":true,"valueName":"search_term_string"}}],"inLanguage":"fr-FR"},{"@type":"Organization","@id":"https:\/\/marielleaupaysdesours.fr\/#organization","name":"Marielle au Pays des Ours | Vente en ligne de peluches","url":"https:\/\/marielleaupaysdesours.fr\/","logo":{"@type":"ImageObject","inLanguage":"fr-FR","@id":"https:\/\/marielleaupaysdesours.fr\/#\/schema\/logo\/image\/","url":"https:\/\/marielleaupaysdesours.fr\/wp-content\/uploads\/2020\/10\/logo-marielle-light.jpg","contentUrl":"https:\/\/marielleaupaysdesours.fr\/wp-content\/uploads\/2020\/10\/logo-marielle-light.jpg","width":500,"height":500,"caption":"Marielle au Pays des Ours | Vente en ligne de peluches"},"image":{"@id":"https:\/\/marielleaupaysdesours.fr\/#\/schema\/logo\/image\/"}}]}},"jetpack_sharing_enabled":true,"_links":{"self":[{"href":"https:\/\/marielleaupaysdesours.fr\/index.php\/wp-json\/wp\/v2\/product\/5668","targetHints":{"allow":["GET"]}}],"collection":[{"href":"https:\/\/marielleaupaysdesours.fr\/index.php\/wp-json\/wp\/v2\/product"}],"about":[{"href":"https:\/\/marielleaupaysdesours.fr\/index.php\/wp-json\/wp\/v2\/types\/product"}],"replies":[{"embeddable":true,"href":"https:\/\/marielleaupaysdesours.fr\/index.php\/wp-json\/wp\/v2\/comments?post=5668"}],"version-history":[{"count":3,"href":"https:\/\/marielleaupaysdesours.fr\/index.php\/wp-json\/wp\/v2\/product\/5668\/revisions"}],"predecessor-version":[{"id":5753,"href":"https:\/\/marielleaupaysdesours.fr\/index.php\/wp-json\/wp\/v2\/product\/5668\/revisions\/5753"}],"wp:featuredmedia":[{"embeddable":true,"href":"https:\/\/marielleaupaysdesours.fr\/index.php\/wp-json\/wp\/v2\/media\/5669"}],"wp:attachment":[{"href":"https:\/\/marielleaupaysdesours.fr\/index.php\/wp-json\/wp\/v2\/media?parent=5668"}],"wp:term":[{"taxonomy":"product_brand","embeddable":true,"href":"https:\/\/marielleaupaysdesours.fr\/index.php\/wp-json\/wp\/v2\/product_brand?post=5668"},{"taxonomy":"product_cat","embeddable":true,"href":"https:\/\/marielleaupaysdesours.fr\/index.php\/wp-json\/wp\/v2\/product_cat?post=5668"},{"taxonomy":"product_tag","embeddable":true,"href":"https:\/\/marielleaupaysdesours.fr\/index.php\/wp-json\/wp\/v2\/product_tag?post=5668"}],"curies":[{"name":"wp","href":"https:\/\/api.w.org\/{rel}","templated":true}]}}