{"id":5485,"date":"2024-02-25T22:33:52","date_gmt":"2024-02-25T21:33:52","guid":{"rendered":"https:\/\/marielleaupaysdesours.fr\/?post_type=product&#038;p=5485"},"modified":"2025-12-05T21:04:45","modified_gmt":"2025-12-05T20:04:45","slug":"ours-en-peluche-choccy-bicci-charlie-bears-2023","status":"publish","type":"product","link":"https:\/\/marielleaupaysdesours.fr\/index.php\/product\/ours-en-peluche-choccy-bicci-charlie-bears-2023\/","title":{"rendered":"Ours en peluche CHOCCY BICCI &#8211; Charlie Bears 2023"},"content":{"rendered":"<p>Voici notre <strong>Ours en peluche Choccy Biccy<\/strong> de la Collection<a href=\"https:\/\/marielleaupaysdesours.fr\/index.php\/peluches-charlie-bears\/\"><strong> Charlie Bears <\/strong><\/a>2023 ! C&rsquo;est un ours pr\u00e9venant, doux et gentil.<\/p>\n<p>Gr\u00e2ce \u00e0 ses petits orteils parfaitement form\u00e9s, l&rsquo;ours en peluche <strong>Choccy Biccy<\/strong> peut se tenir debout tout seul. Aux nuances brunes, notre ours a des yeux brillants et un joli petit nez rouge cousu \u00e0 la main. Il a des poils plus longs (noirs, bruns et cr\u00e8me) sur le ventre et\u00a0porte un n\u0153ud rouge en organza autour du cou&#8230;..<\/p>\n<p><strong>Choccy Biccy<\/strong> fait partie d&rsquo;un joli quatuor d&rsquo;Ours Friandises (avec Currant Bun, Treacle Toffee et Bonfire Toffee), pour tous les collectionneurs qui aiment les douceurs et les gourmandises !<\/p>\n<p>Collection 2023 &#8211; <a href=\"https:\/\/charliebears.co.uk\/\"><strong>Charlie Bears<\/strong><\/a> en peluche<br \/>\nTaille de 23 cm &#8211; 9 inch<br \/>\nCr\u00e9\u00e9 par Alison Mills (en association avec Charlotte Morris)<br \/>\nArticul\u00e9 (5 articulations classiques)<br \/>\nLavable d\u00e9licatement 30\u00b0 en surface<br \/>\nRecommand\u00e9 d\u00e8s l&rsquo;\u00e2ge de 3 ans<\/p>\n<p>Alors, si vous \u00eates un amateur de peluches, vous appr\u00e9cierez s\u00fbrement la vari\u00e9t\u00e9 de choix offerte par <strong>Charlie Bears<\/strong>, allant des ours classiques aux cr\u00e9ations plus fantaisistes. Aussi, chez <a href=\"https:\/\/marielleaupaysdesours.fr\/\"><em><strong>Marielle au Pays des Ours<\/strong><\/em><\/a> nous sommes des passionn\u00e9s et nous sommes \u00e0 votre disposition si vous avez des questions ou pour en savoir plus sur cet ours en peluche.\u00a0 N&rsquo;h\u00e9sitez pas \u00e0 <a href=\"https:\/\/marielleaupaysdesours.fr\/index.php\/contact-us\/\">nous contacter<\/a> !<\/p>\n","protected":false},"excerpt":{"rendered":"<p>Voici notre <strong>Ours en peluche Choccy Biccy<\/strong> de la Collection<strong> Charlie Bears <\/strong>2023 ! C&rsquo;est un ours pr\u00e9venant, doux et gentil.<\/p>\n<p>Gr\u00e2ce \u00e0 ses petits orteils parfaitement form\u00e9s, <strong>Choccy Biccy<\/strong> peut se tenir debout tout seul. Aux nuances brunes, notre ours a des yeux brillants et un joli petit nez rouge cousu \u00e0 la main. Il a des poils plus longs (noirs, bruns et cr\u00e8me) sur le ventre et\u00a0porte un n\u0153ud rouge en organza autour du cou&#8230;..<\/p>\n<p><strong>Choccy Biccy<\/strong> fait partie d&rsquo;un joli quatuor d&rsquo;Ours Friandises (avec Currant Bun, Treacle Toffee et Bonfire Toffee), pour tous les collectionneurs qui aiment les douceurs et les gourmandises !<\/p>\n","protected":false},"featured_media":5486,"comment_status":"closed","ping_status":"closed","template":"","meta":{"_monsterinsights_skip_tracking":false,"_monsterinsights_sitenote_active":false,"_monsterinsights_sitenote_note":"","_monsterinsights_sitenote_category":0,"site-sidebar-layout":"default","site-content-layout":"default","ast-site-content-layout":"default","site-content-style":"default","site-sidebar-style":"default","ast-global-header-display":"","ast-banner-title-visibility":"","ast-main-header-display":"","ast-hfb-above-header-display":"","ast-hfb-below-header-display":"","ast-hfb-mobile-header-display":"","site-post-title":"","ast-breadcrumbs-content":"","ast-featured-img":"","footer-sml-layout":"","ast-disable-related-posts":"","theme-transparent-header-meta":"default","adv-header-id-meta":"","stick-header-meta":"","header-above-stick-meta":"","header-main-stick-meta":"","header-below-stick-meta":"","astra-migrate-meta-layouts":"set","ast-page-background-enabled":"default","ast-page-background-meta":{"desktop":{"background-color":"","background-image":"","background-repeat":"repeat","background-position":"center center","background-size":"auto","background-attachment":"scroll","background-type":"","background-media":"","overlay-type":"","overlay-color":"","overlay-opacity":"","overlay-gradient":""},"tablet":{"background-color":"","background-image":"","background-repeat":"repeat","background-position":"center center","background-size":"auto","background-attachment":"scroll","background-type":"","background-media":"","overlay-type":"","overlay-color":"","overlay-opacity":"","overlay-gradient":""},"mobile":{"background-color":"","background-image":"","background-repeat":"repeat","background-position":"center center","background-size":"auto","background-attachment":"scroll","background-type":"","background-media":"","overlay-type":"","overlay-color":"","overlay-opacity":"","overlay-gradient":""}},"ast-content-background-meta":{"desktop":{"background-color":"var(--ast-global-color-5)","background-image":"","background-repeat":"repeat","background-position":"center center","background-size":"auto","background-attachment":"scroll","background-type":"","background-media":"","overlay-type":"","overlay-color":"","overlay-opacity":"","overlay-gradient":""},"tablet":{"background-color":"var(--ast-global-color-5)","background-image":"","background-repeat":"repeat","background-position":"center center","background-size":"auto","background-attachment":"scroll","background-type":"","background-media":"","overlay-type":"","overlay-color":"","overlay-opacity":"","overlay-gradient":""},"mobile":{"background-color":"var(--ast-global-color-5)","background-image":"","background-repeat":"repeat","background-position":"center center","background-size":"auto","background-attachment":"scroll","background-type":"","background-media":"","overlay-type":"","overlay-color":"","overlay-opacity":"","overlay-gradient":""}}},"product_brand":[],"product_cat":[56,42,30,29],"product_tag":[],"class_list":{"0":"post-5485","1":"product","2":"type-product","3":"status-publish","4":"has-post-thumbnail","6":"product_cat-animaux-de-la-foret","7":"product_cat-charlie-bears-peluches-collection","8":"product_cat-ours","9":"product_cat-collection","10":"product_shipping_class-peluches-grande-taille","11":"desktop-align-center","12":"tablet-align-left","13":"mobile-align-left","15":"first","16":"instock","17":"shipping-taxable","18":"purchasable","19":"product-type-simple"},"yoast_head":"<!-- This site is optimized with the Yoast SEO plugin v27.4 - https:\/\/yoast.com\/product\/yoast-seo-wordpress\/ -->\n<title>Ours en peluche CHOCCY BICCI - Charlie Bears 2023<\/title>\n<meta name=\"description\" content=\"Voici l&#039;ours en peluche Choccy Bicci l&#039;ours de collection 2023 par Charlie Bears. Doux et tendre, venez le chercher sur marielleaupaysdesours.fr\" \/>\n<meta name=\"robots\" content=\"index, follow, max-snippet:-1, max-image-preview:large, max-video-preview:-1\" \/>\n<link rel=\"canonical\" href=\"https:\/\/marielleaupaysdesours.fr\/index.php\/product\/ours-en-peluche-choccy-bicci-charlie-bears-2023\/\" \/>\n<meta property=\"og:locale\" content=\"fr_FR\" \/>\n<meta property=\"og:type\" content=\"article\" \/>\n<meta property=\"og:title\" content=\"Ours en peluche CHOCCY BICCI - Charlie Bears 2023\" \/>\n<meta property=\"og:description\" content=\"Voici l&#039;ours en peluche Choccy Bicci l&#039;ours de collection 2023 par Charlie Bears. Doux et tendre, venez le chercher sur marielleaupaysdesours.fr\" \/>\n<meta property=\"og:url\" content=\"https:\/\/marielleaupaysdesours.fr\/index.php\/product\/ours-en-peluche-choccy-bicci-charlie-bears-2023\/\" \/>\n<meta property=\"og:site_name\" content=\"Marielle au Pays des Ours | Vente en ligne de peluches\" \/>\n<meta property=\"article:modified_time\" content=\"2025-12-05T20:04:45+00:00\" \/>\n<meta property=\"og:image\" content=\"https:\/\/marielleaupaysdesours.fr\/wp-content\/uploads\/2024\/02\/choco-biccy-ours-charlie.jpg\" \/>\n\t<meta property=\"og:image:width\" content=\"468\" \/>\n\t<meta property=\"og:image:height\" content=\"630\" \/>\n\t<meta property=\"og:image:type\" content=\"image\/jpeg\" \/>\n<meta name=\"twitter:card\" content=\"summary_large_image\" \/>\n<meta name=\"twitter:label1\" content=\"Dur\u00e9e de lecture estim\u00e9e\" \/>\n\t<meta name=\"twitter:data1\" content=\"2 minutes\" \/>\n<script type=\"application\/ld+json\" class=\"yoast-schema-graph\">{\"@context\":\"https:\\\/\\\/schema.org\",\"@graph\":[{\"@type\":\"WebPage\",\"@id\":\"https:\\\/\\\/marielleaupaysdesours.fr\\\/index.php\\\/product\\\/ours-en-peluche-choccy-bicci-charlie-bears-2023\\\/\",\"url\":\"https:\\\/\\\/marielleaupaysdesours.fr\\\/index.php\\\/product\\\/ours-en-peluche-choccy-bicci-charlie-bears-2023\\\/\",\"name\":\"Ours en peluche CHOCCY BICCI - Charlie Bears 2023\",\"isPartOf\":{\"@id\":\"https:\\\/\\\/marielleaupaysdesours.fr\\\/#website\"},\"primaryImageOfPage\":{\"@id\":\"https:\\\/\\\/marielleaupaysdesours.fr\\\/index.php\\\/product\\\/ours-en-peluche-choccy-bicci-charlie-bears-2023\\\/#primaryimage\"},\"image\":{\"@id\":\"https:\\\/\\\/marielleaupaysdesours.fr\\\/index.php\\\/product\\\/ours-en-peluche-choccy-bicci-charlie-bears-2023\\\/#primaryimage\"},\"thumbnailUrl\":\"https:\\\/\\\/marielleaupaysdesours.fr\\\/wp-content\\\/uploads\\\/2024\\\/02\\\/choco-biccy-ours-charlie.jpg\",\"datePublished\":\"2024-02-25T21:33:52+00:00\",\"dateModified\":\"2025-12-05T20:04:45+00:00\",\"description\":\"Voici l'ours en peluche Choccy Bicci l'ours de collection 2023 par Charlie Bears. Doux et tendre, venez le chercher sur marielleaupaysdesours.fr\",\"breadcrumb\":{\"@id\":\"https:\\\/\\\/marielleaupaysdesours.fr\\\/index.php\\\/product\\\/ours-en-peluche-choccy-bicci-charlie-bears-2023\\\/#breadcrumb\"},\"inLanguage\":\"fr-FR\",\"potentialAction\":[{\"@type\":\"ReadAction\",\"target\":[\"https:\\\/\\\/marielleaupaysdesours.fr\\\/index.php\\\/product\\\/ours-en-peluche-choccy-bicci-charlie-bears-2023\\\/\"]}]},{\"@type\":\"ImageObject\",\"inLanguage\":\"fr-FR\",\"@id\":\"https:\\\/\\\/marielleaupaysdesours.fr\\\/index.php\\\/product\\\/ours-en-peluche-choccy-bicci-charlie-bears-2023\\\/#primaryimage\",\"url\":\"https:\\\/\\\/marielleaupaysdesours.fr\\\/wp-content\\\/uploads\\\/2024\\\/02\\\/choco-biccy-ours-charlie.jpg\",\"contentUrl\":\"https:\\\/\\\/marielleaupaysdesours.fr\\\/wp-content\\\/uploads\\\/2024\\\/02\\\/choco-biccy-ours-charlie.jpg\",\"width\":468,\"height\":630,\"caption\":\"Ours en peluche CHOCCY BICCI - Charlie Bears 2023\"},{\"@type\":\"BreadcrumbList\",\"@id\":\"https:\\\/\\\/marielleaupaysdesours.fr\\\/index.php\\\/product\\\/ours-en-peluche-choccy-bicci-charlie-bears-2023\\\/#breadcrumb\",\"itemListElement\":[{\"@type\":\"ListItem\",\"position\":1,\"name\":\"Accueil\",\"item\":\"https:\\\/\\\/marielleaupaysdesours.fr\\\/\"},{\"@type\":\"ListItem\",\"position\":2,\"name\":\"Shop\",\"item\":\"https:\\\/\\\/marielleaupaysdesours.fr\\\/index.php\\\/shop\\\/\"},{\"@type\":\"ListItem\",\"position\":3,\"name\":\"Ours en peluche CHOCCY BICCI &#8211; Charlie Bears 2023\"}]},{\"@type\":\"WebSite\",\"@id\":\"https:\\\/\\\/marielleaupaysdesours.fr\\\/#website\",\"url\":\"https:\\\/\\\/marielleaupaysdesours.fr\\\/\",\"name\":\"Marielle au Pays des Ours | Vente en ligne de peluches\",\"description\":\"vente en ligne de peluches\",\"publisher\":{\"@id\":\"https:\\\/\\\/marielleaupaysdesours.fr\\\/#organization\"},\"potentialAction\":[{\"@type\":\"SearchAction\",\"target\":{\"@type\":\"EntryPoint\",\"urlTemplate\":\"https:\\\/\\\/marielleaupaysdesours.fr\\\/?s={search_term_string}\"},\"query-input\":{\"@type\":\"PropertyValueSpecification\",\"valueRequired\":true,\"valueName\":\"search_term_string\"}}],\"inLanguage\":\"fr-FR\"},{\"@type\":\"Organization\",\"@id\":\"https:\\\/\\\/marielleaupaysdesours.fr\\\/#organization\",\"name\":\"Marielle au Pays des Ours | Vente en ligne de peluches\",\"url\":\"https:\\\/\\\/marielleaupaysdesours.fr\\\/\",\"logo\":{\"@type\":\"ImageObject\",\"inLanguage\":\"fr-FR\",\"@id\":\"https:\\\/\\\/marielleaupaysdesours.fr\\\/#\\\/schema\\\/logo\\\/image\\\/\",\"url\":\"https:\\\/\\\/marielleaupaysdesours.fr\\\/wp-content\\\/uploads\\\/2020\\\/10\\\/logo-marielle-light.jpg\",\"contentUrl\":\"https:\\\/\\\/marielleaupaysdesours.fr\\\/wp-content\\\/uploads\\\/2020\\\/10\\\/logo-marielle-light.jpg\",\"width\":500,\"height\":500,\"caption\":\"Marielle au Pays des Ours | Vente en ligne de peluches\"},\"image\":{\"@id\":\"https:\\\/\\\/marielleaupaysdesours.fr\\\/#\\\/schema\\\/logo\\\/image\\\/\"}}]}<\/script>\n<!-- \/ Yoast SEO plugin. -->","yoast_head_json":{"title":"Ours en peluche CHOCCY BICCI - Charlie Bears 2023","description":"Voici l'ours en peluche Choccy Bicci l'ours de collection 2023 par Charlie Bears. Doux et tendre, venez le chercher sur marielleaupaysdesours.fr","robots":{"index":"index","follow":"follow","max-snippet":"max-snippet:-1","max-image-preview":"max-image-preview:large","max-video-preview":"max-video-preview:-1"},"canonical":"https:\/\/marielleaupaysdesours.fr\/index.php\/product\/ours-en-peluche-choccy-bicci-charlie-bears-2023\/","og_locale":"fr_FR","og_type":"article","og_title":"Ours en peluche CHOCCY BICCI - Charlie Bears 2023","og_description":"Voici l'ours en peluche Choccy Bicci l'ours de collection 2023 par Charlie Bears. Doux et tendre, venez le chercher sur marielleaupaysdesours.fr","og_url":"https:\/\/marielleaupaysdesours.fr\/index.php\/product\/ours-en-peluche-choccy-bicci-charlie-bears-2023\/","og_site_name":"Marielle au Pays des Ours | Vente en ligne de peluches","article_modified_time":"2025-12-05T20:04:45+00:00","og_image":[{"width":468,"height":630,"url":"https:\/\/marielleaupaysdesours.fr\/wp-content\/uploads\/2024\/02\/choco-biccy-ours-charlie.jpg","type":"image\/jpeg"}],"twitter_card":"summary_large_image","twitter_misc":{"Dur\u00e9e de lecture estim\u00e9e":"2 minutes"},"schema":{"@context":"https:\/\/schema.org","@graph":[{"@type":"WebPage","@id":"https:\/\/marielleaupaysdesours.fr\/index.php\/product\/ours-en-peluche-choccy-bicci-charlie-bears-2023\/","url":"https:\/\/marielleaupaysdesours.fr\/index.php\/product\/ours-en-peluche-choccy-bicci-charlie-bears-2023\/","name":"Ours en peluche CHOCCY BICCI - Charlie Bears 2023","isPartOf":{"@id":"https:\/\/marielleaupaysdesours.fr\/#website"},"primaryImageOfPage":{"@id":"https:\/\/marielleaupaysdesours.fr\/index.php\/product\/ours-en-peluche-choccy-bicci-charlie-bears-2023\/#primaryimage"},"image":{"@id":"https:\/\/marielleaupaysdesours.fr\/index.php\/product\/ours-en-peluche-choccy-bicci-charlie-bears-2023\/#primaryimage"},"thumbnailUrl":"https:\/\/marielleaupaysdesours.fr\/wp-content\/uploads\/2024\/02\/choco-biccy-ours-charlie.jpg","datePublished":"2024-02-25T21:33:52+00:00","dateModified":"2025-12-05T20:04:45+00:00","description":"Voici l'ours en peluche Choccy Bicci l'ours de collection 2023 par Charlie Bears. Doux et tendre, venez le chercher sur marielleaupaysdesours.fr","breadcrumb":{"@id":"https:\/\/marielleaupaysdesours.fr\/index.php\/product\/ours-en-peluche-choccy-bicci-charlie-bears-2023\/#breadcrumb"},"inLanguage":"fr-FR","potentialAction":[{"@type":"ReadAction","target":["https:\/\/marielleaupaysdesours.fr\/index.php\/product\/ours-en-peluche-choccy-bicci-charlie-bears-2023\/"]}]},{"@type":"ImageObject","inLanguage":"fr-FR","@id":"https:\/\/marielleaupaysdesours.fr\/index.php\/product\/ours-en-peluche-choccy-bicci-charlie-bears-2023\/#primaryimage","url":"https:\/\/marielleaupaysdesours.fr\/wp-content\/uploads\/2024\/02\/choco-biccy-ours-charlie.jpg","contentUrl":"https:\/\/marielleaupaysdesours.fr\/wp-content\/uploads\/2024\/02\/choco-biccy-ours-charlie.jpg","width":468,"height":630,"caption":"Ours en peluche CHOCCY BICCI - Charlie Bears 2023"},{"@type":"BreadcrumbList","@id":"https:\/\/marielleaupaysdesours.fr\/index.php\/product\/ours-en-peluche-choccy-bicci-charlie-bears-2023\/#breadcrumb","itemListElement":[{"@type":"ListItem","position":1,"name":"Accueil","item":"https:\/\/marielleaupaysdesours.fr\/"},{"@type":"ListItem","position":2,"name":"Shop","item":"https:\/\/marielleaupaysdesours.fr\/index.php\/shop\/"},{"@type":"ListItem","position":3,"name":"Ours en peluche CHOCCY BICCI &#8211; Charlie Bears 2023"}]},{"@type":"WebSite","@id":"https:\/\/marielleaupaysdesours.fr\/#website","url":"https:\/\/marielleaupaysdesours.fr\/","name":"Marielle au Pays des Ours | Vente en ligne de peluches","description":"vente en ligne de peluches","publisher":{"@id":"https:\/\/marielleaupaysdesours.fr\/#organization"},"potentialAction":[{"@type":"SearchAction","target":{"@type":"EntryPoint","urlTemplate":"https:\/\/marielleaupaysdesours.fr\/?s={search_term_string}"},"query-input":{"@type":"PropertyValueSpecification","valueRequired":true,"valueName":"search_term_string"}}],"inLanguage":"fr-FR"},{"@type":"Organization","@id":"https:\/\/marielleaupaysdesours.fr\/#organization","name":"Marielle au Pays des Ours | Vente en ligne de peluches","url":"https:\/\/marielleaupaysdesours.fr\/","logo":{"@type":"ImageObject","inLanguage":"fr-FR","@id":"https:\/\/marielleaupaysdesours.fr\/#\/schema\/logo\/image\/","url":"https:\/\/marielleaupaysdesours.fr\/wp-content\/uploads\/2020\/10\/logo-marielle-light.jpg","contentUrl":"https:\/\/marielleaupaysdesours.fr\/wp-content\/uploads\/2020\/10\/logo-marielle-light.jpg","width":500,"height":500,"caption":"Marielle au Pays des Ours | Vente en ligne de peluches"},"image":{"@id":"https:\/\/marielleaupaysdesours.fr\/#\/schema\/logo\/image\/"}}]}},"jetpack_sharing_enabled":true,"_links":{"self":[{"href":"https:\/\/marielleaupaysdesours.fr\/index.php\/wp-json\/wp\/v2\/product\/5485","targetHints":{"allow":["GET"]}}],"collection":[{"href":"https:\/\/marielleaupaysdesours.fr\/index.php\/wp-json\/wp\/v2\/product"}],"about":[{"href":"https:\/\/marielleaupaysdesours.fr\/index.php\/wp-json\/wp\/v2\/types\/product"}],"replies":[{"embeddable":true,"href":"https:\/\/marielleaupaysdesours.fr\/index.php\/wp-json\/wp\/v2\/comments?post=5485"}],"version-history":[{"count":4,"href":"https:\/\/marielleaupaysdesours.fr\/index.php\/wp-json\/wp\/v2\/product\/5485\/revisions"}],"predecessor-version":[{"id":5518,"href":"https:\/\/marielleaupaysdesours.fr\/index.php\/wp-json\/wp\/v2\/product\/5485\/revisions\/5518"}],"wp:featuredmedia":[{"embeddable":true,"href":"https:\/\/marielleaupaysdesours.fr\/index.php\/wp-json\/wp\/v2\/media\/5486"}],"wp:attachment":[{"href":"https:\/\/marielleaupaysdesours.fr\/index.php\/wp-json\/wp\/v2\/media?parent=5485"}],"wp:term":[{"taxonomy":"product_brand","embeddable":true,"href":"https:\/\/marielleaupaysdesours.fr\/index.php\/wp-json\/wp\/v2\/product_brand?post=5485"},{"taxonomy":"product_cat","embeddable":true,"href":"https:\/\/marielleaupaysdesours.fr\/index.php\/wp-json\/wp\/v2\/product_cat?post=5485"},{"taxonomy":"product_tag","embeddable":true,"href":"https:\/\/marielleaupaysdesours.fr\/index.php\/wp-json\/wp\/v2\/product_tag?post=5485"}],"curies":[{"name":"wp","href":"https:\/\/api.w.org\/{rel}","templated":true}]}}