{"id":5453,"date":"2024-02-11T17:00:32","date_gmt":"2024-02-11T16:00:32","guid":{"rendered":"https:\/\/marielleaupaysdesours.fr\/?post_type=product&#038;p=5453"},"modified":"2025-11-04T17:59:42","modified_gmt":"2025-11-04T16:59:42","slug":"ours-en-peluche-lady-luck-charlie-bears-collection-2023","status":"publish","type":"product","link":"https:\/\/marielleaupaysdesours.fr\/index.php\/product\/ours-en-peluche-lady-luck-charlie-bears-collection-2023\/","title":{"rendered":"Ours en Peluche Lady Luck- Charlie Bears Collection 2023"},"content":{"rendered":"<p><em><strong>Lady Luck<\/strong><\/em> est un adorable petit Ours en peluche de collection de <a href=\"https:\/\/marielleaupaysdesours.fr\/index.php\/peluches-charlie-bears\/\"><strong>Charlie Bears<\/strong><\/a>, cr\u00e9\u00e9 par Isabelle Lee.<\/p>\n<p>Cousu \u00e0 partir de laine tiss\u00e9e luxueuse, aux nuances roses, l&rsquo;Ours en peluche <strong>Lady Luck<\/strong> se fera remarquer avec sa collerette et son chapeau de bouffon. Ses petits yeux en verre noirs et brillants sont rehauss\u00e9s de blanc, et son petit nez est cousu \u00e0 la main.<br \/>\nLe dessous de ses pattes laisse appara\u00eetre ses griffes. Lady Luck porte un collier en forme de c\u0153ur autour du cou.<\/p>\n<p>Collection 2023 &#8211; Isabelle Collection &#8211;<a href=\"https:\/\/charliebears.com\/\"> Charlie Bears<\/a><br \/>\nTaille de 33 cm<br \/>\nCertificat num\u00e9rot\u00e9 en \u00e9dition limit\u00e9e 200<br \/>\nLivr\u00e9 avec un sac brod\u00e9<br \/>\nArticul\u00e9 (5 articulations classiques)<br \/>\nRecommand\u00e9 d\u00e8s l&rsquo;\u00e2ge de 14 ans<\/p>\n<p>Une jolie pi\u00e8ce de collection, vous craquerez litt\u00e9ralement pour cette petite merveille !<\/p>\n<p>Lady Luck formera un trio parfait (sur le destin de la vie) avec <a href=\"https:\/\/marielleaupaysdesours.fr\/index.php\/product\/peluche-ours-happenstance-de-charlie-bears\/\">Happenstance<\/a> (Trimestre 2) et <a href=\"https:\/\/marielleaupaysdesours.fr\/index.php\/product\/ours-en-peluche-serenpidity-charlie-bears-collection-2023\/\">Serendipity<\/a> (Trimestre 3).<\/p>\n<p>&nbsp;<\/p>\n<p>Alors, si vous \u00eates un amateur de peluches, vous appr\u00e9cierez s\u00fbrement la vari\u00e9t\u00e9 de choix offerte par Charlie Bears, allant des ours classiques aux cr\u00e9ations plus fantaisistes. Aussi, chez Marielle au Pays des Ours nous sommes des passionn\u00e9s et nous sommes \u00e0 votre disposition si vous avez des questions ou pour en savoir plus sur cet ours en peluche.\u00a0 N\u2019h\u00e9sitez pas \u00e0\u00a0<a href=\"https:\/\/marielleaupaysdesours.fr\/index.php\/contact-us\/\">nous contacter<\/a>\u00a0!<\/p>\n","protected":false},"excerpt":{"rendered":"<p><em><strong>Lady Luck<\/strong><\/em> est un adorable petit Ours en peluche de collection de <a href=\"https:\/\/marielleaupaysdesours.fr\/index.php\/peluches-charlie-bears\/\"><strong>Charlie Bears<\/strong><\/a>, cr\u00e9\u00e9 par Isabelle Lee.<\/p>\n<p>Cousu \u00e0 partir de laine tiss\u00e9e luxueuse, aux nuances roses, l&rsquo;Ours en peluche <strong>Lady Luck<\/strong> se fera remarquer avec sa collerette et son chapeau de bouffon. Ses petits yeux en verre noirs et brillants sont rehauss\u00e9s de blanc, et son petit nez est cousu \u00e0 la main.<br \/>\nLe dessous de ses pattes laisse appara\u00eetre ses griffes. Lady Luck porte un collier en forme de c\u0153ur autour du cou.<\/p>\n","protected":false},"featured_media":5454,"comment_status":"open","ping_status":"closed","template":"","meta":{"_monsterinsights_skip_tracking":false,"_monsterinsights_sitenote_active":false,"_monsterinsights_sitenote_note":"","_monsterinsights_sitenote_category":0,"site-sidebar-layout":"default","site-content-layout":"default","ast-site-content-layout":"default","site-content-style":"default","site-sidebar-style":"default","ast-global-header-display":"","ast-banner-title-visibility":"","ast-main-header-display":"","ast-hfb-above-header-display":"","ast-hfb-below-header-display":"","ast-hfb-mobile-header-display":"","site-post-title":"","ast-breadcrumbs-content":"","ast-featured-img":"","footer-sml-layout":"","ast-disable-related-posts":"","theme-transparent-header-meta":"default","adv-header-id-meta":"","stick-header-meta":"","header-above-stick-meta":"","header-main-stick-meta":"","header-below-stick-meta":"","astra-migrate-meta-layouts":"set","ast-page-background-enabled":"default","ast-page-background-meta":{"desktop":{"background-color":"","background-image":"","background-repeat":"repeat","background-position":"center center","background-size":"auto","background-attachment":"scroll","background-type":"","background-media":"","overlay-type":"","overlay-color":"","overlay-opacity":"","overlay-gradient":""},"tablet":{"background-color":"","background-image":"","background-repeat":"repeat","background-position":"center center","background-size":"auto","background-attachment":"scroll","background-type":"","background-media":"","overlay-type":"","overlay-color":"","overlay-opacity":"","overlay-gradient":""},"mobile":{"background-color":"","background-image":"","background-repeat":"repeat","background-position":"center center","background-size":"auto","background-attachment":"scroll","background-type":"","background-media":"","overlay-type":"","overlay-color":"","overlay-opacity":"","overlay-gradient":""}},"ast-content-background-meta":{"desktop":{"background-color":"var(--ast-global-color-5)","background-image":"","background-repeat":"repeat","background-position":"center center","background-size":"auto","background-attachment":"scroll","background-type":"","background-media":"","overlay-type":"","overlay-color":"","overlay-opacity":"","overlay-gradient":""},"tablet":{"background-color":"var(--ast-global-color-5)","background-image":"","background-repeat":"repeat","background-position":"center center","background-size":"auto","background-attachment":"scroll","background-type":"","background-media":"","overlay-type":"","overlay-color":"","overlay-opacity":"","overlay-gradient":""},"mobile":{"background-color":"var(--ast-global-color-5)","background-image":"","background-repeat":"repeat","background-position":"center center","background-size":"auto","background-attachment":"scroll","background-type":"","background-media":"","overlay-type":"","overlay-color":"","overlay-opacity":"","overlay-gradient":""}}},"product_brand":[],"product_cat":[42,30,28,29],"product_tag":[],"class_list":{"0":"post-5453","1":"product","2":"type-product","3":"status-publish","4":"has-post-thumbnail","6":"product_cat-charlie-bears-peluches-collection","7":"product_cat-ours","8":"product_cat-peluches","9":"product_cat-collection","10":"product_shipping_class-peluches-grande-taille","11":"desktop-align-center","12":"tablet-align-left","13":"mobile-align-left","15":"first","16":"instock","17":"shipping-taxable","18":"purchasable","19":"product-type-simple"},"yoast_head":"<!-- This site is optimized with the Yoast SEO plugin v27.4 - https:\/\/yoast.com\/product\/yoast-seo-wordpress\/ -->\n<title>Ours en Peluche Lady-Luck - Charlie Bears - 2023<\/title>\n<meta name=\"description\" content=\"Vous \u00eates \u00e0 la recherche d&#039;un ours de collection pour l&#039;ann\u00e9e 2023 ? D\u00e9couvrez sur notre site la peluche Lady Luck par Charlie Bears\" \/>\n<meta name=\"robots\" content=\"index, follow, max-snippet:-1, max-image-preview:large, max-video-preview:-1\" \/>\n<link rel=\"canonical\" href=\"https:\/\/marielleaupaysdesours.fr\/index.php\/product\/ours-en-peluche-lady-luck-charlie-bears-collection-2023\/\" \/>\n<meta property=\"og:locale\" content=\"fr_FR\" \/>\n<meta property=\"og:type\" content=\"article\" \/>\n<meta property=\"og:title\" content=\"Ours en Peluche Lady-Luck - Charlie Bears - 2023\" \/>\n<meta property=\"og:description\" content=\"Vous \u00eates \u00e0 la recherche d&#039;un ours de collection pour l&#039;ann\u00e9e 2023 ? D\u00e9couvrez sur notre site la peluche Lady Luck par Charlie Bears\" \/>\n<meta property=\"og:url\" content=\"https:\/\/marielleaupaysdesours.fr\/index.php\/product\/ours-en-peluche-lady-luck-charlie-bears-collection-2023\/\" \/>\n<meta property=\"og:site_name\" content=\"Marielle au Pays des Ours | Vente en ligne de peluches\" \/>\n<meta property=\"article:modified_time\" content=\"2025-11-04T16:59:42+00:00\" \/>\n<meta property=\"og:image\" content=\"https:\/\/marielleaupaysdesours.fr\/wp-content\/uploads\/2024\/02\/lady-luck-ours-charlie-2023.jpg\" \/>\n\t<meta property=\"og:image:width\" content=\"474\" \/>\n\t<meta property=\"og:image:height\" content=\"474\" \/>\n\t<meta property=\"og:image:type\" content=\"image\/jpeg\" \/>\n<meta name=\"twitter:card\" content=\"summary_large_image\" \/>\n<meta name=\"twitter:label1\" content=\"Dur\u00e9e de lecture estim\u00e9e\" \/>\n\t<meta name=\"twitter:data1\" content=\"2 minutes\" \/>\n<script type=\"application\/ld+json\" class=\"yoast-schema-graph\">{\"@context\":\"https:\\\/\\\/schema.org\",\"@graph\":[{\"@type\":\"WebPage\",\"@id\":\"https:\\\/\\\/marielleaupaysdesours.fr\\\/index.php\\\/product\\\/ours-en-peluche-lady-luck-charlie-bears-collection-2023\\\/\",\"url\":\"https:\\\/\\\/marielleaupaysdesours.fr\\\/index.php\\\/product\\\/ours-en-peluche-lady-luck-charlie-bears-collection-2023\\\/\",\"name\":\"Ours en Peluche Lady-Luck - Charlie Bears - 2023\",\"isPartOf\":{\"@id\":\"https:\\\/\\\/marielleaupaysdesours.fr\\\/#website\"},\"primaryImageOfPage\":{\"@id\":\"https:\\\/\\\/marielleaupaysdesours.fr\\\/index.php\\\/product\\\/ours-en-peluche-lady-luck-charlie-bears-collection-2023\\\/#primaryimage\"},\"image\":{\"@id\":\"https:\\\/\\\/marielleaupaysdesours.fr\\\/index.php\\\/product\\\/ours-en-peluche-lady-luck-charlie-bears-collection-2023\\\/#primaryimage\"},\"thumbnailUrl\":\"https:\\\/\\\/marielleaupaysdesours.fr\\\/wp-content\\\/uploads\\\/2024\\\/02\\\/lady-luck-ours-charlie-2023.jpg\",\"datePublished\":\"2024-02-11T16:00:32+00:00\",\"dateModified\":\"2025-11-04T16:59:42+00:00\",\"description\":\"Vous \u00eates \u00e0 la recherche d'un ours de collection pour l'ann\u00e9e 2023 ? D\u00e9couvrez sur notre site la peluche Lady Luck par Charlie Bears\",\"breadcrumb\":{\"@id\":\"https:\\\/\\\/marielleaupaysdesours.fr\\\/index.php\\\/product\\\/ours-en-peluche-lady-luck-charlie-bears-collection-2023\\\/#breadcrumb\"},\"inLanguage\":\"fr-FR\",\"potentialAction\":[{\"@type\":\"ReadAction\",\"target\":[\"https:\\\/\\\/marielleaupaysdesours.fr\\\/index.php\\\/product\\\/ours-en-peluche-lady-luck-charlie-bears-collection-2023\\\/\"]}]},{\"@type\":\"ImageObject\",\"inLanguage\":\"fr-FR\",\"@id\":\"https:\\\/\\\/marielleaupaysdesours.fr\\\/index.php\\\/product\\\/ours-en-peluche-lady-luck-charlie-bears-collection-2023\\\/#primaryimage\",\"url\":\"https:\\\/\\\/marielleaupaysdesours.fr\\\/wp-content\\\/uploads\\\/2024\\\/02\\\/lady-luck-ours-charlie-2023.jpg\",\"contentUrl\":\"https:\\\/\\\/marielleaupaysdesours.fr\\\/wp-content\\\/uploads\\\/2024\\\/02\\\/lady-luck-ours-charlie-2023.jpg\",\"width\":474,\"height\":474,\"caption\":\"Ours en Peluche lady luck\"},{\"@type\":\"BreadcrumbList\",\"@id\":\"https:\\\/\\\/marielleaupaysdesours.fr\\\/index.php\\\/product\\\/ours-en-peluche-lady-luck-charlie-bears-collection-2023\\\/#breadcrumb\",\"itemListElement\":[{\"@type\":\"ListItem\",\"position\":1,\"name\":\"Accueil\",\"item\":\"https:\\\/\\\/marielleaupaysdesours.fr\\\/\"},{\"@type\":\"ListItem\",\"position\":2,\"name\":\"Shop\",\"item\":\"https:\\\/\\\/marielleaupaysdesours.fr\\\/index.php\\\/shop\\\/\"},{\"@type\":\"ListItem\",\"position\":3,\"name\":\"Ours en Peluche Lady Luck- Charlie Bears Collection 2023\"}]},{\"@type\":\"WebSite\",\"@id\":\"https:\\\/\\\/marielleaupaysdesours.fr\\\/#website\",\"url\":\"https:\\\/\\\/marielleaupaysdesours.fr\\\/\",\"name\":\"Marielle au Pays des Ours | Vente en ligne de peluches\",\"description\":\"vente en ligne de peluches\",\"publisher\":{\"@id\":\"https:\\\/\\\/marielleaupaysdesours.fr\\\/#organization\"},\"potentialAction\":[{\"@type\":\"SearchAction\",\"target\":{\"@type\":\"EntryPoint\",\"urlTemplate\":\"https:\\\/\\\/marielleaupaysdesours.fr\\\/?s={search_term_string}\"},\"query-input\":{\"@type\":\"PropertyValueSpecification\",\"valueRequired\":true,\"valueName\":\"search_term_string\"}}],\"inLanguage\":\"fr-FR\"},{\"@type\":\"Organization\",\"@id\":\"https:\\\/\\\/marielleaupaysdesours.fr\\\/#organization\",\"name\":\"Marielle au Pays des Ours | Vente en ligne de peluches\",\"url\":\"https:\\\/\\\/marielleaupaysdesours.fr\\\/\",\"logo\":{\"@type\":\"ImageObject\",\"inLanguage\":\"fr-FR\",\"@id\":\"https:\\\/\\\/marielleaupaysdesours.fr\\\/#\\\/schema\\\/logo\\\/image\\\/\",\"url\":\"https:\\\/\\\/marielleaupaysdesours.fr\\\/wp-content\\\/uploads\\\/2020\\\/10\\\/logo-marielle-light.jpg\",\"contentUrl\":\"https:\\\/\\\/marielleaupaysdesours.fr\\\/wp-content\\\/uploads\\\/2020\\\/10\\\/logo-marielle-light.jpg\",\"width\":500,\"height\":500,\"caption\":\"Marielle au Pays des Ours | Vente en ligne de peluches\"},\"image\":{\"@id\":\"https:\\\/\\\/marielleaupaysdesours.fr\\\/#\\\/schema\\\/logo\\\/image\\\/\"}}]}<\/script>\n<!-- \/ Yoast SEO plugin. -->","yoast_head_json":{"title":"Ours en Peluche Lady-Luck - Charlie Bears - 2023","description":"Vous \u00eates \u00e0 la recherche d'un ours de collection pour l'ann\u00e9e 2023 ? D\u00e9couvrez sur notre site la peluche Lady Luck par Charlie Bears","robots":{"index":"index","follow":"follow","max-snippet":"max-snippet:-1","max-image-preview":"max-image-preview:large","max-video-preview":"max-video-preview:-1"},"canonical":"https:\/\/marielleaupaysdesours.fr\/index.php\/product\/ours-en-peluche-lady-luck-charlie-bears-collection-2023\/","og_locale":"fr_FR","og_type":"article","og_title":"Ours en Peluche Lady-Luck - Charlie Bears - 2023","og_description":"Vous \u00eates \u00e0 la recherche d'un ours de collection pour l'ann\u00e9e 2023 ? D\u00e9couvrez sur notre site la peluche Lady Luck par Charlie Bears","og_url":"https:\/\/marielleaupaysdesours.fr\/index.php\/product\/ours-en-peluche-lady-luck-charlie-bears-collection-2023\/","og_site_name":"Marielle au Pays des Ours | Vente en ligne de peluches","article_modified_time":"2025-11-04T16:59:42+00:00","og_image":[{"width":474,"height":474,"url":"https:\/\/marielleaupaysdesours.fr\/wp-content\/uploads\/2024\/02\/lady-luck-ours-charlie-2023.jpg","type":"image\/jpeg"}],"twitter_card":"summary_large_image","twitter_misc":{"Dur\u00e9e de lecture estim\u00e9e":"2 minutes"},"schema":{"@context":"https:\/\/schema.org","@graph":[{"@type":"WebPage","@id":"https:\/\/marielleaupaysdesours.fr\/index.php\/product\/ours-en-peluche-lady-luck-charlie-bears-collection-2023\/","url":"https:\/\/marielleaupaysdesours.fr\/index.php\/product\/ours-en-peluche-lady-luck-charlie-bears-collection-2023\/","name":"Ours en Peluche Lady-Luck - Charlie Bears - 2023","isPartOf":{"@id":"https:\/\/marielleaupaysdesours.fr\/#website"},"primaryImageOfPage":{"@id":"https:\/\/marielleaupaysdesours.fr\/index.php\/product\/ours-en-peluche-lady-luck-charlie-bears-collection-2023\/#primaryimage"},"image":{"@id":"https:\/\/marielleaupaysdesours.fr\/index.php\/product\/ours-en-peluche-lady-luck-charlie-bears-collection-2023\/#primaryimage"},"thumbnailUrl":"https:\/\/marielleaupaysdesours.fr\/wp-content\/uploads\/2024\/02\/lady-luck-ours-charlie-2023.jpg","datePublished":"2024-02-11T16:00:32+00:00","dateModified":"2025-11-04T16:59:42+00:00","description":"Vous \u00eates \u00e0 la recherche d'un ours de collection pour l'ann\u00e9e 2023 ? D\u00e9couvrez sur notre site la peluche Lady Luck par Charlie Bears","breadcrumb":{"@id":"https:\/\/marielleaupaysdesours.fr\/index.php\/product\/ours-en-peluche-lady-luck-charlie-bears-collection-2023\/#breadcrumb"},"inLanguage":"fr-FR","potentialAction":[{"@type":"ReadAction","target":["https:\/\/marielleaupaysdesours.fr\/index.php\/product\/ours-en-peluche-lady-luck-charlie-bears-collection-2023\/"]}]},{"@type":"ImageObject","inLanguage":"fr-FR","@id":"https:\/\/marielleaupaysdesours.fr\/index.php\/product\/ours-en-peluche-lady-luck-charlie-bears-collection-2023\/#primaryimage","url":"https:\/\/marielleaupaysdesours.fr\/wp-content\/uploads\/2024\/02\/lady-luck-ours-charlie-2023.jpg","contentUrl":"https:\/\/marielleaupaysdesours.fr\/wp-content\/uploads\/2024\/02\/lady-luck-ours-charlie-2023.jpg","width":474,"height":474,"caption":"Ours en Peluche lady luck"},{"@type":"BreadcrumbList","@id":"https:\/\/marielleaupaysdesours.fr\/index.php\/product\/ours-en-peluche-lady-luck-charlie-bears-collection-2023\/#breadcrumb","itemListElement":[{"@type":"ListItem","position":1,"name":"Accueil","item":"https:\/\/marielleaupaysdesours.fr\/"},{"@type":"ListItem","position":2,"name":"Shop","item":"https:\/\/marielleaupaysdesours.fr\/index.php\/shop\/"},{"@type":"ListItem","position":3,"name":"Ours en Peluche Lady Luck- Charlie Bears Collection 2023"}]},{"@type":"WebSite","@id":"https:\/\/marielleaupaysdesours.fr\/#website","url":"https:\/\/marielleaupaysdesours.fr\/","name":"Marielle au Pays des Ours | Vente en ligne de peluches","description":"vente en ligne de peluches","publisher":{"@id":"https:\/\/marielleaupaysdesours.fr\/#organization"},"potentialAction":[{"@type":"SearchAction","target":{"@type":"EntryPoint","urlTemplate":"https:\/\/marielleaupaysdesours.fr\/?s={search_term_string}"},"query-input":{"@type":"PropertyValueSpecification","valueRequired":true,"valueName":"search_term_string"}}],"inLanguage":"fr-FR"},{"@type":"Organization","@id":"https:\/\/marielleaupaysdesours.fr\/#organization","name":"Marielle au Pays des Ours | Vente en ligne de peluches","url":"https:\/\/marielleaupaysdesours.fr\/","logo":{"@type":"ImageObject","inLanguage":"fr-FR","@id":"https:\/\/marielleaupaysdesours.fr\/#\/schema\/logo\/image\/","url":"https:\/\/marielleaupaysdesours.fr\/wp-content\/uploads\/2020\/10\/logo-marielle-light.jpg","contentUrl":"https:\/\/marielleaupaysdesours.fr\/wp-content\/uploads\/2020\/10\/logo-marielle-light.jpg","width":500,"height":500,"caption":"Marielle au Pays des Ours | Vente en ligne de peluches"},"image":{"@id":"https:\/\/marielleaupaysdesours.fr\/#\/schema\/logo\/image\/"}}]}},"jetpack_sharing_enabled":true,"_links":{"self":[{"href":"https:\/\/marielleaupaysdesours.fr\/index.php\/wp-json\/wp\/v2\/product\/5453","targetHints":{"allow":["GET"]}}],"collection":[{"href":"https:\/\/marielleaupaysdesours.fr\/index.php\/wp-json\/wp\/v2\/product"}],"about":[{"href":"https:\/\/marielleaupaysdesours.fr\/index.php\/wp-json\/wp\/v2\/types\/product"}],"replies":[{"embeddable":true,"href":"https:\/\/marielleaupaysdesours.fr\/index.php\/wp-json\/wp\/v2\/comments?post=5453"}],"version-history":[{"count":3,"href":"https:\/\/marielleaupaysdesours.fr\/index.php\/wp-json\/wp\/v2\/product\/5453\/revisions"}],"predecessor-version":[{"id":5474,"href":"https:\/\/marielleaupaysdesours.fr\/index.php\/wp-json\/wp\/v2\/product\/5453\/revisions\/5474"}],"wp:featuredmedia":[{"embeddable":true,"href":"https:\/\/marielleaupaysdesours.fr\/index.php\/wp-json\/wp\/v2\/media\/5454"}],"wp:attachment":[{"href":"https:\/\/marielleaupaysdesours.fr\/index.php\/wp-json\/wp\/v2\/media?parent=5453"}],"wp:term":[{"taxonomy":"product_brand","embeddable":true,"href":"https:\/\/marielleaupaysdesours.fr\/index.php\/wp-json\/wp\/v2\/product_brand?post=5453"},{"taxonomy":"product_cat","embeddable":true,"href":"https:\/\/marielleaupaysdesours.fr\/index.php\/wp-json\/wp\/v2\/product_cat?post=5453"},{"taxonomy":"product_tag","embeddable":true,"href":"https:\/\/marielleaupaysdesours.fr\/index.php\/wp-json\/wp\/v2\/product_tag?post=5453"}],"curies":[{"name":"wp","href":"https:\/\/api.w.org\/{rel}","templated":true}]}}