{"id":5450,"date":"2024-02-11T16:45:36","date_gmt":"2024-02-11T15:45:36","guid":{"rendered":"https:\/\/marielleaupaysdesours.fr\/?post_type=product&#038;p=5450"},"modified":"2026-02-25T07:43:15","modified_gmt":"2026-02-25T06:43:15","slug":"ours-en-peluche-vanillia-pudding-charlie-bears-collection-2023","status":"publish","type":"product","link":"https:\/\/marielleaupaysdesours.fr\/index.php\/product\/ours-en-peluche-vanillia-pudding-charlie-bears-collection-2023\/","title":{"rendered":"Ours en Peluche Vanillia Pudding &#8211; Charlie Bears Collection 2023"},"content":{"rendered":"<p>Voici notre superbe <strong>Ours en peluche plumo<\/strong> <em><strong>Vanilla Pudding<\/strong><\/em>, qui fait partie de la collection The Clock Tower 2023 de <a href=\"https:\/\/marielleaupaysdesours.fr\/index.php\/peluches-charlie-bears\/\"><strong>Charlie Bears<\/strong><\/a><\/p>\n<p>Les <strong>Ours en peluche Plumo<\/strong> sont faits principalement en douce peluche, mais ils ont des petites touches de Mohair ou Alpaga autour des yeux, du nez ou des oreilles, ce qui leur donne une perfection dite Plumo&#8230; Cousu \u00e0 partir d&rsquo;une luxueuse fourrure ultra douce et soyeuse, aux nuances beige, <em><strong>Vanilla Pudding<\/strong> <\/em>est un magnifique Ours en peluche au grand sourire. Ses petits yeux brillants sont soulign\u00e9s de blanc.<br \/>\nSon joli nez beige est cousu \u00e0 la main.<br \/>\nSon museau cr\u00e8me , et sa petite bouche ouverte contrastent parfaitement avec le reste de son corps.<br \/>\nSes gros coussinets et ses orteils sont chatouilleux.<br \/>\nVanilla Pudding porte une belle \u00e9charpe \u00e0 franges autour du cou.<\/p>\n<p>Collection 2023 &#8211; <a href=\"https:\/\/charliebears.com\/\"><strong>Charlie Bears<\/strong><\/a> en peluche.<br \/>\nEdition limit\u00e9e \u00e0 1000 exemplaires.<br \/>\nOurs Giggler (souriant).<br \/>\nTaille de 41 cm &#8211; 16 inch.<br \/>\nCr\u00e9\u00e9 par Isabelle Lee (en association avec Charlotte Morris).<br \/>\nArticul\u00e9 (5 articulations classiques).<br \/>\nLavable d\u00e9licatement 30\u00b0 en surface.<br \/>\nRecommand\u00e9 d\u00e8s l&rsquo;\u00e2ge de 3 ans<br \/>\nTest\u00e9 normes de s\u00e9curit\u00e9 europ\u00e9ennes EN71<br \/>\nRetrouvez \u00e9galement ses Amis Panda rieurs <a href=\"https:\/\/marielleaupaysdesours.fr\/index.php\/product\/panda-en-peluche-forty-winks-collection-plumo-charlie-bears-2023\/\">Forty Winks<\/a> et <a href=\"https:\/\/marielleaupaysdesours.fr\/index.php\/product\/siesta-panda-en-peluche-charlie-bears-2023\/\">Siesta<\/a> disponibles au second et troisi\u00e8me Trimestre 2023.<\/p>\n","protected":false},"excerpt":{"rendered":"<p>Voici notre superbe <strong>Ours en peluche plumo<\/strong> <em><strong>Vanilla Pudding<\/strong><\/em>, qui fait partie de la collection The Clock Tower 2023 de Charlie Bears<\/p>\n<p>Les <strong>Ours en peluche Plumo<\/strong> sont faits principalement en douce peluche, mais ils ont des petites touches de Mohair ou Alpaga autour des yeux, du nez ou des oreilles, ce qui leur donne une perfection dite Plumo&#8230; Cousu \u00e0 partir d&rsquo;une luxueuse fourrure ultra douce et soyeuse, aux nuances beige, Vanilla Pudding est un magnifique Ours au grand sourire. Ses petits yeux brillants sont soulign\u00e9s de blanc. Son joli nez beige est cousu \u00e0 la main. Son museau cr\u00e8me, et sa petite bouche ouverte contrastent parfaitement avec le reste de son corps. Ses gros coussinets et ses orteils sont chatouilleux. <em><strong>Vanilla Pudding<\/strong><\/em> porte une belle \u00e9charpe \u00e0 franges autour du cou.<\/p>\n","protected":false},"featured_media":5451,"comment_status":"open","ping_status":"closed","template":"","meta":{"_monsterinsights_skip_tracking":false,"_monsterinsights_sitenote_active":false,"_monsterinsights_sitenote_note":"","_monsterinsights_sitenote_category":0,"site-sidebar-layout":"default","site-content-layout":"default","ast-site-content-layout":"default","site-content-style":"default","site-sidebar-style":"default","ast-global-header-display":"","ast-banner-title-visibility":"","ast-main-header-display":"","ast-hfb-above-header-display":"","ast-hfb-below-header-display":"","ast-hfb-mobile-header-display":"","site-post-title":"","ast-breadcrumbs-content":"","ast-featured-img":"","footer-sml-layout":"","ast-disable-related-posts":"","theme-transparent-header-meta":"default","adv-header-id-meta":"","stick-header-meta":"","header-above-stick-meta":"","header-main-stick-meta":"","header-below-stick-meta":"","astra-migrate-meta-layouts":"set","ast-page-background-enabled":"default","ast-page-background-meta":{"desktop":{"background-color":"","background-image":"","background-repeat":"repeat","background-position":"center center","background-size":"auto","background-attachment":"scroll","background-type":"","background-media":"","overlay-type":"","overlay-color":"","overlay-opacity":"","overlay-gradient":""},"tablet":{"background-color":"","background-image":"","background-repeat":"repeat","background-position":"center center","background-size":"auto","background-attachment":"scroll","background-type":"","background-media":"","overlay-type":"","overlay-color":"","overlay-opacity":"","overlay-gradient":""},"mobile":{"background-color":"","background-image":"","background-repeat":"repeat","background-position":"center center","background-size":"auto","background-attachment":"scroll","background-type":"","background-media":"","overlay-type":"","overlay-color":"","overlay-opacity":"","overlay-gradient":""}},"ast-content-background-meta":{"desktop":{"background-color":"var(--ast-global-color-5)","background-image":"","background-repeat":"repeat","background-position":"center center","background-size":"auto","background-attachment":"scroll","background-type":"","background-media":"","overlay-type":"","overlay-color":"","overlay-opacity":"","overlay-gradient":""},"tablet":{"background-color":"var(--ast-global-color-5)","background-image":"","background-repeat":"repeat","background-position":"center center","background-size":"auto","background-attachment":"scroll","background-type":"","background-media":"","overlay-type":"","overlay-color":"","overlay-opacity":"","overlay-gradient":""},"mobile":{"background-color":"var(--ast-global-color-5)","background-image":"","background-repeat":"repeat","background-position":"center center","background-size":"auto","background-attachment":"scroll","background-type":"","background-media":"","overlay-type":"","overlay-color":"","overlay-opacity":"","overlay-gradient":""}}},"product_brand":[],"product_cat":[42,30,28,29],"product_tag":[],"class_list":{"0":"post-5450","1":"product","2":"type-product","3":"status-publish","4":"has-post-thumbnail","6":"product_cat-charlie-bears-peluches-collection","7":"product_cat-ours","8":"product_cat-peluches","9":"product_cat-collection","10":"product_shipping_class-peluches-grande-taille","11":"desktop-align-center","12":"tablet-align-left","13":"mobile-align-left","15":"first","16":"outofstock","17":"sale","18":"shipping-taxable","19":"purchasable","20":"product-type-simple"},"yoast_head":"<!-- This site is optimized with the Yoast SEO plugin v27.5 - https:\/\/yoast.com\/product\/yoast-seo-wordpress\/ -->\n<title>Ours en Peluche Vanillia Pudding - Charlie Bears - 2023<\/title>\n<meta name=\"description\" content=\"Vous \u00eates \u00e0 la recherche d&#039;un ours de collection pour l&#039;ann\u00e9e 2023 ? D\u00e9couvrez sur notre site l&#039;ours en peluche vanillia pudding de Charlie Bears\" \/>\n<meta name=\"robots\" content=\"index, follow, max-snippet:-1, max-image-preview:large, max-video-preview:-1\" \/>\n<link rel=\"canonical\" href=\"https:\/\/marielleaupaysdesours.fr\/index.php\/product\/ours-en-peluche-vanillia-pudding-charlie-bears-collection-2023\/\" \/>\n<meta property=\"og:locale\" content=\"fr_FR\" \/>\n<meta property=\"og:type\" content=\"article\" \/>\n<meta property=\"og:title\" content=\"Ours en Peluche Vanillia Pudding - Charlie Bears - 2023\" \/>\n<meta property=\"og:description\" content=\"Vous \u00eates \u00e0 la recherche d&#039;un ours de collection pour l&#039;ann\u00e9e 2023 ? D\u00e9couvrez sur notre site l&#039;ours en peluche vanillia pudding de Charlie Bears\" \/>\n<meta property=\"og:url\" content=\"https:\/\/marielleaupaysdesours.fr\/index.php\/product\/ours-en-peluche-vanillia-pudding-charlie-bears-collection-2023\/\" \/>\n<meta property=\"og:site_name\" content=\"Marielle au Pays des Ours | Vente en ligne de peluches\" \/>\n<meta property=\"article:modified_time\" content=\"2026-02-25T06:43:15+00:00\" \/>\n<meta property=\"og:image\" content=\"https:\/\/marielleaupaysdesours.fr\/wp-content\/uploads\/2024\/02\/Capture-web_11-2-2024_16445_www.charliebears.com_.jpeg\" \/>\n\t<meta property=\"og:image:width\" content=\"540\" \/>\n\t<meta property=\"og:image:height\" content=\"592\" \/>\n\t<meta property=\"og:image:type\" content=\"image\/jpeg\" \/>\n<meta name=\"twitter:card\" content=\"summary_large_image\" \/>\n<meta name=\"twitter:label1\" content=\"Dur\u00e9e de lecture estim\u00e9e\" \/>\n\t<meta name=\"twitter:data1\" content=\"2 minutes\" \/>\n<script type=\"application\/ld+json\" class=\"yoast-schema-graph\">{\"@context\":\"https:\\\/\\\/schema.org\",\"@graph\":[{\"@type\":\"WebPage\",\"@id\":\"https:\\\/\\\/marielleaupaysdesours.fr\\\/index.php\\\/product\\\/ours-en-peluche-vanillia-pudding-charlie-bears-collection-2023\\\/\",\"url\":\"https:\\\/\\\/marielleaupaysdesours.fr\\\/index.php\\\/product\\\/ours-en-peluche-vanillia-pudding-charlie-bears-collection-2023\\\/\",\"name\":\"Ours en Peluche Vanillia Pudding - Charlie Bears - 2023\",\"isPartOf\":{\"@id\":\"https:\\\/\\\/marielleaupaysdesours.fr\\\/#website\"},\"primaryImageOfPage\":{\"@id\":\"https:\\\/\\\/marielleaupaysdesours.fr\\\/index.php\\\/product\\\/ours-en-peluche-vanillia-pudding-charlie-bears-collection-2023\\\/#primaryimage\"},\"image\":{\"@id\":\"https:\\\/\\\/marielleaupaysdesours.fr\\\/index.php\\\/product\\\/ours-en-peluche-vanillia-pudding-charlie-bears-collection-2023\\\/#primaryimage\"},\"thumbnailUrl\":\"https:\\\/\\\/marielleaupaysdesours.fr\\\/wp-content\\\/uploads\\\/2024\\\/02\\\/Capture-web_11-2-2024_16445_www.charliebears.com_.jpeg\",\"datePublished\":\"2024-02-11T15:45:36+00:00\",\"dateModified\":\"2026-02-25T06:43:15+00:00\",\"description\":\"Vous \u00eates \u00e0 la recherche d'un ours de collection pour l'ann\u00e9e 2023 ? D\u00e9couvrez sur notre site l'ours en peluche vanillia pudding de Charlie Bears\",\"breadcrumb\":{\"@id\":\"https:\\\/\\\/marielleaupaysdesours.fr\\\/index.php\\\/product\\\/ours-en-peluche-vanillia-pudding-charlie-bears-collection-2023\\\/#breadcrumb\"},\"inLanguage\":\"fr-FR\",\"potentialAction\":[{\"@type\":\"ReadAction\",\"target\":[\"https:\\\/\\\/marielleaupaysdesours.fr\\\/index.php\\\/product\\\/ours-en-peluche-vanillia-pudding-charlie-bears-collection-2023\\\/\"]}]},{\"@type\":\"ImageObject\",\"inLanguage\":\"fr-FR\",\"@id\":\"https:\\\/\\\/marielleaupaysdesours.fr\\\/index.php\\\/product\\\/ours-en-peluche-vanillia-pudding-charlie-bears-collection-2023\\\/#primaryimage\",\"url\":\"https:\\\/\\\/marielleaupaysdesours.fr\\\/wp-content\\\/uploads\\\/2024\\\/02\\\/Capture-web_11-2-2024_16445_www.charliebears.com_.jpeg\",\"contentUrl\":\"https:\\\/\\\/marielleaupaysdesours.fr\\\/wp-content\\\/uploads\\\/2024\\\/02\\\/Capture-web_11-2-2024_16445_www.charliebears.com_.jpeg\",\"width\":540,\"height\":592,\"caption\":\"Ours en Peluche vanillia pudding\"},{\"@type\":\"BreadcrumbList\",\"@id\":\"https:\\\/\\\/marielleaupaysdesours.fr\\\/index.php\\\/product\\\/ours-en-peluche-vanillia-pudding-charlie-bears-collection-2023\\\/#breadcrumb\",\"itemListElement\":[{\"@type\":\"ListItem\",\"position\":1,\"name\":\"Accueil\",\"item\":\"https:\\\/\\\/marielleaupaysdesours.fr\\\/\"},{\"@type\":\"ListItem\",\"position\":2,\"name\":\"Shop\",\"item\":\"https:\\\/\\\/marielleaupaysdesours.fr\\\/index.php\\\/shop\\\/\"},{\"@type\":\"ListItem\",\"position\":3,\"name\":\"Ours en Peluche Vanillia Pudding &#8211; Charlie Bears Collection 2023\"}]},{\"@type\":\"WebSite\",\"@id\":\"https:\\\/\\\/marielleaupaysdesours.fr\\\/#website\",\"url\":\"https:\\\/\\\/marielleaupaysdesours.fr\\\/\",\"name\":\"Marielle au Pays des Ours | Vente en ligne de peluches\",\"description\":\"vente en ligne de peluches\",\"publisher\":{\"@id\":\"https:\\\/\\\/marielleaupaysdesours.fr\\\/#organization\"},\"potentialAction\":[{\"@type\":\"SearchAction\",\"target\":{\"@type\":\"EntryPoint\",\"urlTemplate\":\"https:\\\/\\\/marielleaupaysdesours.fr\\\/?s={search_term_string}\"},\"query-input\":{\"@type\":\"PropertyValueSpecification\",\"valueRequired\":true,\"valueName\":\"search_term_string\"}}],\"inLanguage\":\"fr-FR\"},{\"@type\":\"Organization\",\"@id\":\"https:\\\/\\\/marielleaupaysdesours.fr\\\/#organization\",\"name\":\"Marielle au Pays des Ours | Vente en ligne de peluches\",\"url\":\"https:\\\/\\\/marielleaupaysdesours.fr\\\/\",\"logo\":{\"@type\":\"ImageObject\",\"inLanguage\":\"fr-FR\",\"@id\":\"https:\\\/\\\/marielleaupaysdesours.fr\\\/#\\\/schema\\\/logo\\\/image\\\/\",\"url\":\"https:\\\/\\\/marielleaupaysdesours.fr\\\/wp-content\\\/uploads\\\/2020\\\/10\\\/logo-marielle-light.jpg\",\"contentUrl\":\"https:\\\/\\\/marielleaupaysdesours.fr\\\/wp-content\\\/uploads\\\/2020\\\/10\\\/logo-marielle-light.jpg\",\"width\":500,\"height\":500,\"caption\":\"Marielle au Pays des Ours | Vente en ligne de peluches\"},\"image\":{\"@id\":\"https:\\\/\\\/marielleaupaysdesours.fr\\\/#\\\/schema\\\/logo\\\/image\\\/\"}}]}<\/script>\n<!-- \/ Yoast SEO plugin. -->","yoast_head_json":{"title":"Ours en Peluche Vanillia Pudding - Charlie Bears - 2023","description":"Vous \u00eates \u00e0 la recherche d'un ours de collection pour l'ann\u00e9e 2023 ? D\u00e9couvrez sur notre site l'ours en peluche vanillia pudding de Charlie Bears","robots":{"index":"index","follow":"follow","max-snippet":"max-snippet:-1","max-image-preview":"max-image-preview:large","max-video-preview":"max-video-preview:-1"},"canonical":"https:\/\/marielleaupaysdesours.fr\/index.php\/product\/ours-en-peluche-vanillia-pudding-charlie-bears-collection-2023\/","og_locale":"fr_FR","og_type":"article","og_title":"Ours en Peluche Vanillia Pudding - Charlie Bears - 2023","og_description":"Vous \u00eates \u00e0 la recherche d'un ours de collection pour l'ann\u00e9e 2023 ? D\u00e9couvrez sur notre site l'ours en peluche vanillia pudding de Charlie Bears","og_url":"https:\/\/marielleaupaysdesours.fr\/index.php\/product\/ours-en-peluche-vanillia-pudding-charlie-bears-collection-2023\/","og_site_name":"Marielle au Pays des Ours | Vente en ligne de peluches","article_modified_time":"2026-02-25T06:43:15+00:00","og_image":[{"width":540,"height":592,"url":"https:\/\/marielleaupaysdesours.fr\/wp-content\/uploads\/2024\/02\/Capture-web_11-2-2024_16445_www.charliebears.com_.jpeg","type":"image\/jpeg"}],"twitter_card":"summary_large_image","twitter_misc":{"Dur\u00e9e de lecture estim\u00e9e":"2 minutes"},"schema":{"@context":"https:\/\/schema.org","@graph":[{"@type":"WebPage","@id":"https:\/\/marielleaupaysdesours.fr\/index.php\/product\/ours-en-peluche-vanillia-pudding-charlie-bears-collection-2023\/","url":"https:\/\/marielleaupaysdesours.fr\/index.php\/product\/ours-en-peluche-vanillia-pudding-charlie-bears-collection-2023\/","name":"Ours en Peluche Vanillia Pudding - Charlie Bears - 2023","isPartOf":{"@id":"https:\/\/marielleaupaysdesours.fr\/#website"},"primaryImageOfPage":{"@id":"https:\/\/marielleaupaysdesours.fr\/index.php\/product\/ours-en-peluche-vanillia-pudding-charlie-bears-collection-2023\/#primaryimage"},"image":{"@id":"https:\/\/marielleaupaysdesours.fr\/index.php\/product\/ours-en-peluche-vanillia-pudding-charlie-bears-collection-2023\/#primaryimage"},"thumbnailUrl":"https:\/\/marielleaupaysdesours.fr\/wp-content\/uploads\/2024\/02\/Capture-web_11-2-2024_16445_www.charliebears.com_.jpeg","datePublished":"2024-02-11T15:45:36+00:00","dateModified":"2026-02-25T06:43:15+00:00","description":"Vous \u00eates \u00e0 la recherche d'un ours de collection pour l'ann\u00e9e 2023 ? D\u00e9couvrez sur notre site l'ours en peluche vanillia pudding de Charlie Bears","breadcrumb":{"@id":"https:\/\/marielleaupaysdesours.fr\/index.php\/product\/ours-en-peluche-vanillia-pudding-charlie-bears-collection-2023\/#breadcrumb"},"inLanguage":"fr-FR","potentialAction":[{"@type":"ReadAction","target":["https:\/\/marielleaupaysdesours.fr\/index.php\/product\/ours-en-peluche-vanillia-pudding-charlie-bears-collection-2023\/"]}]},{"@type":"ImageObject","inLanguage":"fr-FR","@id":"https:\/\/marielleaupaysdesours.fr\/index.php\/product\/ours-en-peluche-vanillia-pudding-charlie-bears-collection-2023\/#primaryimage","url":"https:\/\/marielleaupaysdesours.fr\/wp-content\/uploads\/2024\/02\/Capture-web_11-2-2024_16445_www.charliebears.com_.jpeg","contentUrl":"https:\/\/marielleaupaysdesours.fr\/wp-content\/uploads\/2024\/02\/Capture-web_11-2-2024_16445_www.charliebears.com_.jpeg","width":540,"height":592,"caption":"Ours en Peluche vanillia pudding"},{"@type":"BreadcrumbList","@id":"https:\/\/marielleaupaysdesours.fr\/index.php\/product\/ours-en-peluche-vanillia-pudding-charlie-bears-collection-2023\/#breadcrumb","itemListElement":[{"@type":"ListItem","position":1,"name":"Accueil","item":"https:\/\/marielleaupaysdesours.fr\/"},{"@type":"ListItem","position":2,"name":"Shop","item":"https:\/\/marielleaupaysdesours.fr\/index.php\/shop\/"},{"@type":"ListItem","position":3,"name":"Ours en Peluche Vanillia Pudding &#8211; Charlie Bears Collection 2023"}]},{"@type":"WebSite","@id":"https:\/\/marielleaupaysdesours.fr\/#website","url":"https:\/\/marielleaupaysdesours.fr\/","name":"Marielle au Pays des Ours | Vente en ligne de peluches","description":"vente en ligne de peluches","publisher":{"@id":"https:\/\/marielleaupaysdesours.fr\/#organization"},"potentialAction":[{"@type":"SearchAction","target":{"@type":"EntryPoint","urlTemplate":"https:\/\/marielleaupaysdesours.fr\/?s={search_term_string}"},"query-input":{"@type":"PropertyValueSpecification","valueRequired":true,"valueName":"search_term_string"}}],"inLanguage":"fr-FR"},{"@type":"Organization","@id":"https:\/\/marielleaupaysdesours.fr\/#organization","name":"Marielle au Pays des Ours | Vente en ligne de peluches","url":"https:\/\/marielleaupaysdesours.fr\/","logo":{"@type":"ImageObject","inLanguage":"fr-FR","@id":"https:\/\/marielleaupaysdesours.fr\/#\/schema\/logo\/image\/","url":"https:\/\/marielleaupaysdesours.fr\/wp-content\/uploads\/2020\/10\/logo-marielle-light.jpg","contentUrl":"https:\/\/marielleaupaysdesours.fr\/wp-content\/uploads\/2020\/10\/logo-marielle-light.jpg","width":500,"height":500,"caption":"Marielle au Pays des Ours | Vente en ligne de peluches"},"image":{"@id":"https:\/\/marielleaupaysdesours.fr\/#\/schema\/logo\/image\/"}}]}},"jetpack_sharing_enabled":true,"_links":{"self":[{"href":"https:\/\/marielleaupaysdesours.fr\/index.php\/wp-json\/wp\/v2\/product\/5450","targetHints":{"allow":["GET"]}}],"collection":[{"href":"https:\/\/marielleaupaysdesours.fr\/index.php\/wp-json\/wp\/v2\/product"}],"about":[{"href":"https:\/\/marielleaupaysdesours.fr\/index.php\/wp-json\/wp\/v2\/types\/product"}],"replies":[{"embeddable":true,"href":"https:\/\/marielleaupaysdesours.fr\/index.php\/wp-json\/wp\/v2\/comments?post=5450"}],"version-history":[{"count":5,"href":"https:\/\/marielleaupaysdesours.fr\/index.php\/wp-json\/wp\/v2\/product\/5450\/revisions"}],"predecessor-version":[{"id":5478,"href":"https:\/\/marielleaupaysdesours.fr\/index.php\/wp-json\/wp\/v2\/product\/5450\/revisions\/5478"}],"wp:featuredmedia":[{"embeddable":true,"href":"https:\/\/marielleaupaysdesours.fr\/index.php\/wp-json\/wp\/v2\/media\/5451"}],"wp:attachment":[{"href":"https:\/\/marielleaupaysdesours.fr\/index.php\/wp-json\/wp\/v2\/media?parent=5450"}],"wp:term":[{"taxonomy":"product_brand","embeddable":true,"href":"https:\/\/marielleaupaysdesours.fr\/index.php\/wp-json\/wp\/v2\/product_brand?post=5450"},{"taxonomy":"product_cat","embeddable":true,"href":"https:\/\/marielleaupaysdesours.fr\/index.php\/wp-json\/wp\/v2\/product_cat?post=5450"},{"taxonomy":"product_tag","embeddable":true,"href":"https:\/\/marielleaupaysdesours.fr\/index.php\/wp-json\/wp\/v2\/product_tag?post=5450"}],"curies":[{"name":"wp","href":"https:\/\/api.w.org\/{rel}","templated":true}]}}