{"id":5365,"date":"2023-12-06T22:50:27","date_gmt":"2023-12-06T21:50:27","guid":{"rendered":"https:\/\/marielleaupaysdesours.fr\/?post_type=product&#038;p=5365"},"modified":"2025-11-27T11:53:42","modified_gmt":"2025-11-27T10:53:42","slug":"dragon-en-peluche-shadow-night-charlie-bears-2023-2","status":"publish","type":"product","link":"https:\/\/marielleaupaysdesours.fr\/index.php\/product\/dragon-en-peluche-shadow-night-charlie-bears-2023-2\/","title":{"rendered":"DRAGON en Peluche SHADOW NIGHT- Charlie Bears 2023"},"content":{"rendered":"<p>Shadow Night 36cm peluche enti\u00e8rement articul\u00e9 \u00e0 collectionner b\u00e9b\u00e9 Dragon.<\/p>\n<p>Fait partie de la nouvelle collection 2023 \u00ab The Clock Tower \u00bb de Charlie Bears<\/p>\n<p>Avant les Dragons&#8230; Viennent les nouveau-n\u00e9s !! et nous savons que ceux-ci seront tr\u00e8s populaires aupr\u00e8s des collectionneurs de Charlie Bears.<\/p>\n<p>Shadow Night est le premier des deux nouveau-n\u00e9s de la collection 2023 \u00e0 arriver. Dot\u00e9 d\u2019une combinaison d\u2019un tissu en peluche doux et plumeux et d\u2019une peluche plus courte autour de son ventre, de sa t\u00eate et de ses jambes. Complet avec de petites cornes et des ailes.<\/p>\n<p>Pour nos collectionneurs qui aiment les accords, gardez un \u0153il sur \u00ab Storm Chaser \u00bb qui n\u2019est pas encore arriv\u00e9.<\/p>\n<p>Les ours et les cr\u00e9ations en peluches connaissent un v\u00e9ritable succ\u00e8s dans le monde merveilleux des peluches pour leur qualit\u00e9 de fabrication mais aussi pour l\u2019expression unique de leur minois, leur regard profond et expressif, ce qui fait que chaque peluche et unique et attachante. Ces peluches d\u2019exception se d\u00e9clinent en 4 superbes collections, toutes cr\u00e9\u00e9es par Charlotte Morris (dit Charlie).<\/p>\n<p>Ainsi, il y a toujours de la place pour un ours de plus !<\/p>\n","protected":false},"excerpt":{"rendered":"<p>Les ours en peluches de Charlie Bears sont tr\u00e8s connus dans le monde merveilleux des peluches pour leur qualit\u00e9 de fabrication mais aussi pour l\u2019expression unique de leur minois, leur regard profond et expressif, ce qui fait que chaque peluche et unique et attachante. Ces peluches d\u2019exception se d\u00e9clinent en 4 superbes collections, toutes cr\u00e9\u00e9es par Charlotte Morris (dit Charlie).<br \/>\nVoici SHADOW NIGHT un magnifique DRAGON de la collection  original pour 2023<br \/>\n&#8230;. Il y a toujours de la place pour un ours de plus!<\/p>\n","protected":false},"featured_media":5363,"comment_status":"closed","ping_status":"closed","template":"","meta":{"_monsterinsights_skip_tracking":false,"_monsterinsights_sitenote_active":false,"_monsterinsights_sitenote_note":"","_monsterinsights_sitenote_category":0,"site-sidebar-layout":"default","site-content-layout":"default","ast-site-content-layout":"default","site-content-style":"default","site-sidebar-style":"default","ast-global-header-display":"","ast-banner-title-visibility":"","ast-main-header-display":"","ast-hfb-above-header-display":"","ast-hfb-below-header-display":"","ast-hfb-mobile-header-display":"","site-post-title":"","ast-breadcrumbs-content":"","ast-featured-img":"","footer-sml-layout":"","ast-disable-related-posts":"","theme-transparent-header-meta":"default","adv-header-id-meta":"","stick-header-meta":"","header-above-stick-meta":"","header-main-stick-meta":"","header-below-stick-meta":"","astra-migrate-meta-layouts":"set","ast-page-background-enabled":"default","ast-page-background-meta":{"desktop":{"background-color":"","background-image":"","background-repeat":"repeat","background-position":"center center","background-size":"auto","background-attachment":"scroll","background-type":"","background-media":"","overlay-type":"","overlay-color":"","overlay-opacity":"","overlay-gradient":""},"tablet":{"background-color":"","background-image":"","background-repeat":"repeat","background-position":"center center","background-size":"auto","background-attachment":"scroll","background-type":"","background-media":"","overlay-type":"","overlay-color":"","overlay-opacity":"","overlay-gradient":""},"mobile":{"background-color":"","background-image":"","background-repeat":"repeat","background-position":"center center","background-size":"auto","background-attachment":"scroll","background-type":"","background-media":"","overlay-type":"","overlay-color":"","overlay-opacity":"","overlay-gradient":""}},"ast-content-background-meta":{"desktop":{"background-color":"var(--ast-global-color-5)","background-image":"","background-repeat":"repeat","background-position":"center center","background-size":"auto","background-attachment":"scroll","background-type":"","background-media":"","overlay-type":"","overlay-color":"","overlay-opacity":"","overlay-gradient":""},"tablet":{"background-color":"var(--ast-global-color-5)","background-image":"","background-repeat":"repeat","background-position":"center center","background-size":"auto","background-attachment":"scroll","background-type":"","background-media":"","overlay-type":"","overlay-color":"","overlay-opacity":"","overlay-gradient":""},"mobile":{"background-color":"var(--ast-global-color-5)","background-image":"","background-repeat":"repeat","background-position":"center center","background-size":"auto","background-attachment":"scroll","background-type":"","background-media":"","overlay-type":"","overlay-color":"","overlay-opacity":"","overlay-gradient":""}}},"product_brand":[],"product_cat":[56,42,30,29],"product_tag":[],"class_list":{"0":"post-5365","1":"product","2":"type-product","3":"status-publish","4":"has-post-thumbnail","6":"product_cat-animaux-de-la-foret","7":"product_cat-charlie-bears-peluches-collection","8":"product_cat-ours","9":"product_cat-collection","10":"product_shipping_class-peluches-grande-taille","11":"desktop-align-center","12":"tablet-align-left","13":"mobile-align-left","15":"first","16":"instock","17":"sale","18":"shipping-taxable","19":"purchasable","20":"product-type-simple"},"yoast_head":"<!-- This site is optimized with the Yoast SEO plugin v27.4 - https:\/\/yoast.com\/product\/yoast-seo-wordpress\/ -->\n<title>DRAGON en Peluche SHADOW NIGHT- Charlie Bears 2023<\/title>\n<meta name=\"description\" content=\"Voici shadow night le dragon de collection, en peluche 2023 par Charlie Bears, doux ,tendre et ,magnifique, venez le chercher sur marielleaupaysdesours.fr\" \/>\n<meta name=\"robots\" content=\"index, follow, max-snippet:-1, max-image-preview:large, max-video-preview:-1\" \/>\n<link rel=\"canonical\" href=\"https:\/\/marielleaupaysdesours.fr\/index.php\/product\/dragon-en-peluche-shadow-night-charlie-bears-2023-2\/\" \/>\n<meta property=\"og:locale\" content=\"fr_FR\" \/>\n<meta property=\"og:type\" content=\"article\" \/>\n<meta property=\"og:title\" content=\"DRAGON en Peluche SHADOW NIGHT- Charlie Bears 2023\" \/>\n<meta property=\"og:description\" content=\"Voici shadow night le dragon de collection, en peluche 2023 par Charlie Bears, doux ,tendre et ,magnifique, venez le chercher sur marielleaupaysdesours.fr\" \/>\n<meta property=\"og:url\" content=\"https:\/\/marielleaupaysdesours.fr\/index.php\/product\/dragon-en-peluche-shadow-night-charlie-bears-2023-2\/\" \/>\n<meta property=\"og:site_name\" content=\"Marielle au Pays des Ours | Vente en ligne de peluches\" \/>\n<meta property=\"article:modified_time\" content=\"2025-11-27T10:53:42+00:00\" \/>\n<meta property=\"og:image\" content=\"https:\/\/marielleaupaysdesours.fr\/wp-content\/uploads\/2023\/12\/dragon-shadow-night-peluche-charlie-bears.jpg\" \/>\n\t<meta property=\"og:image:width\" content=\"262\" \/>\n\t<meta property=\"og:image:height\" content=\"353\" \/>\n\t<meta property=\"og:image:type\" content=\"image\/jpeg\" \/>\n<meta name=\"twitter:card\" content=\"summary_large_image\" \/>\n<meta name=\"twitter:label1\" content=\"Dur\u00e9e de lecture estim\u00e9e\" \/>\n\t<meta name=\"twitter:data1\" content=\"2 minutes\" \/>\n<script type=\"application\/ld+json\" class=\"yoast-schema-graph\">{\"@context\":\"https:\\\/\\\/schema.org\",\"@graph\":[{\"@type\":\"WebPage\",\"@id\":\"https:\\\/\\\/marielleaupaysdesours.fr\\\/index.php\\\/product\\\/dragon-en-peluche-shadow-night-charlie-bears-2023-2\\\/\",\"url\":\"https:\\\/\\\/marielleaupaysdesours.fr\\\/index.php\\\/product\\\/dragon-en-peluche-shadow-night-charlie-bears-2023-2\\\/\",\"name\":\"DRAGON en Peluche SHADOW NIGHT- Charlie Bears 2023\",\"isPartOf\":{\"@id\":\"https:\\\/\\\/marielleaupaysdesours.fr\\\/#website\"},\"primaryImageOfPage\":{\"@id\":\"https:\\\/\\\/marielleaupaysdesours.fr\\\/index.php\\\/product\\\/dragon-en-peluche-shadow-night-charlie-bears-2023-2\\\/#primaryimage\"},\"image\":{\"@id\":\"https:\\\/\\\/marielleaupaysdesours.fr\\\/index.php\\\/product\\\/dragon-en-peluche-shadow-night-charlie-bears-2023-2\\\/#primaryimage\"},\"thumbnailUrl\":\"https:\\\/\\\/marielleaupaysdesours.fr\\\/wp-content\\\/uploads\\\/2023\\\/12\\\/dragon-shadow-night-peluche-charlie-bears.jpg\",\"datePublished\":\"2023-12-06T21:50:27+00:00\",\"dateModified\":\"2025-11-27T10:53:42+00:00\",\"description\":\"Voici shadow night le dragon de collection, en peluche 2023 par Charlie Bears, doux ,tendre et ,magnifique, venez le chercher sur marielleaupaysdesours.fr\",\"breadcrumb\":{\"@id\":\"https:\\\/\\\/marielleaupaysdesours.fr\\\/index.php\\\/product\\\/dragon-en-peluche-shadow-night-charlie-bears-2023-2\\\/#breadcrumb\"},\"inLanguage\":\"fr-FR\",\"potentialAction\":[{\"@type\":\"ReadAction\",\"target\":[\"https:\\\/\\\/marielleaupaysdesours.fr\\\/index.php\\\/product\\\/dragon-en-peluche-shadow-night-charlie-bears-2023-2\\\/\"]}]},{\"@type\":\"ImageObject\",\"inLanguage\":\"fr-FR\",\"@id\":\"https:\\\/\\\/marielleaupaysdesours.fr\\\/index.php\\\/product\\\/dragon-en-peluche-shadow-night-charlie-bears-2023-2\\\/#primaryimage\",\"url\":\"https:\\\/\\\/marielleaupaysdesours.fr\\\/wp-content\\\/uploads\\\/2023\\\/12\\\/dragon-shadow-night-peluche-charlie-bears.jpg\",\"contentUrl\":\"https:\\\/\\\/marielleaupaysdesours.fr\\\/wp-content\\\/uploads\\\/2023\\\/12\\\/dragon-shadow-night-peluche-charlie-bears.jpg\",\"width\":262,\"height\":353,\"caption\":\"Dragon en Peluche - SHADOW NIGHT- Charlie Bears 2023\"},{\"@type\":\"BreadcrumbList\",\"@id\":\"https:\\\/\\\/marielleaupaysdesours.fr\\\/index.php\\\/product\\\/dragon-en-peluche-shadow-night-charlie-bears-2023-2\\\/#breadcrumb\",\"itemListElement\":[{\"@type\":\"ListItem\",\"position\":1,\"name\":\"Accueil\",\"item\":\"https:\\\/\\\/marielleaupaysdesours.fr\\\/\"},{\"@type\":\"ListItem\",\"position\":2,\"name\":\"Shop\",\"item\":\"https:\\\/\\\/marielleaupaysdesours.fr\\\/index.php\\\/shop\\\/\"},{\"@type\":\"ListItem\",\"position\":3,\"name\":\"DRAGON en Peluche SHADOW NIGHT- Charlie Bears 2023\"}]},{\"@type\":\"WebSite\",\"@id\":\"https:\\\/\\\/marielleaupaysdesours.fr\\\/#website\",\"url\":\"https:\\\/\\\/marielleaupaysdesours.fr\\\/\",\"name\":\"Marielle au Pays des Ours | Vente en ligne de peluches\",\"description\":\"vente en ligne de peluches\",\"publisher\":{\"@id\":\"https:\\\/\\\/marielleaupaysdesours.fr\\\/#organization\"},\"potentialAction\":[{\"@type\":\"SearchAction\",\"target\":{\"@type\":\"EntryPoint\",\"urlTemplate\":\"https:\\\/\\\/marielleaupaysdesours.fr\\\/?s={search_term_string}\"},\"query-input\":{\"@type\":\"PropertyValueSpecification\",\"valueRequired\":true,\"valueName\":\"search_term_string\"}}],\"inLanguage\":\"fr-FR\"},{\"@type\":\"Organization\",\"@id\":\"https:\\\/\\\/marielleaupaysdesours.fr\\\/#organization\",\"name\":\"Marielle au Pays des Ours | Vente en ligne de peluches\",\"url\":\"https:\\\/\\\/marielleaupaysdesours.fr\\\/\",\"logo\":{\"@type\":\"ImageObject\",\"inLanguage\":\"fr-FR\",\"@id\":\"https:\\\/\\\/marielleaupaysdesours.fr\\\/#\\\/schema\\\/logo\\\/image\\\/\",\"url\":\"https:\\\/\\\/marielleaupaysdesours.fr\\\/wp-content\\\/uploads\\\/2020\\\/10\\\/logo-marielle-light.jpg\",\"contentUrl\":\"https:\\\/\\\/marielleaupaysdesours.fr\\\/wp-content\\\/uploads\\\/2020\\\/10\\\/logo-marielle-light.jpg\",\"width\":500,\"height\":500,\"caption\":\"Marielle au Pays des Ours | Vente en ligne de peluches\"},\"image\":{\"@id\":\"https:\\\/\\\/marielleaupaysdesours.fr\\\/#\\\/schema\\\/logo\\\/image\\\/\"}}]}<\/script>\n<!-- \/ Yoast SEO plugin. -->","yoast_head_json":{"title":"DRAGON en Peluche SHADOW NIGHT- Charlie Bears 2023","description":"Voici shadow night le dragon de collection, en peluche 2023 par Charlie Bears, doux ,tendre et ,magnifique, venez le chercher sur marielleaupaysdesours.fr","robots":{"index":"index","follow":"follow","max-snippet":"max-snippet:-1","max-image-preview":"max-image-preview:large","max-video-preview":"max-video-preview:-1"},"canonical":"https:\/\/marielleaupaysdesours.fr\/index.php\/product\/dragon-en-peluche-shadow-night-charlie-bears-2023-2\/","og_locale":"fr_FR","og_type":"article","og_title":"DRAGON en Peluche SHADOW NIGHT- Charlie Bears 2023","og_description":"Voici shadow night le dragon de collection, en peluche 2023 par Charlie Bears, doux ,tendre et ,magnifique, venez le chercher sur marielleaupaysdesours.fr","og_url":"https:\/\/marielleaupaysdesours.fr\/index.php\/product\/dragon-en-peluche-shadow-night-charlie-bears-2023-2\/","og_site_name":"Marielle au Pays des Ours | Vente en ligne de peluches","article_modified_time":"2025-11-27T10:53:42+00:00","og_image":[{"width":262,"height":353,"url":"https:\/\/marielleaupaysdesours.fr\/wp-content\/uploads\/2023\/12\/dragon-shadow-night-peluche-charlie-bears.jpg","type":"image\/jpeg"}],"twitter_card":"summary_large_image","twitter_misc":{"Dur\u00e9e de lecture estim\u00e9e":"2 minutes"},"schema":{"@context":"https:\/\/schema.org","@graph":[{"@type":"WebPage","@id":"https:\/\/marielleaupaysdesours.fr\/index.php\/product\/dragon-en-peluche-shadow-night-charlie-bears-2023-2\/","url":"https:\/\/marielleaupaysdesours.fr\/index.php\/product\/dragon-en-peluche-shadow-night-charlie-bears-2023-2\/","name":"DRAGON en Peluche SHADOW NIGHT- Charlie Bears 2023","isPartOf":{"@id":"https:\/\/marielleaupaysdesours.fr\/#website"},"primaryImageOfPage":{"@id":"https:\/\/marielleaupaysdesours.fr\/index.php\/product\/dragon-en-peluche-shadow-night-charlie-bears-2023-2\/#primaryimage"},"image":{"@id":"https:\/\/marielleaupaysdesours.fr\/index.php\/product\/dragon-en-peluche-shadow-night-charlie-bears-2023-2\/#primaryimage"},"thumbnailUrl":"https:\/\/marielleaupaysdesours.fr\/wp-content\/uploads\/2023\/12\/dragon-shadow-night-peluche-charlie-bears.jpg","datePublished":"2023-12-06T21:50:27+00:00","dateModified":"2025-11-27T10:53:42+00:00","description":"Voici shadow night le dragon de collection, en peluche 2023 par Charlie Bears, doux ,tendre et ,magnifique, venez le chercher sur marielleaupaysdesours.fr","breadcrumb":{"@id":"https:\/\/marielleaupaysdesours.fr\/index.php\/product\/dragon-en-peluche-shadow-night-charlie-bears-2023-2\/#breadcrumb"},"inLanguage":"fr-FR","potentialAction":[{"@type":"ReadAction","target":["https:\/\/marielleaupaysdesours.fr\/index.php\/product\/dragon-en-peluche-shadow-night-charlie-bears-2023-2\/"]}]},{"@type":"ImageObject","inLanguage":"fr-FR","@id":"https:\/\/marielleaupaysdesours.fr\/index.php\/product\/dragon-en-peluche-shadow-night-charlie-bears-2023-2\/#primaryimage","url":"https:\/\/marielleaupaysdesours.fr\/wp-content\/uploads\/2023\/12\/dragon-shadow-night-peluche-charlie-bears.jpg","contentUrl":"https:\/\/marielleaupaysdesours.fr\/wp-content\/uploads\/2023\/12\/dragon-shadow-night-peluche-charlie-bears.jpg","width":262,"height":353,"caption":"Dragon en Peluche - SHADOW NIGHT- Charlie Bears 2023"},{"@type":"BreadcrumbList","@id":"https:\/\/marielleaupaysdesours.fr\/index.php\/product\/dragon-en-peluche-shadow-night-charlie-bears-2023-2\/#breadcrumb","itemListElement":[{"@type":"ListItem","position":1,"name":"Accueil","item":"https:\/\/marielleaupaysdesours.fr\/"},{"@type":"ListItem","position":2,"name":"Shop","item":"https:\/\/marielleaupaysdesours.fr\/index.php\/shop\/"},{"@type":"ListItem","position":3,"name":"DRAGON en Peluche SHADOW NIGHT- Charlie Bears 2023"}]},{"@type":"WebSite","@id":"https:\/\/marielleaupaysdesours.fr\/#website","url":"https:\/\/marielleaupaysdesours.fr\/","name":"Marielle au Pays des Ours | Vente en ligne de peluches","description":"vente en ligne de peluches","publisher":{"@id":"https:\/\/marielleaupaysdesours.fr\/#organization"},"potentialAction":[{"@type":"SearchAction","target":{"@type":"EntryPoint","urlTemplate":"https:\/\/marielleaupaysdesours.fr\/?s={search_term_string}"},"query-input":{"@type":"PropertyValueSpecification","valueRequired":true,"valueName":"search_term_string"}}],"inLanguage":"fr-FR"},{"@type":"Organization","@id":"https:\/\/marielleaupaysdesours.fr\/#organization","name":"Marielle au Pays des Ours | Vente en ligne de peluches","url":"https:\/\/marielleaupaysdesours.fr\/","logo":{"@type":"ImageObject","inLanguage":"fr-FR","@id":"https:\/\/marielleaupaysdesours.fr\/#\/schema\/logo\/image\/","url":"https:\/\/marielleaupaysdesours.fr\/wp-content\/uploads\/2020\/10\/logo-marielle-light.jpg","contentUrl":"https:\/\/marielleaupaysdesours.fr\/wp-content\/uploads\/2020\/10\/logo-marielle-light.jpg","width":500,"height":500,"caption":"Marielle au Pays des Ours | Vente en ligne de peluches"},"image":{"@id":"https:\/\/marielleaupaysdesours.fr\/#\/schema\/logo\/image\/"}}]}},"jetpack_sharing_enabled":true,"_links":{"self":[{"href":"https:\/\/marielleaupaysdesours.fr\/index.php\/wp-json\/wp\/v2\/product\/5365","targetHints":{"allow":["GET"]}}],"collection":[{"href":"https:\/\/marielleaupaysdesours.fr\/index.php\/wp-json\/wp\/v2\/product"}],"about":[{"href":"https:\/\/marielleaupaysdesours.fr\/index.php\/wp-json\/wp\/v2\/types\/product"}],"replies":[{"embeddable":true,"href":"https:\/\/marielleaupaysdesours.fr\/index.php\/wp-json\/wp\/v2\/comments?post=5365"}],"version-history":[{"count":1,"href":"https:\/\/marielleaupaysdesours.fr\/index.php\/wp-json\/wp\/v2\/product\/5365\/revisions"}],"predecessor-version":[{"id":5480,"href":"https:\/\/marielleaupaysdesours.fr\/index.php\/wp-json\/wp\/v2\/product\/5365\/revisions\/5480"}],"wp:featuredmedia":[{"embeddable":true,"href":"https:\/\/marielleaupaysdesours.fr\/index.php\/wp-json\/wp\/v2\/media\/5363"}],"wp:attachment":[{"href":"https:\/\/marielleaupaysdesours.fr\/index.php\/wp-json\/wp\/v2\/media?parent=5365"}],"wp:term":[{"taxonomy":"product_brand","embeddable":true,"href":"https:\/\/marielleaupaysdesours.fr\/index.php\/wp-json\/wp\/v2\/product_brand?post=5365"},{"taxonomy":"product_cat","embeddable":true,"href":"https:\/\/marielleaupaysdesours.fr\/index.php\/wp-json\/wp\/v2\/product_cat?post=5365"},{"taxonomy":"product_tag","embeddable":true,"href":"https:\/\/marielleaupaysdesours.fr\/index.php\/wp-json\/wp\/v2\/product_tag?post=5365"}],"curies":[{"name":"wp","href":"https:\/\/api.w.org\/{rel}","templated":true}]}}