{"id":5322,"date":"2023-11-21T13:11:26","date_gmt":"2023-11-21T12:11:26","guid":{"rendered":"https:\/\/marielleaupaysdesours.fr\/?post_type=product&#038;p=5322"},"modified":"2026-01-04T13:23:58","modified_gmt":"2026-01-04T12:23:58","slug":"kaspars_et_sweeatheart_-en-peluche-bukowski-40-cm","status":"publish","type":"product","link":"https:\/\/marielleaupaysdesours.fr\/index.php\/product\/kaspars_et_sweeatheart_-en-peluche-bukowski-40-cm\/","title":{"rendered":"KASPARS  OURS EN PELUCHE  BUKOWSKI 40cm"},"content":{"rendered":"<p>Les ours et les animaux des cr\u00e9ations de Bukowski sont incroyable de part de leur belle qualit\u00e9 de peluche et de leur grande douceur. Barbara Bukowski, la cr\u00e9atrice s&rsquo;inspire des personnages de sa proche famille et de son entourage pour donner vie \u00e0 ces merveilleuses peluches, boules de poils pour de tendres c\u00e2lins, ils sont absolument craquants.<\/p>\n<p> Kaspars et sweetheart sont  deux ours couleur miel au toucher tr\u00e8s doux &#8230; D&rsquo;adorable<br \/>\n boules de poils de 40 cm.<\/p>\n<p>Laver \u00e0 30\u00b0<\/p>\n<p>A partir de 6 mois<\/p>\n<p>Norme CE<\/p>\n","protected":false},"excerpt":{"rendered":"<p>Kaspars et sweatheart sont deux magnifiques ours en peluche, Kaspars porte un joli peignoir blanc et de superbes chaussons en \u00e9ponge et Sweeatheart porte un peignoir \u00e9galement et des chaussons en \u00e9ponge, mais aussi un bandeau sur la t\u00eate de la m\u00eame couleur accroch\u00e9 \u00e0 ses tendres oreilles,\u00a0 ils sont ultra doux, tendres et c\u00e2lins et s&#8217;emportent partout. Ils ont de petits yeux noir ainsi qu&rsquo;un petit nez cousu \u00e0 la main . Ils  sont superbe. Leurs taille en fait LE DOUDOU id\u00e9al pour c\u00e2liner et emporter partout. Cr\u00e9er par Barbara Bukowski, ces peluches sont comme tout les oursons et cr\u00e9ations Bukowski, fabriqu\u00e9e \u00e0 partir de fibres de peluches de grande qualit\u00e9, elle poss\u00e8de toutes les normes de s\u00e9curit\u00e9s pour les nourrissons.<br \/>\nSon pelage est extr\u00eamement doux, son petit ventre rond est tendre, id\u00e9ales pour l&rsquo;endormissement des plus petits.<\/p>\n<p>Convient aux enfants de 6 mois<\/p>\n","protected":false},"featured_media":5323,"comment_status":"open","ping_status":"closed","template":"","meta":{"_monsterinsights_skip_tracking":false,"_monsterinsights_sitenote_active":false,"_monsterinsights_sitenote_note":"","_monsterinsights_sitenote_category":0,"site-sidebar-layout":"default","site-content-layout":"default","ast-site-content-layout":"default","site-content-style":"default","site-sidebar-style":"default","ast-global-header-display":"","ast-banner-title-visibility":"","ast-main-header-display":"","ast-hfb-above-header-display":"","ast-hfb-below-header-display":"","ast-hfb-mobile-header-display":"","site-post-title":"","ast-breadcrumbs-content":"","ast-featured-img":"","footer-sml-layout":"","ast-disable-related-posts":"","theme-transparent-header-meta":"default","adv-header-id-meta":"","stick-header-meta":"","header-above-stick-meta":"","header-main-stick-meta":"","header-below-stick-meta":"","astra-migrate-meta-layouts":"set","ast-page-background-enabled":"default","ast-page-background-meta":{"desktop":{"background-color":"","background-image":"","background-repeat":"repeat","background-position":"center center","background-size":"auto","background-attachment":"scroll","background-type":"","background-media":"","overlay-type":"","overlay-color":"","overlay-opacity":"","overlay-gradient":""},"tablet":{"background-color":"","background-image":"","background-repeat":"repeat","background-position":"center center","background-size":"auto","background-attachment":"scroll","background-type":"","background-media":"","overlay-type":"","overlay-color":"","overlay-opacity":"","overlay-gradient":""},"mobile":{"background-color":"","background-image":"","background-repeat":"repeat","background-position":"center center","background-size":"auto","background-attachment":"scroll","background-type":"","background-media":"","overlay-type":"","overlay-color":"","overlay-opacity":"","overlay-gradient":""}},"ast-content-background-meta":{"desktop":{"background-color":"var(--ast-global-color-5)","background-image":"","background-repeat":"repeat","background-position":"center center","background-size":"auto","background-attachment":"scroll","background-type":"","background-media":"","overlay-type":"","overlay-color":"","overlay-opacity":"","overlay-gradient":""},"tablet":{"background-color":"var(--ast-global-color-5)","background-image":"","background-repeat":"repeat","background-position":"center center","background-size":"auto","background-attachment":"scroll","background-type":"","background-media":"","overlay-type":"","overlay-color":"","overlay-opacity":"","overlay-gradient":""},"mobile":{"background-color":"var(--ast-global-color-5)","background-image":"","background-repeat":"repeat","background-position":"center center","background-size":"auto","background-attachment":"scroll","background-type":"","background-media":"","overlay-type":"","overlay-color":"","overlay-opacity":"","overlay-gradient":""}}},"product_brand":[],"product_cat":[60,41,44,57,37,30,28],"product_tag":[],"class_list":{"0":"post-5322","1":"product","2":"type-product","3":"status-publish","4":"has-post-thumbnail","6":"product_cat-animaux-sauvages","7":"product_cat-bukowski","8":"product_cat-cadeaux-de-naissance","9":"product_cat-foret","10":"product_cat-lapin","11":"product_cat-ours","12":"product_cat-peluches","13":"product_shipping_class-expedition-intermediaire","14":"desktop-align-center","15":"tablet-align-left","16":"mobile-align-left","18":"first","19":"outofstock","20":"shipping-taxable","21":"purchasable","22":"product-type-simple"},"yoast_head":"<!-- This site is optimized with the Yoast SEO plugin v27.3 - https:\/\/yoast.com\/product\/yoast-seo-wordpress\/ -->\n<title>KASPARS OURS EN PELUCHE BUKOWSKI 40cm - Marielle au Pays des Ours | Vente en ligne de peluches<\/title>\n<meta name=\"description\" content=\"vous \u00eates a la recherche du plus adorable des oursons voici kaspars et sweeatheart en peignoir, venez le chercher sur marielleaupaysdesours.fr\" \/>\n<meta name=\"robots\" content=\"index, follow, max-snippet:-1, max-image-preview:large, max-video-preview:-1\" \/>\n<link rel=\"canonical\" href=\"https:\/\/marielleaupaysdesours.fr\/index.php\/product\/kaspars_et_sweeatheart_-en-peluche-bukowski-40-cm\/\" \/>\n<meta property=\"og:locale\" content=\"fr_FR\" \/>\n<meta property=\"og:type\" content=\"article\" \/>\n<meta property=\"og:title\" content=\"KASPARS OURS EN PELUCHE BUKOWSKI 40cm - Marielle au Pays des Ours | Vente en ligne de peluches\" \/>\n<meta property=\"og:description\" content=\"vous \u00eates a la recherche du plus adorable des oursons voici kaspars et sweeatheart en peignoir, venez le chercher sur marielleaupaysdesours.fr\" \/>\n<meta property=\"og:url\" content=\"https:\/\/marielleaupaysdesours.fr\/index.php\/product\/kaspars_et_sweeatheart_-en-peluche-bukowski-40-cm\/\" \/>\n<meta property=\"og:site_name\" content=\"Marielle au Pays des Ours | Vente en ligne de peluches\" \/>\n<meta property=\"article:modified_time\" content=\"2026-01-04T12:23:58+00:00\" \/>\n<meta property=\"og:image\" content=\"https:\/\/marielleaupaysdesours.fr\/wp-content\/uploads\/2023\/11\/Kaspars-et-sweatheart-35-cm.webp\" \/>\n\t<meta property=\"og:image:width\" content=\"767\" \/>\n\t<meta property=\"og:image:height\" content=\"917\" \/>\n\t<meta property=\"og:image:type\" content=\"image\/webp\" \/>\n<meta name=\"twitter:card\" content=\"summary_large_image\" \/>\n<meta name=\"twitter:label1\" content=\"Dur\u00e9e de lecture estim\u00e9e\" \/>\n\t<meta name=\"twitter:data1\" content=\"1 minute\" \/>\n<script type=\"application\/ld+json\" class=\"yoast-schema-graph\">{\"@context\":\"https:\\\/\\\/schema.org\",\"@graph\":[{\"@type\":\"WebPage\",\"@id\":\"https:\\\/\\\/marielleaupaysdesours.fr\\\/index.php\\\/product\\\/kaspars_et_sweeatheart_-en-peluche-bukowski-40-cm\\\/\",\"url\":\"https:\\\/\\\/marielleaupaysdesours.fr\\\/index.php\\\/product\\\/kaspars_et_sweeatheart_-en-peluche-bukowski-40-cm\\\/\",\"name\":\"KASPARS OURS EN PELUCHE BUKOWSKI 40cm - Marielle au Pays des Ours | Vente en ligne de peluches\",\"isPartOf\":{\"@id\":\"https:\\\/\\\/marielleaupaysdesours.fr\\\/#website\"},\"primaryImageOfPage\":{\"@id\":\"https:\\\/\\\/marielleaupaysdesours.fr\\\/index.php\\\/product\\\/kaspars_et_sweeatheart_-en-peluche-bukowski-40-cm\\\/#primaryimage\"},\"image\":{\"@id\":\"https:\\\/\\\/marielleaupaysdesours.fr\\\/index.php\\\/product\\\/kaspars_et_sweeatheart_-en-peluche-bukowski-40-cm\\\/#primaryimage\"},\"thumbnailUrl\":\"https:\\\/\\\/marielleaupaysdesours.fr\\\/wp-content\\\/uploads\\\/2023\\\/11\\\/Kaspars-et-sweatheart-35-cm.webp\",\"datePublished\":\"2023-11-21T12:11:26+00:00\",\"dateModified\":\"2026-01-04T12:23:58+00:00\",\"description\":\"vous \u00eates a la recherche du plus adorable des oursons voici kaspars et sweeatheart en peignoir, venez le chercher sur marielleaupaysdesours.fr\",\"breadcrumb\":{\"@id\":\"https:\\\/\\\/marielleaupaysdesours.fr\\\/index.php\\\/product\\\/kaspars_et_sweeatheart_-en-peluche-bukowski-40-cm\\\/#breadcrumb\"},\"inLanguage\":\"fr-FR\",\"potentialAction\":[{\"@type\":\"ReadAction\",\"target\":[\"https:\\\/\\\/marielleaupaysdesours.fr\\\/index.php\\\/product\\\/kaspars_et_sweeatheart_-en-peluche-bukowski-40-cm\\\/\"]}]},{\"@type\":\"ImageObject\",\"inLanguage\":\"fr-FR\",\"@id\":\"https:\\\/\\\/marielleaupaysdesours.fr\\\/index.php\\\/product\\\/kaspars_et_sweeatheart_-en-peluche-bukowski-40-cm\\\/#primaryimage\",\"url\":\"https:\\\/\\\/marielleaupaysdesours.fr\\\/wp-content\\\/uploads\\\/2023\\\/11\\\/Kaspars-et-sweatheart-35-cm.webp\",\"contentUrl\":\"https:\\\/\\\/marielleaupaysdesours.fr\\\/wp-content\\\/uploads\\\/2023\\\/11\\\/Kaspars-et-sweatheart-35-cm.webp\",\"width\":767,\"height\":917,\"caption\":\"Ours en peluche KASPARS & SWEATHEART - BUKOWSKI - 40cm\"},{\"@type\":\"BreadcrumbList\",\"@id\":\"https:\\\/\\\/marielleaupaysdesours.fr\\\/index.php\\\/product\\\/kaspars_et_sweeatheart_-en-peluche-bukowski-40-cm\\\/#breadcrumb\",\"itemListElement\":[{\"@type\":\"ListItem\",\"position\":1,\"name\":\"Accueil\",\"item\":\"https:\\\/\\\/marielleaupaysdesours.fr\\\/\"},{\"@type\":\"ListItem\",\"position\":2,\"name\":\"Shop\",\"item\":\"https:\\\/\\\/marielleaupaysdesours.fr\\\/index.php\\\/shop\\\/\"},{\"@type\":\"ListItem\",\"position\":3,\"name\":\"KASPARS OURS EN PELUCHE BUKOWSKI 40cm\"}]},{\"@type\":\"WebSite\",\"@id\":\"https:\\\/\\\/marielleaupaysdesours.fr\\\/#website\",\"url\":\"https:\\\/\\\/marielleaupaysdesours.fr\\\/\",\"name\":\"Marielle au Pays des Ours | Vente en ligne de peluches\",\"description\":\"vente en ligne de peluches\",\"publisher\":{\"@id\":\"https:\\\/\\\/marielleaupaysdesours.fr\\\/#organization\"},\"potentialAction\":[{\"@type\":\"SearchAction\",\"target\":{\"@type\":\"EntryPoint\",\"urlTemplate\":\"https:\\\/\\\/marielleaupaysdesours.fr\\\/?s={search_term_string}\"},\"query-input\":{\"@type\":\"PropertyValueSpecification\",\"valueRequired\":true,\"valueName\":\"search_term_string\"}}],\"inLanguage\":\"fr-FR\"},{\"@type\":\"Organization\",\"@id\":\"https:\\\/\\\/marielleaupaysdesours.fr\\\/#organization\",\"name\":\"Marielle au Pays des Ours | Vente en ligne de peluches\",\"url\":\"https:\\\/\\\/marielleaupaysdesours.fr\\\/\",\"logo\":{\"@type\":\"ImageObject\",\"inLanguage\":\"fr-FR\",\"@id\":\"https:\\\/\\\/marielleaupaysdesours.fr\\\/#\\\/schema\\\/logo\\\/image\\\/\",\"url\":\"https:\\\/\\\/marielleaupaysdesours.fr\\\/wp-content\\\/uploads\\\/2020\\\/10\\\/logo-marielle-light.jpg\",\"contentUrl\":\"https:\\\/\\\/marielleaupaysdesours.fr\\\/wp-content\\\/uploads\\\/2020\\\/10\\\/logo-marielle-light.jpg\",\"width\":500,\"height\":500,\"caption\":\"Marielle au Pays des Ours | Vente en ligne de peluches\"},\"image\":{\"@id\":\"https:\\\/\\\/marielleaupaysdesours.fr\\\/#\\\/schema\\\/logo\\\/image\\\/\"}}]}<\/script>\n<!-- \/ Yoast SEO plugin. -->","yoast_head_json":{"title":"KASPARS OURS EN PELUCHE BUKOWSKI 40cm - Marielle au Pays des Ours | Vente en ligne de peluches","description":"vous \u00eates a la recherche du plus adorable des oursons voici kaspars et sweeatheart en peignoir, venez le chercher sur marielleaupaysdesours.fr","robots":{"index":"index","follow":"follow","max-snippet":"max-snippet:-1","max-image-preview":"max-image-preview:large","max-video-preview":"max-video-preview:-1"},"canonical":"https:\/\/marielleaupaysdesours.fr\/index.php\/product\/kaspars_et_sweeatheart_-en-peluche-bukowski-40-cm\/","og_locale":"fr_FR","og_type":"article","og_title":"KASPARS OURS EN PELUCHE BUKOWSKI 40cm - Marielle au Pays des Ours | Vente en ligne de peluches","og_description":"vous \u00eates a la recherche du plus adorable des oursons voici kaspars et sweeatheart en peignoir, venez le chercher sur marielleaupaysdesours.fr","og_url":"https:\/\/marielleaupaysdesours.fr\/index.php\/product\/kaspars_et_sweeatheart_-en-peluche-bukowski-40-cm\/","og_site_name":"Marielle au Pays des Ours | Vente en ligne de peluches","article_modified_time":"2026-01-04T12:23:58+00:00","og_image":[{"width":767,"height":917,"url":"https:\/\/marielleaupaysdesours.fr\/wp-content\/uploads\/2023\/11\/Kaspars-et-sweatheart-35-cm.webp","type":"image\/webp"}],"twitter_card":"summary_large_image","twitter_misc":{"Dur\u00e9e de lecture estim\u00e9e":"1 minute"},"schema":{"@context":"https:\/\/schema.org","@graph":[{"@type":"WebPage","@id":"https:\/\/marielleaupaysdesours.fr\/index.php\/product\/kaspars_et_sweeatheart_-en-peluche-bukowski-40-cm\/","url":"https:\/\/marielleaupaysdesours.fr\/index.php\/product\/kaspars_et_sweeatheart_-en-peluche-bukowski-40-cm\/","name":"KASPARS OURS EN PELUCHE BUKOWSKI 40cm - Marielle au Pays des Ours | Vente en ligne de peluches","isPartOf":{"@id":"https:\/\/marielleaupaysdesours.fr\/#website"},"primaryImageOfPage":{"@id":"https:\/\/marielleaupaysdesours.fr\/index.php\/product\/kaspars_et_sweeatheart_-en-peluche-bukowski-40-cm\/#primaryimage"},"image":{"@id":"https:\/\/marielleaupaysdesours.fr\/index.php\/product\/kaspars_et_sweeatheart_-en-peluche-bukowski-40-cm\/#primaryimage"},"thumbnailUrl":"https:\/\/marielleaupaysdesours.fr\/wp-content\/uploads\/2023\/11\/Kaspars-et-sweatheart-35-cm.webp","datePublished":"2023-11-21T12:11:26+00:00","dateModified":"2026-01-04T12:23:58+00:00","description":"vous \u00eates a la recherche du plus adorable des oursons voici kaspars et sweeatheart en peignoir, venez le chercher sur marielleaupaysdesours.fr","breadcrumb":{"@id":"https:\/\/marielleaupaysdesours.fr\/index.php\/product\/kaspars_et_sweeatheart_-en-peluche-bukowski-40-cm\/#breadcrumb"},"inLanguage":"fr-FR","potentialAction":[{"@type":"ReadAction","target":["https:\/\/marielleaupaysdesours.fr\/index.php\/product\/kaspars_et_sweeatheart_-en-peluche-bukowski-40-cm\/"]}]},{"@type":"ImageObject","inLanguage":"fr-FR","@id":"https:\/\/marielleaupaysdesours.fr\/index.php\/product\/kaspars_et_sweeatheart_-en-peluche-bukowski-40-cm\/#primaryimage","url":"https:\/\/marielleaupaysdesours.fr\/wp-content\/uploads\/2023\/11\/Kaspars-et-sweatheart-35-cm.webp","contentUrl":"https:\/\/marielleaupaysdesours.fr\/wp-content\/uploads\/2023\/11\/Kaspars-et-sweatheart-35-cm.webp","width":767,"height":917,"caption":"Ours en peluche KASPARS & SWEATHEART - BUKOWSKI - 40cm"},{"@type":"BreadcrumbList","@id":"https:\/\/marielleaupaysdesours.fr\/index.php\/product\/kaspars_et_sweeatheart_-en-peluche-bukowski-40-cm\/#breadcrumb","itemListElement":[{"@type":"ListItem","position":1,"name":"Accueil","item":"https:\/\/marielleaupaysdesours.fr\/"},{"@type":"ListItem","position":2,"name":"Shop","item":"https:\/\/marielleaupaysdesours.fr\/index.php\/shop\/"},{"@type":"ListItem","position":3,"name":"KASPARS OURS EN PELUCHE BUKOWSKI 40cm"}]},{"@type":"WebSite","@id":"https:\/\/marielleaupaysdesours.fr\/#website","url":"https:\/\/marielleaupaysdesours.fr\/","name":"Marielle au Pays des Ours | Vente en ligne de peluches","description":"vente en ligne de peluches","publisher":{"@id":"https:\/\/marielleaupaysdesours.fr\/#organization"},"potentialAction":[{"@type":"SearchAction","target":{"@type":"EntryPoint","urlTemplate":"https:\/\/marielleaupaysdesours.fr\/?s={search_term_string}"},"query-input":{"@type":"PropertyValueSpecification","valueRequired":true,"valueName":"search_term_string"}}],"inLanguage":"fr-FR"},{"@type":"Organization","@id":"https:\/\/marielleaupaysdesours.fr\/#organization","name":"Marielle au Pays des Ours | Vente en ligne de peluches","url":"https:\/\/marielleaupaysdesours.fr\/","logo":{"@type":"ImageObject","inLanguage":"fr-FR","@id":"https:\/\/marielleaupaysdesours.fr\/#\/schema\/logo\/image\/","url":"https:\/\/marielleaupaysdesours.fr\/wp-content\/uploads\/2020\/10\/logo-marielle-light.jpg","contentUrl":"https:\/\/marielleaupaysdesours.fr\/wp-content\/uploads\/2020\/10\/logo-marielle-light.jpg","width":500,"height":500,"caption":"Marielle au Pays des Ours | Vente en ligne de peluches"},"image":{"@id":"https:\/\/marielleaupaysdesours.fr\/#\/schema\/logo\/image\/"}}]}},"jetpack_sharing_enabled":true,"_links":{"self":[{"href":"https:\/\/marielleaupaysdesours.fr\/index.php\/wp-json\/wp\/v2\/product\/5322","targetHints":{"allow":["GET"]}}],"collection":[{"href":"https:\/\/marielleaupaysdesours.fr\/index.php\/wp-json\/wp\/v2\/product"}],"about":[{"href":"https:\/\/marielleaupaysdesours.fr\/index.php\/wp-json\/wp\/v2\/types\/product"}],"replies":[{"embeddable":true,"href":"https:\/\/marielleaupaysdesours.fr\/index.php\/wp-json\/wp\/v2\/comments?post=5322"}],"version-history":[{"count":2,"href":"https:\/\/marielleaupaysdesours.fr\/index.php\/wp-json\/wp\/v2\/product\/5322\/revisions"}],"predecessor-version":[{"id":5327,"href":"https:\/\/marielleaupaysdesours.fr\/index.php\/wp-json\/wp\/v2\/product\/5322\/revisions\/5327"}],"wp:featuredmedia":[{"embeddable":true,"href":"https:\/\/marielleaupaysdesours.fr\/index.php\/wp-json\/wp\/v2\/media\/5323"}],"wp:attachment":[{"href":"https:\/\/marielleaupaysdesours.fr\/index.php\/wp-json\/wp\/v2\/media?parent=5322"}],"wp:term":[{"taxonomy":"product_brand","embeddable":true,"href":"https:\/\/marielleaupaysdesours.fr\/index.php\/wp-json\/wp\/v2\/product_brand?post=5322"},{"taxonomy":"product_cat","embeddable":true,"href":"https:\/\/marielleaupaysdesours.fr\/index.php\/wp-json\/wp\/v2\/product_cat?post=5322"},{"taxonomy":"product_tag","embeddable":true,"href":"https:\/\/marielleaupaysdesours.fr\/index.php\/wp-json\/wp\/v2\/product_tag?post=5322"}],"curies":[{"name":"wp","href":"https:\/\/api.w.org\/{rel}","templated":true}]}}