{"id":5287,"date":"2023-11-10T14:27:30","date_gmt":"2023-11-10T13:27:30","guid":{"rendered":"https:\/\/marielleaupaysdesours.fr\/?post_type=product&#038;p=5287"},"modified":"2025-10-06T15:27:16","modified_gmt":"2025-10-06T13:27:16","slug":"lou-lours-francais-par-mailou-35-cm-blanc","status":"publish","type":"product","link":"https:\/\/marielleaupaysdesours.fr\/index.php\/product\/lou-lours-francais-par-mailou-35-cm-blanc\/","title":{"rendered":"LOU L&rsquo;OURS FRANCAIS PAR MAILOU 35 CM BLANc"},"content":{"rendered":"<p>L\u2019ours Fran\u00e7ais, Ours en peluche beige Lou est une pi\u00e8ce unique con\u00e7ue et fa\u00e7onn\u00e9e les Ateliers de cr\u00e9ation  et de fabrication de peluches d\u2019exception Mailou. Un ours traditionnel \u00e9l\u00e9gant, qui orn\u00e9 de son ruban tricolore, refl\u00e8te ses origines : \u00ab Le chic \u00e0 la Fran\u00e7aise&#8230;<\/p>\n","protected":false},"excerpt":{"rendered":"<p>L\u2019ours Fran\u00e7ais, Ours en peluche blanc Lou est une pi\u00e8ce unique con\u00e7ue et fa\u00e7onn\u00e9e dans les Atelier de cr\u00e9ation et de fabrication de peluches d\u2019exception Mailou. Un ours traditionnel \u00e9l\u00e9gant, qui orn\u00e9 de son ruban tricolore, refl\u00e8te ses origines : \u00ab Le chic \u00e0 la Fran\u00e7aise \u00bb. Fabriqu\u00e9 \u00e0 la main les ateliers de la Guerche -de Bretagne, chacune de ses \u00e9tapes de fabrication est ma\u00eetris\u00e9e par des couturi\u00e8res passionn\u00e9es. Son gonflant g\u00e9n\u00e9reux, son \u0153il bienveillant et son poil soyeux font de lui un ours qui rassure et prot\u00e8ge. L\u2019Ours Fran\u00e7ais est assur\u00e9ment un cadeau \u00e0 offrir \u00e0 une occasion particuli\u00e8re. Il marque la grande tendresse que l\u2019on souhaite transmettre \u00e0 son heureux propri\u00e9taire !<\/p>\n<p>Peluche made in France \/ Fabriqu\u00e9 en Bretagne<br \/>\nD\u00e8s la naissance<br \/>\nColoris disponibles : Bleu \/ Blanc\/ Beige \/ Rouge<br \/>\nRuban gros grain tricolore recto verso<br \/>\nYeux billes<br \/>\nLavable \u00e0 30\u00b0, s\u00e9chage naturel ou m\u00e9canique \u00e0 basse temp\u00e9rature.<br \/>\nCertificat d\u2019authenticit\u00e9<br \/>\nTest\u00e9e par un laboratoire agr\u00e9e, conforme aux normes europ\u00e9ennes CE<br \/>\nEn stock<\/p>\n","protected":false},"featured_media":5288,"comment_status":"closed","ping_status":"closed","template":"","meta":{"_monsterinsights_skip_tracking":false,"_monsterinsights_sitenote_active":false,"_monsterinsights_sitenote_note":"","_monsterinsights_sitenote_category":0,"site-sidebar-layout":"default","site-content-layout":"","ast-site-content-layout":"default","site-content-style":"default","site-sidebar-style":"default","ast-global-header-display":"","ast-banner-title-visibility":"","ast-main-header-display":"","ast-hfb-above-header-display":"","ast-hfb-below-header-display":"","ast-hfb-mobile-header-display":"","site-post-title":"","ast-breadcrumbs-content":"","ast-featured-img":"","footer-sml-layout":"","ast-disable-related-posts":"","theme-transparent-header-meta":"default","adv-header-id-meta":"","stick-header-meta":"","header-above-stick-meta":"","header-main-stick-meta":"","header-below-stick-meta":"","astra-migrate-meta-layouts":"set","ast-page-background-enabled":"default","ast-page-background-meta":{"desktop":{"background-color":"","background-image":"","background-repeat":"repeat","background-position":"center center","background-size":"auto","background-attachment":"scroll","background-type":"","background-media":"","overlay-type":"","overlay-color":"","overlay-opacity":"","overlay-gradient":""},"tablet":{"background-color":"","background-image":"","background-repeat":"repeat","background-position":"center center","background-size":"auto","background-attachment":"scroll","background-type":"","background-media":"","overlay-type":"","overlay-color":"","overlay-opacity":"","overlay-gradient":""},"mobile":{"background-color":"","background-image":"","background-repeat":"repeat","background-position":"center center","background-size":"auto","background-attachment":"scroll","background-type":"","background-media":"","overlay-type":"","overlay-color":"","overlay-opacity":"","overlay-gradient":""}},"ast-content-background-meta":{"desktop":{"background-color":"var(--ast-global-color-5)","background-image":"","background-repeat":"repeat","background-position":"center center","background-size":"auto","background-attachment":"scroll","background-type":"","background-media":"","overlay-type":"","overlay-color":"","overlay-opacity":"","overlay-gradient":""},"tablet":{"background-color":"var(--ast-global-color-5)","background-image":"","background-repeat":"repeat","background-position":"center center","background-size":"auto","background-attachment":"scroll","background-type":"","background-media":"","overlay-type":"","overlay-color":"","overlay-opacity":"","overlay-gradient":""},"mobile":{"background-color":"var(--ast-global-color-5)","background-image":"","background-repeat":"repeat","background-position":"center center","background-size":"auto","background-attachment":"scroll","background-type":"","background-media":"","overlay-type":"","overlay-color":"","overlay-opacity":"","overlay-gradient":""}}},"product_brand":[],"product_cat":[54,58,44,34,30,29],"product_tag":[],"class_list":{"0":"post-5287","1":"product","2":"type-product","3":"status-publish","4":"has-post-thumbnail","6":"product_cat-100-100-francais","7":"product_cat-banquise","8":"product_cat-cadeaux-de-naissance","9":"product_cat-doudous","10":"product_cat-ours","11":"product_cat-collection","12":"product_shipping_class-expedition-intermediaire","13":"desktop-align-center","14":"tablet-align-left","15":"mobile-align-left","17":"first","18":"instock","19":"shipping-taxable","20":"purchasable","21":"product-type-simple"},"yoast_head":"<!-- This site is optimized with the Yoast SEO plugin v27.3 - https:\/\/yoast.com\/product\/yoast-seo-wordpress\/ -->\n<title>LOU L&#039;OURS FRANCAIS PAR MAILOU 35 CM BLANc - Marielle au Pays des Ours | Vente en ligne de peluches<\/title>\n<meta name=\"description\" content=\"vous chercher le plus doux et attendrissant des ours en peluche de fabrication fran\u00e7aise, venez le chercher sur notre site marielleaupaysdesours.fr\/\" \/>\n<meta name=\"robots\" content=\"index, follow, max-snippet:-1, max-image-preview:large, max-video-preview:-1\" \/>\n<link rel=\"canonical\" href=\"https:\/\/marielleaupaysdesours.fr\/index.php\/product\/lou-lours-francais-par-mailou-35-cm-blanc\/\" \/>\n<meta property=\"og:locale\" content=\"fr_FR\" \/>\n<meta property=\"og:type\" content=\"article\" \/>\n<meta property=\"og:title\" content=\"LOU L&#039;OURS FRANCAIS PAR MAILOU 35 CM BLANc - Marielle au Pays des Ours | Vente en ligne de peluches\" \/>\n<meta property=\"og:description\" content=\"vous chercher le plus doux et attendrissant des ours en peluche de fabrication fran\u00e7aise, venez le chercher sur notre site marielleaupaysdesours.fr\/\" \/>\n<meta property=\"og:url\" content=\"https:\/\/marielleaupaysdesours.fr\/index.php\/product\/lou-lours-francais-par-mailou-35-cm-blanc\/\" \/>\n<meta property=\"og:site_name\" content=\"Marielle au Pays des Ours | Vente en ligne de peluches\" \/>\n<meta property=\"article:modified_time\" content=\"2025-10-06T13:27:16+00:00\" \/>\n<meta property=\"og:image\" content=\"https:\/\/marielleaupaysdesours.fr\/wp-content\/uploads\/2023\/11\/lou-l-ours-francais-blanc-35cm-mailou.webp\" \/>\n\t<meta property=\"og:image:width\" content=\"756\" \/>\n\t<meta property=\"og:image:height\" content=\"756\" \/>\n\t<meta property=\"og:image:type\" content=\"image\/webp\" \/>\n<meta name=\"twitter:card\" content=\"summary_large_image\" \/>\n<meta name=\"twitter:label1\" content=\"Dur\u00e9e de lecture estim\u00e9e\" \/>\n\t<meta name=\"twitter:data1\" content=\"1 minute\" \/>\n<script type=\"application\/ld+json\" class=\"yoast-schema-graph\">{\"@context\":\"https:\\\/\\\/schema.org\",\"@graph\":[{\"@type\":\"WebPage\",\"@id\":\"https:\\\/\\\/marielleaupaysdesours.fr\\\/index.php\\\/product\\\/lou-lours-francais-par-mailou-35-cm-blanc\\\/\",\"url\":\"https:\\\/\\\/marielleaupaysdesours.fr\\\/index.php\\\/product\\\/lou-lours-francais-par-mailou-35-cm-blanc\\\/\",\"name\":\"LOU L'OURS FRANCAIS PAR MAILOU 35 CM BLANc - Marielle au Pays des Ours | Vente en ligne de peluches\",\"isPartOf\":{\"@id\":\"https:\\\/\\\/marielleaupaysdesours.fr\\\/#website\"},\"primaryImageOfPage\":{\"@id\":\"https:\\\/\\\/marielleaupaysdesours.fr\\\/index.php\\\/product\\\/lou-lours-francais-par-mailou-35-cm-blanc\\\/#primaryimage\"},\"image\":{\"@id\":\"https:\\\/\\\/marielleaupaysdesours.fr\\\/index.php\\\/product\\\/lou-lours-francais-par-mailou-35-cm-blanc\\\/#primaryimage\"},\"thumbnailUrl\":\"https:\\\/\\\/marielleaupaysdesours.fr\\\/wp-content\\\/uploads\\\/2023\\\/11\\\/lou-l-ours-francais-blanc-35cm-mailou.webp\",\"datePublished\":\"2023-11-10T13:27:30+00:00\",\"dateModified\":\"2025-10-06T13:27:16+00:00\",\"description\":\"vous chercher le plus doux et attendrissant des ours en peluche de fabrication fran\u00e7aise, venez le chercher sur notre site marielleaupaysdesours.fr\\\/\",\"breadcrumb\":{\"@id\":\"https:\\\/\\\/marielleaupaysdesours.fr\\\/index.php\\\/product\\\/lou-lours-francais-par-mailou-35-cm-blanc\\\/#breadcrumb\"},\"inLanguage\":\"fr-FR\",\"potentialAction\":[{\"@type\":\"ReadAction\",\"target\":[\"https:\\\/\\\/marielleaupaysdesours.fr\\\/index.php\\\/product\\\/lou-lours-francais-par-mailou-35-cm-blanc\\\/\"]}]},{\"@type\":\"ImageObject\",\"inLanguage\":\"fr-FR\",\"@id\":\"https:\\\/\\\/marielleaupaysdesours.fr\\\/index.php\\\/product\\\/lou-lours-francais-par-mailou-35-cm-blanc\\\/#primaryimage\",\"url\":\"https:\\\/\\\/marielleaupaysdesours.fr\\\/wp-content\\\/uploads\\\/2023\\\/11\\\/lou-l-ours-francais-blanc-35cm-mailou.webp\",\"contentUrl\":\"https:\\\/\\\/marielleaupaysdesours.fr\\\/wp-content\\\/uploads\\\/2023\\\/11\\\/lou-l-ours-francais-blanc-35cm-mailou.webp\",\"width\":756,\"height\":756},{\"@type\":\"BreadcrumbList\",\"@id\":\"https:\\\/\\\/marielleaupaysdesours.fr\\\/index.php\\\/product\\\/lou-lours-francais-par-mailou-35-cm-blanc\\\/#breadcrumb\",\"itemListElement\":[{\"@type\":\"ListItem\",\"position\":1,\"name\":\"Accueil\",\"item\":\"https:\\\/\\\/marielleaupaysdesours.fr\\\/\"},{\"@type\":\"ListItem\",\"position\":2,\"name\":\"Shop\",\"item\":\"https:\\\/\\\/marielleaupaysdesours.fr\\\/index.php\\\/shop\\\/\"},{\"@type\":\"ListItem\",\"position\":3,\"name\":\"LOU L&rsquo;OURS FRANCAIS PAR MAILOU 35 CM BLANc\"}]},{\"@type\":\"WebSite\",\"@id\":\"https:\\\/\\\/marielleaupaysdesours.fr\\\/#website\",\"url\":\"https:\\\/\\\/marielleaupaysdesours.fr\\\/\",\"name\":\"Marielle au Pays des Ours | Vente en ligne de peluches\",\"description\":\"vente en ligne de peluches\",\"publisher\":{\"@id\":\"https:\\\/\\\/marielleaupaysdesours.fr\\\/#organization\"},\"potentialAction\":[{\"@type\":\"SearchAction\",\"target\":{\"@type\":\"EntryPoint\",\"urlTemplate\":\"https:\\\/\\\/marielleaupaysdesours.fr\\\/?s={search_term_string}\"},\"query-input\":{\"@type\":\"PropertyValueSpecification\",\"valueRequired\":true,\"valueName\":\"search_term_string\"}}],\"inLanguage\":\"fr-FR\"},{\"@type\":\"Organization\",\"@id\":\"https:\\\/\\\/marielleaupaysdesours.fr\\\/#organization\",\"name\":\"Marielle au Pays des Ours | Vente en ligne de peluches\",\"url\":\"https:\\\/\\\/marielleaupaysdesours.fr\\\/\",\"logo\":{\"@type\":\"ImageObject\",\"inLanguage\":\"fr-FR\",\"@id\":\"https:\\\/\\\/marielleaupaysdesours.fr\\\/#\\\/schema\\\/logo\\\/image\\\/\",\"url\":\"https:\\\/\\\/marielleaupaysdesours.fr\\\/wp-content\\\/uploads\\\/2020\\\/10\\\/logo-marielle-light.jpg\",\"contentUrl\":\"https:\\\/\\\/marielleaupaysdesours.fr\\\/wp-content\\\/uploads\\\/2020\\\/10\\\/logo-marielle-light.jpg\",\"width\":500,\"height\":500,\"caption\":\"Marielle au Pays des Ours | Vente en ligne de peluches\"},\"image\":{\"@id\":\"https:\\\/\\\/marielleaupaysdesours.fr\\\/#\\\/schema\\\/logo\\\/image\\\/\"}}]}<\/script>\n<!-- \/ Yoast SEO plugin. -->","yoast_head_json":{"title":"LOU L'OURS FRANCAIS PAR MAILOU 35 CM BLANc - Marielle au Pays des Ours | Vente en ligne de peluches","description":"vous chercher le plus doux et attendrissant des ours en peluche de fabrication fran\u00e7aise, venez le chercher sur notre site marielleaupaysdesours.fr\/","robots":{"index":"index","follow":"follow","max-snippet":"max-snippet:-1","max-image-preview":"max-image-preview:large","max-video-preview":"max-video-preview:-1"},"canonical":"https:\/\/marielleaupaysdesours.fr\/index.php\/product\/lou-lours-francais-par-mailou-35-cm-blanc\/","og_locale":"fr_FR","og_type":"article","og_title":"LOU L'OURS FRANCAIS PAR MAILOU 35 CM BLANc - Marielle au Pays des Ours | Vente en ligne de peluches","og_description":"vous chercher le plus doux et attendrissant des ours en peluche de fabrication fran\u00e7aise, venez le chercher sur notre site marielleaupaysdesours.fr\/","og_url":"https:\/\/marielleaupaysdesours.fr\/index.php\/product\/lou-lours-francais-par-mailou-35-cm-blanc\/","og_site_name":"Marielle au Pays des Ours | Vente en ligne de peluches","article_modified_time":"2025-10-06T13:27:16+00:00","og_image":[{"width":756,"height":756,"url":"https:\/\/marielleaupaysdesours.fr\/wp-content\/uploads\/2023\/11\/lou-l-ours-francais-blanc-35cm-mailou.webp","type":"image\/webp"}],"twitter_card":"summary_large_image","twitter_misc":{"Dur\u00e9e de lecture estim\u00e9e":"1 minute"},"schema":{"@context":"https:\/\/schema.org","@graph":[{"@type":"WebPage","@id":"https:\/\/marielleaupaysdesours.fr\/index.php\/product\/lou-lours-francais-par-mailou-35-cm-blanc\/","url":"https:\/\/marielleaupaysdesours.fr\/index.php\/product\/lou-lours-francais-par-mailou-35-cm-blanc\/","name":"LOU L'OURS FRANCAIS PAR MAILOU 35 CM BLANc - Marielle au Pays des Ours | Vente en ligne de peluches","isPartOf":{"@id":"https:\/\/marielleaupaysdesours.fr\/#website"},"primaryImageOfPage":{"@id":"https:\/\/marielleaupaysdesours.fr\/index.php\/product\/lou-lours-francais-par-mailou-35-cm-blanc\/#primaryimage"},"image":{"@id":"https:\/\/marielleaupaysdesours.fr\/index.php\/product\/lou-lours-francais-par-mailou-35-cm-blanc\/#primaryimage"},"thumbnailUrl":"https:\/\/marielleaupaysdesours.fr\/wp-content\/uploads\/2023\/11\/lou-l-ours-francais-blanc-35cm-mailou.webp","datePublished":"2023-11-10T13:27:30+00:00","dateModified":"2025-10-06T13:27:16+00:00","description":"vous chercher le plus doux et attendrissant des ours en peluche de fabrication fran\u00e7aise, venez le chercher sur notre site marielleaupaysdesours.fr\/","breadcrumb":{"@id":"https:\/\/marielleaupaysdesours.fr\/index.php\/product\/lou-lours-francais-par-mailou-35-cm-blanc\/#breadcrumb"},"inLanguage":"fr-FR","potentialAction":[{"@type":"ReadAction","target":["https:\/\/marielleaupaysdesours.fr\/index.php\/product\/lou-lours-francais-par-mailou-35-cm-blanc\/"]}]},{"@type":"ImageObject","inLanguage":"fr-FR","@id":"https:\/\/marielleaupaysdesours.fr\/index.php\/product\/lou-lours-francais-par-mailou-35-cm-blanc\/#primaryimage","url":"https:\/\/marielleaupaysdesours.fr\/wp-content\/uploads\/2023\/11\/lou-l-ours-francais-blanc-35cm-mailou.webp","contentUrl":"https:\/\/marielleaupaysdesours.fr\/wp-content\/uploads\/2023\/11\/lou-l-ours-francais-blanc-35cm-mailou.webp","width":756,"height":756},{"@type":"BreadcrumbList","@id":"https:\/\/marielleaupaysdesours.fr\/index.php\/product\/lou-lours-francais-par-mailou-35-cm-blanc\/#breadcrumb","itemListElement":[{"@type":"ListItem","position":1,"name":"Accueil","item":"https:\/\/marielleaupaysdesours.fr\/"},{"@type":"ListItem","position":2,"name":"Shop","item":"https:\/\/marielleaupaysdesours.fr\/index.php\/shop\/"},{"@type":"ListItem","position":3,"name":"LOU L&rsquo;OURS FRANCAIS PAR MAILOU 35 CM BLANc"}]},{"@type":"WebSite","@id":"https:\/\/marielleaupaysdesours.fr\/#website","url":"https:\/\/marielleaupaysdesours.fr\/","name":"Marielle au Pays des Ours | Vente en ligne de peluches","description":"vente en ligne de peluches","publisher":{"@id":"https:\/\/marielleaupaysdesours.fr\/#organization"},"potentialAction":[{"@type":"SearchAction","target":{"@type":"EntryPoint","urlTemplate":"https:\/\/marielleaupaysdesours.fr\/?s={search_term_string}"},"query-input":{"@type":"PropertyValueSpecification","valueRequired":true,"valueName":"search_term_string"}}],"inLanguage":"fr-FR"},{"@type":"Organization","@id":"https:\/\/marielleaupaysdesours.fr\/#organization","name":"Marielle au Pays des Ours | Vente en ligne de peluches","url":"https:\/\/marielleaupaysdesours.fr\/","logo":{"@type":"ImageObject","inLanguage":"fr-FR","@id":"https:\/\/marielleaupaysdesours.fr\/#\/schema\/logo\/image\/","url":"https:\/\/marielleaupaysdesours.fr\/wp-content\/uploads\/2020\/10\/logo-marielle-light.jpg","contentUrl":"https:\/\/marielleaupaysdesours.fr\/wp-content\/uploads\/2020\/10\/logo-marielle-light.jpg","width":500,"height":500,"caption":"Marielle au Pays des Ours | Vente en ligne de peluches"},"image":{"@id":"https:\/\/marielleaupaysdesours.fr\/#\/schema\/logo\/image\/"}}]}},"jetpack_sharing_enabled":true,"_links":{"self":[{"href":"https:\/\/marielleaupaysdesours.fr\/index.php\/wp-json\/wp\/v2\/product\/5287","targetHints":{"allow":["GET"]}}],"collection":[{"href":"https:\/\/marielleaupaysdesours.fr\/index.php\/wp-json\/wp\/v2\/product"}],"about":[{"href":"https:\/\/marielleaupaysdesours.fr\/index.php\/wp-json\/wp\/v2\/types\/product"}],"replies":[{"embeddable":true,"href":"https:\/\/marielleaupaysdesours.fr\/index.php\/wp-json\/wp\/v2\/comments?post=5287"}],"version-history":[{"count":3,"href":"https:\/\/marielleaupaysdesours.fr\/index.php\/wp-json\/wp\/v2\/product\/5287\/revisions"}],"predecessor-version":[{"id":6282,"href":"https:\/\/marielleaupaysdesours.fr\/index.php\/wp-json\/wp\/v2\/product\/5287\/revisions\/6282"}],"wp:featuredmedia":[{"embeddable":true,"href":"https:\/\/marielleaupaysdesours.fr\/index.php\/wp-json\/wp\/v2\/media\/5288"}],"wp:attachment":[{"href":"https:\/\/marielleaupaysdesours.fr\/index.php\/wp-json\/wp\/v2\/media?parent=5287"}],"wp:term":[{"taxonomy":"product_brand","embeddable":true,"href":"https:\/\/marielleaupaysdesours.fr\/index.php\/wp-json\/wp\/v2\/product_brand?post=5287"},{"taxonomy":"product_cat","embeddable":true,"href":"https:\/\/marielleaupaysdesours.fr\/index.php\/wp-json\/wp\/v2\/product_cat?post=5287"},{"taxonomy":"product_tag","embeddable":true,"href":"https:\/\/marielleaupaysdesours.fr\/index.php\/wp-json\/wp\/v2\/product_tag?post=5287"}],"curies":[{"name":"wp","href":"https:\/\/api.w.org\/{rel}","templated":true}]}}