{"id":5223,"date":"2023-10-20T10:28:01","date_gmt":"2023-10-20T08:28:01","guid":{"rendered":"https:\/\/marielleaupaysdesours.fr\/?post_type=product&#038;p=5223"},"modified":"2025-12-28T12:08:33","modified_gmt":"2025-12-28T11:08:33","slug":"lapin-lovely-kanini-peluche-bukowski-25-cm","status":"publish","type":"product","link":"https:\/\/marielleaupaysdesours.fr\/index.php\/product\/lapin-lovely-kanini-peluche-bukowski-25-cm\/","title":{"rendered":"LOVELY KANINI TAUPE PELUCHE BUKOWSKI  25 cm"},"content":{"rendered":"<p>Les ours et les animaux des cr\u00e9ations de Bukowski sont incroyable de part de leur belle qualit\u00e9 de peluche et de leur grande douceur. Barbara Bukowski, la cr\u00e9atrice s&rsquo;inspire des personnage de sa proche famille et de son entourage pour donner vie \u00e0 ces merveilleux personnages, de belles boules de poils pour de tendres c\u00e2lins, ils sont absolument craquants.<\/p>\n<p> LOVELY KANINI est un magnifique lapin au toucher tr\u00e8s doux &#8230; c&rsquo;est une adorable<br \/>\n boule de poils de 25 cm.<\/p>\n<p>Laver \u00e0 30\u00b0<\/p>\n<p>A partir de 6 mois<\/p>\n<p>Norme CE<\/p>\n","protected":false},"excerpt":{"rendered":"<p> LOVELY KANINI est un magnifique lapin aux grandes oreilles, super longues et douces,\u00a0 il est ultra doux, tendre et c\u00e2lin et s&#8217;emporte partout. IL a de petits yeux noir ainsi qu&rsquo;un petit nez cousu \u00e0 la main, son petit museau est blanc alors que son pelage est de couleur taupe. Il  est superbe. Sa taille en fait LE DOUDOU id\u00e9al pour c\u00e2liner et emporter partout. Cr\u00e9er par Barbara Bukowski, cette peluche lapin est comme tout les oursons et cr\u00e9ations Bukowski, fabriqu\u00e9e \u00e0 partir de fibres de peluches de grande qualit\u00e9, elle poss\u00e8de toutes les normes de s\u00e9curit\u00e9s pour les nourrissons.<br \/>\nSon pelage est extr\u00eamement doux, son petit ventre rond est tendre, id\u00e9ales pour l&rsquo;endormissement des plus petits.<\/p>\n<p>Convient aux enfants de 6 mois<\/p>\n","protected":false},"featured_media":5224,"comment_status":"open","ping_status":"closed","template":"","meta":{"_monsterinsights_skip_tracking":false,"_monsterinsights_sitenote_active":false,"_monsterinsights_sitenote_note":"","_monsterinsights_sitenote_category":0,"site-sidebar-layout":"default","site-content-layout":"default","ast-site-content-layout":"default","site-content-style":"default","site-sidebar-style":"default","ast-global-header-display":"","ast-banner-title-visibility":"","ast-main-header-display":"","ast-hfb-above-header-display":"","ast-hfb-below-header-display":"","ast-hfb-mobile-header-display":"","site-post-title":"","ast-breadcrumbs-content":"","ast-featured-img":"","footer-sml-layout":"","ast-disable-related-posts":"","theme-transparent-header-meta":"default","adv-header-id-meta":"","stick-header-meta":"","header-above-stick-meta":"","header-main-stick-meta":"","header-below-stick-meta":"","astra-migrate-meta-layouts":"set","ast-page-background-enabled":"default","ast-page-background-meta":{"desktop":{"background-color":"","background-image":"","background-repeat":"repeat","background-position":"center center","background-size":"auto","background-attachment":"scroll","background-type":"","background-media":"","overlay-type":"","overlay-color":"","overlay-opacity":"","overlay-gradient":""},"tablet":{"background-color":"","background-image":"","background-repeat":"repeat","background-position":"center center","background-size":"auto","background-attachment":"scroll","background-type":"","background-media":"","overlay-type":"","overlay-color":"","overlay-opacity":"","overlay-gradient":""},"mobile":{"background-color":"","background-image":"","background-repeat":"repeat","background-position":"center center","background-size":"auto","background-attachment":"scroll","background-type":"","background-media":"","overlay-type":"","overlay-color":"","overlay-opacity":"","overlay-gradient":""}},"ast-content-background-meta":{"desktop":{"background-color":"var(--ast-global-color-5)","background-image":"","background-repeat":"repeat","background-position":"center center","background-size":"auto","background-attachment":"scroll","background-type":"","background-media":"","overlay-type":"","overlay-color":"","overlay-opacity":"","overlay-gradient":""},"tablet":{"background-color":"var(--ast-global-color-5)","background-image":"","background-repeat":"repeat","background-position":"center center","background-size":"auto","background-attachment":"scroll","background-type":"","background-media":"","overlay-type":"","overlay-color":"","overlay-opacity":"","overlay-gradient":""},"mobile":{"background-color":"var(--ast-global-color-5)","background-image":"","background-repeat":"repeat","background-position":"center center","background-size":"auto","background-attachment":"scroll","background-type":"","background-media":"","overlay-type":"","overlay-color":"","overlay-opacity":"","overlay-gradient":""}}},"product_brand":[],"product_cat":[60,41,44,57,37,30,28],"product_tag":[],"class_list":{"0":"post-5223","1":"product","2":"type-product","3":"status-publish","4":"has-post-thumbnail","6":"product_cat-animaux-sauvages","7":"product_cat-bukowski","8":"product_cat-cadeaux-de-naissance","9":"product_cat-foret","10":"product_cat-lapin","11":"product_cat-ours","12":"product_cat-peluches","13":"product_shipping_class-expedition-intermediaire","14":"desktop-align-center","15":"tablet-align-left","16":"mobile-align-left","18":"first","19":"instock","20":"shipping-taxable","21":"purchasable","22":"product-type-simple"},"yoast_head":"<!-- This site is optimized with the Yoast SEO plugin v27.5 - https:\/\/yoast.com\/product\/yoast-seo-wordpress\/ -->\n<title>LOVELY KANINI TAUPE PELUCHE BUKOWSKI 25 cm - Marielle au Pays des Ours | Vente en ligne de peluches<\/title>\n<meta name=\"description\" content=\"vous \u00eates a la recherche du plus adorable des lapin au ventre rond, voici Lovely Kanini , venez le chercher sur notre site marielleaupaysdesours.fr\" \/>\n<meta name=\"robots\" content=\"index, follow, max-snippet:-1, max-image-preview:large, max-video-preview:-1\" \/>\n<link rel=\"canonical\" href=\"https:\/\/marielleaupaysdesours.fr\/index.php\/product\/lapin-lovely-kanini-peluche-bukowski-25-cm\/\" \/>\n<meta property=\"og:locale\" content=\"fr_FR\" \/>\n<meta property=\"og:type\" content=\"article\" \/>\n<meta property=\"og:title\" content=\"LOVELY KANINI TAUPE PELUCHE BUKOWSKI 25 cm - Marielle au Pays des Ours | Vente en ligne de peluches\" \/>\n<meta property=\"og:description\" content=\"vous \u00eates a la recherche du plus adorable des lapin au ventre rond, voici Lovely Kanini , venez le chercher sur notre site marielleaupaysdesours.fr\" \/>\n<meta property=\"og:url\" content=\"https:\/\/marielleaupaysdesours.fr\/index.php\/product\/lapin-lovely-kanini-peluche-bukowski-25-cm\/\" \/>\n<meta property=\"og:site_name\" content=\"Marielle au Pays des Ours | Vente en ligne de peluches\" \/>\n<meta property=\"article:modified_time\" content=\"2025-12-28T11:08:33+00:00\" \/>\n<meta property=\"og:image\" content=\"https:\/\/marielleaupaysdesours.fr\/wp-content\/uploads\/2023\/10\/LOVELY-KANINI-Bukowski-Peluche-lapin-taupe-lovely-kanini-25-cm-33950.jpg\" \/>\n\t<meta property=\"og:image:width\" content=\"487\" \/>\n\t<meta property=\"og:image:height\" content=\"800\" \/>\n\t<meta property=\"og:image:type\" content=\"image\/jpeg\" \/>\n<meta name=\"twitter:card\" content=\"summary_large_image\" \/>\n<meta name=\"twitter:label1\" content=\"Dur\u00e9e de lecture estim\u00e9e\" \/>\n\t<meta name=\"twitter:data1\" content=\"1 minute\" \/>\n<script type=\"application\/ld+json\" class=\"yoast-schema-graph\">{\"@context\":\"https:\\\/\\\/schema.org\",\"@graph\":[{\"@type\":\"WebPage\",\"@id\":\"https:\\\/\\\/marielleaupaysdesours.fr\\\/index.php\\\/product\\\/lapin-lovely-kanini-peluche-bukowski-25-cm\\\/\",\"url\":\"https:\\\/\\\/marielleaupaysdesours.fr\\\/index.php\\\/product\\\/lapin-lovely-kanini-peluche-bukowski-25-cm\\\/\",\"name\":\"LOVELY KANINI TAUPE PELUCHE BUKOWSKI 25 cm - Marielle au Pays des Ours | Vente en ligne de peluches\",\"isPartOf\":{\"@id\":\"https:\\\/\\\/marielleaupaysdesours.fr\\\/#website\"},\"primaryImageOfPage\":{\"@id\":\"https:\\\/\\\/marielleaupaysdesours.fr\\\/index.php\\\/product\\\/lapin-lovely-kanini-peluche-bukowski-25-cm\\\/#primaryimage\"},\"image\":{\"@id\":\"https:\\\/\\\/marielleaupaysdesours.fr\\\/index.php\\\/product\\\/lapin-lovely-kanini-peluche-bukowski-25-cm\\\/#primaryimage\"},\"thumbnailUrl\":\"https:\\\/\\\/marielleaupaysdesours.fr\\\/wp-content\\\/uploads\\\/2023\\\/10\\\/LOVELY-KANINI-Bukowski-Peluche-lapin-taupe-lovely-kanini-25-cm-33950.jpg\",\"datePublished\":\"2023-10-20T08:28:01+00:00\",\"dateModified\":\"2025-12-28T11:08:33+00:00\",\"description\":\"vous \u00eates a la recherche du plus adorable des lapin au ventre rond, voici Lovely Kanini , venez le chercher sur notre site marielleaupaysdesours.fr\",\"breadcrumb\":{\"@id\":\"https:\\\/\\\/marielleaupaysdesours.fr\\\/index.php\\\/product\\\/lapin-lovely-kanini-peluche-bukowski-25-cm\\\/#breadcrumb\"},\"inLanguage\":\"fr-FR\",\"potentialAction\":[{\"@type\":\"ReadAction\",\"target\":[\"https:\\\/\\\/marielleaupaysdesours.fr\\\/index.php\\\/product\\\/lapin-lovely-kanini-peluche-bukowski-25-cm\\\/\"]}]},{\"@type\":\"ImageObject\",\"inLanguage\":\"fr-FR\",\"@id\":\"https:\\\/\\\/marielleaupaysdesours.fr\\\/index.php\\\/product\\\/lapin-lovely-kanini-peluche-bukowski-25-cm\\\/#primaryimage\",\"url\":\"https:\\\/\\\/marielleaupaysdesours.fr\\\/wp-content\\\/uploads\\\/2023\\\/10\\\/LOVELY-KANINI-Bukowski-Peluche-lapin-taupe-lovely-kanini-25-cm-33950.jpg\",\"contentUrl\":\"https:\\\/\\\/marielleaupaysdesours.fr\\\/wp-content\\\/uploads\\\/2023\\\/10\\\/LOVELY-KANINI-Bukowski-Peluche-lapin-taupe-lovely-kanini-25-cm-33950.jpg\",\"width\":487,\"height\":800},{\"@type\":\"BreadcrumbList\",\"@id\":\"https:\\\/\\\/marielleaupaysdesours.fr\\\/index.php\\\/product\\\/lapin-lovely-kanini-peluche-bukowski-25-cm\\\/#breadcrumb\",\"itemListElement\":[{\"@type\":\"ListItem\",\"position\":1,\"name\":\"Accueil\",\"item\":\"https:\\\/\\\/marielleaupaysdesours.fr\\\/\"},{\"@type\":\"ListItem\",\"position\":2,\"name\":\"Shop\",\"item\":\"https:\\\/\\\/marielleaupaysdesours.fr\\\/index.php\\\/shop\\\/\"},{\"@type\":\"ListItem\",\"position\":3,\"name\":\"LOVELY KANINI TAUPE PELUCHE BUKOWSKI 25 cm\"}]},{\"@type\":\"WebSite\",\"@id\":\"https:\\\/\\\/marielleaupaysdesours.fr\\\/#website\",\"url\":\"https:\\\/\\\/marielleaupaysdesours.fr\\\/\",\"name\":\"Marielle au Pays des Ours | Vente en ligne de peluches\",\"description\":\"vente en ligne de peluches\",\"publisher\":{\"@id\":\"https:\\\/\\\/marielleaupaysdesours.fr\\\/#organization\"},\"potentialAction\":[{\"@type\":\"SearchAction\",\"target\":{\"@type\":\"EntryPoint\",\"urlTemplate\":\"https:\\\/\\\/marielleaupaysdesours.fr\\\/?s={search_term_string}\"},\"query-input\":{\"@type\":\"PropertyValueSpecification\",\"valueRequired\":true,\"valueName\":\"search_term_string\"}}],\"inLanguage\":\"fr-FR\"},{\"@type\":\"Organization\",\"@id\":\"https:\\\/\\\/marielleaupaysdesours.fr\\\/#organization\",\"name\":\"Marielle au Pays des Ours | Vente en ligne de peluches\",\"url\":\"https:\\\/\\\/marielleaupaysdesours.fr\\\/\",\"logo\":{\"@type\":\"ImageObject\",\"inLanguage\":\"fr-FR\",\"@id\":\"https:\\\/\\\/marielleaupaysdesours.fr\\\/#\\\/schema\\\/logo\\\/image\\\/\",\"url\":\"https:\\\/\\\/marielleaupaysdesours.fr\\\/wp-content\\\/uploads\\\/2020\\\/10\\\/logo-marielle-light.jpg\",\"contentUrl\":\"https:\\\/\\\/marielleaupaysdesours.fr\\\/wp-content\\\/uploads\\\/2020\\\/10\\\/logo-marielle-light.jpg\",\"width\":500,\"height\":500,\"caption\":\"Marielle au Pays des Ours | Vente en ligne de peluches\"},\"image\":{\"@id\":\"https:\\\/\\\/marielleaupaysdesours.fr\\\/#\\\/schema\\\/logo\\\/image\\\/\"}}]}<\/script>\n<!-- \/ Yoast SEO plugin. -->","yoast_head_json":{"title":"LOVELY KANINI TAUPE PELUCHE BUKOWSKI 25 cm - Marielle au Pays des Ours | Vente en ligne de peluches","description":"vous \u00eates a la recherche du plus adorable des lapin au ventre rond, voici Lovely Kanini , venez le chercher sur notre site marielleaupaysdesours.fr","robots":{"index":"index","follow":"follow","max-snippet":"max-snippet:-1","max-image-preview":"max-image-preview:large","max-video-preview":"max-video-preview:-1"},"canonical":"https:\/\/marielleaupaysdesours.fr\/index.php\/product\/lapin-lovely-kanini-peluche-bukowski-25-cm\/","og_locale":"fr_FR","og_type":"article","og_title":"LOVELY KANINI TAUPE PELUCHE BUKOWSKI 25 cm - Marielle au Pays des Ours | Vente en ligne de peluches","og_description":"vous \u00eates a la recherche du plus adorable des lapin au ventre rond, voici Lovely Kanini , venez le chercher sur notre site marielleaupaysdesours.fr","og_url":"https:\/\/marielleaupaysdesours.fr\/index.php\/product\/lapin-lovely-kanini-peluche-bukowski-25-cm\/","og_site_name":"Marielle au Pays des Ours | Vente en ligne de peluches","article_modified_time":"2025-12-28T11:08:33+00:00","og_image":[{"width":487,"height":800,"url":"https:\/\/marielleaupaysdesours.fr\/wp-content\/uploads\/2023\/10\/LOVELY-KANINI-Bukowski-Peluche-lapin-taupe-lovely-kanini-25-cm-33950.jpg","type":"image\/jpeg"}],"twitter_card":"summary_large_image","twitter_misc":{"Dur\u00e9e de lecture estim\u00e9e":"1 minute"},"schema":{"@context":"https:\/\/schema.org","@graph":[{"@type":"WebPage","@id":"https:\/\/marielleaupaysdesours.fr\/index.php\/product\/lapin-lovely-kanini-peluche-bukowski-25-cm\/","url":"https:\/\/marielleaupaysdesours.fr\/index.php\/product\/lapin-lovely-kanini-peluche-bukowski-25-cm\/","name":"LOVELY KANINI TAUPE PELUCHE BUKOWSKI 25 cm - Marielle au Pays des Ours | Vente en ligne de peluches","isPartOf":{"@id":"https:\/\/marielleaupaysdesours.fr\/#website"},"primaryImageOfPage":{"@id":"https:\/\/marielleaupaysdesours.fr\/index.php\/product\/lapin-lovely-kanini-peluche-bukowski-25-cm\/#primaryimage"},"image":{"@id":"https:\/\/marielleaupaysdesours.fr\/index.php\/product\/lapin-lovely-kanini-peluche-bukowski-25-cm\/#primaryimage"},"thumbnailUrl":"https:\/\/marielleaupaysdesours.fr\/wp-content\/uploads\/2023\/10\/LOVELY-KANINI-Bukowski-Peluche-lapin-taupe-lovely-kanini-25-cm-33950.jpg","datePublished":"2023-10-20T08:28:01+00:00","dateModified":"2025-12-28T11:08:33+00:00","description":"vous \u00eates a la recherche du plus adorable des lapin au ventre rond, voici Lovely Kanini , venez le chercher sur notre site marielleaupaysdesours.fr","breadcrumb":{"@id":"https:\/\/marielleaupaysdesours.fr\/index.php\/product\/lapin-lovely-kanini-peluche-bukowski-25-cm\/#breadcrumb"},"inLanguage":"fr-FR","potentialAction":[{"@type":"ReadAction","target":["https:\/\/marielleaupaysdesours.fr\/index.php\/product\/lapin-lovely-kanini-peluche-bukowski-25-cm\/"]}]},{"@type":"ImageObject","inLanguage":"fr-FR","@id":"https:\/\/marielleaupaysdesours.fr\/index.php\/product\/lapin-lovely-kanini-peluche-bukowski-25-cm\/#primaryimage","url":"https:\/\/marielleaupaysdesours.fr\/wp-content\/uploads\/2023\/10\/LOVELY-KANINI-Bukowski-Peluche-lapin-taupe-lovely-kanini-25-cm-33950.jpg","contentUrl":"https:\/\/marielleaupaysdesours.fr\/wp-content\/uploads\/2023\/10\/LOVELY-KANINI-Bukowski-Peluche-lapin-taupe-lovely-kanini-25-cm-33950.jpg","width":487,"height":800},{"@type":"BreadcrumbList","@id":"https:\/\/marielleaupaysdesours.fr\/index.php\/product\/lapin-lovely-kanini-peluche-bukowski-25-cm\/#breadcrumb","itemListElement":[{"@type":"ListItem","position":1,"name":"Accueil","item":"https:\/\/marielleaupaysdesours.fr\/"},{"@type":"ListItem","position":2,"name":"Shop","item":"https:\/\/marielleaupaysdesours.fr\/index.php\/shop\/"},{"@type":"ListItem","position":3,"name":"LOVELY KANINI TAUPE PELUCHE BUKOWSKI 25 cm"}]},{"@type":"WebSite","@id":"https:\/\/marielleaupaysdesours.fr\/#website","url":"https:\/\/marielleaupaysdesours.fr\/","name":"Marielle au Pays des Ours | Vente en ligne de peluches","description":"vente en ligne de peluches","publisher":{"@id":"https:\/\/marielleaupaysdesours.fr\/#organization"},"potentialAction":[{"@type":"SearchAction","target":{"@type":"EntryPoint","urlTemplate":"https:\/\/marielleaupaysdesours.fr\/?s={search_term_string}"},"query-input":{"@type":"PropertyValueSpecification","valueRequired":true,"valueName":"search_term_string"}}],"inLanguage":"fr-FR"},{"@type":"Organization","@id":"https:\/\/marielleaupaysdesours.fr\/#organization","name":"Marielle au Pays des Ours | Vente en ligne de peluches","url":"https:\/\/marielleaupaysdesours.fr\/","logo":{"@type":"ImageObject","inLanguage":"fr-FR","@id":"https:\/\/marielleaupaysdesours.fr\/#\/schema\/logo\/image\/","url":"https:\/\/marielleaupaysdesours.fr\/wp-content\/uploads\/2020\/10\/logo-marielle-light.jpg","contentUrl":"https:\/\/marielleaupaysdesours.fr\/wp-content\/uploads\/2020\/10\/logo-marielle-light.jpg","width":500,"height":500,"caption":"Marielle au Pays des Ours | Vente en ligne de peluches"},"image":{"@id":"https:\/\/marielleaupaysdesours.fr\/#\/schema\/logo\/image\/"}}]}},"jetpack_sharing_enabled":true,"_links":{"self":[{"href":"https:\/\/marielleaupaysdesours.fr\/index.php\/wp-json\/wp\/v2\/product\/5223","targetHints":{"allow":["GET"]}}],"collection":[{"href":"https:\/\/marielleaupaysdesours.fr\/index.php\/wp-json\/wp\/v2\/product"}],"about":[{"href":"https:\/\/marielleaupaysdesours.fr\/index.php\/wp-json\/wp\/v2\/types\/product"}],"replies":[{"embeddable":true,"href":"https:\/\/marielleaupaysdesours.fr\/index.php\/wp-json\/wp\/v2\/comments?post=5223"}],"version-history":[{"count":1,"href":"https:\/\/marielleaupaysdesours.fr\/index.php\/wp-json\/wp\/v2\/product\/5223\/revisions"}],"predecessor-version":[{"id":5225,"href":"https:\/\/marielleaupaysdesours.fr\/index.php\/wp-json\/wp\/v2\/product\/5223\/revisions\/5225"}],"wp:featuredmedia":[{"embeddable":true,"href":"https:\/\/marielleaupaysdesours.fr\/index.php\/wp-json\/wp\/v2\/media\/5224"}],"wp:attachment":[{"href":"https:\/\/marielleaupaysdesours.fr\/index.php\/wp-json\/wp\/v2\/media?parent=5223"}],"wp:term":[{"taxonomy":"product_brand","embeddable":true,"href":"https:\/\/marielleaupaysdesours.fr\/index.php\/wp-json\/wp\/v2\/product_brand?post=5223"},{"taxonomy":"product_cat","embeddable":true,"href":"https:\/\/marielleaupaysdesours.fr\/index.php\/wp-json\/wp\/v2\/product_cat?post=5223"},{"taxonomy":"product_tag","embeddable":true,"href":"https:\/\/marielleaupaysdesours.fr\/index.php\/wp-json\/wp\/v2\/product_tag?post=5223"}],"curies":[{"name":"wp","href":"https:\/\/api.w.org\/{rel}","templated":true}]}}