{"id":5188,"date":"2023-10-19T18:24:03","date_gmt":"2023-10-19T16:24:03","guid":{"rendered":"https:\/\/marielleaupaysdesours.fr\/?post_type=product&#038;p=5188"},"modified":"2025-12-05T21:06:35","modified_gmt":"2025-12-05T20:06:35","slug":"hibou-en-peluche-great-hoho-bukowski-25-cm","status":"publish","type":"product","link":"https:\/\/marielleaupaysdesours.fr\/index.php\/product\/hibou-en-peluche-great-hoho-bukowski-25-cm\/","title":{"rendered":"Hibou en Peluche &#8211; GREAT HOHO &#8211; BUKOWSKI &#8211; 25 cm"},"content":{"rendered":"<p>Les ours et les animaux des cr\u00e9ations de <a href=\"https:\/\/marielleaupaysdesours.fr\/index.php\/peluches-bukowski\/\"><strong>Bukowski<\/strong> <\/a>sont incroyables de part de leur belle qualit\u00e9 de peluche et de leur grande douceur. Barbara <a href=\"https:\/\/bukowski.se\/fr\/\">Bukowski<\/a>, la cr\u00e9atrice s&rsquo;inspire des personnage de sa proche famille et de son entourage pour donner vie \u00e0 ces merveilleux personnages, de belles boules de poils pour de tendres c\u00e2lins, ils sont absolument craquants.<\/p>\n<p><strong>HOHO<\/strong> est un magnifique <strong>Hibou en peluche<\/strong> aux douces ailes, ultra doux et c\u00e2lin il s&#8217;emporte partout. Il a de petits yeux noir ainsi qu&rsquo;un nez chocolat en feutrine. Sa taille en fait <strong>LE DOUDOU<\/strong> id\u00e9al pour c\u00e2liner et emporter partout. Cr\u00e9er par Barbara Bukowski, cette peluche hibou est comme tout les oursons et cr\u00e9ations Bukowski, fabriqu\u00e9e \u00e0 partir de fibres de peluches de grande qualit\u00e9, elle poss\u00e8de toutes les normes de s\u00e9curit\u00e9s pour les nourrissons.<br \/>\nSon pelage est extr\u00eamement doux, le dessous de ses ailes est incroyable, son petit ventre rond est tendre, id\u00e9ales pour l&rsquo;endormissement des plus petits.<\/p>\n<p>Convient aux enfants de 6 mois<\/p>\n<p>Laver \u00e0 30\u00b0<\/p>\n<p>A partir de 6 mois<\/p>\n<p>Norme CE<\/p>\n<p>Alors, pour en savoir plus sur <strong>Great Hoho<\/strong>, ou pour toute autre question, n&rsquo;h\u00e9sitez pas \u00e0 nous contacter ! Aussi, nous serons ravis de r\u00e9pondre \u00e0 toutes vos questions et de partager avec vous notre passion pour les peluches !<\/p>\n","protected":false},"excerpt":{"rendered":"<p><strong>HOHO<\/strong> est un magnifique <strong>Hibou en peluche<\/strong> aux douces ailes, ultra doux et c\u00e2lin il s&#8217;emporte partout. IL a de petits yeux noir ainsi qu&rsquo;un nez chocolat en feutrine. Sa taille en fait LE DOUDOU id\u00e9al pour c\u00e2liner et emporter partout. Cr\u00e9er par Barbara Bukowski, cette peluche hibou est comme tout les oursons et cr\u00e9ations Bukowski, fabriqu\u00e9e \u00e0 partir de fibres de peluches de grande qualit\u00e9, elle poss\u00e8de toutes les normes de s\u00e9curit\u00e9s pour les nourrissons.<br \/>\nSon pelage est extr\u00eamement doux, le dessous de ses ailes est incroyable, son petit ventre rond est tendre, id\u00e9ales pour l&rsquo;endormissement des plus petits.<\/p>\n<p>Convient aux enfants de 6 mois<\/p>\n","protected":false},"featured_media":5189,"comment_status":"open","ping_status":"closed","template":"","meta":{"_monsterinsights_skip_tracking":false,"_monsterinsights_sitenote_active":false,"_monsterinsights_sitenote_note":"","_monsterinsights_sitenote_category":0,"site-sidebar-layout":"default","site-content-layout":"default","ast-site-content-layout":"default","site-content-style":"default","site-sidebar-style":"default","ast-global-header-display":"","ast-banner-title-visibility":"","ast-main-header-display":"","ast-hfb-above-header-display":"","ast-hfb-below-header-display":"","ast-hfb-mobile-header-display":"","site-post-title":"","ast-breadcrumbs-content":"","ast-featured-img":"","footer-sml-layout":"","ast-disable-related-posts":"","theme-transparent-header-meta":"default","adv-header-id-meta":"","stick-header-meta":"","header-above-stick-meta":"","header-main-stick-meta":"","header-below-stick-meta":"","astra-migrate-meta-layouts":"set","ast-page-background-enabled":"default","ast-page-background-meta":{"desktop":{"background-color":"","background-image":"","background-repeat":"repeat","background-position":"center center","background-size":"auto","background-attachment":"scroll","background-type":"","background-media":"","overlay-type":"","overlay-color":"","overlay-opacity":"","overlay-gradient":""},"tablet":{"background-color":"","background-image":"","background-repeat":"repeat","background-position":"center center","background-size":"auto","background-attachment":"scroll","background-type":"","background-media":"","overlay-type":"","overlay-color":"","overlay-opacity":"","overlay-gradient":""},"mobile":{"background-color":"","background-image":"","background-repeat":"repeat","background-position":"center center","background-size":"auto","background-attachment":"scroll","background-type":"","background-media":"","overlay-type":"","overlay-color":"","overlay-opacity":"","overlay-gradient":""}},"ast-content-background-meta":{"desktop":{"background-color":"var(--ast-global-color-5)","background-image":"","background-repeat":"repeat","background-position":"center center","background-size":"auto","background-attachment":"scroll","background-type":"","background-media":"","overlay-type":"","overlay-color":"","overlay-opacity":"","overlay-gradient":""},"tablet":{"background-color":"var(--ast-global-color-5)","background-image":"","background-repeat":"repeat","background-position":"center center","background-size":"auto","background-attachment":"scroll","background-type":"","background-media":"","overlay-type":"","overlay-color":"","overlay-opacity":"","overlay-gradient":""},"mobile":{"background-color":"var(--ast-global-color-5)","background-image":"","background-repeat":"repeat","background-position":"center center","background-size":"auto","background-attachment":"scroll","background-type":"","background-media":"","overlay-type":"","overlay-color":"","overlay-opacity":"","overlay-gradient":""}}},"product_brand":[],"product_cat":[60,41,44,57,37,30,28],"product_tag":[],"class_list":{"0":"post-5188","1":"product","2":"type-product","3":"status-publish","4":"has-post-thumbnail","6":"product_cat-animaux-sauvages","7":"product_cat-bukowski","8":"product_cat-cadeaux-de-naissance","9":"product_cat-foret","10":"product_cat-lapin","11":"product_cat-ours","12":"product_cat-peluches","13":"product_shipping_class-expedition-intermediaire","14":"desktop-align-center","15":"tablet-align-left","16":"mobile-align-left","18":"first","19":"instock","20":"shipping-taxable","21":"purchasable","22":"product-type-simple"},"yoast_head":"<!-- This site is optimized with the Yoast SEO plugin v27.4 - https:\/\/yoast.com\/product\/yoast-seo-wordpress\/ -->\n<title>Hibou en Peluche - GREAT HOHO - BUKOWSKI - 25 cm - Marielle au Pays des Ours | Vente en ligne de peluches<\/title>\n<meta name=\"description\" content=\"vous \u00eates a la recherche du plus adorable des hibou en peluche ? Voici Great Hoho, venez le chercher sur notre site marielleaupaysdesours.fr\" \/>\n<meta name=\"robots\" content=\"index, follow, max-snippet:-1, max-image-preview:large, max-video-preview:-1\" \/>\n<link rel=\"canonical\" href=\"https:\/\/marielleaupaysdesours.fr\/index.php\/product\/hibou-en-peluche-great-hoho-bukowski-25-cm\/\" \/>\n<meta property=\"og:locale\" content=\"fr_FR\" \/>\n<meta property=\"og:type\" content=\"article\" \/>\n<meta property=\"og:title\" content=\"Hibou en Peluche - GREAT HOHO - BUKOWSKI - 25 cm - Marielle au Pays des Ours | Vente en ligne de peluches\" \/>\n<meta property=\"og:description\" content=\"vous \u00eates a la recherche du plus adorable des hibou en peluche ? Voici Great Hoho, venez le chercher sur notre site marielleaupaysdesours.fr\" \/>\n<meta property=\"og:url\" content=\"https:\/\/marielleaupaysdesours.fr\/index.php\/product\/hibou-en-peluche-great-hoho-bukowski-25-cm\/\" \/>\n<meta property=\"og:site_name\" content=\"Marielle au Pays des Ours | Vente en ligne de peluches\" \/>\n<meta property=\"article:modified_time\" content=\"2025-12-05T20:06:35+00:00\" \/>\n<meta property=\"og:image\" content=\"https:\/\/marielleaupaysdesours.fr\/wp-content\/uploads\/2023\/10\/Bukowski-Peluche-chouette-great-hoho-25-cm-24397.jpg\" \/>\n\t<meta property=\"og:image:width\" content=\"555\" \/>\n\t<meta property=\"og:image:height\" content=\"800\" \/>\n\t<meta property=\"og:image:type\" content=\"image\/jpeg\" \/>\n<meta name=\"twitter:card\" content=\"summary_large_image\" \/>\n<meta name=\"twitter:label1\" content=\"Dur\u00e9e de lecture estim\u00e9e\" \/>\n\t<meta name=\"twitter:data1\" content=\"2 minutes\" \/>\n<script type=\"application\/ld+json\" class=\"yoast-schema-graph\">{\"@context\":\"https:\\\/\\\/schema.org\",\"@graph\":[{\"@type\":\"WebPage\",\"@id\":\"https:\\\/\\\/marielleaupaysdesours.fr\\\/index.php\\\/product\\\/hibou-en-peluche-great-hoho-bukowski-25-cm\\\/\",\"url\":\"https:\\\/\\\/marielleaupaysdesours.fr\\\/index.php\\\/product\\\/hibou-en-peluche-great-hoho-bukowski-25-cm\\\/\",\"name\":\"Hibou en Peluche - GREAT HOHO - BUKOWSKI - 25 cm - Marielle au Pays des Ours | Vente en ligne de peluches\",\"isPartOf\":{\"@id\":\"https:\\\/\\\/marielleaupaysdesours.fr\\\/#website\"},\"primaryImageOfPage\":{\"@id\":\"https:\\\/\\\/marielleaupaysdesours.fr\\\/index.php\\\/product\\\/hibou-en-peluche-great-hoho-bukowski-25-cm\\\/#primaryimage\"},\"image\":{\"@id\":\"https:\\\/\\\/marielleaupaysdesours.fr\\\/index.php\\\/product\\\/hibou-en-peluche-great-hoho-bukowski-25-cm\\\/#primaryimage\"},\"thumbnailUrl\":\"https:\\\/\\\/marielleaupaysdesours.fr\\\/wp-content\\\/uploads\\\/2023\\\/10\\\/Bukowski-Peluche-chouette-great-hoho-25-cm-24397.jpg\",\"datePublished\":\"2023-10-19T16:24:03+00:00\",\"dateModified\":\"2025-12-05T20:06:35+00:00\",\"description\":\"vous \u00eates a la recherche du plus adorable des hibou en peluche ? Voici Great Hoho, venez le chercher sur notre site marielleaupaysdesours.fr\",\"breadcrumb\":{\"@id\":\"https:\\\/\\\/marielleaupaysdesours.fr\\\/index.php\\\/product\\\/hibou-en-peluche-great-hoho-bukowski-25-cm\\\/#breadcrumb\"},\"inLanguage\":\"fr-FR\",\"potentialAction\":[{\"@type\":\"ReadAction\",\"target\":[\"https:\\\/\\\/marielleaupaysdesours.fr\\\/index.php\\\/product\\\/hibou-en-peluche-great-hoho-bukowski-25-cm\\\/\"]}]},{\"@type\":\"ImageObject\",\"inLanguage\":\"fr-FR\",\"@id\":\"https:\\\/\\\/marielleaupaysdesours.fr\\\/index.php\\\/product\\\/hibou-en-peluche-great-hoho-bukowski-25-cm\\\/#primaryimage\",\"url\":\"https:\\\/\\\/marielleaupaysdesours.fr\\\/wp-content\\\/uploads\\\/2023\\\/10\\\/Bukowski-Peluche-chouette-great-hoho-25-cm-24397.jpg\",\"contentUrl\":\"https:\\\/\\\/marielleaupaysdesours.fr\\\/wp-content\\\/uploads\\\/2023\\\/10\\\/Bukowski-Peluche-chouette-great-hoho-25-cm-24397.jpg\",\"width\":555,\"height\":800,\"caption\":\"Hibou en Peluche - GREAT HOHO - BUKOWSKI - 25 cm\"},{\"@type\":\"BreadcrumbList\",\"@id\":\"https:\\\/\\\/marielleaupaysdesours.fr\\\/index.php\\\/product\\\/hibou-en-peluche-great-hoho-bukowski-25-cm\\\/#breadcrumb\",\"itemListElement\":[{\"@type\":\"ListItem\",\"position\":1,\"name\":\"Accueil\",\"item\":\"https:\\\/\\\/marielleaupaysdesours.fr\\\/\"},{\"@type\":\"ListItem\",\"position\":2,\"name\":\"Shop\",\"item\":\"https:\\\/\\\/marielleaupaysdesours.fr\\\/index.php\\\/shop\\\/\"},{\"@type\":\"ListItem\",\"position\":3,\"name\":\"Hibou en Peluche &#8211; GREAT HOHO &#8211; BUKOWSKI &#8211; 25 cm\"}]},{\"@type\":\"WebSite\",\"@id\":\"https:\\\/\\\/marielleaupaysdesours.fr\\\/#website\",\"url\":\"https:\\\/\\\/marielleaupaysdesours.fr\\\/\",\"name\":\"Marielle au Pays des Ours | Vente en ligne de peluches\",\"description\":\"vente en ligne de peluches\",\"publisher\":{\"@id\":\"https:\\\/\\\/marielleaupaysdesours.fr\\\/#organization\"},\"potentialAction\":[{\"@type\":\"SearchAction\",\"target\":{\"@type\":\"EntryPoint\",\"urlTemplate\":\"https:\\\/\\\/marielleaupaysdesours.fr\\\/?s={search_term_string}\"},\"query-input\":{\"@type\":\"PropertyValueSpecification\",\"valueRequired\":true,\"valueName\":\"search_term_string\"}}],\"inLanguage\":\"fr-FR\"},{\"@type\":\"Organization\",\"@id\":\"https:\\\/\\\/marielleaupaysdesours.fr\\\/#organization\",\"name\":\"Marielle au Pays des Ours | Vente en ligne de peluches\",\"url\":\"https:\\\/\\\/marielleaupaysdesours.fr\\\/\",\"logo\":{\"@type\":\"ImageObject\",\"inLanguage\":\"fr-FR\",\"@id\":\"https:\\\/\\\/marielleaupaysdesours.fr\\\/#\\\/schema\\\/logo\\\/image\\\/\",\"url\":\"https:\\\/\\\/marielleaupaysdesours.fr\\\/wp-content\\\/uploads\\\/2020\\\/10\\\/logo-marielle-light.jpg\",\"contentUrl\":\"https:\\\/\\\/marielleaupaysdesours.fr\\\/wp-content\\\/uploads\\\/2020\\\/10\\\/logo-marielle-light.jpg\",\"width\":500,\"height\":500,\"caption\":\"Marielle au Pays des Ours | Vente en ligne de peluches\"},\"image\":{\"@id\":\"https:\\\/\\\/marielleaupaysdesours.fr\\\/#\\\/schema\\\/logo\\\/image\\\/\"}}]}<\/script>\n<!-- \/ Yoast SEO plugin. -->","yoast_head_json":{"title":"Hibou en Peluche - GREAT HOHO - BUKOWSKI - 25 cm - Marielle au Pays des Ours | Vente en ligne de peluches","description":"vous \u00eates a la recherche du plus adorable des hibou en peluche ? Voici Great Hoho, venez le chercher sur notre site marielleaupaysdesours.fr","robots":{"index":"index","follow":"follow","max-snippet":"max-snippet:-1","max-image-preview":"max-image-preview:large","max-video-preview":"max-video-preview:-1"},"canonical":"https:\/\/marielleaupaysdesours.fr\/index.php\/product\/hibou-en-peluche-great-hoho-bukowski-25-cm\/","og_locale":"fr_FR","og_type":"article","og_title":"Hibou en Peluche - GREAT HOHO - BUKOWSKI - 25 cm - Marielle au Pays des Ours | Vente en ligne de peluches","og_description":"vous \u00eates a la recherche du plus adorable des hibou en peluche ? Voici Great Hoho, venez le chercher sur notre site marielleaupaysdesours.fr","og_url":"https:\/\/marielleaupaysdesours.fr\/index.php\/product\/hibou-en-peluche-great-hoho-bukowski-25-cm\/","og_site_name":"Marielle au Pays des Ours | Vente en ligne de peluches","article_modified_time":"2025-12-05T20:06:35+00:00","og_image":[{"width":555,"height":800,"url":"https:\/\/marielleaupaysdesours.fr\/wp-content\/uploads\/2023\/10\/Bukowski-Peluche-chouette-great-hoho-25-cm-24397.jpg","type":"image\/jpeg"}],"twitter_card":"summary_large_image","twitter_misc":{"Dur\u00e9e de lecture estim\u00e9e":"2 minutes"},"schema":{"@context":"https:\/\/schema.org","@graph":[{"@type":"WebPage","@id":"https:\/\/marielleaupaysdesours.fr\/index.php\/product\/hibou-en-peluche-great-hoho-bukowski-25-cm\/","url":"https:\/\/marielleaupaysdesours.fr\/index.php\/product\/hibou-en-peluche-great-hoho-bukowski-25-cm\/","name":"Hibou en Peluche - GREAT HOHO - BUKOWSKI - 25 cm - Marielle au Pays des Ours | Vente en ligne de peluches","isPartOf":{"@id":"https:\/\/marielleaupaysdesours.fr\/#website"},"primaryImageOfPage":{"@id":"https:\/\/marielleaupaysdesours.fr\/index.php\/product\/hibou-en-peluche-great-hoho-bukowski-25-cm\/#primaryimage"},"image":{"@id":"https:\/\/marielleaupaysdesours.fr\/index.php\/product\/hibou-en-peluche-great-hoho-bukowski-25-cm\/#primaryimage"},"thumbnailUrl":"https:\/\/marielleaupaysdesours.fr\/wp-content\/uploads\/2023\/10\/Bukowski-Peluche-chouette-great-hoho-25-cm-24397.jpg","datePublished":"2023-10-19T16:24:03+00:00","dateModified":"2025-12-05T20:06:35+00:00","description":"vous \u00eates a la recherche du plus adorable des hibou en peluche ? Voici Great Hoho, venez le chercher sur notre site marielleaupaysdesours.fr","breadcrumb":{"@id":"https:\/\/marielleaupaysdesours.fr\/index.php\/product\/hibou-en-peluche-great-hoho-bukowski-25-cm\/#breadcrumb"},"inLanguage":"fr-FR","potentialAction":[{"@type":"ReadAction","target":["https:\/\/marielleaupaysdesours.fr\/index.php\/product\/hibou-en-peluche-great-hoho-bukowski-25-cm\/"]}]},{"@type":"ImageObject","inLanguage":"fr-FR","@id":"https:\/\/marielleaupaysdesours.fr\/index.php\/product\/hibou-en-peluche-great-hoho-bukowski-25-cm\/#primaryimage","url":"https:\/\/marielleaupaysdesours.fr\/wp-content\/uploads\/2023\/10\/Bukowski-Peluche-chouette-great-hoho-25-cm-24397.jpg","contentUrl":"https:\/\/marielleaupaysdesours.fr\/wp-content\/uploads\/2023\/10\/Bukowski-Peluche-chouette-great-hoho-25-cm-24397.jpg","width":555,"height":800,"caption":"Hibou en Peluche - GREAT HOHO - BUKOWSKI - 25 cm"},{"@type":"BreadcrumbList","@id":"https:\/\/marielleaupaysdesours.fr\/index.php\/product\/hibou-en-peluche-great-hoho-bukowski-25-cm\/#breadcrumb","itemListElement":[{"@type":"ListItem","position":1,"name":"Accueil","item":"https:\/\/marielleaupaysdesours.fr\/"},{"@type":"ListItem","position":2,"name":"Shop","item":"https:\/\/marielleaupaysdesours.fr\/index.php\/shop\/"},{"@type":"ListItem","position":3,"name":"Hibou en Peluche &#8211; GREAT HOHO &#8211; BUKOWSKI &#8211; 25 cm"}]},{"@type":"WebSite","@id":"https:\/\/marielleaupaysdesours.fr\/#website","url":"https:\/\/marielleaupaysdesours.fr\/","name":"Marielle au Pays des Ours | Vente en ligne de peluches","description":"vente en ligne de peluches","publisher":{"@id":"https:\/\/marielleaupaysdesours.fr\/#organization"},"potentialAction":[{"@type":"SearchAction","target":{"@type":"EntryPoint","urlTemplate":"https:\/\/marielleaupaysdesours.fr\/?s={search_term_string}"},"query-input":{"@type":"PropertyValueSpecification","valueRequired":true,"valueName":"search_term_string"}}],"inLanguage":"fr-FR"},{"@type":"Organization","@id":"https:\/\/marielleaupaysdesours.fr\/#organization","name":"Marielle au Pays des Ours | Vente en ligne de peluches","url":"https:\/\/marielleaupaysdesours.fr\/","logo":{"@type":"ImageObject","inLanguage":"fr-FR","@id":"https:\/\/marielleaupaysdesours.fr\/#\/schema\/logo\/image\/","url":"https:\/\/marielleaupaysdesours.fr\/wp-content\/uploads\/2020\/10\/logo-marielle-light.jpg","contentUrl":"https:\/\/marielleaupaysdesours.fr\/wp-content\/uploads\/2020\/10\/logo-marielle-light.jpg","width":500,"height":500,"caption":"Marielle au Pays des Ours | Vente en ligne de peluches"},"image":{"@id":"https:\/\/marielleaupaysdesours.fr\/#\/schema\/logo\/image\/"}}]}},"jetpack_sharing_enabled":true,"_links":{"self":[{"href":"https:\/\/marielleaupaysdesours.fr\/index.php\/wp-json\/wp\/v2\/product\/5188","targetHints":{"allow":["GET"]}}],"collection":[{"href":"https:\/\/marielleaupaysdesours.fr\/index.php\/wp-json\/wp\/v2\/product"}],"about":[{"href":"https:\/\/marielleaupaysdesours.fr\/index.php\/wp-json\/wp\/v2\/types\/product"}],"replies":[{"embeddable":true,"href":"https:\/\/marielleaupaysdesours.fr\/index.php\/wp-json\/wp\/v2\/comments?post=5188"}],"version-history":[{"count":6,"href":"https:\/\/marielleaupaysdesours.fr\/index.php\/wp-json\/wp\/v2\/product\/5188\/revisions"}],"predecessor-version":[{"id":5399,"href":"https:\/\/marielleaupaysdesours.fr\/index.php\/wp-json\/wp\/v2\/product\/5188\/revisions\/5399"}],"wp:featuredmedia":[{"embeddable":true,"href":"https:\/\/marielleaupaysdesours.fr\/index.php\/wp-json\/wp\/v2\/media\/5189"}],"wp:attachment":[{"href":"https:\/\/marielleaupaysdesours.fr\/index.php\/wp-json\/wp\/v2\/media?parent=5188"}],"wp:term":[{"taxonomy":"product_brand","embeddable":true,"href":"https:\/\/marielleaupaysdesours.fr\/index.php\/wp-json\/wp\/v2\/product_brand?post=5188"},{"taxonomy":"product_cat","embeddable":true,"href":"https:\/\/marielleaupaysdesours.fr\/index.php\/wp-json\/wp\/v2\/product_cat?post=5188"},{"taxonomy":"product_tag","embeddable":true,"href":"https:\/\/marielleaupaysdesours.fr\/index.php\/wp-json\/wp\/v2\/product_tag?post=5188"}],"curies":[{"name":"wp","href":"https:\/\/api.w.org\/{rel}","templated":true}]}}