{"id":5083,"date":"2023-10-10T16:14:45","date_gmt":"2023-10-10T14:14:45","guid":{"rendered":"https:\/\/marielleaupaysdesours.fr\/?post_type=product&#038;p=5083"},"modified":"2025-11-27T11:54:52","modified_gmt":"2025-11-27T10:54:52","slug":"mighty-mammouth-en-peluche-charlie-bears-2023-copie","status":"publish","type":"product","link":"https:\/\/marielleaupaysdesours.fr\/index.php\/product\/mighty-mammouth-en-peluche-charlie-bears-2023-copie\/","title":{"rendered":"Mammouth Laineux en Peluche MIGHTY &#8211; Charlie Bears 2023"},"content":{"rendered":"<p>Le <strong>Mammouth laineux en peluche Mighty<\/strong> de<a href=\"https:\/\/marielleaupaysdesours.fr\/index.php\/peluches-charlie-bears\/\"><strong> Charlie Bears\u00a0<\/strong><\/a> est magnifique et un gros \u00e9l\u00e9phant tr\u00e8s poilu.<br \/>\nIl est cousu \u00e0 partir d&rsquo;une luxueuse peluche, somptueusement dense et douce, \u00e0 poils longs, aux nuances brun chocolat.<br \/>\nSa t\u00eate plus haute, sa longue trompe et ses deux d\u00e9fenses le caract\u00e9risent vraiment bien.<br \/>\nLe tour de ses yeux, le dessous de ses pattes ont des poils courts plus clairs.<\/p>\n<p>Collection 2023 &#8211; Trimestre 2 &#8211; Bearhouse Bears en peluche<br \/>\nTaille de 39 cm &#8211;<br \/>\nNon Articul\u00e9<br \/>\nLavable en machine<br \/>\nRecommand\u00e9 d\u00e8s l&rsquo;\u00e2ge de 18 Mois<br \/>\nTest\u00e9 normes de s\u00e9curit\u00e9 europ\u00e9ennes EN71<br \/>\nTous les personnages de la collection Bearhouse Bears de 2023 ont tous \u00e9t\u00e9 inspir\u00e9s par des animaux aujourd&rsquo;hui disparus.<br \/>\nCependant, ils ont laiss\u00e9 leurs empreintes \u00e0 travers le temps.<\/p>\n<p>Les ours et les cr\u00e9ations en peluches de<a href=\"https:\/\/www.charliebears.com\/\"><strong> Charlie Bears<\/strong><\/a> connaissent un v\u00e9ritable succ\u00e8s dans le monde merveilleux des peluches pour leur qualit\u00e9 de fabrication mais aussi pour l\u2019expression unique de leur minois, leur regard profond et expressif, ce qui fait que chaque peluche et unique et attachante. Ces peluches d\u2019exception se d\u00e9clinent en 4 superbes collections, toutes cr\u00e9\u00e9es par Charlotte Morris (dit Charlie).<\/p>\n<p>&nbsp;<\/p>\n<p>Alors, pour en savoir plus sur Le <strong>Mammouth laineux en peluche Mighty<\/strong> de<strong> Charlie Bears,<\/strong> contactez-nous !<\/p>\n","protected":false},"excerpt":{"rendered":"<p>Les ours en peluches et les cr\u00e9ations de Charlie Bears sont tr\u00e8s connus dans le monde merveilleux des peluches pour leur qualit\u00e9 de fabrication mais aussi pour l\u2019expression unique de leur minois, leur regard profond et expressif, ce qui fait que chaque peluche et unique et attachante. Ces peluches d\u2019exception se d\u00e9clinent en 4 superbes collections, toutes cr\u00e9\u00e9es par Charlotte Morris (dit Charlie).<br \/>\nVoici MIGHTY le mammouth laineux, un magnifique mammouth de la collection 2023<br \/>\n&#8230;. Il y a toujours de la place pour un ours de plus!<\/p>\n","protected":false},"featured_media":5084,"comment_status":"closed","ping_status":"closed","template":"","meta":{"_monsterinsights_skip_tracking":false,"_monsterinsights_sitenote_active":false,"_monsterinsights_sitenote_note":"","_monsterinsights_sitenote_category":0,"site-sidebar-layout":"default","site-content-layout":"default","ast-site-content-layout":"default","site-content-style":"default","site-sidebar-style":"default","ast-global-header-display":"","ast-banner-title-visibility":"","ast-main-header-display":"","ast-hfb-above-header-display":"","ast-hfb-below-header-display":"","ast-hfb-mobile-header-display":"","site-post-title":"","ast-breadcrumbs-content":"","ast-featured-img":"","footer-sml-layout":"","ast-disable-related-posts":"","theme-transparent-header-meta":"default","adv-header-id-meta":"","stick-header-meta":"","header-above-stick-meta":"","header-main-stick-meta":"","header-below-stick-meta":"","astra-migrate-meta-layouts":"set","ast-page-background-enabled":"default","ast-page-background-meta":{"desktop":{"background-color":"","background-image":"","background-repeat":"repeat","background-position":"center center","background-size":"auto","background-attachment":"scroll","background-type":"","background-media":"","overlay-type":"","overlay-color":"","overlay-opacity":"","overlay-gradient":""},"tablet":{"background-color":"","background-image":"","background-repeat":"repeat","background-position":"center center","background-size":"auto","background-attachment":"scroll","background-type":"","background-media":"","overlay-type":"","overlay-color":"","overlay-opacity":"","overlay-gradient":""},"mobile":{"background-color":"","background-image":"","background-repeat":"repeat","background-position":"center center","background-size":"auto","background-attachment":"scroll","background-type":"","background-media":"","overlay-type":"","overlay-color":"","overlay-opacity":"","overlay-gradient":""}},"ast-content-background-meta":{"desktop":{"background-color":"var(--ast-global-color-5)","background-image":"","background-repeat":"repeat","background-position":"center center","background-size":"auto","background-attachment":"scroll","background-type":"","background-media":"","overlay-type":"","overlay-color":"","overlay-opacity":"","overlay-gradient":""},"tablet":{"background-color":"var(--ast-global-color-5)","background-image":"","background-repeat":"repeat","background-position":"center center","background-size":"auto","background-attachment":"scroll","background-type":"","background-media":"","overlay-type":"","overlay-color":"","overlay-opacity":"","overlay-gradient":""},"mobile":{"background-color":"var(--ast-global-color-5)","background-image":"","background-repeat":"repeat","background-position":"center center","background-size":"auto","background-attachment":"scroll","background-type":"","background-media":"","overlay-type":"","overlay-color":"","overlay-opacity":"","overlay-gradient":""}}},"product_brand":[],"product_cat":[56,42,30,29],"product_tag":[],"class_list":{"0":"post-5083","1":"product","2":"type-product","3":"status-publish","4":"has-post-thumbnail","6":"product_cat-animaux-de-la-foret","7":"product_cat-charlie-bears-peluches-collection","8":"product_cat-ours","9":"product_cat-collection","10":"product_shipping_class-peluches-grande-taille","11":"desktop-align-center","12":"tablet-align-left","13":"mobile-align-left","15":"first","16":"instock","17":"shipping-taxable","18":"purchasable","19":"product-type-simple"},"yoast_head":"<!-- This site is optimized with the Yoast SEO plugin v27.4 - https:\/\/yoast.com\/product\/yoast-seo-wordpress\/ -->\n<title>Mammouth Laineux en Peluche MIGHTY - Charlie Bears 2023<\/title>\n<meta name=\"description\" content=\"Voici Mighty le mammouth laineux en peluche 2023 par Charlie Bears, doux, tendre et original, magnifique, venez le chercher sur marielleaupaysdesours.fr\" \/>\n<meta name=\"robots\" content=\"index, follow, max-snippet:-1, max-image-preview:large, max-video-preview:-1\" \/>\n<link rel=\"canonical\" href=\"https:\/\/marielleaupaysdesours.fr\/index.php\/product\/mighty-mammouth-en-peluche-charlie-bears-2023-copie\/\" \/>\n<meta property=\"og:locale\" content=\"fr_FR\" \/>\n<meta property=\"og:type\" content=\"article\" \/>\n<meta property=\"og:title\" content=\"Mammouth Laineux en Peluche MIGHTY - Charlie Bears 2023\" \/>\n<meta property=\"og:description\" content=\"Voici Mighty le mammouth laineux en peluche 2023 par Charlie Bears, doux, tendre et original, magnifique, venez le chercher sur marielleaupaysdesours.fr\" \/>\n<meta property=\"og:url\" content=\"https:\/\/marielleaupaysdesours.fr\/index.php\/product\/mighty-mammouth-en-peluche-charlie-bears-2023-copie\/\" \/>\n<meta property=\"og:site_name\" content=\"Marielle au Pays des Ours | Vente en ligne de peluches\" \/>\n<meta property=\"article:modified_time\" content=\"2025-11-27T10:54:52+00:00\" \/>\n<meta property=\"og:image\" content=\"https:\/\/marielleaupaysdesours.fr\/wp-content\/uploads\/2023\/10\/Capture-web_10-10-2023_162525_www.charliebears.com_.jpeg\" \/>\n\t<meta property=\"og:image:width\" content=\"482\" \/>\n\t<meta property=\"og:image:height\" content=\"592\" \/>\n\t<meta property=\"og:image:type\" content=\"image\/jpeg\" \/>\n<meta name=\"twitter:card\" content=\"summary_large_image\" \/>\n<meta name=\"twitter:label1\" content=\"Dur\u00e9e de lecture estim\u00e9e\" \/>\n\t<meta name=\"twitter:data1\" content=\"2 minutes\" \/>\n<script type=\"application\/ld+json\" class=\"yoast-schema-graph\">{\"@context\":\"https:\\\/\\\/schema.org\",\"@graph\":[{\"@type\":\"WebPage\",\"@id\":\"https:\\\/\\\/marielleaupaysdesours.fr\\\/index.php\\\/product\\\/mighty-mammouth-en-peluche-charlie-bears-2023-copie\\\/\",\"url\":\"https:\\\/\\\/marielleaupaysdesours.fr\\\/index.php\\\/product\\\/mighty-mammouth-en-peluche-charlie-bears-2023-copie\\\/\",\"name\":\"Mammouth Laineux en Peluche MIGHTY - Charlie Bears 2023\",\"isPartOf\":{\"@id\":\"https:\\\/\\\/marielleaupaysdesours.fr\\\/#website\"},\"primaryImageOfPage\":{\"@id\":\"https:\\\/\\\/marielleaupaysdesours.fr\\\/index.php\\\/product\\\/mighty-mammouth-en-peluche-charlie-bears-2023-copie\\\/#primaryimage\"},\"image\":{\"@id\":\"https:\\\/\\\/marielleaupaysdesours.fr\\\/index.php\\\/product\\\/mighty-mammouth-en-peluche-charlie-bears-2023-copie\\\/#primaryimage\"},\"thumbnailUrl\":\"https:\\\/\\\/marielleaupaysdesours.fr\\\/wp-content\\\/uploads\\\/2023\\\/10\\\/Capture-web_10-10-2023_162525_www.charliebears.com_.jpeg\",\"datePublished\":\"2023-10-10T14:14:45+00:00\",\"dateModified\":\"2025-11-27T10:54:52+00:00\",\"description\":\"Voici Mighty le mammouth laineux en peluche 2023 par Charlie Bears, doux, tendre et original, magnifique, venez le chercher sur marielleaupaysdesours.fr\",\"breadcrumb\":{\"@id\":\"https:\\\/\\\/marielleaupaysdesours.fr\\\/index.php\\\/product\\\/mighty-mammouth-en-peluche-charlie-bears-2023-copie\\\/#breadcrumb\"},\"inLanguage\":\"fr-FR\",\"potentialAction\":[{\"@type\":\"ReadAction\",\"target\":[\"https:\\\/\\\/marielleaupaysdesours.fr\\\/index.php\\\/product\\\/mighty-mammouth-en-peluche-charlie-bears-2023-copie\\\/\"]}]},{\"@type\":\"ImageObject\",\"inLanguage\":\"fr-FR\",\"@id\":\"https:\\\/\\\/marielleaupaysdesours.fr\\\/index.php\\\/product\\\/mighty-mammouth-en-peluche-charlie-bears-2023-copie\\\/#primaryimage\",\"url\":\"https:\\\/\\\/marielleaupaysdesours.fr\\\/wp-content\\\/uploads\\\/2023\\\/10\\\/Capture-web_10-10-2023_162525_www.charliebears.com_.jpeg\",\"contentUrl\":\"https:\\\/\\\/marielleaupaysdesours.fr\\\/wp-content\\\/uploads\\\/2023\\\/10\\\/Capture-web_10-10-2023_162525_www.charliebears.com_.jpeg\",\"width\":482,\"height\":592,\"caption\":\"Mammouth Laineux en Peluche MIGHTY - Charlie Bears 2023\"},{\"@type\":\"BreadcrumbList\",\"@id\":\"https:\\\/\\\/marielleaupaysdesours.fr\\\/index.php\\\/product\\\/mighty-mammouth-en-peluche-charlie-bears-2023-copie\\\/#breadcrumb\",\"itemListElement\":[{\"@type\":\"ListItem\",\"position\":1,\"name\":\"Accueil\",\"item\":\"https:\\\/\\\/marielleaupaysdesours.fr\\\/\"},{\"@type\":\"ListItem\",\"position\":2,\"name\":\"Shop\",\"item\":\"https:\\\/\\\/marielleaupaysdesours.fr\\\/index.php\\\/shop\\\/\"},{\"@type\":\"ListItem\",\"position\":3,\"name\":\"Mammouth Laineux en Peluche MIGHTY &#8211; Charlie Bears 2023\"}]},{\"@type\":\"WebSite\",\"@id\":\"https:\\\/\\\/marielleaupaysdesours.fr\\\/#website\",\"url\":\"https:\\\/\\\/marielleaupaysdesours.fr\\\/\",\"name\":\"Marielle au Pays des Ours | Vente en ligne de peluches\",\"description\":\"vente en ligne de peluches\",\"publisher\":{\"@id\":\"https:\\\/\\\/marielleaupaysdesours.fr\\\/#organization\"},\"potentialAction\":[{\"@type\":\"SearchAction\",\"target\":{\"@type\":\"EntryPoint\",\"urlTemplate\":\"https:\\\/\\\/marielleaupaysdesours.fr\\\/?s={search_term_string}\"},\"query-input\":{\"@type\":\"PropertyValueSpecification\",\"valueRequired\":true,\"valueName\":\"search_term_string\"}}],\"inLanguage\":\"fr-FR\"},{\"@type\":\"Organization\",\"@id\":\"https:\\\/\\\/marielleaupaysdesours.fr\\\/#organization\",\"name\":\"Marielle au Pays des Ours | Vente en ligne de peluches\",\"url\":\"https:\\\/\\\/marielleaupaysdesours.fr\\\/\",\"logo\":{\"@type\":\"ImageObject\",\"inLanguage\":\"fr-FR\",\"@id\":\"https:\\\/\\\/marielleaupaysdesours.fr\\\/#\\\/schema\\\/logo\\\/image\\\/\",\"url\":\"https:\\\/\\\/marielleaupaysdesours.fr\\\/wp-content\\\/uploads\\\/2020\\\/10\\\/logo-marielle-light.jpg\",\"contentUrl\":\"https:\\\/\\\/marielleaupaysdesours.fr\\\/wp-content\\\/uploads\\\/2020\\\/10\\\/logo-marielle-light.jpg\",\"width\":500,\"height\":500,\"caption\":\"Marielle au Pays des Ours | Vente en ligne de peluches\"},\"image\":{\"@id\":\"https:\\\/\\\/marielleaupaysdesours.fr\\\/#\\\/schema\\\/logo\\\/image\\\/\"}}]}<\/script>\n<!-- \/ Yoast SEO plugin. -->","yoast_head_json":{"title":"Mammouth Laineux en Peluche MIGHTY - Charlie Bears 2023","description":"Voici Mighty le mammouth laineux en peluche 2023 par Charlie Bears, doux, tendre et original, magnifique, venez le chercher sur marielleaupaysdesours.fr","robots":{"index":"index","follow":"follow","max-snippet":"max-snippet:-1","max-image-preview":"max-image-preview:large","max-video-preview":"max-video-preview:-1"},"canonical":"https:\/\/marielleaupaysdesours.fr\/index.php\/product\/mighty-mammouth-en-peluche-charlie-bears-2023-copie\/","og_locale":"fr_FR","og_type":"article","og_title":"Mammouth Laineux en Peluche MIGHTY - Charlie Bears 2023","og_description":"Voici Mighty le mammouth laineux en peluche 2023 par Charlie Bears, doux, tendre et original, magnifique, venez le chercher sur marielleaupaysdesours.fr","og_url":"https:\/\/marielleaupaysdesours.fr\/index.php\/product\/mighty-mammouth-en-peluche-charlie-bears-2023-copie\/","og_site_name":"Marielle au Pays des Ours | Vente en ligne de peluches","article_modified_time":"2025-11-27T10:54:52+00:00","og_image":[{"width":482,"height":592,"url":"https:\/\/marielleaupaysdesours.fr\/wp-content\/uploads\/2023\/10\/Capture-web_10-10-2023_162525_www.charliebears.com_.jpeg","type":"image\/jpeg"}],"twitter_card":"summary_large_image","twitter_misc":{"Dur\u00e9e de lecture estim\u00e9e":"2 minutes"},"schema":{"@context":"https:\/\/schema.org","@graph":[{"@type":"WebPage","@id":"https:\/\/marielleaupaysdesours.fr\/index.php\/product\/mighty-mammouth-en-peluche-charlie-bears-2023-copie\/","url":"https:\/\/marielleaupaysdesours.fr\/index.php\/product\/mighty-mammouth-en-peluche-charlie-bears-2023-copie\/","name":"Mammouth Laineux en Peluche MIGHTY - Charlie Bears 2023","isPartOf":{"@id":"https:\/\/marielleaupaysdesours.fr\/#website"},"primaryImageOfPage":{"@id":"https:\/\/marielleaupaysdesours.fr\/index.php\/product\/mighty-mammouth-en-peluche-charlie-bears-2023-copie\/#primaryimage"},"image":{"@id":"https:\/\/marielleaupaysdesours.fr\/index.php\/product\/mighty-mammouth-en-peluche-charlie-bears-2023-copie\/#primaryimage"},"thumbnailUrl":"https:\/\/marielleaupaysdesours.fr\/wp-content\/uploads\/2023\/10\/Capture-web_10-10-2023_162525_www.charliebears.com_.jpeg","datePublished":"2023-10-10T14:14:45+00:00","dateModified":"2025-11-27T10:54:52+00:00","description":"Voici Mighty le mammouth laineux en peluche 2023 par Charlie Bears, doux, tendre et original, magnifique, venez le chercher sur marielleaupaysdesours.fr","breadcrumb":{"@id":"https:\/\/marielleaupaysdesours.fr\/index.php\/product\/mighty-mammouth-en-peluche-charlie-bears-2023-copie\/#breadcrumb"},"inLanguage":"fr-FR","potentialAction":[{"@type":"ReadAction","target":["https:\/\/marielleaupaysdesours.fr\/index.php\/product\/mighty-mammouth-en-peluche-charlie-bears-2023-copie\/"]}]},{"@type":"ImageObject","inLanguage":"fr-FR","@id":"https:\/\/marielleaupaysdesours.fr\/index.php\/product\/mighty-mammouth-en-peluche-charlie-bears-2023-copie\/#primaryimage","url":"https:\/\/marielleaupaysdesours.fr\/wp-content\/uploads\/2023\/10\/Capture-web_10-10-2023_162525_www.charliebears.com_.jpeg","contentUrl":"https:\/\/marielleaupaysdesours.fr\/wp-content\/uploads\/2023\/10\/Capture-web_10-10-2023_162525_www.charliebears.com_.jpeg","width":482,"height":592,"caption":"Mammouth Laineux en Peluche MIGHTY - Charlie Bears 2023"},{"@type":"BreadcrumbList","@id":"https:\/\/marielleaupaysdesours.fr\/index.php\/product\/mighty-mammouth-en-peluche-charlie-bears-2023-copie\/#breadcrumb","itemListElement":[{"@type":"ListItem","position":1,"name":"Accueil","item":"https:\/\/marielleaupaysdesours.fr\/"},{"@type":"ListItem","position":2,"name":"Shop","item":"https:\/\/marielleaupaysdesours.fr\/index.php\/shop\/"},{"@type":"ListItem","position":3,"name":"Mammouth Laineux en Peluche MIGHTY &#8211; Charlie Bears 2023"}]},{"@type":"WebSite","@id":"https:\/\/marielleaupaysdesours.fr\/#website","url":"https:\/\/marielleaupaysdesours.fr\/","name":"Marielle au Pays des Ours | Vente en ligne de peluches","description":"vente en ligne de peluches","publisher":{"@id":"https:\/\/marielleaupaysdesours.fr\/#organization"},"potentialAction":[{"@type":"SearchAction","target":{"@type":"EntryPoint","urlTemplate":"https:\/\/marielleaupaysdesours.fr\/?s={search_term_string}"},"query-input":{"@type":"PropertyValueSpecification","valueRequired":true,"valueName":"search_term_string"}}],"inLanguage":"fr-FR"},{"@type":"Organization","@id":"https:\/\/marielleaupaysdesours.fr\/#organization","name":"Marielle au Pays des Ours | Vente en ligne de peluches","url":"https:\/\/marielleaupaysdesours.fr\/","logo":{"@type":"ImageObject","inLanguage":"fr-FR","@id":"https:\/\/marielleaupaysdesours.fr\/#\/schema\/logo\/image\/","url":"https:\/\/marielleaupaysdesours.fr\/wp-content\/uploads\/2020\/10\/logo-marielle-light.jpg","contentUrl":"https:\/\/marielleaupaysdesours.fr\/wp-content\/uploads\/2020\/10\/logo-marielle-light.jpg","width":500,"height":500,"caption":"Marielle au Pays des Ours | Vente en ligne de peluches"},"image":{"@id":"https:\/\/marielleaupaysdesours.fr\/#\/schema\/logo\/image\/"}}]}},"jetpack_sharing_enabled":true,"_links":{"self":[{"href":"https:\/\/marielleaupaysdesours.fr\/index.php\/wp-json\/wp\/v2\/product\/5083","targetHints":{"allow":["GET"]}}],"collection":[{"href":"https:\/\/marielleaupaysdesours.fr\/index.php\/wp-json\/wp\/v2\/product"}],"about":[{"href":"https:\/\/marielleaupaysdesours.fr\/index.php\/wp-json\/wp\/v2\/types\/product"}],"replies":[{"embeddable":true,"href":"https:\/\/marielleaupaysdesours.fr\/index.php\/wp-json\/wp\/v2\/comments?post=5083"}],"version-history":[{"count":4,"href":"https:\/\/marielleaupaysdesours.fr\/index.php\/wp-json\/wp\/v2\/product\/5083\/revisions"}],"predecessor-version":[{"id":5129,"href":"https:\/\/marielleaupaysdesours.fr\/index.php\/wp-json\/wp\/v2\/product\/5083\/revisions\/5129"}],"wp:featuredmedia":[{"embeddable":true,"href":"https:\/\/marielleaupaysdesours.fr\/index.php\/wp-json\/wp\/v2\/media\/5084"}],"wp:attachment":[{"href":"https:\/\/marielleaupaysdesours.fr\/index.php\/wp-json\/wp\/v2\/media?parent=5083"}],"wp:term":[{"taxonomy":"product_brand","embeddable":true,"href":"https:\/\/marielleaupaysdesours.fr\/index.php\/wp-json\/wp\/v2\/product_brand?post=5083"},{"taxonomy":"product_cat","embeddable":true,"href":"https:\/\/marielleaupaysdesours.fr\/index.php\/wp-json\/wp\/v2\/product_cat?post=5083"},{"taxonomy":"product_tag","embeddable":true,"href":"https:\/\/marielleaupaysdesours.fr\/index.php\/wp-json\/wp\/v2\/product_tag?post=5083"}],"curies":[{"name":"wp","href":"https:\/\/api.w.org\/{rel}","templated":true}]}}