{"id":4968,"date":"2023-07-20T18:24:57","date_gmt":"2023-07-20T16:24:57","guid":{"rendered":"https:\/\/marielleaupaysdesours.fr\/?post_type=product&#038;p=4968"},"modified":"2025-11-27T11:55:12","modified_gmt":"2025-11-27T10:55:12","slug":"peluche-ours-noon-charlie-bears-2023-copie","status":"publish","type":"product","link":"https:\/\/marielleaupaysdesours.fr\/index.php\/product\/peluche-ours-noon-charlie-bears-2023-copie\/","title":{"rendered":"Peluche Ours NOON Charlie Bears 2023"},"content":{"rendered":"<p><strong>La Peluche Ours Noon<\/strong> fait partie de la Collection <strong>The Clock Tower 2023<\/strong>&#8230;.<\/p>\n<p>Voici <strong>Noon<\/strong> qui est superbement r\u00e9alis\u00e9 \u00e0 partir d&rsquo;une luxueuse peluche dense et brillante \u00e0 poils courts, aux nuances de brun et bleu. Noon est un ours charismatique.<br \/>\nLe dessous de ses poils est bleu alors que le dessus est brun.<br \/>\nIl a un visage craquant, un museau bleut\u00e9 bien taill\u00e9 \u00e0 poils ras et un nez brun cir\u00e9 cousu \u00e0 la main.<br \/>\nIl a de grands yeux brillants expressifs, ce qui lui donne un regard fou .<br \/>\nSes coussinets en su\u00e9dine sont lisses.<\/p>\n<p>Noon porte un beau n\u0153ud brun en organza autour du cou, ce qui compl\u00e8te \u00e0 merveille sa personnalit\u00e9.<\/p>\n<p>Collection 2023 &#8211; <a href=\"https:\/\/marielleaupaysdesours.fr\/index.php\/peluches-charlie-bears\/\">Charlie Bears en peluche<\/a><br \/>\nTaille de 33 cm<br \/>\nArticul\u00e9 et Lavable d\u00e9licatement 30\u00b0 en surface<br \/>\nRecommand\u00e9 d\u00e8s l&rsquo;\u00e2ge de 3 ans<br \/>\nTest\u00e9 normes de s\u00e9curit\u00e9 europ\u00e9ennes EN71<\/p>\n<p>Les ours et les cr\u00e9ations en peluches de <a href=\"https:\/\/www.charliebears.com\/\"><strong>Charlie Bears<\/strong><\/a> sont tr\u00e8s connus dans le monde merveilleux des peluches pour leur qualit\u00e9 de fabrication mais aussi pour l\u2019expression unique de leur minois, leur regard profond et expressif, ce qui fait que chaque peluche et unique et attachante. Ces peluches d\u2019exception se d\u00e9clinent en 4 superbes collections, toutes cr\u00e9\u00e9es par Charlotte Morris (dit Charlie).<\/p>\n<p>&#8230;. Il y a toujours de la place pour un ours de plus !<\/p>\n<p>&nbsp;<\/p>\n<p>Pour en savoir plus sur la <strong>peluche Ours Noon<\/strong> de Charlie Bears, vous pouvez nous contacter pour nous poser toutes vos questions. Nous serons ravis de vous r\u00e9pondre. En tant que passionn\u00e9s des Peluches, nous mettons beaucoup de soin \u00e0 vous apporter un service client de qualit\u00e9.<\/p>\n","protected":false},"excerpt":{"rendered":"<p>Les ours en peluches de Charlie Bears sont tr\u00e8s connus dans le monde merveilleux des peluches pour leur qualit\u00e9 de fabrication mais aussi pour l\u2019expression unique de leur minois, leur regard profond et expressif, ce qui fait que chaque peluche et unique et attachante. Ces peluches d\u2019exception se d\u00e9clinent en 4 superbes collections, toutes cr\u00e9\u00e9es par Charlotte Morris (dit Charlie).<br \/>\nVoici Noon, il est absolument craquant<br \/>\n&#8230;. Il y a toujours de la place pour un ours de plus!<\/p>\n","protected":false},"featured_media":4970,"comment_status":"closed","ping_status":"closed","template":"","meta":{"_monsterinsights_skip_tracking":false,"_monsterinsights_sitenote_active":false,"_monsterinsights_sitenote_note":"","_monsterinsights_sitenote_category":0,"site-sidebar-layout":"default","site-content-layout":"default","ast-site-content-layout":"default","site-content-style":"default","site-sidebar-style":"default","ast-global-header-display":"","ast-banner-title-visibility":"","ast-main-header-display":"","ast-hfb-above-header-display":"","ast-hfb-below-header-display":"","ast-hfb-mobile-header-display":"","site-post-title":"","ast-breadcrumbs-content":"","ast-featured-img":"","footer-sml-layout":"","ast-disable-related-posts":"","theme-transparent-header-meta":"default","adv-header-id-meta":"","stick-header-meta":"","header-above-stick-meta":"","header-main-stick-meta":"","header-below-stick-meta":"","astra-migrate-meta-layouts":"default","ast-page-background-enabled":"default","ast-page-background-meta":{"desktop":{"background-color":"","background-image":"","background-repeat":"repeat","background-position":"center center","background-size":"auto","background-attachment":"scroll","background-type":"","background-media":"","overlay-type":"","overlay-color":"","overlay-opacity":"","overlay-gradient":""},"tablet":{"background-color":"","background-image":"","background-repeat":"repeat","background-position":"center center","background-size":"auto","background-attachment":"scroll","background-type":"","background-media":"","overlay-type":"","overlay-color":"","overlay-opacity":"","overlay-gradient":""},"mobile":{"background-color":"","background-image":"","background-repeat":"repeat","background-position":"center center","background-size":"auto","background-attachment":"scroll","background-type":"","background-media":"","overlay-type":"","overlay-color":"","overlay-opacity":"","overlay-gradient":""}},"ast-content-background-meta":{"desktop":{"background-color":"var(--ast-global-color-5)","background-image":"","background-repeat":"repeat","background-position":"center center","background-size":"auto","background-attachment":"scroll","background-type":"","background-media":"","overlay-type":"","overlay-color":"","overlay-opacity":"","overlay-gradient":""},"tablet":{"background-color":"var(--ast-global-color-5)","background-image":"","background-repeat":"repeat","background-position":"center center","background-size":"auto","background-attachment":"scroll","background-type":"","background-media":"","overlay-type":"","overlay-color":"","overlay-opacity":"","overlay-gradient":""},"mobile":{"background-color":"var(--ast-global-color-5)","background-image":"","background-repeat":"repeat","background-position":"center center","background-size":"auto","background-attachment":"scroll","background-type":"","background-media":"","overlay-type":"","overlay-color":"","overlay-opacity":"","overlay-gradient":""}}},"product_brand":[],"product_cat":[56,42,30,29],"product_tag":[],"class_list":{"0":"post-4968","1":"product","2":"type-product","3":"status-publish","4":"has-post-thumbnail","6":"product_cat-animaux-de-la-foret","7":"product_cat-charlie-bears-peluches-collection","8":"product_cat-ours","9":"product_cat-collection","10":"product_shipping_class-peluches-grande-taille","11":"desktop-align-center","12":"tablet-align-left","13":"mobile-align-left","15":"first","16":"instock","17":"shipping-taxable","18":"purchasable","19":"product-type-simple"},"yoast_head":"<!-- This site is optimized with the Yoast SEO plugin v27.5 - https:\/\/yoast.com\/product\/yoast-seo-wordpress\/ -->\n<title>Peluche Ours NOON Charlie Bears 2023<\/title>\n<meta name=\"description\" content=\"Voici noon l&#039;ours en peluche 2023 par Charlie Bears, doux ,tendre et original , il est parfait pour vous, venez le chercher sur marielleaupaysdesours.fr\" \/>\n<meta name=\"robots\" content=\"index, follow, max-snippet:-1, max-image-preview:large, max-video-preview:-1\" \/>\n<link rel=\"canonical\" href=\"https:\/\/marielleaupaysdesours.fr\/index.php\/product\/peluche-ours-noon-charlie-bears-2023-copie\/\" \/>\n<meta property=\"og:locale\" content=\"fr_FR\" \/>\n<meta property=\"og:type\" content=\"article\" \/>\n<meta property=\"og:title\" content=\"Peluche Ours NOON Charlie Bears 2023\" \/>\n<meta property=\"og:description\" content=\"Voici noon l&#039;ours en peluche 2023 par Charlie Bears, doux ,tendre et original , il est parfait pour vous, venez le chercher sur marielleaupaysdesours.fr\" \/>\n<meta property=\"og:url\" content=\"https:\/\/marielleaupaysdesours.fr\/index.php\/product\/peluche-ours-noon-charlie-bears-2023-copie\/\" \/>\n<meta property=\"og:site_name\" content=\"Marielle au Pays des Ours | Vente en ligne de peluches\" \/>\n<meta property=\"article:modified_time\" content=\"2025-11-27T10:55:12+00:00\" \/>\n<meta property=\"og:image\" content=\"https:\/\/marielleaupaysdesours.fr\/wp-content\/uploads\/2023\/07\/Capture-web_20-7-2023_184057_www.charliebears.com_.jpeg\" \/>\n\t<meta property=\"og:image:width\" content=\"363\" \/>\n\t<meta property=\"og:image:height\" content=\"508\" \/>\n\t<meta property=\"og:image:type\" content=\"image\/jpeg\" \/>\n<meta name=\"twitter:card\" content=\"summary_large_image\" \/>\n<meta name=\"twitter:label1\" content=\"Dur\u00e9e de lecture estim\u00e9e\" \/>\n\t<meta name=\"twitter:data1\" content=\"2 minutes\" \/>\n<script type=\"application\/ld+json\" class=\"yoast-schema-graph\">{\"@context\":\"https:\\\/\\\/schema.org\",\"@graph\":[{\"@type\":\"WebPage\",\"@id\":\"https:\\\/\\\/marielleaupaysdesours.fr\\\/index.php\\\/product\\\/peluche-ours-noon-charlie-bears-2023-copie\\\/\",\"url\":\"https:\\\/\\\/marielleaupaysdesours.fr\\\/index.php\\\/product\\\/peluche-ours-noon-charlie-bears-2023-copie\\\/\",\"name\":\"Peluche Ours NOON Charlie Bears 2023\",\"isPartOf\":{\"@id\":\"https:\\\/\\\/marielleaupaysdesours.fr\\\/#website\"},\"primaryImageOfPage\":{\"@id\":\"https:\\\/\\\/marielleaupaysdesours.fr\\\/index.php\\\/product\\\/peluche-ours-noon-charlie-bears-2023-copie\\\/#primaryimage\"},\"image\":{\"@id\":\"https:\\\/\\\/marielleaupaysdesours.fr\\\/index.php\\\/product\\\/peluche-ours-noon-charlie-bears-2023-copie\\\/#primaryimage\"},\"thumbnailUrl\":\"https:\\\/\\\/marielleaupaysdesours.fr\\\/wp-content\\\/uploads\\\/2023\\\/07\\\/Capture-web_20-7-2023_184057_www.charliebears.com_.jpeg\",\"datePublished\":\"2023-07-20T16:24:57+00:00\",\"dateModified\":\"2025-11-27T10:55:12+00:00\",\"description\":\"Voici noon l'ours en peluche 2023 par Charlie Bears, doux ,tendre et original , il est parfait pour vous, venez le chercher sur marielleaupaysdesours.fr\",\"breadcrumb\":{\"@id\":\"https:\\\/\\\/marielleaupaysdesours.fr\\\/index.php\\\/product\\\/peluche-ours-noon-charlie-bears-2023-copie\\\/#breadcrumb\"},\"inLanguage\":\"fr-FR\",\"potentialAction\":[{\"@type\":\"ReadAction\",\"target\":[\"https:\\\/\\\/marielleaupaysdesours.fr\\\/index.php\\\/product\\\/peluche-ours-noon-charlie-bears-2023-copie\\\/\"]}]},{\"@type\":\"ImageObject\",\"inLanguage\":\"fr-FR\",\"@id\":\"https:\\\/\\\/marielleaupaysdesours.fr\\\/index.php\\\/product\\\/peluche-ours-noon-charlie-bears-2023-copie\\\/#primaryimage\",\"url\":\"https:\\\/\\\/marielleaupaysdesours.fr\\\/wp-content\\\/uploads\\\/2023\\\/07\\\/Capture-web_20-7-2023_184057_www.charliebears.com_.jpeg\",\"contentUrl\":\"https:\\\/\\\/marielleaupaysdesours.fr\\\/wp-content\\\/uploads\\\/2023\\\/07\\\/Capture-web_20-7-2023_184057_www.charliebears.com_.jpeg\",\"width\":363,\"height\":508,\"caption\":\"Peluche Ours NOON\"},{\"@type\":\"BreadcrumbList\",\"@id\":\"https:\\\/\\\/marielleaupaysdesours.fr\\\/index.php\\\/product\\\/peluche-ours-noon-charlie-bears-2023-copie\\\/#breadcrumb\",\"itemListElement\":[{\"@type\":\"ListItem\",\"position\":1,\"name\":\"Accueil\",\"item\":\"https:\\\/\\\/marielleaupaysdesours.fr\\\/\"},{\"@type\":\"ListItem\",\"position\":2,\"name\":\"Shop\",\"item\":\"https:\\\/\\\/marielleaupaysdesours.fr\\\/index.php\\\/shop\\\/\"},{\"@type\":\"ListItem\",\"position\":3,\"name\":\"Peluche Ours NOON Charlie Bears 2023\"}]},{\"@type\":\"WebSite\",\"@id\":\"https:\\\/\\\/marielleaupaysdesours.fr\\\/#website\",\"url\":\"https:\\\/\\\/marielleaupaysdesours.fr\\\/\",\"name\":\"Marielle au Pays des Ours | Vente en ligne de peluches\",\"description\":\"vente en ligne de peluches\",\"publisher\":{\"@id\":\"https:\\\/\\\/marielleaupaysdesours.fr\\\/#organization\"},\"potentialAction\":[{\"@type\":\"SearchAction\",\"target\":{\"@type\":\"EntryPoint\",\"urlTemplate\":\"https:\\\/\\\/marielleaupaysdesours.fr\\\/?s={search_term_string}\"},\"query-input\":{\"@type\":\"PropertyValueSpecification\",\"valueRequired\":true,\"valueName\":\"search_term_string\"}}],\"inLanguage\":\"fr-FR\"},{\"@type\":\"Organization\",\"@id\":\"https:\\\/\\\/marielleaupaysdesours.fr\\\/#organization\",\"name\":\"Marielle au Pays des Ours | Vente en ligne de peluches\",\"url\":\"https:\\\/\\\/marielleaupaysdesours.fr\\\/\",\"logo\":{\"@type\":\"ImageObject\",\"inLanguage\":\"fr-FR\",\"@id\":\"https:\\\/\\\/marielleaupaysdesours.fr\\\/#\\\/schema\\\/logo\\\/image\\\/\",\"url\":\"https:\\\/\\\/marielleaupaysdesours.fr\\\/wp-content\\\/uploads\\\/2020\\\/10\\\/logo-marielle-light.jpg\",\"contentUrl\":\"https:\\\/\\\/marielleaupaysdesours.fr\\\/wp-content\\\/uploads\\\/2020\\\/10\\\/logo-marielle-light.jpg\",\"width\":500,\"height\":500,\"caption\":\"Marielle au Pays des Ours | Vente en ligne de peluches\"},\"image\":{\"@id\":\"https:\\\/\\\/marielleaupaysdesours.fr\\\/#\\\/schema\\\/logo\\\/image\\\/\"}}]}<\/script>\n<!-- \/ Yoast SEO plugin. -->","yoast_head_json":{"title":"Peluche Ours NOON Charlie Bears 2023","description":"Voici noon l'ours en peluche 2023 par Charlie Bears, doux ,tendre et original , il est parfait pour vous, venez le chercher sur marielleaupaysdesours.fr","robots":{"index":"index","follow":"follow","max-snippet":"max-snippet:-1","max-image-preview":"max-image-preview:large","max-video-preview":"max-video-preview:-1"},"canonical":"https:\/\/marielleaupaysdesours.fr\/index.php\/product\/peluche-ours-noon-charlie-bears-2023-copie\/","og_locale":"fr_FR","og_type":"article","og_title":"Peluche Ours NOON Charlie Bears 2023","og_description":"Voici noon l'ours en peluche 2023 par Charlie Bears, doux ,tendre et original , il est parfait pour vous, venez le chercher sur marielleaupaysdesours.fr","og_url":"https:\/\/marielleaupaysdesours.fr\/index.php\/product\/peluche-ours-noon-charlie-bears-2023-copie\/","og_site_name":"Marielle au Pays des Ours | Vente en ligne de peluches","article_modified_time":"2025-11-27T10:55:12+00:00","og_image":[{"width":363,"height":508,"url":"https:\/\/marielleaupaysdesours.fr\/wp-content\/uploads\/2023\/07\/Capture-web_20-7-2023_184057_www.charliebears.com_.jpeg","type":"image\/jpeg"}],"twitter_card":"summary_large_image","twitter_misc":{"Dur\u00e9e de lecture estim\u00e9e":"2 minutes"},"schema":{"@context":"https:\/\/schema.org","@graph":[{"@type":"WebPage","@id":"https:\/\/marielleaupaysdesours.fr\/index.php\/product\/peluche-ours-noon-charlie-bears-2023-copie\/","url":"https:\/\/marielleaupaysdesours.fr\/index.php\/product\/peluche-ours-noon-charlie-bears-2023-copie\/","name":"Peluche Ours NOON Charlie Bears 2023","isPartOf":{"@id":"https:\/\/marielleaupaysdesours.fr\/#website"},"primaryImageOfPage":{"@id":"https:\/\/marielleaupaysdesours.fr\/index.php\/product\/peluche-ours-noon-charlie-bears-2023-copie\/#primaryimage"},"image":{"@id":"https:\/\/marielleaupaysdesours.fr\/index.php\/product\/peluche-ours-noon-charlie-bears-2023-copie\/#primaryimage"},"thumbnailUrl":"https:\/\/marielleaupaysdesours.fr\/wp-content\/uploads\/2023\/07\/Capture-web_20-7-2023_184057_www.charliebears.com_.jpeg","datePublished":"2023-07-20T16:24:57+00:00","dateModified":"2025-11-27T10:55:12+00:00","description":"Voici noon l'ours en peluche 2023 par Charlie Bears, doux ,tendre et original , il est parfait pour vous, venez le chercher sur marielleaupaysdesours.fr","breadcrumb":{"@id":"https:\/\/marielleaupaysdesours.fr\/index.php\/product\/peluche-ours-noon-charlie-bears-2023-copie\/#breadcrumb"},"inLanguage":"fr-FR","potentialAction":[{"@type":"ReadAction","target":["https:\/\/marielleaupaysdesours.fr\/index.php\/product\/peluche-ours-noon-charlie-bears-2023-copie\/"]}]},{"@type":"ImageObject","inLanguage":"fr-FR","@id":"https:\/\/marielleaupaysdesours.fr\/index.php\/product\/peluche-ours-noon-charlie-bears-2023-copie\/#primaryimage","url":"https:\/\/marielleaupaysdesours.fr\/wp-content\/uploads\/2023\/07\/Capture-web_20-7-2023_184057_www.charliebears.com_.jpeg","contentUrl":"https:\/\/marielleaupaysdesours.fr\/wp-content\/uploads\/2023\/07\/Capture-web_20-7-2023_184057_www.charliebears.com_.jpeg","width":363,"height":508,"caption":"Peluche Ours NOON"},{"@type":"BreadcrumbList","@id":"https:\/\/marielleaupaysdesours.fr\/index.php\/product\/peluche-ours-noon-charlie-bears-2023-copie\/#breadcrumb","itemListElement":[{"@type":"ListItem","position":1,"name":"Accueil","item":"https:\/\/marielleaupaysdesours.fr\/"},{"@type":"ListItem","position":2,"name":"Shop","item":"https:\/\/marielleaupaysdesours.fr\/index.php\/shop\/"},{"@type":"ListItem","position":3,"name":"Peluche Ours NOON Charlie Bears 2023"}]},{"@type":"WebSite","@id":"https:\/\/marielleaupaysdesours.fr\/#website","url":"https:\/\/marielleaupaysdesours.fr\/","name":"Marielle au Pays des Ours | Vente en ligne de peluches","description":"vente en ligne de peluches","publisher":{"@id":"https:\/\/marielleaupaysdesours.fr\/#organization"},"potentialAction":[{"@type":"SearchAction","target":{"@type":"EntryPoint","urlTemplate":"https:\/\/marielleaupaysdesours.fr\/?s={search_term_string}"},"query-input":{"@type":"PropertyValueSpecification","valueRequired":true,"valueName":"search_term_string"}}],"inLanguage":"fr-FR"},{"@type":"Organization","@id":"https:\/\/marielleaupaysdesours.fr\/#organization","name":"Marielle au Pays des Ours | Vente en ligne de peluches","url":"https:\/\/marielleaupaysdesours.fr\/","logo":{"@type":"ImageObject","inLanguage":"fr-FR","@id":"https:\/\/marielleaupaysdesours.fr\/#\/schema\/logo\/image\/","url":"https:\/\/marielleaupaysdesours.fr\/wp-content\/uploads\/2020\/10\/logo-marielle-light.jpg","contentUrl":"https:\/\/marielleaupaysdesours.fr\/wp-content\/uploads\/2020\/10\/logo-marielle-light.jpg","width":500,"height":500,"caption":"Marielle au Pays des Ours | Vente en ligne de peluches"},"image":{"@id":"https:\/\/marielleaupaysdesours.fr\/#\/schema\/logo\/image\/"}}]}},"jetpack_sharing_enabled":true,"_links":{"self":[{"href":"https:\/\/marielleaupaysdesours.fr\/index.php\/wp-json\/wp\/v2\/product\/4968","targetHints":{"allow":["GET"]}}],"collection":[{"href":"https:\/\/marielleaupaysdesours.fr\/index.php\/wp-json\/wp\/v2\/product"}],"about":[{"href":"https:\/\/marielleaupaysdesours.fr\/index.php\/wp-json\/wp\/v2\/types\/product"}],"replies":[{"embeddable":true,"href":"https:\/\/marielleaupaysdesours.fr\/index.php\/wp-json\/wp\/v2\/comments?post=4968"}],"version-history":[{"count":4,"href":"https:\/\/marielleaupaysdesours.fr\/index.php\/wp-json\/wp\/v2\/product\/4968\/revisions"}],"predecessor-version":[{"id":5047,"href":"https:\/\/marielleaupaysdesours.fr\/index.php\/wp-json\/wp\/v2\/product\/4968\/revisions\/5047"}],"wp:featuredmedia":[{"embeddable":true,"href":"https:\/\/marielleaupaysdesours.fr\/index.php\/wp-json\/wp\/v2\/media\/4970"}],"wp:attachment":[{"href":"https:\/\/marielleaupaysdesours.fr\/index.php\/wp-json\/wp\/v2\/media?parent=4968"}],"wp:term":[{"taxonomy":"product_brand","embeddable":true,"href":"https:\/\/marielleaupaysdesours.fr\/index.php\/wp-json\/wp\/v2\/product_brand?post=4968"},{"taxonomy":"product_cat","embeddable":true,"href":"https:\/\/marielleaupaysdesours.fr\/index.php\/wp-json\/wp\/v2\/product_cat?post=4968"},{"taxonomy":"product_tag","embeddable":true,"href":"https:\/\/marielleaupaysdesours.fr\/index.php\/wp-json\/wp\/v2\/product_tag?post=4968"}],"curies":[{"name":"wp","href":"https:\/\/api.w.org\/{rel}","templated":true}]}}