{"id":4920,"date":"2023-06-27T17:27:07","date_gmt":"2023-06-27T15:27:07","guid":{"rendered":"https:\/\/marielleaupaysdesours.fr\/?post_type=product&#038;p=4920"},"modified":"2025-11-04T18:01:02","modified_gmt":"2025-11-04T17:01:02","slug":"peluche-ours-wilbur-de-charlie-bears-par-isabelle-lee-2023","status":"publish","type":"product","link":"https:\/\/marielleaupaysdesours.fr\/index.php\/product\/peluche-ours-wilbur-de-charlie-bears-par-isabelle-lee-2023\/","title":{"rendered":"Ours en Peluche WILBUR de Charlie Bears par Isabelle Lee 2023"},"content":{"rendered":"<h3>D\u00e9couvrez L&rsquo;Ours en Peluche Wilbur de Charlie Bears, Isabelle Lee Collection 2023<\/h3>\n<p>Wilbur est un superbe<strong> Ours en Peluche<\/strong> de collection, cr\u00e9\u00e9 par Isabelle Lee. Cousu \u00e0 partir de deux fibres luxueuses, le Mohair et l&rsquo;Alpaga; aux nuances beige et blond dor\u00e9, Wilbur a une fourrure dense, boucl\u00e9e et pelucheuse. Ses yeux en verre noirs brillants sont rehauss\u00e9s de blanc, et son petit nez bicolore est cousu \u00e0 la main. Wilbur mesure43 cm et fait parti d&rsquo;une collection limit\u00e9e a 350 exemplaires, \u00e0 partir de 14 ans.<\/p>\n<p>Les ours en peluches de <a href=\"https:\/\/www.charliebears.com\/\"><strong>Charlie Bears<\/strong><\/a> sont tr\u00e8s connus dans le monde merveilleux des peluches pour leur qualit\u00e9 de fabrication mais aussi pour l\u2019expression unique de leur minois, leur regard profond et expressif, ce qui fait que chaque peluche et unique et attachante. Ces <strong>peluches<\/strong> d\u2019exception se d\u00e9clinent en 4 superbes collections, toutes cr\u00e9\u00e9es par Charlotte Morris (dit Charlie).<\/p>\n<p>&#8230;. Il y a toujours de la place pour un ours de plus!<\/p>\n<p>&nbsp;<\/p>\n<p>D\u00e9couvrez \u00e9galement les autres Ours en Peluche de Collection de <a href=\"https:\/\/marielleaupaysdesours.fr\/index.php\/peluches-charlie-bears\/\"><strong>Charlie Bears<\/strong><\/a> sur notre site internet !<\/p>\n<p>N&rsquo;h\u00e9sitez pas \u00e9galement \u00e0 nous contacter pour en savoir plus sur cet Ours en peluche ou pour toute demande de renseignements. Car, en tant que passionn\u00e9s de peluches, nous serons ravis de vous r\u00e9pondre !<\/p>\n","protected":false},"excerpt":{"rendered":"<p>Wilbur est un superbe Ours de collection, cr\u00e9\u00e9 par Isabelle Lee. Cousu \u00e0 partir de deux fibres luxueuses, le Mohair et l&rsquo;Alpaga; aux nuances beige et blond dor\u00e9, Wilbur a une fourrure dense, boucl\u00e9e et pelucheuse. Ses yeux en verre noirs brillants sont rehauss\u00e9s de blanc, et son petit nez bicolore est cousu \u00e0 la main. Wilbur mesure43 cm et fait parti d&rsquo;une collection limit\u00e9e a 350 exemplaires, \u00e0 partir de 14 ans.<\/p>\n","protected":false},"featured_media":4921,"comment_status":"closed","ping_status":"closed","template":"","meta":{"_monsterinsights_skip_tracking":false,"_monsterinsights_sitenote_active":false,"_monsterinsights_sitenote_note":"","_monsterinsights_sitenote_category":0,"site-sidebar-layout":"default","site-content-layout":"default","ast-site-content-layout":"default","site-content-style":"default","site-sidebar-style":"default","ast-global-header-display":"","ast-banner-title-visibility":"","ast-main-header-display":"","ast-hfb-above-header-display":"","ast-hfb-below-header-display":"","ast-hfb-mobile-header-display":"","site-post-title":"","ast-breadcrumbs-content":"","ast-featured-img":"","footer-sml-layout":"","ast-disable-related-posts":"","theme-transparent-header-meta":"default","adv-header-id-meta":"","stick-header-meta":"","header-above-stick-meta":"","header-main-stick-meta":"","header-below-stick-meta":"","astra-migrate-meta-layouts":"default","ast-page-background-enabled":"default","ast-page-background-meta":{"desktop":{"background-color":"","background-image":"","background-repeat":"repeat","background-position":"center center","background-size":"auto","background-attachment":"scroll","background-type":"","background-media":"","overlay-type":"","overlay-color":"","overlay-opacity":"","overlay-gradient":""},"tablet":{"background-color":"","background-image":"","background-repeat":"repeat","background-position":"center center","background-size":"auto","background-attachment":"scroll","background-type":"","background-media":"","overlay-type":"","overlay-color":"","overlay-opacity":"","overlay-gradient":""},"mobile":{"background-color":"","background-image":"","background-repeat":"repeat","background-position":"center center","background-size":"auto","background-attachment":"scroll","background-type":"","background-media":"","overlay-type":"","overlay-color":"","overlay-opacity":"","overlay-gradient":""}},"ast-content-background-meta":{"desktop":{"background-color":"var(--ast-global-color-5)","background-image":"","background-repeat":"repeat","background-position":"center center","background-size":"auto","background-attachment":"scroll","background-type":"","background-media":"","overlay-type":"","overlay-color":"","overlay-opacity":"","overlay-gradient":""},"tablet":{"background-color":"var(--ast-global-color-5)","background-image":"","background-repeat":"repeat","background-position":"center center","background-size":"auto","background-attachment":"scroll","background-type":"","background-media":"","overlay-type":"","overlay-color":"","overlay-opacity":"","overlay-gradient":""},"mobile":{"background-color":"var(--ast-global-color-5)","background-image":"","background-repeat":"repeat","background-position":"center center","background-size":"auto","background-attachment":"scroll","background-type":"","background-media":"","overlay-type":"","overlay-color":"","overlay-opacity":"","overlay-gradient":""}}},"product_brand":[],"product_cat":[56,42,30,29],"product_tag":[],"class_list":{"0":"post-4920","1":"product","2":"type-product","3":"status-publish","4":"has-post-thumbnail","6":"product_cat-animaux-de-la-foret","7":"product_cat-charlie-bears-peluches-collection","8":"product_cat-ours","9":"product_cat-collection","10":"product_shipping_class-peluches-grande-taille","11":"desktop-align-center","12":"tablet-align-left","13":"mobile-align-left","15":"first","16":"instock","17":"sale","18":"shipping-taxable","19":"purchasable","20":"product-type-simple"},"yoast_head":"<!-- This site is optimized with the Yoast SEO plugin v27.4 - https:\/\/yoast.com\/product\/yoast-seo-wordpress\/ -->\n<title>Ours en Peluche WILBUR de Charlie Bears par Isabelle Lee 2023<\/title>\n<meta name=\"description\" content=\"Voici Wilbur, l&#039;ours en peluche de collection 2023 par Charlie Bears, doux, tendre, il est parfait pour vous, venez le chercher sur marielleaupaysdesours.fr\" \/>\n<meta name=\"robots\" content=\"index, follow, max-snippet:-1, max-image-preview:large, max-video-preview:-1\" \/>\n<link rel=\"canonical\" href=\"https:\/\/marielleaupaysdesours.fr\/index.php\/product\/peluche-ours-wilbur-de-charlie-bears-par-isabelle-lee-2023\/\" \/>\n<meta property=\"og:locale\" content=\"fr_FR\" \/>\n<meta property=\"og:type\" content=\"article\" \/>\n<meta property=\"og:title\" content=\"Ours en Peluche WILBUR de Charlie Bears par Isabelle Lee 2023\" \/>\n<meta property=\"og:description\" content=\"Voici Wilbur, l&#039;ours en peluche de collection 2023 par Charlie Bears, doux, tendre, il est parfait pour vous, venez le chercher sur marielleaupaysdesours.fr\" \/>\n<meta property=\"og:url\" content=\"https:\/\/marielleaupaysdesours.fr\/index.php\/product\/peluche-ours-wilbur-de-charlie-bears-par-isabelle-lee-2023\/\" \/>\n<meta property=\"og:site_name\" content=\"Marielle au Pays des Ours | Vente en ligne de peluches\" \/>\n<meta property=\"article:modified_time\" content=\"2025-11-04T17:01:02+00:00\" \/>\n<meta property=\"og:image\" content=\"https:\/\/marielleaupaysdesours.fr\/wp-content\/uploads\/2023\/06\/wilbur.jpg\" \/>\n\t<meta property=\"og:image:width\" content=\"568\" \/>\n\t<meta property=\"og:image:height\" content=\"568\" \/>\n\t<meta property=\"og:image:type\" content=\"image\/jpeg\" \/>\n<meta name=\"twitter:card\" content=\"summary_large_image\" \/>\n<meta name=\"twitter:label1\" content=\"Dur\u00e9e de lecture estim\u00e9e\" \/>\n\t<meta name=\"twitter:data1\" content=\"2 minutes\" \/>\n<script type=\"application\/ld+json\" class=\"yoast-schema-graph\">{\"@context\":\"https:\\\/\\\/schema.org\",\"@graph\":[{\"@type\":\"WebPage\",\"@id\":\"https:\\\/\\\/marielleaupaysdesours.fr\\\/index.php\\\/product\\\/peluche-ours-wilbur-de-charlie-bears-par-isabelle-lee-2023\\\/\",\"url\":\"https:\\\/\\\/marielleaupaysdesours.fr\\\/index.php\\\/product\\\/peluche-ours-wilbur-de-charlie-bears-par-isabelle-lee-2023\\\/\",\"name\":\"Ours en Peluche WILBUR de Charlie Bears par Isabelle Lee 2023\",\"isPartOf\":{\"@id\":\"https:\\\/\\\/marielleaupaysdesours.fr\\\/#website\"},\"primaryImageOfPage\":{\"@id\":\"https:\\\/\\\/marielleaupaysdesours.fr\\\/index.php\\\/product\\\/peluche-ours-wilbur-de-charlie-bears-par-isabelle-lee-2023\\\/#primaryimage\"},\"image\":{\"@id\":\"https:\\\/\\\/marielleaupaysdesours.fr\\\/index.php\\\/product\\\/peluche-ours-wilbur-de-charlie-bears-par-isabelle-lee-2023\\\/#primaryimage\"},\"thumbnailUrl\":\"https:\\\/\\\/marielleaupaysdesours.fr\\\/wp-content\\\/uploads\\\/2023\\\/06\\\/wilbur.jpg\",\"datePublished\":\"2023-06-27T15:27:07+00:00\",\"dateModified\":\"2025-11-04T17:01:02+00:00\",\"description\":\"Voici Wilbur, l'ours en peluche de collection 2023 par Charlie Bears, doux, tendre, il est parfait pour vous, venez le chercher sur marielleaupaysdesours.fr\",\"breadcrumb\":{\"@id\":\"https:\\\/\\\/marielleaupaysdesours.fr\\\/index.php\\\/product\\\/peluche-ours-wilbur-de-charlie-bears-par-isabelle-lee-2023\\\/#breadcrumb\"},\"inLanguage\":\"fr-FR\",\"potentialAction\":[{\"@type\":\"ReadAction\",\"target\":[\"https:\\\/\\\/marielleaupaysdesours.fr\\\/index.php\\\/product\\\/peluche-ours-wilbur-de-charlie-bears-par-isabelle-lee-2023\\\/\"]}]},{\"@type\":\"ImageObject\",\"inLanguage\":\"fr-FR\",\"@id\":\"https:\\\/\\\/marielleaupaysdesours.fr\\\/index.php\\\/product\\\/peluche-ours-wilbur-de-charlie-bears-par-isabelle-lee-2023\\\/#primaryimage\",\"url\":\"https:\\\/\\\/marielleaupaysdesours.fr\\\/wp-content\\\/uploads\\\/2023\\\/06\\\/wilbur.jpg\",\"contentUrl\":\"https:\\\/\\\/marielleaupaysdesours.fr\\\/wp-content\\\/uploads\\\/2023\\\/06\\\/wilbur.jpg\",\"width\":568,\"height\":568,\"caption\":\"Peluche WILBUR Ours en Peluche Charlie Bears\"},{\"@type\":\"BreadcrumbList\",\"@id\":\"https:\\\/\\\/marielleaupaysdesours.fr\\\/index.php\\\/product\\\/peluche-ours-wilbur-de-charlie-bears-par-isabelle-lee-2023\\\/#breadcrumb\",\"itemListElement\":[{\"@type\":\"ListItem\",\"position\":1,\"name\":\"Accueil\",\"item\":\"https:\\\/\\\/marielleaupaysdesours.fr\\\/\"},{\"@type\":\"ListItem\",\"position\":2,\"name\":\"Shop\",\"item\":\"https:\\\/\\\/marielleaupaysdesours.fr\\\/index.php\\\/shop\\\/\"},{\"@type\":\"ListItem\",\"position\":3,\"name\":\"Ours en Peluche WILBUR de Charlie Bears par Isabelle Lee 2023\"}]},{\"@type\":\"WebSite\",\"@id\":\"https:\\\/\\\/marielleaupaysdesours.fr\\\/#website\",\"url\":\"https:\\\/\\\/marielleaupaysdesours.fr\\\/\",\"name\":\"Marielle au Pays des Ours | Vente en ligne de peluches\",\"description\":\"vente en ligne de peluches\",\"publisher\":{\"@id\":\"https:\\\/\\\/marielleaupaysdesours.fr\\\/#organization\"},\"potentialAction\":[{\"@type\":\"SearchAction\",\"target\":{\"@type\":\"EntryPoint\",\"urlTemplate\":\"https:\\\/\\\/marielleaupaysdesours.fr\\\/?s={search_term_string}\"},\"query-input\":{\"@type\":\"PropertyValueSpecification\",\"valueRequired\":true,\"valueName\":\"search_term_string\"}}],\"inLanguage\":\"fr-FR\"},{\"@type\":\"Organization\",\"@id\":\"https:\\\/\\\/marielleaupaysdesours.fr\\\/#organization\",\"name\":\"Marielle au Pays des Ours | Vente en ligne de peluches\",\"url\":\"https:\\\/\\\/marielleaupaysdesours.fr\\\/\",\"logo\":{\"@type\":\"ImageObject\",\"inLanguage\":\"fr-FR\",\"@id\":\"https:\\\/\\\/marielleaupaysdesours.fr\\\/#\\\/schema\\\/logo\\\/image\\\/\",\"url\":\"https:\\\/\\\/marielleaupaysdesours.fr\\\/wp-content\\\/uploads\\\/2020\\\/10\\\/logo-marielle-light.jpg\",\"contentUrl\":\"https:\\\/\\\/marielleaupaysdesours.fr\\\/wp-content\\\/uploads\\\/2020\\\/10\\\/logo-marielle-light.jpg\",\"width\":500,\"height\":500,\"caption\":\"Marielle au Pays des Ours | Vente en ligne de peluches\"},\"image\":{\"@id\":\"https:\\\/\\\/marielleaupaysdesours.fr\\\/#\\\/schema\\\/logo\\\/image\\\/\"}}]}<\/script>\n<!-- \/ Yoast SEO plugin. -->","yoast_head_json":{"title":"Ours en Peluche WILBUR de Charlie Bears par Isabelle Lee 2023","description":"Voici Wilbur, l'ours en peluche de collection 2023 par Charlie Bears, doux, tendre, il est parfait pour vous, venez le chercher sur marielleaupaysdesours.fr","robots":{"index":"index","follow":"follow","max-snippet":"max-snippet:-1","max-image-preview":"max-image-preview:large","max-video-preview":"max-video-preview:-1"},"canonical":"https:\/\/marielleaupaysdesours.fr\/index.php\/product\/peluche-ours-wilbur-de-charlie-bears-par-isabelle-lee-2023\/","og_locale":"fr_FR","og_type":"article","og_title":"Ours en Peluche WILBUR de Charlie Bears par Isabelle Lee 2023","og_description":"Voici Wilbur, l'ours en peluche de collection 2023 par Charlie Bears, doux, tendre, il est parfait pour vous, venez le chercher sur marielleaupaysdesours.fr","og_url":"https:\/\/marielleaupaysdesours.fr\/index.php\/product\/peluche-ours-wilbur-de-charlie-bears-par-isabelle-lee-2023\/","og_site_name":"Marielle au Pays des Ours | Vente en ligne de peluches","article_modified_time":"2025-11-04T17:01:02+00:00","og_image":[{"width":568,"height":568,"url":"https:\/\/marielleaupaysdesours.fr\/wp-content\/uploads\/2023\/06\/wilbur.jpg","type":"image\/jpeg"}],"twitter_card":"summary_large_image","twitter_misc":{"Dur\u00e9e de lecture estim\u00e9e":"2 minutes"},"schema":{"@context":"https:\/\/schema.org","@graph":[{"@type":"WebPage","@id":"https:\/\/marielleaupaysdesours.fr\/index.php\/product\/peluche-ours-wilbur-de-charlie-bears-par-isabelle-lee-2023\/","url":"https:\/\/marielleaupaysdesours.fr\/index.php\/product\/peluche-ours-wilbur-de-charlie-bears-par-isabelle-lee-2023\/","name":"Ours en Peluche WILBUR de Charlie Bears par Isabelle Lee 2023","isPartOf":{"@id":"https:\/\/marielleaupaysdesours.fr\/#website"},"primaryImageOfPage":{"@id":"https:\/\/marielleaupaysdesours.fr\/index.php\/product\/peluche-ours-wilbur-de-charlie-bears-par-isabelle-lee-2023\/#primaryimage"},"image":{"@id":"https:\/\/marielleaupaysdesours.fr\/index.php\/product\/peluche-ours-wilbur-de-charlie-bears-par-isabelle-lee-2023\/#primaryimage"},"thumbnailUrl":"https:\/\/marielleaupaysdesours.fr\/wp-content\/uploads\/2023\/06\/wilbur.jpg","datePublished":"2023-06-27T15:27:07+00:00","dateModified":"2025-11-04T17:01:02+00:00","description":"Voici Wilbur, l'ours en peluche de collection 2023 par Charlie Bears, doux, tendre, il est parfait pour vous, venez le chercher sur marielleaupaysdesours.fr","breadcrumb":{"@id":"https:\/\/marielleaupaysdesours.fr\/index.php\/product\/peluche-ours-wilbur-de-charlie-bears-par-isabelle-lee-2023\/#breadcrumb"},"inLanguage":"fr-FR","potentialAction":[{"@type":"ReadAction","target":["https:\/\/marielleaupaysdesours.fr\/index.php\/product\/peluche-ours-wilbur-de-charlie-bears-par-isabelle-lee-2023\/"]}]},{"@type":"ImageObject","inLanguage":"fr-FR","@id":"https:\/\/marielleaupaysdesours.fr\/index.php\/product\/peluche-ours-wilbur-de-charlie-bears-par-isabelle-lee-2023\/#primaryimage","url":"https:\/\/marielleaupaysdesours.fr\/wp-content\/uploads\/2023\/06\/wilbur.jpg","contentUrl":"https:\/\/marielleaupaysdesours.fr\/wp-content\/uploads\/2023\/06\/wilbur.jpg","width":568,"height":568,"caption":"Peluche WILBUR Ours en Peluche Charlie Bears"},{"@type":"BreadcrumbList","@id":"https:\/\/marielleaupaysdesours.fr\/index.php\/product\/peluche-ours-wilbur-de-charlie-bears-par-isabelle-lee-2023\/#breadcrumb","itemListElement":[{"@type":"ListItem","position":1,"name":"Accueil","item":"https:\/\/marielleaupaysdesours.fr\/"},{"@type":"ListItem","position":2,"name":"Shop","item":"https:\/\/marielleaupaysdesours.fr\/index.php\/shop\/"},{"@type":"ListItem","position":3,"name":"Ours en Peluche WILBUR de Charlie Bears par Isabelle Lee 2023"}]},{"@type":"WebSite","@id":"https:\/\/marielleaupaysdesours.fr\/#website","url":"https:\/\/marielleaupaysdesours.fr\/","name":"Marielle au Pays des Ours | Vente en ligne de peluches","description":"vente en ligne de peluches","publisher":{"@id":"https:\/\/marielleaupaysdesours.fr\/#organization"},"potentialAction":[{"@type":"SearchAction","target":{"@type":"EntryPoint","urlTemplate":"https:\/\/marielleaupaysdesours.fr\/?s={search_term_string}"},"query-input":{"@type":"PropertyValueSpecification","valueRequired":true,"valueName":"search_term_string"}}],"inLanguage":"fr-FR"},{"@type":"Organization","@id":"https:\/\/marielleaupaysdesours.fr\/#organization","name":"Marielle au Pays des Ours | Vente en ligne de peluches","url":"https:\/\/marielleaupaysdesours.fr\/","logo":{"@type":"ImageObject","inLanguage":"fr-FR","@id":"https:\/\/marielleaupaysdesours.fr\/#\/schema\/logo\/image\/","url":"https:\/\/marielleaupaysdesours.fr\/wp-content\/uploads\/2020\/10\/logo-marielle-light.jpg","contentUrl":"https:\/\/marielleaupaysdesours.fr\/wp-content\/uploads\/2020\/10\/logo-marielle-light.jpg","width":500,"height":500,"caption":"Marielle au Pays des Ours | Vente en ligne de peluches"},"image":{"@id":"https:\/\/marielleaupaysdesours.fr\/#\/schema\/logo\/image\/"}}]}},"jetpack_sharing_enabled":true,"_links":{"self":[{"href":"https:\/\/marielleaupaysdesours.fr\/index.php\/wp-json\/wp\/v2\/product\/4920","targetHints":{"allow":["GET"]}}],"collection":[{"href":"https:\/\/marielleaupaysdesours.fr\/index.php\/wp-json\/wp\/v2\/product"}],"about":[{"href":"https:\/\/marielleaupaysdesours.fr\/index.php\/wp-json\/wp\/v2\/types\/product"}],"replies":[{"embeddable":true,"href":"https:\/\/marielleaupaysdesours.fr\/index.php\/wp-json\/wp\/v2\/comments?post=4920"}],"version-history":[{"count":6,"href":"https:\/\/marielleaupaysdesours.fr\/index.php\/wp-json\/wp\/v2\/product\/4920\/revisions"}],"predecessor-version":[{"id":5010,"href":"https:\/\/marielleaupaysdesours.fr\/index.php\/wp-json\/wp\/v2\/product\/4920\/revisions\/5010"}],"wp:featuredmedia":[{"embeddable":true,"href":"https:\/\/marielleaupaysdesours.fr\/index.php\/wp-json\/wp\/v2\/media\/4921"}],"wp:attachment":[{"href":"https:\/\/marielleaupaysdesours.fr\/index.php\/wp-json\/wp\/v2\/media?parent=4920"}],"wp:term":[{"taxonomy":"product_brand","embeddable":true,"href":"https:\/\/marielleaupaysdesours.fr\/index.php\/wp-json\/wp\/v2\/product_brand?post=4920"},{"taxonomy":"product_cat","embeddable":true,"href":"https:\/\/marielleaupaysdesours.fr\/index.php\/wp-json\/wp\/v2\/product_cat?post=4920"},{"taxonomy":"product_tag","embeddable":true,"href":"https:\/\/marielleaupaysdesours.fr\/index.php\/wp-json\/wp\/v2\/product_tag?post=4920"}],"curies":[{"name":"wp","href":"https:\/\/api.w.org\/{rel}","templated":true}]}}