{"id":4816,"date":"2023-04-21T17:15:12","date_gmt":"2023-04-21T15:15:12","guid":{"rendered":"https:\/\/marielleaupaysdesours.fr\/?post_type=product&#038;p=4816"},"modified":"2025-11-27T11:55:45","modified_gmt":"2025-11-27T10:55:45","slug":"ours-peluche-deguisement-carotte-charlie-bears-chantenay","status":"publish","type":"product","link":"https:\/\/marielleaupaysdesours.fr\/index.php\/product\/ours-peluche-deguisement-carotte-charlie-bears-chantenay\/","title":{"rendered":"Ours en Peluche d\u00e9guisement carotte CHANTENAY de Charlie Bears"},"content":{"rendered":"<h2>Chantenay, l&rsquo;Ours en peluche d\u00e9guis\u00e9 en carotte de Charlie Bears<\/h2>\n<p>Vous \u00eates a la recherche du plus adorable des ours en peluche, tr\u00e8s doux et irr\u00e9sistible ? Voici <em><strong>Chantenay<\/strong> <\/em>de <a href=\"https:\/\/www.charliebears.com\/\">Charlie Bears<\/a> !<\/p>\n<p>Les <strong>ours en peluches de <em>Charlie Bears<\/em><\/strong> sont tr\u00e8s connus dans le monde merveilleux des peluches pour leur qualit\u00e9 de fabrication mais aussi pour l\u2019expression unique de leur minois, leur regard profond et expressif, ce qui fait que chaque peluche et unique et attachante.<br \/>\nCes peluches d\u2019exception se d\u00e9clinent en 4 superbes collections, toutes cr\u00e9\u00e9es par Charlotte Morris (dit Charlie).<\/p>\n<p>Les peluches<br \/>\nla Bearhouse,<br \/>\nles Minimo mohair<br \/>\nles Isabelle collection mohair<\/p>\n<p>Voici Chantenay, l&rsquo;adorable petit ours en peluche du potager de la Collection Charlie Bears. Avec son d\u00e9guisement de carotte, il est vraiment trop craquant !<\/p>\n<p><strong>Chantenay<\/strong> fait partie de la s\u00e9rie Mini Potager de la collection The Clock Tower 2023.<br \/>\nFabriqu\u00e9 \u00e0 partir de fourrure tr\u00e8s douce de qualit\u00e9, dans des tons brun et caramel, notre ours aux des yeux brillants \u00e0 joli petit nez orange cousu \u00e0 la main.<\/p>\n<p><strong>Chantenay<\/strong> porte un costume de carotte &#8230;<\/p>\n<p>Collection 2023 &#8211; <a href=\"https:\/\/marielleaupaysdesours.fr\/index.php\/peluches-charlie-bears\/\"><strong>Peluche Charlie Bears<\/strong><\/a><br \/>\nTaille de 28 cm &#8211; 11 pouces<br \/>\n&#8230; il y a toujours de la place pour un ours de plus !<\/p>\n<p>Alors, n\u2019h\u00e9sitez pas \u00e0 nous contacter si vous avez des questions ou besoin de plus d\u2019informations sur <strong>l\u2019Ours<\/strong> en\u00a0<strong>Peluche Chantenay<\/strong>.<\/p>\n","protected":false},"excerpt":{"rendered":"<p>Voici <em><strong>Chantenay<\/strong><\/em>, l&rsquo;adorable petit ours en peluche du potager de la Collection Charlie Bears. Avec son d\u00e9guisement de carotte, il est vraiment trop craquant ! <strong>Chantenay<\/strong> fait partie de la <strong>s\u00e9rie Mini Potager<\/strong> de la collection <em><strong>The Clock Tower 2023<\/strong><\/em>. Fabriqu\u00e9 \u00e0 partir de fourrure tr\u00e8s douce de qualit\u00e9, dans des tons brun et caramel, notre ours a des yeux brillants et un joli petit nez orange cousu \u00e0 la main.<\/p>\n","protected":false},"featured_media":4817,"comment_status":"closed","ping_status":"closed","template":"","meta":{"_monsterinsights_skip_tracking":false,"_monsterinsights_sitenote_active":false,"_monsterinsights_sitenote_note":"","_monsterinsights_sitenote_category":0,"site-sidebar-layout":"default","site-content-layout":"default","ast-site-content-layout":"default","site-content-style":"default","site-sidebar-style":"default","ast-global-header-display":"","ast-banner-title-visibility":"","ast-main-header-display":"","ast-hfb-above-header-display":"","ast-hfb-below-header-display":"","ast-hfb-mobile-header-display":"","site-post-title":"","ast-breadcrumbs-content":"","ast-featured-img":"","footer-sml-layout":"","ast-disable-related-posts":"","theme-transparent-header-meta":"default","adv-header-id-meta":"","stick-header-meta":"","header-above-stick-meta":"","header-main-stick-meta":"","header-below-stick-meta":"","astra-migrate-meta-layouts":"default","ast-page-background-enabled":"default","ast-page-background-meta":{"desktop":{"background-color":"","background-image":"","background-repeat":"repeat","background-position":"center center","background-size":"auto","background-attachment":"scroll","background-type":"","background-media":"","overlay-type":"","overlay-color":"","overlay-opacity":"","overlay-gradient":""},"tablet":{"background-color":"","background-image":"","background-repeat":"repeat","background-position":"center center","background-size":"auto","background-attachment":"scroll","background-type":"","background-media":"","overlay-type":"","overlay-color":"","overlay-opacity":"","overlay-gradient":""},"mobile":{"background-color":"","background-image":"","background-repeat":"repeat","background-position":"center center","background-size":"auto","background-attachment":"scroll","background-type":"","background-media":"","overlay-type":"","overlay-color":"","overlay-opacity":"","overlay-gradient":""}},"ast-content-background-meta":{"desktop":{"background-color":"var(--ast-global-color-5)","background-image":"","background-repeat":"repeat","background-position":"center center","background-size":"auto","background-attachment":"scroll","background-type":"","background-media":"","overlay-type":"","overlay-color":"","overlay-opacity":"","overlay-gradient":""},"tablet":{"background-color":"var(--ast-global-color-5)","background-image":"","background-repeat":"repeat","background-position":"center center","background-size":"auto","background-attachment":"scroll","background-type":"","background-media":"","overlay-type":"","overlay-color":"","overlay-opacity":"","overlay-gradient":""},"mobile":{"background-color":"var(--ast-global-color-5)","background-image":"","background-repeat":"repeat","background-position":"center center","background-size":"auto","background-attachment":"scroll","background-type":"","background-media":"","overlay-type":"","overlay-color":"","overlay-opacity":"","overlay-gradient":""}}},"product_brand":[],"product_cat":[42,30,29],"product_tag":[],"class_list":{"0":"post-4816","1":"product","2":"type-product","3":"status-publish","4":"has-post-thumbnail","6":"product_cat-charlie-bears-peluches-collection","7":"product_cat-ours","8":"product_cat-collection","9":"product_shipping_class-expedition-intermediaire","10":"desktop-align-center","11":"tablet-align-left","12":"mobile-align-left","14":"first","15":"instock","16":"sale","17":"shipping-taxable","18":"purchasable","19":"product-type-simple"},"yoast_head":"<!-- This site is optimized with the Yoast SEO plugin v27.3 - https:\/\/yoast.com\/product\/yoast-seo-wordpress\/ -->\n<title>Ours en Peluche d\u00e9guis\u00e9 en carotte CHANTENAY - Charlie Bears<\/title>\n<meta name=\"description\" content=\"Voici Chantenay un superbe petit ours du potager, qui porte un habit de carotte, si vous le souhaitez venez le chercher sur marielleaupaysdesours.fr\" \/>\n<meta name=\"robots\" content=\"index, follow, max-snippet:-1, max-image-preview:large, max-video-preview:-1\" \/>\n<link rel=\"canonical\" href=\"https:\/\/marielleaupaysdesours.fr\/index.php\/product\/ours-peluche-deguisement-carotte-charlie-bears-chantenay\/\" \/>\n<meta property=\"og:locale\" content=\"fr_FR\" \/>\n<meta property=\"og:type\" content=\"article\" \/>\n<meta property=\"og:title\" content=\"Ours en Peluche d\u00e9guis\u00e9 en carotte CHANTENAY - Charlie Bears\" \/>\n<meta property=\"og:description\" content=\"Voici Chantenay un superbe petit ours du potager, qui porte un habit de carotte, si vous le souhaitez venez le chercher sur marielleaupaysdesours.fr\" \/>\n<meta property=\"og:url\" content=\"https:\/\/marielleaupaysdesours.fr\/index.php\/product\/ours-peluche-deguisement-carotte-charlie-bears-chantenay\/\" \/>\n<meta property=\"og:site_name\" content=\"Marielle au Pays des Ours | Vente en ligne de peluches\" \/>\n<meta property=\"article:modified_time\" content=\"2025-11-27T10:55:45+00:00\" \/>\n<meta property=\"og:image\" content=\"https:\/\/marielleaupaysdesours.fr\/wp-content\/uploads\/2023\/04\/chantenay-carrot-bear-charlie-bears-plush-toy-2023.jpg\" \/>\n\t<meta property=\"og:image:width\" content=\"600\" \/>\n\t<meta property=\"og:image:height\" content=\"600\" \/>\n\t<meta property=\"og:image:type\" content=\"image\/jpeg\" \/>\n<meta name=\"twitter:card\" content=\"summary_large_image\" \/>\n<meta name=\"twitter:label1\" content=\"Dur\u00e9e de lecture estim\u00e9e\" \/>\n\t<meta name=\"twitter:data1\" content=\"2 minutes\" \/>\n<script type=\"application\/ld+json\" class=\"yoast-schema-graph\">{\"@context\":\"https:\\\/\\\/schema.org\",\"@graph\":[{\"@type\":\"WebPage\",\"@id\":\"https:\\\/\\\/marielleaupaysdesours.fr\\\/index.php\\\/product\\\/ours-peluche-deguisement-carotte-charlie-bears-chantenay\\\/\",\"url\":\"https:\\\/\\\/marielleaupaysdesours.fr\\\/index.php\\\/product\\\/ours-peluche-deguisement-carotte-charlie-bears-chantenay\\\/\",\"name\":\"Ours en Peluche d\u00e9guis\u00e9 en carotte CHANTENAY - Charlie Bears\",\"isPartOf\":{\"@id\":\"https:\\\/\\\/marielleaupaysdesours.fr\\\/#website\"},\"primaryImageOfPage\":{\"@id\":\"https:\\\/\\\/marielleaupaysdesours.fr\\\/index.php\\\/product\\\/ours-peluche-deguisement-carotte-charlie-bears-chantenay\\\/#primaryimage\"},\"image\":{\"@id\":\"https:\\\/\\\/marielleaupaysdesours.fr\\\/index.php\\\/product\\\/ours-peluche-deguisement-carotte-charlie-bears-chantenay\\\/#primaryimage\"},\"thumbnailUrl\":\"https:\\\/\\\/marielleaupaysdesours.fr\\\/wp-content\\\/uploads\\\/2023\\\/04\\\/chantenay-carrot-bear-charlie-bears-plush-toy-2023.jpg\",\"datePublished\":\"2023-04-21T15:15:12+00:00\",\"dateModified\":\"2025-11-27T10:55:45+00:00\",\"description\":\"Voici Chantenay un superbe petit ours du potager, qui porte un habit de carotte, si vous le souhaitez venez le chercher sur marielleaupaysdesours.fr\",\"breadcrumb\":{\"@id\":\"https:\\\/\\\/marielleaupaysdesours.fr\\\/index.php\\\/product\\\/ours-peluche-deguisement-carotte-charlie-bears-chantenay\\\/#breadcrumb\"},\"inLanguage\":\"fr-FR\",\"potentialAction\":[{\"@type\":\"ReadAction\",\"target\":[\"https:\\\/\\\/marielleaupaysdesours.fr\\\/index.php\\\/product\\\/ours-peluche-deguisement-carotte-charlie-bears-chantenay\\\/\"]}]},{\"@type\":\"ImageObject\",\"inLanguage\":\"fr-FR\",\"@id\":\"https:\\\/\\\/marielleaupaysdesours.fr\\\/index.php\\\/product\\\/ours-peluche-deguisement-carotte-charlie-bears-chantenay\\\/#primaryimage\",\"url\":\"https:\\\/\\\/marielleaupaysdesours.fr\\\/wp-content\\\/uploads\\\/2023\\\/04\\\/chantenay-carrot-bear-charlie-bears-plush-toy-2023.jpg\",\"contentUrl\":\"https:\\\/\\\/marielleaupaysdesours.fr\\\/wp-content\\\/uploads\\\/2023\\\/04\\\/chantenay-carrot-bear-charlie-bears-plush-toy-2023.jpg\",\"width\":600,\"height\":600,\"caption\":\"Ours en Peluche d\u00e9guis\u00e9 en carotte CHANTENAY - Charlie Bears\"},{\"@type\":\"BreadcrumbList\",\"@id\":\"https:\\\/\\\/marielleaupaysdesours.fr\\\/index.php\\\/product\\\/ours-peluche-deguisement-carotte-charlie-bears-chantenay\\\/#breadcrumb\",\"itemListElement\":[{\"@type\":\"ListItem\",\"position\":1,\"name\":\"Accueil\",\"item\":\"https:\\\/\\\/marielleaupaysdesours.fr\\\/\"},{\"@type\":\"ListItem\",\"position\":2,\"name\":\"Shop\",\"item\":\"https:\\\/\\\/marielleaupaysdesours.fr\\\/index.php\\\/shop\\\/\"},{\"@type\":\"ListItem\",\"position\":3,\"name\":\"Ours en Peluche d\u00e9guisement carotte CHANTENAY de Charlie Bears\"}]},{\"@type\":\"WebSite\",\"@id\":\"https:\\\/\\\/marielleaupaysdesours.fr\\\/#website\",\"url\":\"https:\\\/\\\/marielleaupaysdesours.fr\\\/\",\"name\":\"Marielle au Pays des Ours | Vente en ligne de peluches\",\"description\":\"vente en ligne de peluches\",\"publisher\":{\"@id\":\"https:\\\/\\\/marielleaupaysdesours.fr\\\/#organization\"},\"potentialAction\":[{\"@type\":\"SearchAction\",\"target\":{\"@type\":\"EntryPoint\",\"urlTemplate\":\"https:\\\/\\\/marielleaupaysdesours.fr\\\/?s={search_term_string}\"},\"query-input\":{\"@type\":\"PropertyValueSpecification\",\"valueRequired\":true,\"valueName\":\"search_term_string\"}}],\"inLanguage\":\"fr-FR\"},{\"@type\":\"Organization\",\"@id\":\"https:\\\/\\\/marielleaupaysdesours.fr\\\/#organization\",\"name\":\"Marielle au Pays des Ours | Vente en ligne de peluches\",\"url\":\"https:\\\/\\\/marielleaupaysdesours.fr\\\/\",\"logo\":{\"@type\":\"ImageObject\",\"inLanguage\":\"fr-FR\",\"@id\":\"https:\\\/\\\/marielleaupaysdesours.fr\\\/#\\\/schema\\\/logo\\\/image\\\/\",\"url\":\"https:\\\/\\\/marielleaupaysdesours.fr\\\/wp-content\\\/uploads\\\/2020\\\/10\\\/logo-marielle-light.jpg\",\"contentUrl\":\"https:\\\/\\\/marielleaupaysdesours.fr\\\/wp-content\\\/uploads\\\/2020\\\/10\\\/logo-marielle-light.jpg\",\"width\":500,\"height\":500,\"caption\":\"Marielle au Pays des Ours | Vente en ligne de peluches\"},\"image\":{\"@id\":\"https:\\\/\\\/marielleaupaysdesours.fr\\\/#\\\/schema\\\/logo\\\/image\\\/\"}}]}<\/script>\n<!-- \/ Yoast SEO plugin. -->","yoast_head_json":{"title":"Ours en Peluche d\u00e9guis\u00e9 en carotte CHANTENAY - Charlie Bears","description":"Voici Chantenay un superbe petit ours du potager, qui porte un habit de carotte, si vous le souhaitez venez le chercher sur marielleaupaysdesours.fr","robots":{"index":"index","follow":"follow","max-snippet":"max-snippet:-1","max-image-preview":"max-image-preview:large","max-video-preview":"max-video-preview:-1"},"canonical":"https:\/\/marielleaupaysdesours.fr\/index.php\/product\/ours-peluche-deguisement-carotte-charlie-bears-chantenay\/","og_locale":"fr_FR","og_type":"article","og_title":"Ours en Peluche d\u00e9guis\u00e9 en carotte CHANTENAY - Charlie Bears","og_description":"Voici Chantenay un superbe petit ours du potager, qui porte un habit de carotte, si vous le souhaitez venez le chercher sur marielleaupaysdesours.fr","og_url":"https:\/\/marielleaupaysdesours.fr\/index.php\/product\/ours-peluche-deguisement-carotte-charlie-bears-chantenay\/","og_site_name":"Marielle au Pays des Ours | Vente en ligne de peluches","article_modified_time":"2025-11-27T10:55:45+00:00","og_image":[{"width":600,"height":600,"url":"https:\/\/marielleaupaysdesours.fr\/wp-content\/uploads\/2023\/04\/chantenay-carrot-bear-charlie-bears-plush-toy-2023.jpg","type":"image\/jpeg"}],"twitter_card":"summary_large_image","twitter_misc":{"Dur\u00e9e de lecture estim\u00e9e":"2 minutes"},"schema":{"@context":"https:\/\/schema.org","@graph":[{"@type":"WebPage","@id":"https:\/\/marielleaupaysdesours.fr\/index.php\/product\/ours-peluche-deguisement-carotte-charlie-bears-chantenay\/","url":"https:\/\/marielleaupaysdesours.fr\/index.php\/product\/ours-peluche-deguisement-carotte-charlie-bears-chantenay\/","name":"Ours en Peluche d\u00e9guis\u00e9 en carotte CHANTENAY - Charlie Bears","isPartOf":{"@id":"https:\/\/marielleaupaysdesours.fr\/#website"},"primaryImageOfPage":{"@id":"https:\/\/marielleaupaysdesours.fr\/index.php\/product\/ours-peluche-deguisement-carotte-charlie-bears-chantenay\/#primaryimage"},"image":{"@id":"https:\/\/marielleaupaysdesours.fr\/index.php\/product\/ours-peluche-deguisement-carotte-charlie-bears-chantenay\/#primaryimage"},"thumbnailUrl":"https:\/\/marielleaupaysdesours.fr\/wp-content\/uploads\/2023\/04\/chantenay-carrot-bear-charlie-bears-plush-toy-2023.jpg","datePublished":"2023-04-21T15:15:12+00:00","dateModified":"2025-11-27T10:55:45+00:00","description":"Voici Chantenay un superbe petit ours du potager, qui porte un habit de carotte, si vous le souhaitez venez le chercher sur marielleaupaysdesours.fr","breadcrumb":{"@id":"https:\/\/marielleaupaysdesours.fr\/index.php\/product\/ours-peluche-deguisement-carotte-charlie-bears-chantenay\/#breadcrumb"},"inLanguage":"fr-FR","potentialAction":[{"@type":"ReadAction","target":["https:\/\/marielleaupaysdesours.fr\/index.php\/product\/ours-peluche-deguisement-carotte-charlie-bears-chantenay\/"]}]},{"@type":"ImageObject","inLanguage":"fr-FR","@id":"https:\/\/marielleaupaysdesours.fr\/index.php\/product\/ours-peluche-deguisement-carotte-charlie-bears-chantenay\/#primaryimage","url":"https:\/\/marielleaupaysdesours.fr\/wp-content\/uploads\/2023\/04\/chantenay-carrot-bear-charlie-bears-plush-toy-2023.jpg","contentUrl":"https:\/\/marielleaupaysdesours.fr\/wp-content\/uploads\/2023\/04\/chantenay-carrot-bear-charlie-bears-plush-toy-2023.jpg","width":600,"height":600,"caption":"Ours en Peluche d\u00e9guis\u00e9 en carotte CHANTENAY - Charlie Bears"},{"@type":"BreadcrumbList","@id":"https:\/\/marielleaupaysdesours.fr\/index.php\/product\/ours-peluche-deguisement-carotte-charlie-bears-chantenay\/#breadcrumb","itemListElement":[{"@type":"ListItem","position":1,"name":"Accueil","item":"https:\/\/marielleaupaysdesours.fr\/"},{"@type":"ListItem","position":2,"name":"Shop","item":"https:\/\/marielleaupaysdesours.fr\/index.php\/shop\/"},{"@type":"ListItem","position":3,"name":"Ours en Peluche d\u00e9guisement carotte CHANTENAY de Charlie Bears"}]},{"@type":"WebSite","@id":"https:\/\/marielleaupaysdesours.fr\/#website","url":"https:\/\/marielleaupaysdesours.fr\/","name":"Marielle au Pays des Ours | Vente en ligne de peluches","description":"vente en ligne de peluches","publisher":{"@id":"https:\/\/marielleaupaysdesours.fr\/#organization"},"potentialAction":[{"@type":"SearchAction","target":{"@type":"EntryPoint","urlTemplate":"https:\/\/marielleaupaysdesours.fr\/?s={search_term_string}"},"query-input":{"@type":"PropertyValueSpecification","valueRequired":true,"valueName":"search_term_string"}}],"inLanguage":"fr-FR"},{"@type":"Organization","@id":"https:\/\/marielleaupaysdesours.fr\/#organization","name":"Marielle au Pays des Ours | Vente en ligne de peluches","url":"https:\/\/marielleaupaysdesours.fr\/","logo":{"@type":"ImageObject","inLanguage":"fr-FR","@id":"https:\/\/marielleaupaysdesours.fr\/#\/schema\/logo\/image\/","url":"https:\/\/marielleaupaysdesours.fr\/wp-content\/uploads\/2020\/10\/logo-marielle-light.jpg","contentUrl":"https:\/\/marielleaupaysdesours.fr\/wp-content\/uploads\/2020\/10\/logo-marielle-light.jpg","width":500,"height":500,"caption":"Marielle au Pays des Ours | Vente en ligne de peluches"},"image":{"@id":"https:\/\/marielleaupaysdesours.fr\/#\/schema\/logo\/image\/"}}]}},"jetpack_sharing_enabled":true,"_links":{"self":[{"href":"https:\/\/marielleaupaysdesours.fr\/index.php\/wp-json\/wp\/v2\/product\/4816","targetHints":{"allow":["GET"]}}],"collection":[{"href":"https:\/\/marielleaupaysdesours.fr\/index.php\/wp-json\/wp\/v2\/product"}],"about":[{"href":"https:\/\/marielleaupaysdesours.fr\/index.php\/wp-json\/wp\/v2\/types\/product"}],"replies":[{"embeddable":true,"href":"https:\/\/marielleaupaysdesours.fr\/index.php\/wp-json\/wp\/v2\/comments?post=4816"}],"version-history":[{"count":5,"href":"https:\/\/marielleaupaysdesours.fr\/index.php\/wp-json\/wp\/v2\/product\/4816\/revisions"}],"predecessor-version":[{"id":4838,"href":"https:\/\/marielleaupaysdesours.fr\/index.php\/wp-json\/wp\/v2\/product\/4816\/revisions\/4838"}],"wp:featuredmedia":[{"embeddable":true,"href":"https:\/\/marielleaupaysdesours.fr\/index.php\/wp-json\/wp\/v2\/media\/4817"}],"wp:attachment":[{"href":"https:\/\/marielleaupaysdesours.fr\/index.php\/wp-json\/wp\/v2\/media?parent=4816"}],"wp:term":[{"taxonomy":"product_brand","embeddable":true,"href":"https:\/\/marielleaupaysdesours.fr\/index.php\/wp-json\/wp\/v2\/product_brand?post=4816"},{"taxonomy":"product_cat","embeddable":true,"href":"https:\/\/marielleaupaysdesours.fr\/index.php\/wp-json\/wp\/v2\/product_cat?post=4816"},{"taxonomy":"product_tag","embeddable":true,"href":"https:\/\/marielleaupaysdesours.fr\/index.php\/wp-json\/wp\/v2\/product_tag?post=4816"}],"curies":[{"name":"wp","href":"https:\/\/api.w.org\/{rel}","templated":true}]}}