{"id":4775,"date":"2023-04-18T07:27:41","date_gmt":"2023-04-18T05:27:41","guid":{"rendered":"https:\/\/marielleaupaysdesours.fr\/?post_type=product&#038;p=4775"},"modified":"2025-11-27T11:56:02","modified_gmt":"2025-11-27T10:56:02","slug":"ourson-en-peluche-clotted-cream-charlie-bears","status":"publish","type":"product","link":"https:\/\/marielleaupaysdesours.fr\/index.php\/product\/ourson-en-peluche-clotted-cream-charlie-bears\/","title":{"rendered":"Ourson en Peluche CLOTTED CREAM de CHARLIE BEARS"},"content":{"rendered":"<div class=\"woocommerce-tabs wc-tabs-wrapper\">\n<div id=\"tab-description\" class=\"woocommerce-Tabs-panel woocommerce-Tabs-panel--description panel entry-content wc-tab\" role=\"tabpanel\" aria-labelledby=\"tab-title-description\">\n<h2>Clotted Cream, l&rsquo;Ourson en peluche de Charlie Bears<\/h2>\n<p>Vous \u00eates a la recherche d&rsquo;un petit ourson doux et tr\u00e8s tendre ? D\u00e9couvrez L&rsquo;<strong>ourson en peluche Clotted Cream<\/strong> de <a href=\"https:\/\/www.charliebears.com\/\">Charlie Bears<\/a>\u00a0!<\/p>\n<p>L&rsquo;<strong>Ourson Clotted Cream<\/strong> est un magnifique petit ours de 25 cm, au regard tr\u00e8s attachant. Son pelage mi-long est a\u00e9rien et tr\u00e8s doux. Fabriqu\u00e9 \u00e0 l&rsquo;aide peluche synth\u00e9tique de qualit\u00e9, sa couleur est un m\u00e9lange de cr\u00e8me fouett\u00e9e et de jaune pale. Sa bouille est absolument craquante et vous invite \u00e0 beaucoup de tendresse. Son nez cir\u00e9 \u00e0 poils ras est cousu \u00e0 la main. Quant \u00e0 ses petits yeux expressifs, ils sont noirs et brillants. Conseill\u00e9 \u00e0 partir de 3 ans.<\/p>\n<p>Les ours de\u00a0<a href=\"https:\/\/marielleaupaysdesours.fr\/index.php\/peluches-charlie-bears\/\">Charlie Bears<\/a>\u00a0(Charlotte Morris dit Charlie) sont tr\u00e8s connus dans le monde merveilleux des peluches pour leur qualit\u00e9 de fabrication mais aussi pour l\u2019expression unique de leur minois, leur regard profond et expressif, ce qui fait que chaque peluche et unique et attachante.<br \/>\nCes peluches d\u2019exception se d\u00e9clinent en 4 superbes collections, toutes cr\u00e9\u00e9es par Charlotte Morris (dit Charlie).<\/p>\n<ul>\n<li>Les peluches Charlie Bears,<\/li>\n<li>la Bearhouse,<\/li>\n<li>les Minimo mohair et<\/li>\n<li>les Isabelle collection mohair.<\/li>\n<\/ul>\n<p>Car, il y a toujours de la place pour un ours de plus chez Charlie Bears !<\/p>\n<p>Alors, n\u2019h\u00e9sitez pas \u00e0 nous contacter si vous avez des questions ou besoin de plus d\u2019informations sur <strong>l\u2019Ours<\/strong> en\u00a0<strong>Peluche Clotted Cream<\/strong>.<\/p>\n<\/div>\n<\/div>\n","protected":false},"excerpt":{"rendered":"<p>L&rsquo;<strong>Ourson Clotted Cream<\/strong> est un magnifique petit ours de 25 cm, au regard tr\u00e8s attachant. Son pelage mi-long est a\u00e9rien et tr\u00e8s doux. Fabriqu\u00e9 \u00e0 l&rsquo;aide peluche synth\u00e9tique de qualit\u00e9, sa couleur est un m\u00e9lange de cr\u00e8me fouett\u00e9e et de jaune pale. Sa bouille est absolument craquante et vous invite \u00e0 beaucoup de tendresse. Son nez cir\u00e9 \u00e0 poils ras est cousu \u00e0 la main. Quant \u00e0 ses petits yeux expressifs, ils sont noirs et brillants. Conseill\u00e9 \u00e0 partir de 3 ans.<\/p>\n","protected":false},"featured_media":4776,"comment_status":"closed","ping_status":"closed","template":"","meta":{"_monsterinsights_skip_tracking":false,"_monsterinsights_sitenote_active":false,"_monsterinsights_sitenote_note":"","_monsterinsights_sitenote_category":0,"site-sidebar-layout":"default","site-content-layout":"default","ast-site-content-layout":"default","site-content-style":"default","site-sidebar-style":"default","ast-global-header-display":"","ast-banner-title-visibility":"","ast-main-header-display":"","ast-hfb-above-header-display":"","ast-hfb-below-header-display":"","ast-hfb-mobile-header-display":"","site-post-title":"","ast-breadcrumbs-content":"","ast-featured-img":"","footer-sml-layout":"","ast-disable-related-posts":"","theme-transparent-header-meta":"default","adv-header-id-meta":"","stick-header-meta":"","header-above-stick-meta":"","header-main-stick-meta":"","header-below-stick-meta":"","astra-migrate-meta-layouts":"default","ast-page-background-enabled":"default","ast-page-background-meta":{"desktop":{"background-color":"","background-image":"","background-repeat":"repeat","background-position":"center center","background-size":"auto","background-attachment":"scroll","background-type":"","background-media":"","overlay-type":"","overlay-color":"","overlay-opacity":"","overlay-gradient":""},"tablet":{"background-color":"","background-image":"","background-repeat":"repeat","background-position":"center center","background-size":"auto","background-attachment":"scroll","background-type":"","background-media":"","overlay-type":"","overlay-color":"","overlay-opacity":"","overlay-gradient":""},"mobile":{"background-color":"","background-image":"","background-repeat":"repeat","background-position":"center center","background-size":"auto","background-attachment":"scroll","background-type":"","background-media":"","overlay-type":"","overlay-color":"","overlay-opacity":"","overlay-gradient":""}},"ast-content-background-meta":{"desktop":{"background-color":"var(--ast-global-color-5)","background-image":"","background-repeat":"repeat","background-position":"center center","background-size":"auto","background-attachment":"scroll","background-type":"","background-media":"","overlay-type":"","overlay-color":"","overlay-opacity":"","overlay-gradient":""},"tablet":{"background-color":"var(--ast-global-color-5)","background-image":"","background-repeat":"repeat","background-position":"center center","background-size":"auto","background-attachment":"scroll","background-type":"","background-media":"","overlay-type":"","overlay-color":"","overlay-opacity":"","overlay-gradient":""},"mobile":{"background-color":"var(--ast-global-color-5)","background-image":"","background-repeat":"repeat","background-position":"center center","background-size":"auto","background-attachment":"scroll","background-type":"","background-media":"","overlay-type":"","overlay-color":"","overlay-opacity":"","overlay-gradient":""}}},"product_brand":[],"product_cat":[42,30,29],"product_tag":[],"class_list":{"0":"post-4775","1":"product","2":"type-product","3":"status-publish","4":"has-post-thumbnail","6":"product_cat-charlie-bears-peluches-collection","7":"product_cat-ours","8":"product_cat-collection","9":"product_shipping_class-peluches-grande-taille","10":"desktop-align-center","11":"tablet-align-left","12":"mobile-align-left","14":"first","15":"instock","16":"shipping-taxable","17":"purchasable","18":"product-type-simple"},"yoast_head":"<!-- This site is optimized with the Yoast SEO plugin v27.5 - https:\/\/yoast.com\/product\/yoast-seo-wordpress\/ -->\n<title>Ourson en Peluche Clotted Cream de CHARLIE BEARS<\/title>\n<meta name=\"description\" content=\"Vous \u00eates a la recherche d&#039;un petit ourson doux et tr\u00e8s tendre ? D\u00e9couvrez L&#039;ourson en peluche Clotted Cream de Charlie Bears, en vente sur notre site !\" \/>\n<meta name=\"robots\" content=\"index, follow, max-snippet:-1, max-image-preview:large, max-video-preview:-1\" \/>\n<link rel=\"canonical\" href=\"https:\/\/marielleaupaysdesours.fr\/index.php\/product\/ourson-en-peluche-clotted-cream-charlie-bears\/\" \/>\n<meta property=\"og:locale\" content=\"fr_FR\" \/>\n<meta property=\"og:type\" content=\"article\" \/>\n<meta property=\"og:title\" content=\"Ourson en Peluche Clotted Cream de CHARLIE BEARS\" \/>\n<meta property=\"og:description\" content=\"Vous \u00eates a la recherche d&#039;un petit ourson doux et tr\u00e8s tendre ? D\u00e9couvrez L&#039;ourson en peluche Clotted Cream de Charlie Bears, en vente sur notre site !\" \/>\n<meta property=\"og:url\" content=\"https:\/\/marielleaupaysdesours.fr\/index.php\/product\/ourson-en-peluche-clotted-cream-charlie-bears\/\" \/>\n<meta property=\"og:site_name\" content=\"Marielle au Pays des Ours | Vente en ligne de peluches\" \/>\n<meta property=\"article:modified_time\" content=\"2025-11-27T10:56:02+00:00\" \/>\n<meta property=\"og:image\" content=\"https:\/\/marielleaupaysdesours.fr\/wp-content\/uploads\/2023\/04\/ours-clotted-cream-charlie-bears-en-peluche-2023.jpg\" \/>\n\t<meta property=\"og:image:width\" content=\"600\" \/>\n\t<meta property=\"og:image:height\" content=\"600\" \/>\n\t<meta property=\"og:image:type\" content=\"image\/jpeg\" \/>\n<meta name=\"twitter:card\" content=\"summary_large_image\" \/>\n<meta name=\"twitter:label1\" content=\"Dur\u00e9e de lecture estim\u00e9e\" \/>\n\t<meta name=\"twitter:data1\" content=\"2 minutes\" \/>\n<script type=\"application\/ld+json\" class=\"yoast-schema-graph\">{\"@context\":\"https:\\\/\\\/schema.org\",\"@graph\":[{\"@type\":\"WebPage\",\"@id\":\"https:\\\/\\\/marielleaupaysdesours.fr\\\/index.php\\\/product\\\/ourson-en-peluche-clotted-cream-charlie-bears\\\/\",\"url\":\"https:\\\/\\\/marielleaupaysdesours.fr\\\/index.php\\\/product\\\/ourson-en-peluche-clotted-cream-charlie-bears\\\/\",\"name\":\"Ourson en Peluche Clotted Cream de CHARLIE BEARS\",\"isPartOf\":{\"@id\":\"https:\\\/\\\/marielleaupaysdesours.fr\\\/#website\"},\"primaryImageOfPage\":{\"@id\":\"https:\\\/\\\/marielleaupaysdesours.fr\\\/index.php\\\/product\\\/ourson-en-peluche-clotted-cream-charlie-bears\\\/#primaryimage\"},\"image\":{\"@id\":\"https:\\\/\\\/marielleaupaysdesours.fr\\\/index.php\\\/product\\\/ourson-en-peluche-clotted-cream-charlie-bears\\\/#primaryimage\"},\"thumbnailUrl\":\"https:\\\/\\\/marielleaupaysdesours.fr\\\/wp-content\\\/uploads\\\/2023\\\/04\\\/ours-clotted-cream-charlie-bears-en-peluche-2023.jpg\",\"datePublished\":\"2023-04-18T05:27:41+00:00\",\"dateModified\":\"2025-11-27T10:56:02+00:00\",\"description\":\"Vous \u00eates a la recherche d'un petit ourson doux et tr\u00e8s tendre ? D\u00e9couvrez L'ourson en peluche Clotted Cream de Charlie Bears, en vente sur notre site !\",\"breadcrumb\":{\"@id\":\"https:\\\/\\\/marielleaupaysdesours.fr\\\/index.php\\\/product\\\/ourson-en-peluche-clotted-cream-charlie-bears\\\/#breadcrumb\"},\"inLanguage\":\"fr-FR\",\"potentialAction\":[{\"@type\":\"ReadAction\",\"target\":[\"https:\\\/\\\/marielleaupaysdesours.fr\\\/index.php\\\/product\\\/ourson-en-peluche-clotted-cream-charlie-bears\\\/\"]}]},{\"@type\":\"ImageObject\",\"inLanguage\":\"fr-FR\",\"@id\":\"https:\\\/\\\/marielleaupaysdesours.fr\\\/index.php\\\/product\\\/ourson-en-peluche-clotted-cream-charlie-bears\\\/#primaryimage\",\"url\":\"https:\\\/\\\/marielleaupaysdesours.fr\\\/wp-content\\\/uploads\\\/2023\\\/04\\\/ours-clotted-cream-charlie-bears-en-peluche-2023.jpg\",\"contentUrl\":\"https:\\\/\\\/marielleaupaysdesours.fr\\\/wp-content\\\/uploads\\\/2023\\\/04\\\/ours-clotted-cream-charlie-bears-en-peluche-2023.jpg\",\"width\":600,\"height\":600,\"caption\":\"Ourson en Peluche Clotted Cream de CHARLIE BEARS\"},{\"@type\":\"BreadcrumbList\",\"@id\":\"https:\\\/\\\/marielleaupaysdesours.fr\\\/index.php\\\/product\\\/ourson-en-peluche-clotted-cream-charlie-bears\\\/#breadcrumb\",\"itemListElement\":[{\"@type\":\"ListItem\",\"position\":1,\"name\":\"Accueil\",\"item\":\"https:\\\/\\\/marielleaupaysdesours.fr\\\/\"},{\"@type\":\"ListItem\",\"position\":2,\"name\":\"Shop\",\"item\":\"https:\\\/\\\/marielleaupaysdesours.fr\\\/index.php\\\/shop\\\/\"},{\"@type\":\"ListItem\",\"position\":3,\"name\":\"Ourson en Peluche CLOTTED CREAM de CHARLIE BEARS\"}]},{\"@type\":\"WebSite\",\"@id\":\"https:\\\/\\\/marielleaupaysdesours.fr\\\/#website\",\"url\":\"https:\\\/\\\/marielleaupaysdesours.fr\\\/\",\"name\":\"Marielle au Pays des Ours | Vente en ligne de peluches\",\"description\":\"vente en ligne de peluches\",\"publisher\":{\"@id\":\"https:\\\/\\\/marielleaupaysdesours.fr\\\/#organization\"},\"potentialAction\":[{\"@type\":\"SearchAction\",\"target\":{\"@type\":\"EntryPoint\",\"urlTemplate\":\"https:\\\/\\\/marielleaupaysdesours.fr\\\/?s={search_term_string}\"},\"query-input\":{\"@type\":\"PropertyValueSpecification\",\"valueRequired\":true,\"valueName\":\"search_term_string\"}}],\"inLanguage\":\"fr-FR\"},{\"@type\":\"Organization\",\"@id\":\"https:\\\/\\\/marielleaupaysdesours.fr\\\/#organization\",\"name\":\"Marielle au Pays des Ours | Vente en ligne de peluches\",\"url\":\"https:\\\/\\\/marielleaupaysdesours.fr\\\/\",\"logo\":{\"@type\":\"ImageObject\",\"inLanguage\":\"fr-FR\",\"@id\":\"https:\\\/\\\/marielleaupaysdesours.fr\\\/#\\\/schema\\\/logo\\\/image\\\/\",\"url\":\"https:\\\/\\\/marielleaupaysdesours.fr\\\/wp-content\\\/uploads\\\/2020\\\/10\\\/logo-marielle-light.jpg\",\"contentUrl\":\"https:\\\/\\\/marielleaupaysdesours.fr\\\/wp-content\\\/uploads\\\/2020\\\/10\\\/logo-marielle-light.jpg\",\"width\":500,\"height\":500,\"caption\":\"Marielle au Pays des Ours | Vente en ligne de peluches\"},\"image\":{\"@id\":\"https:\\\/\\\/marielleaupaysdesours.fr\\\/#\\\/schema\\\/logo\\\/image\\\/\"}}]}<\/script>\n<!-- \/ Yoast SEO plugin. -->","yoast_head_json":{"title":"Ourson en Peluche Clotted Cream de CHARLIE BEARS","description":"Vous \u00eates a la recherche d'un petit ourson doux et tr\u00e8s tendre ? D\u00e9couvrez L'ourson en peluche Clotted Cream de Charlie Bears, en vente sur notre site !","robots":{"index":"index","follow":"follow","max-snippet":"max-snippet:-1","max-image-preview":"max-image-preview:large","max-video-preview":"max-video-preview:-1"},"canonical":"https:\/\/marielleaupaysdesours.fr\/index.php\/product\/ourson-en-peluche-clotted-cream-charlie-bears\/","og_locale":"fr_FR","og_type":"article","og_title":"Ourson en Peluche Clotted Cream de CHARLIE BEARS","og_description":"Vous \u00eates a la recherche d'un petit ourson doux et tr\u00e8s tendre ? D\u00e9couvrez L'ourson en peluche Clotted Cream de Charlie Bears, en vente sur notre site !","og_url":"https:\/\/marielleaupaysdesours.fr\/index.php\/product\/ourson-en-peluche-clotted-cream-charlie-bears\/","og_site_name":"Marielle au Pays des Ours | Vente en ligne de peluches","article_modified_time":"2025-11-27T10:56:02+00:00","og_image":[{"width":600,"height":600,"url":"https:\/\/marielleaupaysdesours.fr\/wp-content\/uploads\/2023\/04\/ours-clotted-cream-charlie-bears-en-peluche-2023.jpg","type":"image\/jpeg"}],"twitter_card":"summary_large_image","twitter_misc":{"Dur\u00e9e de lecture estim\u00e9e":"2 minutes"},"schema":{"@context":"https:\/\/schema.org","@graph":[{"@type":"WebPage","@id":"https:\/\/marielleaupaysdesours.fr\/index.php\/product\/ourson-en-peluche-clotted-cream-charlie-bears\/","url":"https:\/\/marielleaupaysdesours.fr\/index.php\/product\/ourson-en-peluche-clotted-cream-charlie-bears\/","name":"Ourson en Peluche Clotted Cream de CHARLIE BEARS","isPartOf":{"@id":"https:\/\/marielleaupaysdesours.fr\/#website"},"primaryImageOfPage":{"@id":"https:\/\/marielleaupaysdesours.fr\/index.php\/product\/ourson-en-peluche-clotted-cream-charlie-bears\/#primaryimage"},"image":{"@id":"https:\/\/marielleaupaysdesours.fr\/index.php\/product\/ourson-en-peluche-clotted-cream-charlie-bears\/#primaryimage"},"thumbnailUrl":"https:\/\/marielleaupaysdesours.fr\/wp-content\/uploads\/2023\/04\/ours-clotted-cream-charlie-bears-en-peluche-2023.jpg","datePublished":"2023-04-18T05:27:41+00:00","dateModified":"2025-11-27T10:56:02+00:00","description":"Vous \u00eates a la recherche d'un petit ourson doux et tr\u00e8s tendre ? D\u00e9couvrez L'ourson en peluche Clotted Cream de Charlie Bears, en vente sur notre site !","breadcrumb":{"@id":"https:\/\/marielleaupaysdesours.fr\/index.php\/product\/ourson-en-peluche-clotted-cream-charlie-bears\/#breadcrumb"},"inLanguage":"fr-FR","potentialAction":[{"@type":"ReadAction","target":["https:\/\/marielleaupaysdesours.fr\/index.php\/product\/ourson-en-peluche-clotted-cream-charlie-bears\/"]}]},{"@type":"ImageObject","inLanguage":"fr-FR","@id":"https:\/\/marielleaupaysdesours.fr\/index.php\/product\/ourson-en-peluche-clotted-cream-charlie-bears\/#primaryimage","url":"https:\/\/marielleaupaysdesours.fr\/wp-content\/uploads\/2023\/04\/ours-clotted-cream-charlie-bears-en-peluche-2023.jpg","contentUrl":"https:\/\/marielleaupaysdesours.fr\/wp-content\/uploads\/2023\/04\/ours-clotted-cream-charlie-bears-en-peluche-2023.jpg","width":600,"height":600,"caption":"Ourson en Peluche Clotted Cream de CHARLIE BEARS"},{"@type":"BreadcrumbList","@id":"https:\/\/marielleaupaysdesours.fr\/index.php\/product\/ourson-en-peluche-clotted-cream-charlie-bears\/#breadcrumb","itemListElement":[{"@type":"ListItem","position":1,"name":"Accueil","item":"https:\/\/marielleaupaysdesours.fr\/"},{"@type":"ListItem","position":2,"name":"Shop","item":"https:\/\/marielleaupaysdesours.fr\/index.php\/shop\/"},{"@type":"ListItem","position":3,"name":"Ourson en Peluche CLOTTED CREAM de CHARLIE BEARS"}]},{"@type":"WebSite","@id":"https:\/\/marielleaupaysdesours.fr\/#website","url":"https:\/\/marielleaupaysdesours.fr\/","name":"Marielle au Pays des Ours | Vente en ligne de peluches","description":"vente en ligne de peluches","publisher":{"@id":"https:\/\/marielleaupaysdesours.fr\/#organization"},"potentialAction":[{"@type":"SearchAction","target":{"@type":"EntryPoint","urlTemplate":"https:\/\/marielleaupaysdesours.fr\/?s={search_term_string}"},"query-input":{"@type":"PropertyValueSpecification","valueRequired":true,"valueName":"search_term_string"}}],"inLanguage":"fr-FR"},{"@type":"Organization","@id":"https:\/\/marielleaupaysdesours.fr\/#organization","name":"Marielle au Pays des Ours | Vente en ligne de peluches","url":"https:\/\/marielleaupaysdesours.fr\/","logo":{"@type":"ImageObject","inLanguage":"fr-FR","@id":"https:\/\/marielleaupaysdesours.fr\/#\/schema\/logo\/image\/","url":"https:\/\/marielleaupaysdesours.fr\/wp-content\/uploads\/2020\/10\/logo-marielle-light.jpg","contentUrl":"https:\/\/marielleaupaysdesours.fr\/wp-content\/uploads\/2020\/10\/logo-marielle-light.jpg","width":500,"height":500,"caption":"Marielle au Pays des Ours | Vente en ligne de peluches"},"image":{"@id":"https:\/\/marielleaupaysdesours.fr\/#\/schema\/logo\/image\/"}}]}},"jetpack_sharing_enabled":true,"_links":{"self":[{"href":"https:\/\/marielleaupaysdesours.fr\/index.php\/wp-json\/wp\/v2\/product\/4775","targetHints":{"allow":["GET"]}}],"collection":[{"href":"https:\/\/marielleaupaysdesours.fr\/index.php\/wp-json\/wp\/v2\/product"}],"about":[{"href":"https:\/\/marielleaupaysdesours.fr\/index.php\/wp-json\/wp\/v2\/types\/product"}],"replies":[{"embeddable":true,"href":"https:\/\/marielleaupaysdesours.fr\/index.php\/wp-json\/wp\/v2\/comments?post=4775"}],"version-history":[{"count":4,"href":"https:\/\/marielleaupaysdesours.fr\/index.php\/wp-json\/wp\/v2\/product\/4775\/revisions"}],"predecessor-version":[{"id":4803,"href":"https:\/\/marielleaupaysdesours.fr\/index.php\/wp-json\/wp\/v2\/product\/4775\/revisions\/4803"}],"wp:featuredmedia":[{"embeddable":true,"href":"https:\/\/marielleaupaysdesours.fr\/index.php\/wp-json\/wp\/v2\/media\/4776"}],"wp:attachment":[{"href":"https:\/\/marielleaupaysdesours.fr\/index.php\/wp-json\/wp\/v2\/media?parent=4775"}],"wp:term":[{"taxonomy":"product_brand","embeddable":true,"href":"https:\/\/marielleaupaysdesours.fr\/index.php\/wp-json\/wp\/v2\/product_brand?post=4775"},{"taxonomy":"product_cat","embeddable":true,"href":"https:\/\/marielleaupaysdesours.fr\/index.php\/wp-json\/wp\/v2\/product_cat?post=4775"},{"taxonomy":"product_tag","embeddable":true,"href":"https:\/\/marielleaupaysdesours.fr\/index.php\/wp-json\/wp\/v2\/product_tag?post=4775"}],"curies":[{"name":"wp","href":"https:\/\/api.w.org\/{rel}","templated":true}]}}