{"id":4769,"date":"2023-04-17T17:46:15","date_gmt":"2023-04-17T15:46:15","guid":{"rendered":"https:\/\/marielleaupaysdesours.fr\/?post_type=product&#038;p=4769"},"modified":"2025-11-27T11:56:35","modified_gmt":"2025-11-27T10:56:35","slug":"ours-peluche-charlie-mohair-year-bear-2023","status":"publish","type":"product","link":"https:\/\/marielleaupaysdesours.fr\/index.php\/product\/ours-peluche-charlie-mohair-year-bear-2023\/","title":{"rendered":"Panda en Peluche CHARLIE Collection Mohair 2023"},"content":{"rendered":"<h2>Charlie, le Panda en Peluche Collection Mohair 2023 de Charlie Bears<\/h2>\n<p>Vous \u00eates \u00e0 la recherche de l&rsquo;<strong>ours en mohair de l&rsquo;ann\u00e9e 2023<\/strong> ? D\u00e9couvrez <strong>Charlie<\/strong> le <strong>Panda en Peluche<\/strong> de <a href=\"https:\/\/www.charliebears.com\/\"><em><strong>Charlie Bears<\/strong> <\/em><\/a>en Collaboration avec Isabelle Lee.<\/p>\n<p>Voici <strong>Charlie Collection Mohair 2023<\/strong>, cr\u00e9\u00e9 par <strong>Charlie<\/strong> en collaboration avec <strong>Isabelle Lee. <\/strong>C&rsquo;est tr\u00e8s certainement le plus attendrissant des <strong>pandas en peluche<\/strong> de la marque <strong>Charlie Bears<\/strong>. Cr\u00e9\u00e9e \u00e0 partir de fibres longues et luxueuse en mohair, cette peluche est absolument irr\u00e9sistible. Dans des tons de rose poudr\u00e9, vieux rose, violine et beige clair, <em><strong>Charlie<\/strong> <\/em>a le dessous de ses pattes dessin\u00e9es, laissant apparaitre de longs poils \u00e9bouriff\u00e9s. Son nez est cousu \u00e0 la main avec du fil cir\u00e9 rose et grenat. Il porte autour de son cou un magnifique n\u0153ud violine\/rose vieux en broderie. Limit\u00e9 \u00e0 400 pi\u00e8ces. Charlie mesure 39 cm. Conseill\u00e9 \u00e0 partir de 14 ans.<\/p>\n<p>Les ours de\u00a0<a href=\"https:\/\/marielleaupaysdesours.fr\/index.php\/peluches-charlie-bears\/\">Charlie Bears<\/a>\u00a0(Charlotte Morris dit Charlie) sont tr\u00e8s connus dans le monde merveilleux des peluches pour leur qualit\u00e9 de fabrication mais aussi pour l\u2019expression unique de leur minois, leur regard profond et expressif, ce qui fait que chaque peluche et unique et attachante.<br \/>\nCes peluches d\u2019exception se d\u00e9clinent en 4 superbes collections, toutes cr\u00e9\u00e9es par Charlotte Morris (dit Charlie).<\/p>\n<ul>\n<li>Les peluches Charlie Bears,<\/li>\n<li>la Bearhouse,<\/li>\n<li>les Minimo mohair et<\/li>\n<li>les Isabelle collection mohair.<\/li>\n<\/ul>\n<p>Car, il y a toujours de la place pour un ours de plus chez Charlie Bears !<\/p>\n<p>Alors, n\u2019h\u00e9sitez pas \u00e0 nous contacter si vous avez des questions ou besoin de plus d\u2019informations sur le<strong> Panda en Peluche Charlie<\/strong>.<\/p>\n","protected":false},"excerpt":{"rendered":"<p>Voici <strong>Charlie Collection Mohair 2023<\/strong>, cr\u00e9\u00e9 par <strong>Charlie<\/strong> en collaboration avec <strong>Isabelle Lee. <\/strong>C&rsquo;est tr\u00e8s certainement le plus attendrissant des <strong>pandas en peluche<\/strong> de la marque <strong>Charlie Bears<\/strong>. Cr\u00e9\u00e9e \u00e0 partir de fibres longues et luxueuse en mohair, cette peluche est absolument irr\u00e9sistible. Dans des tons de rose poudr\u00e9, vieux rose, violine et beige clair, <em><strong>Charlie<\/strong> <\/em>a le dessous de ses pattes dessin\u00e9es, laissant apparaitre de longs poils \u00e9bouriff\u00e9s. Son nez est cousu \u00e0 la main avec du fil cir\u00e9 rose et grenat. Il porte autour de son cou un magnifique n\u0153ud violine\/rose vieux en broderie. Limit\u00e9 \u00e0 400 pi\u00e8ces. Charlie mesure 39 cm. Conseill\u00e9 \u00e0 partir de 14 ans.<\/p>\n","protected":false},"featured_media":4770,"comment_status":"closed","ping_status":"closed","template":"","meta":{"_monsterinsights_skip_tracking":false,"_monsterinsights_sitenote_active":false,"_monsterinsights_sitenote_note":"","_monsterinsights_sitenote_category":0,"site-sidebar-layout":"default","site-content-layout":"default","ast-site-content-layout":"default","site-content-style":"default","site-sidebar-style":"default","ast-global-header-display":"","ast-banner-title-visibility":"","ast-main-header-display":"","ast-hfb-above-header-display":"","ast-hfb-below-header-display":"","ast-hfb-mobile-header-display":"","site-post-title":"","ast-breadcrumbs-content":"","ast-featured-img":"","footer-sml-layout":"","ast-disable-related-posts":"","theme-transparent-header-meta":"default","adv-header-id-meta":"","stick-header-meta":"","header-above-stick-meta":"","header-main-stick-meta":"","header-below-stick-meta":"","astra-migrate-meta-layouts":"default","ast-page-background-enabled":"default","ast-page-background-meta":{"desktop":{"background-color":"","background-image":"","background-repeat":"repeat","background-position":"center center","background-size":"auto","background-attachment":"scroll","background-type":"","background-media":"","overlay-type":"","overlay-color":"","overlay-opacity":"","overlay-gradient":""},"tablet":{"background-color":"","background-image":"","background-repeat":"repeat","background-position":"center center","background-size":"auto","background-attachment":"scroll","background-type":"","background-media":"","overlay-type":"","overlay-color":"","overlay-opacity":"","overlay-gradient":""},"mobile":{"background-color":"","background-image":"","background-repeat":"repeat","background-position":"center center","background-size":"auto","background-attachment":"scroll","background-type":"","background-media":"","overlay-type":"","overlay-color":"","overlay-opacity":"","overlay-gradient":""}},"ast-content-background-meta":{"desktop":{"background-color":"var(--ast-global-color-5)","background-image":"","background-repeat":"repeat","background-position":"center center","background-size":"auto","background-attachment":"scroll","background-type":"","background-media":"","overlay-type":"","overlay-color":"","overlay-opacity":"","overlay-gradient":""},"tablet":{"background-color":"var(--ast-global-color-5)","background-image":"","background-repeat":"repeat","background-position":"center center","background-size":"auto","background-attachment":"scroll","background-type":"","background-media":"","overlay-type":"","overlay-color":"","overlay-opacity":"","overlay-gradient":""},"mobile":{"background-color":"var(--ast-global-color-5)","background-image":"","background-repeat":"repeat","background-position":"center center","background-size":"auto","background-attachment":"scroll","background-type":"","background-media":"","overlay-type":"","overlay-color":"","overlay-opacity":"","overlay-gradient":""}}},"product_brand":[],"product_cat":[42,30,29],"product_tag":[],"class_list":{"0":"post-4769","1":"product","2":"type-product","3":"status-publish","4":"has-post-thumbnail","6":"product_cat-charlie-bears-peluches-collection","7":"product_cat-ours","8":"product_cat-collection","9":"product_shipping_class-peluches-grande-taille","10":"desktop-align-center","11":"tablet-align-left","12":"mobile-align-left","14":"first","15":"instock","16":"sale","17":"shipping-taxable","18":"purchasable","19":"product-type-simple"},"yoast_head":"<!-- This site is optimized with the Yoast SEO plugin v27.4 - https:\/\/yoast.com\/product\/yoast-seo-wordpress\/ -->\n<title>Panda en Peluche CHARLIE Collection Mohair - Year Bear 2023<\/title>\n<meta name=\"description\" content=\"Vous \u00eates \u00e0 la recherche de l&#039;ours en mohair de l&#039;ann\u00e9e 2023 ? D\u00e9couvrez Charlie le Panda en Peluche de Charlie Bears en Collaboration avec Isabelle Lee.\" \/>\n<meta name=\"robots\" content=\"index, follow, max-snippet:-1, max-image-preview:large, max-video-preview:-1\" \/>\n<link rel=\"canonical\" href=\"https:\/\/marielleaupaysdesours.fr\/index.php\/product\/ours-peluche-charlie-mohair-year-bear-2023\/\" \/>\n<meta property=\"og:locale\" content=\"fr_FR\" \/>\n<meta property=\"og:type\" content=\"article\" \/>\n<meta property=\"og:title\" content=\"Panda en Peluche CHARLIE Collection Mohair - Year Bear 2023\" \/>\n<meta property=\"og:description\" content=\"Vous \u00eates \u00e0 la recherche de l&#039;ours en mohair de l&#039;ann\u00e9e 2023 ? D\u00e9couvrez Charlie le Panda en Peluche de Charlie Bears en Collaboration avec Isabelle Lee.\" \/>\n<meta property=\"og:url\" content=\"https:\/\/marielleaupaysdesours.fr\/index.php\/product\/ours-peluche-charlie-mohair-year-bear-2023\/\" \/>\n<meta property=\"og:site_name\" content=\"Marielle au Pays des Ours | Vente en ligne de peluches\" \/>\n<meta property=\"article:modified_time\" content=\"2025-11-27T10:56:35+00:00\" \/>\n<meta property=\"og:image\" content=\"https:\/\/marielleaupaysdesours.fr\/wp-content\/uploads\/2023\/04\/Charlie-Mohair-Year-Bear-2023.webp\" \/>\n\t<meta property=\"og:image:width\" content=\"600\" \/>\n\t<meta property=\"og:image:height\" content=\"808\" \/>\n\t<meta property=\"og:image:type\" content=\"image\/webp\" \/>\n<meta name=\"twitter:card\" content=\"summary_large_image\" \/>\n<meta name=\"twitter:label1\" content=\"Dur\u00e9e de lecture estim\u00e9e\" \/>\n\t<meta name=\"twitter:data1\" content=\"2 minutes\" \/>\n<script type=\"application\/ld+json\" class=\"yoast-schema-graph\">{\"@context\":\"https:\\\/\\\/schema.org\",\"@graph\":[{\"@type\":\"WebPage\",\"@id\":\"https:\\\/\\\/marielleaupaysdesours.fr\\\/index.php\\\/product\\\/ours-peluche-charlie-mohair-year-bear-2023\\\/\",\"url\":\"https:\\\/\\\/marielleaupaysdesours.fr\\\/index.php\\\/product\\\/ours-peluche-charlie-mohair-year-bear-2023\\\/\",\"name\":\"Panda en Peluche CHARLIE Collection Mohair - Year Bear 2023\",\"isPartOf\":{\"@id\":\"https:\\\/\\\/marielleaupaysdesours.fr\\\/#website\"},\"primaryImageOfPage\":{\"@id\":\"https:\\\/\\\/marielleaupaysdesours.fr\\\/index.php\\\/product\\\/ours-peluche-charlie-mohair-year-bear-2023\\\/#primaryimage\"},\"image\":{\"@id\":\"https:\\\/\\\/marielleaupaysdesours.fr\\\/index.php\\\/product\\\/ours-peluche-charlie-mohair-year-bear-2023\\\/#primaryimage\"},\"thumbnailUrl\":\"https:\\\/\\\/marielleaupaysdesours.fr\\\/wp-content\\\/uploads\\\/2023\\\/04\\\/Charlie-Mohair-Year-Bear-2023.webp\",\"datePublished\":\"2023-04-17T15:46:15+00:00\",\"dateModified\":\"2025-11-27T10:56:35+00:00\",\"description\":\"Vous \u00eates \u00e0 la recherche de l'ours en mohair de l'ann\u00e9e 2023 ? D\u00e9couvrez Charlie le Panda en Peluche de Charlie Bears en Collaboration avec Isabelle Lee.\",\"breadcrumb\":{\"@id\":\"https:\\\/\\\/marielleaupaysdesours.fr\\\/index.php\\\/product\\\/ours-peluche-charlie-mohair-year-bear-2023\\\/#breadcrumb\"},\"inLanguage\":\"fr-FR\",\"potentialAction\":[{\"@type\":\"ReadAction\",\"target\":[\"https:\\\/\\\/marielleaupaysdesours.fr\\\/index.php\\\/product\\\/ours-peluche-charlie-mohair-year-bear-2023\\\/\"]}]},{\"@type\":\"ImageObject\",\"inLanguage\":\"fr-FR\",\"@id\":\"https:\\\/\\\/marielleaupaysdesours.fr\\\/index.php\\\/product\\\/ours-peluche-charlie-mohair-year-bear-2023\\\/#primaryimage\",\"url\":\"https:\\\/\\\/marielleaupaysdesours.fr\\\/wp-content\\\/uploads\\\/2023\\\/04\\\/Charlie-Mohair-Year-Bear-2023.webp\",\"contentUrl\":\"https:\\\/\\\/marielleaupaysdesours.fr\\\/wp-content\\\/uploads\\\/2023\\\/04\\\/Charlie-Mohair-Year-Bear-2023.webp\",\"width\":600,\"height\":808,\"caption\":\"Panda en Peluche CHARLIE Collection Mohair - Year Bear 2023\"},{\"@type\":\"BreadcrumbList\",\"@id\":\"https:\\\/\\\/marielleaupaysdesours.fr\\\/index.php\\\/product\\\/ours-peluche-charlie-mohair-year-bear-2023\\\/#breadcrumb\",\"itemListElement\":[{\"@type\":\"ListItem\",\"position\":1,\"name\":\"Accueil\",\"item\":\"https:\\\/\\\/marielleaupaysdesours.fr\\\/\"},{\"@type\":\"ListItem\",\"position\":2,\"name\":\"Shop\",\"item\":\"https:\\\/\\\/marielleaupaysdesours.fr\\\/index.php\\\/shop\\\/\"},{\"@type\":\"ListItem\",\"position\":3,\"name\":\"Panda en Peluche CHARLIE Collection Mohair 2023\"}]},{\"@type\":\"WebSite\",\"@id\":\"https:\\\/\\\/marielleaupaysdesours.fr\\\/#website\",\"url\":\"https:\\\/\\\/marielleaupaysdesours.fr\\\/\",\"name\":\"Marielle au Pays des Ours | Vente en ligne de peluches\",\"description\":\"vente en ligne de peluches\",\"publisher\":{\"@id\":\"https:\\\/\\\/marielleaupaysdesours.fr\\\/#organization\"},\"potentialAction\":[{\"@type\":\"SearchAction\",\"target\":{\"@type\":\"EntryPoint\",\"urlTemplate\":\"https:\\\/\\\/marielleaupaysdesours.fr\\\/?s={search_term_string}\"},\"query-input\":{\"@type\":\"PropertyValueSpecification\",\"valueRequired\":true,\"valueName\":\"search_term_string\"}}],\"inLanguage\":\"fr-FR\"},{\"@type\":\"Organization\",\"@id\":\"https:\\\/\\\/marielleaupaysdesours.fr\\\/#organization\",\"name\":\"Marielle au Pays des Ours | Vente en ligne de peluches\",\"url\":\"https:\\\/\\\/marielleaupaysdesours.fr\\\/\",\"logo\":{\"@type\":\"ImageObject\",\"inLanguage\":\"fr-FR\",\"@id\":\"https:\\\/\\\/marielleaupaysdesours.fr\\\/#\\\/schema\\\/logo\\\/image\\\/\",\"url\":\"https:\\\/\\\/marielleaupaysdesours.fr\\\/wp-content\\\/uploads\\\/2020\\\/10\\\/logo-marielle-light.jpg\",\"contentUrl\":\"https:\\\/\\\/marielleaupaysdesours.fr\\\/wp-content\\\/uploads\\\/2020\\\/10\\\/logo-marielle-light.jpg\",\"width\":500,\"height\":500,\"caption\":\"Marielle au Pays des Ours | Vente en ligne de peluches\"},\"image\":{\"@id\":\"https:\\\/\\\/marielleaupaysdesours.fr\\\/#\\\/schema\\\/logo\\\/image\\\/\"}}]}<\/script>\n<!-- \/ Yoast SEO plugin. -->","yoast_head_json":{"title":"Panda en Peluche CHARLIE Collection Mohair - Year Bear 2023","description":"Vous \u00eates \u00e0 la recherche de l'ours en mohair de l'ann\u00e9e 2023 ? D\u00e9couvrez Charlie le Panda en Peluche de Charlie Bears en Collaboration avec Isabelle Lee.","robots":{"index":"index","follow":"follow","max-snippet":"max-snippet:-1","max-image-preview":"max-image-preview:large","max-video-preview":"max-video-preview:-1"},"canonical":"https:\/\/marielleaupaysdesours.fr\/index.php\/product\/ours-peluche-charlie-mohair-year-bear-2023\/","og_locale":"fr_FR","og_type":"article","og_title":"Panda en Peluche CHARLIE Collection Mohair - Year Bear 2023","og_description":"Vous \u00eates \u00e0 la recherche de l'ours en mohair de l'ann\u00e9e 2023 ? D\u00e9couvrez Charlie le Panda en Peluche de Charlie Bears en Collaboration avec Isabelle Lee.","og_url":"https:\/\/marielleaupaysdesours.fr\/index.php\/product\/ours-peluche-charlie-mohair-year-bear-2023\/","og_site_name":"Marielle au Pays des Ours | Vente en ligne de peluches","article_modified_time":"2025-11-27T10:56:35+00:00","og_image":[{"width":600,"height":808,"url":"https:\/\/marielleaupaysdesours.fr\/wp-content\/uploads\/2023\/04\/Charlie-Mohair-Year-Bear-2023.webp","type":"image\/webp"}],"twitter_card":"summary_large_image","twitter_misc":{"Dur\u00e9e de lecture estim\u00e9e":"2 minutes"},"schema":{"@context":"https:\/\/schema.org","@graph":[{"@type":"WebPage","@id":"https:\/\/marielleaupaysdesours.fr\/index.php\/product\/ours-peluche-charlie-mohair-year-bear-2023\/","url":"https:\/\/marielleaupaysdesours.fr\/index.php\/product\/ours-peluche-charlie-mohair-year-bear-2023\/","name":"Panda en Peluche CHARLIE Collection Mohair - Year Bear 2023","isPartOf":{"@id":"https:\/\/marielleaupaysdesours.fr\/#website"},"primaryImageOfPage":{"@id":"https:\/\/marielleaupaysdesours.fr\/index.php\/product\/ours-peluche-charlie-mohair-year-bear-2023\/#primaryimage"},"image":{"@id":"https:\/\/marielleaupaysdesours.fr\/index.php\/product\/ours-peluche-charlie-mohair-year-bear-2023\/#primaryimage"},"thumbnailUrl":"https:\/\/marielleaupaysdesours.fr\/wp-content\/uploads\/2023\/04\/Charlie-Mohair-Year-Bear-2023.webp","datePublished":"2023-04-17T15:46:15+00:00","dateModified":"2025-11-27T10:56:35+00:00","description":"Vous \u00eates \u00e0 la recherche de l'ours en mohair de l'ann\u00e9e 2023 ? D\u00e9couvrez Charlie le Panda en Peluche de Charlie Bears en Collaboration avec Isabelle Lee.","breadcrumb":{"@id":"https:\/\/marielleaupaysdesours.fr\/index.php\/product\/ours-peluche-charlie-mohair-year-bear-2023\/#breadcrumb"},"inLanguage":"fr-FR","potentialAction":[{"@type":"ReadAction","target":["https:\/\/marielleaupaysdesours.fr\/index.php\/product\/ours-peluche-charlie-mohair-year-bear-2023\/"]}]},{"@type":"ImageObject","inLanguage":"fr-FR","@id":"https:\/\/marielleaupaysdesours.fr\/index.php\/product\/ours-peluche-charlie-mohair-year-bear-2023\/#primaryimage","url":"https:\/\/marielleaupaysdesours.fr\/wp-content\/uploads\/2023\/04\/Charlie-Mohair-Year-Bear-2023.webp","contentUrl":"https:\/\/marielleaupaysdesours.fr\/wp-content\/uploads\/2023\/04\/Charlie-Mohair-Year-Bear-2023.webp","width":600,"height":808,"caption":"Panda en Peluche CHARLIE Collection Mohair - Year Bear 2023"},{"@type":"BreadcrumbList","@id":"https:\/\/marielleaupaysdesours.fr\/index.php\/product\/ours-peluche-charlie-mohair-year-bear-2023\/#breadcrumb","itemListElement":[{"@type":"ListItem","position":1,"name":"Accueil","item":"https:\/\/marielleaupaysdesours.fr\/"},{"@type":"ListItem","position":2,"name":"Shop","item":"https:\/\/marielleaupaysdesours.fr\/index.php\/shop\/"},{"@type":"ListItem","position":3,"name":"Panda en Peluche CHARLIE Collection Mohair 2023"}]},{"@type":"WebSite","@id":"https:\/\/marielleaupaysdesours.fr\/#website","url":"https:\/\/marielleaupaysdesours.fr\/","name":"Marielle au Pays des Ours | Vente en ligne de peluches","description":"vente en ligne de peluches","publisher":{"@id":"https:\/\/marielleaupaysdesours.fr\/#organization"},"potentialAction":[{"@type":"SearchAction","target":{"@type":"EntryPoint","urlTemplate":"https:\/\/marielleaupaysdesours.fr\/?s={search_term_string}"},"query-input":{"@type":"PropertyValueSpecification","valueRequired":true,"valueName":"search_term_string"}}],"inLanguage":"fr-FR"},{"@type":"Organization","@id":"https:\/\/marielleaupaysdesours.fr\/#organization","name":"Marielle au Pays des Ours | Vente en ligne de peluches","url":"https:\/\/marielleaupaysdesours.fr\/","logo":{"@type":"ImageObject","inLanguage":"fr-FR","@id":"https:\/\/marielleaupaysdesours.fr\/#\/schema\/logo\/image\/","url":"https:\/\/marielleaupaysdesours.fr\/wp-content\/uploads\/2020\/10\/logo-marielle-light.jpg","contentUrl":"https:\/\/marielleaupaysdesours.fr\/wp-content\/uploads\/2020\/10\/logo-marielle-light.jpg","width":500,"height":500,"caption":"Marielle au Pays des Ours | Vente en ligne de peluches"},"image":{"@id":"https:\/\/marielleaupaysdesours.fr\/#\/schema\/logo\/image\/"}}]}},"jetpack_sharing_enabled":true,"_links":{"self":[{"href":"https:\/\/marielleaupaysdesours.fr\/index.php\/wp-json\/wp\/v2\/product\/4769","targetHints":{"allow":["GET"]}}],"collection":[{"href":"https:\/\/marielleaupaysdesours.fr\/index.php\/wp-json\/wp\/v2\/product"}],"about":[{"href":"https:\/\/marielleaupaysdesours.fr\/index.php\/wp-json\/wp\/v2\/types\/product"}],"replies":[{"embeddable":true,"href":"https:\/\/marielleaupaysdesours.fr\/index.php\/wp-json\/wp\/v2\/comments?post=4769"}],"version-history":[{"count":5,"href":"https:\/\/marielleaupaysdesours.fr\/index.php\/wp-json\/wp\/v2\/product\/4769\/revisions"}],"predecessor-version":[{"id":4804,"href":"https:\/\/marielleaupaysdesours.fr\/index.php\/wp-json\/wp\/v2\/product\/4769\/revisions\/4804"}],"wp:featuredmedia":[{"embeddable":true,"href":"https:\/\/marielleaupaysdesours.fr\/index.php\/wp-json\/wp\/v2\/media\/4770"}],"wp:attachment":[{"href":"https:\/\/marielleaupaysdesours.fr\/index.php\/wp-json\/wp\/v2\/media?parent=4769"}],"wp:term":[{"taxonomy":"product_brand","embeddable":true,"href":"https:\/\/marielleaupaysdesours.fr\/index.php\/wp-json\/wp\/v2\/product_brand?post=4769"},{"taxonomy":"product_cat","embeddable":true,"href":"https:\/\/marielleaupaysdesours.fr\/index.php\/wp-json\/wp\/v2\/product_cat?post=4769"},{"taxonomy":"product_tag","embeddable":true,"href":"https:\/\/marielleaupaysdesours.fr\/index.php\/wp-json\/wp\/v2\/product_tag?post=4769"}],"curies":[{"name":"wp","href":"https:\/\/api.w.org\/{rel}","templated":true}]}}