{"id":4657,"date":"2023-01-05T16:31:39","date_gmt":"2023-01-05T15:31:39","guid":{"rendered":"https:\/\/marielleaupaysdesours.fr\/?post_type=product&#038;p=4657"},"modified":"2025-09-15T17:49:07","modified_gmt":"2025-09-15T15:49:07","slug":"peluche-chien-berger-australien-couche-60cm-anima","status":"publish","type":"product","link":"https:\/\/marielleaupaysdesours.fr\/index.php\/product\/peluche-chien-berger-australien-couche-60cm-anima\/","title":{"rendered":"Peluche Chien Berger Australien Couch\u00e9 &#8211; Anima &#8211; 60cm"},"content":{"rendered":"<p>..Vous cherchez une adorable petite <strong>Peluche Chien Berger Australien<\/strong>, adapt\u00e9 aux tout petits ? Voici le berger australien de chez ANIMA, ce petit chien aux magnifiques couleurs m\u00e9lang\u00e9es et aux yeux bleus enchantera votre enfants:\u00a0 Anima est une entreprise fran\u00e7aise, qui produit des peluche de grande qualit\u00e9, adapt\u00e9 des la naissance.<\/p>\n<p>ANIMA EST UNE MARQUE FRANCAISE DE PELUCHE<\/p>\n<p>Les peluches de la marque fran\u00e7ais Anima ont la particularit\u00e9 d&rsquo;\u00eatre tr\u00e8s r\u00e9alistes.<br \/>\nVoici de tendres petites peluches qui font partie de la gamme <strong>Anima. C<\/strong>ette gamme s\u2019adresse aux tout-petits \u00e0 partir 6 de mois. Ces belles peluches sont tr\u00e8s souples, tr\u00e8s douces et facilement mall\u00e9ables par les petites mains. Ce sont des compagnons de c\u00e2lins de jeux id\u00e9als,\u00a0 on peut les emmener partout. Celle-ci mesure 60 cm. et est lavable \u00e0 30 degr\u00e9s.<\/p>\n<p>N&rsquo;h\u00e9sitez pas \u00e0 <a href=\"https:\/\/marielleaupaysdesours.fr\/index.php\/contact-us\/\">nous contacter<\/a> pour en savoir plus sur cette <strong>Peluche Chien Berger Australien<\/strong>\u00a0de fabrication fran\u00e7aise \u00a0! Nous vous r\u00e9pondrons dans les plus brefs d\u00e9lais et serons ravis de partager avec vous notre passion des peluches.<\/p>\n<p><strong>Marielle Au Pays des Ours<\/strong> est une boutique sp\u00e9cialis\u00e9e dans la vente de peluches de qualit\u00e9 et de collection. Et c&rsquo;est la passion de Marielle pour les peluches a conduit \u00e0 la cr\u00e9ation de ce site. Ainsi les amateurs de peluches peuvent y trouver une vari\u00e9t\u00e9 d&rsquo;ours en peluche de haute qualit\u00e9.<\/p>\n<p>Marielle s\u00e9lectionne soigneusement les peluches pour leur qualit\u00e9 et leur authenticit\u00e9. Ainsi, chaque peluche est fabriqu\u00e9e avec des mat\u00e9riaux doux et r\u00e9sistants, ce qui les rend parfaites pour les enfants et les collectionneurs. Marielle choisi \u00e9galement ses peluches pour leur caract\u00e8re unique et leur histoire. Car Marielle veille \u00e0 ce que chaque peluche ait une histoire \u00e0 raconter.<\/p>\n","protected":false},"excerpt":{"rendered":"<p>Voici de tendres petites peluches qui font partie de la gamme Anima , cette gamme a \u00e9t\u00e9 cr\u00e9\u00e9e et con\u00e7ue pour s\u2019adresser aux tout-petits \u00e0 partir de 6 mois. Ils sont tr\u00e8s souples, tr\u00e8s doux et facilement mall\u00e9ables par les petites mains. Ce sont des compagnons de c\u00e2lins de jeux id\u00e9als,\u00a0 ont peut les emmener partout. ll mesure 30 cm. et sont lavables a la machine a 30 degr\u00e9s;<\/p>\n<p>Vous cherchez une adorable petite PELUCHE Berger Australien, adapt\u00e9 aux tout petits ? Voici le berger australien de chez ANIMA, ce petit chien aux magnifiques couleurs m\u00e9lang\u00e9es et aux yeux bleus enchantera votre enfants:\u00a0 Anima est une entreprise fran\u00e7aise, qui produit des peluche de grande qualit\u00e9, adapt\u00e9 des la naissance.<\/p>\n","protected":false},"featured_media":4488,"comment_status":"closed","ping_status":"closed","template":"","meta":{"_monsterinsights_skip_tracking":false,"_monsterinsights_sitenote_active":false,"_monsterinsights_sitenote_note":"","_monsterinsights_sitenote_category":0,"site-sidebar-layout":"default","site-content-layout":"default","ast-site-content-layout":"default","site-content-style":"default","site-sidebar-style":"default","ast-global-header-display":"","ast-banner-title-visibility":"","ast-main-header-display":"","ast-hfb-above-header-display":"","ast-hfb-below-header-display":"","ast-hfb-mobile-header-display":"","site-post-title":"","ast-breadcrumbs-content":"","ast-featured-img":"","footer-sml-layout":"","ast-disable-related-posts":"","theme-transparent-header-meta":"default","adv-header-id-meta":"","stick-header-meta":"","header-above-stick-meta":"","header-main-stick-meta":"","header-below-stick-meta":"","astra-migrate-meta-layouts":"default","ast-page-background-enabled":"default","ast-page-background-meta":{"desktop":{"background-color":"","background-image":"","background-repeat":"repeat","background-position":"center center","background-size":"auto","background-attachment":"scroll","background-type":"","background-media":"","overlay-type":"","overlay-color":"","overlay-opacity":"","overlay-gradient":""},"tablet":{"background-color":"","background-image":"","background-repeat":"repeat","background-position":"center center","background-size":"auto","background-attachment":"scroll","background-type":"","background-media":"","overlay-type":"","overlay-color":"","overlay-opacity":"","overlay-gradient":""},"mobile":{"background-color":"","background-image":"","background-repeat":"repeat","background-position":"center center","background-size":"auto","background-attachment":"scroll","background-type":"","background-media":"","overlay-type":"","overlay-color":"","overlay-opacity":"","overlay-gradient":""}},"ast-content-background-meta":{"desktop":{"background-color":"var(--ast-global-color-5)","background-image":"","background-repeat":"repeat","background-position":"center center","background-size":"auto","background-attachment":"scroll","background-type":"","background-media":"","overlay-type":"","overlay-color":"","overlay-opacity":"","overlay-gradient":""},"tablet":{"background-color":"var(--ast-global-color-5)","background-image":"","background-repeat":"repeat","background-position":"center center","background-size":"auto","background-attachment":"scroll","background-type":"","background-media":"","overlay-type":"","overlay-color":"","overlay-opacity":"","overlay-gradient":""},"mobile":{"background-color":"var(--ast-global-color-5)","background-image":"","background-repeat":"repeat","background-position":"center center","background-size":"auto","background-attachment":"scroll","background-type":"","background-media":"","overlay-type":"","overlay-color":"","overlay-opacity":"","overlay-gradient":""}}},"product_brand":[],"product_cat":[48,33,32,28],"product_tag":[],"class_list":{"0":"post-4657","1":"product","2":"type-product","3":"status-publish","4":"has-post-thumbnail","6":"product_cat-peluches-anima","7":"product_cat-animaux-de-compagnie","8":"product_cat-ferme","9":"product_cat-peluches","10":"product_shipping_class-peluches-grande-taille","11":"desktop-align-center","12":"tablet-align-left","13":"mobile-align-left","15":"first","16":"instock","17":"shipping-taxable","18":"purchasable","19":"product-type-simple"},"yoast_head":"<!-- This site is optimized with the Yoast SEO plugin v27.4 - https:\/\/yoast.com\/product\/yoast-seo-wordpress\/ -->\n<title>Peluche Chien Berger Australien - Anima - Fabrication Fran\u00e7aise<\/title>\n<meta name=\"description\" content=\"Vous cherchez une peluche chien berger australien extr\u00eamement tendre et craquante et de bonne taille? , venez le d\u00e9couvrir ici marielleaupaysdesours.fr\" \/>\n<meta name=\"robots\" content=\"index, follow, max-snippet:-1, max-image-preview:large, max-video-preview:-1\" \/>\n<link rel=\"canonical\" href=\"https:\/\/marielleaupaysdesours.fr\/index.php\/product\/peluche-chien-berger-australien-couche-60cm-anima\/\" \/>\n<meta property=\"og:locale\" content=\"fr_FR\" \/>\n<meta property=\"og:type\" content=\"article\" \/>\n<meta property=\"og:title\" content=\"Peluche Chien Berger Australien - Anima - Fabrication Fran\u00e7aise\" \/>\n<meta property=\"og:description\" content=\"Vous cherchez une peluche chien berger australien extr\u00eamement tendre et craquante et de bonne taille? , venez le d\u00e9couvrir ici marielleaupaysdesours.fr\" \/>\n<meta property=\"og:url\" content=\"https:\/\/marielleaupaysdesours.fr\/index.php\/product\/peluche-chien-berger-australien-couche-60cm-anima\/\" \/>\n<meta property=\"og:site_name\" content=\"Marielle au Pays des Ours | Vente en ligne de peluches\" \/>\n<meta property=\"article:modified_time\" content=\"2025-09-15T15:49:07+00:00\" \/>\n<meta property=\"og:image\" content=\"https:\/\/marielleaupaysdesours.fr\/wp-content\/uploads\/2022\/10\/peluche-chien-bergers-australien-couche-anima.webp\" \/>\n\t<meta property=\"og:image:width\" content=\"429\" \/>\n\t<meta property=\"og:image:height\" content=\"429\" \/>\n\t<meta property=\"og:image:type\" content=\"image\/webp\" \/>\n<meta name=\"twitter:card\" content=\"summary_large_image\" \/>\n<meta name=\"twitter:label1\" content=\"Dur\u00e9e de lecture estim\u00e9e\" \/>\n\t<meta name=\"twitter:data1\" content=\"2 minutes\" \/>\n<script type=\"application\/ld+json\" class=\"yoast-schema-graph\">{\"@context\":\"https:\\\/\\\/schema.org\",\"@graph\":[{\"@type\":\"WebPage\",\"@id\":\"https:\\\/\\\/marielleaupaysdesours.fr\\\/index.php\\\/product\\\/peluche-chien-berger-australien-couche-60cm-anima\\\/\",\"url\":\"https:\\\/\\\/marielleaupaysdesours.fr\\\/index.php\\\/product\\\/peluche-chien-berger-australien-couche-60cm-anima\\\/\",\"name\":\"Peluche Chien Berger Australien - Anima - Fabrication Fran\u00e7aise\",\"isPartOf\":{\"@id\":\"https:\\\/\\\/marielleaupaysdesours.fr\\\/#website\"},\"primaryImageOfPage\":{\"@id\":\"https:\\\/\\\/marielleaupaysdesours.fr\\\/index.php\\\/product\\\/peluche-chien-berger-australien-couche-60cm-anima\\\/#primaryimage\"},\"image\":{\"@id\":\"https:\\\/\\\/marielleaupaysdesours.fr\\\/index.php\\\/product\\\/peluche-chien-berger-australien-couche-60cm-anima\\\/#primaryimage\"},\"thumbnailUrl\":\"https:\\\/\\\/marielleaupaysdesours.fr\\\/wp-content\\\/uploads\\\/2022\\\/10\\\/peluche-chien-bergers-australien-couche-anima.webp\",\"datePublished\":\"2023-01-05T15:31:39+00:00\",\"dateModified\":\"2025-09-15T15:49:07+00:00\",\"description\":\"Vous cherchez une peluche chien berger australien extr\u00eamement tendre et craquante et de bonne taille? , venez le d\u00e9couvrir ici marielleaupaysdesours.fr\",\"breadcrumb\":{\"@id\":\"https:\\\/\\\/marielleaupaysdesours.fr\\\/index.php\\\/product\\\/peluche-chien-berger-australien-couche-60cm-anima\\\/#breadcrumb\"},\"inLanguage\":\"fr-FR\",\"potentialAction\":[{\"@type\":\"ReadAction\",\"target\":[\"https:\\\/\\\/marielleaupaysdesours.fr\\\/index.php\\\/product\\\/peluche-chien-berger-australien-couche-60cm-anima\\\/\"]}]},{\"@type\":\"ImageObject\",\"inLanguage\":\"fr-FR\",\"@id\":\"https:\\\/\\\/marielleaupaysdesours.fr\\\/index.php\\\/product\\\/peluche-chien-berger-australien-couche-60cm-anima\\\/#primaryimage\",\"url\":\"https:\\\/\\\/marielleaupaysdesours.fr\\\/wp-content\\\/uploads\\\/2022\\\/10\\\/peluche-chien-bergers-australien-couche-anima.webp\",\"contentUrl\":\"https:\\\/\\\/marielleaupaysdesours.fr\\\/wp-content\\\/uploads\\\/2022\\\/10\\\/peluche-chien-bergers-australien-couche-anima.webp\",\"width\":429,\"height\":429},{\"@type\":\"BreadcrumbList\",\"@id\":\"https:\\\/\\\/marielleaupaysdesours.fr\\\/index.php\\\/product\\\/peluche-chien-berger-australien-couche-60cm-anima\\\/#breadcrumb\",\"itemListElement\":[{\"@type\":\"ListItem\",\"position\":1,\"name\":\"Accueil\",\"item\":\"https:\\\/\\\/marielleaupaysdesours.fr\\\/\"},{\"@type\":\"ListItem\",\"position\":2,\"name\":\"Shop\",\"item\":\"https:\\\/\\\/marielleaupaysdesours.fr\\\/index.php\\\/shop\\\/\"},{\"@type\":\"ListItem\",\"position\":3,\"name\":\"Peluche Chien Berger Australien Couch\u00e9 &#8211; Anima &#8211; 60cm\"}]},{\"@type\":\"WebSite\",\"@id\":\"https:\\\/\\\/marielleaupaysdesours.fr\\\/#website\",\"url\":\"https:\\\/\\\/marielleaupaysdesours.fr\\\/\",\"name\":\"Marielle au Pays des Ours | Vente en ligne de peluches\",\"description\":\"vente en ligne de peluches\",\"publisher\":{\"@id\":\"https:\\\/\\\/marielleaupaysdesours.fr\\\/#organization\"},\"potentialAction\":[{\"@type\":\"SearchAction\",\"target\":{\"@type\":\"EntryPoint\",\"urlTemplate\":\"https:\\\/\\\/marielleaupaysdesours.fr\\\/?s={search_term_string}\"},\"query-input\":{\"@type\":\"PropertyValueSpecification\",\"valueRequired\":true,\"valueName\":\"search_term_string\"}}],\"inLanguage\":\"fr-FR\"},{\"@type\":\"Organization\",\"@id\":\"https:\\\/\\\/marielleaupaysdesours.fr\\\/#organization\",\"name\":\"Marielle au Pays des Ours | Vente en ligne de peluches\",\"url\":\"https:\\\/\\\/marielleaupaysdesours.fr\\\/\",\"logo\":{\"@type\":\"ImageObject\",\"inLanguage\":\"fr-FR\",\"@id\":\"https:\\\/\\\/marielleaupaysdesours.fr\\\/#\\\/schema\\\/logo\\\/image\\\/\",\"url\":\"https:\\\/\\\/marielleaupaysdesours.fr\\\/wp-content\\\/uploads\\\/2020\\\/10\\\/logo-marielle-light.jpg\",\"contentUrl\":\"https:\\\/\\\/marielleaupaysdesours.fr\\\/wp-content\\\/uploads\\\/2020\\\/10\\\/logo-marielle-light.jpg\",\"width\":500,\"height\":500,\"caption\":\"Marielle au Pays des Ours | Vente en ligne de peluches\"},\"image\":{\"@id\":\"https:\\\/\\\/marielleaupaysdesours.fr\\\/#\\\/schema\\\/logo\\\/image\\\/\"}}]}<\/script>\n<!-- \/ Yoast SEO plugin. -->","yoast_head_json":{"title":"Peluche Chien Berger Australien - Anima - Fabrication Fran\u00e7aise","description":"Vous cherchez une peluche chien berger australien extr\u00eamement tendre et craquante et de bonne taille? , venez le d\u00e9couvrir ici marielleaupaysdesours.fr","robots":{"index":"index","follow":"follow","max-snippet":"max-snippet:-1","max-image-preview":"max-image-preview:large","max-video-preview":"max-video-preview:-1"},"canonical":"https:\/\/marielleaupaysdesours.fr\/index.php\/product\/peluche-chien-berger-australien-couche-60cm-anima\/","og_locale":"fr_FR","og_type":"article","og_title":"Peluche Chien Berger Australien - Anima - Fabrication Fran\u00e7aise","og_description":"Vous cherchez une peluche chien berger australien extr\u00eamement tendre et craquante et de bonne taille? , venez le d\u00e9couvrir ici marielleaupaysdesours.fr","og_url":"https:\/\/marielleaupaysdesours.fr\/index.php\/product\/peluche-chien-berger-australien-couche-60cm-anima\/","og_site_name":"Marielle au Pays des Ours | Vente en ligne de peluches","article_modified_time":"2025-09-15T15:49:07+00:00","og_image":[{"width":429,"height":429,"url":"https:\/\/marielleaupaysdesours.fr\/wp-content\/uploads\/2022\/10\/peluche-chien-bergers-australien-couche-anima.webp","type":"image\/webp"}],"twitter_card":"summary_large_image","twitter_misc":{"Dur\u00e9e de lecture estim\u00e9e":"2 minutes"},"schema":{"@context":"https:\/\/schema.org","@graph":[{"@type":"WebPage","@id":"https:\/\/marielleaupaysdesours.fr\/index.php\/product\/peluche-chien-berger-australien-couche-60cm-anima\/","url":"https:\/\/marielleaupaysdesours.fr\/index.php\/product\/peluche-chien-berger-australien-couche-60cm-anima\/","name":"Peluche Chien Berger Australien - Anima - Fabrication Fran\u00e7aise","isPartOf":{"@id":"https:\/\/marielleaupaysdesours.fr\/#website"},"primaryImageOfPage":{"@id":"https:\/\/marielleaupaysdesours.fr\/index.php\/product\/peluche-chien-berger-australien-couche-60cm-anima\/#primaryimage"},"image":{"@id":"https:\/\/marielleaupaysdesours.fr\/index.php\/product\/peluche-chien-berger-australien-couche-60cm-anima\/#primaryimage"},"thumbnailUrl":"https:\/\/marielleaupaysdesours.fr\/wp-content\/uploads\/2022\/10\/peluche-chien-bergers-australien-couche-anima.webp","datePublished":"2023-01-05T15:31:39+00:00","dateModified":"2025-09-15T15:49:07+00:00","description":"Vous cherchez une peluche chien berger australien extr\u00eamement tendre et craquante et de bonne taille? , venez le d\u00e9couvrir ici marielleaupaysdesours.fr","breadcrumb":{"@id":"https:\/\/marielleaupaysdesours.fr\/index.php\/product\/peluche-chien-berger-australien-couche-60cm-anima\/#breadcrumb"},"inLanguage":"fr-FR","potentialAction":[{"@type":"ReadAction","target":["https:\/\/marielleaupaysdesours.fr\/index.php\/product\/peluche-chien-berger-australien-couche-60cm-anima\/"]}]},{"@type":"ImageObject","inLanguage":"fr-FR","@id":"https:\/\/marielleaupaysdesours.fr\/index.php\/product\/peluche-chien-berger-australien-couche-60cm-anima\/#primaryimage","url":"https:\/\/marielleaupaysdesours.fr\/wp-content\/uploads\/2022\/10\/peluche-chien-bergers-australien-couche-anima.webp","contentUrl":"https:\/\/marielleaupaysdesours.fr\/wp-content\/uploads\/2022\/10\/peluche-chien-bergers-australien-couche-anima.webp","width":429,"height":429},{"@type":"BreadcrumbList","@id":"https:\/\/marielleaupaysdesours.fr\/index.php\/product\/peluche-chien-berger-australien-couche-60cm-anima\/#breadcrumb","itemListElement":[{"@type":"ListItem","position":1,"name":"Accueil","item":"https:\/\/marielleaupaysdesours.fr\/"},{"@type":"ListItem","position":2,"name":"Shop","item":"https:\/\/marielleaupaysdesours.fr\/index.php\/shop\/"},{"@type":"ListItem","position":3,"name":"Peluche Chien Berger Australien Couch\u00e9 &#8211; Anima &#8211; 60cm"}]},{"@type":"WebSite","@id":"https:\/\/marielleaupaysdesours.fr\/#website","url":"https:\/\/marielleaupaysdesours.fr\/","name":"Marielle au Pays des Ours | Vente en ligne de peluches","description":"vente en ligne de peluches","publisher":{"@id":"https:\/\/marielleaupaysdesours.fr\/#organization"},"potentialAction":[{"@type":"SearchAction","target":{"@type":"EntryPoint","urlTemplate":"https:\/\/marielleaupaysdesours.fr\/?s={search_term_string}"},"query-input":{"@type":"PropertyValueSpecification","valueRequired":true,"valueName":"search_term_string"}}],"inLanguage":"fr-FR"},{"@type":"Organization","@id":"https:\/\/marielleaupaysdesours.fr\/#organization","name":"Marielle au Pays des Ours | Vente en ligne de peluches","url":"https:\/\/marielleaupaysdesours.fr\/","logo":{"@type":"ImageObject","inLanguage":"fr-FR","@id":"https:\/\/marielleaupaysdesours.fr\/#\/schema\/logo\/image\/","url":"https:\/\/marielleaupaysdesours.fr\/wp-content\/uploads\/2020\/10\/logo-marielle-light.jpg","contentUrl":"https:\/\/marielleaupaysdesours.fr\/wp-content\/uploads\/2020\/10\/logo-marielle-light.jpg","width":500,"height":500,"caption":"Marielle au Pays des Ours | Vente en ligne de peluches"},"image":{"@id":"https:\/\/marielleaupaysdesours.fr\/#\/schema\/logo\/image\/"}}]}},"jetpack_sharing_enabled":true,"_links":{"self":[{"href":"https:\/\/marielleaupaysdesours.fr\/index.php\/wp-json\/wp\/v2\/product\/4657","targetHints":{"allow":["GET"]}}],"collection":[{"href":"https:\/\/marielleaupaysdesours.fr\/index.php\/wp-json\/wp\/v2\/product"}],"about":[{"href":"https:\/\/marielleaupaysdesours.fr\/index.php\/wp-json\/wp\/v2\/types\/product"}],"replies":[{"embeddable":true,"href":"https:\/\/marielleaupaysdesours.fr\/index.php\/wp-json\/wp\/v2\/comments?post=4657"}],"version-history":[{"count":4,"href":"https:\/\/marielleaupaysdesours.fr\/index.php\/wp-json\/wp\/v2\/product\/4657\/revisions"}],"predecessor-version":[{"id":4730,"href":"https:\/\/marielleaupaysdesours.fr\/index.php\/wp-json\/wp\/v2\/product\/4657\/revisions\/4730"}],"wp:featuredmedia":[{"embeddable":true,"href":"https:\/\/marielleaupaysdesours.fr\/index.php\/wp-json\/wp\/v2\/media\/4488"}],"wp:attachment":[{"href":"https:\/\/marielleaupaysdesours.fr\/index.php\/wp-json\/wp\/v2\/media?parent=4657"}],"wp:term":[{"taxonomy":"product_brand","embeddable":true,"href":"https:\/\/marielleaupaysdesours.fr\/index.php\/wp-json\/wp\/v2\/product_brand?post=4657"},{"taxonomy":"product_cat","embeddable":true,"href":"https:\/\/marielleaupaysdesours.fr\/index.php\/wp-json\/wp\/v2\/product_cat?post=4657"},{"taxonomy":"product_tag","embeddable":true,"href":"https:\/\/marielleaupaysdesours.fr\/index.php\/wp-json\/wp\/v2\/product_tag?post=4657"}],"curies":[{"name":"wp","href":"https:\/\/api.w.org\/{rel}","templated":true}]}}