{"id":4654,"date":"2023-01-05T16:30:14","date_gmt":"2023-01-05T15:30:14","guid":{"rendered":"https:\/\/marielleaupaysdesours.fr\/?post_type=product&#038;p=4654"},"modified":"2025-12-05T21:07:56","modified_gmt":"2025-12-05T20:07:56","slug":"peluche-husky-couche-anima-42-cm","status":"publish","type":"product","link":"https:\/\/marielleaupaysdesours.fr\/index.php\/product\/peluche-husky-couche-anima-42-cm\/","title":{"rendered":"Husky en peluche Couch\u00e9 &#8211; Anima &#8211; 42cm"},"content":{"rendered":"<p>Voici une jolie petite peluche chien Husky de 42 cm, gris et blanc couch\u00e9, de la marque Anima qui fera plaisir \u00e0 un enfant par exemple . Voici un Husky en peluche gris et blanc tendre, soyeux et chaleureux. Cette peluche chien est tr\u00e8s douce, et vraiment souple vous s\u00e9duira tout de suite par son touch\u00e9.<\/p>\n<p>Particuli\u00e8rement r\u00e9aliste, jusque dans les moindres d\u00e9tails, la truffe et les coussinets du chien son cousus en cuir noir. Vif et intelligent, il ravira les petits comme les amateurs et les passionn\u00e9s des chiens des grands froids arides. D&rsquo;un temp\u00e9rament tr\u00e8s agr\u00e9able et affectueux, il deviendra l&rsquo;ami pr\u00e9f\u00e9r\u00e9 de votre enfant.<\/p>\n<h4>ANIMA, UNE MARQUE FRANCAISE DE PELUCHES.<\/h4>\n<p>Anima est une marque de peluche fran\u00e7aise qui cr\u00e9e des peluche qui sont toujours impressionnante par leur r\u00e9alisme.<\/p>\n<p>La Husky en peluche\u00a0de <a href=\"https:\/\/marielleaupaysdesours.fr\/index.php\/peluches-anima\/\"><strong>Anima<\/strong> <\/a>repr\u00e9sente un husky en position couch\u00e9. Aux allures d&rsquo;un loup, avec leur pelage long et tout doux, les huskys sont souvent \u00e9duqu\u00e9s pour tirer des traineaux dans la neige, mais ils n&rsquo;en sont pas moins d&rsquo;adorables compagnons de jeux et de c\u00e2lins. Cette peluche mesure 60 cm de longueur.<\/p>\n<p>N&rsquo;h\u00e9sitez pas \u00e0 <a href=\"https:\/\/marielleaupaysdesours.fr\/index.php\/contact-us\/\">nous contacter<\/a> pour en savoir plus sur ce <strong>Husky en peluche<\/strong> ! Nous vous r\u00e9pondrons dans les plus brefs d\u00e9lais et serons ravis de partager avec vous notre passion des peluches !<\/p>\n<p><strong>Marielle Au Pays des Ours<\/strong> est une boutique sp\u00e9cialis\u00e9e dans la vente de peluches de qualit\u00e9 et de collection. La passion de Marielle pour les peluches a conduit \u00e0 la cr\u00e9ation de ce site. Ainsi les amateurs de peluches peuvent y trouver une vari\u00e9t\u00e9 d&rsquo;ours en peluche de haute qualit\u00e9.<\/p>\n<p>Marielle s\u00e9lectionne soigneusement les peluches pour leur qualit\u00e9 et leur authenticit\u00e9. Ainsi, chaque peluche est fabriqu\u00e9e avec des mat\u00e9riaux doux et r\u00e9sistants, ce qui les rend parfaites pour les enfants et les collectionneurs. Marielle choisi \u00e9galement ses peluches pour leur caract\u00e8re unique et leur histoire. Marielle veille \u00e0 ce que chaque peluche ait une histoire \u00e0 raconter, qu&rsquo;il s&rsquo;agisse d&rsquo;une \u00e9dition limit\u00e9e ou d&rsquo;une pi\u00e8ce rare.<\/p>\n<p>&nbsp;<\/p>\n","protected":false},"excerpt":{"rendered":"<p>Voici une jolie petite peluche chien Husky de 42 cm, gris et blanc couch\u00e9, de la marque Anima qui fera plaisir \u00e0 un enfant par exemple . Voici un Husky en peluche gris et blanc tendre, soyeux et chaleureux. Cette peluche chien est tr\u00e8s douce, et vraiment souple vous s\u00e9duira tout de suite par son touch\u00e9.<\/p>\n<p>Particuli\u00e8rement r\u00e9aliste, jusque dans les moindres d\u00e9tails, la truffe et les coussinets du chien son cousus en cuir noir. Vif et intelligent, il ravira les petits comme les amateurs et les passionn\u00e9s des chiens des grands froids arides. D&rsquo;un temp\u00e9rament tr\u00e8s agr\u00e9able et affectueux, il deviendra l&rsquo;ami pr\u00e9f\u00e9r\u00e9 de votre enfant.<\/p>\n","protected":false},"featured_media":4655,"comment_status":"closed","ping_status":"closed","template":"","meta":{"_monsterinsights_skip_tracking":false,"_monsterinsights_sitenote_active":false,"_monsterinsights_sitenote_note":"","_monsterinsights_sitenote_category":0,"site-sidebar-layout":"default","site-content-layout":"default","ast-site-content-layout":"default","site-content-style":"default","site-sidebar-style":"default","ast-global-header-display":"","ast-banner-title-visibility":"","ast-main-header-display":"","ast-hfb-above-header-display":"","ast-hfb-below-header-display":"","ast-hfb-mobile-header-display":"","site-post-title":"","ast-breadcrumbs-content":"","ast-featured-img":"","footer-sml-layout":"","ast-disable-related-posts":"","theme-transparent-header-meta":"default","adv-header-id-meta":"","stick-header-meta":"","header-above-stick-meta":"","header-main-stick-meta":"","header-below-stick-meta":"","astra-migrate-meta-layouts":"default","ast-page-background-enabled":"default","ast-page-background-meta":{"desktop":{"background-color":"","background-image":"","background-repeat":"repeat","background-position":"center center","background-size":"auto","background-attachment":"scroll","background-type":"","background-media":"","overlay-type":"","overlay-color":"","overlay-opacity":"","overlay-gradient":""},"tablet":{"background-color":"","background-image":"","background-repeat":"repeat","background-position":"center center","background-size":"auto","background-attachment":"scroll","background-type":"","background-media":"","overlay-type":"","overlay-color":"","overlay-opacity":"","overlay-gradient":""},"mobile":{"background-color":"","background-image":"","background-repeat":"repeat","background-position":"center center","background-size":"auto","background-attachment":"scroll","background-type":"","background-media":"","overlay-type":"","overlay-color":"","overlay-opacity":"","overlay-gradient":""}},"ast-content-background-meta":{"desktop":{"background-color":"var(--ast-global-color-5)","background-image":"","background-repeat":"repeat","background-position":"center center","background-size":"auto","background-attachment":"scroll","background-type":"","background-media":"","overlay-type":"","overlay-color":"","overlay-opacity":"","overlay-gradient":""},"tablet":{"background-color":"var(--ast-global-color-5)","background-image":"","background-repeat":"repeat","background-position":"center center","background-size":"auto","background-attachment":"scroll","background-type":"","background-media":"","overlay-type":"","overlay-color":"","overlay-opacity":"","overlay-gradient":""},"mobile":{"background-color":"var(--ast-global-color-5)","background-image":"","background-repeat":"repeat","background-position":"center center","background-size":"auto","background-attachment":"scroll","background-type":"","background-media":"","overlay-type":"","overlay-color":"","overlay-opacity":"","overlay-gradient":""}}},"product_brand":[],"product_cat":[54,48,33],"product_tag":[],"class_list":{"0":"post-4654","1":"product","2":"type-product","3":"status-publish","4":"has-post-thumbnail","6":"product_cat-100-100-francais","7":"product_cat-peluches-anima","8":"product_cat-animaux-de-compagnie","9":"product_shipping_class-peluches-grande-taille","10":"desktop-align-center","11":"tablet-align-left","12":"mobile-align-left","14":"first","15":"instock","16":"shipping-taxable","17":"purchasable","18":"product-type-simple"},"yoast_head":"<!-- This site is optimized with the Yoast SEO plugin v27.3 - https:\/\/yoast.com\/product\/yoast-seo-wordpress\/ -->\n<title>Husky en peluche Couch\u00e9 - Anima - 42cm - Fabrication fran\u00e7aise<\/title>\n<meta name=\"description\" content=\"vous chercher le plus craquant des Husky en peluche, adorable et tout doux venez le chercher sur notre boutique en ligne sur marielleaupaysdesours.fr\" \/>\n<meta name=\"robots\" content=\"index, follow, max-snippet:-1, max-image-preview:large, max-video-preview:-1\" \/>\n<link rel=\"canonical\" href=\"https:\/\/marielleaupaysdesours.fr\/index.php\/product\/peluche-husky-couche-anima-42-cm\/\" \/>\n<meta property=\"og:locale\" content=\"fr_FR\" \/>\n<meta property=\"og:type\" content=\"article\" \/>\n<meta property=\"og:title\" content=\"Husky en peluche Couch\u00e9 - Anima - 42cm - Fabrication fran\u00e7aise\" \/>\n<meta property=\"og:description\" content=\"vous chercher le plus craquant des Husky en peluche, adorable et tout doux venez le chercher sur notre boutique en ligne sur marielleaupaysdesours.fr\" \/>\n<meta property=\"og:url\" content=\"https:\/\/marielleaupaysdesours.fr\/index.php\/product\/peluche-husky-couche-anima-42-cm\/\" \/>\n<meta property=\"og:site_name\" content=\"Marielle au Pays des Ours | Vente en ligne de peluches\" \/>\n<meta property=\"article:modified_time\" content=\"2025-12-05T20:07:56+00:00\" \/>\n<meta property=\"og:image\" content=\"https:\/\/marielleaupaysdesours.fr\/wp-content\/uploads\/2023\/01\/peluche-chien-husky-anima.jpg\" \/>\n\t<meta property=\"og:image:width\" content=\"600\" \/>\n\t<meta property=\"og:image:height\" content=\"600\" \/>\n\t<meta property=\"og:image:type\" content=\"image\/jpeg\" \/>\n<meta name=\"twitter:card\" content=\"summary_large_image\" \/>\n<meta name=\"twitter:label1\" content=\"Dur\u00e9e de lecture estim\u00e9e\" \/>\n\t<meta name=\"twitter:data1\" content=\"2 minutes\" \/>\n<script type=\"application\/ld+json\" class=\"yoast-schema-graph\">{\"@context\":\"https:\\\/\\\/schema.org\",\"@graph\":[{\"@type\":\"WebPage\",\"@id\":\"https:\\\/\\\/marielleaupaysdesours.fr\\\/index.php\\\/product\\\/peluche-husky-couche-anima-42-cm\\\/\",\"url\":\"https:\\\/\\\/marielleaupaysdesours.fr\\\/index.php\\\/product\\\/peluche-husky-couche-anima-42-cm\\\/\",\"name\":\"Husky en peluche Couch\u00e9 - Anima - 42cm - Fabrication fran\u00e7aise\",\"isPartOf\":{\"@id\":\"https:\\\/\\\/marielleaupaysdesours.fr\\\/#website\"},\"primaryImageOfPage\":{\"@id\":\"https:\\\/\\\/marielleaupaysdesours.fr\\\/index.php\\\/product\\\/peluche-husky-couche-anima-42-cm\\\/#primaryimage\"},\"image\":{\"@id\":\"https:\\\/\\\/marielleaupaysdesours.fr\\\/index.php\\\/product\\\/peluche-husky-couche-anima-42-cm\\\/#primaryimage\"},\"thumbnailUrl\":\"https:\\\/\\\/marielleaupaysdesours.fr\\\/wp-content\\\/uploads\\\/2023\\\/01\\\/peluche-chien-husky-anima.jpg\",\"datePublished\":\"2023-01-05T15:30:14+00:00\",\"dateModified\":\"2025-12-05T20:07:56+00:00\",\"description\":\"vous chercher le plus craquant des Husky en peluche, adorable et tout doux venez le chercher sur notre boutique en ligne sur marielleaupaysdesours.fr\",\"breadcrumb\":{\"@id\":\"https:\\\/\\\/marielleaupaysdesours.fr\\\/index.php\\\/product\\\/peluche-husky-couche-anima-42-cm\\\/#breadcrumb\"},\"inLanguage\":\"fr-FR\",\"potentialAction\":[{\"@type\":\"ReadAction\",\"target\":[\"https:\\\/\\\/marielleaupaysdesours.fr\\\/index.php\\\/product\\\/peluche-husky-couche-anima-42-cm\\\/\"]}]},{\"@type\":\"ImageObject\",\"inLanguage\":\"fr-FR\",\"@id\":\"https:\\\/\\\/marielleaupaysdesours.fr\\\/index.php\\\/product\\\/peluche-husky-couche-anima-42-cm\\\/#primaryimage\",\"url\":\"https:\\\/\\\/marielleaupaysdesours.fr\\\/wp-content\\\/uploads\\\/2023\\\/01\\\/peluche-chien-husky-anima.jpg\",\"contentUrl\":\"https:\\\/\\\/marielleaupaysdesours.fr\\\/wp-content\\\/uploads\\\/2023\\\/01\\\/peluche-chien-husky-anima.jpg\",\"width\":600,\"height\":600,\"caption\":\"Husky en peluche Couch\u00e9 - Anima - 42cm\"},{\"@type\":\"BreadcrumbList\",\"@id\":\"https:\\\/\\\/marielleaupaysdesours.fr\\\/index.php\\\/product\\\/peluche-husky-couche-anima-42-cm\\\/#breadcrumb\",\"itemListElement\":[{\"@type\":\"ListItem\",\"position\":1,\"name\":\"Accueil\",\"item\":\"https:\\\/\\\/marielleaupaysdesours.fr\\\/\"},{\"@type\":\"ListItem\",\"position\":2,\"name\":\"Shop\",\"item\":\"https:\\\/\\\/marielleaupaysdesours.fr\\\/index.php\\\/shop\\\/\"},{\"@type\":\"ListItem\",\"position\":3,\"name\":\"Husky en peluche Couch\u00e9 &#8211; Anima &#8211; 42cm\"}]},{\"@type\":\"WebSite\",\"@id\":\"https:\\\/\\\/marielleaupaysdesours.fr\\\/#website\",\"url\":\"https:\\\/\\\/marielleaupaysdesours.fr\\\/\",\"name\":\"Marielle au Pays des Ours | Vente en ligne de peluches\",\"description\":\"vente en ligne de peluches\",\"publisher\":{\"@id\":\"https:\\\/\\\/marielleaupaysdesours.fr\\\/#organization\"},\"potentialAction\":[{\"@type\":\"SearchAction\",\"target\":{\"@type\":\"EntryPoint\",\"urlTemplate\":\"https:\\\/\\\/marielleaupaysdesours.fr\\\/?s={search_term_string}\"},\"query-input\":{\"@type\":\"PropertyValueSpecification\",\"valueRequired\":true,\"valueName\":\"search_term_string\"}}],\"inLanguage\":\"fr-FR\"},{\"@type\":\"Organization\",\"@id\":\"https:\\\/\\\/marielleaupaysdesours.fr\\\/#organization\",\"name\":\"Marielle au Pays des Ours | Vente en ligne de peluches\",\"url\":\"https:\\\/\\\/marielleaupaysdesours.fr\\\/\",\"logo\":{\"@type\":\"ImageObject\",\"inLanguage\":\"fr-FR\",\"@id\":\"https:\\\/\\\/marielleaupaysdesours.fr\\\/#\\\/schema\\\/logo\\\/image\\\/\",\"url\":\"https:\\\/\\\/marielleaupaysdesours.fr\\\/wp-content\\\/uploads\\\/2020\\\/10\\\/logo-marielle-light.jpg\",\"contentUrl\":\"https:\\\/\\\/marielleaupaysdesours.fr\\\/wp-content\\\/uploads\\\/2020\\\/10\\\/logo-marielle-light.jpg\",\"width\":500,\"height\":500,\"caption\":\"Marielle au Pays des Ours | Vente en ligne de peluches\"},\"image\":{\"@id\":\"https:\\\/\\\/marielleaupaysdesours.fr\\\/#\\\/schema\\\/logo\\\/image\\\/\"}}]}<\/script>\n<!-- \/ Yoast SEO plugin. -->","yoast_head_json":{"title":"Husky en peluche Couch\u00e9 - Anima - 42cm - Fabrication fran\u00e7aise","description":"vous chercher le plus craquant des Husky en peluche, adorable et tout doux venez le chercher sur notre boutique en ligne sur marielleaupaysdesours.fr","robots":{"index":"index","follow":"follow","max-snippet":"max-snippet:-1","max-image-preview":"max-image-preview:large","max-video-preview":"max-video-preview:-1"},"canonical":"https:\/\/marielleaupaysdesours.fr\/index.php\/product\/peluche-husky-couche-anima-42-cm\/","og_locale":"fr_FR","og_type":"article","og_title":"Husky en peluche Couch\u00e9 - Anima - 42cm - Fabrication fran\u00e7aise","og_description":"vous chercher le plus craquant des Husky en peluche, adorable et tout doux venez le chercher sur notre boutique en ligne sur marielleaupaysdesours.fr","og_url":"https:\/\/marielleaupaysdesours.fr\/index.php\/product\/peluche-husky-couche-anima-42-cm\/","og_site_name":"Marielle au Pays des Ours | Vente en ligne de peluches","article_modified_time":"2025-12-05T20:07:56+00:00","og_image":[{"width":600,"height":600,"url":"https:\/\/marielleaupaysdesours.fr\/wp-content\/uploads\/2023\/01\/peluche-chien-husky-anima.jpg","type":"image\/jpeg"}],"twitter_card":"summary_large_image","twitter_misc":{"Dur\u00e9e de lecture estim\u00e9e":"2 minutes"},"schema":{"@context":"https:\/\/schema.org","@graph":[{"@type":"WebPage","@id":"https:\/\/marielleaupaysdesours.fr\/index.php\/product\/peluche-husky-couche-anima-42-cm\/","url":"https:\/\/marielleaupaysdesours.fr\/index.php\/product\/peluche-husky-couche-anima-42-cm\/","name":"Husky en peluche Couch\u00e9 - Anima - 42cm - Fabrication fran\u00e7aise","isPartOf":{"@id":"https:\/\/marielleaupaysdesours.fr\/#website"},"primaryImageOfPage":{"@id":"https:\/\/marielleaupaysdesours.fr\/index.php\/product\/peluche-husky-couche-anima-42-cm\/#primaryimage"},"image":{"@id":"https:\/\/marielleaupaysdesours.fr\/index.php\/product\/peluche-husky-couche-anima-42-cm\/#primaryimage"},"thumbnailUrl":"https:\/\/marielleaupaysdesours.fr\/wp-content\/uploads\/2023\/01\/peluche-chien-husky-anima.jpg","datePublished":"2023-01-05T15:30:14+00:00","dateModified":"2025-12-05T20:07:56+00:00","description":"vous chercher le plus craquant des Husky en peluche, adorable et tout doux venez le chercher sur notre boutique en ligne sur marielleaupaysdesours.fr","breadcrumb":{"@id":"https:\/\/marielleaupaysdesours.fr\/index.php\/product\/peluche-husky-couche-anima-42-cm\/#breadcrumb"},"inLanguage":"fr-FR","potentialAction":[{"@type":"ReadAction","target":["https:\/\/marielleaupaysdesours.fr\/index.php\/product\/peluche-husky-couche-anima-42-cm\/"]}]},{"@type":"ImageObject","inLanguage":"fr-FR","@id":"https:\/\/marielleaupaysdesours.fr\/index.php\/product\/peluche-husky-couche-anima-42-cm\/#primaryimage","url":"https:\/\/marielleaupaysdesours.fr\/wp-content\/uploads\/2023\/01\/peluche-chien-husky-anima.jpg","contentUrl":"https:\/\/marielleaupaysdesours.fr\/wp-content\/uploads\/2023\/01\/peluche-chien-husky-anima.jpg","width":600,"height":600,"caption":"Husky en peluche Couch\u00e9 - Anima - 42cm"},{"@type":"BreadcrumbList","@id":"https:\/\/marielleaupaysdesours.fr\/index.php\/product\/peluche-husky-couche-anima-42-cm\/#breadcrumb","itemListElement":[{"@type":"ListItem","position":1,"name":"Accueil","item":"https:\/\/marielleaupaysdesours.fr\/"},{"@type":"ListItem","position":2,"name":"Shop","item":"https:\/\/marielleaupaysdesours.fr\/index.php\/shop\/"},{"@type":"ListItem","position":3,"name":"Husky en peluche Couch\u00e9 &#8211; Anima &#8211; 42cm"}]},{"@type":"WebSite","@id":"https:\/\/marielleaupaysdesours.fr\/#website","url":"https:\/\/marielleaupaysdesours.fr\/","name":"Marielle au Pays des Ours | Vente en ligne de peluches","description":"vente en ligne de peluches","publisher":{"@id":"https:\/\/marielleaupaysdesours.fr\/#organization"},"potentialAction":[{"@type":"SearchAction","target":{"@type":"EntryPoint","urlTemplate":"https:\/\/marielleaupaysdesours.fr\/?s={search_term_string}"},"query-input":{"@type":"PropertyValueSpecification","valueRequired":true,"valueName":"search_term_string"}}],"inLanguage":"fr-FR"},{"@type":"Organization","@id":"https:\/\/marielleaupaysdesours.fr\/#organization","name":"Marielle au Pays des Ours | Vente en ligne de peluches","url":"https:\/\/marielleaupaysdesours.fr\/","logo":{"@type":"ImageObject","inLanguage":"fr-FR","@id":"https:\/\/marielleaupaysdesours.fr\/#\/schema\/logo\/image\/","url":"https:\/\/marielleaupaysdesours.fr\/wp-content\/uploads\/2020\/10\/logo-marielle-light.jpg","contentUrl":"https:\/\/marielleaupaysdesours.fr\/wp-content\/uploads\/2020\/10\/logo-marielle-light.jpg","width":500,"height":500,"caption":"Marielle au Pays des Ours | Vente en ligne de peluches"},"image":{"@id":"https:\/\/marielleaupaysdesours.fr\/#\/schema\/logo\/image\/"}}]}},"jetpack_sharing_enabled":true,"_links":{"self":[{"href":"https:\/\/marielleaupaysdesours.fr\/index.php\/wp-json\/wp\/v2\/product\/4654","targetHints":{"allow":["GET"]}}],"collection":[{"href":"https:\/\/marielleaupaysdesours.fr\/index.php\/wp-json\/wp\/v2\/product"}],"about":[{"href":"https:\/\/marielleaupaysdesours.fr\/index.php\/wp-json\/wp\/v2\/types\/product"}],"replies":[{"embeddable":true,"href":"https:\/\/marielleaupaysdesours.fr\/index.php\/wp-json\/wp\/v2\/comments?post=4654"}],"version-history":[{"count":3,"href":"https:\/\/marielleaupaysdesours.fr\/index.php\/wp-json\/wp\/v2\/product\/4654\/revisions"}],"predecessor-version":[{"id":4732,"href":"https:\/\/marielleaupaysdesours.fr\/index.php\/wp-json\/wp\/v2\/product\/4654\/revisions\/4732"}],"wp:featuredmedia":[{"embeddable":true,"href":"https:\/\/marielleaupaysdesours.fr\/index.php\/wp-json\/wp\/v2\/media\/4655"}],"wp:attachment":[{"href":"https:\/\/marielleaupaysdesours.fr\/index.php\/wp-json\/wp\/v2\/media?parent=4654"}],"wp:term":[{"taxonomy":"product_brand","embeddable":true,"href":"https:\/\/marielleaupaysdesours.fr\/index.php\/wp-json\/wp\/v2\/product_brand?post=4654"},{"taxonomy":"product_cat","embeddable":true,"href":"https:\/\/marielleaupaysdesours.fr\/index.php\/wp-json\/wp\/v2\/product_cat?post=4654"},{"taxonomy":"product_tag","embeddable":true,"href":"https:\/\/marielleaupaysdesours.fr\/index.php\/wp-json\/wp\/v2\/product_tag?post=4654"}],"curies":[{"name":"wp","href":"https:\/\/api.w.org\/{rel}","templated":true}]}}