{"id":4531,"date":"2022-11-08T18:42:57","date_gmt":"2022-11-08T17:42:57","guid":{"rendered":"https:\/\/marielleaupaysdesours.fr\/?post_type=product&#038;p=4531"},"modified":"2025-10-06T15:34:09","modified_gmt":"2025-10-06T13:34:09","slug":"peluche-ours-logan-collection-2020","status":"publish","type":"product","link":"https:\/\/marielleaupaysdesours.fr\/index.php\/product\/peluche-ours-logan-collection-2020\/","title":{"rendered":"Ours en Peluche LOGAN &#8211; Charlie Bears COLLECTION 2020"},"content":{"rendered":"<p>Le voici, le voil\u00e0 , nous l&rsquo;attendions avec impatience!\u00a0 voici notre <strong>superbe Ours en peluche Logan<\/strong> qui fait partie de la collection 2020. Logan est un superbe Panda . Venez d\u00e9couvrir les superbes ours et pandas anglais de Charlie. Logan fait partie de la collection <strong>Anything is pawsible<\/strong> 2020. Cr\u00e9\u00e9 \u00e0 l&rsquo;aide de deux superbes fourrures de couleurs noire au reflets violet. Ses bras, ses jambes et son nez sont gris argent\u00e9. Son joli petit nez cousu \u00e0 la main. Et le dessus de ses pattes violettes est tr\u00e8s doux. Il mesure 36 cm et porte autour de son cou un d\u00e9licat n\u0153ud en organza.<\/p>\n<p>IL y a toujours de la place pour un ours de plus&#8230;<\/p>\n<p>&nbsp;<\/p>\n<h3>Des questions sur\u00a0<strong>Logan, <\/strong>L\u2019ours en peluche de<strong>\u00a0Charlie Bears ?<\/strong>\u00a0Contactez-nous !<\/h3>\n<p>Aussi, Si vous avez des questions sur cet <strong>ours en peluche de collection<\/strong>, contactez-nous, soit via le formualire de contact soit directement par t\u00e9l\u00e9phone.<\/p>\n<p>Marielle a s\u00e9lectionn\u00e9 pour vous le meilleur de la c\u00e9l\u00e8bre maison\u00a0<em><strong>Charlie Bears<\/strong><\/em>\u00a0!\u00a0Les\u00a0<strong>ours en peluche Charlie Bears<\/strong>\u00a0sont con\u00e7us par Charlie, en Angleterre. Ainsi, Chaque ours de la collection est fabriqu\u00e9 \u00e0 la main avec amour, et a ses propres caract\u00e9ristiques uniques. D\u00e9couvrez ou red\u00e9couvrez dans cette rubrique les plus belles\u00a0<a href=\"https:\/\/marielleaupaysdesours.fr\/index.php\/peluches-charlie-bears\/\"><strong>peluches de Charlie Bears<\/strong><\/a>\u00a0et cet univers qui font d\u2019elles des\u00a0<strong>peluches<\/strong>\u00a0remarquables et remarqu\u00e9es.<\/p>\n<p>Alors, Pour en savoir plus sur les ours en peluche de la <a href=\"https:\/\/www.charliebears.com\/\"><strong>Maison Charlie Bears<\/strong><\/a>, n\u2019h\u00e9sitez pas \u00e0 vous rendre sur leur site.<\/p>\n","protected":false},"excerpt":{"rendered":"<p>Le voici, le voil\u00e0 , nous l&rsquo;attendions avec impatience, voici notre superbe Ours Logan qui fait partie de la collection\u00a0 2020. Logan est un superbe Panda . Venez d\u00e9couvrir les superbes ours et pandas anglais de Charlie. Logan fait partit de la collection Anything is pawsible 2020<br \/>\nIL y a toujours de la place pour un ours de plus&#8230;..<\/p>\n","protected":false},"featured_media":4533,"comment_status":"open","ping_status":"closed","template":"","meta":{"_monsterinsights_skip_tracking":false,"_monsterinsights_sitenote_active":false,"_monsterinsights_sitenote_note":"","_monsterinsights_sitenote_category":0,"site-sidebar-layout":"default","site-content-layout":"default","ast-site-content-layout":"default","site-content-style":"default","site-sidebar-style":"default","ast-global-header-display":"","ast-banner-title-visibility":"","ast-main-header-display":"","ast-hfb-above-header-display":"","ast-hfb-below-header-display":"","ast-hfb-mobile-header-display":"","site-post-title":"","ast-breadcrumbs-content":"","ast-featured-img":"","footer-sml-layout":"","ast-disable-related-posts":"","theme-transparent-header-meta":"default","adv-header-id-meta":"","stick-header-meta":"","header-above-stick-meta":"","header-main-stick-meta":"","header-below-stick-meta":"","astra-migrate-meta-layouts":"default","ast-page-background-enabled":"default","ast-page-background-meta":{"desktop":{"background-color":"","background-image":"","background-repeat":"repeat","background-position":"center center","background-size":"auto","background-attachment":"scroll","background-type":"","background-media":"","overlay-type":"","overlay-color":"","overlay-opacity":"","overlay-gradient":""},"tablet":{"background-color":"","background-image":"","background-repeat":"repeat","background-position":"center center","background-size":"auto","background-attachment":"scroll","background-type":"","background-media":"","overlay-type":"","overlay-color":"","overlay-opacity":"","overlay-gradient":""},"mobile":{"background-color":"","background-image":"","background-repeat":"repeat","background-position":"center center","background-size":"auto","background-attachment":"scroll","background-type":"","background-media":"","overlay-type":"","overlay-color":"","overlay-opacity":"","overlay-gradient":""}},"ast-content-background-meta":{"desktop":{"background-color":"var(--ast-global-color-5)","background-image":"","background-repeat":"repeat","background-position":"center center","background-size":"auto","background-attachment":"scroll","background-type":"","background-media":"","overlay-type":"","overlay-color":"","overlay-opacity":"","overlay-gradient":""},"tablet":{"background-color":"var(--ast-global-color-5)","background-image":"","background-repeat":"repeat","background-position":"center center","background-size":"auto","background-attachment":"scroll","background-type":"","background-media":"","overlay-type":"","overlay-color":"","overlay-opacity":"","overlay-gradient":""},"mobile":{"background-color":"var(--ast-global-color-5)","background-image":"","background-repeat":"repeat","background-position":"center center","background-size":"auto","background-attachment":"scroll","background-type":"","background-media":"","overlay-type":"","overlay-color":"","overlay-opacity":"","overlay-gradient":""}}},"product_brand":[],"product_cat":[42,30,28,29],"product_tag":[],"class_list":{"0":"post-4531","1":"product","2":"type-product","3":"status-publish","4":"has-post-thumbnail","6":"product_cat-charlie-bears-peluches-collection","7":"product_cat-ours","8":"product_cat-peluches","9":"product_cat-collection","10":"product_shipping_class-peluches-grande-taille","11":"desktop-align-center","12":"tablet-align-left","13":"mobile-align-left","15":"first","16":"instock","17":"sale","18":"shipping-taxable","19":"purchasable","20":"product-type-simple"},"yoast_head":"<!-- This site is optimized with the Yoast SEO plugin v27.5 - https:\/\/yoast.com\/product\/yoast-seo-wordpress\/ -->\n<title>Peluche Ours Logan Charlie Bears - COLLECTION 2020<\/title>\n<meta name=\"description\" content=\"Vous \u00eates \u00e0 la recherche de la peluche ours de collection de l&#039;ann\u00e9e 2020 ? D\u00e9couvrez sur notre site la peluche ours Logan de Charlie Bears\" \/>\n<meta name=\"robots\" content=\"index, follow, max-snippet:-1, max-image-preview:large, max-video-preview:-1\" \/>\n<link rel=\"canonical\" href=\"https:\/\/marielleaupaysdesours.fr\/index.php\/product\/peluche-ours-logan-collection-2020\/\" \/>\n<meta property=\"og:locale\" content=\"fr_FR\" \/>\n<meta property=\"og:type\" content=\"article\" \/>\n<meta property=\"og:title\" content=\"Peluche Ours Logan Charlie Bears - COLLECTION 2020\" \/>\n<meta property=\"og:description\" content=\"Vous \u00eates \u00e0 la recherche de la peluche ours de collection de l&#039;ann\u00e9e 2020 ? D\u00e9couvrez sur notre site la peluche ours Logan de Charlie Bears\" \/>\n<meta property=\"og:url\" content=\"https:\/\/marielleaupaysdesours.fr\/index.php\/product\/peluche-ours-logan-collection-2020\/\" \/>\n<meta property=\"og:site_name\" content=\"Marielle au Pays des Ours | Vente en ligne de peluches\" \/>\n<meta property=\"article:modified_time\" content=\"2025-10-06T13:34:09+00:00\" \/>\n<meta property=\"og:image\" content=\"https:\/\/marielleaupaysdesours.fr\/wp-content\/uploads\/2022\/11\/logan-peluche-ours-charlie-bears.webp\" \/>\n\t<meta property=\"og:image:width\" content=\"594\" \/>\n\t<meta property=\"og:image:height\" content=\"800\" \/>\n\t<meta property=\"og:image:type\" content=\"image\/webp\" \/>\n<meta name=\"twitter:card\" content=\"summary_large_image\" \/>\n<meta name=\"twitter:label1\" content=\"Dur\u00e9e de lecture estim\u00e9e\" \/>\n\t<meta name=\"twitter:data1\" content=\"2 minutes\" \/>\n<script type=\"application\/ld+json\" class=\"yoast-schema-graph\">{\"@context\":\"https:\\\/\\\/schema.org\",\"@graph\":[{\"@type\":\"WebPage\",\"@id\":\"https:\\\/\\\/marielleaupaysdesours.fr\\\/index.php\\\/product\\\/peluche-ours-logan-collection-2020\\\/\",\"url\":\"https:\\\/\\\/marielleaupaysdesours.fr\\\/index.php\\\/product\\\/peluche-ours-logan-collection-2020\\\/\",\"name\":\"Peluche Ours Logan Charlie Bears - COLLECTION 2020\",\"isPartOf\":{\"@id\":\"https:\\\/\\\/marielleaupaysdesours.fr\\\/#website\"},\"primaryImageOfPage\":{\"@id\":\"https:\\\/\\\/marielleaupaysdesours.fr\\\/index.php\\\/product\\\/peluche-ours-logan-collection-2020\\\/#primaryimage\"},\"image\":{\"@id\":\"https:\\\/\\\/marielleaupaysdesours.fr\\\/index.php\\\/product\\\/peluche-ours-logan-collection-2020\\\/#primaryimage\"},\"thumbnailUrl\":\"https:\\\/\\\/marielleaupaysdesours.fr\\\/wp-content\\\/uploads\\\/2022\\\/11\\\/logan-peluche-ours-charlie-bears.webp\",\"datePublished\":\"2022-11-08T17:42:57+00:00\",\"dateModified\":\"2025-10-06T13:34:09+00:00\",\"description\":\"Vous \u00eates \u00e0 la recherche de la peluche ours de collection de l'ann\u00e9e 2020 ? D\u00e9couvrez sur notre site la peluche ours Logan de Charlie Bears\",\"breadcrumb\":{\"@id\":\"https:\\\/\\\/marielleaupaysdesours.fr\\\/index.php\\\/product\\\/peluche-ours-logan-collection-2020\\\/#breadcrumb\"},\"inLanguage\":\"fr-FR\",\"potentialAction\":[{\"@type\":\"ReadAction\",\"target\":[\"https:\\\/\\\/marielleaupaysdesours.fr\\\/index.php\\\/product\\\/peluche-ours-logan-collection-2020\\\/\"]}]},{\"@type\":\"ImageObject\",\"inLanguage\":\"fr-FR\",\"@id\":\"https:\\\/\\\/marielleaupaysdesours.fr\\\/index.php\\\/product\\\/peluche-ours-logan-collection-2020\\\/#primaryimage\",\"url\":\"https:\\\/\\\/marielleaupaysdesours.fr\\\/wp-content\\\/uploads\\\/2022\\\/11\\\/logan-peluche-ours-charlie-bears.webp\",\"contentUrl\":\"https:\\\/\\\/marielleaupaysdesours.fr\\\/wp-content\\\/uploads\\\/2022\\\/11\\\/logan-peluche-ours-charlie-bears.webp\",\"width\":594,\"height\":800,\"caption\":\"Ours en Peluche LOGAN - Charlie Bears COLLECTION 2020\"},{\"@type\":\"BreadcrumbList\",\"@id\":\"https:\\\/\\\/marielleaupaysdesours.fr\\\/index.php\\\/product\\\/peluche-ours-logan-collection-2020\\\/#breadcrumb\",\"itemListElement\":[{\"@type\":\"ListItem\",\"position\":1,\"name\":\"Accueil\",\"item\":\"https:\\\/\\\/marielleaupaysdesours.fr\\\/\"},{\"@type\":\"ListItem\",\"position\":2,\"name\":\"Shop\",\"item\":\"https:\\\/\\\/marielleaupaysdesours.fr\\\/index.php\\\/shop\\\/\"},{\"@type\":\"ListItem\",\"position\":3,\"name\":\"Ours en Peluche LOGAN &#8211; Charlie Bears COLLECTION 2020\"}]},{\"@type\":\"WebSite\",\"@id\":\"https:\\\/\\\/marielleaupaysdesours.fr\\\/#website\",\"url\":\"https:\\\/\\\/marielleaupaysdesours.fr\\\/\",\"name\":\"Marielle au Pays des Ours | Vente en ligne de peluches\",\"description\":\"vente en ligne de peluches\",\"publisher\":{\"@id\":\"https:\\\/\\\/marielleaupaysdesours.fr\\\/#organization\"},\"potentialAction\":[{\"@type\":\"SearchAction\",\"target\":{\"@type\":\"EntryPoint\",\"urlTemplate\":\"https:\\\/\\\/marielleaupaysdesours.fr\\\/?s={search_term_string}\"},\"query-input\":{\"@type\":\"PropertyValueSpecification\",\"valueRequired\":true,\"valueName\":\"search_term_string\"}}],\"inLanguage\":\"fr-FR\"},{\"@type\":\"Organization\",\"@id\":\"https:\\\/\\\/marielleaupaysdesours.fr\\\/#organization\",\"name\":\"Marielle au Pays des Ours | Vente en ligne de peluches\",\"url\":\"https:\\\/\\\/marielleaupaysdesours.fr\\\/\",\"logo\":{\"@type\":\"ImageObject\",\"inLanguage\":\"fr-FR\",\"@id\":\"https:\\\/\\\/marielleaupaysdesours.fr\\\/#\\\/schema\\\/logo\\\/image\\\/\",\"url\":\"https:\\\/\\\/marielleaupaysdesours.fr\\\/wp-content\\\/uploads\\\/2020\\\/10\\\/logo-marielle-light.jpg\",\"contentUrl\":\"https:\\\/\\\/marielleaupaysdesours.fr\\\/wp-content\\\/uploads\\\/2020\\\/10\\\/logo-marielle-light.jpg\",\"width\":500,\"height\":500,\"caption\":\"Marielle au Pays des Ours | Vente en ligne de peluches\"},\"image\":{\"@id\":\"https:\\\/\\\/marielleaupaysdesours.fr\\\/#\\\/schema\\\/logo\\\/image\\\/\"}}]}<\/script>\n<!-- \/ Yoast SEO plugin. -->","yoast_head_json":{"title":"Peluche Ours Logan Charlie Bears - COLLECTION 2020","description":"Vous \u00eates \u00e0 la recherche de la peluche ours de collection de l'ann\u00e9e 2020 ? D\u00e9couvrez sur notre site la peluche ours Logan de Charlie Bears","robots":{"index":"index","follow":"follow","max-snippet":"max-snippet:-1","max-image-preview":"max-image-preview:large","max-video-preview":"max-video-preview:-1"},"canonical":"https:\/\/marielleaupaysdesours.fr\/index.php\/product\/peluche-ours-logan-collection-2020\/","og_locale":"fr_FR","og_type":"article","og_title":"Peluche Ours Logan Charlie Bears - COLLECTION 2020","og_description":"Vous \u00eates \u00e0 la recherche de la peluche ours de collection de l'ann\u00e9e 2020 ? D\u00e9couvrez sur notre site la peluche ours Logan de Charlie Bears","og_url":"https:\/\/marielleaupaysdesours.fr\/index.php\/product\/peluche-ours-logan-collection-2020\/","og_site_name":"Marielle au Pays des Ours | Vente en ligne de peluches","article_modified_time":"2025-10-06T13:34:09+00:00","og_image":[{"width":594,"height":800,"url":"https:\/\/marielleaupaysdesours.fr\/wp-content\/uploads\/2022\/11\/logan-peluche-ours-charlie-bears.webp","type":"image\/webp"}],"twitter_card":"summary_large_image","twitter_misc":{"Dur\u00e9e de lecture estim\u00e9e":"2 minutes"},"schema":{"@context":"https:\/\/schema.org","@graph":[{"@type":"WebPage","@id":"https:\/\/marielleaupaysdesours.fr\/index.php\/product\/peluche-ours-logan-collection-2020\/","url":"https:\/\/marielleaupaysdesours.fr\/index.php\/product\/peluche-ours-logan-collection-2020\/","name":"Peluche Ours Logan Charlie Bears - COLLECTION 2020","isPartOf":{"@id":"https:\/\/marielleaupaysdesours.fr\/#website"},"primaryImageOfPage":{"@id":"https:\/\/marielleaupaysdesours.fr\/index.php\/product\/peluche-ours-logan-collection-2020\/#primaryimage"},"image":{"@id":"https:\/\/marielleaupaysdesours.fr\/index.php\/product\/peluche-ours-logan-collection-2020\/#primaryimage"},"thumbnailUrl":"https:\/\/marielleaupaysdesours.fr\/wp-content\/uploads\/2022\/11\/logan-peluche-ours-charlie-bears.webp","datePublished":"2022-11-08T17:42:57+00:00","dateModified":"2025-10-06T13:34:09+00:00","description":"Vous \u00eates \u00e0 la recherche de la peluche ours de collection de l'ann\u00e9e 2020 ? D\u00e9couvrez sur notre site la peluche ours Logan de Charlie Bears","breadcrumb":{"@id":"https:\/\/marielleaupaysdesours.fr\/index.php\/product\/peluche-ours-logan-collection-2020\/#breadcrumb"},"inLanguage":"fr-FR","potentialAction":[{"@type":"ReadAction","target":["https:\/\/marielleaupaysdesours.fr\/index.php\/product\/peluche-ours-logan-collection-2020\/"]}]},{"@type":"ImageObject","inLanguage":"fr-FR","@id":"https:\/\/marielleaupaysdesours.fr\/index.php\/product\/peluche-ours-logan-collection-2020\/#primaryimage","url":"https:\/\/marielleaupaysdesours.fr\/wp-content\/uploads\/2022\/11\/logan-peluche-ours-charlie-bears.webp","contentUrl":"https:\/\/marielleaupaysdesours.fr\/wp-content\/uploads\/2022\/11\/logan-peluche-ours-charlie-bears.webp","width":594,"height":800,"caption":"Ours en Peluche LOGAN - Charlie Bears COLLECTION 2020"},{"@type":"BreadcrumbList","@id":"https:\/\/marielleaupaysdesours.fr\/index.php\/product\/peluche-ours-logan-collection-2020\/#breadcrumb","itemListElement":[{"@type":"ListItem","position":1,"name":"Accueil","item":"https:\/\/marielleaupaysdesours.fr\/"},{"@type":"ListItem","position":2,"name":"Shop","item":"https:\/\/marielleaupaysdesours.fr\/index.php\/shop\/"},{"@type":"ListItem","position":3,"name":"Ours en Peluche LOGAN &#8211; Charlie Bears COLLECTION 2020"}]},{"@type":"WebSite","@id":"https:\/\/marielleaupaysdesours.fr\/#website","url":"https:\/\/marielleaupaysdesours.fr\/","name":"Marielle au Pays des Ours | Vente en ligne de peluches","description":"vente en ligne de peluches","publisher":{"@id":"https:\/\/marielleaupaysdesours.fr\/#organization"},"potentialAction":[{"@type":"SearchAction","target":{"@type":"EntryPoint","urlTemplate":"https:\/\/marielleaupaysdesours.fr\/?s={search_term_string}"},"query-input":{"@type":"PropertyValueSpecification","valueRequired":true,"valueName":"search_term_string"}}],"inLanguage":"fr-FR"},{"@type":"Organization","@id":"https:\/\/marielleaupaysdesours.fr\/#organization","name":"Marielle au Pays des Ours | Vente en ligne de peluches","url":"https:\/\/marielleaupaysdesours.fr\/","logo":{"@type":"ImageObject","inLanguage":"fr-FR","@id":"https:\/\/marielleaupaysdesours.fr\/#\/schema\/logo\/image\/","url":"https:\/\/marielleaupaysdesours.fr\/wp-content\/uploads\/2020\/10\/logo-marielle-light.jpg","contentUrl":"https:\/\/marielleaupaysdesours.fr\/wp-content\/uploads\/2020\/10\/logo-marielle-light.jpg","width":500,"height":500,"caption":"Marielle au Pays des Ours | Vente en ligne de peluches"},"image":{"@id":"https:\/\/marielleaupaysdesours.fr\/#\/schema\/logo\/image\/"}}]}},"jetpack_sharing_enabled":true,"_links":{"self":[{"href":"https:\/\/marielleaupaysdesours.fr\/index.php\/wp-json\/wp\/v2\/product\/4531","targetHints":{"allow":["GET"]}}],"collection":[{"href":"https:\/\/marielleaupaysdesours.fr\/index.php\/wp-json\/wp\/v2\/product"}],"about":[{"href":"https:\/\/marielleaupaysdesours.fr\/index.php\/wp-json\/wp\/v2\/types\/product"}],"replies":[{"embeddable":true,"href":"https:\/\/marielleaupaysdesours.fr\/index.php\/wp-json\/wp\/v2\/comments?post=4531"}],"version-history":[{"count":6,"href":"https:\/\/marielleaupaysdesours.fr\/index.php\/wp-json\/wp\/v2\/product\/4531\/revisions"}],"predecessor-version":[{"id":4641,"href":"https:\/\/marielleaupaysdesours.fr\/index.php\/wp-json\/wp\/v2\/product\/4531\/revisions\/4641"}],"wp:featuredmedia":[{"embeddable":true,"href":"https:\/\/marielleaupaysdesours.fr\/index.php\/wp-json\/wp\/v2\/media\/4533"}],"wp:attachment":[{"href":"https:\/\/marielleaupaysdesours.fr\/index.php\/wp-json\/wp\/v2\/media?parent=4531"}],"wp:term":[{"taxonomy":"product_brand","embeddable":true,"href":"https:\/\/marielleaupaysdesours.fr\/index.php\/wp-json\/wp\/v2\/product_brand?post=4531"},{"taxonomy":"product_cat","embeddable":true,"href":"https:\/\/marielleaupaysdesours.fr\/index.php\/wp-json\/wp\/v2\/product_cat?post=4531"},{"taxonomy":"product_tag","embeddable":true,"href":"https:\/\/marielleaupaysdesours.fr\/index.php\/wp-json\/wp\/v2\/product_tag?post=4531"}],"curies":[{"name":"wp","href":"https:\/\/api.w.org\/{rel}","templated":true}]}}