{"id":4099,"date":"2022-06-14T18:43:43","date_gmt":"2022-06-14T16:43:43","guid":{"rendered":"https:\/\/marielleaupaysdesours.fr\/?post_type=product&#038;p=4099"},"modified":"2025-12-05T21:09:34","modified_gmt":"2025-12-05T20:09:34","slug":"peluche-herisson-sweet-dreams-charlie-bears-collection-2022","status":"publish","type":"product","link":"https:\/\/marielleaupaysdesours.fr\/index.php\/product\/peluche-herisson-sweet-dreams-charlie-bears-collection-2022\/","title":{"rendered":"PELUCHE H\u00c9RISSON SWEET DREAMS CHARLIE BEARS &#8211; COLLECTION 2022"},"content":{"rendered":"<h3>D\u00e9couvrez La Peluch H\u00e9risson Sweet Dreams de Charlie Bears &#8211; <strong>collection The Pawtrait Gallery 2022<\/strong><\/h3>\n<p>&nbsp;<\/p>\n<p><strong>Cette adorable Peluche H\u00e9risson Sweet Dreams, fait partie de la Mini S\u00e9rie Sleepover de la collection The Pawtrait Gallery 2022. <\/strong>Gr\u00e2ce \u00e0 ses petits orteils parfaitement form\u00e9s, La<strong> peluche h\u00e9risson Sweet Dreams<\/strong> peut se tenir debout toute seul. Fabriqu\u00e9e \u00e0 partir d&rsquo;une fourrure luxueuse tr\u00e8s douce, aux nuances cr\u00e8me, notre <strong>peluche h\u00e9risson<\/strong> a des yeux brillants et un joli petit nez brun cousu \u00e0 la main.<br \/>\n<strong>Sweet Dreams<\/strong>\u00a0porte un beau<strong> costume de H\u00e9risson <\/strong>(tous les costumes sont amovibles).<\/p>\n<ul>\n<li><strong>Collection 2022 &#8211; Charlie Bears en peluche<\/strong><\/li>\n<li><strong>Taille de 28 cm<\/strong>\u00a0&#8211; 11 inch<\/li>\n<li>Cr\u00e9\u00e9 par Alison Mills (en association avec Charlotte Morris)<\/li>\n<li>Articul\u00e9 (5 articulations classiques)<\/li>\n<li>Lavable d\u00e9licatement 30\u00b0 en surface<\/li>\n<li>Recommand\u00e9 d\u00e8s l&rsquo;\u00e2ge de 3 ans<\/li>\n<li>Test\u00e9 normes de s\u00e9curit\u00e9 europ\u00e9ennes EN71<\/li>\n<\/ul>\n<p>N\u2019h\u00e9sitez pas \u00e0 vous rendre sur le\u00a0<a href=\"https:\/\/www.charliebears.com\/\">site du Cr\u00e9ateur<\/a>\u00a0pour en savoir plus sur\u00a0<a href=\"https:\/\/marielleaupaysdesours.fr\/index.php\/peluches-charlie-bears\/\">Charlie Bears<\/a>.<\/p>\n<p>&nbsp;<\/p>\n<p>&nbsp;<\/p>\n<p>&nbsp;<\/p>\n","protected":false},"excerpt":{"rendered":"<p><b>Un joli ours h\u00e9risson, vous craquerez litt\u00e9ralement pour cette petite merveille !<\/b><\/p>\n<p><strong>Notre adorable Ours Sweet Dreams, fait partie de la Mini S\u00e9rie Sleepover de la collection The Pawtrait Gallery 2022.<\/strong><\/p>\n<p>Gr\u00e2ce \u00e0 ses petits orteils parfaitement form\u00e9s,\u00a0<strong>Sweet Dreams<\/strong>\u00a0peut se tenir debout tout seul.<br \/>\nFabriqu\u00e9 \u00e0 partir d&rsquo;une fourrure luxueuse tr\u00e8s douce, aux nuances cr\u00e8me, notre ours a des yeux brillants et un joli petit nez brun cousu \u00e0 la main.<br \/>\n<strong>Sweet Dreams<\/strong>\u00a0porte un beau<strong> costume de H\u00e9risson.<\/strong><\/p>\n<ul>\n<li><strong>Collection 2022 &#8211; Charlie Bears en peluche<\/strong><\/li>\n<li><strong>Taille de 28 cm<\/strong>\u00a0&#8211; 11 inch<\/li>\n<li>Cr\u00e9\u00e9 par Alison Mills (en association avec Charlotte Morris)<\/li>\n<li>Articul\u00e9 (5 articulations classiques)<\/li>\n<li>Lavable d\u00e9licatement 30\u00b0 en surface<\/li>\n<li>Recommand\u00e9 d\u00e8s l&rsquo;\u00e2ge de 3 ans<\/li>\n<li>Test\u00e9 normes de s\u00e9curit\u00e9 europ\u00e9ennes EN71<\/li>\n<\/ul>\n<p><em>Charlie Bears a \u00e9t\u00e9 fond\u00e9e par Charlotte\u00a0 et William Morris, passionn\u00e9s d\u2019ours, en novembre 2005. L\u2019entreprise est bas\u00e9e \u00e0 Launceston en Cornouailles et sa devise est \u00ab Il y a toujours de la place pour un ours de plus ! \u00bb<\/em><\/p>\n","protected":false},"featured_media":4100,"comment_status":"open","ping_status":"closed","template":"","meta":{"_monsterinsights_skip_tracking":false,"_monsterinsights_sitenote_active":false,"_monsterinsights_sitenote_note":"","_monsterinsights_sitenote_category":0,"site-sidebar-layout":"default","site-content-layout":"default","ast-site-content-layout":"default","site-content-style":"default","site-sidebar-style":"default","ast-global-header-display":"","ast-banner-title-visibility":"","ast-main-header-display":"","ast-hfb-above-header-display":"","ast-hfb-below-header-display":"","ast-hfb-mobile-header-display":"","site-post-title":"","ast-breadcrumbs-content":"","ast-featured-img":"","footer-sml-layout":"","ast-disable-related-posts":"","theme-transparent-header-meta":"default","adv-header-id-meta":"","stick-header-meta":"","header-above-stick-meta":"","header-main-stick-meta":"","header-below-stick-meta":"","astra-migrate-meta-layouts":"default","ast-page-background-enabled":"default","ast-page-background-meta":{"desktop":{"background-color":"","background-image":"","background-repeat":"repeat","background-position":"center center","background-size":"auto","background-attachment":"scroll","background-type":"","background-media":"","overlay-type":"","overlay-color":"","overlay-opacity":"","overlay-gradient":""},"tablet":{"background-color":"","background-image":"","background-repeat":"repeat","background-position":"center center","background-size":"auto","background-attachment":"scroll","background-type":"","background-media":"","overlay-type":"","overlay-color":"","overlay-opacity":"","overlay-gradient":""},"mobile":{"background-color":"","background-image":"","background-repeat":"repeat","background-position":"center center","background-size":"auto","background-attachment":"scroll","background-type":"","background-media":"","overlay-type":"","overlay-color":"","overlay-opacity":"","overlay-gradient":""}},"ast-content-background-meta":{"desktop":{"background-color":"var(--ast-global-color-5)","background-image":"","background-repeat":"repeat","background-position":"center center","background-size":"auto","background-attachment":"scroll","background-type":"","background-media":"","overlay-type":"","overlay-color":"","overlay-opacity":"","overlay-gradient":""},"tablet":{"background-color":"var(--ast-global-color-5)","background-image":"","background-repeat":"repeat","background-position":"center center","background-size":"auto","background-attachment":"scroll","background-type":"","background-media":"","overlay-type":"","overlay-color":"","overlay-opacity":"","overlay-gradient":""},"mobile":{"background-color":"var(--ast-global-color-5)","background-image":"","background-repeat":"repeat","background-position":"center center","background-size":"auto","background-attachment":"scroll","background-type":"","background-media":"","overlay-type":"","overlay-color":"","overlay-opacity":"","overlay-gradient":""}}},"product_brand":[],"product_cat":[42,30,28,29],"product_tag":[],"class_list":{"0":"post-4099","1":"product","2":"type-product","3":"status-publish","4":"has-post-thumbnail","6":"product_cat-charlie-bears-peluches-collection","7":"product_cat-ours","8":"product_cat-peluches","9":"product_cat-collection","10":"product_shipping_class-4-80","11":"desktop-align-center","12":"tablet-align-left","13":"mobile-align-left","15":"first","16":"instock","17":"sale","18":"shipping-taxable","19":"purchasable","20":"product-type-simple"},"yoast_head":"<!-- This site is optimized with the Yoast SEO plugin v27.3 - https:\/\/yoast.com\/product\/yoast-seo-wordpress\/ -->\n<title>Peluche H\u00e9risson Sweet Dreams Charlie Bears - COLLECTION 2022<\/title>\n<meta name=\"description\" content=\"Vous \u00eates \u00e0 la recherche de la peluche ours tendre de l&#039;ann\u00e9e 2022, d\u00e9couvrez la sur notre site la peluche sweet dreams h\u00e9risson !\" \/>\n<meta name=\"robots\" content=\"index, follow, max-snippet:-1, max-image-preview:large, max-video-preview:-1\" \/>\n<link rel=\"canonical\" href=\"https:\/\/marielleaupaysdesours.fr\/index.php\/product\/peluche-herisson-sweet-dreams-charlie-bears-collection-2022\/\" \/>\n<meta property=\"og:locale\" content=\"fr_FR\" \/>\n<meta property=\"og:type\" content=\"article\" \/>\n<meta property=\"og:title\" content=\"Peluche H\u00e9risson Sweet Dreams Charlie Bears - COLLECTION 2022\" \/>\n<meta property=\"og:description\" content=\"Vous \u00eates \u00e0 la recherche de la peluche ours tendre de l&#039;ann\u00e9e 2022, d\u00e9couvrez la sur notre site la peluche sweet dreams h\u00e9risson !\" \/>\n<meta property=\"og:url\" content=\"https:\/\/marielleaupaysdesours.fr\/index.php\/product\/peluche-herisson-sweet-dreams-charlie-bears-collection-2022\/\" \/>\n<meta property=\"og:site_name\" content=\"Marielle au Pays des Ours | Vente en ligne de peluches\" \/>\n<meta property=\"article:modified_time\" content=\"2025-12-05T20:09:34+00:00\" \/>\n<meta property=\"og:image\" content=\"https:\/\/marielleaupaysdesours.fr\/wp-content\/uploads\/2022\/06\/ours-sweet-dreams-herisson-charlie-bears-en-peluche-2022.jpg\" \/>\n\t<meta property=\"og:image:width\" content=\"800\" \/>\n\t<meta property=\"og:image:height\" content=\"600\" \/>\n\t<meta property=\"og:image:type\" content=\"image\/jpeg\" \/>\n<meta name=\"twitter:card\" content=\"summary_large_image\" \/>\n<meta name=\"twitter:label1\" content=\"Dur\u00e9e de lecture estim\u00e9e\" \/>\n\t<meta name=\"twitter:data1\" content=\"1 minute\" \/>\n<script type=\"application\/ld+json\" class=\"yoast-schema-graph\">{\"@context\":\"https:\\\/\\\/schema.org\",\"@graph\":[{\"@type\":\"WebPage\",\"@id\":\"https:\\\/\\\/marielleaupaysdesours.fr\\\/index.php\\\/product\\\/peluche-herisson-sweet-dreams-charlie-bears-collection-2022\\\/\",\"url\":\"https:\\\/\\\/marielleaupaysdesours.fr\\\/index.php\\\/product\\\/peluche-herisson-sweet-dreams-charlie-bears-collection-2022\\\/\",\"name\":\"Peluche H\u00e9risson Sweet Dreams Charlie Bears - COLLECTION 2022\",\"isPartOf\":{\"@id\":\"https:\\\/\\\/marielleaupaysdesours.fr\\\/#website\"},\"primaryImageOfPage\":{\"@id\":\"https:\\\/\\\/marielleaupaysdesours.fr\\\/index.php\\\/product\\\/peluche-herisson-sweet-dreams-charlie-bears-collection-2022\\\/#primaryimage\"},\"image\":{\"@id\":\"https:\\\/\\\/marielleaupaysdesours.fr\\\/index.php\\\/product\\\/peluche-herisson-sweet-dreams-charlie-bears-collection-2022\\\/#primaryimage\"},\"thumbnailUrl\":\"https:\\\/\\\/marielleaupaysdesours.fr\\\/wp-content\\\/uploads\\\/2022\\\/06\\\/ours-sweet-dreams-herisson-charlie-bears-en-peluche-2022.jpg\",\"datePublished\":\"2022-06-14T16:43:43+00:00\",\"dateModified\":\"2025-12-05T20:09:34+00:00\",\"description\":\"Vous \u00eates \u00e0 la recherche de la peluche ours tendre de l'ann\u00e9e 2022, d\u00e9couvrez la sur notre site la peluche sweet dreams h\u00e9risson !\",\"breadcrumb\":{\"@id\":\"https:\\\/\\\/marielleaupaysdesours.fr\\\/index.php\\\/product\\\/peluche-herisson-sweet-dreams-charlie-bears-collection-2022\\\/#breadcrumb\"},\"inLanguage\":\"fr-FR\",\"potentialAction\":[{\"@type\":\"ReadAction\",\"target\":[\"https:\\\/\\\/marielleaupaysdesours.fr\\\/index.php\\\/product\\\/peluche-herisson-sweet-dreams-charlie-bears-collection-2022\\\/\"]}]},{\"@type\":\"ImageObject\",\"inLanguage\":\"fr-FR\",\"@id\":\"https:\\\/\\\/marielleaupaysdesours.fr\\\/index.php\\\/product\\\/peluche-herisson-sweet-dreams-charlie-bears-collection-2022\\\/#primaryimage\",\"url\":\"https:\\\/\\\/marielleaupaysdesours.fr\\\/wp-content\\\/uploads\\\/2022\\\/06\\\/ours-sweet-dreams-herisson-charlie-bears-en-peluche-2022.jpg\",\"contentUrl\":\"https:\\\/\\\/marielleaupaysdesours.fr\\\/wp-content\\\/uploads\\\/2022\\\/06\\\/ours-sweet-dreams-herisson-charlie-bears-en-peluche-2022.jpg\",\"width\":800,\"height\":600,\"caption\":\"peluche h\u00e9risson Sweet Dreams Charlie Bears\"},{\"@type\":\"BreadcrumbList\",\"@id\":\"https:\\\/\\\/marielleaupaysdesours.fr\\\/index.php\\\/product\\\/peluche-herisson-sweet-dreams-charlie-bears-collection-2022\\\/#breadcrumb\",\"itemListElement\":[{\"@type\":\"ListItem\",\"position\":1,\"name\":\"Accueil\",\"item\":\"https:\\\/\\\/marielleaupaysdesours.fr\\\/\"},{\"@type\":\"ListItem\",\"position\":2,\"name\":\"Shop\",\"item\":\"https:\\\/\\\/marielleaupaysdesours.fr\\\/index.php\\\/shop\\\/\"},{\"@type\":\"ListItem\",\"position\":3,\"name\":\"PELUCHE H\u00c9RISSON SWEET DREAMS CHARLIE BEARS &#8211; COLLECTION 2022\"}]},{\"@type\":\"WebSite\",\"@id\":\"https:\\\/\\\/marielleaupaysdesours.fr\\\/#website\",\"url\":\"https:\\\/\\\/marielleaupaysdesours.fr\\\/\",\"name\":\"Marielle au Pays des Ours | Vente en ligne de peluches\",\"description\":\"vente en ligne de peluches\",\"publisher\":{\"@id\":\"https:\\\/\\\/marielleaupaysdesours.fr\\\/#organization\"},\"potentialAction\":[{\"@type\":\"SearchAction\",\"target\":{\"@type\":\"EntryPoint\",\"urlTemplate\":\"https:\\\/\\\/marielleaupaysdesours.fr\\\/?s={search_term_string}\"},\"query-input\":{\"@type\":\"PropertyValueSpecification\",\"valueRequired\":true,\"valueName\":\"search_term_string\"}}],\"inLanguage\":\"fr-FR\"},{\"@type\":\"Organization\",\"@id\":\"https:\\\/\\\/marielleaupaysdesours.fr\\\/#organization\",\"name\":\"Marielle au Pays des Ours | Vente en ligne de peluches\",\"url\":\"https:\\\/\\\/marielleaupaysdesours.fr\\\/\",\"logo\":{\"@type\":\"ImageObject\",\"inLanguage\":\"fr-FR\",\"@id\":\"https:\\\/\\\/marielleaupaysdesours.fr\\\/#\\\/schema\\\/logo\\\/image\\\/\",\"url\":\"https:\\\/\\\/marielleaupaysdesours.fr\\\/wp-content\\\/uploads\\\/2020\\\/10\\\/logo-marielle-light.jpg\",\"contentUrl\":\"https:\\\/\\\/marielleaupaysdesours.fr\\\/wp-content\\\/uploads\\\/2020\\\/10\\\/logo-marielle-light.jpg\",\"width\":500,\"height\":500,\"caption\":\"Marielle au Pays des Ours | Vente en ligne de peluches\"},\"image\":{\"@id\":\"https:\\\/\\\/marielleaupaysdesours.fr\\\/#\\\/schema\\\/logo\\\/image\\\/\"}}]}<\/script>\n<!-- \/ Yoast SEO plugin. -->","yoast_head_json":{"title":"Peluche H\u00e9risson Sweet Dreams Charlie Bears - COLLECTION 2022","description":"Vous \u00eates \u00e0 la recherche de la peluche ours tendre de l'ann\u00e9e 2022, d\u00e9couvrez la sur notre site la peluche sweet dreams h\u00e9risson !","robots":{"index":"index","follow":"follow","max-snippet":"max-snippet:-1","max-image-preview":"max-image-preview:large","max-video-preview":"max-video-preview:-1"},"canonical":"https:\/\/marielleaupaysdesours.fr\/index.php\/product\/peluche-herisson-sweet-dreams-charlie-bears-collection-2022\/","og_locale":"fr_FR","og_type":"article","og_title":"Peluche H\u00e9risson Sweet Dreams Charlie Bears - COLLECTION 2022","og_description":"Vous \u00eates \u00e0 la recherche de la peluche ours tendre de l'ann\u00e9e 2022, d\u00e9couvrez la sur notre site la peluche sweet dreams h\u00e9risson !","og_url":"https:\/\/marielleaupaysdesours.fr\/index.php\/product\/peluche-herisson-sweet-dreams-charlie-bears-collection-2022\/","og_site_name":"Marielle au Pays des Ours | Vente en ligne de peluches","article_modified_time":"2025-12-05T20:09:34+00:00","og_image":[{"width":800,"height":600,"url":"https:\/\/marielleaupaysdesours.fr\/wp-content\/uploads\/2022\/06\/ours-sweet-dreams-herisson-charlie-bears-en-peluche-2022.jpg","type":"image\/jpeg"}],"twitter_card":"summary_large_image","twitter_misc":{"Dur\u00e9e de lecture estim\u00e9e":"1 minute"},"schema":{"@context":"https:\/\/schema.org","@graph":[{"@type":"WebPage","@id":"https:\/\/marielleaupaysdesours.fr\/index.php\/product\/peluche-herisson-sweet-dreams-charlie-bears-collection-2022\/","url":"https:\/\/marielleaupaysdesours.fr\/index.php\/product\/peluche-herisson-sweet-dreams-charlie-bears-collection-2022\/","name":"Peluche H\u00e9risson Sweet Dreams Charlie Bears - COLLECTION 2022","isPartOf":{"@id":"https:\/\/marielleaupaysdesours.fr\/#website"},"primaryImageOfPage":{"@id":"https:\/\/marielleaupaysdesours.fr\/index.php\/product\/peluche-herisson-sweet-dreams-charlie-bears-collection-2022\/#primaryimage"},"image":{"@id":"https:\/\/marielleaupaysdesours.fr\/index.php\/product\/peluche-herisson-sweet-dreams-charlie-bears-collection-2022\/#primaryimage"},"thumbnailUrl":"https:\/\/marielleaupaysdesours.fr\/wp-content\/uploads\/2022\/06\/ours-sweet-dreams-herisson-charlie-bears-en-peluche-2022.jpg","datePublished":"2022-06-14T16:43:43+00:00","dateModified":"2025-12-05T20:09:34+00:00","description":"Vous \u00eates \u00e0 la recherche de la peluche ours tendre de l'ann\u00e9e 2022, d\u00e9couvrez la sur notre site la peluche sweet dreams h\u00e9risson !","breadcrumb":{"@id":"https:\/\/marielleaupaysdesours.fr\/index.php\/product\/peluche-herisson-sweet-dreams-charlie-bears-collection-2022\/#breadcrumb"},"inLanguage":"fr-FR","potentialAction":[{"@type":"ReadAction","target":["https:\/\/marielleaupaysdesours.fr\/index.php\/product\/peluche-herisson-sweet-dreams-charlie-bears-collection-2022\/"]}]},{"@type":"ImageObject","inLanguage":"fr-FR","@id":"https:\/\/marielleaupaysdesours.fr\/index.php\/product\/peluche-herisson-sweet-dreams-charlie-bears-collection-2022\/#primaryimage","url":"https:\/\/marielleaupaysdesours.fr\/wp-content\/uploads\/2022\/06\/ours-sweet-dreams-herisson-charlie-bears-en-peluche-2022.jpg","contentUrl":"https:\/\/marielleaupaysdesours.fr\/wp-content\/uploads\/2022\/06\/ours-sweet-dreams-herisson-charlie-bears-en-peluche-2022.jpg","width":800,"height":600,"caption":"peluche h\u00e9risson Sweet Dreams Charlie Bears"},{"@type":"BreadcrumbList","@id":"https:\/\/marielleaupaysdesours.fr\/index.php\/product\/peluche-herisson-sweet-dreams-charlie-bears-collection-2022\/#breadcrumb","itemListElement":[{"@type":"ListItem","position":1,"name":"Accueil","item":"https:\/\/marielleaupaysdesours.fr\/"},{"@type":"ListItem","position":2,"name":"Shop","item":"https:\/\/marielleaupaysdesours.fr\/index.php\/shop\/"},{"@type":"ListItem","position":3,"name":"PELUCHE H\u00c9RISSON SWEET DREAMS CHARLIE BEARS &#8211; COLLECTION 2022"}]},{"@type":"WebSite","@id":"https:\/\/marielleaupaysdesours.fr\/#website","url":"https:\/\/marielleaupaysdesours.fr\/","name":"Marielle au Pays des Ours | Vente en ligne de peluches","description":"vente en ligne de peluches","publisher":{"@id":"https:\/\/marielleaupaysdesours.fr\/#organization"},"potentialAction":[{"@type":"SearchAction","target":{"@type":"EntryPoint","urlTemplate":"https:\/\/marielleaupaysdesours.fr\/?s={search_term_string}"},"query-input":{"@type":"PropertyValueSpecification","valueRequired":true,"valueName":"search_term_string"}}],"inLanguage":"fr-FR"},{"@type":"Organization","@id":"https:\/\/marielleaupaysdesours.fr\/#organization","name":"Marielle au Pays des Ours | Vente en ligne de peluches","url":"https:\/\/marielleaupaysdesours.fr\/","logo":{"@type":"ImageObject","inLanguage":"fr-FR","@id":"https:\/\/marielleaupaysdesours.fr\/#\/schema\/logo\/image\/","url":"https:\/\/marielleaupaysdesours.fr\/wp-content\/uploads\/2020\/10\/logo-marielle-light.jpg","contentUrl":"https:\/\/marielleaupaysdesours.fr\/wp-content\/uploads\/2020\/10\/logo-marielle-light.jpg","width":500,"height":500,"caption":"Marielle au Pays des Ours | Vente en ligne de peluches"},"image":{"@id":"https:\/\/marielleaupaysdesours.fr\/#\/schema\/logo\/image\/"}}]}},"jetpack_sharing_enabled":true,"_links":{"self":[{"href":"https:\/\/marielleaupaysdesours.fr\/index.php\/wp-json\/wp\/v2\/product\/4099","targetHints":{"allow":["GET"]}}],"collection":[{"href":"https:\/\/marielleaupaysdesours.fr\/index.php\/wp-json\/wp\/v2\/product"}],"about":[{"href":"https:\/\/marielleaupaysdesours.fr\/index.php\/wp-json\/wp\/v2\/types\/product"}],"replies":[{"embeddable":true,"href":"https:\/\/marielleaupaysdesours.fr\/index.php\/wp-json\/wp\/v2\/comments?post=4099"}],"version-history":[{"count":5,"href":"https:\/\/marielleaupaysdesours.fr\/index.php\/wp-json\/wp\/v2\/product\/4099\/revisions"}],"predecessor-version":[{"id":4155,"href":"https:\/\/marielleaupaysdesours.fr\/index.php\/wp-json\/wp\/v2\/product\/4099\/revisions\/4155"}],"wp:featuredmedia":[{"embeddable":true,"href":"https:\/\/marielleaupaysdesours.fr\/index.php\/wp-json\/wp\/v2\/media\/4100"}],"wp:attachment":[{"href":"https:\/\/marielleaupaysdesours.fr\/index.php\/wp-json\/wp\/v2\/media?parent=4099"}],"wp:term":[{"taxonomy":"product_brand","embeddable":true,"href":"https:\/\/marielleaupaysdesours.fr\/index.php\/wp-json\/wp\/v2\/product_brand?post=4099"},{"taxonomy":"product_cat","embeddable":true,"href":"https:\/\/marielleaupaysdesours.fr\/index.php\/wp-json\/wp\/v2\/product_cat?post=4099"},{"taxonomy":"product_tag","embeddable":true,"href":"https:\/\/marielleaupaysdesours.fr\/index.php\/wp-json\/wp\/v2\/product_tag?post=4099"}],"curies":[{"name":"wp","href":"https:\/\/api.w.org\/{rel}","templated":true}]}}