{"id":3875,"date":"2022-03-23T13:27:00","date_gmt":"2022-03-23T12:27:00","guid":{"rendered":"https:\/\/marielleaupaysdesours.fr\/?post_type=product&#038;p=3875"},"modified":"2025-11-24T10:55:44","modified_gmt":"2025-11-24T09:55:44","slug":"peluche-poule-noire-histoire-dours","status":"publish","type":"product","link":"https:\/\/marielleaupaysdesours.fr\/index.php\/product\/peluche-poule-noire-histoire-dours\/","title":{"rendered":"POULE NOIRE EN PELUCHE &#8211; COLLECTION \u00ab\u00a0LES POULETTES\u00a0\u00bb &#8211; HISTOIRE D&rsquo;OURS"},"content":{"rendered":"<p><strong>Marielle<\/strong>\u00a0vous pr\u00e9sente la<strong> peluche Poule Noire <\/strong>de la collection \u00ab\u00a0<strong>Les Poulettes<\/strong>\u00a0\u00bb de la Maison\u00a0<a href=\"https:\/\/marielleaupaysdesours.fr\/index.php\/peluches-histoire-d-ours\/\"><strong>Histoire d\u2019Ours<\/strong><\/a>.<\/p>\n<p>Bienvenue dans la basse cour ! Dans cet univers fascinant fait de diversit\u00e9, de couleurs et de cr\u00e9atures extraordinaires, cette gallinac\u00e9 en peluche, a \u00e9t\u00e9 taill\u00e9e pour jouer, s\u2019\u00e9veiller et s\u2019inventer de folles aventures ! Elle est aussi tr\u00e8s douce pour des instants plus c\u00e2lins. Tr\u00e8s tendance avec ses subtiles associations de mati\u00e8res, elle ravira \u00e0 coup s\u00fbr vos enfants qui l\u2019adopteront tr\u00e8s rapidement. Elle prendra ais\u00e9ment place dans la d\u00e9co de la chambre de vos enfants. C\u2019est \u00e9galement un cadeau de naissance id\u00e9al.<\/p>\n<p>Cette peluche est lavage \u00e0 la machine \u00e0 30\u00b0c.<\/p>\n<p>Taille : 20 cm<\/p>\n<p>&nbsp;<\/p>\n<h5>Besoin de plus d\u2019informations sur la peluche Poule Rousse de chez Histoire d\u2019Ours ? Contactez-nous !<\/h5>\n<p>Chez\u00a0<em><strong>Marielle au pays des Ours<\/strong><\/em>\u00a0nous souhaitons avant tout partager avec vous notre amour et notre passion pour les\u00a0<strong>peluches<\/strong>. Ainsi, si vous avez la moindre question concernant la\u00a0<strong>peluche poule rousse <\/strong>de chez \u00ab\u00a0<a href=\"https:\/\/marielleaupaysdesours.fr\/index.php\/peluches-histoire-d-ours\/\"><strong>Histoire d\u2019Ours<\/strong><\/a>\u00a0\u00bb vous pouvez nous contacter, soit directement par t\u00e9l\u00e9phone 06.63.69.20.99 ou directement via le\u00a0<a href=\"https:\/\/marielleaupaysdesours.fr\/index.php\/contact-us\/\">formulaire de contact<\/a>.<\/p>\n<div class=\"woocommerce-tabs wc-tabs-wrapper\">\n<div id=\"tab-description\" class=\"woocommerce-Tabs-panel woocommerce-Tabs-panel--description panel entry-content wc-tab\" role=\"tabpanel\" aria-labelledby=\"tab-title-description\">\n<p>Si vous \u00eates \u00e0 la recherche d\u2019un mod\u00e8le particulier, n\u2019h\u00e9sitez pas \u00e0 nous contacter, nous pourrons tr\u00e8s certainement le trouver pour vous !<\/p>\n<\/div>\n<\/div>\n","protected":false},"excerpt":{"rendered":"<p>Bienvenue dans la basse cour ! Dans cet univers fascinant fait de diversit\u00e9, de couleurs et de cr\u00e9atures extraordinaires, cette gallinac\u00e9 en peluche, a \u00e9t\u00e9 taill\u00e9e pour jouer, s\u2019\u00e9veiller et s\u2019inventer de folles aventures ! Elle est aussi tr\u00e8s douce pour des instants plus c\u00e2lins. Tr\u00e8s tendance avec ses subtiles associations de mati\u00e8res, elle ravira \u00e0 coup s\u00fbr vos enfants qui l\u2019adopteront tr\u00e8s rapidement. Elle prendra ais\u00e9ment place dans la d\u00e9co de la chambre de vos enfants. C\u2019est \u00e9galement un cadeau de naissance id\u00e9al.<\/p>\n<p>Cette peluche est lavage \u00e0 la machine \u00e0 30\u00b0c.<\/p>\n<p>Taille : 28 cm<\/p>\n","protected":false},"featured_media":3876,"comment_status":"open","ping_status":"closed","template":"","meta":{"_monsterinsights_skip_tracking":false,"_monsterinsights_sitenote_active":false,"_monsterinsights_sitenote_note":"","_monsterinsights_sitenote_category":0,"site-sidebar-layout":"default","site-content-layout":"default","ast-site-content-layout":"default","site-content-style":"default","site-sidebar-style":"default","ast-global-header-display":"","ast-banner-title-visibility":"","ast-main-header-display":"","ast-hfb-above-header-display":"","ast-hfb-below-header-display":"","ast-hfb-mobile-header-display":"","site-post-title":"","ast-breadcrumbs-content":"","ast-featured-img":"","footer-sml-layout":"","ast-disable-related-posts":"","theme-transparent-header-meta":"default","adv-header-id-meta":"","stick-header-meta":"","header-above-stick-meta":"","header-main-stick-meta":"","header-below-stick-meta":"","astra-migrate-meta-layouts":"default","ast-page-background-enabled":"default","ast-page-background-meta":{"desktop":{"background-color":"","background-image":"","background-repeat":"repeat","background-position":"center center","background-size":"auto","background-attachment":"scroll","background-type":"","background-media":"","overlay-type":"","overlay-color":"","overlay-opacity":"","overlay-gradient":""},"tablet":{"background-color":"","background-image":"","background-repeat":"repeat","background-position":"center center","background-size":"auto","background-attachment":"scroll","background-type":"","background-media":"","overlay-type":"","overlay-color":"","overlay-opacity":"","overlay-gradient":""},"mobile":{"background-color":"","background-image":"","background-repeat":"repeat","background-position":"center center","background-size":"auto","background-attachment":"scroll","background-type":"","background-media":"","overlay-type":"","overlay-color":"","overlay-opacity":"","overlay-gradient":""}},"ast-content-background-meta":{"desktop":{"background-color":"var(--ast-global-color-5)","background-image":"","background-repeat":"repeat","background-position":"center center","background-size":"auto","background-attachment":"scroll","background-type":"","background-media":"","overlay-type":"","overlay-color":"","overlay-opacity":"","overlay-gradient":""},"tablet":{"background-color":"var(--ast-global-color-5)","background-image":"","background-repeat":"repeat","background-position":"center center","background-size":"auto","background-attachment":"scroll","background-type":"","background-media":"","overlay-type":"","overlay-color":"","overlay-opacity":"","overlay-gradient":""},"mobile":{"background-color":"var(--ast-global-color-5)","background-image":"","background-repeat":"repeat","background-position":"center center","background-size":"auto","background-attachment":"scroll","background-type":"","background-media":"","overlay-type":"","overlay-color":"","overlay-opacity":"","overlay-gradient":""}}},"product_brand":[],"product_cat":[45,44,34,40,28,16],"product_tag":[],"class_list":{"0":"post-3875","1":"product","2":"type-product","3":"status-publish","4":"has-post-thumbnail","6":"product_cat-animaux-fantastiques","7":"product_cat-cadeaux-de-naissance","8":"product_cat-doudous","9":"product_cat-histoire-dours","10":"product_cat-peluches","11":"product_cat-uncategorized","12":"desktop-align-center","13":"tablet-align-left","14":"mobile-align-left","16":"first","17":"instock","18":"shipping-taxable","19":"purchasable","20":"product-type-simple"},"yoast_head":"<!-- This site is optimized with the Yoast SEO plugin v27.3 - https:\/\/yoast.com\/product\/yoast-seo-wordpress\/ -->\n<title>Poule Noire en Peluche - Collection &quot;Les Poulettes&quot; Histoire d&#039;Ours<\/title>\n<meta name=\"description\" content=\"Vous allez adorer la poule noire en peluche de chez Histoire d&#039;Ours, une des nombreuses h\u00e9ro\u00efnes du poulailler de la collection &quot;Les Poulettes&quot;\" \/>\n<meta name=\"robots\" content=\"index, follow, max-snippet:-1, max-image-preview:large, max-video-preview:-1\" \/>\n<link rel=\"canonical\" href=\"https:\/\/marielleaupaysdesours.fr\/index.php\/product\/peluche-poule-noire-histoire-dours\/\" \/>\n<meta property=\"og:locale\" content=\"fr_FR\" \/>\n<meta property=\"og:type\" content=\"article\" \/>\n<meta property=\"og:title\" content=\"Poule Noire en Peluche - Collection &quot;Les Poulettes&quot; Histoire d&#039;Ours\" \/>\n<meta property=\"og:description\" content=\"Vous allez adorer la poule noire en peluche de chez Histoire d&#039;Ours, une des nombreuses h\u00e9ro\u00efnes du poulailler de la collection &quot;Les Poulettes&quot;\" \/>\n<meta property=\"og:url\" content=\"https:\/\/marielleaupaysdesours.fr\/index.php\/product\/peluche-poule-noire-histoire-dours\/\" \/>\n<meta property=\"og:site_name\" content=\"Marielle au Pays des Ours | Vente en ligne de peluches\" \/>\n<meta property=\"article:modified_time\" content=\"2025-11-24T09:55:44+00:00\" \/>\n<meta property=\"og:image\" content=\"https:\/\/marielleaupaysdesours.fr\/wp-content\/uploads\/2022\/03\/poule-noire.jpg\" \/>\n\t<meta property=\"og:image:width\" content=\"800\" \/>\n\t<meta property=\"og:image:height\" content=\"800\" \/>\n\t<meta property=\"og:image:type\" content=\"image\/jpeg\" \/>\n<meta name=\"twitter:card\" content=\"summary_large_image\" \/>\n<meta name=\"twitter:label1\" content=\"Dur\u00e9e de lecture estim\u00e9e\" \/>\n\t<meta name=\"twitter:data1\" content=\"2 minutes\" \/>\n<script type=\"application\/ld+json\" class=\"yoast-schema-graph\">{\"@context\":\"https:\\\/\\\/schema.org\",\"@graph\":[{\"@type\":\"WebPage\",\"@id\":\"https:\\\/\\\/marielleaupaysdesours.fr\\\/index.php\\\/product\\\/peluche-poule-noire-histoire-dours\\\/\",\"url\":\"https:\\\/\\\/marielleaupaysdesours.fr\\\/index.php\\\/product\\\/peluche-poule-noire-histoire-dours\\\/\",\"name\":\"Poule Noire en Peluche - Collection \\\"Les Poulettes\\\" Histoire d'Ours\",\"isPartOf\":{\"@id\":\"https:\\\/\\\/marielleaupaysdesours.fr\\\/#website\"},\"primaryImageOfPage\":{\"@id\":\"https:\\\/\\\/marielleaupaysdesours.fr\\\/index.php\\\/product\\\/peluche-poule-noire-histoire-dours\\\/#primaryimage\"},\"image\":{\"@id\":\"https:\\\/\\\/marielleaupaysdesours.fr\\\/index.php\\\/product\\\/peluche-poule-noire-histoire-dours\\\/#primaryimage\"},\"thumbnailUrl\":\"https:\\\/\\\/marielleaupaysdesours.fr\\\/wp-content\\\/uploads\\\/2022\\\/03\\\/poule-noire.jpg\",\"datePublished\":\"2022-03-23T12:27:00+00:00\",\"dateModified\":\"2025-11-24T09:55:44+00:00\",\"description\":\"Vous allez adorer la poule noire en peluche de chez Histoire d'Ours, une des nombreuses h\u00e9ro\u00efnes du poulailler de la collection \\\"Les Poulettes\\\"\",\"breadcrumb\":{\"@id\":\"https:\\\/\\\/marielleaupaysdesours.fr\\\/index.php\\\/product\\\/peluche-poule-noire-histoire-dours\\\/#breadcrumb\"},\"inLanguage\":\"fr-FR\",\"potentialAction\":[{\"@type\":\"ReadAction\",\"target\":[\"https:\\\/\\\/marielleaupaysdesours.fr\\\/index.php\\\/product\\\/peluche-poule-noire-histoire-dours\\\/\"]}]},{\"@type\":\"ImageObject\",\"inLanguage\":\"fr-FR\",\"@id\":\"https:\\\/\\\/marielleaupaysdesours.fr\\\/index.php\\\/product\\\/peluche-poule-noire-histoire-dours\\\/#primaryimage\",\"url\":\"https:\\\/\\\/marielleaupaysdesours.fr\\\/wp-content\\\/uploads\\\/2022\\\/03\\\/poule-noire.jpg\",\"contentUrl\":\"https:\\\/\\\/marielleaupaysdesours.fr\\\/wp-content\\\/uploads\\\/2022\\\/03\\\/poule-noire.jpg\",\"width\":800,\"height\":800,\"caption\":\"Poule Noire en Peluche - Collection \\\"Les Poulettes\\\" Histoire d'Ours\"},{\"@type\":\"BreadcrumbList\",\"@id\":\"https:\\\/\\\/marielleaupaysdesours.fr\\\/index.php\\\/product\\\/peluche-poule-noire-histoire-dours\\\/#breadcrumb\",\"itemListElement\":[{\"@type\":\"ListItem\",\"position\":1,\"name\":\"Accueil\",\"item\":\"https:\\\/\\\/marielleaupaysdesours.fr\\\/\"},{\"@type\":\"ListItem\",\"position\":2,\"name\":\"Shop\",\"item\":\"https:\\\/\\\/marielleaupaysdesours.fr\\\/index.php\\\/shop\\\/\"},{\"@type\":\"ListItem\",\"position\":3,\"name\":\"POULE NOIRE EN PELUCHE &#8211; COLLECTION \u00ab\u00a0LES POULETTES\u00a0\u00bb &#8211; HISTOIRE D&rsquo;OURS\"}]},{\"@type\":\"WebSite\",\"@id\":\"https:\\\/\\\/marielleaupaysdesours.fr\\\/#website\",\"url\":\"https:\\\/\\\/marielleaupaysdesours.fr\\\/\",\"name\":\"Marielle au Pays des Ours | Vente en ligne de peluches\",\"description\":\"vente en ligne de peluches\",\"publisher\":{\"@id\":\"https:\\\/\\\/marielleaupaysdesours.fr\\\/#organization\"},\"potentialAction\":[{\"@type\":\"SearchAction\",\"target\":{\"@type\":\"EntryPoint\",\"urlTemplate\":\"https:\\\/\\\/marielleaupaysdesours.fr\\\/?s={search_term_string}\"},\"query-input\":{\"@type\":\"PropertyValueSpecification\",\"valueRequired\":true,\"valueName\":\"search_term_string\"}}],\"inLanguage\":\"fr-FR\"},{\"@type\":\"Organization\",\"@id\":\"https:\\\/\\\/marielleaupaysdesours.fr\\\/#organization\",\"name\":\"Marielle au Pays des Ours | Vente en ligne de peluches\",\"url\":\"https:\\\/\\\/marielleaupaysdesours.fr\\\/\",\"logo\":{\"@type\":\"ImageObject\",\"inLanguage\":\"fr-FR\",\"@id\":\"https:\\\/\\\/marielleaupaysdesours.fr\\\/#\\\/schema\\\/logo\\\/image\\\/\",\"url\":\"https:\\\/\\\/marielleaupaysdesours.fr\\\/wp-content\\\/uploads\\\/2020\\\/10\\\/logo-marielle-light.jpg\",\"contentUrl\":\"https:\\\/\\\/marielleaupaysdesours.fr\\\/wp-content\\\/uploads\\\/2020\\\/10\\\/logo-marielle-light.jpg\",\"width\":500,\"height\":500,\"caption\":\"Marielle au Pays des Ours | Vente en ligne de peluches\"},\"image\":{\"@id\":\"https:\\\/\\\/marielleaupaysdesours.fr\\\/#\\\/schema\\\/logo\\\/image\\\/\"}}]}<\/script>\n<!-- \/ Yoast SEO plugin. -->","yoast_head_json":{"title":"Poule Noire en Peluche - Collection \"Les Poulettes\" Histoire d'Ours","description":"Vous allez adorer la poule noire en peluche de chez Histoire d'Ours, une des nombreuses h\u00e9ro\u00efnes du poulailler de la collection \"Les Poulettes\"","robots":{"index":"index","follow":"follow","max-snippet":"max-snippet:-1","max-image-preview":"max-image-preview:large","max-video-preview":"max-video-preview:-1"},"canonical":"https:\/\/marielleaupaysdesours.fr\/index.php\/product\/peluche-poule-noire-histoire-dours\/","og_locale":"fr_FR","og_type":"article","og_title":"Poule Noire en Peluche - Collection \"Les Poulettes\" Histoire d'Ours","og_description":"Vous allez adorer la poule noire en peluche de chez Histoire d'Ours, une des nombreuses h\u00e9ro\u00efnes du poulailler de la collection \"Les Poulettes\"","og_url":"https:\/\/marielleaupaysdesours.fr\/index.php\/product\/peluche-poule-noire-histoire-dours\/","og_site_name":"Marielle au Pays des Ours | Vente en ligne de peluches","article_modified_time":"2025-11-24T09:55:44+00:00","og_image":[{"width":800,"height":800,"url":"https:\/\/marielleaupaysdesours.fr\/wp-content\/uploads\/2022\/03\/poule-noire.jpg","type":"image\/jpeg"}],"twitter_card":"summary_large_image","twitter_misc":{"Dur\u00e9e de lecture estim\u00e9e":"2 minutes"},"schema":{"@context":"https:\/\/schema.org","@graph":[{"@type":"WebPage","@id":"https:\/\/marielleaupaysdesours.fr\/index.php\/product\/peluche-poule-noire-histoire-dours\/","url":"https:\/\/marielleaupaysdesours.fr\/index.php\/product\/peluche-poule-noire-histoire-dours\/","name":"Poule Noire en Peluche - Collection \"Les Poulettes\" Histoire d'Ours","isPartOf":{"@id":"https:\/\/marielleaupaysdesours.fr\/#website"},"primaryImageOfPage":{"@id":"https:\/\/marielleaupaysdesours.fr\/index.php\/product\/peluche-poule-noire-histoire-dours\/#primaryimage"},"image":{"@id":"https:\/\/marielleaupaysdesours.fr\/index.php\/product\/peluche-poule-noire-histoire-dours\/#primaryimage"},"thumbnailUrl":"https:\/\/marielleaupaysdesours.fr\/wp-content\/uploads\/2022\/03\/poule-noire.jpg","datePublished":"2022-03-23T12:27:00+00:00","dateModified":"2025-11-24T09:55:44+00:00","description":"Vous allez adorer la poule noire en peluche de chez Histoire d'Ours, une des nombreuses h\u00e9ro\u00efnes du poulailler de la collection \"Les Poulettes\"","breadcrumb":{"@id":"https:\/\/marielleaupaysdesours.fr\/index.php\/product\/peluche-poule-noire-histoire-dours\/#breadcrumb"},"inLanguage":"fr-FR","potentialAction":[{"@type":"ReadAction","target":["https:\/\/marielleaupaysdesours.fr\/index.php\/product\/peluche-poule-noire-histoire-dours\/"]}]},{"@type":"ImageObject","inLanguage":"fr-FR","@id":"https:\/\/marielleaupaysdesours.fr\/index.php\/product\/peluche-poule-noire-histoire-dours\/#primaryimage","url":"https:\/\/marielleaupaysdesours.fr\/wp-content\/uploads\/2022\/03\/poule-noire.jpg","contentUrl":"https:\/\/marielleaupaysdesours.fr\/wp-content\/uploads\/2022\/03\/poule-noire.jpg","width":800,"height":800,"caption":"Poule Noire en Peluche - Collection \"Les Poulettes\" Histoire d'Ours"},{"@type":"BreadcrumbList","@id":"https:\/\/marielleaupaysdesours.fr\/index.php\/product\/peluche-poule-noire-histoire-dours\/#breadcrumb","itemListElement":[{"@type":"ListItem","position":1,"name":"Accueil","item":"https:\/\/marielleaupaysdesours.fr\/"},{"@type":"ListItem","position":2,"name":"Shop","item":"https:\/\/marielleaupaysdesours.fr\/index.php\/shop\/"},{"@type":"ListItem","position":3,"name":"POULE NOIRE EN PELUCHE &#8211; COLLECTION \u00ab\u00a0LES POULETTES\u00a0\u00bb &#8211; HISTOIRE D&rsquo;OURS"}]},{"@type":"WebSite","@id":"https:\/\/marielleaupaysdesours.fr\/#website","url":"https:\/\/marielleaupaysdesours.fr\/","name":"Marielle au Pays des Ours | Vente en ligne de peluches","description":"vente en ligne de peluches","publisher":{"@id":"https:\/\/marielleaupaysdesours.fr\/#organization"},"potentialAction":[{"@type":"SearchAction","target":{"@type":"EntryPoint","urlTemplate":"https:\/\/marielleaupaysdesours.fr\/?s={search_term_string}"},"query-input":{"@type":"PropertyValueSpecification","valueRequired":true,"valueName":"search_term_string"}}],"inLanguage":"fr-FR"},{"@type":"Organization","@id":"https:\/\/marielleaupaysdesours.fr\/#organization","name":"Marielle au Pays des Ours | Vente en ligne de peluches","url":"https:\/\/marielleaupaysdesours.fr\/","logo":{"@type":"ImageObject","inLanguage":"fr-FR","@id":"https:\/\/marielleaupaysdesours.fr\/#\/schema\/logo\/image\/","url":"https:\/\/marielleaupaysdesours.fr\/wp-content\/uploads\/2020\/10\/logo-marielle-light.jpg","contentUrl":"https:\/\/marielleaupaysdesours.fr\/wp-content\/uploads\/2020\/10\/logo-marielle-light.jpg","width":500,"height":500,"caption":"Marielle au Pays des Ours | Vente en ligne de peluches"},"image":{"@id":"https:\/\/marielleaupaysdesours.fr\/#\/schema\/logo\/image\/"}}]}},"jetpack_sharing_enabled":true,"_links":{"self":[{"href":"https:\/\/marielleaupaysdesours.fr\/index.php\/wp-json\/wp\/v2\/product\/3875","targetHints":{"allow":["GET"]}}],"collection":[{"href":"https:\/\/marielleaupaysdesours.fr\/index.php\/wp-json\/wp\/v2\/product"}],"about":[{"href":"https:\/\/marielleaupaysdesours.fr\/index.php\/wp-json\/wp\/v2\/types\/product"}],"replies":[{"embeddable":true,"href":"https:\/\/marielleaupaysdesours.fr\/index.php\/wp-json\/wp\/v2\/comments?post=3875"}],"version-history":[{"count":4,"href":"https:\/\/marielleaupaysdesours.fr\/index.php\/wp-json\/wp\/v2\/product\/3875\/revisions"}],"predecessor-version":[{"id":4237,"href":"https:\/\/marielleaupaysdesours.fr\/index.php\/wp-json\/wp\/v2\/product\/3875\/revisions\/4237"}],"wp:featuredmedia":[{"embeddable":true,"href":"https:\/\/marielleaupaysdesours.fr\/index.php\/wp-json\/wp\/v2\/media\/3876"}],"wp:attachment":[{"href":"https:\/\/marielleaupaysdesours.fr\/index.php\/wp-json\/wp\/v2\/media?parent=3875"}],"wp:term":[{"taxonomy":"product_brand","embeddable":true,"href":"https:\/\/marielleaupaysdesours.fr\/index.php\/wp-json\/wp\/v2\/product_brand?post=3875"},{"taxonomy":"product_cat","embeddable":true,"href":"https:\/\/marielleaupaysdesours.fr\/index.php\/wp-json\/wp\/v2\/product_cat?post=3875"},{"taxonomy":"product_tag","embeddable":true,"href":"https:\/\/marielleaupaysdesours.fr\/index.php\/wp-json\/wp\/v2\/product_tag?post=3875"}],"curies":[{"name":"wp","href":"https:\/\/api.w.org\/{rel}","templated":true}]}}