{"id":3224,"date":"2021-05-27T13:00:06","date_gmt":"2021-05-27T11:00:06","guid":{"rendered":"https:\/\/marielleaupaysdesours.fr\/?post_type=product&#038;p=3224"},"modified":"2025-11-04T18:04:14","modified_gmt":"2025-11-04T17:04:14","slug":"koala-en-peluche-kowtow-charlie-bears","status":"publish","type":"product","link":"https:\/\/marielleaupaysdesours.fr\/index.php\/product\/koala-en-peluche-kowtow-charlie-bears\/","title":{"rendered":"KOALA EN PELUCHE KOWTOW CHARLIE BEARS"},"content":{"rendered":"<p>. peluche<\/p>\n<p>. A partir de 18 mois\u00a0 .<\/p>\n<p>. lavable \u00e0 30\u00b0 .<\/p>\n<p>. Taille 24cm.<\/p>\n","protected":false},"excerpt":{"rendered":"<p>Les Ours\u00a0<strong>Bear house<\/strong>\u00a0sont de d\u00e9licieux personnages\u00a0<strong>non articul\u00e9s<\/strong> de diff\u00e9rentes tailles qui ont \u00e9t\u00e9 cr\u00e9\u00e9s dans des mat\u00e9riaux en peluche douce et con\u00e7us pour plaire \u00e0 nos jeunes collectionneurs, bien qu&rsquo;ils soient \u00e9galement \u00e0 l&rsquo;aise dans les bras de nos collectionneurs adultes !<br \/>\nIls sont\u00a0<strong>lavables en machine<\/strong>\u00a0et sont recommand\u00e9s pour nos collectionneurs\u00a0<strong>\u00e2g\u00e9s de 18 mois et plus<\/strong>.<\/p>\n<p><strong><br \/>\nNotre Koala Kowtow s&rsquo;int\u00e9grera \u00e0 merveille chez vous.<\/strong><br \/>\nIl est cousu \u00e0 partir d&rsquo;une luxueuse peluche grise \u00e0 pointes blanches, et une peluche blanche tr\u00e8s duveteuse (sur le ventre).<br \/>\nIl a un grand nez chocolat, et son petit visage rond pr\u00e9sente des zones de poils blancs sur le menton, le tour des yeux et les oreilles.<br \/>\nLe dessous de ses pattes gris clair, a un toucher tr\u00e8s doux en su\u00e9dine.<br \/>\n<strong>Kowtow<\/strong>\u00a0porte un cordon brun nou\u00e9 autour du cou.<\/p>\n<ul>\n<li><strong>Collection 2020 &#8211; Bear house Bears en peluche<\/strong><\/li>\n<li><strong>Taille de 24 cm<\/strong> &#8211;<\/li>\n<li>Non Articul\u00e9<\/li>\n<li>Cr\u00e9\u00e9 par Isabelle Lee (en association avec Charlotte Morris)<\/li>\n<li>Lavable en machine<\/li>\n<li>Recommand\u00e9 d\u00e8s l&rsquo;\u00e2ge de 18 Mois<\/li>\n<li>Test\u00e9 normes de s\u00e9curit\u00e9 europ\u00e9ennes EN71<\/li>\n<\/ul>\n","protected":false},"featured_media":3225,"comment_status":"open","ping_status":"closed","template":"","meta":{"_monsterinsights_skip_tracking":false,"_monsterinsights_sitenote_active":false,"_monsterinsights_sitenote_note":"","_monsterinsights_sitenote_category":0,"site-sidebar-layout":"default","site-content-layout":"default","ast-site-content-layout":"default","site-content-style":"default","site-sidebar-style":"default","ast-global-header-display":"","ast-banner-title-visibility":"","ast-main-header-display":"","ast-hfb-above-header-display":"","ast-hfb-below-header-display":"","ast-hfb-mobile-header-display":"","site-post-title":"","ast-breadcrumbs-content":"","ast-featured-img":"","footer-sml-layout":"","ast-disable-related-posts":"","theme-transparent-header-meta":"default","adv-header-id-meta":"","stick-header-meta":"","header-above-stick-meta":"","header-main-stick-meta":"","header-below-stick-meta":"","astra-migrate-meta-layouts":"set","ast-page-background-enabled":"default","ast-page-background-meta":{"desktop":{"background-color":"","background-image":"","background-repeat":"repeat","background-position":"center center","background-size":"auto","background-attachment":"scroll","background-type":"","background-media":"","overlay-type":"","overlay-color":"","overlay-opacity":"","overlay-gradient":""},"tablet":{"background-color":"","background-image":"","background-repeat":"repeat","background-position":"center center","background-size":"auto","background-attachment":"scroll","background-type":"","background-media":"","overlay-type":"","overlay-color":"","overlay-opacity":"","overlay-gradient":""},"mobile":{"background-color":"","background-image":"","background-repeat":"repeat","background-position":"center center","background-size":"auto","background-attachment":"scroll","background-type":"","background-media":"","overlay-type":"","overlay-color":"","overlay-opacity":"","overlay-gradient":""}},"ast-content-background-meta":{"desktop":{"background-color":"var(--ast-global-color-5)","background-image":"","background-repeat":"repeat","background-position":"center center","background-size":"auto","background-attachment":"scroll","background-type":"","background-media":"","overlay-type":"","overlay-color":"","overlay-opacity":"","overlay-gradient":""},"tablet":{"background-color":"var(--ast-global-color-5)","background-image":"","background-repeat":"repeat","background-position":"center center","background-size":"auto","background-attachment":"scroll","background-type":"","background-media":"","overlay-type":"","overlay-color":"","overlay-opacity":"","overlay-gradient":""},"mobile":{"background-color":"var(--ast-global-color-5)","background-image":"","background-repeat":"repeat","background-position":"center center","background-size":"auto","background-attachment":"scroll","background-type":"","background-media":"","overlay-type":"","overlay-color":"","overlay-opacity":"","overlay-gradient":""}}},"product_brand":[],"product_cat":[42,39,30,29],"product_tag":[],"class_list":{"0":"post-3224","1":"product","2":"type-product","3":"status-publish","4":"has-post-thumbnail","6":"product_cat-charlie-bears-peluches-collection","7":"product_cat-nos-marques","8":"product_cat-ours","9":"product_cat-collection","10":"product_shipping_class-peluches-grande-taille","11":"desktop-align-center","12":"tablet-align-left","13":"mobile-align-left","15":"first","16":"instock","17":"sale","18":"featured","19":"shipping-taxable","20":"purchasable","21":"product-type-simple"},"yoast_head":"<!-- This site is optimized with the Yoast SEO plugin v27.6 - https:\/\/yoast.com\/product\/yoast-seo-wordpress\/ -->\n<title>KOALA EN PELUCHE KOWTOW CHARLIE BEARS - Marielle au Pays des Ours | Vente en ligne de peluches<\/title>\n<meta name=\"robots\" content=\"index, follow, max-snippet:-1, max-image-preview:large, max-video-preview:-1\" \/>\n<link rel=\"canonical\" href=\"https:\/\/marielleaupaysdesours.fr\/index.php\/product\/koala-en-peluche-kowtow-charlie-bears\/\" \/>\n<meta property=\"og:locale\" content=\"fr_FR\" \/>\n<meta property=\"og:type\" content=\"article\" \/>\n<meta property=\"og:title\" content=\"KOALA EN PELUCHE KOWTOW CHARLIE BEARS - Marielle au Pays des Ours | Vente en ligne de peluches\" \/>\n<meta property=\"og:description\" content=\"Les Ours\u00a0Bear house\u00a0sont de d\u00e9licieux personnages\u00a0non articul\u00e9s de diff\u00e9rentes tailles qui ont \u00e9t\u00e9 cr\u00e9\u00e9s dans des mat\u00e9riaux en peluche douce et con\u00e7us pour plaire \u00e0 nos jeunes collectionneurs, bien qu&#039;ils soient \u00e9galement \u00e0 l&#039;aise dans les bras de nos collectionneurs adultes ! Ils sont\u00a0lavables en machine\u00a0et sont recommand\u00e9s pour nos collectionneurs\u00a0\u00e2g\u00e9s de 18 mois et plus.   Notre Koala Kowtow s&#039;int\u00e9grera \u00e0 merveille chez vous. Il est cousu \u00e0 partir d&#039;une luxueuse peluche grise \u00e0 pointes blanches, et une peluche blanche tr\u00e8s duveteuse (sur le ventre). Il a un grand nez chocolat, et son petit visage rond pr\u00e9sente des zones de poils blancs sur le menton, le tour des yeux et les oreilles. Le dessous de ses pattes gris clair, a un toucher tr\u00e8s doux en su\u00e9dine. Kowtow\u00a0porte un cordon brun nou\u00e9 autour du cou.   Collection 2020 - Bear house Bears en peluche  Taille de 24 cm -  Non Articul\u00e9  Cr\u00e9\u00e9 par Isabelle Lee (en association avec Charlotte Morris)  Lavable en machine  Recommand\u00e9 d\u00e8s l&#039;\u00e2ge de 18 Mois  Test\u00e9 normes de s\u00e9curit\u00e9 europ\u00e9ennes EN71\" \/>\n<meta property=\"og:url\" content=\"https:\/\/marielleaupaysdesours.fr\/index.php\/product\/koala-en-peluche-kowtow-charlie-bears\/\" \/>\n<meta property=\"og:site_name\" content=\"Marielle au Pays des Ours | Vente en ligne de peluches\" \/>\n<meta property=\"article:modified_time\" content=\"2025-11-04T17:04:14+00:00\" \/>\n<meta property=\"og:image\" content=\"https:\/\/marielleaupaysdesours.fr\/wp-content\/uploads\/2021\/05\/KOWTOW-scaled.jpg\" \/>\n\t<meta property=\"og:image:width\" content=\"1902\" \/>\n\t<meta property=\"og:image:height\" content=\"2560\" \/>\n\t<meta property=\"og:image:type\" content=\"image\/jpeg\" \/>\n<meta name=\"twitter:card\" content=\"summary_large_image\" \/>\n<meta name=\"twitter:label1\" content=\"Dur\u00e9e de lecture estim\u00e9e\" \/>\n\t<meta name=\"twitter:data1\" content=\"1 minute\" \/>\n<script type=\"application\/ld+json\" class=\"yoast-schema-graph\">{\"@context\":\"https:\\\/\\\/schema.org\",\"@graph\":[{\"@type\":\"WebPage\",\"@id\":\"https:\\\/\\\/marielleaupaysdesours.fr\\\/index.php\\\/product\\\/koala-en-peluche-kowtow-charlie-bears\\\/\",\"url\":\"https:\\\/\\\/marielleaupaysdesours.fr\\\/index.php\\\/product\\\/koala-en-peluche-kowtow-charlie-bears\\\/\",\"name\":\"KOALA EN PELUCHE KOWTOW CHARLIE BEARS - Marielle au Pays des Ours | Vente en ligne de peluches\",\"isPartOf\":{\"@id\":\"https:\\\/\\\/marielleaupaysdesours.fr\\\/#website\"},\"primaryImageOfPage\":{\"@id\":\"https:\\\/\\\/marielleaupaysdesours.fr\\\/index.php\\\/product\\\/koala-en-peluche-kowtow-charlie-bears\\\/#primaryimage\"},\"image\":{\"@id\":\"https:\\\/\\\/marielleaupaysdesours.fr\\\/index.php\\\/product\\\/koala-en-peluche-kowtow-charlie-bears\\\/#primaryimage\"},\"thumbnailUrl\":\"https:\\\/\\\/marielleaupaysdesours.fr\\\/wp-content\\\/uploads\\\/2021\\\/05\\\/KOWTOW-scaled.jpg\",\"datePublished\":\"2021-05-27T11:00:06+00:00\",\"dateModified\":\"2025-11-04T17:04:14+00:00\",\"breadcrumb\":{\"@id\":\"https:\\\/\\\/marielleaupaysdesours.fr\\\/index.php\\\/product\\\/koala-en-peluche-kowtow-charlie-bears\\\/#breadcrumb\"},\"inLanguage\":\"fr-FR\",\"potentialAction\":[{\"@type\":\"ReadAction\",\"target\":[\"https:\\\/\\\/marielleaupaysdesours.fr\\\/index.php\\\/product\\\/koala-en-peluche-kowtow-charlie-bears\\\/\"]}]},{\"@type\":\"ImageObject\",\"inLanguage\":\"fr-FR\",\"@id\":\"https:\\\/\\\/marielleaupaysdesours.fr\\\/index.php\\\/product\\\/koala-en-peluche-kowtow-charlie-bears\\\/#primaryimage\",\"url\":\"https:\\\/\\\/marielleaupaysdesours.fr\\\/wp-content\\\/uploads\\\/2021\\\/05\\\/KOWTOW-scaled.jpg\",\"contentUrl\":\"https:\\\/\\\/marielleaupaysdesours.fr\\\/wp-content\\\/uploads\\\/2021\\\/05\\\/KOWTOW-scaled.jpg\",\"width\":1902,\"height\":2560},{\"@type\":\"BreadcrumbList\",\"@id\":\"https:\\\/\\\/marielleaupaysdesours.fr\\\/index.php\\\/product\\\/koala-en-peluche-kowtow-charlie-bears\\\/#breadcrumb\",\"itemListElement\":[{\"@type\":\"ListItem\",\"position\":1,\"name\":\"Accueil\",\"item\":\"https:\\\/\\\/marielleaupaysdesours.fr\\\/\"},{\"@type\":\"ListItem\",\"position\":2,\"name\":\"Shop\",\"item\":\"https:\\\/\\\/marielleaupaysdesours.fr\\\/index.php\\\/shop\\\/\"},{\"@type\":\"ListItem\",\"position\":3,\"name\":\"KOALA EN PELUCHE KOWTOW CHARLIE BEARS\"}]},{\"@type\":\"WebSite\",\"@id\":\"https:\\\/\\\/marielleaupaysdesours.fr\\\/#website\",\"url\":\"https:\\\/\\\/marielleaupaysdesours.fr\\\/\",\"name\":\"Marielle au Pays des Ours | Vente en ligne de peluches\",\"description\":\"vente en ligne de peluches\",\"publisher\":{\"@id\":\"https:\\\/\\\/marielleaupaysdesours.fr\\\/#organization\"},\"potentialAction\":[{\"@type\":\"SearchAction\",\"target\":{\"@type\":\"EntryPoint\",\"urlTemplate\":\"https:\\\/\\\/marielleaupaysdesours.fr\\\/?s={search_term_string}\"},\"query-input\":{\"@type\":\"PropertyValueSpecification\",\"valueRequired\":true,\"valueName\":\"search_term_string\"}}],\"inLanguage\":\"fr-FR\"},{\"@type\":\"Organization\",\"@id\":\"https:\\\/\\\/marielleaupaysdesours.fr\\\/#organization\",\"name\":\"Marielle au Pays des Ours | Vente en ligne de peluches\",\"url\":\"https:\\\/\\\/marielleaupaysdesours.fr\\\/\",\"logo\":{\"@type\":\"ImageObject\",\"inLanguage\":\"fr-FR\",\"@id\":\"https:\\\/\\\/marielleaupaysdesours.fr\\\/#\\\/schema\\\/logo\\\/image\\\/\",\"url\":\"https:\\\/\\\/marielleaupaysdesours.fr\\\/wp-content\\\/uploads\\\/2020\\\/10\\\/logo-marielle-light.jpg\",\"contentUrl\":\"https:\\\/\\\/marielleaupaysdesours.fr\\\/wp-content\\\/uploads\\\/2020\\\/10\\\/logo-marielle-light.jpg\",\"width\":500,\"height\":500,\"caption\":\"Marielle au Pays des Ours | Vente en ligne de peluches\"},\"image\":{\"@id\":\"https:\\\/\\\/marielleaupaysdesours.fr\\\/#\\\/schema\\\/logo\\\/image\\\/\"}}]}<\/script>\n<!-- \/ Yoast SEO plugin. -->","yoast_head_json":{"title":"KOALA EN PELUCHE KOWTOW CHARLIE BEARS - Marielle au Pays des Ours | Vente en ligne de peluches","robots":{"index":"index","follow":"follow","max-snippet":"max-snippet:-1","max-image-preview":"max-image-preview:large","max-video-preview":"max-video-preview:-1"},"canonical":"https:\/\/marielleaupaysdesours.fr\/index.php\/product\/koala-en-peluche-kowtow-charlie-bears\/","og_locale":"fr_FR","og_type":"article","og_title":"KOALA EN PELUCHE KOWTOW CHARLIE BEARS - Marielle au Pays des Ours | Vente en ligne de peluches","og_description":"Les Ours\u00a0Bear house\u00a0sont de d\u00e9licieux personnages\u00a0non articul\u00e9s de diff\u00e9rentes tailles qui ont \u00e9t\u00e9 cr\u00e9\u00e9s dans des mat\u00e9riaux en peluche douce et con\u00e7us pour plaire \u00e0 nos jeunes collectionneurs, bien qu'ils soient \u00e9galement \u00e0 l'aise dans les bras de nos collectionneurs adultes ! Ils sont\u00a0lavables en machine\u00a0et sont recommand\u00e9s pour nos collectionneurs\u00a0\u00e2g\u00e9s de 18 mois et plus.   Notre Koala Kowtow s'int\u00e9grera \u00e0 merveille chez vous. Il est cousu \u00e0 partir d'une luxueuse peluche grise \u00e0 pointes blanches, et une peluche blanche tr\u00e8s duveteuse (sur le ventre). Il a un grand nez chocolat, et son petit visage rond pr\u00e9sente des zones de poils blancs sur le menton, le tour des yeux et les oreilles. Le dessous de ses pattes gris clair, a un toucher tr\u00e8s doux en su\u00e9dine. Kowtow\u00a0porte un cordon brun nou\u00e9 autour du cou.   Collection 2020 - Bear house Bears en peluche  Taille de 24 cm -  Non Articul\u00e9  Cr\u00e9\u00e9 par Isabelle Lee (en association avec Charlotte Morris)  Lavable en machine  Recommand\u00e9 d\u00e8s l'\u00e2ge de 18 Mois  Test\u00e9 normes de s\u00e9curit\u00e9 europ\u00e9ennes EN71","og_url":"https:\/\/marielleaupaysdesours.fr\/index.php\/product\/koala-en-peluche-kowtow-charlie-bears\/","og_site_name":"Marielle au Pays des Ours | Vente en ligne de peluches","article_modified_time":"2025-11-04T17:04:14+00:00","og_image":[{"width":1902,"height":2560,"url":"https:\/\/marielleaupaysdesours.fr\/wp-content\/uploads\/2021\/05\/KOWTOW-scaled.jpg","type":"image\/jpeg"}],"twitter_card":"summary_large_image","twitter_misc":{"Dur\u00e9e de lecture estim\u00e9e":"1 minute"},"schema":{"@context":"https:\/\/schema.org","@graph":[{"@type":"WebPage","@id":"https:\/\/marielleaupaysdesours.fr\/index.php\/product\/koala-en-peluche-kowtow-charlie-bears\/","url":"https:\/\/marielleaupaysdesours.fr\/index.php\/product\/koala-en-peluche-kowtow-charlie-bears\/","name":"KOALA EN PELUCHE KOWTOW CHARLIE BEARS - Marielle au Pays des Ours | Vente en ligne de peluches","isPartOf":{"@id":"https:\/\/marielleaupaysdesours.fr\/#website"},"primaryImageOfPage":{"@id":"https:\/\/marielleaupaysdesours.fr\/index.php\/product\/koala-en-peluche-kowtow-charlie-bears\/#primaryimage"},"image":{"@id":"https:\/\/marielleaupaysdesours.fr\/index.php\/product\/koala-en-peluche-kowtow-charlie-bears\/#primaryimage"},"thumbnailUrl":"https:\/\/marielleaupaysdesours.fr\/wp-content\/uploads\/2021\/05\/KOWTOW-scaled.jpg","datePublished":"2021-05-27T11:00:06+00:00","dateModified":"2025-11-04T17:04:14+00:00","breadcrumb":{"@id":"https:\/\/marielleaupaysdesours.fr\/index.php\/product\/koala-en-peluche-kowtow-charlie-bears\/#breadcrumb"},"inLanguage":"fr-FR","potentialAction":[{"@type":"ReadAction","target":["https:\/\/marielleaupaysdesours.fr\/index.php\/product\/koala-en-peluche-kowtow-charlie-bears\/"]}]},{"@type":"ImageObject","inLanguage":"fr-FR","@id":"https:\/\/marielleaupaysdesours.fr\/index.php\/product\/koala-en-peluche-kowtow-charlie-bears\/#primaryimage","url":"https:\/\/marielleaupaysdesours.fr\/wp-content\/uploads\/2021\/05\/KOWTOW-scaled.jpg","contentUrl":"https:\/\/marielleaupaysdesours.fr\/wp-content\/uploads\/2021\/05\/KOWTOW-scaled.jpg","width":1902,"height":2560},{"@type":"BreadcrumbList","@id":"https:\/\/marielleaupaysdesours.fr\/index.php\/product\/koala-en-peluche-kowtow-charlie-bears\/#breadcrumb","itemListElement":[{"@type":"ListItem","position":1,"name":"Accueil","item":"https:\/\/marielleaupaysdesours.fr\/"},{"@type":"ListItem","position":2,"name":"Shop","item":"https:\/\/marielleaupaysdesours.fr\/index.php\/shop\/"},{"@type":"ListItem","position":3,"name":"KOALA EN PELUCHE KOWTOW CHARLIE BEARS"}]},{"@type":"WebSite","@id":"https:\/\/marielleaupaysdesours.fr\/#website","url":"https:\/\/marielleaupaysdesours.fr\/","name":"Marielle au Pays des Ours | Vente en ligne de peluches","description":"vente en ligne de peluches","publisher":{"@id":"https:\/\/marielleaupaysdesours.fr\/#organization"},"potentialAction":[{"@type":"SearchAction","target":{"@type":"EntryPoint","urlTemplate":"https:\/\/marielleaupaysdesours.fr\/?s={search_term_string}"},"query-input":{"@type":"PropertyValueSpecification","valueRequired":true,"valueName":"search_term_string"}}],"inLanguage":"fr-FR"},{"@type":"Organization","@id":"https:\/\/marielleaupaysdesours.fr\/#organization","name":"Marielle au Pays des Ours | Vente en ligne de peluches","url":"https:\/\/marielleaupaysdesours.fr\/","logo":{"@type":"ImageObject","inLanguage":"fr-FR","@id":"https:\/\/marielleaupaysdesours.fr\/#\/schema\/logo\/image\/","url":"https:\/\/marielleaupaysdesours.fr\/wp-content\/uploads\/2020\/10\/logo-marielle-light.jpg","contentUrl":"https:\/\/marielleaupaysdesours.fr\/wp-content\/uploads\/2020\/10\/logo-marielle-light.jpg","width":500,"height":500,"caption":"Marielle au Pays des Ours | Vente en ligne de peluches"},"image":{"@id":"https:\/\/marielleaupaysdesours.fr\/#\/schema\/logo\/image\/"}}]}},"jetpack_sharing_enabled":true,"_links":{"self":[{"href":"https:\/\/marielleaupaysdesours.fr\/index.php\/wp-json\/wp\/v2\/product\/3224","targetHints":{"allow":["GET"]}}],"collection":[{"href":"https:\/\/marielleaupaysdesours.fr\/index.php\/wp-json\/wp\/v2\/product"}],"about":[{"href":"https:\/\/marielleaupaysdesours.fr\/index.php\/wp-json\/wp\/v2\/types\/product"}],"replies":[{"embeddable":true,"href":"https:\/\/marielleaupaysdesours.fr\/index.php\/wp-json\/wp\/v2\/comments?post=3224"}],"version-history":[{"count":1,"href":"https:\/\/marielleaupaysdesours.fr\/index.php\/wp-json\/wp\/v2\/product\/3224\/revisions"}],"predecessor-version":[{"id":3226,"href":"https:\/\/marielleaupaysdesours.fr\/index.php\/wp-json\/wp\/v2\/product\/3224\/revisions\/3226"}],"wp:featuredmedia":[{"embeddable":true,"href":"https:\/\/marielleaupaysdesours.fr\/index.php\/wp-json\/wp\/v2\/media\/3225"}],"wp:attachment":[{"href":"https:\/\/marielleaupaysdesours.fr\/index.php\/wp-json\/wp\/v2\/media?parent=3224"}],"wp:term":[{"taxonomy":"product_brand","embeddable":true,"href":"https:\/\/marielleaupaysdesours.fr\/index.php\/wp-json\/wp\/v2\/product_brand?post=3224"},{"taxonomy":"product_cat","embeddable":true,"href":"https:\/\/marielleaupaysdesours.fr\/index.php\/wp-json\/wp\/v2\/product_cat?post=3224"},{"taxonomy":"product_tag","embeddable":true,"href":"https:\/\/marielleaupaysdesours.fr\/index.php\/wp-json\/wp\/v2\/product_tag?post=3224"}],"curies":[{"name":"wp","href":"https:\/\/api.w.org\/{rel}","templated":true}]}}