{"id":2987,"date":"2021-02-14T15:12:10","date_gmt":"2021-02-14T14:12:10","guid":{"rendered":"https:\/\/marielleaupaysdesours.fr\/?post_type=product&#038;p=2987"},"modified":"2025-03-25T13:15:40","modified_gmt":"2025-03-25T12:15:40","slug":"peluche-chat-macieck-bukowski-30-cm","status":"publish","type":"product","link":"https:\/\/marielleaupaysdesours.fr\/index.php\/product\/peluche-chat-macieck-bukowski-30-cm\/","title":{"rendered":"PELUCHE CHAT MACIECK  BUKOWSKI 25 CM"},"content":{"rendered":"<p>Taille 30 cm<\/p>\n<p>A partir de 6 mois<\/p>\n<p>Laver \u00e0 30\u00b0<\/p>\n<p>Norme CE<\/p>\n","protected":false},"excerpt":{"rendered":"<p>Ce petit CHAT adorable s&rsquo;appelle MACIECK, il mesure 30cm et est absolument craquant avec son petit bout de nez CHOCOLAT, son pelage est gris tigr\u00e9. De plus il est d&rsquo;une douceur incroyable. Il saura satisfaire les petits comme les grands en qu\u00eate de douceur \u00e0 tout heure de la journ\u00e9e.<\/p>\n","protected":false},"featured_media":2988,"comment_status":"open","ping_status":"closed","template":"","meta":{"_monsterinsights_skip_tracking":false,"_monsterinsights_sitenote_active":false,"_monsterinsights_sitenote_note":"","_monsterinsights_sitenote_category":0,"site-sidebar-layout":"default","site-content-layout":"default","ast-site-content-layout":"default","site-content-style":"default","site-sidebar-style":"default","ast-global-header-display":"","ast-banner-title-visibility":"","ast-main-header-display":"","ast-hfb-above-header-display":"","ast-hfb-below-header-display":"","ast-hfb-mobile-header-display":"","site-post-title":"","ast-breadcrumbs-content":"","ast-featured-img":"","footer-sml-layout":"","ast-disable-related-posts":"","theme-transparent-header-meta":"default","adv-header-id-meta":"","stick-header-meta":"","header-above-stick-meta":"","header-main-stick-meta":"","header-below-stick-meta":"","astra-migrate-meta-layouts":"default","ast-page-background-enabled":"default","ast-page-background-meta":{"desktop":{"background-color":"","background-image":"","background-repeat":"repeat","background-position":"center center","background-size":"auto","background-attachment":"scroll","background-type":"","background-media":"","overlay-type":"","overlay-color":"","overlay-opacity":"","overlay-gradient":""},"tablet":{"background-color":"","background-image":"","background-repeat":"repeat","background-position":"center center","background-size":"auto","background-attachment":"scroll","background-type":"","background-media":"","overlay-type":"","overlay-color":"","overlay-opacity":"","overlay-gradient":""},"mobile":{"background-color":"","background-image":"","background-repeat":"repeat","background-position":"center center","background-size":"auto","background-attachment":"scroll","background-type":"","background-media":"","overlay-type":"","overlay-color":"","overlay-opacity":"","overlay-gradient":""}},"ast-content-background-meta":{"desktop":{"background-color":"var(--ast-global-color-5)","background-image":"","background-repeat":"repeat","background-position":"center center","background-size":"auto","background-attachment":"scroll","background-type":"","background-media":"","overlay-type":"","overlay-color":"","overlay-opacity":"","overlay-gradient":""},"tablet":{"background-color":"var(--ast-global-color-5)","background-image":"","background-repeat":"repeat","background-position":"center center","background-size":"auto","background-attachment":"scroll","background-type":"","background-media":"","overlay-type":"","overlay-color":"","overlay-opacity":"","overlay-gradient":""},"mobile":{"background-color":"var(--ast-global-color-5)","background-image":"","background-repeat":"repeat","background-position":"center center","background-size":"auto","background-attachment":"scroll","background-type":"","background-media":"","overlay-type":"","overlay-color":"","overlay-opacity":"","overlay-gradient":""}}},"product_brand":[],"product_cat":[33,41,28],"product_tag":[],"class_list":{"0":"post-2987","1":"product","2":"type-product","3":"status-publish","4":"has-post-thumbnail","6":"product_cat-animaux-de-compagnie","7":"product_cat-bukowski","8":"product_cat-peluches","9":"product_shipping_class-4-80","10":"desktop-align-center","11":"tablet-align-left","12":"mobile-align-left","14":"first","15":"instock","16":"shipping-taxable","17":"purchasable","18":"product-type-simple"},"yoast_head":"<!-- This site is optimized with the Yoast SEO plugin v27.3 - https:\/\/yoast.com\/product\/yoast-seo-wordpress\/ -->\n<title>PELUCHE CHAT MACIECK BUKOWSKI 25 CM - Marielle au Pays des Ours | Vente en ligne de peluches<\/title>\n<meta name=\"robots\" content=\"index, follow, max-snippet:-1, max-image-preview:large, max-video-preview:-1\" \/>\n<link rel=\"canonical\" href=\"https:\/\/marielleaupaysdesours.fr\/index.php\/product\/peluche-chat-macieck-bukowski-30-cm\/\" \/>\n<meta property=\"og:locale\" content=\"fr_FR\" \/>\n<meta property=\"og:type\" content=\"article\" \/>\n<meta property=\"og:title\" content=\"PELUCHE CHAT MACIECK BUKOWSKI 25 CM - Marielle au Pays des Ours | Vente en ligne de peluches\" \/>\n<meta property=\"og:description\" content=\"Ce petit CHAT adorable s&#039;appelle MACIECK, il mesure 30cm et est absolument craquant avec son petit bout de nez CHOCOLAT, son pelage est gris tigr\u00e9. De plus il est d&#039;une douceur incroyable. Il saura satisfaire les petits comme les grands en qu\u00eate de douceur \u00e0 tout heure de la journ\u00e9e.\" \/>\n<meta property=\"og:url\" content=\"https:\/\/marielleaupaysdesours.fr\/index.php\/product\/peluche-chat-macieck-bukowski-30-cm\/\" \/>\n<meta property=\"og:site_name\" content=\"Marielle au Pays des Ours | Vente en ligne de peluches\" \/>\n<meta property=\"article:modified_time\" content=\"2025-03-25T12:15:40+00:00\" \/>\n<meta property=\"og:image\" content=\"https:\/\/marielleaupaysdesours.fr\/wp-content\/uploads\/2021\/02\/bebe_peluche-bukowski-le-chat-sweet-maciek_33242.jpg\" \/>\n\t<meta property=\"og:image:width\" content=\"763\" \/>\n\t<meta property=\"og:image:height\" content=\"800\" \/>\n\t<meta property=\"og:image:type\" content=\"image\/jpeg\" \/>\n<meta name=\"twitter:card\" content=\"summary_large_image\" \/>\n<meta name=\"twitter:label1\" content=\"Dur\u00e9e de lecture estim\u00e9e\" \/>\n\t<meta name=\"twitter:data1\" content=\"1 minute\" \/>\n<script type=\"application\/ld+json\" class=\"yoast-schema-graph\">{\"@context\":\"https:\\\/\\\/schema.org\",\"@graph\":[{\"@type\":\"WebPage\",\"@id\":\"https:\\\/\\\/marielleaupaysdesours.fr\\\/index.php\\\/product\\\/peluche-chat-macieck-bukowski-30-cm\\\/\",\"url\":\"https:\\\/\\\/marielleaupaysdesours.fr\\\/index.php\\\/product\\\/peluche-chat-macieck-bukowski-30-cm\\\/\",\"name\":\"PELUCHE CHAT MACIECK BUKOWSKI 25 CM - Marielle au Pays des Ours | Vente en ligne de peluches\",\"isPartOf\":{\"@id\":\"https:\\\/\\\/marielleaupaysdesours.fr\\\/#website\"},\"primaryImageOfPage\":{\"@id\":\"https:\\\/\\\/marielleaupaysdesours.fr\\\/index.php\\\/product\\\/peluche-chat-macieck-bukowski-30-cm\\\/#primaryimage\"},\"image\":{\"@id\":\"https:\\\/\\\/marielleaupaysdesours.fr\\\/index.php\\\/product\\\/peluche-chat-macieck-bukowski-30-cm\\\/#primaryimage\"},\"thumbnailUrl\":\"https:\\\/\\\/marielleaupaysdesours.fr\\\/wp-content\\\/uploads\\\/2021\\\/02\\\/bebe_peluche-bukowski-le-chat-sweet-maciek_33242.jpg\",\"datePublished\":\"2021-02-14T14:12:10+00:00\",\"dateModified\":\"2025-03-25T12:15:40+00:00\",\"breadcrumb\":{\"@id\":\"https:\\\/\\\/marielleaupaysdesours.fr\\\/index.php\\\/product\\\/peluche-chat-macieck-bukowski-30-cm\\\/#breadcrumb\"},\"inLanguage\":\"fr-FR\",\"potentialAction\":[{\"@type\":\"ReadAction\",\"target\":[\"https:\\\/\\\/marielleaupaysdesours.fr\\\/index.php\\\/product\\\/peluche-chat-macieck-bukowski-30-cm\\\/\"]}]},{\"@type\":\"ImageObject\",\"inLanguage\":\"fr-FR\",\"@id\":\"https:\\\/\\\/marielleaupaysdesours.fr\\\/index.php\\\/product\\\/peluche-chat-macieck-bukowski-30-cm\\\/#primaryimage\",\"url\":\"https:\\\/\\\/marielleaupaysdesours.fr\\\/wp-content\\\/uploads\\\/2021\\\/02\\\/bebe_peluche-bukowski-le-chat-sweet-maciek_33242.jpg\",\"contentUrl\":\"https:\\\/\\\/marielleaupaysdesours.fr\\\/wp-content\\\/uploads\\\/2021\\\/02\\\/bebe_peluche-bukowski-le-chat-sweet-maciek_33242.jpg\",\"width\":763,\"height\":800},{\"@type\":\"BreadcrumbList\",\"@id\":\"https:\\\/\\\/marielleaupaysdesours.fr\\\/index.php\\\/product\\\/peluche-chat-macieck-bukowski-30-cm\\\/#breadcrumb\",\"itemListElement\":[{\"@type\":\"ListItem\",\"position\":1,\"name\":\"Accueil\",\"item\":\"https:\\\/\\\/marielleaupaysdesours.fr\\\/\"},{\"@type\":\"ListItem\",\"position\":2,\"name\":\"Shop\",\"item\":\"https:\\\/\\\/marielleaupaysdesours.fr\\\/index.php\\\/shop\\\/\"},{\"@type\":\"ListItem\",\"position\":3,\"name\":\"PELUCHE CHAT MACIECK BUKOWSKI 25 CM\"}]},{\"@type\":\"WebSite\",\"@id\":\"https:\\\/\\\/marielleaupaysdesours.fr\\\/#website\",\"url\":\"https:\\\/\\\/marielleaupaysdesours.fr\\\/\",\"name\":\"Marielle au Pays des Ours | Vente en ligne de peluches\",\"description\":\"vente en ligne de peluches\",\"publisher\":{\"@id\":\"https:\\\/\\\/marielleaupaysdesours.fr\\\/#organization\"},\"potentialAction\":[{\"@type\":\"SearchAction\",\"target\":{\"@type\":\"EntryPoint\",\"urlTemplate\":\"https:\\\/\\\/marielleaupaysdesours.fr\\\/?s={search_term_string}\"},\"query-input\":{\"@type\":\"PropertyValueSpecification\",\"valueRequired\":true,\"valueName\":\"search_term_string\"}}],\"inLanguage\":\"fr-FR\"},{\"@type\":\"Organization\",\"@id\":\"https:\\\/\\\/marielleaupaysdesours.fr\\\/#organization\",\"name\":\"Marielle au Pays des Ours | Vente en ligne de peluches\",\"url\":\"https:\\\/\\\/marielleaupaysdesours.fr\\\/\",\"logo\":{\"@type\":\"ImageObject\",\"inLanguage\":\"fr-FR\",\"@id\":\"https:\\\/\\\/marielleaupaysdesours.fr\\\/#\\\/schema\\\/logo\\\/image\\\/\",\"url\":\"https:\\\/\\\/marielleaupaysdesours.fr\\\/wp-content\\\/uploads\\\/2020\\\/10\\\/logo-marielle-light.jpg\",\"contentUrl\":\"https:\\\/\\\/marielleaupaysdesours.fr\\\/wp-content\\\/uploads\\\/2020\\\/10\\\/logo-marielle-light.jpg\",\"width\":500,\"height\":500,\"caption\":\"Marielle au Pays des Ours | Vente en ligne de peluches\"},\"image\":{\"@id\":\"https:\\\/\\\/marielleaupaysdesours.fr\\\/#\\\/schema\\\/logo\\\/image\\\/\"}}]}<\/script>\n<!-- \/ Yoast SEO plugin. -->","yoast_head_json":{"title":"PELUCHE CHAT MACIECK BUKOWSKI 25 CM - Marielle au Pays des Ours | Vente en ligne de peluches","robots":{"index":"index","follow":"follow","max-snippet":"max-snippet:-1","max-image-preview":"max-image-preview:large","max-video-preview":"max-video-preview:-1"},"canonical":"https:\/\/marielleaupaysdesours.fr\/index.php\/product\/peluche-chat-macieck-bukowski-30-cm\/","og_locale":"fr_FR","og_type":"article","og_title":"PELUCHE CHAT MACIECK BUKOWSKI 25 CM - Marielle au Pays des Ours | Vente en ligne de peluches","og_description":"Ce petit CHAT adorable s'appelle MACIECK, il mesure 30cm et est absolument craquant avec son petit bout de nez CHOCOLAT, son pelage est gris tigr\u00e9. De plus il est d'une douceur incroyable. Il saura satisfaire les petits comme les grands en qu\u00eate de douceur \u00e0 tout heure de la journ\u00e9e.","og_url":"https:\/\/marielleaupaysdesours.fr\/index.php\/product\/peluche-chat-macieck-bukowski-30-cm\/","og_site_name":"Marielle au Pays des Ours | Vente en ligne de peluches","article_modified_time":"2025-03-25T12:15:40+00:00","og_image":[{"width":763,"height":800,"url":"https:\/\/marielleaupaysdesours.fr\/wp-content\/uploads\/2021\/02\/bebe_peluche-bukowski-le-chat-sweet-maciek_33242.jpg","type":"image\/jpeg"}],"twitter_card":"summary_large_image","twitter_misc":{"Dur\u00e9e de lecture estim\u00e9e":"1 minute"},"schema":{"@context":"https:\/\/schema.org","@graph":[{"@type":"WebPage","@id":"https:\/\/marielleaupaysdesours.fr\/index.php\/product\/peluche-chat-macieck-bukowski-30-cm\/","url":"https:\/\/marielleaupaysdesours.fr\/index.php\/product\/peluche-chat-macieck-bukowski-30-cm\/","name":"PELUCHE CHAT MACIECK BUKOWSKI 25 CM - Marielle au Pays des Ours | Vente en ligne de peluches","isPartOf":{"@id":"https:\/\/marielleaupaysdesours.fr\/#website"},"primaryImageOfPage":{"@id":"https:\/\/marielleaupaysdesours.fr\/index.php\/product\/peluche-chat-macieck-bukowski-30-cm\/#primaryimage"},"image":{"@id":"https:\/\/marielleaupaysdesours.fr\/index.php\/product\/peluche-chat-macieck-bukowski-30-cm\/#primaryimage"},"thumbnailUrl":"https:\/\/marielleaupaysdesours.fr\/wp-content\/uploads\/2021\/02\/bebe_peluche-bukowski-le-chat-sweet-maciek_33242.jpg","datePublished":"2021-02-14T14:12:10+00:00","dateModified":"2025-03-25T12:15:40+00:00","breadcrumb":{"@id":"https:\/\/marielleaupaysdesours.fr\/index.php\/product\/peluche-chat-macieck-bukowski-30-cm\/#breadcrumb"},"inLanguage":"fr-FR","potentialAction":[{"@type":"ReadAction","target":["https:\/\/marielleaupaysdesours.fr\/index.php\/product\/peluche-chat-macieck-bukowski-30-cm\/"]}]},{"@type":"ImageObject","inLanguage":"fr-FR","@id":"https:\/\/marielleaupaysdesours.fr\/index.php\/product\/peluche-chat-macieck-bukowski-30-cm\/#primaryimage","url":"https:\/\/marielleaupaysdesours.fr\/wp-content\/uploads\/2021\/02\/bebe_peluche-bukowski-le-chat-sweet-maciek_33242.jpg","contentUrl":"https:\/\/marielleaupaysdesours.fr\/wp-content\/uploads\/2021\/02\/bebe_peluche-bukowski-le-chat-sweet-maciek_33242.jpg","width":763,"height":800},{"@type":"BreadcrumbList","@id":"https:\/\/marielleaupaysdesours.fr\/index.php\/product\/peluche-chat-macieck-bukowski-30-cm\/#breadcrumb","itemListElement":[{"@type":"ListItem","position":1,"name":"Accueil","item":"https:\/\/marielleaupaysdesours.fr\/"},{"@type":"ListItem","position":2,"name":"Shop","item":"https:\/\/marielleaupaysdesours.fr\/index.php\/shop\/"},{"@type":"ListItem","position":3,"name":"PELUCHE CHAT MACIECK BUKOWSKI 25 CM"}]},{"@type":"WebSite","@id":"https:\/\/marielleaupaysdesours.fr\/#website","url":"https:\/\/marielleaupaysdesours.fr\/","name":"Marielle au Pays des Ours | Vente en ligne de peluches","description":"vente en ligne de peluches","publisher":{"@id":"https:\/\/marielleaupaysdesours.fr\/#organization"},"potentialAction":[{"@type":"SearchAction","target":{"@type":"EntryPoint","urlTemplate":"https:\/\/marielleaupaysdesours.fr\/?s={search_term_string}"},"query-input":{"@type":"PropertyValueSpecification","valueRequired":true,"valueName":"search_term_string"}}],"inLanguage":"fr-FR"},{"@type":"Organization","@id":"https:\/\/marielleaupaysdesours.fr\/#organization","name":"Marielle au Pays des Ours | Vente en ligne de peluches","url":"https:\/\/marielleaupaysdesours.fr\/","logo":{"@type":"ImageObject","inLanguage":"fr-FR","@id":"https:\/\/marielleaupaysdesours.fr\/#\/schema\/logo\/image\/","url":"https:\/\/marielleaupaysdesours.fr\/wp-content\/uploads\/2020\/10\/logo-marielle-light.jpg","contentUrl":"https:\/\/marielleaupaysdesours.fr\/wp-content\/uploads\/2020\/10\/logo-marielle-light.jpg","width":500,"height":500,"caption":"Marielle au Pays des Ours | Vente en ligne de peluches"},"image":{"@id":"https:\/\/marielleaupaysdesours.fr\/#\/schema\/logo\/image\/"}}]}},"jetpack_sharing_enabled":true,"_links":{"self":[{"href":"https:\/\/marielleaupaysdesours.fr\/index.php\/wp-json\/wp\/v2\/product\/2987","targetHints":{"allow":["GET"]}}],"collection":[{"href":"https:\/\/marielleaupaysdesours.fr\/index.php\/wp-json\/wp\/v2\/product"}],"about":[{"href":"https:\/\/marielleaupaysdesours.fr\/index.php\/wp-json\/wp\/v2\/types\/product"}],"replies":[{"embeddable":true,"href":"https:\/\/marielleaupaysdesours.fr\/index.php\/wp-json\/wp\/v2\/comments?post=2987"}],"version-history":[{"count":2,"href":"https:\/\/marielleaupaysdesours.fr\/index.php\/wp-json\/wp\/v2\/product\/2987\/revisions"}],"predecessor-version":[{"id":4744,"href":"https:\/\/marielleaupaysdesours.fr\/index.php\/wp-json\/wp\/v2\/product\/2987\/revisions\/4744"}],"wp:featuredmedia":[{"embeddable":true,"href":"https:\/\/marielleaupaysdesours.fr\/index.php\/wp-json\/wp\/v2\/media\/2988"}],"wp:attachment":[{"href":"https:\/\/marielleaupaysdesours.fr\/index.php\/wp-json\/wp\/v2\/media?parent=2987"}],"wp:term":[{"taxonomy":"product_brand","embeddable":true,"href":"https:\/\/marielleaupaysdesours.fr\/index.php\/wp-json\/wp\/v2\/product_brand?post=2987"},{"taxonomy":"product_cat","embeddable":true,"href":"https:\/\/marielleaupaysdesours.fr\/index.php\/wp-json\/wp\/v2\/product_cat?post=2987"},{"taxonomy":"product_tag","embeddable":true,"href":"https:\/\/marielleaupaysdesours.fr\/index.php\/wp-json\/wp\/v2\/product_tag?post=2987"}],"curies":[{"name":"wp","href":"https:\/\/api.w.org\/{rel}","templated":true}]}}