{"id":1238,"date":"2020-10-07T19:38:20","date_gmt":"2020-10-07T17:38:20","guid":{"rendered":"https:\/\/marielleaupaysdesours.fr\/?post_type=product&#038;p=1238"},"modified":"2025-12-05T21:15:04","modified_gmt":"2025-12-05T20:15:04","slug":"peluche-jie-jie-panda-bukowski","status":"publish","type":"product","link":"https:\/\/marielleaupaysdesours.fr\/index.php\/product\/peluche-jie-jie-panda-bukowski\/","title":{"rendered":"PELUCHE JIE JIE PANDA 40 CM BUKOWSKI"},"content":{"rendered":"<p>D\u00e9couvrez <strong>Jie Jie<\/strong> est un joli <strong>panda<\/strong> de 40 cm fabriqu\u00e9 par la maison <a href=\"https:\/\/marielleaupaysdesours.fr\/index.php\/peluches-bukowski\/\"><strong>Bukowski<\/strong><\/a>, son ventre est bien dodu, et sa robe tr\u00e8s r\u00e9aliste est proche de celle des panda dans la nature, d&rsquo;une extr\u00eame douceur cette peluche saura r\u00e9conforter petits et grands. Convient au plus petits a partir de 6 mois ,elle est lavable \u00e0 30. <a href=\"https:\/\/marielleaupaysdesours.fr\/index.php\/peluches-bukowski\/\"><strong>Bukowski<\/strong> <\/a>propose une large gamme de produits de qualit\u00e9.<\/p>\n<h5>Besoin de plus d&rsquo;informations sur la peluche Panda Jie Jie de chez Bukowski ? Contactez-nous !<\/h5>\n<p>&nbsp;<\/p>\n<p>Chez <em><strong>Marielle au pays des Ours<\/strong><\/em> nous souhaitons avant tout partager avec vous notre amour et notre passion pour les <strong>peluches<\/strong>. Ainsi, si vous avez la moindre question concernant la <strong>peluche Panda Jie Jie de chez \u00ab\u00a0Bukowski\u00a0\u00bb<\/strong>\u00a0vous pouvez nous contacter, soit directement par t\u00e9l\u00e9phone 06.63.69.20.99 ou directement via le <a href=\"https:\/\/marielleaupaysdesours.fr\/index.php\/contact-us\/\">formulaire de contact<\/a>.<\/p>\n<p>&nbsp;<\/p>\n<p>.Taille 40 cm.<\/p>\n<p>.Lavable \u00e0 30\u00b0.<\/p>\n<p>.A partir de 6 mois .<\/p>\n<p>.Norme CE.<\/p>\n","protected":false},"excerpt":{"rendered":"<p><strong>Jie Jie<\/strong> est un joli <strong>panda<\/strong> de 40 cm, son ventre est bien dodu, et sa robe tr\u00e8s r\u00e9aliste est proche de celle des panda dans la nature, d&rsquo;une extr\u00eame douceur cette <strong>peluche<\/strong> saura r\u00e9conforter petits et grands. Convient au plus petits a partir de 6 mois ,elle est lavable \u00e0 30. <a href=\"https:\/\/marielleaupaysdesours.fr\/index.php\/peluches-bukowski\/\">Bukowski<\/a> propose une large gamme de produits de qualit\u00e9.<\/p>\n","protected":false},"featured_media":2362,"comment_status":"open","ping_status":"closed","template":"","meta":{"_monsterinsights_skip_tracking":false,"_monsterinsights_sitenote_active":false,"_monsterinsights_sitenote_note":"","_monsterinsights_sitenote_category":0,"site-sidebar-layout":"default","site-content-layout":"default","ast-site-content-layout":"default","site-content-style":"default","site-sidebar-style":"default","ast-global-header-display":"","ast-banner-title-visibility":"","ast-main-header-display":"","ast-hfb-above-header-display":"","ast-hfb-below-header-display":"","ast-hfb-mobile-header-display":"","site-post-title":"","ast-breadcrumbs-content":"","ast-featured-img":"","footer-sml-layout":"","ast-disable-related-posts":"","theme-transparent-header-meta":"default","adv-header-id-meta":"","stick-header-meta":"","header-above-stick-meta":"","header-main-stick-meta":"","header-below-stick-meta":"","astra-migrate-meta-layouts":"default","ast-page-background-enabled":"default","ast-page-background-meta":{"desktop":{"background-color":"","background-image":"","background-repeat":"repeat","background-position":"center center","background-size":"auto","background-attachment":"scroll","background-type":"","background-media":"","overlay-type":"","overlay-color":"","overlay-opacity":"","overlay-gradient":""},"tablet":{"background-color":"","background-image":"","background-repeat":"repeat","background-position":"center center","background-size":"auto","background-attachment":"scroll","background-type":"","background-media":"","overlay-type":"","overlay-color":"","overlay-opacity":"","overlay-gradient":""},"mobile":{"background-color":"","background-image":"","background-repeat":"repeat","background-position":"center center","background-size":"auto","background-attachment":"scroll","background-type":"","background-media":"","overlay-type":"","overlay-color":"","overlay-opacity":"","overlay-gradient":""}},"ast-content-background-meta":{"desktop":{"background-color":"var(--ast-global-color-5)","background-image":"","background-repeat":"repeat","background-position":"center center","background-size":"auto","background-attachment":"scroll","background-type":"","background-media":"","overlay-type":"","overlay-color":"","overlay-opacity":"","overlay-gradient":""},"tablet":{"background-color":"var(--ast-global-color-5)","background-image":"","background-repeat":"repeat","background-position":"center center","background-size":"auto","background-attachment":"scroll","background-type":"","background-media":"","overlay-type":"","overlay-color":"","overlay-opacity":"","overlay-gradient":""},"mobile":{"background-color":"var(--ast-global-color-5)","background-image":"","background-repeat":"repeat","background-position":"center center","background-size":"auto","background-attachment":"scroll","background-type":"","background-media":"","overlay-type":"","overlay-color":"","overlay-opacity":"","overlay-gradient":""}}},"product_brand":[],"product_cat":[41,30,28],"product_tag":[],"class_list":{"0":"post-1238","1":"product","2":"type-product","3":"status-publish","4":"has-post-thumbnail","6":"product_cat-bukowski","7":"product_cat-ours","8":"product_cat-peluches","9":"product_shipping_class-peluches-grande-taille","10":"desktop-align-center","11":"tablet-align-left","12":"mobile-align-left","14":"first","15":"instock","16":"shipping-taxable","17":"purchasable","18":"product-type-simple"},"yoast_head":"<!-- This site is optimized with the Yoast SEO plugin v27.3 - https:\/\/yoast.com\/product\/yoast-seo-wordpress\/ -->\n<title>Peluche Panda Bukowski JIE JIE Grand Mod\u00e8le (40 cm) | Vente en ligne<\/title>\n<meta name=\"description\" content=\"Vous \u00eates \u00e0 la recherche d&#039;une peluche panda ? D\u00e9couvrez sur notre site la peluche Panda Jie Jie de chez Bukowski ! Vous allez l&#039;adorer !\" \/>\n<meta name=\"robots\" content=\"index, follow, max-snippet:-1, max-image-preview:large, max-video-preview:-1\" \/>\n<link rel=\"canonical\" href=\"https:\/\/marielleaupaysdesours.fr\/index.php\/product\/peluche-jie-jie-panda-bukowski\/\" \/>\n<meta property=\"og:locale\" content=\"fr_FR\" \/>\n<meta property=\"og:type\" content=\"article\" \/>\n<meta property=\"og:title\" content=\"Peluche Panda Bukowski JIE JIE Grand Mod\u00e8le (40 cm) | Vente en ligne\" \/>\n<meta property=\"og:description\" content=\"Vous \u00eates \u00e0 la recherche d&#039;une peluche panda ? D\u00e9couvrez sur notre site la peluche Panda Jie Jie de chez Bukowski ! Vous allez l&#039;adorer !\" \/>\n<meta property=\"og:url\" content=\"https:\/\/marielleaupaysdesours.fr\/index.php\/product\/peluche-jie-jie-panda-bukowski\/\" \/>\n<meta property=\"og:site_name\" content=\"Marielle au Pays des Ours | Vente en ligne de peluches\" \/>\n<meta property=\"article:modified_time\" content=\"2025-12-05T20:15:04+00:00\" \/>\n<meta property=\"og:image\" content=\"https:\/\/marielleaupaysdesours.fr\/wp-content\/uploads\/2020\/10\/panda_jie_jie_40_cm.jpeg\" \/>\n\t<meta property=\"og:image:width\" content=\"940\" \/>\n\t<meta property=\"og:image:height\" content=\"1248\" \/>\n\t<meta property=\"og:image:type\" content=\"image\/jpeg\" \/>\n<meta name=\"twitter:card\" content=\"summary_large_image\" \/>\n<meta name=\"twitter:label1\" content=\"Dur\u00e9e de lecture estim\u00e9e\" \/>\n\t<meta name=\"twitter:data1\" content=\"1 minute\" \/>\n<script type=\"application\/ld+json\" class=\"yoast-schema-graph\">{\"@context\":\"https:\\\/\\\/schema.org\",\"@graph\":[{\"@type\":\"WebPage\",\"@id\":\"https:\\\/\\\/marielleaupaysdesours.fr\\\/index.php\\\/product\\\/peluche-jie-jie-panda-bukowski\\\/\",\"url\":\"https:\\\/\\\/marielleaupaysdesours.fr\\\/index.php\\\/product\\\/peluche-jie-jie-panda-bukowski\\\/\",\"name\":\"Peluche Panda Bukowski JIE JIE Grand Mod\u00e8le (40 cm) | Vente en ligne\",\"isPartOf\":{\"@id\":\"https:\\\/\\\/marielleaupaysdesours.fr\\\/#website\"},\"primaryImageOfPage\":{\"@id\":\"https:\\\/\\\/marielleaupaysdesours.fr\\\/index.php\\\/product\\\/peluche-jie-jie-panda-bukowski\\\/#primaryimage\"},\"image\":{\"@id\":\"https:\\\/\\\/marielleaupaysdesours.fr\\\/index.php\\\/product\\\/peluche-jie-jie-panda-bukowski\\\/#primaryimage\"},\"thumbnailUrl\":\"https:\\\/\\\/marielleaupaysdesours.fr\\\/wp-content\\\/uploads\\\/2020\\\/10\\\/panda_jie_jie_40_cm.jpeg\",\"datePublished\":\"2020-10-07T17:38:20+00:00\",\"dateModified\":\"2025-12-05T20:15:04+00:00\",\"description\":\"Vous \u00eates \u00e0 la recherche d'une peluche panda ? D\u00e9couvrez sur notre site la peluche Panda Jie Jie de chez Bukowski ! Vous allez l'adorer !\",\"breadcrumb\":{\"@id\":\"https:\\\/\\\/marielleaupaysdesours.fr\\\/index.php\\\/product\\\/peluche-jie-jie-panda-bukowski\\\/#breadcrumb\"},\"inLanguage\":\"fr-FR\",\"potentialAction\":[{\"@type\":\"ReadAction\",\"target\":[\"https:\\\/\\\/marielleaupaysdesours.fr\\\/index.php\\\/product\\\/peluche-jie-jie-panda-bukowski\\\/\"]}]},{\"@type\":\"ImageObject\",\"inLanguage\":\"fr-FR\",\"@id\":\"https:\\\/\\\/marielleaupaysdesours.fr\\\/index.php\\\/product\\\/peluche-jie-jie-panda-bukowski\\\/#primaryimage\",\"url\":\"https:\\\/\\\/marielleaupaysdesours.fr\\\/wp-content\\\/uploads\\\/2020\\\/10\\\/panda_jie_jie_40_cm.jpeg\",\"contentUrl\":\"https:\\\/\\\/marielleaupaysdesours.fr\\\/wp-content\\\/uploads\\\/2020\\\/10\\\/panda_jie_jie_40_cm.jpeg\",\"width\":940,\"height\":1248,\"caption\":\"peluche Panda Bukowski JIE Jie Marielle au pays des Ours\"},{\"@type\":\"BreadcrumbList\",\"@id\":\"https:\\\/\\\/marielleaupaysdesours.fr\\\/index.php\\\/product\\\/peluche-jie-jie-panda-bukowski\\\/#breadcrumb\",\"itemListElement\":[{\"@type\":\"ListItem\",\"position\":1,\"name\":\"Accueil\",\"item\":\"https:\\\/\\\/marielleaupaysdesours.fr\\\/\"},{\"@type\":\"ListItem\",\"position\":2,\"name\":\"Shop\",\"item\":\"https:\\\/\\\/marielleaupaysdesours.fr\\\/index.php\\\/shop\\\/\"},{\"@type\":\"ListItem\",\"position\":3,\"name\":\"PELUCHE JIE JIE PANDA 40 CM BUKOWSKI\"}]},{\"@type\":\"WebSite\",\"@id\":\"https:\\\/\\\/marielleaupaysdesours.fr\\\/#website\",\"url\":\"https:\\\/\\\/marielleaupaysdesours.fr\\\/\",\"name\":\"Marielle au Pays des Ours | Vente en ligne de peluches\",\"description\":\"vente en ligne de peluches\",\"publisher\":{\"@id\":\"https:\\\/\\\/marielleaupaysdesours.fr\\\/#organization\"},\"potentialAction\":[{\"@type\":\"SearchAction\",\"target\":{\"@type\":\"EntryPoint\",\"urlTemplate\":\"https:\\\/\\\/marielleaupaysdesours.fr\\\/?s={search_term_string}\"},\"query-input\":{\"@type\":\"PropertyValueSpecification\",\"valueRequired\":true,\"valueName\":\"search_term_string\"}}],\"inLanguage\":\"fr-FR\"},{\"@type\":\"Organization\",\"@id\":\"https:\\\/\\\/marielleaupaysdesours.fr\\\/#organization\",\"name\":\"Marielle au Pays des Ours | Vente en ligne de peluches\",\"url\":\"https:\\\/\\\/marielleaupaysdesours.fr\\\/\",\"logo\":{\"@type\":\"ImageObject\",\"inLanguage\":\"fr-FR\",\"@id\":\"https:\\\/\\\/marielleaupaysdesours.fr\\\/#\\\/schema\\\/logo\\\/image\\\/\",\"url\":\"https:\\\/\\\/marielleaupaysdesours.fr\\\/wp-content\\\/uploads\\\/2020\\\/10\\\/logo-marielle-light.jpg\",\"contentUrl\":\"https:\\\/\\\/marielleaupaysdesours.fr\\\/wp-content\\\/uploads\\\/2020\\\/10\\\/logo-marielle-light.jpg\",\"width\":500,\"height\":500,\"caption\":\"Marielle au Pays des Ours | Vente en ligne de peluches\"},\"image\":{\"@id\":\"https:\\\/\\\/marielleaupaysdesours.fr\\\/#\\\/schema\\\/logo\\\/image\\\/\"}}]}<\/script>\n<!-- \/ Yoast SEO plugin. -->","yoast_head_json":{"title":"Peluche Panda Bukowski JIE JIE Grand Mod\u00e8le (40 cm) | Vente en ligne","description":"Vous \u00eates \u00e0 la recherche d'une peluche panda ? D\u00e9couvrez sur notre site la peluche Panda Jie Jie de chez Bukowski ! Vous allez l'adorer !","robots":{"index":"index","follow":"follow","max-snippet":"max-snippet:-1","max-image-preview":"max-image-preview:large","max-video-preview":"max-video-preview:-1"},"canonical":"https:\/\/marielleaupaysdesours.fr\/index.php\/product\/peluche-jie-jie-panda-bukowski\/","og_locale":"fr_FR","og_type":"article","og_title":"Peluche Panda Bukowski JIE JIE Grand Mod\u00e8le (40 cm) | Vente en ligne","og_description":"Vous \u00eates \u00e0 la recherche d'une peluche panda ? D\u00e9couvrez sur notre site la peluche Panda Jie Jie de chez Bukowski ! Vous allez l'adorer !","og_url":"https:\/\/marielleaupaysdesours.fr\/index.php\/product\/peluche-jie-jie-panda-bukowski\/","og_site_name":"Marielle au Pays des Ours | Vente en ligne de peluches","article_modified_time":"2025-12-05T20:15:04+00:00","og_image":[{"width":940,"height":1248,"url":"https:\/\/marielleaupaysdesours.fr\/wp-content\/uploads\/2020\/10\/panda_jie_jie_40_cm.jpeg","type":"image\/jpeg"}],"twitter_card":"summary_large_image","twitter_misc":{"Dur\u00e9e de lecture estim\u00e9e":"1 minute"},"schema":{"@context":"https:\/\/schema.org","@graph":[{"@type":"WebPage","@id":"https:\/\/marielleaupaysdesours.fr\/index.php\/product\/peluche-jie-jie-panda-bukowski\/","url":"https:\/\/marielleaupaysdesours.fr\/index.php\/product\/peluche-jie-jie-panda-bukowski\/","name":"Peluche Panda Bukowski JIE JIE Grand Mod\u00e8le (40 cm) | Vente en ligne","isPartOf":{"@id":"https:\/\/marielleaupaysdesours.fr\/#website"},"primaryImageOfPage":{"@id":"https:\/\/marielleaupaysdesours.fr\/index.php\/product\/peluche-jie-jie-panda-bukowski\/#primaryimage"},"image":{"@id":"https:\/\/marielleaupaysdesours.fr\/index.php\/product\/peluche-jie-jie-panda-bukowski\/#primaryimage"},"thumbnailUrl":"https:\/\/marielleaupaysdesours.fr\/wp-content\/uploads\/2020\/10\/panda_jie_jie_40_cm.jpeg","datePublished":"2020-10-07T17:38:20+00:00","dateModified":"2025-12-05T20:15:04+00:00","description":"Vous \u00eates \u00e0 la recherche d'une peluche panda ? D\u00e9couvrez sur notre site la peluche Panda Jie Jie de chez Bukowski ! Vous allez l'adorer !","breadcrumb":{"@id":"https:\/\/marielleaupaysdesours.fr\/index.php\/product\/peluche-jie-jie-panda-bukowski\/#breadcrumb"},"inLanguage":"fr-FR","potentialAction":[{"@type":"ReadAction","target":["https:\/\/marielleaupaysdesours.fr\/index.php\/product\/peluche-jie-jie-panda-bukowski\/"]}]},{"@type":"ImageObject","inLanguage":"fr-FR","@id":"https:\/\/marielleaupaysdesours.fr\/index.php\/product\/peluche-jie-jie-panda-bukowski\/#primaryimage","url":"https:\/\/marielleaupaysdesours.fr\/wp-content\/uploads\/2020\/10\/panda_jie_jie_40_cm.jpeg","contentUrl":"https:\/\/marielleaupaysdesours.fr\/wp-content\/uploads\/2020\/10\/panda_jie_jie_40_cm.jpeg","width":940,"height":1248,"caption":"peluche Panda Bukowski JIE Jie Marielle au pays des Ours"},{"@type":"BreadcrumbList","@id":"https:\/\/marielleaupaysdesours.fr\/index.php\/product\/peluche-jie-jie-panda-bukowski\/#breadcrumb","itemListElement":[{"@type":"ListItem","position":1,"name":"Accueil","item":"https:\/\/marielleaupaysdesours.fr\/"},{"@type":"ListItem","position":2,"name":"Shop","item":"https:\/\/marielleaupaysdesours.fr\/index.php\/shop\/"},{"@type":"ListItem","position":3,"name":"PELUCHE JIE JIE PANDA 40 CM BUKOWSKI"}]},{"@type":"WebSite","@id":"https:\/\/marielleaupaysdesours.fr\/#website","url":"https:\/\/marielleaupaysdesours.fr\/","name":"Marielle au Pays des Ours | Vente en ligne de peluches","description":"vente en ligne de peluches","publisher":{"@id":"https:\/\/marielleaupaysdesours.fr\/#organization"},"potentialAction":[{"@type":"SearchAction","target":{"@type":"EntryPoint","urlTemplate":"https:\/\/marielleaupaysdesours.fr\/?s={search_term_string}"},"query-input":{"@type":"PropertyValueSpecification","valueRequired":true,"valueName":"search_term_string"}}],"inLanguage":"fr-FR"},{"@type":"Organization","@id":"https:\/\/marielleaupaysdesours.fr\/#organization","name":"Marielle au Pays des Ours | Vente en ligne de peluches","url":"https:\/\/marielleaupaysdesours.fr\/","logo":{"@type":"ImageObject","inLanguage":"fr-FR","@id":"https:\/\/marielleaupaysdesours.fr\/#\/schema\/logo\/image\/","url":"https:\/\/marielleaupaysdesours.fr\/wp-content\/uploads\/2020\/10\/logo-marielle-light.jpg","contentUrl":"https:\/\/marielleaupaysdesours.fr\/wp-content\/uploads\/2020\/10\/logo-marielle-light.jpg","width":500,"height":500,"caption":"Marielle au Pays des Ours | Vente en ligne de peluches"},"image":{"@id":"https:\/\/marielleaupaysdesours.fr\/#\/schema\/logo\/image\/"}}]}},"jetpack_sharing_enabled":true,"_links":{"self":[{"href":"https:\/\/marielleaupaysdesours.fr\/index.php\/wp-json\/wp\/v2\/product\/1238","targetHints":{"allow":["GET"]}}],"collection":[{"href":"https:\/\/marielleaupaysdesours.fr\/index.php\/wp-json\/wp\/v2\/product"}],"about":[{"href":"https:\/\/marielleaupaysdesours.fr\/index.php\/wp-json\/wp\/v2\/types\/product"}],"replies":[{"embeddable":true,"href":"https:\/\/marielleaupaysdesours.fr\/index.php\/wp-json\/wp\/v2\/comments?post=1238"}],"version-history":[{"count":8,"href":"https:\/\/marielleaupaysdesours.fr\/index.php\/wp-json\/wp\/v2\/product\/1238\/revisions"}],"predecessor-version":[{"id":3916,"href":"https:\/\/marielleaupaysdesours.fr\/index.php\/wp-json\/wp\/v2\/product\/1238\/revisions\/3916"}],"wp:featuredmedia":[{"embeddable":true,"href":"https:\/\/marielleaupaysdesours.fr\/index.php\/wp-json\/wp\/v2\/media\/2362"}],"wp:attachment":[{"href":"https:\/\/marielleaupaysdesours.fr\/index.php\/wp-json\/wp\/v2\/media?parent=1238"}],"wp:term":[{"taxonomy":"product_brand","embeddable":true,"href":"https:\/\/marielleaupaysdesours.fr\/index.php\/wp-json\/wp\/v2\/product_brand?post=1238"},{"taxonomy":"product_cat","embeddable":true,"href":"https:\/\/marielleaupaysdesours.fr\/index.php\/wp-json\/wp\/v2\/product_cat?post=1238"},{"taxonomy":"product_tag","embeddable":true,"href":"https:\/\/marielleaupaysdesours.fr\/index.php\/wp-json\/wp\/v2\/product_tag?post=1238"}],"curies":[{"name":"wp","href":"https:\/\/api.w.org\/{rel}","templated":true}]}}